{"id":2707,"date":"2025-08-11T15:03:42","date_gmt":"2025-08-11T13:03:42","guid":{"rendered":"https:\/\/netzwerkrecherche.org\/helpline\/?page_id=2707"},"modified":"2025-12-12T16:41:01","modified_gmt":"2025-12-12T15:41:01","slug":"faq","status":"publish","type":"page","link":"https:\/\/netzwerkrecherche.org\/helpline\/faq\/","title":{"rendered":"FAQ"},"content":{"rendered":"\n<h1>\n\t\t\tFAQ\t<\/h1>\n\t\t\t\t\t<a href=\"#\"  id=\"fl-accordion--label-0\" tabindex=\"0\" aria-controls=\"fl-accordion--panel-0\">F\u00fcr wen ist die Helpline gedacht?<\/a>\n\t\t\t\t\t\t\t\t\t\t\t<a href=\"#\" id=\"fl-accordion--icon-0\"  tabindex=\"0\"><i title=\"Expand\">Expand<\/i><\/a>\n\t\t\t\t\t<p>Die Helpline ist f\u00fcr alle Journalist:innen da &#8211; egal ob fest oder frei. Auch Kameraleute, Cutter:innen, Tontechniker:innen und alle, die an der Produktion journalistischer Inhalte beteiligt sind, k\u00f6nnen sich melden.<\/p>\n\t\t\t\t\t<a href=\"#\"  id=\"fl-accordion--label-1\" tabindex=\"0\" aria-controls=\"fl-accordion--panel-1\">Muss ich Mitglied bei Netzwerk Recherche sein, um anrufen zu d\u00fcrfen?<\/a>\n\t\t\t\t\t\t\t\t\t\t\t<a href=\"#\" id=\"fl-accordion--icon-1\"  tabindex=\"0\"><i title=\"Expand\">Expand<\/i><\/a>\n\t\t\t\t\t<p>Nein. Jede:r Journalist:in kann uns anrufen.<\/p>\n\t\t\t\t\t<a href=\"#\"  id=\"fl-accordion--label-2\" tabindex=\"0\" aria-controls=\"fl-accordion--panel-2\">Mit welchen Themen kann ich mich bei der Helpline melden?<\/a>\n\t\t\t\t\t\t\t\t\t\t\t<a href=\"#\" id=\"fl-accordion--icon-2\"  tabindex=\"0\"><i title=\"Expand\">Expand<\/i><\/a>\n\t\t\t\t\t<p>Du kannst mit uns \u00fcber alles reden, was dich bedr\u00fcckt, verunsichert oder stresst. Man muss kein:e Kriegsreporter:in sein, um psychisch belastende Situationen in unserem Job zu erleben. Ungl\u00fccke, Verkehrsunf\u00e4lle, Verbrechen, \u00fcber die wir berichten, k\u00f6nnen uns nahegehen. Genauso die nicht endende Flut schrecklicher Bilder am Fotodesk. Auch intensive Recherchen zu heiklen Themen lassen uns nicht kalt. Gleiches gilt f\u00fcr \u00c4rger mit Kolleg:innen oder Vorgesetzten, hohe Arbeitsbelastung, \u00dcbergriffe auf Demonstrationen, permanenter Rechtfertigungsdruck im Privaten, Zukunftssorgen, prek\u00e4re Arbeitsverh\u00e4ltnisse und, und, und&#8230; Jedes Thema ist wichtig! Wir nehmen dich und deine Sorgen ernst.<\/p>\n\t\t\t\t\t<a href=\"#\"  id=\"fl-accordion--label-3\" tabindex=\"0\" aria-controls=\"fl-accordion--panel-3\">Anderen geht es bestimmt viel schlechter als mir. Nehme ich denen mit meinem Anruf nicht die Chance auf Hilfe?<\/a>\n\t\t\t\t\t\t\t\t\t\t\t<a href=\"#\" id=\"fl-accordion--icon-3\"  tabindex=\"0\"><i title=\"Expand\">Expand<\/i><\/a>\n\t\t\t\t\t<p>Nein! Wenn dich etwas belastet, ruf uns an. Dein Anliegen ist genauso wichtig wie das aller anderen. Wir haben in den Sprechzeiten ausreichend Kapazit\u00e4ten, um alle Anrufe entgegenzunehmen.<\/p>\n\t\t\t\t\t<a href=\"#\"  id=\"fl-accordion--label-4\" tabindex=\"0\" aria-controls=\"fl-accordion--panel-4\">Welche Expertise haben die Mitarbeitenden der Helpline?<\/a>\n\t\t\t\t\t\t\t\t\t\t\t<a href=\"#\" id=\"fl-accordion--icon-4\"  tabindex=\"0\"><i title=\"Expand\">Expand<\/i><\/a>\n\t\t\t\t\t<p>Bei der Helpline arbeiten speziell geschulte Journalist:innen, die das, was dich belastet, aus eigener Erfahrung kennen oder zumindest nachvollziehen k\u00f6nnen. Das Konzept von Peer-Support setzt auf kollegiale Beratung auf Augenh\u00f6he und ist in anderen Berufsgruppen (z. B. Polizei und Rettungskr\u00e4fte) weit verbreitet. Unsere Peer-Supporter wurden von einer psychologischen Psychotherapeutin auf ihren Einsatz vorbereitet und in aktivem Zuh\u00f6ren und Psychologischer Erste Hilfe trainiert. Sie diagnostizieren nicht und therapieren auch nicht. Sie sind keine Psycholog*innen. Aber sie h\u00f6ren zu und k\u00f6nnen bei Bedarf gemeinsam mit dir L\u00f6sungswege f\u00fcr dein Problem suchen.<\/p>\n\t\t\t\t\t<a href=\"#\"  id=\"fl-accordion--label-5\" tabindex=\"0\" aria-controls=\"fl-accordion--panel-5\">Ich brauche professionelle psychologische Betreuung. K\u00f6nnt ihr mir einen Therapieplatz vermitteln?<\/a>\n\t\t\t\t\t\t\t\t\t\t\t<a href=\"#\" id=\"fl-accordion--icon-5\"  tabindex=\"0\"><i title=\"Expand\">Expand<\/i><\/a>\n\t\t\t\t\t<p>Die Helpline ist kein Therapieersatz und kann auch keine Therapiepl\u00e4tze vermitteln. Wir unterst\u00fctzen sich aber so gut wir k\u00f6nnen bei der Suche nach psychologischer Hilfe.<\/p>\n\t\t\t\t\t<a href=\"#\"  id=\"fl-accordion--label-6\" tabindex=\"0\" aria-controls=\"fl-accordion--panel-6\">Ich habe Angst, dass ich erkannt werde und nicht anonym bleibe.<\/a>\n\t\t\t\t\t\t\t\t\t\t\t<a href=\"#\" id=\"fl-accordion--icon-6\"  tabindex=\"0\"><i title=\"Expand\">Expand<\/i><\/a>\n\t\t\t\t\t<p>Diese Bef\u00fcrchtung teilen viele Journalist:innen. Denn noch sind psychische Probleme in der Gesellschaft, aber vor allem in unserer Branche, mit Stigmatisierung verbunden. Aus unserer Sicht ist die Sorge um deine Anonymit\u00e4t unbegr\u00fcndet. Es gibt zwischen 20.000 und 30.000 Journalist:innen in Deutschland. Bei der Helpline arbeitet rund ein Dutzend Peer-Supporter. Die Chance, erkannt zu werden, ist daher gering. Dar\u00fcber hinaus haben sich alle Peer-Supporter zur absoluten Verschwiegenheit verpflichtet. Dein Fall dringt also nicht nach au\u00dfen.<\/p>\n\t\t\t\t\t<a href=\"#\"  id=\"fl-accordion--label-7\" tabindex=\"0\" aria-controls=\"fl-accordion--panel-7\">Ich f\u00fchle mich nicht wohl, am Telefon mit einer fremden Person \u00fcber solche Themen zu sprechen.<\/a>\n\t\t\t\t\t\t\t\t\t\t\t<a href=\"#\" id=\"fl-accordion--icon-7\"  tabindex=\"0\"><i title=\"Expand\">Expand<\/i><\/a>\n\t\t\t\t\t<p>Das ist nachvollziehbar, weil unsere Branche noch nicht verstanden hat, dass seelische Verletzungen in unserem anspruchsvollen Beruf genauso passieren k\u00f6nnen wie ein verknackster Kn\u00f6chel auf dem Weg zur Pressekonferenz. Du kannst uns auch erstmal eine <a href=\"mailto:helpline@nrch.de\">E-Mail<\/a> schreiben und dir den Kummer sprichw\u00f6rtlich von der Seele schreiben. Wenn du dann im weiteren Austausch merkst, dass dir ein Gespr\u00e4ch gut tun w\u00fcrde und du Vertrauen zu uns gefasst hast, kannst du uns ja immer noch anrufen.<\/p>\n\t\t\t\t\t<a href=\"#\"  id=\"fl-accordion--label-8\" tabindex=\"0\" aria-controls=\"fl-accordion--panel-8\">Unser Team br\u00e4uchte kollektiv Hilfe. Habt dir daf\u00fcr auch ein Angebot?<\/a>\n\t\t\t\t\t\t\t\t\t\t\t<a href=\"#\" id=\"fl-accordion--icon-8\"  tabindex=\"0\"><i title=\"Expand\">Expand<\/i><\/a>\n\t\t\t\t\t<p>Ja, wir bieten <a href=\"https:\/\/netzwerkrecherche.org\/helpline\/homepage-2-2\/workshops\/\">Workshops<\/a> f\u00fcr Redaktionen an, in denen wir mit der Belegschaft z. B. \u00fcber Selbstf\u00fcrsorge, kollegiale Unterst\u00fctzung oder Burnout-Pr\u00e4vention sprechen und \u00dcbungen dazu machen. Bei Interesse kannst du dich gerne bei uns melden.<\/p>\n\t\t\t\t\t<a href=\"#\"  id=\"fl-accordion--label-9\" tabindex=\"0\" aria-controls=\"fl-accordion--panel-9\">Wie finanziert sich die Helpline?<\/a>\n\t\t\t\t\t\t\t\t\t\t\t<a href=\"#\" id=\"fl-accordion--icon-9\"  tabindex=\"0\"><i title=\"Expand\">Expand<\/i><\/a>\n\t\t\t\t\t<p>Die Helpline konnte 2023 dank der finanziellen Unterst\u00fctzung von S\u00fcddeutscher Zeitung, Spiegel, Friedrich-Ebert-Stiftung, BDZV und DJV den Betrieb aufnehmen. 2024 erhielt die Helpline zus\u00e4tzlich eine rund zweij\u00e4hrige Projektf\u00f6rderung der Bundesregierung und konnte weitere Unterst\u00fctzer gewinnen. Aktuell sind wir auf Suche nach weiteren F\u00f6rderern.<\/p>\n\t\t<a href=\"mailto:helpline@nrch.de\">Noch Fragen? Schreib uns!<\/a>\n\t<h2>Die Helpline wirkt!<\/h2>\n<p><em>\u201eVielen herzlichen Dank, das Gespr\u00e4ch mit der Kollegin war sehr hilfreich. Sie hat mir sehr kompetent auch neue Perspektiven aufgezeigt, \u00fcber die ich noch gar nicht nachgedacht hatte. Ich habe mich insgesamt ernst genommen, ermutigt und best\u00e4rkt gef\u00fchlt.&#8220;<\/em><\/p>\n<p><strong>Feedback nach einem Anruf<\/strong><\/p>\n<h2>\n\t\t\tUnsere F\u00f6rderer\t<\/h2>\n\t\t\t\t<a href=\"http:\/\/www.kulturstaatsminister.de\"  target=\"_blank\" rel=\"noopener\"  itemprop=\"url\">\n\t\t\t\t<img decoding=\"async\" src=\"https:\/\/netzwerkrecherche.org\/helpline\/wp-content\/uploads\/sites\/16\/2025\/08\/20.png\" alt=\"20\" itemprop=\"image\" height=\"681\" width=\"1000\" title=\"20\" onerror=\"this.style.display='none'\" loading=\"lazy\" \/>\n\t\t\t\t<\/a>\n\t\t\t\t<img decoding=\"async\" src=\"https:\/\/netzwerkrecherche.org\/helpline\/wp-content\/uploads\/sites\/16\/2025\/08\/2.png\" alt=\"Der Spiegel unterst\u00fctzt die Helpline\" itemprop=\"image\" height=\"681\" width=\"1000\" title=\"Der Spiegel unterst\u00fctzt die Helpline\" onerror=\"this.style.display='none'\" loading=\"lazy\" \/>\n\t\t\t\t<img decoding=\"async\" src=\"https:\/\/netzwerkrecherche.org\/helpline\/wp-content\/uploads\/sites\/16\/2025\/08\/Partner-und-Foerderer-NR25.png\" alt=\"Die S\u00fcddeutsche Zeitung unterst\u00fctzt die Helpline\" itemprop=\"image\" height=\"681\" width=\"1000\" title=\"Die S\u00fcddeutsche Zeitung unterst\u00fctzt die Helpline\" onerror=\"this.style.display='none'\" loading=\"lazy\" \/>\n\t\t\t\t<img decoding=\"async\" src=\"https:\/\/netzwerkrecherche.org\/helpline\/wp-content\/uploads\/sites\/16\/2025\/08\/22.png\" alt=\"22\" itemprop=\"image\" height=\"681\" width=\"1000\" title=\"22\" onerror=\"this.style.display='none'\" loading=\"lazy\" \/>\n\t\t\t\t<img decoding=\"async\" src=\"https:\/\/netzwerkrecherche.org\/helpline\/wp-content\/uploads\/sites\/16\/2025\/08\/15.png\" alt=\"Der DJV unterst\u00fctzt die Helpline\" itemprop=\"image\" height=\"681\" width=\"1000\" title=\"Der DJV unterst\u00fctzt die Helpline\" onerror=\"this.style.display='none'\" loading=\"lazy\" \/>\n\t\t\t\t<img decoding=\"async\" src=\"https:\/\/netzwerkrecherche.org\/helpline\/wp-content\/uploads\/sites\/16\/2025\/08\/12.png\" alt=\"Die Friedrich Ebert Stiftung unterst\u00fctzt die Helpline\" itemprop=\"image\" height=\"681\" width=\"1000\" title=\"Die Friedrich Ebert Stiftung unterst\u00fctzt die Helpline\" onerror=\"this.style.display='none'\" loading=\"lazy\" \/>\n\t\t\t\t<img decoding=\"async\" src=\"https:\/\/netzwerkrecherche.org\/helpline\/wp-content\/uploads\/sites\/16\/2025\/08\/24.png\" alt=\"Die Presse Stiftung Baden-W\u00fcrttemberg unterst\u00fctzt die Helpline\" itemprop=\"image\" height=\"681\" width=\"1000\" title=\"Die Presse Stiftung Baden-W\u00fcrttemberg unterst\u00fctzt die Helpline\" onerror=\"this.style.display='none'\" loading=\"lazy\" \/>\n\t\t\t\t<img decoding=\"async\" src=\"https:\/\/netzwerkrecherche.org\/helpline\/wp-content\/uploads\/sites\/16\/2025\/08\/23.png\" alt=\"23\" itemprop=\"image\" height=\"681\" width=\"1000\" title=\"23\" onerror=\"this.style.display='none'\" loading=\"lazy\" \/>\n\t\t\t\t<img decoding=\"async\" src=\"https:\/\/netzwerkrecherche.org\/helpline\/wp-content\/uploads\/sites\/16\/2025\/08\/dart.png\" alt=\"Dart Centre Europe unterst\u00fctzt die Helpline\" itemprop=\"image\" height=\"681\" width=\"1000\" title=\"Dart Centre Europe unterst\u00fctzt die Helpline\" onerror=\"this.style.display='none'\" loading=\"lazy\" \/>\n<h2>\n\t\t\tUnterst\u00fctzt durch\t<\/h2>\n\t\t\t\t<img decoding=\"async\" src=\"https:\/\/netzwerkrecherche.org\/helpline\/wp-content\/uploads\/sites\/16\/2025\/08\/26.png\" alt=\"Die LMU unterst\u00fctzt die Helpline\" itemprop=\"image\" height=\"681\" width=\"1000\" title=\"Die LMU unterst\u00fctzt die Helpline\" onerror=\"this.style.display='none'\" loading=\"lazy\" \/>\n\t\t\t\t<img decoding=\"async\" src=\"https:\/\/netzwerkrecherche.org\/helpline\/wp-content\/uploads\/sites\/16\/2025\/08\/25.png\" alt=\"Das ifp unterst\u00fctzt die Helpline\" itemprop=\"image\" height=\"681\" width=\"1000\" title=\"Das ifp unterst\u00fctzt die Helpline\" onerror=\"this.style.display='none'\" loading=\"lazy\" \/>\n\t\t\t\t<img decoding=\"async\" src=\"https:\/\/netzwerkrecherche.org\/helpline\/wp-content\/uploads\/sites\/16\/2025\/08\/27.png\" alt=\"Der VBRG unterst\u00fctzt die Helpline\" itemprop=\"image\" height=\"681\" width=\"1000\" title=\"Der VBRG unterst\u00fctzt die Helpline\" onerror=\"this.style.display='none'\" loading=\"lazy\" \/>\n\t\t\t\t<img decoding=\"async\" src=\"https:\/\/netzwerkrecherche.org\/helpline\/wp-content\/uploads\/sites\/16\/2025\/08\/10.png\" alt=\"Die Freischreiber unterst\u00fctzen die Helpline\" itemprop=\"image\" height=\"681\" width=\"1000\" title=\"Die Freischreiber unterst\u00fctzen die Helpline\" onerror=\"this.style.display='none'\" loading=\"lazy\" \/>\n\t\t\t\t<img decoding=\"async\" src=\"https:\/\/netzwerkrecherche.org\/helpline\/wp-content\/uploads\/sites\/16\/2023\/03\/Hochschule-Fresesnius-Heidelberg-logo.png\" alt=\"Hochschule Fresesnius Heidelberg logo\" itemprop=\"image\" height=\"985\" width=\"2000\" title=\"Hochschule Fresesnius Heidelberg logo\" onerror=\"this.style.display='none'\" loading=\"lazy\" \/>\n\n","protected":false},"excerpt":{"rendered":"<p>FAQ F\u00fcr wen ist die Helpline gedacht? Expand Die Helpline ist f\u00fcr alle Journalist:innen da &#8211; egal ob fest oder frei. Auch Kameraleute, Cutter:innen, Tontechniker:innen und alle, die an der Produktion journalistischer Inhalte beteiligt sind, k\u00f6nnen sich melden. Muss ich Mitglied bei Netzwerk Recherche sein, um anrufen zu d\u00fcrfen? Expand Nein. Jede:r Journalist:in kann uns [&hellip;]<\/p>\n","protected":false},"author":27,"featured_media":2736,"parent":0,"menu_order":0,"comment_status":"closed","ping_status":"closed","template":"","meta":{"footnotes":""},"class_list":["post-2707","page","type-page","status-publish","has-post-thumbnail","hentry"],"yoast_head":"<!-- This site is optimized with the Yoast SEO plugin v27.3 - https:\/\/yoast.com\/product\/yoast-seo-wordpress\/ -->\n<title>FAQ - Helpline<\/title>\n<meta name=\"description\" content=\"Hilfe bei psychischen Belastungen im Job: Die Helpline unterst\u00fctzt Journalist:innen, die unter Druck, Stress oder Angst leiden 030\/7543 7633\" \/>\n<meta name=\"robots\" content=\"index, follow, max-snippet:-1, max-image-preview:large, max-video-preview:-1\" \/>\n<link rel=\"canonical\" href=\"https:\/\/netzwerkrecherche.org\/helpline\/faq\/\" \/>\n<meta property=\"og:locale\" content=\"de_DE\" \/>\n<meta property=\"og:type\" content=\"article\" \/>\n<meta property=\"og:title\" content=\"FAQ - Helpline\" \/>\n<meta property=\"og:description\" content=\"Hilfe bei psychischen Belastungen im Job: Die Helpline unterst\u00fctzt Journalist:innen, die unter Druck, Stress oder Angst leiden 030\/7543 7633\" \/>\n<meta property=\"og:url\" content=\"https:\/\/netzwerkrecherche.org\/helpline\/faq\/\" \/>\n<meta property=\"og:site_name\" content=\"Helpline\" \/>\n<meta property=\"article:modified_time\" content=\"2025-12-12T15:41:01+00:00\" \/>\n<meta property=\"og:image\" content=\"https:\/\/netzwerkrecherche.org\/helpline\/wp-content\/uploads\/sites\/16\/2025\/08\/Vorschaubild.png\" \/>\n\t<meta property=\"og:image:width\" content=\"1024\" \/>\n\t<meta property=\"og:image:height\" content=\"512\" \/>\n\t<meta property=\"og:image:type\" content=\"image\/png\" \/>\n<meta name=\"twitter:card\" content=\"summary_large_image\" \/>\n<meta name=\"twitter:label1\" content=\"Gesch\u00e4tzte Lesezeit\" \/>\n\t<meta name=\"twitter:data1\" content=\"7\u00a0Minuten\" \/>\n<script type=\"application\/ld+json\" class=\"yoast-schema-graph\">{\"@context\":\"https:\\\/\\\/schema.org\",\"@graph\":[{\"@type\":\"WebPage\",\"@id\":\"https:\\\/\\\/netzwerkrecherche.org\\\/helpline\\\/faq\\\/\",\"url\":\"https:\\\/\\\/netzwerkrecherche.org\\\/helpline\\\/faq\\\/\",\"name\":\"FAQ - Helpline\",\"isPartOf\":{\"@id\":\"https:\\\/\\\/netzwerkrecherche.org\\\/helpline\\\/#website\"},\"primaryImageOfPage\":{\"@id\":\"https:\\\/\\\/netzwerkrecherche.org\\\/helpline\\\/faq\\\/#primaryimage\"},\"image\":{\"@id\":\"https:\\\/\\\/netzwerkrecherche.org\\\/helpline\\\/faq\\\/#primaryimage\"},\"thumbnailUrl\":\"https:\\\/\\\/netzwerkrecherche.org\\\/helpline\\\/wp-content\\\/uploads\\\/sites\\\/16\\\/2025\\\/08\\\/Vorschaubild.png\",\"datePublished\":\"2025-08-11T13:03:42+00:00\",\"dateModified\":\"2025-12-12T15:41:01+00:00\",\"description\":\"Hilfe bei psychischen Belastungen im Job: Die Helpline unterst\u00fctzt Journalist:innen, die unter Druck, Stress oder Angst leiden 030\\\/7543 7633\",\"breadcrumb\":{\"@id\":\"https:\\\/\\\/netzwerkrecherche.org\\\/helpline\\\/faq\\\/#breadcrumb\"},\"inLanguage\":\"de\",\"potentialAction\":[{\"@type\":\"ReadAction\",\"target\":[\"https:\\\/\\\/netzwerkrecherche.org\\\/helpline\\\/faq\\\/\"]}]},{\"@type\":\"ImageObject\",\"inLanguage\":\"de\",\"@id\":\"https:\\\/\\\/netzwerkrecherche.org\\\/helpline\\\/faq\\\/#primaryimage\",\"url\":\"https:\\\/\\\/netzwerkrecherche.org\\\/helpline\\\/wp-content\\\/uploads\\\/sites\\\/16\\\/2025\\\/08\\\/Vorschaubild.png\",\"contentUrl\":\"https:\\\/\\\/netzwerkrecherche.org\\\/helpline\\\/wp-content\\\/uploads\\\/sites\\\/16\\\/2025\\\/08\\\/Vorschaubild.png\",\"width\":1024,\"height\":512,\"caption\":\"Helpline - Mentale Belastungen im Journalismus\"},{\"@type\":\"BreadcrumbList\",\"@id\":\"https:\\\/\\\/netzwerkrecherche.org\\\/helpline\\\/faq\\\/#breadcrumb\",\"itemListElement\":[{\"@type\":\"ListItem\",\"position\":1,\"name\":\"Startseite\",\"item\":\"https:\\\/\\\/netzwerkrecherche.org\\\/helpline\\\/\"},{\"@type\":\"ListItem\",\"position\":2,\"name\":\"FAQ\"}]},{\"@type\":\"WebSite\",\"@id\":\"https:\\\/\\\/netzwerkrecherche.org\\\/helpline\\\/#website\",\"url\":\"https:\\\/\\\/netzwerkrecherche.org\\\/helpline\\\/\",\"name\":\"Helpline\",\"description\":\"Lass uns dar\u00fcber reden!\",\"publisher\":{\"@id\":\"https:\\\/\\\/netzwerkrecherche.org\\\/helpline\\\/#organization\"},\"potentialAction\":[{\"@type\":\"SearchAction\",\"target\":{\"@type\":\"EntryPoint\",\"urlTemplate\":\"https:\\\/\\\/netzwerkrecherche.org\\\/helpline\\\/?s={search_term_string}\"},\"query-input\":{\"@type\":\"PropertyValueSpecification\",\"valueRequired\":true,\"valueName\":\"search_term_string\"}}],\"inLanguage\":\"de\"},{\"@type\":\"Organization\",\"@id\":\"https:\\\/\\\/netzwerkrecherche.org\\\/helpline\\\/#organization\",\"name\":\"Helpline\",\"url\":\"https:\\\/\\\/netzwerkrecherche.org\\\/helpline\\\/\",\"logo\":{\"@type\":\"ImageObject\",\"inLanguage\":\"de\",\"@id\":\"https:\\\/\\\/netzwerkrecherche.org\\\/helpline\\\/#\\\/schema\\\/logo\\\/image\\\/\",\"url\":\"https:\\\/\\\/netzwerkrecherche.org\\\/helpline\\\/wp-content\\\/uploads\\\/sites\\\/16\\\/2024\\\/05\\\/Logo-Helpline_black.png\",\"contentUrl\":\"https:\\\/\\\/netzwerkrecherche.org\\\/helpline\\\/wp-content\\\/uploads\\\/sites\\\/16\\\/2024\\\/05\\\/Logo-Helpline_black.png\",\"width\":800,\"height\":297,\"caption\":\"Helpline\"},\"image\":{\"@id\":\"https:\\\/\\\/netzwerkrecherche.org\\\/helpline\\\/#\\\/schema\\\/logo\\\/image\\\/\"}}]}<\/script>\n<!-- \/ Yoast SEO plugin. -->","yoast_head_json":{"title":"FAQ - Helpline","description":"Hilfe bei psychischen Belastungen im Job: Die Helpline unterst\u00fctzt Journalist:innen, die unter Druck, Stress oder Angst leiden 030\/7543 7633","robots":{"index":"index","follow":"follow","max-snippet":"max-snippet:-1","max-image-preview":"max-image-preview:large","max-video-preview":"max-video-preview:-1"},"canonical":"https:\/\/netzwerkrecherche.org\/helpline\/faq\/","og_locale":"de_DE","og_type":"article","og_title":"FAQ - Helpline","og_description":"Hilfe bei psychischen Belastungen im Job: Die Helpline unterst\u00fctzt Journalist:innen, die unter Druck, Stress oder Angst leiden 030\/7543 7633","og_url":"https:\/\/netzwerkrecherche.org\/helpline\/faq\/","og_site_name":"Helpline","article_modified_time":"2025-12-12T15:41:01+00:00","og_image":[{"width":1024,"height":512,"url":"https:\/\/netzwerkrecherche.org\/helpline\/wp-content\/uploads\/sites\/16\/2025\/08\/Vorschaubild.png","type":"image\/png"}],"twitter_card":"summary_large_image","twitter_misc":{"Gesch\u00e4tzte Lesezeit":"7\u00a0Minuten"},"schema":{"@context":"https:\/\/schema.org","@graph":[{"@type":"WebPage","@id":"https:\/\/netzwerkrecherche.org\/helpline\/faq\/","url":"https:\/\/netzwerkrecherche.org\/helpline\/faq\/","name":"FAQ - Helpline","isPartOf":{"@id":"https:\/\/netzwerkrecherche.org\/helpline\/#website"},"primaryImageOfPage":{"@id":"https:\/\/netzwerkrecherche.org\/helpline\/faq\/#primaryimage"},"image":{"@id":"https:\/\/netzwerkrecherche.org\/helpline\/faq\/#primaryimage"},"thumbnailUrl":"https:\/\/netzwerkrecherche.org\/helpline\/wp-content\/uploads\/sites\/16\/2025\/08\/Vorschaubild.png","datePublished":"2025-08-11T13:03:42+00:00","dateModified":"2025-12-12T15:41:01+00:00","description":"Hilfe bei psychischen Belastungen im Job: Die Helpline unterst\u00fctzt Journalist:innen, die unter Druck, Stress oder Angst leiden 030\/7543 7633","breadcrumb":{"@id":"https:\/\/netzwerkrecherche.org\/helpline\/faq\/#breadcrumb"},"inLanguage":"de","potentialAction":[{"@type":"ReadAction","target":["https:\/\/netzwerkrecherche.org\/helpline\/faq\/"]}]},{"@type":"ImageObject","inLanguage":"de","@id":"https:\/\/netzwerkrecherche.org\/helpline\/faq\/#primaryimage","url":"https:\/\/netzwerkrecherche.org\/helpline\/wp-content\/uploads\/sites\/16\/2025\/08\/Vorschaubild.png","contentUrl":"https:\/\/netzwerkrecherche.org\/helpline\/wp-content\/uploads\/sites\/16\/2025\/08\/Vorschaubild.png","width":1024,"height":512,"caption":"Helpline - Mentale Belastungen im Journalismus"},{"@type":"BreadcrumbList","@id":"https:\/\/netzwerkrecherche.org\/helpline\/faq\/#breadcrumb","itemListElement":[{"@type":"ListItem","position":1,"name":"Startseite","item":"https:\/\/netzwerkrecherche.org\/helpline\/"},{"@type":"ListItem","position":2,"name":"FAQ"}]},{"@type":"WebSite","@id":"https:\/\/netzwerkrecherche.org\/helpline\/#website","url":"https:\/\/netzwerkrecherche.org\/helpline\/","name":"Helpline","description":"Lass uns dar\u00fcber reden!","publisher":{"@id":"https:\/\/netzwerkrecherche.org\/helpline\/#organization"},"potentialAction":[{"@type":"SearchAction","target":{"@type":"EntryPoint","urlTemplate":"https:\/\/netzwerkrecherche.org\/helpline\/?s={search_term_string}"},"query-input":{"@type":"PropertyValueSpecification","valueRequired":true,"valueName":"search_term_string"}}],"inLanguage":"de"},{"@type":"Organization","@id":"https:\/\/netzwerkrecherche.org\/helpline\/#organization","name":"Helpline","url":"https:\/\/netzwerkrecherche.org\/helpline\/","logo":{"@type":"ImageObject","inLanguage":"de","@id":"https:\/\/netzwerkrecherche.org\/helpline\/#\/schema\/logo\/image\/","url":"https:\/\/netzwerkrecherche.org\/helpline\/wp-content\/uploads\/sites\/16\/2024\/05\/Logo-Helpline_black.png","contentUrl":"https:\/\/netzwerkrecherche.org\/helpline\/wp-content\/uploads\/sites\/16\/2024\/05\/Logo-Helpline_black.png","width":800,"height":297,"caption":"Helpline"},"image":{"@id":"https:\/\/netzwerkrecherche.org\/helpline\/#\/schema\/logo\/image\/"}}]}},"_links":{"self":[{"href":"https:\/\/netzwerkrecherche.org\/helpline\/wp-json\/wp\/v2\/pages\/2707","targetHints":{"allow":["GET"]}}],"collection":[{"href":"https:\/\/netzwerkrecherche.org\/helpline\/wp-json\/wp\/v2\/pages"}],"about":[{"href":"https:\/\/netzwerkrecherche.org\/helpline\/wp-json\/wp\/v2\/types\/page"}],"author":[{"embeddable":true,"href":"https:\/\/netzwerkrecherche.org\/helpline\/wp-json\/wp\/v2\/users\/27"}],"replies":[{"embeddable":true,"href":"https:\/\/netzwerkrecherche.org\/helpline\/wp-json\/wp\/v2\/comments?post=2707"}],"version-history":[{"count":11,"href":"https:\/\/netzwerkrecherche.org\/helpline\/wp-json\/wp\/v2\/pages\/2707\/revisions"}],"predecessor-version":[{"id":2895,"href":"https:\/\/netzwerkrecherche.org\/helpline\/wp-json\/wp\/v2\/pages\/2707\/revisions\/2895"}],"wp:featuredmedia":[{"embeddable":true,"href":"https:\/\/netzwerkrecherche.org\/helpline\/wp-json\/wp\/v2\/media\/2736"}],"wp:attachment":[{"href":"https:\/\/netzwerkrecherche.org\/helpline\/wp-json\/wp\/v2\/media?parent=2707"}],"curies":[{"name":"wp","href":"https:\/\/api.w.org\/{rel}","templated":true}]}}