{"id":2881,"date":"2025-12-22T09:47:58","date_gmt":"2025-12-22T08:47:58","guid":{"rendered":"https:\/\/netzwerkrecherche.org\/helpline\/?page_id=2881"},"modified":"2026-03-02T10:27:24","modified_gmt":"2026-03-02T09:27:24","slug":"spenden","status":"publish","type":"page","link":"https:\/\/netzwerkrecherche.org\/helpline\/spenden\/","title":{"rendered":"Spenden"},"content":{"rendered":"\n\n\t<h1>Hilf uns dabei, weiterzumachen!<\/h1>\n<p>Die Helpline hat in zwei Jahren mehr als 100 Journalist:innen geholfen. Damit wir diese wichtige Arbeit fortsetzen k\u00f6nnen, brauchen wir Deine Unterst\u00fctzung.<\/p>\n<script type=\"text\/javascript\">\n\t(function() {\n\t\tvar u=\"https:\/\/spenden.twingle.de\/embed\/genericorganisation\/genericproject\/tw6936cac239ff6\/widget\";\n\t\tvar id = '_' + Math.random().toString(36).substr(2, 9);\n\t\tvar d=document, g=d.createElement('script'), s=d.getElementsByTagName('script')[0];\n\t\tdocument.write('<div id=\"twingle-public-embed-' + id + '\"><\/div>');\n\t\tg.type='text\/javascript'; g.async=true; g.defer=true; g.src=u+'\/'+id; s.parentNode.insertBefore(g,s);\n\t})();\n<\/script>\n\t<p>Da Netzwerk Recherche gemeinn\u00fctzig ist, k\u00f6nnen Spenden in der Einkommensteuererkl\u00e4rung geltend gemacht werden. Mehr Informationen dazu unter: <a title=\"Informationen f\u00fcr Mitglieder und Spender\" href=\"https:\/\/7o6qq.r.sp1-brevo.net\/mk\/cl\/f\/sh\/1f8JIKXwHGar5JAzmjcwlZBreu\/KxtjuaNks-ua\" target=\"_blank\" rel=\"noopener noreferrer\">nrch.de\/infospende<\/a><\/p>\n<figure itemscope itemtype=\"https:\/\/schema.org\/ImageObject\">\n\t\t\t\t<img decoding=\"async\" src=\"https:\/\/netzwerkrecherche.org\/helpline\/wp-content\/uploads\/sites\/16\/2024\/05\/Logo-Helpline_black.png\" alt=\"Logo Helpline\" height=\"297\" width=\"800\" title=\"Logo Helpline\" onerror=\"this.style.display='none'\" loading=\"lazy\" \/>\n\t<\/figure>\n\t<h2>Ruf an. Kostenlos und anonym.<\/h2>\n<p>Weil Reden hilft, kannst Du unsere Mitarbeitenden von <strong>Montag bis Freitag<\/strong> immer von <strong>18-19 Uhr<\/strong> unter <strong>030 &#8211; 7543 7633<\/strong> telefonisch erreichen.<\/p>\n<p>Au\u00dferhalb dieser Zeiten kannst Du uns eine Nachricht auf dem <strong>Anrufbeantworter<\/strong> hinterlassen. Auf Wunsch rufen wir zur\u00fcck. Oder schreib uns eine <a href=\"mailto:helpline@nrch.de\">E-Mail<\/a>.<\/p>\n<p>Du telefonierst nicht gerne? Dann schick uns eine <strong>Nachricht auf Signal <\/strong>(journalisten_helpline.26).<\/p>\n<h2>\n\t\t\tUnsere F\u00f6rderer\t<\/h2>\n<figure itemscope itemtype=\"https:\/\/schema.org\/ImageObject\">\n\t\t\t\t<a href=\"http:\/\/www.kulturstaatsminister.de\"  target=\"_blank\" rel=\"noopener\"  itemprop=\"url\">\n\t\t\t\t<img decoding=\"async\" src=\"https:\/\/netzwerkrecherche.org\/helpline\/wp-content\/uploads\/sites\/16\/2025\/08\/20.png\" alt=\"20\" height=\"681\" width=\"1000\" title=\"20\" onerror=\"this.style.display='none'\" loading=\"lazy\" \/>\n\t\t\t\t<\/a>\n\t<\/figure>\n<figure itemscope itemtype=\"https:\/\/schema.org\/ImageObject\">\n\t\t\t\t<img decoding=\"async\" src=\"https:\/\/netzwerkrecherche.org\/helpline\/wp-content\/uploads\/sites\/16\/2025\/08\/2.png\" alt=\"Der Spiegel unterst\u00fctzt die Helpline\" height=\"681\" width=\"1000\" title=\"Der Spiegel unterst\u00fctzt die Helpline\" onerror=\"this.style.display='none'\" loading=\"lazy\" \/>\n\t<\/figure>\n<figure itemscope itemtype=\"https:\/\/schema.org\/ImageObject\">\n\t\t\t\t<img decoding=\"async\" src=\"https:\/\/netzwerkrecherche.org\/helpline\/wp-content\/uploads\/sites\/16\/2025\/08\/Partner-und-Foerderer-NR25.png\" alt=\"Die S\u00fcddeutsche Zeitung unterst\u00fctzt die Helpline\" height=\"681\" width=\"1000\" title=\"Die S\u00fcddeutsche Zeitung unterst\u00fctzt die Helpline\" onerror=\"this.style.display='none'\" loading=\"lazy\" \/>\n\t<\/figure>\n<figure itemscope itemtype=\"https:\/\/schema.org\/ImageObject\">\n\t\t\t\t<img decoding=\"async\" src=\"https:\/\/netzwerkrecherche.org\/helpline\/wp-content\/uploads\/sites\/16\/2025\/08\/22.png\" alt=\"22\" height=\"681\" width=\"1000\" title=\"22\" onerror=\"this.style.display='none'\" loading=\"lazy\" \/>\n\t<\/figure>\n<figure itemscope itemtype=\"https:\/\/schema.org\/ImageObject\">\n\t\t\t\t<img decoding=\"async\" src=\"https:\/\/netzwerkrecherche.org\/helpline\/wp-content\/uploads\/sites\/16\/2025\/08\/15.png\" alt=\"Der DJV unterst\u00fctzt die Helpline\" height=\"681\" width=\"1000\" title=\"Der DJV unterst\u00fctzt die Helpline\" onerror=\"this.style.display='none'\" loading=\"lazy\" \/>\n\t<\/figure>\n<figure itemscope itemtype=\"https:\/\/schema.org\/ImageObject\">\n\t\t\t\t<img decoding=\"async\" src=\"https:\/\/netzwerkrecherche.org\/helpline\/wp-content\/uploads\/sites\/16\/2025\/08\/12.png\" alt=\"Die Friedrich Ebert Stiftung unterst\u00fctzt die Helpline\" height=\"681\" width=\"1000\" title=\"Die Friedrich Ebert Stiftung unterst\u00fctzt die Helpline\" onerror=\"this.style.display='none'\" loading=\"lazy\" \/>\n\t<\/figure>\n<figure itemscope itemtype=\"https:\/\/schema.org\/ImageObject\">\n\t\t\t\t<img decoding=\"async\" src=\"https:\/\/netzwerkrecherche.org\/helpline\/wp-content\/uploads\/sites\/16\/2025\/08\/24.png\" alt=\"Die Presse Stiftung Baden-W\u00fcrttemberg unterst\u00fctzt die Helpline\" height=\"681\" width=\"1000\" title=\"Die Presse Stiftung Baden-W\u00fcrttemberg unterst\u00fctzt die Helpline\" onerror=\"this.style.display='none'\" loading=\"lazy\" \/>\n\t<\/figure>\n<figure itemscope itemtype=\"https:\/\/schema.org\/ImageObject\">\n\t\t\t\t<img decoding=\"async\" src=\"https:\/\/netzwerkrecherche.org\/helpline\/wp-content\/uploads\/sites\/16\/2025\/08\/23.png\" alt=\"23\" height=\"681\" width=\"1000\" title=\"23\" onerror=\"this.style.display='none'\" loading=\"lazy\" \/>\n\t<\/figure>\n<figure itemscope itemtype=\"https:\/\/schema.org\/ImageObject\">\n\t\t\t\t<img decoding=\"async\" src=\"https:\/\/netzwerkrecherche.org\/helpline\/wp-content\/uploads\/sites\/16\/2025\/08\/dart.png\" alt=\"Dart Centre Europe unterst\u00fctzt die Helpline\" height=\"681\" width=\"1000\" title=\"Dart Centre Europe unterst\u00fctzt die Helpline\" onerror=\"this.style.display='none'\" loading=\"lazy\" \/>\n\t<\/figure>\n<h2>\n\t\t\tUnterst\u00fctzt durch\t<\/h2>\n<figure itemscope itemtype=\"https:\/\/schema.org\/ImageObject\">\n\t\t\t\t<img decoding=\"async\" src=\"https:\/\/netzwerkrecherche.org\/helpline\/wp-content\/uploads\/sites\/16\/2025\/08\/26.png\" alt=\"Die LMU unterst\u00fctzt die Helpline\" height=\"681\" width=\"1000\" title=\"Die LMU unterst\u00fctzt die Helpline\" onerror=\"this.style.display='none'\" loading=\"lazy\" \/>\n\t<\/figure>\n<figure itemscope itemtype=\"https:\/\/schema.org\/ImageObject\">\n\t\t\t\t<img decoding=\"async\" src=\"https:\/\/netzwerkrecherche.org\/helpline\/wp-content\/uploads\/sites\/16\/2025\/08\/25.png\" alt=\"Das ifp unterst\u00fctzt die Helpline\" height=\"681\" width=\"1000\" title=\"Das ifp unterst\u00fctzt die Helpline\" onerror=\"this.style.display='none'\" loading=\"lazy\" \/>\n\t<\/figure>\n<figure itemscope itemtype=\"https:\/\/schema.org\/ImageObject\">\n\t\t\t\t<img decoding=\"async\" src=\"https:\/\/netzwerkrecherche.org\/helpline\/wp-content\/uploads\/sites\/16\/2025\/08\/27.png\" alt=\"Der VBRG unterst\u00fctzt die Helpline\" height=\"681\" width=\"1000\" title=\"Der VBRG unterst\u00fctzt die Helpline\" onerror=\"this.style.display='none'\" loading=\"lazy\" \/>\n\t<\/figure>\n<figure itemscope itemtype=\"https:\/\/schema.org\/ImageObject\">\n\t\t\t\t<img decoding=\"async\" src=\"https:\/\/netzwerkrecherche.org\/helpline\/wp-content\/uploads\/sites\/16\/2025\/08\/10.png\" alt=\"Die Freischreiber unterst\u00fctzen die Helpline\" height=\"681\" width=\"1000\" title=\"Die Freischreiber unterst\u00fctzen die Helpline\" onerror=\"this.style.display='none'\" loading=\"lazy\" \/>\n\t<\/figure>\n<figure itemscope itemtype=\"https:\/\/schema.org\/ImageObject\">\n\t\t\t\t<img decoding=\"async\" src=\"https:\/\/netzwerkrecherche.org\/helpline\/wp-content\/uploads\/sites\/16\/2023\/03\/Hochschule-Fresesnius-Heidelberg-logo.png\" alt=\"Hochschule Fresesnius Heidelberg logo\" height=\"985\" width=\"2000\" title=\"Hochschule Fresesnius Heidelberg logo\" onerror=\"this.style.display='none'\" loading=\"lazy\" \/>\n\t<\/figure>\n\n","protected":false},"excerpt":{"rendered":"<p>Hilf uns dabei, weiterzumachen! Die Helpline hat in zwei Jahren mehr als 100 Journalist:innen geholfen. Damit wir diese wichtige Arbeit fortsetzen k\u00f6nnen, brauchen wir Deine Unterst\u00fctzung. Da Netzwerk Recherche gemeinn\u00fctzig ist, k\u00f6nnen Spenden in der Einkommensteuererkl\u00e4rung geltend gemacht werden. Mehr Informationen dazu unter: nrch.de\/infospende Ruf an. Kostenlos und anonym. Weil Reden hilft, kannst Du unsere [&hellip;]<\/p>\n","protected":false},"author":27,"featured_media":2736,"parent":0,"menu_order":0,"comment_status":"closed","ping_status":"closed","template":"","meta":{"footnotes":""},"class_list":["post-2881","page","type-page","status-publish","has-post-thumbnail","hentry"],"yoast_head":"<!-- This site is optimized with the Yoast SEO plugin v27.4 - https:\/\/yoast.com\/product\/yoast-seo-wordpress\/ -->\n<title>Spenden - Helpline<\/title>\n<meta name=\"description\" content=\"Anonyme Hilfe bei Belastungen: Die Helpline ist f\u00fcr alle Journalist:innen da - kein Problem ist zu klein. Einfach anrufen: 030\/7543 7633\" \/>\n<meta name=\"robots\" content=\"index, follow, max-snippet:-1, max-image-preview:large, max-video-preview:-1\" \/>\n<link rel=\"canonical\" href=\"https:\/\/netzwerkrecherche.org\/helpline\/spenden\/\" \/>\n<meta property=\"og:locale\" content=\"de_DE\" \/>\n<meta property=\"og:type\" content=\"article\" \/>\n<meta property=\"og:title\" content=\"Spenden - Helpline\" \/>\n<meta property=\"og:description\" content=\"Anonyme Hilfe bei Belastungen: Die Helpline ist f\u00fcr alle Journalist:innen da - kein Problem ist zu klein. Einfach anrufen: 030\/7543 7633\" \/>\n<meta property=\"og:url\" content=\"https:\/\/netzwerkrecherche.org\/helpline\/spenden\/\" \/>\n<meta property=\"og:site_name\" content=\"Helpline\" \/>\n<meta property=\"article:modified_time\" content=\"2026-03-02T09:27:24+00:00\" \/>\n<meta property=\"og:image\" content=\"https:\/\/netzwerkrecherche.org\/helpline\/wp-content\/uploads\/sites\/16\/2025\/08\/Vorschaubild.png\" \/>\n\t<meta property=\"og:image:width\" content=\"1024\" \/>\n\t<meta property=\"og:image:height\" content=\"512\" \/>\n\t<meta property=\"og:image:type\" content=\"image\/png\" \/>\n<meta name=\"twitter:card\" content=\"summary_large_image\" \/>\n<meta name=\"twitter:label1\" content=\"Gesch\u00e4tzte Lesezeit\" \/>\n\t<meta name=\"twitter:data1\" content=\"4\u00a0Minuten\" \/>\n<script type=\"application\/ld+json\" class=\"yoast-schema-graph\">{\"@context\":\"https:\\\/\\\/schema.org\",\"@graph\":[{\"@type\":\"WebPage\",\"@id\":\"https:\\\/\\\/netzwerkrecherche.org\\\/helpline\\\/spenden\\\/\",\"url\":\"https:\\\/\\\/netzwerkrecherche.org\\\/helpline\\\/spenden\\\/\",\"name\":\"Spenden - Helpline\",\"isPartOf\":{\"@id\":\"https:\\\/\\\/netzwerkrecherche.org\\\/helpline\\\/#website\"},\"primaryImageOfPage\":{\"@id\":\"https:\\\/\\\/netzwerkrecherche.org\\\/helpline\\\/spenden\\\/#primaryimage\"},\"image\":{\"@id\":\"https:\\\/\\\/netzwerkrecherche.org\\\/helpline\\\/spenden\\\/#primaryimage\"},\"thumbnailUrl\":\"https:\\\/\\\/netzwerkrecherche.org\\\/helpline\\\/wp-content\\\/uploads\\\/sites\\\/16\\\/2025\\\/08\\\/Vorschaubild.png\",\"datePublished\":\"2025-12-22T08:47:58+00:00\",\"dateModified\":\"2026-03-02T09:27:24+00:00\",\"description\":\"Anonyme Hilfe bei Belastungen: Die Helpline ist f\u00fcr alle Journalist:innen da - kein Problem ist zu klein. Einfach anrufen: 030\\\/7543 7633\",\"breadcrumb\":{\"@id\":\"https:\\\/\\\/netzwerkrecherche.org\\\/helpline\\\/spenden\\\/#breadcrumb\"},\"inLanguage\":\"de\",\"potentialAction\":[{\"@type\":\"ReadAction\",\"target\":[\"https:\\\/\\\/netzwerkrecherche.org\\\/helpline\\\/spenden\\\/\"]}]},{\"@type\":\"ImageObject\",\"inLanguage\":\"de\",\"@id\":\"https:\\\/\\\/netzwerkrecherche.org\\\/helpline\\\/spenden\\\/#primaryimage\",\"url\":\"https:\\\/\\\/netzwerkrecherche.org\\\/helpline\\\/wp-content\\\/uploads\\\/sites\\\/16\\\/2025\\\/08\\\/Vorschaubild.png\",\"contentUrl\":\"https:\\\/\\\/netzwerkrecherche.org\\\/helpline\\\/wp-content\\\/uploads\\\/sites\\\/16\\\/2025\\\/08\\\/Vorschaubild.png\",\"width\":1024,\"height\":512,\"caption\":\"Helpline - Mentale Belastungen im Journalismus\"},{\"@type\":\"BreadcrumbList\",\"@id\":\"https:\\\/\\\/netzwerkrecherche.org\\\/helpline\\\/spenden\\\/#breadcrumb\",\"itemListElement\":[{\"@type\":\"ListItem\",\"position\":1,\"name\":\"Startseite\",\"item\":\"https:\\\/\\\/netzwerkrecherche.org\\\/helpline\\\/\"},{\"@type\":\"ListItem\",\"position\":2,\"name\":\"Spenden\"}]},{\"@type\":\"WebSite\",\"@id\":\"https:\\\/\\\/netzwerkrecherche.org\\\/helpline\\\/#website\",\"url\":\"https:\\\/\\\/netzwerkrecherche.org\\\/helpline\\\/\",\"name\":\"Helpline\",\"description\":\"Lass uns dar\u00fcber reden!\",\"publisher\":{\"@id\":\"https:\\\/\\\/netzwerkrecherche.org\\\/helpline\\\/#organization\"},\"potentialAction\":[{\"@type\":\"SearchAction\",\"target\":{\"@type\":\"EntryPoint\",\"urlTemplate\":\"https:\\\/\\\/netzwerkrecherche.org\\\/helpline\\\/?s={search_term_string}\"},\"query-input\":{\"@type\":\"PropertyValueSpecification\",\"valueRequired\":true,\"valueName\":\"search_term_string\"}}],\"inLanguage\":\"de\"},{\"@type\":\"Organization\",\"@id\":\"https:\\\/\\\/netzwerkrecherche.org\\\/helpline\\\/#organization\",\"name\":\"Helpline\",\"url\":\"https:\\\/\\\/netzwerkrecherche.org\\\/helpline\\\/\",\"logo\":{\"@type\":\"ImageObject\",\"inLanguage\":\"de\",\"@id\":\"https:\\\/\\\/netzwerkrecherche.org\\\/helpline\\\/#\\\/schema\\\/logo\\\/image\\\/\",\"url\":\"https:\\\/\\\/netzwerkrecherche.org\\\/helpline\\\/wp-content\\\/uploads\\\/sites\\\/16\\\/2024\\\/05\\\/Logo-Helpline_black.png\",\"contentUrl\":\"https:\\\/\\\/netzwerkrecherche.org\\\/helpline\\\/wp-content\\\/uploads\\\/sites\\\/16\\\/2024\\\/05\\\/Logo-Helpline_black.png\",\"width\":800,\"height\":297,\"caption\":\"Helpline\"},\"image\":{\"@id\":\"https:\\\/\\\/netzwerkrecherche.org\\\/helpline\\\/#\\\/schema\\\/logo\\\/image\\\/\"}}]}<\/script>\n<!-- \/ Yoast SEO plugin. -->","yoast_head_json":{"title":"Spenden - Helpline","description":"Anonyme Hilfe bei Belastungen: Die Helpline ist f\u00fcr alle Journalist:innen da - kein Problem ist zu klein. Einfach anrufen: 030\/7543 7633","robots":{"index":"index","follow":"follow","max-snippet":"max-snippet:-1","max-image-preview":"max-image-preview:large","max-video-preview":"max-video-preview:-1"},"canonical":"https:\/\/netzwerkrecherche.org\/helpline\/spenden\/","og_locale":"de_DE","og_type":"article","og_title":"Spenden - Helpline","og_description":"Anonyme Hilfe bei Belastungen: Die Helpline ist f\u00fcr alle Journalist:innen da - kein Problem ist zu klein. Einfach anrufen: 030\/7543 7633","og_url":"https:\/\/netzwerkrecherche.org\/helpline\/spenden\/","og_site_name":"Helpline","article_modified_time":"2026-03-02T09:27:24+00:00","og_image":[{"width":1024,"height":512,"url":"https:\/\/netzwerkrecherche.org\/helpline\/wp-content\/uploads\/sites\/16\/2025\/08\/Vorschaubild.png","type":"image\/png"}],"twitter_card":"summary_large_image","twitter_misc":{"Gesch\u00e4tzte Lesezeit":"4\u00a0Minuten"},"schema":{"@context":"https:\/\/schema.org","@graph":[{"@type":"WebPage","@id":"https:\/\/netzwerkrecherche.org\/helpline\/spenden\/","url":"https:\/\/netzwerkrecherche.org\/helpline\/spenden\/","name":"Spenden - Helpline","isPartOf":{"@id":"https:\/\/netzwerkrecherche.org\/helpline\/#website"},"primaryImageOfPage":{"@id":"https:\/\/netzwerkrecherche.org\/helpline\/spenden\/#primaryimage"},"image":{"@id":"https:\/\/netzwerkrecherche.org\/helpline\/spenden\/#primaryimage"},"thumbnailUrl":"https:\/\/netzwerkrecherche.org\/helpline\/wp-content\/uploads\/sites\/16\/2025\/08\/Vorschaubild.png","datePublished":"2025-12-22T08:47:58+00:00","dateModified":"2026-03-02T09:27:24+00:00","description":"Anonyme Hilfe bei Belastungen: Die Helpline ist f\u00fcr alle Journalist:innen da - kein Problem ist zu klein. Einfach anrufen: 030\/7543 7633","breadcrumb":{"@id":"https:\/\/netzwerkrecherche.org\/helpline\/spenden\/#breadcrumb"},"inLanguage":"de","potentialAction":[{"@type":"ReadAction","target":["https:\/\/netzwerkrecherche.org\/helpline\/spenden\/"]}]},{"@type":"ImageObject","inLanguage":"de","@id":"https:\/\/netzwerkrecherche.org\/helpline\/spenden\/#primaryimage","url":"https:\/\/netzwerkrecherche.org\/helpline\/wp-content\/uploads\/sites\/16\/2025\/08\/Vorschaubild.png","contentUrl":"https:\/\/netzwerkrecherche.org\/helpline\/wp-content\/uploads\/sites\/16\/2025\/08\/Vorschaubild.png","width":1024,"height":512,"caption":"Helpline - Mentale Belastungen im Journalismus"},{"@type":"BreadcrumbList","@id":"https:\/\/netzwerkrecherche.org\/helpline\/spenden\/#breadcrumb","itemListElement":[{"@type":"ListItem","position":1,"name":"Startseite","item":"https:\/\/netzwerkrecherche.org\/helpline\/"},{"@type":"ListItem","position":2,"name":"Spenden"}]},{"@type":"WebSite","@id":"https:\/\/netzwerkrecherche.org\/helpline\/#website","url":"https:\/\/netzwerkrecherche.org\/helpline\/","name":"Helpline","description":"Lass uns dar\u00fcber reden!","publisher":{"@id":"https:\/\/netzwerkrecherche.org\/helpline\/#organization"},"potentialAction":[{"@type":"SearchAction","target":{"@type":"EntryPoint","urlTemplate":"https:\/\/netzwerkrecherche.org\/helpline\/?s={search_term_string}"},"query-input":{"@type":"PropertyValueSpecification","valueRequired":true,"valueName":"search_term_string"}}],"inLanguage":"de"},{"@type":"Organization","@id":"https:\/\/netzwerkrecherche.org\/helpline\/#organization","name":"Helpline","url":"https:\/\/netzwerkrecherche.org\/helpline\/","logo":{"@type":"ImageObject","inLanguage":"de","@id":"https:\/\/netzwerkrecherche.org\/helpline\/#\/schema\/logo\/image\/","url":"https:\/\/netzwerkrecherche.org\/helpline\/wp-content\/uploads\/sites\/16\/2024\/05\/Logo-Helpline_black.png","contentUrl":"https:\/\/netzwerkrecherche.org\/helpline\/wp-content\/uploads\/sites\/16\/2024\/05\/Logo-Helpline_black.png","width":800,"height":297,"caption":"Helpline"},"image":{"@id":"https:\/\/netzwerkrecherche.org\/helpline\/#\/schema\/logo\/image\/"}}]}},"_links":{"self":[{"href":"https:\/\/netzwerkrecherche.org\/helpline\/wp-json\/wp\/v2\/pages\/2881","targetHints":{"allow":["GET"]}}],"collection":[{"href":"https:\/\/netzwerkrecherche.org\/helpline\/wp-json\/wp\/v2\/pages"}],"about":[{"href":"https:\/\/netzwerkrecherche.org\/helpline\/wp-json\/wp\/v2\/types\/page"}],"author":[{"embeddable":true,"href":"https:\/\/netzwerkrecherche.org\/helpline\/wp-json\/wp\/v2\/users\/27"}],"replies":[{"embeddable":true,"href":"https:\/\/netzwerkrecherche.org\/helpline\/wp-json\/wp\/v2\/comments?post=2881"}],"version-history":[{"count":9,"href":"https:\/\/netzwerkrecherche.org\/helpline\/wp-json\/wp\/v2\/pages\/2881\/revisions"}],"predecessor-version":[{"id":2914,"href":"https:\/\/netzwerkrecherche.org\/helpline\/wp-json\/wp\/v2\/pages\/2881\/revisions\/2914"}],"wp:featuredmedia":[{"embeddable":true,"href":"https:\/\/netzwerkrecherche.org\/helpline\/wp-json\/wp\/v2\/media\/2736"}],"wp:attachment":[{"href":"https:\/\/netzwerkrecherche.org\/helpline\/wp-json\/wp\/v2\/media?parent=2881"}],"curies":[{"name":"wp","href":"https:\/\/api.w.org\/{rel}","templated":true}]}}