{"id":10062,"date":"2017-06-19T17:02:44","date_gmt":"2017-06-19T15:02:44","guid":{"rendered":"https:\/\/netzwerkrecherche.org\/nr-termine-archive\/?page_id=10062"},"modified":"2025-07-15T12:11:10","modified_gmt":"2025-07-15T10:11:10","slug":"pressespiegel","status":"publish","type":"page","link":"https:\/\/netzwerkrecherche.org\/nr-termine-archive\/termine\/konferenzen\/jahreskonferenzen\/nr-jahreskonferenz-2017\/pressespiegel\/","title":{"rendered":"Pressespiegel"},"content":{"rendered":"<p><strong>Pressespiegel zur nr-Jahreskonferenz 2017:<\/strong><\/p>\n<p><strong>Zur Konferenz:<\/strong><br \/>\ndbate-Interviews von der #nnr17 f\u00fcr die Rubrik \u201eZeitgeist\u201c<br \/>\n<a href=\"http:\/\/dbate.de\/videos\/niggemeier-medien-afd-interview\/\" target=\"_blank\" rel=\"noopener\">Stefan Niggemeier: &#8220;Fake News ist ein untauglicher Begriff&#8221;<\/a>,<br \/>\n<a href=\"http:\/\/dbate.de\/videos\/kachelmann-interview-medien-wetter\/\" target=\"_blank\" rel=\"noopener\">J\u00f6rg Kachelmann: &#8220;Ich bekomme viele Hass-Kommentare zu Chemtrails&#8221;<\/a>,<br \/>\n<a href=\"https:\/\/web.archive.org\/web\/20180208090054\/http:\/\/dbate.de:80\/videos\/bundestagswahl-hacker-interview-maassen\/\" target=\"_blank\" rel=\"noopener\">Hans-Georg Maa\u00dfen: Wollen Hacker die Bundestagswahl manipulieren?<\/a>,<br \/>\n<a href=\"https:\/\/web.archive.org\/web\/20171002123626\/http:\/\/dbate.de\/videos\/kein-geld-fuer-tuerkei-bis-deniz-yuecel-frei\/\" target=\"_blank\" rel=\"noopener\">Doris Akrap: &#8220;Kein Geld mehr f\u00fcr die T\u00fcrkei bis Deniz Y\u00fccel frei ist&#8221;<\/a>,<br \/>\n<a href=\"https:\/\/web.archive.org\/web\/20171002131030\/http:\/\/dbate.de\/videos\/alexander-gauland-free-deniz-yuecel\/\" target=\"_blank\" rel=\"noopener\">Alexander Gauland fordert #FreeDeniz<\/a><\/p>\n<p>Jahreskonferenz vom Netzwerk Recherche #nr17 f\u00fcr das #r1MM<br \/>\nradioeins \u2013 Medienmagazin #r1MM, 10. Juni 2017<br \/>\nhttp:\/\/mediathek.rbb-online.de\/radio\/Medienmagazin-radioeins\/r1MM-10-06-2017\/radioeins\/Audio-Podcast?bcastId=588158&#038;documentId=43483546<\/p>\n<p>\u201eJournalisten \u00fcben Solidarit\u00e4t mit Deniz Y\u00fccel\u201c<br \/>\nStuttgarter Zeitung \u2013 09. Juni 2017<br \/>\n<a href=\"http:\/\/www.stuttgarter-zeitung.de\/inhalt.netzwerk-recherche-journalisten-ueben-solidaritaet-mit-deniz-yuecel.c9233040-8365-4b0a-af41-ad6db64da484.html\" target=\"_blank\" rel=\"noopener\">http:\/\/www.stuttgarter-zeitung.de\/inhalt.netzwerk-recherche-journalisten-ueben-solidaritaet-mit-deniz-yuecel.c9233040-8365-4b0a-af41-ad6db64da484.html<\/a><\/p>\n<p>\u201eSpezieller Umgang: Journalisten und die AfD\u201c<br \/>\nVon Timo Robben \u2013 ZAPP, 14. Juni 2017<br \/>\n<a href=\"http:\/\/www.ndr.de\/fernsehen\/sendungen\/zapp\/Spezieller-Umgang-Journalisten-und-die-AfD-,afd1154.html\" target=\"_blank\" rel=\"noopener\">http:\/\/www.ndr.de\/fernsehen\/sendungen\/zapp\/Spezieller-Umgang-Journalisten-und-die-AfD-,afd1154.html<\/a><\/p>\n<p>\u201eMit Leidenschaft als Impuls zum Aktivsein\u201c<br \/>\nVon B\u00e4rbel R\u00f6ben \u2013 mmm.verdi.de, 13. Juni 2017<br \/>\n<a href=\"https:\/\/mmm.verdi.de\/beruf\/mit-leidenschaft-als-impuls-zum-aktivsein-42321\" target=\"_blank\" rel=\"noopener\">https:\/\/mmm.verdi.de\/beruf\/mit-leidenschaft-als-impuls-zum-aktivsein-42321<\/a><\/p>\n<p>\u201eTV-Politmagazine: Mit Einordnen und Reibung\u201c<br \/>\nVon B\u00e4rbel R\u00f6ben \u2013 mmm.verdi.de, 15. Juni 2017<br \/>\n<a href=\"https:\/\/mmm.verdi.de\/beruf\/tv-politmagazine-mit-einordnung-und-reibung-42493\" target=\"_blank\" rel=\"noopener\">https:\/\/mmm.verdi.de\/beruf\/tv-politmagazine-mit-einordnung-und-reibung-42493<\/a><\/p>\n<p>\u201eDie Medien und die AfD\u201c<br \/>\nVon B\u00e4rbel R\u00f6ben \u2013 mmm.verdi.de, 19. Juni 2017<br \/>\n<a href=\"https:\/\/mmm.verdi.de\/beruf\/die-medien-und-die-afd-42549\" target=\"_blank\" rel=\"noopener\">https:\/\/mmm.verdi.de\/beruf\/die-medien-und-die-afd-42549<\/a><\/p>\n<p>\u201eDer etablierte Journalismus verliert an Bedeutung\u201c<br \/>\nVon dpa \u2013 meedia, 9.Juni 2017<br \/>\n<a href=\"http:\/\/meedia.de\/2017\/06\/09\/der-etablierte-journalismus-verliert-an-bedeutung-netzwerk-recherche-tagt-in-hamburg\/\" target=\"_blank\" rel=\"noopener\">http:\/\/meedia.de\/2017\/06\/09\/der-etablierte-journalismus-verliert-an-bedeutung-netzwerk-recherche-tagt-in-hamburg\/<\/a><\/p>\n<p>\u201eJournalistische Zwei-Klassen-Gesellschaft\u201c<br \/>\nVon Antje Allroggen \u2013\u00a0Deutschlandfunk, 12. Juni 2017<br \/>\n<a href=\"http:\/\/www.deutschlandfunk.de\/jahrestagung-des-netzwerk-recherche-journalistische-zwei.2907.de.html?dram:article_id=388443\" target=\"_blank\" rel=\"noopener\">http:\/\/www.deutschlandfunk.de\/jahrestagung-des-netzwerk-recherche-journalistische-zwei.2907.de.html?dram:article_id=388443<\/a><\/p>\n<p>\u201eGefahr f\u00fcr die Glaubw\u00fcrdigkeit\u201c<br \/>\nVon Ren\u00e9 Martens \u2013 Stuttgarter Zeitung, 12. Juni 2017<br \/>\n<a href=\"\/wp-content\/uploads\/sites\/19\/2017\/06\/StuttgarterZeitung_Martens.pdf\" target=\"_blank\" rel=\"noopener\">PDF Stuttgarter Zeitung Seite 13<\/a><\/p>\n<p>\u201eGeplantes Netzwerkdurchsetzungsgesetz \u2013 Showdown in Hamburg\u201c<br \/>\nVon Stefan Fries \u2013 Deutschlandfunk, 12. Juni 2017<br \/>\n<a href=\"http:\/\/www.deutschlandfunk.de\/geplantes-netzwerkdurchsetzungsgesetz-showdown-in-hamburg.2907.de.html?dram:article_id=388440\">http:\/\/www.deutschlandfunk.de\/geplantes-netzwerkdurchsetzungsgesetz-showdown-in-hamburg.2907.de.html?dram:article_id=388440<\/a><\/p>\n<p>Wie erkennt man staatliches Hacking? Netzwerk Recherche tagt in Hamburg<br \/>\nVon Schroeder, Sandro \u2013 Deutschlandfunk Kultur \/ Sendung Fazit, 10. Juni 2017<br \/>\n<a href=\"https:\/\/web.archive.org\/web\/20170702162927\/http:\/\/ondemand-mp3.dradio.de\/file\/dradio\/2017\/06\/10\/wie_erkennt_man_staatliches_hacking_netzwerk_recherche_dlf_k_20170610_2321_37e14063.mp3\" target=\"_blank\" rel=\"noopener\">Audio abspielen (06:48 Minuten) <\/a><\/p>\n<p>Germany\u2019s 16th Investigative Conference Attracts 900<br \/>\nBy G\u00fcnter Bartsch \u2013 Global Investigative Journalism Network (GIJN), 27. Juni 2017<br \/>\n<a href=\"http:\/\/gijn.org\/2017\/06\/27\/netzwerk-recherche-conf\/\" target=\"_blank\" rel=\"noopener\">http:\/\/gijn.org\/2017\/06\/27\/netzwerk-recherche-conf\/<\/a><\/p>\n<p>gesammelte Informationen zur Gr\u00fcndertour (u.a. auf der #nr17)<br \/>\nLandesanstalt f\u00fcr Medien Nordrhein-Westfalen (LfM) \u2013 Vor Ort NRW (Kooperationspartner)<br \/>\n<a href=\"http:\/\/www.lfm-nrw.de\/foerderung\/vor-ort-nrw\/gruendertour.html\" target=\"_blank\" rel=\"noopener\">www.lfm-nrw.de\/foerderung\/vor-ort-nrw\/gruendertour.html<\/a><\/p>\n<p>Netzwerk-Recherche-Tagung<br \/>\nWie NDR- und Spiegel-Journalisten \u00fcber Evangelikale denken<br \/>\nVon mm. \u2013 pro Christliches Medienmagazin, 12. Juni 2017<br \/>\n<a href=\"https:\/\/www.pro-medienmagazin.de\/medien\/journalismus\/2017\/06\/12\/wie-ndr-und-spiegel-journalisten-ueber-evangelikale-denken\/\" target=\"_blank\" rel=\"noopener\">https:\/\/www.pro-medienmagazin.de\/medien\/journalismus\/2017\/06\/12\/wie-ndr-und-spiegel-journalisten-ueber-evangelikale-denken\/<\/a><\/p>\n<p>&nbsp;<\/p>\n<p><strong>Speziell zur Leuchtturmverleihung 2017 an Armin Wolf \/ Ehren-Leuchtturm an Hans Leyendecker:<\/strong><\/p>\n<p>\u201eNetzwerk Recherche tagt &#8211; Preis f\u00fcr Leyendecker\u201c<br \/>\nHamburg Journal, 9. Juni 2017<br \/>\n<a href=\"http:\/\/www.ndr.de\/nachrichten\/hamburg\/Netzwerk-Recherche-tagt-Preis-fuer-Leyendecker,netzwerkrecherche130.html\" target=\"_blank\" rel=\"noopener\">http:\/\/www.ndr.de\/nachrichten\/hamburg\/Netzwerk-Recherche-tagt-Preis-fuer-Leyendecker,netzwerkrecherche130.html<\/a><\/p>\n<p>\u201eWir brauchen kritischen Journalismus\u201c<br \/>\nVon Michael Haller \u2013 Kommentar auf derstandard.at, 18. Juni 2017<br \/>\n<a href=\"http:\/\/derstandard.at\/2000059424431\/Wir-brauchen-kritischen-Journalismus\">http:\/\/derstandard.at\/2000059424431\/Wir-brauchen-kritischen-Journalismus<\/a><\/p>\n<p>&nbsp;<\/p>\n<p><strong>Speziell zur Austerverleihung 2017 f\u00fcr die Regenbogenpresse:<\/strong><\/p>\n<p>\u201eRegenbogenpresse emp\u00f6rt: Wir l\u00fcgen doch gar nicht immer nur!\u201c<br \/>\nVon Stefan Niggemeier \u2013 \u00dcbermedien, 10. Juni 2017<br \/>\n<a href=\"http:\/\/uebermedien.de\/16478\/regenbogenpresse-empoert-wir-luegen-doch-gar-nicht-immer-nur\/\" target=\"_blank\" rel=\"noopener\">http:\/\/uebermedien.de\/16478\/regenbogenpresse-empoert-wir-luegen-doch-gar-nicht-immer-nur\/<\/a><\/p>\n<p>\u201eKlatschbl\u00e4tter erhalten Negativpreis\u201c<br \/>\nVon Andreas Gaertner \u2013 tagesschau, 10. Juni 2017<br \/>\n<a href=\"http:\/\/www.tagesschau.de\/inland\/medien-verschlossene-auster-101.html\" target=\"_blank\" rel=\"noopener\">http:\/\/www.tagesschau.de\/inland\/medien-verschlossene-auster-101.html<\/a><\/p>\n<p>\u201eDurchgezappt: Anti-Preis f\u00fcr Regenbogenpresse\u201c<br \/>\nVon Christine Seidemann \u2013 ZAPP, 14. Juni 2017<br \/>\n<a href=\"http:\/\/www.ndr.de\/fernsehen\/sendungen\/zapp\/Durchgezappt-Anti-Preis-fuer-Regenbogenpresse,zapp10728.html\" target=\"_blank\" rel=\"noopener\">http:\/\/www.ndr.de\/fernsehen\/sendungen\/zapp\/Durchgezappt-Anti-Preis-fuer-Regenbogenpresse,zapp10728.html<\/a><\/p>\n<p>Negativpreis: Klatsche f\u00fcr die Klatschpresse<br \/>\nmit Audio &#8220;Verschlossene Auster&#8221; geht an drei Verlage<br \/>\nVon Andreas Gaertner \u2013 NDR, 10.Juni 2017<br \/>\n<a href=\"https:\/\/www.ndr.de\/nachrichten\/hamburg\/Negativpreis-Klatsche-fuer-die-Klatschpresse,verschlosseneauster104.html\" target=\"_blank\" rel=\"noopener\">https:\/\/www.ndr.de\/nachrichten\/hamburg\/Negativpreis-Klatsche-fuer-die-Klatschpresse,verschlosseneauster104.html<\/a><\/p>\n<p>\u201eNetzwerk Recherche verleiht &#8220;Verschlossene Auster&#8221;: Negativpreis f\u00fcr deutsche Yellow-Zeitschriften\u201c<br \/>\nVon B\u00fclend \u00dcr\u00fck \u2013 kress.de, 12. Juni 2017<br \/>\n<a href=\"https:\/\/kress.de\/news\/detail\/beitrag\/137864-netzwerk-recherche-verleiht-verschlossene-auster-negativpreis-fuer-deutsche-yellow-zeitschriften.html\">https:\/\/kress.de\/news\/detail\/beitrag\/137864-netzwerk-recherche-verleiht-verschlossene-auster-negativpreis-fuer-deutsche-yellow-zeitschriften.html<\/a><\/p>\n<p>\u201eNegativ-Preis f\u00fcr Burda, Bauer und Funke: Netzwerk Recherche vergibt Verschlossene Auster an Yellow-Verlage\u201c<br \/>\nVon Marvin Schade \u2013 meedia.de, 10.Juni 2017<br \/>\n<a href=\"http:\/\/meedia.de\/2017\/06\/10\/negativ-preis-fuer-burda-bauer-und-funke-netzwerk-recherche-vergibt-verschlossene-auster-an-yellow-verlage\/\">http:\/\/meedia.de\/2017\/06\/10\/negativ-preis-fuer-burda-bauer-und-funke-netzwerk-recherche-vergibt-verschlossene-auster-an-yellow-verlage\/<\/a><\/p>\n<p>\u201eDebatte um Negativ-Preis f\u00fcr Yellow-Verlage: Anma\u00dfende Meckerei oder berechtigte Kritik?\u201c<br \/>\nVon Stefan Winterbauer \u2013 meedia.de, 12. Juni 2017<br \/>\n<a href=\"http:\/\/meedia.de\/2017\/06\/12\/debatte-um-negativ-preis-fuer-yellow-verlage-anmassende-meckerei-oder-berechtigte-kritik\/\">http:\/\/meedia.de\/2017\/06\/12\/debatte-um-negativ-preis-fuer-yellow-verlage-anmassende-meckerei-oder-berechtigte-kritik\/<\/a><\/p>\n<p>\u201eIst das Journalismus, oder kann das weg?\u201c<br \/>\nVon Ulrike Simon \u2013 SPIEGEL DAILY<br \/>\n<a href=\"https:\/\/daily.spiegel.de\/news\/die-medienkolumne-von-ulrike-simon-a-13265\">https:\/\/daily.spiegel.de\/news\/die-medienkolumne-von-ulrike-simon-a-13265<\/a><\/p>\n<p>\u201eDie kunterbunten Yellow-Press-Spekulationen der Bauer-Chefs\u201c<br \/>\nVon Stefan Winterbauer \u2013 Meedia, 09. Juni 2017<br \/>\n<a href=\"http:\/\/meedia.de\/2017\/06\/09\/die-kunterbunten-yellow-press-spekulationen-der-bauer-chefs\/\" target=\"_blank\" rel=\"noopener\">http:\/\/meedia.de\/2017\/06\/09\/die-kunterbunten-yellow-press-spekulationen-der-bauer-chefs\/<\/a><\/p>\n<p>\u201eVerachtet das Netzwerk Recherche die Klatschpresse \u2013 oder ihre Leserinnen?\u201c<br \/>\nVon Roland Pimpl \u2013 Horizont, 12. Juni 2017<br \/>\n<a href=\"http:\/\/www.horizont.net\/medien\/kommentare\/Verschlossene-Auster-an-Bauer-Burda-Funke-Verachtet-das-Netzwerk-Recherche-die-Klatschpresse--oder-ihre-Leserinnen-158726\">http:\/\/www.horizont.net\/medien\/kommentare\/Verschlossene-Auster-an-Bauer-Burda-Funke-Verachtet-das-Netzwerk-Recherche-die-Klatschpresse&#8211;oder-ihre-Leserinnen-158726<\/a><\/p>\n","protected":false},"excerpt":{"rendered":"<p>Pressespiegel zur nr-Jahreskonferenz 2017: Zur Konferenz: dbate-Interviews von der #nnr17 f\u00fcr die Rubrik \u201eZeitgeist\u201c Stefan Niggemeier: &#8220;Fake News ist ein untauglicher Begriff&#8221;, J\u00f6rg Kachelmann: &#8220;Ich bekomme viele Hass-Kommentare zu Chemtrails&#8221;, Hans-Georg Maa\u00dfen: Wollen Hacker die Bundestagswahl manipulieren?, Doris Akrap: &#8220;Kein Geld mehr f\u00fcr die T\u00fcrkei bis Deniz Y\u00fccel frei ist&#8221;, Alexander Gauland fordert #FreeDeniz Jahreskonferenz [&hellip;]<\/p>\n","protected":false},"author":1,"featured_media":0,"parent":7973,"menu_order":0,"comment_status":"open","ping_status":"closed","template":"","meta":{"_acf_changed":false,"footnotes":""},"class_list":["post-10062","page","type-page","status-publish","hentry"],"acf":[],"_links":{"self":[{"href":"https:\/\/netzwerkrecherche.org\/nr-termine-archive\/wp-json\/wp\/v2\/pages\/10062","targetHints":{"allow":["GET"]}}],"collection":[{"href":"https:\/\/netzwerkrecherche.org\/nr-termine-archive\/wp-json\/wp\/v2\/pages"}],"about":[{"href":"https:\/\/netzwerkrecherche.org\/nr-termine-archive\/wp-json\/wp\/v2\/types\/page"}],"author":[{"embeddable":true,"href":"https:\/\/netzwerkrecherche.org\/nr-termine-archive\/wp-json\/wp\/v2\/users\/1"}],"replies":[{"embeddable":true,"href":"https:\/\/netzwerkrecherche.org\/nr-termine-archive\/wp-json\/wp\/v2\/comments?post=10062"}],"version-history":[{"count":28,"href":"https:\/\/netzwerkrecherche.org\/nr-termine-archive\/wp-json\/wp\/v2\/pages\/10062\/revisions"}],"predecessor-version":[{"id":37109,"href":"https:\/\/netzwerkrecherche.org\/nr-termine-archive\/wp-json\/wp\/v2\/pages\/10062\/revisions\/37109"}],"up":[{"embeddable":true,"href":"https:\/\/netzwerkrecherche.org\/nr-termine-archive\/wp-json\/wp\/v2\/pages\/7973"}],"wp:attachment":[{"href":"https:\/\/netzwerkrecherche.org\/nr-termine-archive\/wp-json\/wp\/v2\/media?parent=10062"}],"curies":[{"name":"wp","href":"https:\/\/api.w.org\/{rel}","templated":true}]}}