{"id":11332,"date":"2018-01-22T11:56:47","date_gmt":"2018-01-22T10:56:47","guid":{"rendered":"https:\/\/netzwerkrecherche.org\/nr-termine-archive\/?page_id=11332"},"modified":"2025-07-15T11:28:37","modified_gmt":"2025-07-15T09:28:37","slug":"programm","status":"publish","type":"page","link":"https:\/\/netzwerkrecherche.org\/nr-termine-archive\/termine\/konferenzen\/jahreskonferenzen\/nr-jahreskonferenz-2018\/programm\/","title":{"rendered":"Programm"},"content":{"rendered":"<div id=\"pl-11332\"  class=\"panel-layout\" ><div id=\"pg-11332-0\"  class=\"panel-grid panel-no-style\" ><div id=\"pgc-11332-0-0\"  class=\"panel-grid-cell\" ><div id=\"panel-11332-0-0-0\" class=\"so-panel widget_sow-editor panel-first-child panel-last-child\" data-index=\"0\" ><div\n\t\t\t\n\t\t\tclass=\"so-widget-sow-editor so-widget-sow-editor-base\"\n\t\t\t\n\t\t><h3 class=\"widget-title\">Das Programm der nr-Jahreskonferenz 2018<\/h3>\n<div class=\"siteorigin-widget-tinymce textwidget\">\n\t<p>Das vorliegende Programm wird laufend aktualisiert und erg\u00e4nzt. \u00c4nderungen im Ablauf sind bis zum Veranstaltungsbeginn und auch w\u00e4hrend der Konferenz m\u00f6glich. Vor Ort erhalten alle Teilnehmer ein Faltblatt mit dem aktuellen Programmstand. \u00dcber aktuelle \u00c4nderungen informieren wir dann auch via Twitter: <a href=\"https:\/\/twitter.com\/nrecherche\">@nrecherche<\/a> \/ <a href=\"https:\/\/twitter.com\/search?q=%23nr18\">#nr18<\/a><\/p>\n<\/div>\n<\/div><\/div><\/div><\/div><div id=\"pg-11332-1\"  class=\"panel-grid panel-no-style\" ><div id=\"pgc-11332-1-0\"  class=\"panel-grid-cell\" ><div id=\"panel-11332-1-0-0\" class=\"so-panel widget_sow-button panel-first-child panel-last-child\" data-index=\"1\" ><div\n\t\t\t\n\t\t\tclass=\"so-widget-sow-button so-widget-sow-button-wire-fab937c0dead-11332\"\n\t\t\t\n\t\t><div class=\"ow-button-base ow-button-align-justify\"\n style=\"display: block;\">\n\t\t\t<a\n\t\t\t\t\thref=\"https:\/\/nr18.sched.com\/grid-full\/\"\n\t\t\t\t\tclass=\"sowb-button ow-icon-placement-left ow-button-hover\" target=\"_blank\" rel=\"noopener noreferrer\" \t>\n\t\t<span>\n\t\t\t<span class=\"sow-icon-fontawesome sow-fas\" data-sow-icon=\"&#xf0ce;\"\n\t\tstyle=\"\" \n\t\taria-hidden=\"true\"><\/span>\n\t\t\tProgramm (Raster)\t\t<\/span>\n\t\t\t<\/a>\n\t<\/div>\n<\/div><\/div><\/div><div id=\"pgc-11332-1-1\"  class=\"panel-grid-cell\" ><div id=\"panel-11332-1-1-0\" class=\"so-panel widget_sow-button panel-first-child panel-last-child\" data-index=\"2\" ><div\n\t\t\t\n\t\t\tclass=\"so-widget-sow-button so-widget-sow-button-wire-fab937c0dead-11332\"\n\t\t\t\n\t\t><div class=\"ow-button-base ow-button-align-justify\"\n style=\"display: block;\">\n\t\t\t<a\n\t\t\t\t\thref=\"https:\/\/nr18.sched.com\/\"\n\t\t\t\t\tclass=\"sowb-button ow-icon-placement-left ow-button-hover\" \t>\n\t\t<span>\n\t\t\t<span class=\"sow-icon-fontawesome sow-fas\" data-sow-icon=\"&#xf00b;\"\n\t\tstyle=\"\" \n\t\taria-hidden=\"true\"><\/span>\n\t\t\tOnline-Programm\t\t<\/span>\n\t\t\t<\/a>\n\t<\/div>\n<\/div><\/div><\/div><div id=\"pgc-11332-1-2\"  class=\"panel-grid-cell\" ><div id=\"panel-11332-1-2-0\" class=\"so-panel widget_sow-button panel-first-child panel-last-child\" data-index=\"3\" ><div\n\t\t\t\n\t\t\tclass=\"so-widget-sow-button so-widget-sow-button-wire-fab937c0dead-11332\"\n\t\t\t\n\t\t><div class=\"ow-button-base ow-button-align-justify\"\n style=\"display: block;\">\n\t\t\t<a\n\t\t\t\t\thref=\"https:\/\/nr18.sched.com\/mobile\"\n\t\t\t\t\tclass=\"sowb-button ow-icon-placement-left ow-button-hover\" \t>\n\t\t<span>\n\t\t\t\n\t\t\tMobile Web-App\t\t<\/span>\n\t\t\t<\/a>\n\t<\/div>\n<\/div><\/div><\/div><div id=\"pgc-11332-1-3\"  class=\"panel-grid-cell\" ><div id=\"panel-11332-1-3-0\" class=\"so-panel widget_sow-button panel-first-child panel-last-child\" data-index=\"4\" ><div\n\t\t\t\n\t\t\tclass=\"so-widget-sow-button so-widget-sow-button-wire-fab937c0dead-11332\"\n\t\t\t\n\t\t><div class=\"ow-button-base ow-button-align-justify\"\n style=\"display: block;\">\n\t\t\t<a\n\t\t\t\t\thref=\"https:\/\/netzwerkrecherche.org\/nr-termine-archive\/wp-content\/uploads\/sites\/19\/2018\/05\/nr18-Programm.pdf\"\n\t\t\t\t\tclass=\"sowb-button ow-icon-placement-left ow-button-hover\" \t>\n\t\t<span>\n\t\t\t<span class=\"sow-icon-fontawesome sow-far\" data-sow-icon=\"&#xf1c1;\"\n\t\tstyle=\"\" \n\t\taria-hidden=\"true\"><\/span>\n\t\t\tProgramm als pdf\t\t<\/span>\n\t\t\t<\/a>\n\t<\/div>\n<\/div><\/div><\/div><div id=\"pgc-11332-1-4\"  class=\"panel-grid-cell\" ><div id=\"panel-11332-1-4-0\" class=\"so-panel widget_sow-button panel-first-child panel-last-child\" data-index=\"5\" ><div\n\t\t\t\n\t\t\tclass=\"so-widget-sow-button so-widget-sow-button-wire-fab937c0dead-11332\"\n\t\t\t\n\t\t><div class=\"ow-button-base ow-button-align-justify\"\n style=\"display: block;\">\n\t\t\t<a\n\t\t\t\t\thref=\"https:\/\/nr18.sched.com\/directory\/speakers\"\n\t\t\t\t\tclass=\"sowb-button ow-icon-placement-left ow-button-hover\" \t>\n\t\t<span>\n\t\t\t<span class=\"sow-icon-fontawesome sow-fas\" data-sow-icon=\"&#xf1ae;\"\n\t\tstyle=\"\" \n\t\taria-hidden=\"true\"><\/span>\n\t\t\tReferenten\t\t<\/span>\n\t\t\t<\/a>\n\t<\/div>\n<\/div><\/div><\/div><\/div><div id=\"pg-11332-2\"  class=\"panel-grid panel-no-style\" ><div id=\"pgc-11332-2-0\"  class=\"panel-grid-cell\" ><div id=\"panel-11332-2-0-0\" class=\"so-panel widget_text panel-first-child panel-last-child\" data-index=\"6\" >\t\t\t<div class=\"textwidget\"><p><strong>K\u00f6nnen Sie die Sched-\u00dcbersichten nicht laden? Dann finden Sie hier PDF\u00b4s der<\/strong><\/p>\n<ul>\n<li><a href=\"https:\/\/netzwerkrecherche.org\/nr-termine-archive\/wp-content\/uploads\/sites\/19\/2022\/11\/NR18-simple.pdf\"><strong>Programm\u00fcbersicht (einfach)<\/strong><\/a><\/li>\n<li><a href=\"https:\/\/netzwerkrecherche.org\/nr-termine-archive\/wp-content\/uploads\/sites\/19\/2022\/11\/NR18-detailed.pdf\"><strong>Programm\u00fcbersicht mit Panelbeschreibung<\/strong><\/a><\/li>\n<\/ul>\n<\/div>\n\t\t<\/div><\/div><\/div><div id=\"pg-11332-3\"  class=\"panel-grid panel-no-style\" ><div id=\"pgc-11332-3-0\"  class=\"panel-grid-cell\" ><div id=\"panel-11332-3-0-0\" class=\"so-panel widget_text panel-first-child panel-last-child\" data-index=\"7\" >\t\t\t<div class=\"textwidget\"><a id=\"sched-embed\" href=\"\/\/nr18.sched.com\/grid-full\/#2018-06-29\">Hier klicken, um zum nr18-Programm zu gelangen.<\/a>\n<\/div>\n\t\t<\/div><\/div><\/div><\/div>","protected":false},"excerpt":{"rendered":"<p>Das vorliegende Programm wird laufend aktualisiert und erg\u00e4nzt. \u00c4nderungen im Ablauf sind bis zum Veranstaltungsbeginn und auch w\u00e4hrend der Konferenz m\u00f6glich. Vor Ort erhalten alle Teilnehmer ein Faltblatt mit dem aktuellen Programmstand. \u00dcber aktuelle \u00c4nderungen informieren wir dann auch via Twitter: @nrecherche \/ #nr18<\/p>\n","protected":false},"author":1,"featured_media":11832,"parent":11710,"menu_order":0,"comment_status":"open","ping_status":"closed","template":"","meta":{"_acf_changed":false,"footnotes":""},"class_list":["post-11332","page","type-page","status-publish","has-post-thumbnail","hentry"],"acf":[],"_links":{"self":[{"href":"https:\/\/netzwerkrecherche.org\/nr-termine-archive\/wp-json\/wp\/v2\/pages\/11332","targetHints":{"allow":["GET"]}}],"collection":[{"href":"https:\/\/netzwerkrecherche.org\/nr-termine-archive\/wp-json\/wp\/v2\/pages"}],"about":[{"href":"https:\/\/netzwerkrecherche.org\/nr-termine-archive\/wp-json\/wp\/v2\/types\/page"}],"author":[{"embeddable":true,"href":"https:\/\/netzwerkrecherche.org\/nr-termine-archive\/wp-json\/wp\/v2\/users\/1"}],"replies":[{"embeddable":true,"href":"https:\/\/netzwerkrecherche.org\/nr-termine-archive\/wp-json\/wp\/v2\/comments?post=11332"}],"version-history":[{"count":12,"href":"https:\/\/netzwerkrecherche.org\/nr-termine-archive\/wp-json\/wp\/v2\/pages\/11332\/revisions"}],"predecessor-version":[{"id":31292,"href":"https:\/\/netzwerkrecherche.org\/nr-termine-archive\/wp-json\/wp\/v2\/pages\/11332\/revisions\/31292"}],"up":[{"embeddable":true,"href":"https:\/\/netzwerkrecherche.org\/nr-termine-archive\/wp-json\/wp\/v2\/pages\/11710"}],"wp:featuredmedia":[{"embeddable":true,"href":"https:\/\/netzwerkrecherche.org\/nr-termine-archive\/wp-json\/wp\/v2\/media\/11832"}],"wp:attachment":[{"href":"https:\/\/netzwerkrecherche.org\/nr-termine-archive\/wp-json\/wp\/v2\/media?parent=11332"}],"curies":[{"name":"wp","href":"https:\/\/api.w.org\/{rel}","templated":true}]}}