{"id":14643,"date":"2018-11-26T12:08:58","date_gmt":"2018-11-26T11:08:58","guid":{"rendered":"https:\/\/netzwerkrecherche.org\/nr-termine-archive\/?page_id=14643"},"modified":"2025-07-15T12:11:31","modified_gmt":"2025-07-15T10:11:31","slug":"pressespiegel","status":"publish","type":"page","link":"https:\/\/netzwerkrecherche.org\/nr-termine-archive\/termine\/konferenzen\/fachkonferenzen\/nr-fachkonferenz-wissen-ist-macht-verbraucherjournalismus-zwischen-lebenshilfe-und-pr-gefluester\/pressespiegel\/","title":{"rendered":"Pressespiegel"},"content":{"rendered":"<p><strong>Pressespiegel zur nr-Fachkonferenz: Wissen ist Macht \u2013 Verbraucherjournalismus zwischen Lebenshilfe und PR-Gefl\u00fcster <\/strong><\/p>\n<p><a href=\"https:\/\/www.deutschlandfunk.de\/verbraucherjournalismus-inhalte-nicht-nur-fuer-sonderseiten.2907.de.html?dram:article_id=433665\">Verbraucherjournalismus: Inhalte nicht nur f\u00fcr Sonderseiten<\/a><br \/>\nVon Daniel Bouhs \u2013 Deutschlandfunk @mediasres, 20.11.2018<\/p>\n<p><a href=\"https:\/\/daniel-bouhs.de\/2018\/11\/16\/zdf-redakteur-marcus-niehaves-ueber-die-facebook-falle\/\">ZDF-Redakteur Marcus Niehaves \u00fcber die Facebook-Falle<\/a><br \/>\nVon Daniel Bouhs \u2013 Blog Daniel Bouhs, 16.11.2018 (Bericht und \u00d6-T\u00f6ne von der Konferenz)<\/p>\n<p><a href=\"https:\/\/daniel-bouhs.de\/2018\/11\/16\/funk-autor-christian-deker-wuenscht-sich-staerkeres-oeffentlich-rechtliches-labeling\/\">Funk-Autor Christian Deker w\u00fcnscht sich st\u00e4rkeres \u00f6ffentlich-rechtliches Labeling<\/a><br \/>\nVon Daniel Bouhs \u2013 Blog Daniel Bouhs, 16.11.2018 (Bericht und \u00d6-T\u00f6ne von der Konferenz)<\/p>\n<p><a href=\"https:\/\/bildblog.de\/104597\/brutale-spaetfolgen-verbraucherjournalismus-beruehmtes-hochhaus\/\">6 vor 9: Brutale Sp\u00e4tfolgen, Ber\u00fchmtes Hochhaus, Verbraucherjournalismus<\/a><br \/>\nVon Lorenz Meyer \u2013 bildblog.de, 28.11.2018<\/p>\n","protected":false},"excerpt":{"rendered":"<p>Pressespiegel zur nr-Fachkonferenz: Wissen ist Macht \u2013 Verbraucherjournalismus zwischen Lebenshilfe und PR-Gefl\u00fcster Verbraucherjournalismus: Inhalte nicht nur f\u00fcr Sonderseiten Von Daniel Bouhs \u2013 Deutschlandfunk @mediasres, 20.11.2018 ZDF-Redakteur Marcus Niehaves \u00fcber die Facebook-Falle Von Daniel Bouhs \u2013 Blog Daniel Bouhs, 16.11.2018 (Bericht und \u00d6-T\u00f6ne von der Konferenz) Funk-Autor Christian Deker w\u00fcnscht sich st\u00e4rkeres \u00f6ffentlich-rechtliches Labeling Von Daniel [&hellip;]<\/p>\n","protected":false},"author":1,"featured_media":0,"parent":13810,"menu_order":0,"comment_status":"closed","ping_status":"closed","template":"","meta":{"_acf_changed":false,"footnotes":""},"class_list":["post-14643","page","type-page","status-publish","hentry"],"acf":[],"_links":{"self":[{"href":"https:\/\/netzwerkrecherche.org\/nr-termine-archive\/wp-json\/wp\/v2\/pages\/14643","targetHints":{"allow":["GET"]}}],"collection":[{"href":"https:\/\/netzwerkrecherche.org\/nr-termine-archive\/wp-json\/wp\/v2\/pages"}],"about":[{"href":"https:\/\/netzwerkrecherche.org\/nr-termine-archive\/wp-json\/wp\/v2\/types\/page"}],"author":[{"embeddable":true,"href":"https:\/\/netzwerkrecherche.org\/nr-termine-archive\/wp-json\/wp\/v2\/users\/1"}],"replies":[{"embeddable":true,"href":"https:\/\/netzwerkrecherche.org\/nr-termine-archive\/wp-json\/wp\/v2\/comments?post=14643"}],"version-history":[{"count":3,"href":"https:\/\/netzwerkrecherche.org\/nr-termine-archive\/wp-json\/wp\/v2\/pages\/14643\/revisions"}],"predecessor-version":[{"id":14677,"href":"https:\/\/netzwerkrecherche.org\/nr-termine-archive\/wp-json\/wp\/v2\/pages\/14643\/revisions\/14677"}],"up":[{"embeddable":true,"href":"https:\/\/netzwerkrecherche.org\/nr-termine-archive\/wp-json\/wp\/v2\/pages\/13810"}],"wp:attachment":[{"href":"https:\/\/netzwerkrecherche.org\/nr-termine-archive\/wp-json\/wp\/v2\/media?parent=14643"}],"curies":[{"name":"wp","href":"https:\/\/api.w.org\/{rel}","templated":true}]}}