{"id":18002,"date":"2019-10-14T16:26:06","date_gmt":"2019-10-14T14:26:06","guid":{"rendered":"https:\/\/netzwerkrecherche.org\/nr-termine-archive\/?page_id=18002"},"modified":"2025-07-15T12:13:04","modified_gmt":"2025-07-15T10:13:04","slug":"pressespiegel","status":"publish","type":"page","link":"https:\/\/netzwerkrecherche.org\/nr-termine-archive\/termine\/international\/global-investigative-journalism-conference\/pressespiegel\/","title":{"rendered":"Pressespiegel \/ press review"},"content":{"rendered":"<p><strong>Pressespiegel \/ press review #GIJC19:<\/strong><\/p>\n<p>Auf der Global Investigative Journalism Conference #GIJC19 f\u00fchrte Tom Schimmeck Interviews zum Thema \u201eDer Wahrheit verpflichtet. \u00dcber den Machtverlust des Journalismus\u201d \u2013 u.a. mit der Journalistin Maria Ressa, den Journalisten Sujay Gupta, Can D\u00fcndar u.v.m.<br \/>\n\u201eDer Wahrheit verpflichtet. \u00dcber den Machtverlust des Journalismus\u201c von Tom Schimmeck (52 Min.)<br \/>\n<a class=\"linkified\" href=\"https:\/\/web.archive.org\/web\/20210127043755\/https:\/\/www.ardaudiothek.de\/das-ard-radiofeature\/der-wahrheit-verpflichtet-doku-ueber-vertrauensverlust-im-journalismus\/71142968\" target=\"_blank\" rel=\"noopener noreferrer\">https:\/\/www.ardaudiothek.de\/das-ard-radiofeature\/der-wahrheit-verpflichtet-doku-ueber-vertrauensverlust-im-journalismus\/71142968<\/a> ,<br \/>\n<a class=\"linkified\" href=\"https:\/\/www.swr.de\/swr2\/doku-und-feature\/SWR2-Feature-das-ARD-radiofeature-Der-Wahrheit-verpflichtet,swr2-feature-2020-01-22-100.html\" target=\"_blank\" rel=\"noopener noreferrer\">https:\/\/www.swr.de\/swr2\/doku-und-feature\/SWR2-Feature-das-ARD-radiofeature-Der-Wahrheit-verpflichtet,swr2-feature-2020-01-22-100.html<\/a><\/p>\n<p><span class=\"manualteaserDateTime\">Podcast-\/Radio<\/span>-Beitr\u00e4ge von Daniel Bouhs \u00fcber die #GIJC19 und ihre Veranstaltungen:<\/p>\n<ul>\n<li><span class=\"manualteaserDateTime\">GIJC \u2013 Auftakt der weltgr\u00f6\u00dften Konferenz \u2013 Deutschlandfunk, <span class=\"c-message__body\" dir=\"auto\" data-qa=\"message-text\">25<\/span>.09.2019<\/span><br \/>\n<a href=\"https:\/\/ondemand-mp3.dradio.de\/file\/dradio\/2019\/09\/25\/gijc_auftakt_der_weltgroessten_konferenz_fuer_dlf_20190925_1542_f8cafce1.mp3\">https:\/\/ondemand-mp3.dradio.de\/file\/dradio\/2019\/09\/25\/gijc_auftakt_der_weltgroessten_konferenz_fuer_dlf_20190925_1542_f8cafce1.mp3<\/a><\/li>\n<li><span class=\"manualteaserDateTime\">Gef\u00e4hrliches Terrain f\u00fcr Journalisten: Wie berichten \u00fcber Saudi-Arabien und Co? \u2013 Deutschlandfunk, <span class=\"c-message__body\" dir=\"auto\" data-qa=\"message-text\">27<\/span>.09.2019<\/span><br \/>\n<a href=\"https:\/\/ondemand-mp3.dradio.de\/file\/dradio\/2019\/09\/25\/gijc_auftakt_der_weltgroessten_konferenz_fuer_dlf_20190925_1542_f8cafce1.mp3\">https:\/\/srv.deutschlandradio.de\/dlf-audiothek-audio-teilen.3265.de.html?mdm:audio_id=773260<\/a><\/li>\n<li>Zukunft des Investigativ-Journalismus \u2013 WDR5, 26.09.2019<br \/>\nhttps:\/\/www1.wdr.de\/mediathek\/audio\/wdr5\/wdr5-toene-texte-bilder-beitraege\/audio-zukunft-des-investigativ-journalismus-100.html<\/li>\n<li><span class=\"searchHighlight\">Investigative<\/span>r Journalismus: nicht nur global, sondern auch <span class=\"searchHighlight\">lokal <\/span>(ab 17:22 Minute) \u2013 BR, Medienmagazin, 29.9.2019<br \/>\n<a href=\"https:\/\/web.archive.org\/web\/20191026105407\/https:\/\/www.br.de\/radio\/b5-aktuell\/sendungen\/medienmagazin\/deutscher-radiopreis-bester-newcomer-roger-rekless-br-100.html\">https:\/\/www.br.de\/radio\/b5-aktuell\/sendungen\/medienmagazin\/deutscher-radiopreis-bester-newcomer-roger-rekless-br-100.html<\/a><\/li>\n<\/ul>\n<p>Investigative journalism: the future<br \/>\nAsma Abidi \u2013 European Journalism Observatory (EJO), 28.01.2020<br \/>\n<a href=\"https:\/\/en.ejo.ch\/specialist-journalism\/investigative-journalism-the-future\" target=\"_blank\" rel=\"noopener noreferrer\">https:\/\/en.ejo.ch\/specialist-journalism\/investigative-journalism-the-future<\/a><\/p>\n<p>Hamburg: \u00dcber Saudi-Arabien berichten \u2013 jenseits der Stereotype<br \/>\nPhilipp Woldin \u2013 Welt, 28.09.2019<br \/>\n<a href=\"https:\/\/www.welt.de\/print\/die_welt\/hamburg\/article201084412\/Ueber-Saudi-Arabien-berichten-jenseits-der-Stereotype.html\">https:\/\/www.welt.de\/print\/die_welt\/hamburg\/article201084412\/Ueber-Saudi-Arabien-berichten-jenseits-der-Stereotype.html<\/a><\/p>\n<p>Here\u2019s what I learned when the muckrakers united<br \/>\n\u00c1ine Kelly-Costello \u2013 \u00c1ine\u2019s corner, 20.10.2019<br \/>\n<a href=\"https:\/\/aframeonlife.wordpress.com\/2019\/10\/20\/heres-what-i-learned-when-the-muckrakers-united\/\">https:\/\/aframeonlife.wordpress.com\/2019\/10\/20\/heres-what-i-learned-when-the-muckrakers-united\/<\/a><\/p>\n<p>Investigate the enablers, understand the science and more reporting tips from GIJC<br \/>\nWill Fitzgibbon &amp; Scilla Alecci \u2013 Blog ICIJ, 15.10.2019<br \/>\n<a href=\"https:\/\/www.icij.org\/blog\/2019\/10\/investigate-the-enablers-understand-the-science-and-more-reporting-tips-from-gijc\/\">https:\/\/www.icij.org\/blog\/2019\/10\/investigate-the-enablers-understand-the-science-and-more-reporting-tips-from-gijc\/<\/a><\/p>\n<p>GIJC 19 : Hambourg, capitale mondiale des turbulences journalistiques<br \/>\nimpact.sn, 29.09.2019<br \/>\n<a href=\"https:\/\/www.impact.sn\/GIJC-19-Hambourg-capitale-mondiale-des-turbulences-journalistiques_a15946.html\">https:\/\/www.impact.sn\/GIJC-19-Hambourg-capitale-mondiale-des-turbulences-journalistiques_a15946.html<\/a><\/p>\n<p>Africa\u2019s investigative power in spotlight at global conference (report before and after the conference)<br \/>\nBlog zammagazine.com, 02.09.2019<br \/>\n<a href=\"https:\/\/www.zammagazine.com\/perspectives\/blog\/899-26-29-09-19-hamburg-africa-s-investigative-power-in-spotlight-at-global-conference\">https:\/\/www.zammagazine.com\/perspectives\/blog\/899-26-29-09-19-hamburg-africa-s-investigative-power-in-spotlight-at-global-conference<\/a><br \/>\nBlog zammagazine.com, 02.10.2019<br \/>\n<a href=\"https:\/\/www.zammagazine.com\/perspectives\/blog\/912-african-investigative-journalism-in-the-spotlight-at-hamburg-conference\">https:\/\/www.zammagazine.com\/perspectives\/blog\/912-african-investigative-journalism-in-the-spotlight-at-hamburg-conference<\/a><\/p>\n<p>The journalism industry needs to invest in childcare, especially for conferences<br \/>\nEmily Goligoski and Marisa Mazria Katz \u2013 Blog Nieman Journalism Lab, 04.09.2019<br \/>\n<a href=\"https:\/\/www.niemanlab.org\/2019\/09\/the-journalism-industry-needs-to-invest-in-childcare-especially-for-conferences\/\">https:\/\/www.niemanlab.org\/2019\/09\/the-journalism-industry-needs-to-invest-in-childcare-especially-for-conferences\/<\/a><\/p>\n<p>GIJN Bulletin, 17.10.2019<br \/>\n<a href=\"https:\/\/mailchi.mp\/gijn\/newsletter-october17\">https:\/\/mailchi.mp\/gijn\/newsletter-october17<\/a><\/p>\n<p>And\u2026It\u2019s a Wrap: #GIJC19 Highlights<br \/>\nEunice Au \u2013 Homepage zur Global Investigative Journalism Conference 2019, 30.09.2019<br \/>\n<a>https:\/\/gijc2019.org\/2019\/09\/30\/andits-a-wrap-gijc19-highlights\/<\/a><\/p>\n<p><strong>Zum Global Shining Light Award und der Keynote von Maria Ressa:<\/strong><\/p>\n<p>Peru: Preis wirkt auf Medien in der Region<br \/>\nKnut Henkel \u2013 M Menschen \u2013 Machen \u2013 Medien, 9.10.2019<br \/>\n<a href=\"https:\/\/mmm.verdi.de\/beruf\/peru-preis-wirkt-auf-die-medien-in-der-region-61371\">https:\/\/mmm.verdi.de\/beruf\/peru-preis-wirkt-auf-die-medien-in-der-region-61371<\/a><\/p>\n<p>The role of America&#8217;s social media platforms in the battle for truth<br \/>\nKeynote von Maria Ressa \u2013 Rappler.com , 30.09.2019<br \/>\n<a href=\"https:\/\/www.rappler.com\/thought-leaders\/241389-battle-for-truth-social-media-future-global-investigative-journalism-conference-2019\">https:\/\/www.rappler.com\/thought-leaders\/241389-battle-for-truth-social-media-future-global-investigative-journalism-conference-2019<\/a><br \/>\nYoutube-Kanal von Rappler.com, 30.09.2019<br \/>\n<a href=\"https:\/\/www.youtube.com\/watch?v=eZI7by3Ooc4\">https:\/\/www.youtube.com\/watch?v=eZI7by3Ooc4<\/a><\/p>\n<p>When journalists are under attack, democracy is under attack<br \/>\nKeynote von Maria Ressa (Rappler) \u2013 Daily Maverick, 30.09.2019<br \/>\n<a href=\"https:\/\/www.dailymaverick.co.za\/article\/2019-09-30-when-journalists-are-under-attack-democracy-is-under-attack\/\">https:\/\/www.dailymaverick.co.za\/article\/2019-09-30-when-journalists-are-under-attack-democracy-is-under-attack\/<\/a><\/p>\n","protected":false},"excerpt":{"rendered":"<p>Pressespiegel \/ press review #GIJC19: Auf der Global Investigative Journalism Conference #GIJC19 f\u00fchrte Tom Schimmeck Interviews zum Thema \u201eDer Wahrheit verpflichtet. \u00dcber den Machtverlust des Journalismus\u201d \u2013 u.a. mit der Journalistin Maria Ressa, den Journalisten Sujay Gupta, Can D\u00fcndar u.v.m. \u201eDer Wahrheit verpflichtet. \u00dcber den Machtverlust des Journalismus\u201c von Tom Schimmeck (52 Min.) https:\/\/www.ardaudiothek.de\/das-ard-radiofeature\/der-wahrheit-verpflichtet-doku-ueber-vertrauensverlust-im-journalismus\/71142968 , [&hellip;]<\/p>\n","protected":false},"author":1,"featured_media":15695,"parent":52,"menu_order":0,"comment_status":"open","ping_status":"closed","template":"","meta":{"_acf_changed":false,"footnotes":""},"class_list":["post-18002","page","type-page","status-publish","has-post-thumbnail","hentry"],"acf":[],"_links":{"self":[{"href":"https:\/\/netzwerkrecherche.org\/nr-termine-archive\/wp-json\/wp\/v2\/pages\/18002","targetHints":{"allow":["GET"]}}],"collection":[{"href":"https:\/\/netzwerkrecherche.org\/nr-termine-archive\/wp-json\/wp\/v2\/pages"}],"about":[{"href":"https:\/\/netzwerkrecherche.org\/nr-termine-archive\/wp-json\/wp\/v2\/types\/page"}],"author":[{"embeddable":true,"href":"https:\/\/netzwerkrecherche.org\/nr-termine-archive\/wp-json\/wp\/v2\/users\/1"}],"replies":[{"embeddable":true,"href":"https:\/\/netzwerkrecherche.org\/nr-termine-archive\/wp-json\/wp\/v2\/comments?post=18002"}],"version-history":[{"count":17,"href":"https:\/\/netzwerkrecherche.org\/nr-termine-archive\/wp-json\/wp\/v2\/pages\/18002\/revisions"}],"predecessor-version":[{"id":24391,"href":"https:\/\/netzwerkrecherche.org\/nr-termine-archive\/wp-json\/wp\/v2\/pages\/18002\/revisions\/24391"}],"up":[{"embeddable":true,"href":"https:\/\/netzwerkrecherche.org\/nr-termine-archive\/wp-json\/wp\/v2\/pages\/52"}],"wp:featuredmedia":[{"embeddable":true,"href":"https:\/\/netzwerkrecherche.org\/nr-termine-archive\/wp-json\/wp\/v2\/media\/15695"}],"wp:attachment":[{"href":"https:\/\/netzwerkrecherche.org\/nr-termine-archive\/wp-json\/wp\/v2\/media?parent=18002"}],"curies":[{"name":"wp","href":"https:\/\/api.w.org\/{rel}","templated":true}]}}