{"id":18163,"date":"2019-11-13T10:26:08","date_gmt":"2019-11-13T09:26:08","guid":{"rendered":"https:\/\/netzwerkrecherche.org\/nr-termine-archive\/?page_id=18163"},"modified":"2025-07-15T12:07:50","modified_gmt":"2025-07-15T10:07:50","slug":"nr-jahreskonferenz-2020","status":"publish","type":"page","link":"https:\/\/netzwerkrecherche.org\/nr-termine-archive\/termine\/konferenzen\/jahreskonferenzen\/nr-jahreskonferenz-2020\/","title":{"rendered":"nr20-Webinare"},"content":{"rendered":"<div id=\"pl-18163\"  class=\"panel-layout\" ><div id=\"pg-18163-0\"  class=\"panel-grid panel-has-style\" ><div class=\"panel-row-style panel-row-style-for-18163-0\" ><div id=\"pgc-18163-0-0\"  class=\"panel-grid-cell\" ><div id=\"panel-18163-0-0-0\" class=\"so-panel widget_sow-editor panel-first-child\" data-index=\"0\" ><div\n\t\t\t\n\t\t\tclass=\"so-widget-sow-editor so-widget-sow-editor-base\"\n\t\t\t\n\t\t>\n<div class=\"siteorigin-widget-tinymce textwidget\">\n\t<h3>nr20plus \u2013 Fortsetzung der nr20-Webinare am 26. September<\/h3>\n<p><strong><img loading=\"lazy\" decoding=\"async\" class=\"alignleft wp-image-21380 size-medium\" src=\"https:\/\/netzwerkrecherche.org\/nr-termine-archive\/wp-content\/uploads\/sites\/19\/2020\/09\/nr20plus-Logo-300x300.png\" alt=\"\" width=\"300\" height=\"300\" srcset=\"https:\/\/netzwerkrecherche.org\/nr-termine-archive\/wp-content\/uploads\/sites\/19\/2020\/09\/nr20plus-Logo-300x300.png 300w, https:\/\/netzwerkrecherche.org\/nr-termine-archive\/wp-content\/uploads\/sites\/19\/2020\/09\/nr20plus-Logo-150x150.png 150w, https:\/\/netzwerkrecherche.org\/nr-termine-archive\/wp-content\/uploads\/sites\/19\/2020\/09\/nr20plus-Logo-768x768.png 768w, https:\/\/netzwerkrecherche.org\/nr-termine-archive\/wp-content\/uploads\/sites\/19\/2020\/09\/nr20plus-Logo-50x50.png 50w, https:\/\/netzwerkrecherche.org\/nr-termine-archive\/wp-content\/uploads\/sites\/19\/2020\/09\/nr20plus-Logo-500x500.png 500w, https:\/\/netzwerkrecherche.org\/nr-termine-archive\/wp-content\/uploads\/sites\/19\/2020\/09\/nr20plus-Logo.png 1024w\" sizes=\"auto, (max-width: 300px) 100vw, 300px\" \/><\/strong>Am Samstag, den 26. September, haben wir von den Referent:innen mehr dar\u00fcber erfahren, worauf man achten sollte, wenn man \u00fcber Rechtsextreme berichtet (und mit ihnen spricht), wie man Datenspuren im Netz verfolgt und wie der deutsche Journalismus mehr nicht-wei\u00dfe Recherchen bekommt. Au\u00dferdem stellten sich die Gewinner:innen unserer Grow-Gr\u00fcnder-Stipendien vor und auch weitere innovative Medienprojekte, z.B. RUMS, das digitalen, unabh\u00e4ngigen und konstruktiven Journalismus f\u00fcr M\u00fcnster verspricht.<\/p>\n<p>Zugesagt haben u.a. <strong>Hakan Tanriverdi<\/strong>\u00a0(BR),\u00a0<strong>Max Hoppenstedt<\/strong>\u00a0(Der Spiegel),\u00a0<strong>Svea Eckert<\/strong>\u00a0(Autorin NDR\/ARD),\u00a0<span data-sheets-value=\"{&quot;1&quot;:2,&quot;2&quot;:&quot;Alexandra Haderlein, Lokalblog N\u00fcrnberg\\nChristian Zeier, Reflekt.ch&quot;}\" data-sheets-userformat=\"{&quot;2&quot;:34616193,&quot;3&quot;:{&quot;1&quot;:0},&quot;10&quot;:0,&quot;11&quot;:4,&quot;12&quot;:0,&quot;15&quot;:&quot;Fira Sans&quot;,&quot;16&quot;:12,&quot;23&quot;:1,&quot;28&quot;:1}\" data-sheets-textstyleruns=\"\uee10\" data-sheets-hyperlinkruns=\"\uee10\"><strong>Alexandra Haderlein<\/strong>\u00a0(Lokalblog N\u00fcrnberg),\u00a0<strong>Christian Zeier<\/strong>\u00a0(Reflekt.ch),\u00a0<strong>Asli \u00d6zarslan<\/strong>\u00a0(Filmemacherin),\u00a0<strong>Mohamed Amjahid<\/strong>\u00a0(Autor),\u00a0<strong>Daniel Drepper<\/strong>\u00a0(Buzzfeed News Deutschland \/ Netzwerk Recherche) ,\u00a0<strong>Ralf Heimann<\/strong>\u00a0(RUMS),\u00a0<strong>Stefan Niggemeier<\/strong>\u00a0(\u00dcbermedien),\u00a0<strong>Adrian Oeser<\/strong>\u00a0(Dokumentarfilmer),\u00a0<strong>Gert Monheim<\/strong>\u00a0(Netzwerk Recherche, ehem. Die Story, WDR),\u00a0<strong>Kuno Haberbusch<\/strong>\u00a0(Netzwerk Recherche \/ NDR),\u00a0<strong>Astrid Csuraji<\/strong>\u00a0(Dialogger),\u00a0<strong>Malte Werner<\/strong>\u00a0(Netzwerk Recherche)\u2026<\/span><\/p>\n<p><strong>Die Teilnahme ist kostenlos.<\/strong>\u00a0Netzwerk Recherche freut sich \u00fcber <a href=\"https:\/\/netzwerkrecherche.org\/spenden\/\">Spenden<\/a> und <a href=\"https:\/\/netzwerkrecherche.org\/wer-wir-sind\/mitglied-werden\/\">neue Mitglieder<\/a>.<\/p>\n<p>\u2192 <a href=\"https:\/\/netzwerkrecherche.org\/nr-termine-archive\/termine\/konferenzen\/jahreskonferenzen\/nr-jahreskonferenz-2020\/programm-nr20plus\/\"><strong>September-Programm<\/strong><\/a><br \/>\n\u2192 <a href=\"https:\/\/netzwerkrecherche.org\/nr-termine-archive\/termine\/konferenzen\/jahreskonferenzen\/nr-jahreskonferenz-2020\/september-webinar-pad\/\"><strong>September-Pad<\/strong><\/a><br \/>\n\u2192 <a href=\"http:\/\/nrch.de\/webinaraufzeichnungen\"><strong>Mitschnitte einzelnder Sessions<\/strong><\/a><\/p>\n<p>&nbsp;<\/p>\n<\/div>\n<\/div><\/div><div id=\"panel-18163-0-0-1\" class=\"so-panel widget_sow-editor\" data-index=\"1\" ><div\n\t\t\t\n\t\t\tclass=\"so-widget-sow-editor so-widget-sow-editor-base\"\n\t\t\t\n\t\t>\n<div class=\"siteorigin-widget-tinymce textwidget\">\n\t<h3><a href=\"https:\/\/netzwerkrecherche.org\/nr-termine-archive\/wp-content\/uploads\/sites\/19\/2020\/06\/logo3-coronaundwir-nurtitel.png\"><img loading=\"lazy\" decoding=\"async\" class=\"alignleft size-medium wp-image-19941\" src=\"https:\/\/netzwerkrecherche.org\/nr-termine-archive\/wp-content\/uploads\/sites\/19\/2020\/06\/logo3-coronaundwir-nurtitel-300x300.png\" alt=\"\" width=\"300\" height=\"300\" srcset=\"https:\/\/netzwerkrecherche.org\/nr-termine-archive\/wp-content\/uploads\/sites\/19\/2020\/06\/logo3-coronaundwir-nurtitel-300x300.png 300w, https:\/\/netzwerkrecherche.org\/nr-termine-archive\/wp-content\/uploads\/sites\/19\/2020\/06\/logo3-coronaundwir-nurtitel-150x150.png 150w, https:\/\/netzwerkrecherche.org\/nr-termine-archive\/wp-content\/uploads\/sites\/19\/2020\/06\/logo3-coronaundwir-nurtitel-50x50.png 50w, https:\/\/netzwerkrecherche.org\/nr-termine-archive\/wp-content\/uploads\/sites\/19\/2020\/06\/logo3-coronaundwir-nurtitel.png 400w\" sizes=\"auto, (max-width: 300px) 100vw, 300px\" \/><\/a>Corona und wir \u2013 Wie das Virus unsere Arbeit ver\u00e4ndert<\/h3>\n<p>Am 19. und 20. Juni 2020 fand unter dem Motto \u201eCorona und wir \u2013 Wie das Virus unsere Arbeit ver\u00e4ndert\u201c die erste nr-Webinarreihe statt. An zwei Tagen wurde \u00fcber die gro\u00dfen Herausforderungen durch die Corona-Pandemie informiert und diskutiert.<br \/>\nBild: <a href=\"https:\/\/www.flickr.com\/photos\/niaid\/49645120251\/\">NIAID<\/a> (CC BY 2.0)<\/p>\n<p>\u2192 <strong><a href=\"https:\/\/netzwerkrecherche.org\/nr-termine-archive\/termine\/konferenzen\/jahreskonferenzen\/nr-jahreskonferenz-2020\/programm\/\">Juni-Programm<\/a><br \/>\n<\/strong>\u2192 <a href=\"https:\/\/netzwerkrecherche.org\/nr-termine-archive\/termine\/konferenzen\/jahreskonferenzen\/nr-jahreskonferenz-2020\/juni-webinar-pad\/\"><strong>Juni-Pad<\/strong><\/a><br \/>\n\u2192 <strong><a href=\"https:\/\/netzwerkrecherche.org\/nr-termine-archive\/termine\/konferenzen\/jahreskonferenzen\/nr-jahreskonferenz-2020\/pressespiegel\/\">Zum Pressespiegel<\/a><\/strong><br \/>\n\u2192 <a href=\"http:\/\/nrch.de\/webinaraufzeichnungen\"><strong>Mitschnitte einzelnder Sessions<\/strong><\/a><\/p>\n<p>&nbsp;<\/p>\n<\/div>\n<\/div><\/div><div id=\"panel-18163-0-0-2\" class=\"so-panel widget_sow-editor panel-last-child\" data-index=\"2\" ><div\n\t\t\t\n\t\t\tclass=\"so-widget-sow-editor so-widget-sow-editor-base\"\n\t\t\t\n\t\t>\n<div class=\"siteorigin-widget-tinymce textwidget\">\n\t<h3><a href=\"https:\/\/netzwerkrecherche.org\/nr-termine-archive\/wp-content\/uploads\/sites\/19\/2020\/07\/nestbeschmutzer_2020.pdf\"><img loading=\"lazy\" decoding=\"async\" class=\"alignleft wp-image-20947 size-medium\" src=\"https:\/\/netzwerkrecherche.org\/nr-termine-archive\/wp-content\/uploads\/sites\/19\/2020\/07\/nestbeschmutzer_2020-Seite1-219x300.jpg\" alt=\"\" width=\"219\" height=\"300\" srcset=\"https:\/\/netzwerkrecherche.org\/nr-termine-archive\/wp-content\/uploads\/sites\/19\/2020\/07\/nestbeschmutzer_2020-Seite1-219x300.jpg 219w, https:\/\/netzwerkrecherche.org\/nr-termine-archive\/wp-content\/uploads\/sites\/19\/2020\/07\/nestbeschmutzer_2020-Seite1-748x1024.jpg 748w, https:\/\/netzwerkrecherche.org\/nr-termine-archive\/wp-content\/uploads\/sites\/19\/2020\/07\/nestbeschmutzer_2020-Seite1-768x1052.jpg 768w, https:\/\/netzwerkrecherche.org\/nr-termine-archive\/wp-content\/uploads\/sites\/19\/2020\/07\/nestbeschmutzer_2020-Seite1-1122x1536.jpg 1122w, https:\/\/netzwerkrecherche.org\/nr-termine-archive\/wp-content\/uploads\/sites\/19\/2020\/07\/nestbeschmutzer_2020-Seite1-1496x2048.jpg 1496w, https:\/\/netzwerkrecherche.org\/nr-termine-archive\/wp-content\/uploads\/sites\/19\/2020\/07\/nestbeschmutzer_2020-Seite1-scaled.jpg 1870w\" sizes=\"auto, (max-width: 219px) 100vw, 219px\" \/><\/a>Der erste Nestbeschmutzer aus dem Homeoffice<\/h3>\n<p>Zeitungsproduktion aus dem Homeoffice ist in vielen Redaktionen Deutschlands coronabedingt mittlerweile Routine. F\u00fcr 16 Nachwuchsjournalist*innen aus dem Master-Studiengang Journalistik und Kommunikationswissenschaften an der Universit\u00e4t Hamburg war es eine Premiere \u2013 in jeder Hinsicht. <a href=\"https:\/\/netzwerkrecherche.org\/nr-termine-archive\/wp-content\/uploads\/sites\/19\/2020\/07\/nestbeschmutzer_2020.pdf\">Das Ergebnis, der Nestbeschmutzer<\/a>, kann sich sehen lassen.<\/p>\n<p>\u2192 <strong>zum <a href=\"https:\/\/netzwerkrecherche.org\/nr-termine-archive\/blog\/der-erste-nestbeschmutzer-aus-dem-homeoffice\/\">Artikel \u00fcber den Nestbeschmutzer 2020<\/a><br \/>\n\u2192 direkt zum <a href=\"https:\/\/netzwerkrecherche.org\/nr-termine-archive\/wp-content\/uploads\/sites\/19\/2020\/07\/nestbeschmutzer_2020.pdf\">Nestbeschmutzer-PDF<\/a><br \/>\n<\/strong><\/p>\n<\/div>\n<\/div><\/div><\/div><\/div><\/div><div id=\"pg-18163-1\"  class=\"panel-grid panel-has-style\" ><div class=\"panel-row-style panel-row-style-for-18163-1\" ><div id=\"pgc-18163-1-0\"  class=\"panel-grid-cell\" ><div id=\"panel-18163-1-0-0\" class=\"so-panel widget_sow-editor panel-first-child panel-last-child\" data-index=\"3\" ><div\n\t\t\t\n\t\t\tclass=\"so-widget-sow-editor so-widget-sow-editor-base\"\n\t\t\t\n\t\t>\n<div class=\"siteorigin-widget-tinymce textwidget\">\n\t<p>Mit freundlicher Unterst\u00fctzung von:<\/p>\n<\/div>\n<\/div><\/div><\/div><div id=\"pgc-18163-1-1\"  class=\"panel-grid-cell\" ><div id=\"panel-18163-1-1-0\" class=\"so-panel widget_sow-image panel-first-child panel-last-child\" data-index=\"4\" ><div\n\t\t\t\n\t\t\tclass=\"so-widget-sow-image so-widget-sow-image-default-8b5b6f678277-18163\"\n\t\t\t\n\t\t>\n<div class=\"sow-image-container\">\n\t\t<img \n\tsrc=\"https:\/\/netzwerkrecherche.org\/nr-termine-archive\/wp-content\/uploads\/sites\/19\/2020\/06\/Behi\u0302rde_KuM.png\" width=\"1285\" height=\"408\" srcset=\"https:\/\/netzwerkrecherche.org\/nr-termine-archive\/wp-content\/uploads\/sites\/19\/2020\/06\/Behi\u0302rde_KuM.png 1285w, https:\/\/netzwerkrecherche.org\/nr-termine-archive\/wp-content\/uploads\/sites\/19\/2020\/06\/Behi\u0302rde_KuM-300x95.png 300w, https:\/\/netzwerkrecherche.org\/nr-termine-archive\/wp-content\/uploads\/sites\/19\/2020\/06\/Behi\u0302rde_KuM-1024x325.png 1024w, https:\/\/netzwerkrecherche.org\/nr-termine-archive\/wp-content\/uploads\/sites\/19\/2020\/06\/Behi\u0302rde_KuM-768x244.png 768w\" sizes=\"(max-width: 1285px) 100vw, 1285px\" title=\"Beh\u00f6rde f\u00fcr Kultur und Medien\" alt=\"\" \t\tclass=\"so-widget-image\"\/>\n\t<\/div>\n\n<\/div><\/div><\/div><div id=\"pgc-18163-1-2\"  class=\"panel-grid-cell\" ><div id=\"panel-18163-1-2-0\" class=\"so-panel widget_sow-image panel-first-child panel-last-child\" data-index=\"5\" ><div\n\t\t\t\n\t\t\tclass=\"so-widget-sow-image so-widget-sow-image-default-8b5b6f678277-18163\"\n\t\t\t\n\t\t>\n<div class=\"sow-image-container\">\n\t\t<img \n\tsrc=\"https:\/\/netzwerkrecherche.org\/nr-termine-archive\/wp-content\/uploads\/sites\/19\/2015\/05\/Logo_zeitstiftung.png\" width=\"380\" height=\"228\" srcset=\"https:\/\/netzwerkrecherche.org\/nr-termine-archive\/wp-content\/uploads\/sites\/19\/2015\/05\/Logo_zeitstiftung.png 380w, https:\/\/netzwerkrecherche.org\/nr-termine-archive\/wp-content\/uploads\/sites\/19\/2015\/05\/Logo_zeitstiftung-300x180.png 300w\" sizes=\"(max-width: 380px) 100vw, 380px\" alt=\"Logo ZEIT-Stiftung\" \t\tclass=\"so-widget-image\"\/>\n\t<\/div>\n\n<\/div><\/div><\/div><div id=\"pgc-18163-1-3\"  class=\"panel-grid-cell\" ><div id=\"panel-18163-1-3-0\" class=\"so-panel widget_sow-image panel-first-child panel-last-child\" data-index=\"6\" ><div\n\t\t\t\n\t\t\tclass=\"so-widget-sow-image so-widget-sow-image-default-8b5b6f678277-18163\"\n\t\t\t\n\t\t>\n<div class=\"sow-image-container\">\n\t\t<img \n\tsrc=\"https:\/\/netzwerkrecherche.org\/nr-termine-archive\/wp-content\/uploads\/sites\/19\/2020\/06\/KTS_RGB-e1592225091384.jpg\" width=\"945\" height=\"304\" srcset=\"https:\/\/netzwerkrecherche.org\/nr-termine-archive\/wp-content\/uploads\/sites\/19\/2020\/06\/KTS_RGB-e1592225091384.jpg 945w, https:\/\/netzwerkrecherche.org\/nr-termine-archive\/wp-content\/uploads\/sites\/19\/2020\/06\/KTS_RGB-e1592225091384-300x97.jpg 300w, https:\/\/netzwerkrecherche.org\/nr-termine-archive\/wp-content\/uploads\/sites\/19\/2020\/06\/KTS_RGB-e1592225091384-768x247.jpg 768w\" sizes=\"(max-width: 945px) 100vw, 945px\" title=\"KTS_RGB\" alt=\"\" \t\tclass=\"so-widget-image\"\/>\n\t<\/div>\n\n<\/div><\/div><\/div><\/div><\/div><div id=\"pg-18163-2\"  class=\"panel-grid panel-no-style\" ><div id=\"pgc-18163-2-0\"  class=\"panel-grid-cell\" ><div id=\"panel-18163-2-0-0\" class=\"so-panel widget_sow-editor panel-first-child panel-last-child\" data-index=\"7\" ><div\n\t\t\t\n\t\t\tclass=\"so-widget-sow-editor so-widget-sow-editor-base\"\n\t\t\t\n\t\t><h3 class=\"widget-title\">nr20-Webinarreihe<\/h3>\n<div class=\"siteorigin-widget-tinymce textwidget\">\n\t<p>Das Anzeigengesch\u00e4ft ist eingebrochen, Verlage stellen auf Kurzarbeit um, manche k\u00fcndigen Stellenabbau an. Freie Journalist:innen bangen um Auftr\u00e4ge. Die Recherchem\u00f6glichkeiten sind eingeschr\u00e4nkt, Reisen ins Ausland sind nur eingeschr\u00e4nkt m\u00f6glich. Verschw\u00f6rungserz\u00e4hler:innen haben Hochkonjunktur, Falschinformationen verbreiten sich rasant via Youtube und Social Media.<\/p>\n<p>Geradezu paradox wirkt demgegen\u00fcber das enorm gestiegene Publikumsinteresse: Nachrichtensendungen melden Zuschauer-Rekorde. Viele Menschen erkennen die Bedeutung sorgf\u00e4ltig recherchierter, faktenbasierter Informationen und kritischer Begleitung der Regierungsarbeit. Der evidenzbasierte Medizin- und Wissenschaftsjournalismus erlebt einen ungeahnten Aufschwung. Gerade jetzt ist der Austausch unter Journalist:innen elementar. Die Wissensvermittlung durch Wissenschaftsjournalist:innen oder Datenexperten k\u00f6nnte Journalist:innen anderer Genres die Berichterstattung erleichtern. Gespr\u00e4che \u00fcber Auskunftsanspr\u00fcche oder Finanzierungsquellen k\u00f6nnten mehr und bessere Information erm\u00f6glichen. Wir wollen mit unserer nr20-Webinarreihe aus dem \u201ek\u00f6nnte\u201c ein \u201ekann\u201c machen. Zu den Schwerpunkten der diesj\u00e4hrigen Webinarreihe z\u00e4hlen Workshops zu Online-Recherche, Datenjournalismus und Recherche-Handwerk. Weitere Themen sind Recherchen im Lokalen, das Presse- und Auskunftsrecht und Wissenschaftsjournalismus. Auch Preise werden dieses Jahr vergeben: Der Leuchtturmpreis und ein Sonderpreis.<\/p>\n<p>Mit dabei sind Tabea Grzeszyk, Kuno Haberbusch, Volker Stollorz, Nicola Kuhrt, Stephanie Reuter, Julia, Stein, Arne Semsrott, Manfred Redelfs, Christina Elmer, Daniel Drepper, Vanessa Wormer, Boris Kartheuser, Thomas Schnedler, Anna Behrend, Claus Hesseling, Christian Endt, Bj\u00f6rn Schwentker, Susanne Amann und viele andere.<\/p>\n<\/div>\n<\/div><\/div><\/div><\/div><\/div>","protected":false},"excerpt":{"rendered":"<p>nr20plus \u2013 Fortsetzung der nr20-Webinare am 26. September Am Samstag, den 26. September, haben wir von den Referent:innen mehr dar\u00fcber erfahren, worauf man achten sollte, wenn man \u00fcber Rechtsextreme berichtet (und mit ihnen spricht), wie man Datenspuren im Netz verfolgt und wie der deutsche Journalismus mehr nicht-wei\u00dfe Recherchen bekommt. Au\u00dferdem stellten sich die Gewinner:innen unserer [&hellip;]<\/p>\n","protected":false},"author":2,"featured_media":0,"parent":36,"menu_order":1,"comment_status":"open","ping_status":"closed","template":"","meta":{"_acf_changed":false,"footnotes":""},"class_list":["post-18163","page","type-page","status-publish","hentry"],"acf":[],"_links":{"self":[{"href":"https:\/\/netzwerkrecherche.org\/nr-termine-archive\/wp-json\/wp\/v2\/pages\/18163","targetHints":{"allow":["GET"]}}],"collection":[{"href":"https:\/\/netzwerkrecherche.org\/nr-termine-archive\/wp-json\/wp\/v2\/pages"}],"about":[{"href":"https:\/\/netzwerkrecherche.org\/nr-termine-archive\/wp-json\/wp\/v2\/types\/page"}],"author":[{"embeddable":true,"href":"https:\/\/netzwerkrecherche.org\/nr-termine-archive\/wp-json\/wp\/v2\/users\/2"}],"replies":[{"embeddable":true,"href":"https:\/\/netzwerkrecherche.org\/nr-termine-archive\/wp-json\/wp\/v2\/comments?post=18163"}],"version-history":[{"count":181,"href":"https:\/\/netzwerkrecherche.org\/nr-termine-archive\/wp-json\/wp\/v2\/pages\/18163\/revisions"}],"predecessor-version":[{"id":37155,"href":"https:\/\/netzwerkrecherche.org\/nr-termine-archive\/wp-json\/wp\/v2\/pages\/18163\/revisions\/37155"}],"up":[{"embeddable":true,"href":"https:\/\/netzwerkrecherche.org\/nr-termine-archive\/wp-json\/wp\/v2\/pages\/36"}],"wp:attachment":[{"href":"https:\/\/netzwerkrecherche.org\/nr-termine-archive\/wp-json\/wp\/v2\/media?parent=18163"}],"curies":[{"name":"wp","href":"https:\/\/api.w.org\/{rel}","templated":true}]}}