{"id":19094,"date":"2020-02-10T10:26:20","date_gmt":"2020-02-10T09:26:20","guid":{"rendered":"https:\/\/netzwerkrecherche.org\/nr-termine-archive\/?page_id=19094"},"modified":"2024-10-02T12:07:27","modified_gmt":"2024-10-02T10:07:27","slug":"journalismus-macht-schule","status":"publish","type":"page","link":"https:\/\/netzwerkrecherche.org\/nr-termine-archive\/termine\/konferenzen\/fachkonferenzen\/journalismus-macht-schule\/","title":{"rendered":"Journalismus macht Schule"},"content":{"rendered":"<div id=\"pl-19094\"  class=\"panel-layout\" ><div id=\"pg-19094-0\"  class=\"panel-grid panel-has-style\" ><div class=\"panel-row-style panel-row-style-for-19094-0\" ><div id=\"pgc-19094-0-0\"  class=\"panel-grid-cell\" ><div id=\"panel-19094-0-0-0\" class=\"so-panel widget_sow-editor panel-first-child panel-last-child\" data-index=\"0\" ><div class=\"panel-widget-style panel-widget-style-for-19094-0-0-0\" ><div\n\t\t\t\n\t\t\tclass=\"so-widget-sow-editor so-widget-sow-editor-base\"\n\t\t\t\n\t\t><h3 class=\"widget-title\">Online-Konferenz \u201eJournalismus macht Schule\u201c am 26. November 2021<\/h3>\n<div class=\"siteorigin-widget-tinymce textwidget\">\n\t<p>Wie erkennen Sch\u00fcler:innen Fake News? Was sind seri\u00f6se Nachrichtenquellen? Und wie arbeiten eigentlich Redaktionen?<\/p>\n<p>Seit vielen Jahren geben Journalist:innen dieses Wissen bei Unterrichtsbesuchen an Sch\u00fcler:innen weiter. Wie das am besten gelingt, worauf teilnehmende Medienschaffende sowie Klassen achten sollten und wie interessierte Lehrkr\u00e4fte \u00fcberhaupt mit engagierten Journalist:innen zusammengebracht werden k\u00f6nnen, darum soll es auf einer Online-Konferenz zum Thema Nachrichtenkompetenz der Initiative \"Journalismus macht Schule\" am <strong>26. November 2021<\/strong> gehen.<\/p>\n<p>Die <a href=\"https:\/\/www.eventbrite.de\/e\/journalismus-macht-schule-2021-tickets-208690016457\" target=\"_blank\" rel=\"noopener\">Anmeldung<\/a> ist <strong>kostenlos<\/strong>! Das Programm finden Sie <a href=\"https:\/\/netzwerkrecherche.org\/nr-termine-archive\/termine\/konferenzen\/fachkonferenzen\/journalismus-macht-schule\/programm-journalismus-macht-schule-2021\/\" target=\"_blank\" rel=\"noopener\">hier<\/a>.<\/p>\n<p>Organisiert wird die Tagung von Netzwerk Recherche in Kooperation mit Journalist:innen u.a. der S\u00fcddeutschen Zeitung, der ZEIT, von ARD und ZDF sowie der Reporterfabrik, mit Lehrenden, die in der Fortbildung aktiv sind, mit Wissenschaftler:innen, Vertretern von Verlegerverb\u00e4nden, von Landeszentralen f\u00fcr politische Bildung u.v.m.<\/p>\n<p>Weitere Informationen zur Initiative \"Journalismus macht Schule\" finden Sie <a href=\"https:\/\/journalismus-macht-schule.org\/\">hier<\/a>.<\/p>\n<p style=\"text-align: center;\">* * *<\/p>\n<p>Medienkompetenz ist heute f\u00fcr Jugendliche so wichtig wie Biologie und Mathematik. Sch\u00fclerinnen und Sch\u00fcler m\u00fcssen pr\u00e4zise verstehen lernen, wie Informations-Vermittlung funktioniert und welche Chancen und Risiken sie birgt, auf allen Kan\u00e4len.<\/p>\n<p><img loading=\"lazy\" decoding=\"async\" class=\"alignleft wp-image-19653 size-medium\" src=\"https:\/\/netzwerkrecherche.org\/nr-termine-archive\/wp-content\/uploads\/sites\/19\/2020\/03\/JmS_Logo_M-300x72.jpg\" alt=\"\" width=\"300\" height=\"72\" srcset=\"https:\/\/netzwerkrecherche.org\/nr-termine-archive\/wp-content\/uploads\/sites\/19\/2020\/03\/JmS_Logo_M-300x72.jpg 300w, https:\/\/netzwerkrecherche.org\/nr-termine-archive\/wp-content\/uploads\/sites\/19\/2020\/03\/JmS_Logo_M.jpg 762w\" sizes=\"auto, (max-width: 300px) 100vw, 300px\" \/>Diese Aufgabe ist umrissen im KMK-Beschluss \u201eBildung in der digitalen Welt\u201c. Um die Lehrenden bei dieser Aufgabe zu unterst\u00fctzen, engagieren sich seit mehreren Jahren zahlreiche Redaktionen und Journalisten mit praxisnahen Projekten in den Schulen. Erstmals werden nun all die unterschiedlichen Initiativen bei einer bundesweiten Konferenz in Berlin zusammenkommen. Das Treffen soll dazu beitragen, die Vielfalt regionaler Aktivit\u00e4ten zu einer gemeinsamen, koordinierten, nachhaltigen Anstrengung auszubauen.<\/p>\n<p>Das Ziel der \"Journalismus macht Schule\"-Konferenz ist<\/p>\n<ul>\n<li>der Erfahrungsaustausch unter Journalist:innen und Lehrenden,<\/li>\n<li>die Organisation einer zuk\u00fcnftigen Vernetzung auf Landes- und Bundesebene,<\/li>\n<li>die Formulierung von Anregungen an Kultusministerien, Institute der Lehrerbildung und Lehrerfortbildung und Landesmedienanstalten,<\/li>\n<li>die Diskussion multimedialer Unterrichtsformen,<\/li>\n<li>die Erarbeitung von Unterrichtsmodulen zum Thema Nachrichtenkompetenz.<\/li>\n<\/ul>\n<section><\/section>\n<\/div>\n<\/div><\/div><\/div><\/div><div id=\"pgc-19094-0-1\"  class=\"panel-grid-cell\" ><div id=\"panel-19094-0-1-0\" class=\"so-panel widget_text panel-first-child\" data-index=\"1\" >\t\t\t<div class=\"textwidget\"><p>Die Konferenz wird veranstaltet in Kooperation mit:<\/p>\n<\/div>\n\t\t<\/div><div id=\"panel-19094-0-1-1\" class=\"so-panel widget_media_image\" data-index=\"2\" ><a href=\"https:\/\/netzwerkrecherche.org\/nr-termine-archive\/wp-content\/uploads\/sites\/19\/2020\/03\/DTS_Label_3C_n_DE.jpg\"><img loading=\"lazy\" decoding=\"async\" width=\"300\" height=\"300\" src=\"https:\/\/netzwerkrecherche.org\/nr-termine-archive\/wp-content\/uploads\/sites\/19\/2020\/03\/DTS_Label_3C_n_DE-300x300.jpg\" class=\"image wp-image-19648  attachment-medium size-medium\" alt=\"\" style=\"max-width: 100%; height: auto;\" srcset=\"https:\/\/netzwerkrecherche.org\/nr-termine-archive\/wp-content\/uploads\/sites\/19\/2020\/03\/DTS_Label_3C_n_DE-300x300.jpg 300w, https:\/\/netzwerkrecherche.org\/nr-termine-archive\/wp-content\/uploads\/sites\/19\/2020\/03\/DTS_Label_3C_n_DE-1024x1024.jpg 1024w, https:\/\/netzwerkrecherche.org\/nr-termine-archive\/wp-content\/uploads\/sites\/19\/2020\/03\/DTS_Label_3C_n_DE-150x150.jpg 150w, https:\/\/netzwerkrecherche.org\/nr-termine-archive\/wp-content\/uploads\/sites\/19\/2020\/03\/DTS_Label_3C_n_DE-768x768.jpg 768w, https:\/\/netzwerkrecherche.org\/nr-termine-archive\/wp-content\/uploads\/sites\/19\/2020\/03\/DTS_Label_3C_n_DE-50x50.jpg 50w, https:\/\/netzwerkrecherche.org\/nr-termine-archive\/wp-content\/uploads\/sites\/19\/2020\/03\/DTS_Label_3C_n_DE-500x500.jpg 500w, https:\/\/netzwerkrecherche.org\/nr-termine-archive\/wp-content\/uploads\/sites\/19\/2020\/03\/DTS_Label_3C_n_DE.jpg 1181w\" sizes=\"auto, (max-width: 300px) 100vw, 300px\" \/><\/a><\/div><div id=\"panel-19094-0-1-2\" class=\"so-panel widget_text\" data-index=\"3\" >\t\t\t<div class=\"textwidget\"><p>Die Konferenz wird gef\u00f6rdert von:<\/p>\n<\/div>\n\t\t<\/div><div id=\"panel-19094-0-1-3\" class=\"so-panel widget_media_image\" data-index=\"4\" ><img loading=\"lazy\" decoding=\"async\" width=\"1518\" height=\"806\" src=\"https:\/\/netzwerkrecherche.org\/nr-termine-archive\/wp-content\/uploads\/sites\/19\/2020\/03\/WBM2ZG_A_RGB_gefoerdert.jpg\" class=\"image wp-image-19652  attachment-full size-full\" alt=\"\" style=\"max-width: 100%; height: auto;\" srcset=\"https:\/\/netzwerkrecherche.org\/nr-termine-archive\/wp-content\/uploads\/sites\/19\/2020\/03\/WBM2ZG_A_RGB_gefoerdert.jpg 1518w, https:\/\/netzwerkrecherche.org\/nr-termine-archive\/wp-content\/uploads\/sites\/19\/2020\/03\/WBM2ZG_A_RGB_gefoerdert-300x159.jpg 300w, https:\/\/netzwerkrecherche.org\/nr-termine-archive\/wp-content\/uploads\/sites\/19\/2020\/03\/WBM2ZG_A_RGB_gefoerdert-1024x544.jpg 1024w, https:\/\/netzwerkrecherche.org\/nr-termine-archive\/wp-content\/uploads\/sites\/19\/2020\/03\/WBM2ZG_A_RGB_gefoerdert-768x408.jpg 768w\" sizes=\"auto, (max-width: 1518px) 100vw, 1518px\" \/><\/div><div id=\"panel-19094-0-1-4\" class=\"so-panel widget_media_image\" data-index=\"5\" ><img loading=\"lazy\" decoding=\"async\" width=\"490\" height=\"320\" src=\"https:\/\/netzwerkrecherche.org\/nr-termine-archive\/wp-content\/uploads\/sites\/19\/2020\/03\/HES_LOGO_V2_VKL_GEF_RGB_OSZ.jpg\" class=\"image wp-image-19656  attachment-490x320 size-490x320\" alt=\"\" style=\"max-width: 100%; height: auto;\" srcset=\"https:\/\/netzwerkrecherche.org\/nr-termine-archive\/wp-content\/uploads\/sites\/19\/2020\/03\/HES_LOGO_V2_VKL_GEF_RGB_OSZ.jpg 590w, https:\/\/netzwerkrecherche.org\/nr-termine-archive\/wp-content\/uploads\/sites\/19\/2020\/03\/HES_LOGO_V2_VKL_GEF_RGB_OSZ-300x196.jpg 300w\" sizes=\"auto, (max-width: 490px) 100vw, 490px\" \/><\/div><div id=\"panel-19094-0-1-5\" class=\"so-panel widget_media_image panel-last-child\" data-index=\"6\" ><img loading=\"lazy\" decoding=\"async\" width=\"2560\" height=\"1075\" src=\"https:\/\/netzwerkrecherche.org\/nr-termine-archive\/wp-content\/uploads\/sites\/19\/2020\/03\/Logo-Stiftung-Stiftung-Presse-Haus-NRZ-scaled.jpg\" class=\"image wp-image-19649  attachment-full size-full\" alt=\"\" style=\"max-width: 100%; height: auto;\" srcset=\"https:\/\/netzwerkrecherche.org\/nr-termine-archive\/wp-content\/uploads\/sites\/19\/2020\/03\/Logo-Stiftung-Stiftung-Presse-Haus-NRZ-scaled.jpg 2560w, https:\/\/netzwerkrecherche.org\/nr-termine-archive\/wp-content\/uploads\/sites\/19\/2020\/03\/Logo-Stiftung-Stiftung-Presse-Haus-NRZ-300x126.jpg 300w, https:\/\/netzwerkrecherche.org\/nr-termine-archive\/wp-content\/uploads\/sites\/19\/2020\/03\/Logo-Stiftung-Stiftung-Presse-Haus-NRZ-1024x430.jpg 1024w, https:\/\/netzwerkrecherche.org\/nr-termine-archive\/wp-content\/uploads\/sites\/19\/2020\/03\/Logo-Stiftung-Stiftung-Presse-Haus-NRZ-768x323.jpg 768w, https:\/\/netzwerkrecherche.org\/nr-termine-archive\/wp-content\/uploads\/sites\/19\/2020\/03\/Logo-Stiftung-Stiftung-Presse-Haus-NRZ-1536x645.jpg 1536w, https:\/\/netzwerkrecherche.org\/nr-termine-archive\/wp-content\/uploads\/sites\/19\/2020\/03\/Logo-Stiftung-Stiftung-Presse-Haus-NRZ-2048x860.jpg 2048w\" sizes=\"auto, (max-width: 2560px) 100vw, 2560px\" \/><\/div><\/div><\/div><\/div><\/div>","protected":false},"excerpt":{"rendered":"<p>Wie erkennen Sch\u00fcler:innen Fake News? Was sind seri\u00f6se Nachrichtenquellen? Und wie arbeiten eigentlich Redaktionen? Seit vielen Jahren geben Journalist:innen dieses Wissen bei Unterrichtsbesuchen an Sch\u00fcler:innen weiter. Wie das am besten gelingt, worauf teilnehmende Medienschaffende sowie Klassen achten sollten und wie interessierte Lehrkr\u00e4fte \u00fcberhaupt mit engagierten Journalist:innen zusammengebracht werden k\u00f6nnen, darum soll es auf einer Online-Konferenz [&hellip;]<\/p>\n","protected":false},"author":1,"featured_media":25171,"parent":38,"menu_order":0,"comment_status":"closed","ping_status":"closed","template":"","meta":{"_acf_changed":false,"footnotes":""},"class_list":["post-19094","page","type-page","status-publish","has-post-thumbnail","hentry"],"acf":[],"_links":{"self":[{"href":"https:\/\/netzwerkrecherche.org\/nr-termine-archive\/wp-json\/wp\/v2\/pages\/19094","targetHints":{"allow":["GET"]}}],"collection":[{"href":"https:\/\/netzwerkrecherche.org\/nr-termine-archive\/wp-json\/wp\/v2\/pages"}],"about":[{"href":"https:\/\/netzwerkrecherche.org\/nr-termine-archive\/wp-json\/wp\/v2\/types\/page"}],"author":[{"embeddable":true,"href":"https:\/\/netzwerkrecherche.org\/nr-termine-archive\/wp-json\/wp\/v2\/users\/1"}],"replies":[{"embeddable":true,"href":"https:\/\/netzwerkrecherche.org\/nr-termine-archive\/wp-json\/wp\/v2\/comments?post=19094"}],"version-history":[{"count":54,"href":"https:\/\/netzwerkrecherche.org\/nr-termine-archive\/wp-json\/wp\/v2\/pages\/19094\/revisions"}],"predecessor-version":[{"id":25246,"href":"https:\/\/netzwerkrecherche.org\/nr-termine-archive\/wp-json\/wp\/v2\/pages\/19094\/revisions\/25246"}],"up":[{"embeddable":true,"href":"https:\/\/netzwerkrecherche.org\/nr-termine-archive\/wp-json\/wp\/v2\/pages\/38"}],"wp:featuredmedia":[{"embeddable":true,"href":"https:\/\/netzwerkrecherche.org\/nr-termine-archive\/wp-json\/wp\/v2\/media\/25171"}],"wp:attachment":[{"href":"https:\/\/netzwerkrecherche.org\/nr-termine-archive\/wp-json\/wp\/v2\/media?parent=19094"}],"curies":[{"name":"wp","href":"https:\/\/api.w.org\/{rel}","templated":true}]}}