{"id":19920,"date":"2020-06-03T13:36:23","date_gmt":"2020-06-03T11:36:23","guid":{"rendered":"https:\/\/netzwerkrecherche.org\/nr-termine-archive\/?page_id=19920"},"modified":"2025-07-15T11:26:58","modified_gmt":"2025-07-15T09:26:58","slug":"programm","status":"publish","type":"page","link":"https:\/\/netzwerkrecherche.org\/nr-termine-archive\/termine\/konferenzen\/jahreskonferenzen\/nr-jahreskonferenz-2020\/programm\/","title":{"rendered":"Programm"},"content":{"rendered":"<div id=\"pl-19920\"  class=\"panel-layout\" ><div id=\"pg-19920-0\"  class=\"panel-grid panel-no-style\" ><div id=\"pgc-19920-0-0\"  class=\"panel-grid-cell\" ><div id=\"panel-19920-0-0-0\" class=\"so-panel widget_sow-editor panel-first-child panel-last-child\" data-index=\"0\" ><div\n\t\t\t\n\t\t\tclass=\"so-widget-sow-editor so-widget-sow-editor-base\"\n\t\t\t\n\t\t><h3 class=\"widget-title\">Das Programm der nr20-Webinarreihe<\/h3>\n<div class=\"siteorigin-widget-tinymce textwidget\">\n\t<p>Das vorliegende Programm wird laufend aktualisiert und erg\u00e4nzt. \u00c4nderungen im Ablauf sind bis zum Veranstaltungsbeginn und auch w\u00e4hrend der Konferenz m\u00f6glich. \u00dcber aktuelle \u00c4nderungen informieren wir dann auch via Twitter: <a href=\"https:\/\/twitter.com\/nrecherche\">@nrecherche<\/a> \/ <a href=\"https:\/\/twitter.com\/search?q=%23nr20\">#nr20<\/a><\/p>\n<\/div>\n<\/div><\/div><\/div><\/div><div id=\"pg-19920-1\"  class=\"panel-grid panel-no-style\" ><div id=\"pgc-19920-1-0\"  class=\"panel-grid-cell\" ><div id=\"panel-19920-1-0-0\" class=\"so-panel widget_sow-button panel-first-child panel-last-child\" data-index=\"1\" ><div\n\t\t\t\n\t\t\tclass=\"so-widget-sow-button so-widget-sow-button-wire-fab937c0dead-19920\"\n\t\t\t\n\t\t><div class=\"ow-button-base ow-button-align-justify\"\n style=\"display: block;\">\n\t\t\t<a\n\t\t\t\t\thref=\"https:\/\/nr20.sched.com\/\"\n\t\t\t\t\tclass=\"sowb-button ow-icon-placement-left ow-button-hover\" \t>\n\t\t<span>\n\t\t\t<span class=\"sow-icon-fontawesome sow-fas\" data-sow-icon=\"&#xf00b;\"\n\t\tstyle=\"\" \n\t\taria-hidden=\"true\"><\/span>\n\t\t\tOnline-Programm\t\t<\/span>\n\t\t\t<\/a>\n\t<\/div>\n<\/div><\/div><\/div><div id=\"pgc-19920-1-1\"  class=\"panel-grid-cell\" ><div id=\"panel-19920-1-1-0\" class=\"so-panel widget_sow-button panel-first-child panel-last-child\" data-index=\"2\" ><div\n\t\t\t\n\t\t\tclass=\"so-widget-sow-button so-widget-sow-button-wire-fab937c0dead-19920\"\n\t\t\t\n\t\t><div class=\"ow-button-base ow-button-align-justify\"\n style=\"display: block;\">\n\t\t\t<a\n\t\t\t\t\thref=\"https:\/\/nr20.sched.com\/list\/descriptions\/\"\n\t\t\t\t\tclass=\"sowb-button ow-icon-placement-left ow-button-hover\" \t>\n\t\t<span>\n\t\t\t<span class=\"sow-icon-fontawesome sow-fas\" data-sow-icon=\"&#xf0ce;\"\n\t\tstyle=\"\" \n\t\taria-hidden=\"true\"><\/span>\n\t\t\tProgramm (Details)\t\t<\/span>\n\t\t\t<\/a>\n\t<\/div>\n<\/div><\/div><\/div><div id=\"pgc-19920-1-2\"  class=\"panel-grid-cell\" ><div id=\"panel-19920-1-2-0\" class=\"so-panel widget_sow-button panel-first-child panel-last-child\" data-index=\"3\" ><div\n\t\t\t\n\t\t\tclass=\"so-widget-sow-button so-widget-sow-button-wire-fab937c0dead-19920\"\n\t\t\t\n\t\t><div class=\"ow-button-base ow-button-align-justify\"\n style=\"display: block;\">\n\t\t\t<a\n\t\t\t\t\thref=\"https:\/\/nr20.sched.com\/mobile\"\n\t\t\t\t\tclass=\"sowb-button ow-icon-placement-left ow-button-hover\" \t>\n\t\t<span>\n\t\t\t<span class=\"sow-icon-fontawesome sow-fas\" data-sow-icon=\"&#xf3cd;\"\n\t\tstyle=\"\" \n\t\taria-hidden=\"true\"><\/span>\n\t\t\tMobile Web-App\t\t<\/span>\n\t\t\t<\/a>\n\t<\/div>\n<\/div><\/div><\/div><div id=\"pgc-19920-1-3\"  class=\"panel-grid-cell panel-grid-cell-mobile-last\" ><div id=\"panel-19920-1-3-0\" class=\"so-panel widget_sow-button panel-first-child panel-last-child\" data-index=\"4\" ><div\n\t\t\t\n\t\t\tclass=\"so-widget-sow-button so-widget-sow-button-wire-fab937c0dead-19920\"\n\t\t\t\n\t\t><div class=\"ow-button-base ow-button-align-justify\"\n style=\"display: block;\">\n\t\t\t<a\n\t\t\t\t\thref=\"https:\/\/nr20.sched.com\/directory\/speakers\"\n\t\t\t\t\tclass=\"sowb-button ow-icon-placement-left ow-button-hover\" \t>\n\t\t<span>\n\t\t\t<span class=\"sow-icon-fontawesome sow-fas\" data-sow-icon=\"&#xf1ae;\"\n\t\tstyle=\"\" \n\t\taria-hidden=\"true\"><\/span>\n\t\t\tReferent*innen\t\t<\/span>\n\t\t\t<\/a>\n\t<\/div>\n<\/div><\/div><\/div><div id=\"pgc-19920-1-4\"  class=\"panel-grid-cell panel-grid-cell-empty\" ><\/div><\/div><div id=\"pg-19920-2\"  class=\"panel-grid panel-no-style\" ><div id=\"pgc-19920-2-0\"  class=\"panel-grid-cell\" ><div id=\"panel-19920-2-0-0\" class=\"so-panel widget_text panel-first-child panel-last-child\" data-index=\"5\" >\t\t\t<div class=\"textwidget\"><p><strong>K\u00f6nnen Sie die Sched-\u00dcbersichten nicht laden? Dann finden Sie hier PDF\u00b4s der<\/strong><\/p>\n<ul>\n<li><a href=\"https:\/\/netzwerkrecherche.org\/nr-termine-archive\/wp-content\/uploads\/sites\/19\/2022\/11\/nr20-jun-simple.pdf\"><strong>Programm\u00fcbersicht (einfach)<\/strong><\/a><\/li>\n<li><a href=\"https:\/\/netzwerkrecherche.org\/nr-termine-archive\/wp-content\/uploads\/sites\/19\/2022\/11\/nr20-jun-detailed.pdf\"><strong>Programm\u00fcbersicht mit Panelbeschreibung<\/strong><\/a><\/li>\n<\/ul>\n<\/div>\n\t\t<\/div><\/div><\/div><div id=\"pg-19920-3\"  class=\"panel-grid panel-no-style\" ><div id=\"pgc-19920-3-0\"  class=\"panel-grid-cell\" ><div id=\"panel-19920-3-0-0\" class=\"so-panel widget_text panel-first-child panel-last-child\" data-index=\"6\" >\t\t\t<div class=\"textwidget\"><a id=\"sched-embed\" href=\"https:\/\/nr20.sched.com\/\">Hier klicken, um zum nr20-Programm zu gelangen.<\/a>\n<\/div>\n\t\t<\/div><\/div><div id=\"pgc-19920-3-1\"  class=\"panel-grid-cell\" ><div id=\"panel-19920-3-1-0\" class=\"so-panel widget_sow-editor panel-first-child\" data-index=\"7\" ><div\n\t\t\t\n\t\t\tclass=\"so-widget-sow-editor so-widget-sow-editor-base\"\n\t\t\t\n\t\t>\n<div class=\"siteorigin-widget-tinymce textwidget\">\n\t<p style=\"text-align: right;\">Anzeigen<\/p>\n<\/div>\n<\/div><\/div><div id=\"panel-19920-3-1-1\" class=\"so-panel widget_sow-image panel-last-child\" data-index=\"8\" ><div\n\t\t\t\n\t\t\tclass=\"so-widget-sow-image so-widget-sow-image-default-8b5b6f678277-19920\"\n\t\t\t\n\t\t>\n<div class=\"sow-image-container\">\n\t\t\t<a href=\"https:\/\/journalistenschule-ifp.de\/weiterbildung\"\n\t\t\ttarget=\"_blank\" rel=\"noopener noreferrer\" \t\t>\n\t\t\t<img \n\tsrc=\"https:\/\/netzwerkrecherche.org\/nr-termine-archive\/wp-content\/uploads\/sites\/19\/2020\/03\/Banner-ifp-NR-26-3-20-b.jpg\" width=\"600\" height=\"160\" srcset=\"https:\/\/netzwerkrecherche.org\/nr-termine-archive\/wp-content\/uploads\/sites\/19\/2020\/03\/Banner-ifp-NR-26-3-20-b.jpg 600w, https:\/\/netzwerkrecherche.org\/nr-termine-archive\/wp-content\/uploads\/sites\/19\/2020\/03\/Banner-ifp-NR-26-3-20-b-300x80.jpg 300w\" sizes=\"(max-width: 600px) 100vw, 600px\" alt=\"Bildanzeige ifp nnr183\" \t\tclass=\"so-widget-image\"\/>\n\t\t\t<\/a><\/div>\n\n<\/div><\/div><\/div><\/div><\/div>","protected":false},"excerpt":{"rendered":"<p>Das vorliegende Programm wird laufend aktualisiert und erg\u00e4nzt. \u00c4nderungen im Ablauf sind bis zum Veranstaltungsbeginn und auch w\u00e4hrend der Konferenz m\u00f6glich. \u00dcber aktuelle \u00c4nderungen informieren wir dann auch via Twitter: @nrecherche \/ #nr20<\/p>\n","protected":false},"author":1,"featured_media":19989,"parent":18163,"menu_order":0,"comment_status":"open","ping_status":"closed","template":"","meta":{"_acf_changed":false,"footnotes":""},"class_list":["post-19920","page","type-page","status-publish","has-post-thumbnail","hentry"],"acf":[],"_links":{"self":[{"href":"https:\/\/netzwerkrecherche.org\/nr-termine-archive\/wp-json\/wp\/v2\/pages\/19920","targetHints":{"allow":["GET"]}}],"collection":[{"href":"https:\/\/netzwerkrecherche.org\/nr-termine-archive\/wp-json\/wp\/v2\/pages"}],"about":[{"href":"https:\/\/netzwerkrecherche.org\/nr-termine-archive\/wp-json\/wp\/v2\/types\/page"}],"author":[{"embeddable":true,"href":"https:\/\/netzwerkrecherche.org\/nr-termine-archive\/wp-json\/wp\/v2\/users\/1"}],"replies":[{"embeddable":true,"href":"https:\/\/netzwerkrecherche.org\/nr-termine-archive\/wp-json\/wp\/v2\/comments?post=19920"}],"version-history":[{"count":31,"href":"https:\/\/netzwerkrecherche.org\/nr-termine-archive\/wp-json\/wp\/v2\/pages\/19920\/revisions"}],"predecessor-version":[{"id":31282,"href":"https:\/\/netzwerkrecherche.org\/nr-termine-archive\/wp-json\/wp\/v2\/pages\/19920\/revisions\/31282"}],"up":[{"embeddable":true,"href":"https:\/\/netzwerkrecherche.org\/nr-termine-archive\/wp-json\/wp\/v2\/pages\/18163"}],"wp:featuredmedia":[{"embeddable":true,"href":"https:\/\/netzwerkrecherche.org\/nr-termine-archive\/wp-json\/wp\/v2\/media\/19989"}],"wp:attachment":[{"href":"https:\/\/netzwerkrecherche.org\/nr-termine-archive\/wp-json\/wp\/v2\/media?parent=19920"}],"curies":[{"name":"wp","href":"https:\/\/api.w.org\/{rel}","templated":true}]}}