{"id":21089,"date":"2020-08-11T11:50:52","date_gmt":"2020-08-11T09:50:52","guid":{"rendered":"https:\/\/netzwerkrecherche.org\/nr-termine-archive\/?page_id=21089"},"modified":"2024-10-02T12:07:28","modified_gmt":"2024-10-02T10:07:28","slug":"nr14","status":"publish","type":"page","link":"https:\/\/netzwerkrecherche.org\/nr-termine-archive\/termine\/konferenzen\/jahreskonferenzen\/nr14\/","title":{"rendered":"nr-Jahreskonferenz 2014"},"content":{"rendered":"<div id=\"attachment_169\" style=\"width: 610px\" class=\"wp-caption alignright\"><img loading=\"lazy\" decoding=\"async\" aria-describedby=\"caption-attachment-169\" class=\"wp-image-169 size-full\" src=\"https:\/\/netzwerkrecherche.org\/nr-termine-archive\/wp-content\/uploads\/sites\/19\/2014\/06\/nr14-illustration-web.jpg\" alt=\"\" width=\"600\" height=\"400\" srcset=\"https:\/\/netzwerkrecherche.org\/nr-termine-archive\/wp-content\/uploads\/sites\/19\/2014\/06\/nr14-illustration-web.jpg 600w, https:\/\/netzwerkrecherche.org\/nr-termine-archive\/wp-content\/uploads\/sites\/19\/2014\/06\/nr14-illustration-web-300x200.jpg 300w\" sizes=\"auto, (max-width: 600px) 100vw, 600px\" \/><p id=\"caption-attachment-169\" class=\"wp-caption-text\">Illustration: Vincent Burmeister<\/p><\/div>\n<p><strong>\u201eyou\u2019ll never walk alone\u201c \u2013 R\u00fcckblick nr-Jahreskonferenz 2014<\/strong><\/p>\n<div class=\"textwidget\">\n<div id=\"panel-home-1-0-0\" class=\"panel widget widget_text panel-first-child\">\n<div class=\"textwidget\">\n<p>Am 4.\/5. Juli 2014 fand unsere Jahreskonferenz nr14 \u201eyou\u2019ll never walk alone\u201c im NDR-Geb\u00e4ude in Hamburg statt. Debatten, Workshops und Erz\u00e4hlcaf\u00e9s u.a. zu \u00dcberwachung und sicherer Kommunikation, Crowdfunding, Vernetzung, zur Kooperation zwischen Redaktionen national &amp; international, zu Multimedia-Reportagen, Datenjournalismus, Online-Recherche, zur Arbeit von Journalisten und Stringern in gef\u00e4hrlichen Gebieten\u2026<\/p>\n<p><strong>Dokumentation &amp; Projekte:<\/strong><\/p>\n<p>Konferenzzeitung &#8220;Nestbeschmutzer&#8221;: <a href=\"https:\/\/issuu.com\/netzwerkrecherche\/docs\/nestbeschmutzer_2014_\">nrch.de\/nestbe14<\/a><\/p>\n<p>Mitschnitte: <a href=\"https:\/\/www.isarrunde.de\/tag\/nr14\">isarrunde.de\/nr14<\/a><\/p>\n<p>nr14-Pad: <a href=\"https:\/\/netzwerkrecherche.org\/nr-termine-archive\/termine\/konferenzen\/jahreskonferenzen\/nr14\/pad14\/\">Pad14<\/a><\/p>\n<p>Frag den Dienst \u2013 nr-Generator f\u00fcr Auskunftsersuchen bei Geheimdiensten: <a href=\"https:\/\/netzwerkrecherche.org\/nr-termine-archive\/handwerk\/frag-den-dienst\/frag-den-dienst-einleitung\/\">nrch.de\/fragdendienst<\/a><\/p>\n<p>nr-Auskunftsrechte-Datenbank &#8220;Urteile zu Landespressegesetzen&#8221;: <a href=\"http:\/\/auskunftsrecht.netzwerkrecherche.de\/\">nrch.de\/auskunftsrecht<\/a><\/p>\n<p>E-Book &#8220;<a href=\"https:\/\/netzwerkrecherche.org\/nr-termine-archive\/blog\/e-book-zu-datenjournalismus-erschienen\/\">Datenjournalismus &#8217;14 und weitere Schwerpunkte der nr-Jahreskonferenz<\/a>&#8221;<\/p>\n<p>&nbsp;<\/p>\n<\/div>\n<header class=\"entry-header\">\n<h3 class=\"entry-title\">Viel Kompetenz und Prominenz bei der 13. Jahrestagung von Netzwerk Recherche<\/h3>\n<\/header>\n<div class=\"entry-content\">\n<p class=\"p1\">\u201cYou\u2019ll never walk alone\u201d \u2013 so lautet in diesem Jahr das Motto der Jahreskonferenz von Netzwerk Recherche am 4. und 5. Juli 2014 auf dem NDR-Gel\u00e4nde in Hamburg. Damit nimmt die Konferenz von Journalisten f\u00fcr Journalisten gleich zwei journalistische Trends ins Visier: Zum einen die \u201cPressefreiheit in Zeiten der Massen\u00fcberwachung\u201d, zum anderen aber auch die Tendenz zur Kooperation, Zusammenarbeit und Vernetzung von Journalisten \u2013 national, aber auch weltweit.<\/p>\n<p class=\"p1\">Auf die rund 600 Teilnehmer\/innen warten knapp 100 Veranstaltungen. Mehr als 200 Referentinnen und Referenten, davon auch viele aus dem Ausland, versprechen spannende Vortr\u00e4ge und Diskussionen.<\/p>\n<p class=\"p1\">Dabei sind u.a. die \u201cKrautreporter\u201d, die innerhalb von vier Wochen per Crowdfunding fast eine Million Euro f\u00fcr ihr Projekt einsammeln konnten, mehrere Vernetzungsprojekte f\u00fcr freie Kolleginnen und Kollegen und die Chefs der Recherchekooperationen von Verlagen und Sendern. So stellen sich u.a. NDR-Intendant Lutz Marmor und der Leiter des Investigativ-Ressorts der S\u00fcddeutschen Zeitung, Hans Leyendecker, der kontroversen Diskussion um den Rechercheverbund von NDR, WDR und SZ. Aber auch die Verantwortlichen von Kooperationen anderer Sender und Verlage pr\u00e4sentieren ihre Modelle.<\/p>\n<p class=\"p1\">Mit dem Pulitzer-Preistr\u00e4ger Seymour Hersh tritt eine \u201cRecherche-Legende\u201d auf der Jahreskonferenz der Journalistenvereinigung auf. Ebenfalls dabei sind u.a. die Mother-Jones-Chefredakteurin Monika B\u00e4uerlein, Undercover-Spezialist G\u00fcnter Wallraff mit seinem Team, Medienblogger Stefan Niggemeier und weitere preisgekr\u00f6nte Journalistinnen und Journalisten.<\/p>\n<p class=\"p1\">Krisenreporterin Antonia Rados h\u00e4lt in diesem Jahr die Rede zur Lage des Journalismus. Laura Poitras, Luke Harding, Jacob Appelbaum und Sarah Harrison berichten, wie die Enth\u00fcllungen von Edgar Snowden ihre journalistische Arbeit ver\u00e4ndert haben. Daran angelehnt bilden die Themen Online-Recherche (u.a. mit Paul Myers, BBC) und Datenjournalismus einen weiteren Schwerpunkt der Veranstaltung. Als Best-Practice-Beispiele pr\u00e4sentiert die Konferenz herausragende Recherchen wie den ADAC-Skandal oder den Fall Gurlitt, aber auch die Arbeit von YanukovychLeaks in der Ukraine.<\/p>\n<p class=\"p1\">Wie immer spart Netzwerk Recherche auch Kritik an der eigenen Zunft nicht aus: Warum sehen viele Leser, H\u00f6rer und Zuschauer die Berichte \u00fcber die Ukraine und Russland ganz offenkundig kritisch? Was bedeutet es, dass die Grenzen zwischen Journalismus und Aktivismus in Aufl\u00f6sung begriffen sind? Und wie steht es um die F\u00e4higkeit zur Selbstkritik im Journalismus?<\/p>\n<p class=\"p1\">Erstmals werden in diesem Jahr gleich zwei Preise bei der Jahrestagungen verliehen: Mit der <a href=\"https:\/\/netzwerkrecherche.org\/nr-termine-archive\/stipendien-preise\/verschlossene-auster\/verschlossene-auster-2014-adac\/\">Verschlossenen Auster<\/a> ehrt Netzwerk Recherche traditionell den \u201eInformationsblockierer des Jahres\u201c \u2013 und mit dem \u201e<a href=\"https:\/\/netzwerkrecherche.org\/nr-termine-archive\/stipendien-preise\/leuchtturm\/leuchtturm-2014-fuer-bastian-obermayer-und-uwe-ritzer\/\">Leuchtturm f\u00fcr besondere publizistische Leistungen\u201c<\/a> die beste Recherche.<\/p>\n<p class=\"p1\">Das etwas andere Konferenzprogramm bestreiten am Freitagabend \u00d6zlem Gezer (Spiegel), \u00d6zlem Topcu (Zeit), Doris Akrap (taz) und Yassin Musharbash (Zeit) mit ihrem \u201eHate Poetry\u201c: Leserbriefe und Kommentare zu ihren Beitr\u00e4gen, bei denen einem das Lachen im Halse stecken bleibt. Und, so viel WM muss sein: Falls es Deutschland bis ins Viertelfinale schafft, gibt es nat\u00fcrlich auch am Freitag (4. Juli) um 18 Uhr Fu\u00dfball zu sehen.<\/p>\n<p class=\"p1\">Hinweis: Die Tagung wird von mehreren Organisationen unterst\u00fctzt. Sie findet wie immer im Konferenzzentrum des Hauptsponsors NDR in Hamburg-Lokstedt (Hugh Greene Weg 1) statt. Das Programm wird unter\u00a0<a href=\"https:\/\/nr14.sched.com\/\">nrch.de\/nr14<\/a> st\u00e4ndig aktualisiert.<\/p>\n<\/div>\n<div class=\"textwidget\">\n<p>&nbsp;<\/p>\n<\/div>\n<\/div>\n<\/div>\n","protected":false},"excerpt":{"rendered":"<p>\u201eyou\u2019ll never walk alone\u201c \u2013 R\u00fcckblick nr-Jahreskonferenz 2014 Am 4.\/5. Juli 2014 fand unsere Jahreskonferenz nr14 \u201eyou\u2019ll never walk alone\u201c im NDR-Geb\u00e4ude in Hamburg statt. Debatten, Workshops und Erz\u00e4hlcaf\u00e9s u.a. zu \u00dcberwachung und sicherer Kommunikation, Crowdfunding, Vernetzung, zur Kooperation zwischen Redaktionen national &amp; international, zu Multimedia-Reportagen, Datenjournalismus, Online-Recherche, zur Arbeit von Journalisten und Stringern in [&hellip;]<\/p>\n","protected":false},"author":5,"featured_media":169,"parent":36,"menu_order":0,"comment_status":"open","ping_status":"open","template":"","meta":{"_acf_changed":false,"footnotes":""},"class_list":["post-21089","page","type-page","status-publish","has-post-thumbnail","hentry"],"acf":[],"_links":{"self":[{"href":"https:\/\/netzwerkrecherche.org\/nr-termine-archive\/wp-json\/wp\/v2\/pages\/21089","targetHints":{"allow":["GET"]}}],"collection":[{"href":"https:\/\/netzwerkrecherche.org\/nr-termine-archive\/wp-json\/wp\/v2\/pages"}],"about":[{"href":"https:\/\/netzwerkrecherche.org\/nr-termine-archive\/wp-json\/wp\/v2\/types\/page"}],"author":[{"embeddable":true,"href":"https:\/\/netzwerkrecherche.org\/nr-termine-archive\/wp-json\/wp\/v2\/users\/5"}],"replies":[{"embeddable":true,"href":"https:\/\/netzwerkrecherche.org\/nr-termine-archive\/wp-json\/wp\/v2\/comments?post=21089"}],"version-history":[{"count":14,"href":"https:\/\/netzwerkrecherche.org\/nr-termine-archive\/wp-json\/wp\/v2\/pages\/21089\/revisions"}],"predecessor-version":[{"id":34056,"href":"https:\/\/netzwerkrecherche.org\/nr-termine-archive\/wp-json\/wp\/v2\/pages\/21089\/revisions\/34056"}],"up":[{"embeddable":true,"href":"https:\/\/netzwerkrecherche.org\/nr-termine-archive\/wp-json\/wp\/v2\/pages\/36"}],"wp:featuredmedia":[{"embeddable":true,"href":"https:\/\/netzwerkrecherche.org\/nr-termine-archive\/wp-json\/wp\/v2\/media\/169"}],"wp:attachment":[{"href":"https:\/\/netzwerkrecherche.org\/nr-termine-archive\/wp-json\/wp\/v2\/media?parent=21089"}],"curies":[{"name":"wp","href":"https:\/\/api.w.org\/{rel}","templated":true}]}}