{"id":21272,"date":"2020-09-10T11:11:07","date_gmt":"2020-09-10T09:11:07","guid":{"rendered":"https:\/\/netzwerkrecherche.org\/nr-termine-archive\/?page_id=21272"},"modified":"2024-10-02T12:07:29","modified_gmt":"2024-10-02T10:07:29","slug":"september-webinar","status":"publish","type":"page","link":"https:\/\/netzwerkrecherche.org\/nr-termine-archive\/termine\/konferenzen\/jahreskonferenzen\/nr-jahreskonferenz-2020\/september-webinar\/","title":{"rendered":"September-Webinar"},"content":{"rendered":"<div id=\"panel-18163-0-0-0\" class=\"so-panel widget widget_sow-editor panel-first-child\" data-index=\"0\">\n<div class=\"so-widget-sow-editor so-widget-sow-editor-base\">\n<div class=\"siteorigin-widget-tinymce textwidget\">\n<h3>nr20plus \u2013 Fortsetzung der nr20-Webinare am 26. September<\/h3>\n<p><strong>\u2192 <\/strong><strong><a href=\"https:\/\/netzwerkrecherche.org\/nr-termine-archive\/termine\/konferenzen\/jahreskonferenzen\/nr-jahreskonferenz-2020\/programm-nr20plus\/\">September-Programm<\/a><br \/>\n\u2192 <a href=\"http:\/\/nrch.de\/nr20pluspad\">September-Pad<\/a><\/strong><br \/>\n\u2192 <a href=\"http:\/\/nrch.de\/webinaraufzeichnungen\"><strong>Mitschnitte einzelnder Sessions<\/strong><\/a><\/p>\n<p>Am Samstag, den 26. September, haben wir von den Referent:innen mehr dar\u00fcber erfahren, worauf man achten sollte, wenn man \u00fcber Rechtsextreme berichtet (und mit ihnen spricht), wie man Datenspuren im Netz verfolgt und wie der deutsche Journalismus mehr nicht-wei\u00dfe Recherchen bekommt. Au\u00dferdem stellten sich die Gewinner:innen unserer Grow-Gr\u00fcnder-Stipendien vor und auch weitere innovative Medienprojekte, z.B. RUMS, das digitalen, unabh\u00e4ngigen und konstruktiven Journalismus f\u00fcr M\u00fcnster verspricht.<\/p>\n<p><strong>Die Teilnahme war kostenlos \u2013 <\/strong>Netzwerk Recherche freut sich \u00fcber <strong><a href=\"https:\/\/netzwerkrecherche.org\/nr-termine-archive\/ueber-uns\/spenden\/\">Spenden<\/a><\/strong> und <a href=\"https:\/\/netzwerkrecherche.org\/nr-termine-archive\/ueber-uns\/mitglied-werden\/\"><strong>neue Mitglieder<\/strong><\/a>.<\/p>\n<p>Mit dabei u.a. <strong>Melanie Bergermann<\/strong> (Wirtschaftswoche), <strong>Hakan Tanriverdi<\/strong> (BR), <strong>Anna Behrend<\/strong> (NOZ Medien und mh:n Medien), <strong>Max Hoppenstedt<\/strong> (Der Spiegel), <strong>Alexandra Haderlein<\/strong> (Lokalblog N\u00fcrnberg), <strong>Christian Zeier<\/strong> (Reflekt.ch), <strong>Asli \u00d6zarslan<\/strong> (Filmemacherin), <strong>Mohamed Amjahid<\/strong> (Autor), <strong>Svea Eckert<\/strong> (Autorin NDR\/ARD), <strong>Daniel Drepper<\/strong> (Buzzfeed News Deutschland\/Netzwerk Recherche), <strong>Julia Stein<\/strong> (NDR\/Netzwerk Recherche), <strong>Ralf Heimann<\/strong> (RUMS), <strong>Astrid Csuraji<\/strong> (Dialogger), <strong>Stefan Niggemeier<\/strong> (\u00dcbermedien), <strong>Bettina Meier<\/strong> (NDR\/Netzwerk Recherche), <strong>Adrian Oeser<\/strong> (Dokumentarfilmer), <strong>Gert Monheim<\/strong> (Netzwerk Recherche, ehem. Die Story, WDR), <strong>Kuno Haberbusch<\/strong> (NDR\/Netzwerk Recherche), <strong>Malte Werner<\/strong> (Netzwerk Recherche)\u2026<\/p>\n<\/div>\n<\/div>\n<\/div>\n","protected":false},"excerpt":{"rendered":"<p>nr20plus \u2013 Fortsetzung der nr20-Webinare am 26. September \u2192 September-Programm \u2192 September-Pad \u2192 Mitschnitte einzelnder Sessions Am Samstag, den 26. September, haben wir von den Referent:innen mehr dar\u00fcber erfahren, worauf man achten sollte, wenn man \u00fcber Rechtsextreme berichtet (und mit ihnen spricht), wie man Datenspuren im Netz verfolgt und wie der deutsche Journalismus mehr nicht-wei\u00dfe [&hellip;]<\/p>\n","protected":false},"author":1,"featured_media":21407,"parent":18163,"menu_order":0,"comment_status":"closed","ping_status":"closed","template":"","meta":{"_acf_changed":false,"footnotes":""},"class_list":["post-21272","page","type-page","status-publish","has-post-thumbnail","hentry"],"acf":[],"_links":{"self":[{"href":"https:\/\/netzwerkrecherche.org\/nr-termine-archive\/wp-json\/wp\/v2\/pages\/21272","targetHints":{"allow":["GET"]}}],"collection":[{"href":"https:\/\/netzwerkrecherche.org\/nr-termine-archive\/wp-json\/wp\/v2\/pages"}],"about":[{"href":"https:\/\/netzwerkrecherche.org\/nr-termine-archive\/wp-json\/wp\/v2\/types\/page"}],"author":[{"embeddable":true,"href":"https:\/\/netzwerkrecherche.org\/nr-termine-archive\/wp-json\/wp\/v2\/users\/1"}],"replies":[{"embeddable":true,"href":"https:\/\/netzwerkrecherche.org\/nr-termine-archive\/wp-json\/wp\/v2\/comments?post=21272"}],"version-history":[{"count":21,"href":"https:\/\/netzwerkrecherche.org\/nr-termine-archive\/wp-json\/wp\/v2\/pages\/21272\/revisions"}],"predecessor-version":[{"id":26422,"href":"https:\/\/netzwerkrecherche.org\/nr-termine-archive\/wp-json\/wp\/v2\/pages\/21272\/revisions\/26422"}],"up":[{"embeddable":true,"href":"https:\/\/netzwerkrecherche.org\/nr-termine-archive\/wp-json\/wp\/v2\/pages\/18163"}],"wp:featuredmedia":[{"embeddable":true,"href":"https:\/\/netzwerkrecherche.org\/nr-termine-archive\/wp-json\/wp\/v2\/media\/21407"}],"wp:attachment":[{"href":"https:\/\/netzwerkrecherche.org\/nr-termine-archive\/wp-json\/wp\/v2\/media?parent=21272"}],"curies":[{"name":"wp","href":"https:\/\/api.w.org\/{rel}","templated":true}]}}