{"id":21274,"date":"2020-09-10T11:13:10","date_gmt":"2020-09-10T09:13:10","guid":{"rendered":"https:\/\/netzwerkrecherche.org\/nr-termine-archive\/?page_id=21274"},"modified":"2025-07-15T11:25:18","modified_gmt":"2025-07-15T09:25:18","slug":"juni-webinare","status":"publish","type":"page","link":"https:\/\/netzwerkrecherche.org\/nr-termine-archive\/termine\/konferenzen\/jahreskonferenzen\/nr-jahreskonferenz-2020\/juni-webinare\/","title":{"rendered":"Juni-Webinare"},"content":{"rendered":"<div id=\"pl-21274\"  class=\"panel-layout\" ><div id=\"pg-21274-0\"  class=\"panel-grid panel-has-style\" ><div class=\"panel-row-style panel-row-style-for-21274-0\" ><div id=\"pgc-21274-0-0\"  class=\"panel-grid-cell\" ><div id=\"panel-21274-0-0-0\" class=\"so-panel widget_sow-editor panel-first-child panel-last-child\" data-index=\"0\" ><div\n\t\t\t\n\t\t\tclass=\"so-widget-sow-editor so-widget-sow-editor-base\"\n\t\t\t\n\t\t>\n<div class=\"siteorigin-widget-tinymce textwidget\">\n\t<h3><a href=\"https:\/\/netzwerkrecherche.org\/nr-termine-archive\/wp-content\/uploads\/sites\/19\/2020\/06\/logo3-coronaundwir-nurtitel.png\"><img loading=\"lazy\" decoding=\"async\" class=\"alignleft size-medium wp-image-19941\" src=\"https:\/\/netzwerkrecherche.org\/nr-termine-archive\/wp-content\/uploads\/sites\/19\/2020\/06\/logo3-coronaundwir-nurtitel-300x300.png\" alt=\"\" width=\"300\" height=\"300\" srcset=\"https:\/\/netzwerkrecherche.org\/nr-termine-archive\/wp-content\/uploads\/sites\/19\/2020\/06\/logo3-coronaundwir-nurtitel-300x300.png 300w, https:\/\/netzwerkrecherche.org\/nr-termine-archive\/wp-content\/uploads\/sites\/19\/2020\/06\/logo3-coronaundwir-nurtitel-150x150.png 150w, https:\/\/netzwerkrecherche.org\/nr-termine-archive\/wp-content\/uploads\/sites\/19\/2020\/06\/logo3-coronaundwir-nurtitel-50x50.png 50w, https:\/\/netzwerkrecherche.org\/nr-termine-archive\/wp-content\/uploads\/sites\/19\/2020\/06\/logo3-coronaundwir-nurtitel.png 400w\" sizes=\"auto, (max-width: 300px) 100vw, 300px\" \/><\/a><\/h3>\n<h3>Corona und wir<br \/>\nWie das Virus unsere Arbeit ver\u00e4ndert<\/h3>\n<p>nr20-Webinare am 19.\/20. Juni<\/p>\n<p>\u2192 <strong><a href=\"https:\/\/nr20.sched.com\/\">Zum Programm<\/a><\/strong><\/p>\n<p>Die nr-Jahreskonferenz 2020 findet dieses Jahr leider nicht wie gewohnt statt. Die Umst\u00e4nde hierf\u00fcr sind bekannt. Aber es gibt viele Gr\u00fcnde, sich auch und gerade in diesen Zeiten mit den Problemen und Chancen unserer Branche zu besch\u00e4ftigen. Deshalb findet am 19. und 20. Juni 2020 unter dem Motto \u201eCorona und wir \u2013 Wie das Virus unsere Arbeit ver\u00e4ndert\u201c die nr20-Webinarreihe statt. An zwei Tagen werden wir \u00fcber die gro\u00dfen Herausforderungen durch die Corona-Pandemie informieren und diskutieren.<br \/>\nBild: <a href=\"https:\/\/www.flickr.com\/photos\/niaid\/49645120251\/\">NIAID<\/a> (CC BY 2.0)<\/p>\n<p>\u2192 <strong><a href=\"http:\/\/nrch.de\/nr20pad\">Zum Pad<\/a><\/strong><br \/>\nDas Etherpad mit den Links, Tipps und Pr\u00e4sentationen zu zahlreichen Einzelveranstaltungen: nrch.de\/nr20pad<\/p>\n<p>\u2192 <a href=\"https:\/\/youtu.be\/F7D5OqDdd3M\">Zum Videomitschnitt des Workshops <strong>\u201eOnline-Recherche - How to use Facebook as a source for investigative research\u201c<\/strong><\/a><\/p>\n<p>\u2192 Das <strong><a href=\"https:\/\/twitter.com\/search?q=%23nr20&amp;src=typed_query\">Twitter Hashtag lautete \u201enr20\u201c<\/a><\/strong><\/p>\n<p>\u2192 <strong><a href=\"https:\/\/netzwerkrecherche.org\/nr-termine-archive\/termine\/konferenzen\/jahreskonferenzen\/nr-jahreskonferenz-2020\/pressespiegel\/\">Zum Pressespiegel<\/a><\/strong><\/p>\n<p>&nbsp;<\/p>\n<p><strong>Der erste Nestbeschmutzer aus dem Homeoffice<\/strong><a href=\"https:\/\/netzwerkrecherche.org\/nr-termine-archive\/wp-content\/uploads\/sites\/19\/2020\/07\/nestbeschmutzer_2020.pdf\"><img loading=\"lazy\" decoding=\"async\" class=\"alignleft wp-image-20950 size-medium\" src=\"https:\/\/netzwerkrecherche.org\/nr-termine-archive\/wp-content\/uploads\/sites\/19\/2020\/07\/nestbeschmutzer_2020-Seite1-1-219x300.jpg\" alt=\"\" width=\"219\" height=\"300\" srcset=\"https:\/\/netzwerkrecherche.org\/nr-termine-archive\/wp-content\/uploads\/sites\/19\/2020\/07\/nestbeschmutzer_2020-Seite1-1-219x300.jpg 219w, https:\/\/netzwerkrecherche.org\/nr-termine-archive\/wp-content\/uploads\/sites\/19\/2020\/07\/nestbeschmutzer_2020-Seite1-1-748x1024.jpg 748w, https:\/\/netzwerkrecherche.org\/nr-termine-archive\/wp-content\/uploads\/sites\/19\/2020\/07\/nestbeschmutzer_2020-Seite1-1-768x1052.jpg 768w, https:\/\/netzwerkrecherche.org\/nr-termine-archive\/wp-content\/uploads\/sites\/19\/2020\/07\/nestbeschmutzer_2020-Seite1-1-1122x1536.jpg 1122w, https:\/\/netzwerkrecherche.org\/nr-termine-archive\/wp-content\/uploads\/sites\/19\/2020\/07\/nestbeschmutzer_2020-Seite1-1-1496x2048.jpg 1496w, https:\/\/netzwerkrecherche.org\/nr-termine-archive\/wp-content\/uploads\/sites\/19\/2020\/07\/nestbeschmutzer_2020-Seite1-1-scaled.jpg 1870w\" sizes=\"auto, (max-width: 219px) 100vw, 219px\" \/><\/a><\/p>\n<p>Zeitungsproduktion aus dem Homeoffice ist in vielen Redaktionen Deutschlands coronabedingt mittlerweile Routine. F\u00fcr 16 Nachwuchsjournalist*innen aus dem Master-Studiengang Journalistik und Kommunikationswissenschaften an der Universit\u00e4t Hamburg war es eine Premiere \u2013 in jeder Hinsicht.<\/p>\n<p><a href=\"https:\/\/netzwerkrecherche.org\/nr-termine-archive\/wp-content\/uploads\/sites\/19\/2020\/07\/nestbeschmutzer_2020.pdf\">Das Ergebnis, der Nestbeschmutzer<\/a>, kann sich sehen lassen. Auf 17 Seiten pr\u00e4sentieren die Studierenden die Ergebnisse ihrer medienjournalistischen Recherchen, die meist thematisch an die diesj\u00e4hrige digitale Jahreskonferenz von Netzwerk Recherche andocken. Und eine Reminiszenz an den bei nr20 schmerzlich vermissten Pommeswagen gibt es auch.<\/p>\n<p>&nbsp;<\/p>\n<p><a href=\"https:\/\/netzwerkrecherche.org\/nr-termine-archive\/wp-content\/uploads\/sites\/19\/2020\/06\/Leuchtturm_auszeichnung_2020-scaled.jpg\"><img loading=\"lazy\" decoding=\"async\" class=\"alignleft wp-image-20777 size-medium\" src=\"https:\/\/netzwerkrecherche.org\/nr-termine-archive\/wp-content\/uploads\/sites\/19\/2020\/06\/Leuchtturm_auszeichnung_2020-204x300.jpg\" alt=\"\" width=\"204\" height=\"300\" srcset=\"https:\/\/netzwerkrecherche.org\/nr-termine-archive\/wp-content\/uploads\/sites\/19\/2020\/06\/Leuchtturm_auszeichnung_2020-204x300.jpg 204w, https:\/\/netzwerkrecherche.org\/nr-termine-archive\/wp-content\/uploads\/sites\/19\/2020\/06\/Leuchtturm_auszeichnung_2020-698x1024.jpg 698w, https:\/\/netzwerkrecherche.org\/nr-termine-archive\/wp-content\/uploads\/sites\/19\/2020\/06\/Leuchtturm_auszeichnung_2020-768x1128.jpg 768w, https:\/\/netzwerkrecherche.org\/nr-termine-archive\/wp-content\/uploads\/sites\/19\/2020\/06\/Leuchtturm_auszeichnung_2020-1046x1536.jpg 1046w, https:\/\/netzwerkrecherche.org\/nr-termine-archive\/wp-content\/uploads\/sites\/19\/2020\/06\/Leuchtturm_auszeichnung_2020-1395x2048.jpg 1395w, https:\/\/netzwerkrecherche.org\/nr-termine-archive\/wp-content\/uploads\/sites\/19\/2020\/06\/Leuchtturm_auszeichnung_2020-scaled.jpg 1744w\" sizes=\"auto, (max-width: 204px) 100vw, 204px\" \/><\/a><\/p>\n<p><strong><a href=\"https:\/\/netzwerkrecherche.org\/nr-termine-archive\/stipendien-preise\/leuchtturm\/\">Leuchtturm-Preis 2020 f\u00fcr drei Rechtsextremismus-Experten sowie ein Sonderpreis an das Science Media Center <\/a><\/strong><\/p>\n<p class=\"p1\">Der \u201eLeuchtturm f\u00fcr besondere publizistische Leistungen\u201c wurde in diesem Jahr w\u00e4hrend der Webinar-Reihe vergeben. Er geht <strong>an Andrea R\u00f6pke, Julian Feldmann und Anton Maegerle<\/strong>. Alle drei recherchieren seit Jahren in der rechten Szene. Die <strong>Laudatio von Ilka Brecht <\/strong>(Redaktionsleiterin und Moderation von Frontal21) ist als <a href=\"https:\/\/netzwerkrecherche.org\/nr-termine-archive\/stipendien-preise\/leuchtturm\/leuchtturm-2020-fuer-drei-rechtsextremismus-experten\/laudatio-von-ilka-brecht\/\">Text<\/a> und <a href=\"https:\/\/youtu.be\/zgzeZg_-xeY\">Videomitschnitt<\/a> verf\u00fcgbar.<\/p>\n<p class=\"p1\">Einen Sonderpreis verleiht die Journalistenvereinigung in diesem Jahr an das gemeinn\u00fctzige <strong>Science Media Center<\/strong> f\u00fcr seine engagierte Unterst\u00fctzung von Journalistinnen und Journalisten bei Themen mit Wissenschaftsbez\u00fcgen. Die <strong>Laudatio von Nicola Kuhrt <\/strong>(Medizinjournalistin) auf das SMC Germany kann <a href=\"https:\/\/netzwerkrecherche.org\/nr-termine-archive\/stipendien-preise\/leuchtturm\/sonderpreis-2020-fuer-das-science-media-center-smc\/laudatio-von-nicola-kuhrt\/\">hier<\/a> nachgelesen werden.<\/p>\n<p>&nbsp;<\/p>\n<\/div>\n<\/div><\/div><\/div><div id=\"pgc-21274-0-1\"  class=\"panel-grid-cell\" ><div id=\"panel-21274-0-1-0\" class=\"so-panel widget_sow-editor panel-first-child\" data-index=\"1\" ><div\n\t\t\t\n\t\t\tclass=\"so-widget-sow-editor so-widget-sow-editor-base\"\n\t\t\t\n\t\t>\n<div class=\"siteorigin-widget-tinymce textwidget\">\n\t<p style=\"text-align: right;\">Anzeige<\/p>\n<\/div>\n<\/div><\/div><div id=\"panel-21274-0-1-1\" class=\"so-panel widget_sow-image panel-last-child\" data-index=\"2\" ><div\n\t\t\t\n\t\t\tclass=\"so-widget-sow-image so-widget-sow-image-default-8b5b6f678277-21274\"\n\t\t\t\n\t\t>\n<div class=\"sow-image-container\">\n\t\t\t<a href=\"https:\/\/journalistenschule-ifp.de\/weiterbildung\"\n\t\t\ttarget=\"_blank\" rel=\"noopener noreferrer\" \t\t>\n\t\t\t<img \n\tsrc=\"https:\/\/netzwerkrecherche.org\/nr-termine-archive\/wp-content\/uploads\/sites\/19\/2020\/05\/Banner-ifp-NR-26-3-20-b1.jpg\" width=\"600\" height=\"160\" srcset=\"https:\/\/netzwerkrecherche.org\/nr-termine-archive\/wp-content\/uploads\/sites\/19\/2020\/05\/Banner-ifp-NR-26-3-20-b1.jpg 600w, https:\/\/netzwerkrecherche.org\/nr-termine-archive\/wp-content\/uploads\/sites\/19\/2020\/05\/Banner-ifp-NR-26-3-20-b1-300x80.jpg 300w\" sizes=\"(max-width: 600px) 100vw, 600px\" alt=\"Anzeige ifp Multimedialer Journalismus \u2013 Aus- und Weiterbildung mitten in M\u00fcnchen https:\/\/journalistenschule-ifp.de\/weiterbildung\" \t\tclass=\"so-widget-image\"\/>\n\t\t\t<\/a><\/div>\n\n<\/div><\/div><\/div><\/div><\/div><div id=\"pg-21274-1\"  class=\"panel-grid panel-has-style\" ><div class=\"panel-row-style panel-row-style-for-21274-1\" ><div id=\"pgc-21274-1-0\"  class=\"panel-grid-cell\" ><div id=\"panel-21274-1-0-0\" class=\"so-panel widget_sow-editor panel-first-child panel-last-child\" data-index=\"3\" ><div\n\t\t\t\n\t\t\tclass=\"so-widget-sow-editor so-widget-sow-editor-base\"\n\t\t\t\n\t\t>\n<div class=\"siteorigin-widget-tinymce textwidget\">\n\t<p>Mit freundlicher Unterst\u00fctzung von:<\/p>\n<\/div>\n<\/div><\/div><\/div><div id=\"pgc-21274-1-1\"  class=\"panel-grid-cell\" ><div id=\"panel-21274-1-1-0\" class=\"so-panel widget_sow-image panel-first-child panel-last-child\" data-index=\"4\" ><div\n\t\t\t\n\t\t\tclass=\"so-widget-sow-image so-widget-sow-image-default-8b5b6f678277-21274\"\n\t\t\t\n\t\t>\n<div class=\"sow-image-container\">\n\t\t<img \n\tsrc=\"https:\/\/netzwerkrecherche.org\/nr-termine-archive\/wp-content\/uploads\/sites\/19\/2020\/06\/Behi\u0302rde_KuM.png\" width=\"1285\" height=\"408\" srcset=\"https:\/\/netzwerkrecherche.org\/nr-termine-archive\/wp-content\/uploads\/sites\/19\/2020\/06\/Behi\u0302rde_KuM.png 1285w, https:\/\/netzwerkrecherche.org\/nr-termine-archive\/wp-content\/uploads\/sites\/19\/2020\/06\/Behi\u0302rde_KuM-300x95.png 300w, https:\/\/netzwerkrecherche.org\/nr-termine-archive\/wp-content\/uploads\/sites\/19\/2020\/06\/Behi\u0302rde_KuM-1024x325.png 1024w, https:\/\/netzwerkrecherche.org\/nr-termine-archive\/wp-content\/uploads\/sites\/19\/2020\/06\/Behi\u0302rde_KuM-768x244.png 768w\" sizes=\"(max-width: 1285px) 100vw, 1285px\" title=\"Beh\u00f6rde f\u00fcr Kultur und Medien\" alt=\"\" \t\tclass=\"so-widget-image\"\/>\n\t<\/div>\n\n<\/div><\/div><\/div><div id=\"pgc-21274-1-2\"  class=\"panel-grid-cell\" ><div id=\"panel-21274-1-2-0\" class=\"so-panel widget_sow-image panel-first-child panel-last-child\" data-index=\"5\" ><div\n\t\t\t\n\t\t\tclass=\"so-widget-sow-image so-widget-sow-image-default-8b5b6f678277-21274\"\n\t\t\t\n\t\t>\n<div class=\"sow-image-container\">\n\t\t<img \n\tsrc=\"https:\/\/netzwerkrecherche.org\/nr-termine-archive\/wp-content\/uploads\/sites\/19\/2015\/05\/Logo_zeitstiftung.png\" width=\"380\" height=\"228\" srcset=\"https:\/\/netzwerkrecherche.org\/nr-termine-archive\/wp-content\/uploads\/sites\/19\/2015\/05\/Logo_zeitstiftung.png 380w, https:\/\/netzwerkrecherche.org\/nr-termine-archive\/wp-content\/uploads\/sites\/19\/2015\/05\/Logo_zeitstiftung-300x180.png 300w\" sizes=\"(max-width: 380px) 100vw, 380px\" alt=\"Logo ZEIT-Stiftung\" \t\tclass=\"so-widget-image\"\/>\n\t<\/div>\n\n<\/div><\/div><\/div><div id=\"pgc-21274-1-3\"  class=\"panel-grid-cell\" ><div id=\"panel-21274-1-3-0\" class=\"so-panel widget_sow-image panel-first-child panel-last-child\" data-index=\"6\" ><div\n\t\t\t\n\t\t\tclass=\"so-widget-sow-image so-widget-sow-image-default-8b5b6f678277-21274\"\n\t\t\t\n\t\t>\n<div class=\"sow-image-container\">\n\t\t<img \n\tsrc=\"https:\/\/netzwerkrecherche.org\/nr-termine-archive\/wp-content\/uploads\/sites\/19\/2020\/06\/KTS_RGB-e1592225091384.jpg\" width=\"945\" height=\"304\" srcset=\"https:\/\/netzwerkrecherche.org\/nr-termine-archive\/wp-content\/uploads\/sites\/19\/2020\/06\/KTS_RGB-e1592225091384.jpg 945w, https:\/\/netzwerkrecherche.org\/nr-termine-archive\/wp-content\/uploads\/sites\/19\/2020\/06\/KTS_RGB-e1592225091384-300x97.jpg 300w, https:\/\/netzwerkrecherche.org\/nr-termine-archive\/wp-content\/uploads\/sites\/19\/2020\/06\/KTS_RGB-e1592225091384-768x247.jpg 768w\" sizes=\"(max-width: 945px) 100vw, 945px\" title=\"KTS_RGB\" alt=\"\" \t\tclass=\"so-widget-image\"\/>\n\t<\/div>\n\n<\/div><\/div><\/div><\/div><\/div><\/div>","protected":false},"excerpt":{"rendered":"<p>Corona und wir Wie das Virus unsere Arbeit ver\u00e4ndert nr20-Webinare am 19.\/20. Juni \u2192 Zum Programm Die nr-Jahreskonferenz 2020 findet dieses Jahr leider nicht wie gewohnt statt. Die Umst\u00e4nde hierf\u00fcr sind bekannt. Aber es gibt viele Gr\u00fcnde, sich auch und gerade in diesen Zeiten mit den Problemen und Chancen unserer Branche zu besch\u00e4ftigen. Deshalb findet [&hellip;]<\/p>\n","protected":false},"author":5,"featured_media":19941,"parent":18163,"menu_order":0,"comment_status":"open","ping_status":"closed","template":"","meta":{"_acf_changed":false,"footnotes":""},"class_list":["post-21274","page","type-page","status-publish","has-post-thumbnail","hentry"],"acf":[],"_links":{"self":[{"href":"https:\/\/netzwerkrecherche.org\/nr-termine-archive\/wp-json\/wp\/v2\/pages\/21274","targetHints":{"allow":["GET"]}}],"collection":[{"href":"https:\/\/netzwerkrecherche.org\/nr-termine-archive\/wp-json\/wp\/v2\/pages"}],"about":[{"href":"https:\/\/netzwerkrecherche.org\/nr-termine-archive\/wp-json\/wp\/v2\/types\/page"}],"author":[{"embeddable":true,"href":"https:\/\/netzwerkrecherche.org\/nr-termine-archive\/wp-json\/wp\/v2\/users\/5"}],"replies":[{"embeddable":true,"href":"https:\/\/netzwerkrecherche.org\/nr-termine-archive\/wp-json\/wp\/v2\/comments?post=21274"}],"version-history":[{"count":3,"href":"https:\/\/netzwerkrecherche.org\/nr-termine-archive\/wp-json\/wp\/v2\/pages\/21274\/revisions"}],"predecessor-version":[{"id":31242,"href":"https:\/\/netzwerkrecherche.org\/nr-termine-archive\/wp-json\/wp\/v2\/pages\/21274\/revisions\/31242"}],"up":[{"embeddable":true,"href":"https:\/\/netzwerkrecherche.org\/nr-termine-archive\/wp-json\/wp\/v2\/pages\/18163"}],"wp:featuredmedia":[{"embeddable":true,"href":"https:\/\/netzwerkrecherche.org\/nr-termine-archive\/wp-json\/wp\/v2\/media\/19941"}],"wp:attachment":[{"href":"https:\/\/netzwerkrecherche.org\/nr-termine-archive\/wp-json\/wp\/v2\/media?parent=21274"}],"curies":[{"name":"wp","href":"https:\/\/api.w.org\/{rel}","templated":true}]}}