{"id":21329,"date":"2020-09-15T11:40:18","date_gmt":"2020-09-15T09:40:18","guid":{"rendered":"https:\/\/netzwerkrecherche.org\/nr-termine-archive\/?page_id=21329"},"modified":"2024-10-02T12:07:28","modified_gmt":"2024-10-02T10:07:28","slug":"pad18","status":"publish","type":"page","link":"https:\/\/netzwerkrecherche.org\/nr-termine-archive\/termine\/konferenzen\/jahreskonferenzen\/nr-jahreskonferenz-2018\/pad18\/","title":{"rendered":"Pad18"},"content":{"rendered":"<p><strong>Im Pad haben Referent:innen und Teilnehmer:innen Geschichten, Links, Tipps, Tricks und Empfehlungen notieren und mit anderengeteilt.<\/strong><\/p>\n<p>&nbsp;<\/p>\n<p><strong>Workshop &#8220;Unabh\u00e4ngig und kritisch \u00fcber die Polizei berichten&#8221;<\/strong> von Marie Br\u00f6ckling (netzpolitik.org) und Marcus Engert (BuzzFeed News):<\/p>\n<ul class=\"bullet\">\n<li>Inhalte waren: Verhalten auf Demos, Wann man filmen\/Fotos machen\/Audio aufnehmen darf und wann nicht, h\u00e4ufige Tricks und Fehler beim Lesen\/Machen von Statistiken, h\u00e4ufige Vokabeln in Polizeimitteilungen und wie man dort zwischen den Zeilen liest, Polizeien in Social Media, wie Polizei-Pressestellen Redaktionen wahrnehmen, Was in den neuen Polizeigesetzen steht, Was die neuen Polizeigesetze f\u00fcr Journalisten bedeuten,<\/li>\n<li><u>Folien<\/u> gibt&#8217;s pers\u00f6nlich \u00fcber marcus PUNKT engert \u00c4T buzzfeed DOT com<\/li>\n<\/ul>\n<p>&nbsp;<\/p>\n<p><strong>Code like a journalist Teil 1<\/strong><br \/>\nLink zum Skript und zum Datensatz <a href=\"https:\/\/gist.github.com\/enigmoe\/\">https:\/\/gist.github.com\/enigmoe\/<\/a><br \/>\n&#8211;&gt; &#8220;Download ZIP&#8221; Button benutzen<\/p>\n<p><strong>\u00a0Pr\u00e4sentation zur Session: Manage Session\u00a0 Das 1&#215;1 der Ausk\u00fcnfte \u00fcber Organisationen (von Jonathan Sachse\/ @jsachse)<\/strong><br \/>\nGrundbuchamt, Vereinsregister, Handelsregister, Transparenzregister &#8211; wo bekomme ich Informationen zu Firmen? Wo haben die amtlichen Datenbanken ihre Grenzen? Was gibt es noch f\u00fcr Datenbanken?r<br \/>\n<a href=\"https:\/\/schd.ws\/hosted_files\/nr18\/3f\/180630_Pra%CC%88sentation%20Correctiv_Organisationen1x1_web.pdf\">https:\/\/schd.ws\/hosted_files\/nr18\/3f\/180630_Pra%CC%88sentation%20Correctiv_Organisationen1x1_web.pdf<\/a><\/p>\n<p><strong>DOKU zum Workshop: Fake News erkennen \/ Stefan Voss &amp; Albrecht Ude<\/strong><br \/>\nDieser Workshop richtet sich an Einsteiger \u2013 und an freie Journalisten, die keine Experten sind und auch keine Verifikationsabteilung fragen k\u00f6nnen.<br \/>\n<a href=\"https:\/\/nr18.sched.com\/event\/E4vO\/workshop-fake-news-erkennen-limitierte-platze\">https:\/\/nr18.sched.com\/event\/E4vO\/workshop-fake-news-erkennen-limitierte-platze<\/a><\/p>\n<p><strong>Checkliste Fact Checking<\/strong> (PDF, 6 S., 103 KB)<br \/>\n<a href=\"http:\/\/vg03.met.vgwort.de\/na\/9490e1241da84d3a873634fb5a953558?l=http:\/\/www.ude.de\/merkzettel\/checkliste-fact-checking.pdf\">http:\/\/vg03.met.vgwort.de\/na\/9490e1241da84d3a873634fb5a953558?l=http:\/\/www.ude.de\/merkzettel\/checkliste-fact-checking.pdf<\/a><\/p>\n<p><strong>Was ist an Onlinerecherche neu? Eine Illustration<\/strong> (PDF, 13 S., 1.006 KB)<br \/>\n<a href=\"http:\/\/vg03.met.vgwort.de\/na\/84c796a44bdd46b78cedb03306b031b8?l=http:\/\/www.ude.de\/merkzettel\/was-ist-an-onlinerecherche-neu.pdf\">http:\/\/vg03.met.vgwort.de\/na\/84c796a44bdd46b78cedb03306b031b8?l=http:\/\/www.ude.de\/merkzettel\/was-ist-an-onlinerecherche-neu.pdf<\/a><\/p>\n<p><strong>Universalsuchmaschinen 1: \u00dcberblick<\/strong> (PDF, 2 S., 33 KB)<br \/>\n<a href=\"http:\/\/vg03.met.vgwort.de\/na\/78c83ae5050d4b60a431bd4e432006e1?l=http:\/\/www.ude.de\/merkzettel\/universalsuchmaschinen-1.pdf\">http:\/\/vg03.met.vgwort.de\/na\/78c83ae5050d4b60a431bd4e432006e1?l=http:\/\/www.ude.de\/merkzettel\/universalsuchmaschinen-1.pdf<\/a><\/p>\n<p><strong>\u00dcbersicht: Suchmaschinen-Operatoren im Vergleich<\/strong> (PDF, 2 S., 82 KB)<br \/>\nhref=&#8221;<a href=\"http:\/\/vg03.met.vgwort.de\/na\/5b81e940b1ff4cde837f92799dc50574?l=http:\/\/www.ude.de\/merkzettel\/suchmaschinen-operatoren-vergleich.pdf\">http:\/\/vg03.met.vgwort.de\/na\/5b81e940b1ff4cde837f92799dc50574?l=http:\/\/www.ude.de\/merkzettel\/suchmaschinen-operatoren-vergleich.pdf<\/a><\/p>\n<p><strong>Fact Checking Initiativen<\/strong> ( PDF, 2 S., 88 KB)<br \/>\n<a href=\"http:\/\/vg03.met.vgwort.de\/na\/87213422c8924faaaa4c029de70af81d?l=http:\/\/vg03.met.vgwort.de\/na\/?l=http:\/\/www.ude.de\/merkzettel\/fact-checking-initiativen.pdf\">http:\/\/vg03.met.vgwort.de\/na\/87213422c8924faaaa4c029de70af81d?l=http:\/\/vg03.met.vgwort.de\/na\/?l=http:\/\/www.ude.de\/merkzettel\/fact-checking-initiativen.pdf<\/a><\/p>\n<p>Fact Checking gegen \u201eFake News\u201c: \u201eDie Ente bleibt drau\u00dfen!\u201c<\/p>\n<p>Von Albrecht Ude. &#8211; Open Passwort #217, 28.06.2017<br \/>\n<a href=\"http:\/\/www.password-online.de\/?wysija-page=1&amp;controller=email&amp;action=view&amp;email_id=280\">http:\/\/www.password-online.de\/?wysija-page=1&amp;controller=email&amp;action=view&amp;email_id=280<\/a><\/p>\n<p><strong>Die w\u00e4hrend des Vortrags erw\u00e4hnten Hyperlinks:<\/strong><\/p>\n<p><a href=\"https:\/\/addons.mozilla.org\/de\/firefox\/\">https:\/\/addons.mozilla.org\/de\/firefox\/<\/a><\/p>\n<p><a href=\"http:\/\/imgops.com\/\">http:\/\/imgops.com\/<\/a><\/p>\n<p><a href=\"https:\/\/en.wikipedia.org\/wiki\/List_of_Web_archiving_initiatives\">https:\/\/en.wikipedia.org\/wiki\/List_of_Web_archiving_initiatives<\/a><\/p>\n<p><strong>Twitter Tools<\/strong><\/p>\n<p>ganz simpel, aber hilfreich: Abmessungen<br \/>\n<a href=\"https:\/\/makeawebsitehub.com\/social-media-image-sizes-cheat-sheet\/\">https:\/\/makeawebsitehub.com\/social-media-image-sizes-cheat-sheet\/<\/a><\/p>\n<p>Bot-o-meter<br \/>\n<a href=\"https:\/\/botometer.iuni.iu.edu\/#\">https:\/\/botometer.iuni.iu.edu\/#<\/a>!\/<\/p>\n<p>Intellitecniques<br \/>\nCustom Twitter Tools<br \/>\nhttps:\/\/inteltechniques.com\/menu.html<\/p>\n<p>All My Tweets<br \/>\n<a href=\"https:\/\/www.allmytweets.net\/connect\/\">https:\/\/www.allmytweets.net\/connect\/<\/a><\/p>\n<p>Who tweeted it first<br \/>\n<a href=\"http:\/\/ctrlq.org\/first\/tweets\/\">http:\/\/ctrlq.org\/first\/<\/a><\/p>\n<p>Twitter Analytics<br \/>\n<a href=\"https:\/\/foller.me\/\">https:\/\/foller.me\/<\/a><\/p>\n<p>TweetBeaver<br \/>\n<a href=\"https:\/\/tweetbeaver.com\/\">https:\/\/tweetbeaver.com\/<\/a><\/p>\n<p>-&lt;EOT&gt;&#8212;viel Spa\u00df damit &#8212;<\/p>\n<p>Hier noch ein paar <strong>Links auf Dokus aus dem Twitter-Feed<\/strong> (bis 10:34 AM PST &#8211; bitte selber umrechnen)<\/p>\n<p>If you were interested in my #nr18 talk on machine learning to find spy planes, here&#8217;s the data and code<br \/>\n<a href=\"https:\/\/buzzfeednews.github.io\/2017-08-spy-plane-finder\/\">https:\/\/buzzfeednews.github.io\/2017-08-spy-plane-finder\/<\/a><\/p>\n<p>Hier findet ihr den Link zu der @BMinteraktiv Wahlanalyse in #rstats, die eben im #nr18 @journocode Workshop erw\u00e4hnt wurde!<br \/>\n<a href=\"https:\/\/interaktiv.morgenpost.de\/analyse-bundestagswahl-2017\/data\/btw17_analysis.html\">https:\/\/interaktiv.morgenpost.de\/analyse-bundestagswahl-2017\/data\/btw17_analysis.html<\/a><\/p>\n<p><strong>Session &#8220;PR Tricks mit Daten&#8221;<\/strong><br \/>\nDie Pr\u00e4sentation gibt es (in abgespeckter Form) hier: <a href=\"https:\/\/drive.google.com\/file\/d\/1mTCrwhwaBtezTSJ7Vh_FNJCELIgcvxNT\/view?usp=sharing\">https:\/\/drive.google.com\/file\/d\/1mTCrwhwaBtezTSJ7Vh_FNJCELIgcvxNT\/view?usp=sharing<\/a><\/p>\n<p>Wie geht man mit Hetze im Netz um? So zum Beispiel. Auch bei der #nr18 heute eines der Themen-Schwerpunkte. <a href=\"https:\/\/bit.ly\/2tFhffM\">https:\/\/bit.ly\/2tFhffM<\/a>\u00a0 via @SPIEGELONLINE #WM18<br \/>\n<a href=\"https:\/\/bit.ly\/2tFhffM\">https:\/\/bit.ly\/2tFhffM<\/a><\/p>\n<p>The very basics every data journalist should know about mapping. The GitHub repo is around 80% finished, but still worth a visit.<br \/>\n<a href=\"https:\/\/github.com\/PatrickStotz\/mapping_101\">https:\/\/github.com\/PatrickStotz\/mapping_101<\/a><\/p>\n<p>Passend zur #nr18 ist mein lang versprochenes #rstats-Tutorial endlich da:<br \/>\n<a href=\"https:\/\/datentaeter.de\/-r-fuer-journalismus-vorwort-rstudio-code-programmieren-datenjournalismus-tutorial\/\">https:\/\/datentaeter.de\/-r-fuer-journalismus-vorwort-rstudio-code-programmieren-datenjournalismus-tutorial\/<\/a><\/p>\n<p>#nr18: Ist die @Floskelwolke auch hier? Am Ende des Tages habe werde ich x-mal etwas im Vorfeld geh\u00f6rt haben etc. Aber trotzdem macht es Sinn! ?? &#8482;<br \/>\n<a href=\"https:\/\/www.sebastian-pertsch.de\/6321\/floskeln-phrasen-bullshit-bingo.html\">https:\/\/www.sebastian-pertsch.de\/6321\/floskeln-phrasen-bullshit-bingo.html<\/a><\/p>\n<p>Great talk by @ltrgoddard bei #nr18 about research using the Gwern Branwen Darknet-Archive. By extracting PGP-addresses and EXIF-data the @thesundaytimes went on to expose a&#8230;<br \/>\n<a href=\"https:\/\/www.facebook.com\/737019380\/posts\/10157108389154381\/\">https:\/\/www.facebook.com\/737019380\/posts\/10157108389154381\/<\/a><\/p>\n<p><a href=\"https:\/\/youtu.be\/vWcluwxweDQ\">https:\/\/youtu.be\/vWcluwxweDQ<\/a><\/p>\n<p>Wldn\u2019t make a blind bit of difference as long as journalists cling to the \u201cwe just report the news\u201d mantra, ie the delusion of being *personally* neutral &amp; objective. Only a social, critical process can ever produce objectivity<br \/>\n<a href=\"http:\/\/www.theopensociety.net\/2012\/04\/the-social-character-of-scientific-method\">http:\/\/www.theopensociety.net\/2012\/04\/the-social-character-of-scientific-method<\/a><\/p>\n<p>These are the stories I&#8217;ll discuss #nr18 <a href=\"https:\/\/www.buzzfeed.com\/peteraldhous\/hidden-spy-planes\">https:\/\/www.buzzfeed.com\/peteraldhous\/hidden-spy-planes<\/a> \u2026 <a href=\"https:\/\/www.buzzfeed.com\/peteraldhous\/hidden-spy-planes\">https:\/\/www.buzzfeed.com\/peteraldhous\/hidden-spy-planes<\/a><br \/>\nhttps:\/\/www.buzzfeed.com\/peteraldhous\/us-marshals-spy-plbane-over-mexico<br \/>\n<a href=\"https:\/\/www.buzzfeed.com\/christianstork\/spy-planes-over-american-cities\">https:\/\/www.buzzfeed.com\/christianstork\/spy-planes-over-american-cities<\/a><\/p>\n<p>Richtig konfrontieren (von Marcus Lindemann)<br \/>\nDer Artikel aus dem &#8220;Journalist&#8221;: <a href=\"http:\/\/recherche-info.de\/blog\/wp-content\/src\/Richtig-konfrontieren-Journalist.pdf\">http:\/\/recherche-info.de\/blog\/wp-content\/src\/Richtig-konfrontieren-Journalist.pdf<\/a><br \/>\nDas handout mit den Regeln: <a href=\"http:\/\/recherche-info.de\/blog\/wp-content\/src\/Regeln-Konfrontation-06-2018.pdf\">http:\/\/recherche-info.de\/blog\/wp-content\/src\/Regeln-Konfrontation-06-2018.pdf<\/a><\/p>\n<p>OpenRefine<\/p>\n<p>Download: <a href=\"http:\/\/openrefine.org\/download.html\">http:\/\/openrefine.org\/download.html<\/a><br \/>\nDatens\u00e4tze: <a href=\"http:\/\/goo.gl\/9nJRiL\">http:\/\/goo.gl\/9nJRiL<\/a> und <a href=\"http:\/\/bit.ly\/plz99\">http:\/\/bit.ly\/plz99<\/a><\/p>\n<p><strong>Abgasalarm &#8211; Wie Lokalredaktionen die Luftverschmutzung messen<\/strong><\/p>\n<p>Hier ein paar Links zum Thema:<br \/>\n#Feinstaub<br \/>\n<a href=\"https:\/\/luftdaten.info\">https:\/\/luftdaten.info<\/a><br \/>\n<a href=\"http:\/\/www.feinstaub-lueneburg.de\">http:\/\/www.feinstaub-lueneburg.de<\/a><br \/>\n<a href=\"https:\/\/www.stuttgarter-zeitung.de\/feinstaub\">https:\/\/www.stuttgarter-zeitung.de\/feinstaub<\/a><\/p>\n<p>Hamburger Luft-Messnetz<br \/>\n<a href=\"http:\/\/luft.hamburg.de\">http:\/\/luft.hamburg.de<\/a><\/p>\n<p>#Stickoxide<br \/>\n<a href=\"https:\/\/web.archive.org\/web\/20190426125848\/https:\/\/www.swr.de\/abgasalarm\/-\/id=20052596\/1y5wsdh\/index.html\">https:\/\/www.swr.de\/abgasalarm\/-\/id=20052596\/1y5wsdh\/index.html<\/a><br \/>\n<a href=\"https:\/\/www.rbb24.de\/politik\/thema\/2017\/abgasalarm\/\">https:\/\/www.rbb24.de\/politik\/thema\/2017\/abgasalarm\/<\/a><br \/>\n<a href=\"https:\/\/www1.wdr.de\/wissen\/technik\/abgasalarm\/index.html\">https:\/\/www1.wdr.de\/wissen\/technik\/abgasalarm\/index.html<\/a><\/p>\n<p>R-Workshop Teil 2<br \/>\n<a href=\"https:\/\/github.com\/srfdata\/2018-01-roger-federer\">https:\/\/github.com\/srfdata\/2018-01-roger-federer<\/a><br \/>\n<a href=\"https:\/\/srf.ch\/federer\">https:\/\/srf.ch\/federer<\/a><\/p>\n<p>#Pop the filter bubble &#8211; &gt; INJECT<br \/>\nhttp:\/\/injectapp.herokuapp.com\/de<\/p>\n<p><strong>Quiztime verpasst?<\/strong><br \/>\nHier gibt\u2019s unsere \u00dcbungsaufgaben aus dem workshop zum selber l\u00f6sen: bit.ly\/QuiztimeNR18<br \/>\nL\u00f6sungen oder Fragen einfach an uns via Twitter: Mo<br \/>\n@bayer_julia, @fiete_stegers, @wolllvieh, @twone2<\/p>\n","protected":false},"excerpt":{"rendered":"<p>Im Pad haben Referent:innen und Teilnehmer:innen Geschichten, Links, Tipps, Tricks und Empfehlungen notieren und mit anderengeteilt. &nbsp; Workshop &#8220;Unabh\u00e4ngig und kritisch \u00fcber die Polizei berichten&#8221; von Marie Br\u00f6ckling (netzpolitik.org) und Marcus Engert (BuzzFeed News): Inhalte waren: Verhalten auf Demos, Wann man filmen\/Fotos machen\/Audio aufnehmen darf und wann nicht, h\u00e4ufige Tricks und Fehler beim Lesen\/Machen von [&hellip;]<\/p>\n","protected":false},"author":1,"featured_media":0,"parent":11710,"menu_order":0,"comment_status":"closed","ping_status":"closed","template":"","meta":{"_acf_changed":false,"footnotes":""},"class_list":["post-21329","page","type-page","status-publish","hentry"],"acf":[],"_links":{"self":[{"href":"https:\/\/netzwerkrecherche.org\/nr-termine-archive\/wp-json\/wp\/v2\/pages\/21329","targetHints":{"allow":["GET"]}}],"collection":[{"href":"https:\/\/netzwerkrecherche.org\/nr-termine-archive\/wp-json\/wp\/v2\/pages"}],"about":[{"href":"https:\/\/netzwerkrecherche.org\/nr-termine-archive\/wp-json\/wp\/v2\/types\/page"}],"author":[{"embeddable":true,"href":"https:\/\/netzwerkrecherche.org\/nr-termine-archive\/wp-json\/wp\/v2\/users\/1"}],"replies":[{"embeddable":true,"href":"https:\/\/netzwerkrecherche.org\/nr-termine-archive\/wp-json\/wp\/v2\/comments?post=21329"}],"version-history":[{"count":8,"href":"https:\/\/netzwerkrecherche.org\/nr-termine-archive\/wp-json\/wp\/v2\/pages\/21329\/revisions"}],"predecessor-version":[{"id":34062,"href":"https:\/\/netzwerkrecherche.org\/nr-termine-archive\/wp-json\/wp\/v2\/pages\/21329\/revisions\/34062"}],"up":[{"embeddable":true,"href":"https:\/\/netzwerkrecherche.org\/nr-termine-archive\/wp-json\/wp\/v2\/pages\/11710"}],"wp:attachment":[{"href":"https:\/\/netzwerkrecherche.org\/nr-termine-archive\/wp-json\/wp\/v2\/media?parent=21329"}],"curies":[{"name":"wp","href":"https:\/\/api.w.org\/{rel}","templated":true}]}}