{"id":21361,"date":"2020-09-15T12:21:43","date_gmt":"2020-09-15T10:21:43","guid":{"rendered":"https:\/\/netzwerkrecherche.org\/nr-termine-archive\/?page_id=21361"},"modified":"2024-10-02T12:07:28","modified_gmt":"2024-10-02T10:07:28","slug":"pad16","status":"publish","type":"page","link":"https:\/\/netzwerkrecherche.org\/nr-termine-archive\/termine\/konferenzen\/jahreskonferenzen\/nr16\/pad16\/","title":{"rendered":"Pad16"},"content":{"rendered":"<p><strong>Im Pad haben Referent:innen und Teilnehmer:innen Geschichten, Links, Tipps, Tricks und Empfehlungen notieren und mit anderengeteilt.<\/strong><\/p>\n<p>&nbsp;<\/p>\n<p>Guten Morgen, ich bin heute (und morgen) mit\u00a0 dreizehn gefl\u00fcchteten Kolleg_innen aus Syrien, Ruanda, Afghanistan, Kolumbien und dem Iran auf der Tagung anzutreffen. Die 13 nehmen an der Weiterbildung f\u00fcr Medienschaffende mit Fluchtgeschchichte (&#8220;Digitale Medien f\u00fcr Fl\u00fcchtlinge&#8221;) an der Hamburg Media School teil. Wer Kontakt aufnehmen m\u00f6chte, erreicht mich mobil \/SMS\/ whatsapp &#8211; ich vermittele dann gerne weiter.<br \/>\nDies sind die Kolleg_innen (Kurzbiographien liegen hinter den Fotos): <a href=\"http:\/\/www.hamburgmediaschool.com\/koepfe\/studierende\/#ps=1&amp;persons=4&amp;projects=&amp;years=&amp;course_of_studies=7&amp;further_educations=&amp;cooperations=\">http:\/\/www.hamburgmediaschool.com\/koepfe\/studierende\/#ps=1&amp;persons=4&amp;projects=&amp;years=&amp;course_of_studies=7&amp;further_educations=&amp;cooperations=<\/a><br \/>\nund Infos zu DMF gibt es hier: <a href=\"http:\/\/www.hamburgmediaschool.com\/weiterbildung\/programme\/digitale-medien-fuer-fluechtlinge\/\">http:\/\/www.hamburgmediaschool.com\/weiterbildung\/programme\/digitale-medien-fuer-fluechtlinge\/<\/a><br \/>\nBeste Gr\u00fc\u00dfe :Tina Fritsche, Koordinatorin DMF, 0179.1188730<\/p>\n<p>Die Pr\u00e4sentationen zu Giannina Segninis Tutorials<\/p>\n<ul class=\"bullet\">\n<li>&#8220;Investigating Organized Crime with Open Data&#8221; am Freitag, 15.15 (R3): <a href=\"https:\/\/goo.gl\/dOlhE\">https:\/\/goo.gl\/dOlhE<\/a><\/li>\n<li>&#8220;Six Methods to Generate DDJ Ideas&#8221; am Samstag, 12.00 (R3): <a href=\"https:\/\/goo.gl\/cdtfsD\">https:\/\/goo.gl\/cdtfsD<\/a><\/li>\n<\/ul>\n<p>Gianninas Mail-Kontakt: gs2799@columbia.edu<\/p>\n<p>Zu Workshop &#8220;10 Tipps zur Recherche im Ausland&#8221;:<br \/>\nKamera-\/Equipmentversicherung: <a href=\"http:\/\/www.pundpgmbh.de\/produkte\/foto-assekuranz\/kameraversicherung.html\">http:\/\/www.pundpgmbh.de\/produkte\/foto-assekuranz\/kameraversicherung.html<\/a><\/p>\n<p>Handout zum Workshop &#8220;Top 5 der praxisnahen Online-Recherche&#8221;<br \/>\n<a href=\"http:\/\/www.investigativerecherche.de\/wp-content\/uploads\/sites\/19\/2016\/07\/Top-5-Handout.pdf\">http:\/\/www.investigativerecherche.de\/wp-content\/uploads\/sites\/19\/2016\/07\/Top-5-Handout.pdf<\/a><\/p>\n<p>Investigativer Datenjournalismus<br \/>\nFolien: <a href=\"https:\/\/www.dropbox.com\/s\/i4318b7gicuep00\/nr16_investigativer_datenjournalismus.pdf?dl=0\">https:\/\/www.dropbox.com\/s\/i4318b7gicuep00\/nr16_investigativer_datenjournalismus.pdf?dl=0<\/a><\/p>\n<p>Die fiesesten H\u00fcrden der Datenauswertung \u2013 und wie wir sie nehmen<br \/>\nFolien: http:\/\/bit.ly\/ddj-huerdenf<\/p>\n<p>Weitere Infos zum Einstieg in R: <a href=\"http:\/\/rddj.info\/\">http:\/\/rddj.info\/<\/a> und <a href=\"https:\/\/web.archive.org\/web\/20230529144644\/https:\/\/rforexcelusers.com\/\">http:\/\/www.rforexcelusers.com\/<\/a><br \/>\nSammlung von praktischen Geocoding-Tools: <a href=\"https:\/\/www.doogal.co.uk\/\">https:\/\/www.doogal.co.uk\/<\/a><br \/>\nDan Nguyen: The Bastard&#8217;s Book of Regular Expressions: <a href=\"http:\/\/regex.bastardsbook.com\/\">http:\/\/regex.bastardsbook.com\/<\/a><br \/>\nAnmeldung zur NICAR-L-Mailing-Liste (rund um Computer Assisted Reporting): <a href=\"https:\/\/web.archive.org\/web\/20210925202126\/https:\/\/po.missouri.edu\/cgi-bin\/wa?SUBED1=NICAR-L&amp;A=1\">https:\/\/po.missouri.edu\/cgi-bin\/wa?SUBED1=NICAR-L&amp;A=1<\/a><\/p>\n<p>Kleine Erg\u00e4nzung zum Datenbankenvortrag in R3: Als Alternative zum Bundesanzeiger wurde auch die sehr m\u00e4chtige, aber unversch\u00e4mt teure Datenbank von GENIOS vorgeschlagen.<br \/>\nHier ein Workaround: Einige Unis haben auch via VPN Zugriff auf wiso-net.de Wiso nutzt die gleiche Datenbank wie GENIOS, weil gleicher Verlag. Via VPN ist Wiso komplett kostenlos.<\/p>\n<p>Die Ente bleibt drau\u00dfen &#8211; Quellenpr\u00fcfung online<br \/>\nZur Recherche nach dem Ursprung des u. a. von Erika Steinbach getwitterten Bildes:<\/p>\n<ul class=\"bullet\">\n<li>&#8220;Woher stammt das Bild aus dem Steinbach-Tweet?&#8221; (Rechercheprotokoll, ZAPP <a href=\"http:\/\/www.ndr.de\/nachrichten\/netzwelt\/Woher-stammt-Bild-aus-dem-Steinbach-Tweet,twitterbild118.html\">http:\/\/www.ndr.de\/nachrichten\/netzwelt\/Woher-stammt-Bild-aus-dem-Steinbach-Tweet,twitterbild118.html<\/a> (link war nicht tot, Pad hatte beim Pasten automatisch Klammer zur URL hinzugef\u00fcgt)<\/li>\n<li>&#8220;Ausgegraben: Der Ursprung des Steinbach-Bildes&#8221; (Rechercheergebnis und Interview mit Betroffenen, ZAPP <a href=\"http:\/\/www.ndr.de\/nachrichten\/netzwelt\/Ausgegraben-Der-Ursprung-des-Steinbach-Bildes,twitterbild120.html\">http:\/\/www.ndr.de\/nachrichten\/netzwelt\/Ausgegraben-Der-Ursprung-des-Steinbach-Bildes,twitterbild120.html<\/a> (<\/li>\n<li>Steinbach hat zu dem Thema mehrere Interviewfragen abgelehnt. Allerdings hat sie sich mehrfach auf Twitter ge\u00e4u\u00dfert. Hier eine Zusammenfassung: https:\/\/storify.com\/fiete_stegers\/erika<\/li>\n<li>F\u00fcr den Schnellcheck nach m\u00f6glichen Bildmanipulationen: Fotoforensic.com<\/li>\n<\/ul>\n<p>Bernd Oswald hat die Videos, Pr\u00e4sentationen und einige Tweets zur NR16 in einer Storify zusammengebaut: https:\/\/storify.com\/berndoswald\/datenjournalismus-auf-der-nr16<\/p>\n","protected":false},"excerpt":{"rendered":"<p>Im Pad haben Referent:innen und Teilnehmer:innen Geschichten, Links, Tipps, Tricks und Empfehlungen notieren und mit anderengeteilt. &nbsp; Guten Morgen, ich bin heute (und morgen) mit\u00a0 dreizehn gefl\u00fcchteten Kolleg_innen aus Syrien, Ruanda, Afghanistan, Kolumbien und dem Iran auf der Tagung anzutreffen. Die 13 nehmen an der Weiterbildung f\u00fcr Medienschaffende mit Fluchtgeschchichte (&#8220;Digitale Medien f\u00fcr Fl\u00fcchtlinge&#8221;) an [&hellip;]<\/p>\n","protected":false},"author":1,"featured_media":0,"parent":6043,"menu_order":0,"comment_status":"closed","ping_status":"closed","template":"","meta":{"_acf_changed":false,"footnotes":""},"class_list":["post-21361","page","type-page","status-publish","hentry"],"acf":[],"_links":{"self":[{"href":"https:\/\/netzwerkrecherche.org\/nr-termine-archive\/wp-json\/wp\/v2\/pages\/21361","targetHints":{"allow":["GET"]}}],"collection":[{"href":"https:\/\/netzwerkrecherche.org\/nr-termine-archive\/wp-json\/wp\/v2\/pages"}],"about":[{"href":"https:\/\/netzwerkrecherche.org\/nr-termine-archive\/wp-json\/wp\/v2\/types\/page"}],"author":[{"embeddable":true,"href":"https:\/\/netzwerkrecherche.org\/nr-termine-archive\/wp-json\/wp\/v2\/users\/1"}],"replies":[{"embeddable":true,"href":"https:\/\/netzwerkrecherche.org\/nr-termine-archive\/wp-json\/wp\/v2\/comments?post=21361"}],"version-history":[{"count":8,"href":"https:\/\/netzwerkrecherche.org\/nr-termine-archive\/wp-json\/wp\/v2\/pages\/21361\/revisions"}],"predecessor-version":[{"id":34187,"href":"https:\/\/netzwerkrecherche.org\/nr-termine-archive\/wp-json\/wp\/v2\/pages\/21361\/revisions\/34187"}],"up":[{"embeddable":true,"href":"https:\/\/netzwerkrecherche.org\/nr-termine-archive\/wp-json\/wp\/v2\/pages\/6043"}],"wp:attachment":[{"href":"https:\/\/netzwerkrecherche.org\/nr-termine-archive\/wp-json\/wp\/v2\/media?parent=21361"}],"curies":[{"name":"wp","href":"https:\/\/api.w.org\/{rel}","templated":true}]}}