{"id":21370,"date":"2020-09-15T12:33:53","date_gmt":"2020-09-15T10:33:53","guid":{"rendered":"https:\/\/netzwerkrecherche.org\/nr-termine-archive\/?page_id=21370"},"modified":"2024-10-02T12:07:28","modified_gmt":"2024-10-02T10:07:28","slug":"pad17","status":"publish","type":"page","link":"https:\/\/netzwerkrecherche.org\/nr-termine-archive\/termine\/konferenzen\/jahreskonferenzen\/nr-jahreskonferenz-2017\/pad17\/","title":{"rendered":"Pad17"},"content":{"rendered":"<p><strong>Im Pad haben Referent:innen und Teilnehmer:innen Geschichten, Links, Tipps, Tricks und Empfehlungen notieren und mit anderengeteilt.<\/strong><\/p>\n<p>&nbsp;<\/p>\n<p>an beiden nr17-Tagen nehmen 15 gefl\u00fcchtete Medienschaffende aus dem DMF-Programm der Hamburg Media School teil. Die deutsch sprechenden Kolleg_innen kommen aus Syrien, Afghanistan, Iran, Ukraine, Tschetschenien. Wer Kontakt m\u00f6chte, spricht sie am besten direkt an oder erreicht mich mobil unter 0179.1188730 (auch WhatsApp, telegram, riot) : Tina Fritsche, Koodinatorin DMF und freie Journalistin<\/p>\n<p>Alternatives \/unabh\u00e4nhigea Medienzentrum zum G20 startet Akkreditierung. #fcmc_tv https:\/\/fcmc.tv\u00a0\u00a0\u00a0 Arbeitspl\u00e4tze, Livestream, Infoknoten, TV- und Radioproduktion, Pressekonferenzen, Interviewpartner_innen\u00a0 vom 4.-9.Juli\u00a0 2017. Standort: Stadion des FC St Pauli \/ Millerntor &#8211; nahe G20 Sitzungsort Messe #Hamburg<\/p>\n<p><strong>Vielfalt des Erz\u00e4hlens &#8211; Podcast-Serien<\/strong><\/p>\n<p><strong>Cybercrime (HR) &#8211; NEU: <\/strong><a href=\"http:\/\/cybercrime.hr.de\"><strong>http:\/\/cybercrime.hr.de<\/strong><\/a><br \/>\n<strong>Der talentierte Mr. Vossen (NDR): <\/strong><a href=\"http:\/\/www.ndr.de\/info\/podcast4322.html\"><strong>http:\/\/www.ndr.de\/info\/podcast4322.html<\/strong><\/a><br \/>\n<strong>Der Anhalter (WDR): <\/strong><a href=\"http:\/\/www1.wdr.de\/radio\/wdr5\/sendungen\/tiefenblick\/der-anhalter-dokuserie-100.html\"><strong>http:\/\/www1.wdr.de\/radio\/wdr5\/sendungen\/tiefenblick\/der-anhalter-dokuserie-100.html<\/strong><\/a><br \/>\n<strong>Bilals Weg in den Terror (rbb\/NDR): <\/strong><a href=\"https:\/\/www.radioeins.de\/themen\/_\/podcast-bilal\/index.html\"><strong>https:\/\/www.radioeins.de\/themen\/_\/podcast-bilal\/index.html<\/strong><\/a><br \/>\n<strong>T\u00e4ter unbekannt (NDR): <\/strong><a href=\"http:\/\/www.ndr.de\/ndr2\/sendungen\/taeterunbekannt\/podcast4282.html\"><strong>http:\/\/www.ndr.de\/ndr2\/sendungen\/taeterunbekannt\/podcast4282.html<\/strong><\/a><br \/>\n<strong>Wer hat Burak erschossen (rbb): <\/strong><a href=\"http:\/\/www.radioeins.de\/themen\/_\/burak\/\"><strong>http:\/\/www.radioeins.de\/themen\/_\/burak\/<\/strong><\/a><\/p>\n<p><strong>Panel &#8220;Datensch\u00e4tze und ihre Fallstricke &#8211; So k\u00f6nnen Journalisten Datenbanken nutzen&#8221; (Freitag, 19 Uhr)<\/strong><br \/>\nReferent Andreas Maisch sendet seine Pr\u00e4sentation gerne per E-Mail zu. Bitte bei Interesse an reportage[at]gmx[punkt)de schreiben.<\/p>\n<p><strong>Bellingcat Digital Forensics Workshop:<\/strong><\/p>\n<ul class=\"bullet\">\n<li>Bellingcat&#8217;s Digital Forensics Guide: <a href=\"https:\/\/docs.google.com\/document\/d\/1BfLPJpRtyq4RFtHJoNpvWQjmGnyVkfE2HYoICKOGguA\">https:\/\/docs.google.com\/document\/d\/1BfLPJpRtyq4RFtHJoNpvWQjmGnyVkfE2HYoICKOGguA<\/a><\/li>\n<li>Quiz for using essential social media verification tools: <a href=\"https:\/\/goo.gl\/forms\/GyKdBANIDB7ejNmO2\">https:\/\/goo.gl\/forms\/GyKdBANIDB7ejNmO2<\/a>\n<ul class=\"bullet\">\n<li>Also interesting is <a href=\"https:\/\/www.dhs.gov\/sites\/default\/files\/publications\/FY2017BIB.pdf\">https:\/\/www.dhs.gov\/sites\/default\/files\/publications\/FY2017BIB.pdf<\/a> found using filetype:pdf inurl:.gov confidential 10..100 million dollar<\/li>\n<\/ul>\n<\/li>\n<li>Geolocation photos:\n<ul class=\"bullet\">\n<li><strong>33.511424,\u00a0 36.252905<\/strong><\/li>\n<\/ul>\n<\/li>\n<\/ul>\n<p><strong>\u201eCross-border-Journalismus f\u00fcr alle\u201c\u00a0<\/strong><\/p>\n<p>Links zu den Projekten, die beim #crossborder #journalism Panel angesprochen wurden:<\/p>\n<p>EIC \/ Football Leaks \/ Malta Files <a href=\"https:\/\/eic.network\/\">https:\/\/eic.network\/<\/a>,<br \/>\n<a href=\"https:\/\/eic.network\/\">https:\/\/eic.network\/<\/a><\/p>\n<p>Investigate Europe <a href=\"http:\/\/investigate-europe.eu\/\">http:\/\/investigate-europe.eu\/<\/a><\/p>\n<p>MEP project<br \/>\n<a href=\"http:\/\/journalismfund.eu\/workinggrant\/meps-project-ghost-offices-meps\">http:\/\/journalismfund.eu\/workinggrant\/meps-project-ghost-offices-meps<\/a><\/p>\n<p>Hostwriter <a href=\"http:\/\/hostwriter.org\/\">http:\/\/hostwriter.org\/<\/a><\/p>\n<p><strong><u>Doku zu &#8220;Die Ente bleibt drau\u00dfen!&#8221;<\/u><\/strong> (Fr., 09.06.2017, R3)<br \/>\n(Die Veranstaltung wurde gestreamt, hier bittesch\u00f6n:<br \/>\n<a href=\"http:\/\/www.spreerunde.de\/nr17\/die-ente-bleibt-draussen-n-quellenpruefung-online-.html\">http:\/\/www.spreerunde.de\/nr17\/die-ente-bleibt-draussen-n-quellenpruefung-online-.html<\/a> )<\/p>\n<p>Wie versprochen, hier die Links auf meine Pr\u00e4sentation von mir, zus\u00e4tzlich ein paar meiner &#8220;Merkzettel&#8221;, die ich erw\u00e4hnt hatte. Die Handouts liegen als PDF-Dateien auf meinem Webserver ude.de. Die Links d\u00fcrfen gerne weiter verbreitet werden, solange dies vollst\u00e4ndig geschieht. Die Links sind etwas lang, das liegt an den vorgeschalteten Z\u00e4hlpixeln f\u00fcr die VG Wort &#8211; wer fair sein m\u00f6chte, \u00fcbernimmt den Link komplett.<\/p>\n<p>Die Dateien k\u00f6nnen f\u00fcr den privaten Gebrauch gern geladen werden. Sie d\u00fcrfen aber nicht auf anderen Servern als meinem zum Download angeboten werden. Das ich wichtig, damit ich die Dateien stets aktuell halten kann.<\/p>\n<p>Falls Fragen sind, gerne mit mit Kontakt aufnehmen <a href=\"mailto:albrecht@ude.de\">via E-Mail<\/a><\/p>\n<p><strong>&#8220;Die Ente bleibt drau\u00dfen!&#8221; : Quellenpr\u00fcfung und Fakten-Check digital<\/strong> (PDF, 23 S., 63 KB)<br \/>\n<a href=\"http:\/\/www.ude.de\/nr-seminar\/170609-hbg-nrjt-ente-beamer.pdf\">http:\/\/www.ude.de\/nr-seminar\/170609-hbg-nrjt-ente-beamer.pdf<\/a><\/p>\n<p><strong>Webinhalte gerichtsfest abspeichern<\/strong> (PDF, 3 S., 56 KB)<br \/>\n<a href=\"http:\/\/vg03.met.vgwort.de\/na\/8c949764351b4fb7a2e1b14681c0f0b4?l=http:\/\/www.ude.de\/merkzettel\/webseiten-speichern.pdf\">http:\/\/vg03.met.vgwort.de\/na\/8c949764351b4fb7a2e1b14681c0f0b4?l=http:\/\/www.ude.de\/merkzettel\/webseiten-speichern.pdf<\/a><\/p>\n<p><strong>Firefox Addons f\u00fcr Sicherheit und Datenschutz<\/strong> (Firefox-Erweiterungen ; 1) (PDF, 3 S., 37 KB)<br \/>\n<a href=\"http:\/\/vg03.met.vgwort.de\/na\/2929282d57f14696ad1268f78bf64c7c?l=http:\/\/www.ude.de\/merkzettel\/firefox-erweiterungen-01-sicherheit.pdf\">http:\/\/vg03.met.vgwort.de\/na\/2929282d57f14696ad1268f78bf64c7c?l=http:\/\/www.ude.de\/merkzettel\/firefox-erweiterungen-01-sicherheit.pdf<\/a><\/p>\n<p><strong>Firefox Addons f\u00fcr den Zugriff auf Suchmaschinen<\/strong> (Firefox-Erweiterungen ; 2) (PDF, 1 S., 16 KB)<br \/>\n<a href=\"http:\/\/vg03.met.vgwort.de\/na\/057bd7cd99984bc1bca5c0f3f345ea14?l=http:\/\/www.ude.de\/merkzettel\/firefox-erweiterungen-02-suche.pdf\">http:\/\/vg03.met.vgwort.de\/na\/057bd7cd99984bc1bca5c0f3f345ea14?l=http:\/\/www.ude.de\/merkzettel\/firefox-erweiterungen-02-suche.pdf<\/a><\/p>\n<p><strong>Firefox Addons f\u00fcr tiefe Recherchen<\/strong> (Firefox-Erweiterungen ; 3) (PDF, 2 S., 26 KB)<br \/>\n<a href=\"http:\/\/vg03.met.vgwort.de\/na\/435233717bc243b68ac1e19f09f1baec?l=http:\/\/www.ude.de\/merkzettel\/firefox-erweiterungen-03-recherche.pdf\">http:\/\/vg03.met.vgwort.de\/na\/435233717bc243b68ac1e19f09f1baec?l=http:\/\/www.ude.de\/merkzettel\/firefox-erweiterungen-03-recherche.pdf<\/a><\/p>\n<p><strong>Firefox Addons f\u00fcr Anonymisierung<\/strong> (Firefox-Erweiterungen ; 4) (PDF, 2 S., 26 KB)<br \/>\n<a href=\"http:\/\/vg03.met.vgwort.de\/na\/64c328850e0041c7ad7c87509553e8fc?l=http:\/\/www.ude.de\/merkzettel\/firefox-erweiterungen-04-anonym.pdf\">http:\/\/vg03.met.vgwort.de\/na\/64c328850e0041c7ad7c87509553e8fc?l=http:\/\/www.ude.de\/merkzettel\/firefox-erweiterungen-04-anonym.pdf<\/a><\/p>\n<p><strong>Firefox Addons f\u00fcr das Speichern von Web-Inhalten<\/strong> (Firefox-Erweiterungen ; 5) (PDF, 2 S., 27 KB)<br \/>\n<a href=\"http:\/\/vg03.met.vgwort.de\/na\/3ec49e6671b742cabe58ebef253373d8?l=http:\/\/www.ude.de\/merkzettel\/firefox-erweiterungen-05-speichern.pdf\">http:\/\/vg03.met.vgwort.de\/na\/3ec49e6671b742cabe58ebef253373d8?l=http:\/\/www.ude.de\/merkzettel\/firefox-erweiterungen-05-speichern.pdf<\/a><\/p>\n<p>[Ende Doku &#8220;Die Ente bleibt drau\u00dfen&#8221;]<\/p>\n<p>&nbsp;<\/p>\n<p><strong>Fake News enttarnen &#8211; Workshop:<\/strong> bit.ly\/nr2017fakenews<\/p>\n<p><strong>Beyond the Leaks<\/strong><\/p>\n<p>&#8211; Hoover <a href=\"https:\/\/hoover.github.io\/\">https:\/\/hoover.github.io\/<\/a><\/p>\n<ul class=\"indent\">\n<li>https:\/\/hoover.crji.org\/<\/li>\n<li><a href=\"https:\/\/github.com\/hoover\/docker-setup\">https:\/\/github.com\/hoover\/docker-setup<\/a><\/li>\n<\/ul>\n<p>&#8211; https:\/\/liquidinvestigations.org\/wordpress\/<br \/>\n(Link funktioniert nicht mehr, vielleicht hilft diese Seite: <a href=\"https:\/\/github.com\/liquidinvestigations\/docs\/wiki\">https:\/\/github.com\/liquidinvestigations\/docs\/wiki<\/a> )<br \/>\nSandstorm<br \/>\nNewsleak<br \/>\n<a href=\"https:\/\/www.inf.uni-hamburg.de\/en\/inst\/ab\/lt\/home\/news\/20170705-newsleak-nextround.html\">http:\/\/ltbev.informatik.uni-hamburg.de\/newsleak\/#\/<\/a><br \/>\n<a href=\"http:\/\/www.newsleak.io\/\">http:\/\/www.newsleak.io\/<\/a><\/p>\n<p>Open Semantic Search <a href=\"https:\/\/www.opensemanticsearch.org\">https:\/\/www.opensemanticsearch.org<\/a><br \/>\nVorbereitete VM: <a href=\"https:\/\/www.opensemanticsearch.org\/doc\/desktop_search\">https:\/\/www.opensemanticsearch.org\/doc\/desktop_search<\/a><\/p>\n<p>Aleph pad: http:\/\/nrch.antares.uberspace.de\/pad\/p\/aleph<\/p>\n<p><strong>Workshop \u201eDer\u00a0 digitale Werkzeugkasten f\u00fcr freie Journalist*innen\u201c; von Henry Steinhau in Zusammenarbeit mit Freischreiber.<\/strong><br \/>\nLinkliste zu den vorgestellten Werkzeugen: <a href=\"https:\/\/docs.google.com\/document\/d\/1L1wAYZNX-7-R0GleReWcvi5Tl7xAml3TKSxdHJUnYLM\/edit\">https:\/\/docs.google.com\/document\/d\/1L1wAYZNX-7-R0GleReWcvi5Tl7xAml3TKSxdHJUnYLM\/edit<\/a><br \/>\nVortragsfolien als PDF: <a href=\"http:\/\/www.steinhau.com\/hest\/wordpress\/wp-content\/uploads\/sites\/19\/2017\/06\/Slideshow-NR-Digitaler-Werkzeugkasten-f\u00fcr-Journalisten-1-2_HS.pdf\">http:\/\/www.steinhau.com\/hest\/wordpress\/wp-content\/uploads\/sites\/19\/2017\/06\/Slideshow-NR-Digitaler-Werkzeugkasten-f\u00fcr-Journalisten-1-2_HS.pdf<\/a><\/p>\n<p><strong>Handouts zu &#8220;Richtig konfrontieren&#8221;<\/strong><\/p>\n<p>Artikel im Journalist <a href=\"http:\/\/recherche-info.de\/blog\/wp-content\/src\/Richtig-konfrontieren-Journalist.pdf\">http:\/\/recherche-info.de\/blog\/wp-content\/src\/Richtig-konfrontieren-Journalist.pdf<\/a><\/p>\n<p>Handout von Marcus Lindemann http:\/\/recherche-info.de\/blog\/wp-content\/src\/Regeln-Konfrontation-1.pdf<\/p>\n<p>Handouts zu Google\u00a0 (Marcus Lindemann)<\/p>\n<p><a href=\"http:\/\/recherche-info.de\/blog\/wp-content\/src\/Suchmaschinen-Operatoren-komplett1.pdf\">http:\/\/recherche-info.de\/blog\/wp-content\/src\/Suchmaschinen-Operatoren-komplett1.pdf<\/a><\/p>\n<p>&nbsp;<\/p>\n","protected":false},"excerpt":{"rendered":"<p>Im Pad haben Referent:innen und Teilnehmer:innen Geschichten, Links, Tipps, Tricks und Empfehlungen notieren und mit anderengeteilt. &nbsp; an beiden nr17-Tagen nehmen 15 gefl\u00fcchtete Medienschaffende aus dem DMF-Programm der Hamburg Media School teil. Die deutsch sprechenden Kolleg_innen kommen aus Syrien, Afghanistan, Iran, Ukraine, Tschetschenien. Wer Kontakt m\u00f6chte, spricht sie am besten direkt an oder erreicht mich [&hellip;]<\/p>\n","protected":false},"author":1,"featured_media":0,"parent":7973,"menu_order":0,"comment_status":"closed","ping_status":"closed","template":"","meta":{"_acf_changed":false,"footnotes":""},"class_list":["post-21370","page","type-page","status-publish","hentry"],"acf":[],"_links":{"self":[{"href":"https:\/\/netzwerkrecherche.org\/nr-termine-archive\/wp-json\/wp\/v2\/pages\/21370","targetHints":{"allow":["GET"]}}],"collection":[{"href":"https:\/\/netzwerkrecherche.org\/nr-termine-archive\/wp-json\/wp\/v2\/pages"}],"about":[{"href":"https:\/\/netzwerkrecherche.org\/nr-termine-archive\/wp-json\/wp\/v2\/types\/page"}],"author":[{"embeddable":true,"href":"https:\/\/netzwerkrecherche.org\/nr-termine-archive\/wp-json\/wp\/v2\/users\/1"}],"replies":[{"embeddable":true,"href":"https:\/\/netzwerkrecherche.org\/nr-termine-archive\/wp-json\/wp\/v2\/comments?post=21370"}],"version-history":[{"count":9,"href":"https:\/\/netzwerkrecherche.org\/nr-termine-archive\/wp-json\/wp\/v2\/pages\/21370\/revisions"}],"predecessor-version":[{"id":34343,"href":"https:\/\/netzwerkrecherche.org\/nr-termine-archive\/wp-json\/wp\/v2\/pages\/21370\/revisions\/34343"}],"up":[{"embeddable":true,"href":"https:\/\/netzwerkrecherche.org\/nr-termine-archive\/wp-json\/wp\/v2\/pages\/7973"}],"wp:attachment":[{"href":"https:\/\/netzwerkrecherche.org\/nr-termine-archive\/wp-json\/wp\/v2\/media?parent=21370"}],"curies":[{"name":"wp","href":"https:\/\/api.w.org\/{rel}","templated":true}]}}