{"id":21412,"date":"2020-09-17T12:34:27","date_gmt":"2020-09-17T10:34:27","guid":{"rendered":"https:\/\/netzwerkrecherche.org\/nr-termine-archive\/?page_id=21412"},"modified":"2024-10-02T12:07:28","modified_gmt":"2024-10-02T10:07:28","slug":"pad19","status":"publish","type":"page","link":"https:\/\/netzwerkrecherche.org\/nr-termine-archive\/termine\/konferenzen\/jahreskonferenzen\/nr-jahreskonferenz-2019-live\/pad19\/","title":{"rendered":"Pad19"},"content":{"rendered":"<p><b>Im Pad haben Referent:innen und Teilnehmer:innen Geschichten, Links, Tipps, Tricks und Empfehlungen notieren und mit anderen <\/b><\/p>\n<p>&nbsp;<\/p>\n<p><span class=\"\">Handout zum Panel <\/span><span class=\"b\"><b>\u201eDoxing\u00a0 von Journalist*innen: Wie Angreifer vorgehen, was ihre Ziele sind \u2013 und\u00a0 wie wir uns sch\u00fctzen sollten&#8221;<\/b><\/span><span class=\"\"> mit\u00a0<\/span><\/p>\n<div id=\"magicdomid11\" class=\"\"><span class=\"\">Daniel Mo\u00dfbrucker und Albrecht Ude : <\/span><span class=\" url\"><a href=\"https:\/\/netzwerkrecherche.org\/nr-termine-archive\/wp-content\/uploads\/sites\/19\/2019\/06\/20190614_Handout_Doxing_Mossbrucker_Ude-nr.pdf\">https:\/\/netzwerkrecherche.org\/nr-termine-archive\/wp-content\/uploads\/sites\/19\/2019\/06\/20190614_Handout_Doxing_Mossbrucker_Ude-nr.pdf<\/a><\/span><\/div>\n<div id=\"magicdomid14\" class=\"\"><\/div>\n<div id=\"magicdomid15\" class=\"\"><span class=\"\">Phising-Quizzes:<\/span><\/div>\n<div id=\"magicdomid16\" class=\"\"><span class=\" url\"><a href=\"https:\/\/phishingquiz.withgoogle.com\/\">https:\/\/phishingquiz.withgoogle.com\/<\/a><\/span><span class=\"\"> ,<\/span><\/div>\n<div id=\"magicdomid17\" class=\"\"><span class=\" url\"><a href=\"https:\/\/www.opendns.com\/phishing-quiz\/\">https:\/\/www.opendns.com\/phishing-quiz\/<\/a><\/span><span class=\"\"> ,<\/span><\/div>\n<div id=\"magicdomid18\" class=\"\"><span class=\" url\"><a href=\"https:\/\/www.sonicwall.com\/phishing-iq-test-landing\/\">https:\/\/www.sonicwall.com\/phishing-iq-test-landing\/<\/a><\/span><span class=\"\"> .<\/span><\/div>\n<div id=\"magicdomid19\" class=\"\"><\/div>\n<div id=\"magicdomid20\" class=\"\"><\/div>\n<div id=\"magicdomid21\" class=\"\"><span class=\"\">Erg\u00e4nzend dazu ein Merkzettel von Albrecht Ude:<\/span><\/div>\n<div id=\"magicdomid22\" class=\"\"><span class=\"b\"><b>Webinhalte gerichtsfest abspeichern<\/b><\/span><\/div>\n<div id=\"magicdomid23\" class=\"\"><span class=\"\">Zuweilen braucht man das: Inhalte des World Wide Web so sichern, dass belastbare<\/span><\/div>\n<div id=\"magicdomid24\" class=\"\"><span class=\"\">Beweise entstehen. Diese Anleitung erl\u00e4utert, wie das geht.<\/span><\/div>\n<div id=\"magicdomid25\" class=\"\"><span class=\"\">&lt;a href=&#8221;<\/span><span class=\" url\"><a href=\"http:\/\/vg03.met.vgwort.de\/na\/8c949764351b4fb7a2e1b14681c0f0b4?l=http:\/\/www.ude.de\/merkzettel\/webseiten-speichern.pdf\">http:\/\/vg03.met.vgwort.de\/na\/8c949764351b4fb7a2e1b14681c0f0b4?l=http:\/\/www.ude.de\/merkzettel\/webseiten-speichern.pdf<\/a><\/span><span class=\"\">&#8220;&gt;Webseiten speichern&lt;\/a&gt;<\/span><\/div>\n<div id=\"magicdomid26\" class=\"\"><span class=\"\">(PDF-Datei, 3 S., 101 KB)<\/span><\/div>\n<div id=\"magicdomid27\" class=\"\"><\/div>\n<div id=\"magicdomid28\" class=\"\"><span class=\"b\"><b>Journalistischer Umgang mit traumatisierten Menschen &#8211; Juliane L\u00f6ffler (BuzzFeed News), Pascale M\u00fcller (BuzzFeed News), Marie Anais Zottnick (Institut f\u00fcr Traumabearbeitung und Weiterbildung)<\/b><\/span><\/div>\n<div id=\"magicdomid29\" class=\"\"><\/div>\n<div id=\"magicdomid30\" class=\"\"><span class=\"\">Pr\u00e4sentation Marie Anais Zottnick<\/span><\/div>\n<div id=\"magicdomid31\" class=\"\"><span class=\" url\"><a href=\"https:\/\/drive.google.com\/file\/d\/1WSuI2w4HGJKEiSeOfmUqxL7SKZ6KgCOb\/view?usp=sharing\">https:\/\/drive.google.com\/file\/d\/1WSuI2w4HGJKEiSeOfmUqxL7SKZ6KgCOb\/view?usp=sharing<\/a><\/span><\/div>\n<div id=\"magicdomid32\" class=\"\"><\/div>\n<div id=\"magicdomid33\" class=\"\"><span class=\"\">Pr\u00e4sentation Juliane L\u00f6ffler, Pascale M\u00fcller<\/span><\/div>\n<div id=\"magicdomid34\" class=\"\"><span class=\" url\"><a href=\"https:\/\/drive.google.com\/file\/d\/1C7pDtaRNpvkA4dDwumXj2lYTBnWQ3VIT\/view?usp=sharing\">https:\/\/drive.google.com\/file\/d\/1C7pDtaRNpvkA4dDwumXj2lYTBnWQ3VIT\/view?usp=sharing<\/a><\/span><\/div>\n<div id=\"magicdomid35\" class=\"\"><\/div>\n<div id=\"magicdomid36\" class=\"\"><\/div>\n<div id=\"magicdomid37\" class=\"\"><\/div>\n<div id=\"magicdomid38\" class=\"\"><span class=\"b\"><b>Verortung von Nachrichten Workshop mit Gregor Aisch<\/b><\/span><\/div>\n<div id=\"magicdomid39\" class=\"\"><span class=\"\">Pr\u00e4sentation:\u00a0<\/span><\/div>\n<div id=\"magicdomid40\" class=\"\"><span class=\" url\"><a href=\"https:\/\/docs.google.com\/presentation\/d\/1BIlWNL000esmw9bIJAYjVfa968bTRMBaFhTzDFMSXdA\/edit#slide=id.g4fec317b67_0_287\">https:\/\/docs.google.com\/presentation\/d\/1BIlWNL000esmw9bIJAYjVfa968bTRMBaFhTzDFMSXdA\/edit#slide=id.g4fec317b67_0_287<\/a><\/span><\/div>\n<div id=\"magicdomid41\" class=\"\"><\/div>\n<div id=\"magicdomid42\" class=\"\"><\/div>\n<div id=\"magicdomid43\" class=\"\"><span class=\"b\"><b>Monitoring the Government<\/b><\/span><\/div>\n<div id=\"magicdomid44\" class=\"\"><span class=\"\">Pr\u00e4sentation zum SZ-Koalitionstracker:\u00a0<\/span><\/div>\n<div id=\"magicdomid45\" class=\"\"><span class=\" url\"><a href=\"https:\/\/docs.google.com\/presentation\/d\/1g4GVv3X5uTaKExepU8l4kq7ijQs8EkDMzFBHu8FEGjk\/edit?usp=sharing\">https:\/\/docs.google.com\/presentation\/d\/1g4GVv3X5uTaKExepU8l4kq7ijQs8EkDMzFBHu8FEGjk\/edit?usp=sharing<\/a><\/span><\/div>\n<div id=\"magicdomid46\" class=\"\"><\/div>\n<div id=\"magicdomid47\" class=\"\"><\/div>\n<div id=\"magicdomid48\" class=\"\"><span class=\"b\"><b>\u00a0It\u2019s @Quiztime &#8211; Gemeinsam und spielerisch Tipps &amp; Tricks rund ums digitale Verifizieren erlernen<\/b><\/span><\/div>\n<div id=\"magicdomid49\" class=\"\"><span class=\"\">\u00a0<\/span><\/div>\n<div id=\"magicdomid50\" class=\"\"><span class=\"\">\u00a0Hier gibt&#8217;s von Montag bis Freitag unser Twitter-Quiz zu Mitmachen<\/span><\/div>\n<div id=\"magicdomid51\" class=\"\"><span class=\"\">\u00a0<\/span><span class=\" url\"><a href=\"http:\/\/www.twitter.com\/quiztime\">http:\/\/www.twitter.com\/quiztime<\/a><\/span><\/div>\n<div id=\"magicdomid52\" class=\"\"><span class=\"\">\u00a0<\/span><\/div>\n<div id=\"magicdomid53\" class=\"\"><span class=\"\">Tool-Tipps, Strategien und L\u00f6sungswege im Blog:<\/span><\/div>\n<div id=\"magicdomid54\" class=\"\"><span class=\" url\"><a href=\"https:\/\/medium.com\/quiztime\">https:\/\/medium.com\/quiztime<\/a><\/span><\/div>\n<div id=\"magicdomid55\" class=\"\"><span class=\"\">\u00a0<\/span><\/div>\n<div id=\"magicdomid56\" class=\"\"><span class=\"\">Diese Suche indiziert deutschsprachige Audios und Videos im Netz\u00a0<\/span><\/div>\n<div id=\"magicdomid57\" class=\"\"><span class=\" url\"><a href=\"https:\/\/web.archive.org\/web\/20210514185407\/https:\/\/www.spaactor.com\/ueber-spaactor\">https:\/\/www.spaactor.com\/ueber-spaactor<\/a><\/span><\/div>\n<div id=\"magicdomid58\" class=\"\"><\/div>\n<div id=\"magicdomid59\" class=\"\"><span class=\"b\"><b>Unstrukturierte Dokumente<\/b><\/span><span class=\"\">: Alle Slides, alle Geheimtipps:\u00a0<\/span><\/div>\n<div id=\"magicdomid60\" class=\"\"><span class=\" url\"><a href=\"https:\/\/docs.google.com\/presentation\/d\/1m_90-Z_B_7W6O8cF9_eLK92TPbIuLpbX5fSlZRYVCVc\/edit#slide=id.p\">https:\/\/docs.google.com\/presentation\/d\/1m_90-Z_B_7W6O8cF9_eLK92TPbIuLpbX5fSlZRYVCVc\/edit#slide=id.p<\/a><\/span><\/div>\n<div id=\"magicdomid61\" class=\"\"><\/div>\n<div id=\"magicdomid62\" class=\"\"><span class=\"\">Pr\u00e4sentation zum L\u00f6sungsjournalismus:<\/span><\/div>\n<div id=\"magicdomid63\" class=\"\"><span class=\" url\">https:\/\/docs.google.com\/presentation\/d\/1toLTcdaitYeRA2BUHPNbFKSEdWcJ96CAnO9M_JDFU8Q\/edit?usp=sharing<\/span><span class=\"\">\u00a0<\/span><\/div>\n<div id=\"magicdomid64\" class=\"\"><\/div>\n<div id=\"magicdomid65\" class=\"\"><span class=\"\">Udo Branahl (Professor for Medienrecht, TU Dortmund) \u2013 Panel \u201e<\/span><span class=\"b\"><b>Das Schweigen der \u00c4mter \u2013 und was Journalist*innen dagegen tun k\u00f6nnen &#8211; \u00dcberblick zum Auskunftsrecht<\/b><\/span><span class=\"\">\u201c<\/span><\/div>\n<div id=\"magicdomid66\" class=\"\"><span class=\"\">Pr\u00e4sentation:\u00a0<\/span><\/div>\n<div id=\"magicdomid67\" class=\"\"><span class=\" url\"><a href=\"https:\/\/netzwerkrecherche.org\/nr-termine-archive\/wp-content\/uploads\/sites\/19\/2019\/06\/Jahrestagung-nr-2019-\u00dcberblick-zum-Auskunftsrecht-Branahl.pdf\">https:\/\/netzwerkrecherche.org\/nr-termine-archive\/wp-content\/uploads\/sites\/19\/2019\/06\/Jahrestagung-nr-2019-\u00dcberblick-zum-Auskunftsrecht-Branahl.pdf<\/a><\/span><\/div>\n<div id=\"magicdomid68\" class=\"\"><\/div>\n<div id=\"magicdomid69\" class=\"\"><span class=\"\">Tania R\u00f6ttger (Reporterin, Correctiv) \u2013 Panel \u201e <\/span><span class=\"b\"><b>Argumente f\u00fcr die Ausk\u00fcnfte von Beh\u00f6rden &#8211; Praxistipps &amp; Tools<\/b><\/span><span class=\"\">\u201c\u00a0<\/span><\/div>\n<div id=\"magicdomid70\" class=\"\"><span class=\"\">Pr\u00e4sentation:\u00a0<\/span><\/div>\n<div id=\"magicdomid71\" class=\"\"><span class=\" url\"><a href=\"https:\/\/netzwerkrecherche.org\/nr-termine-archive\/wp-content\/uploads\/sites\/19\/2019\/06\/Argumente-f\u00fcr-die-Auskunft-2.pdf\">https:\/\/netzwerkrecherche.org\/nr-termine-archive\/wp-content\/uploads\/sites\/19\/2019\/06\/Argumente-f\u00fcr-die-Auskunft-2.pdf<\/a><\/span><\/div>\n<div id=\"magicdomid72\" class=\"\"><\/div>\n<div id=\"magicdomid73\" class=\"\"><\/div>\n<div id=\"magicdomid74\" class=\"\"><span class=\"b\"><b>Pr\u00e4sentation &#8220;Das 1&#215;1 der Ausk\u00fcnfte \u00fcber Firmen \u2013 Diese Datenbanken sollte jeder Journalist kennen&#8221;<\/b><\/span><\/div>\n<div id=\"magicdomid75\" class=\"\"><span class=\"\">von Jonathan Sachse (CORRECTIV, @jsachse) und Andreas Maisch (freier Journalist, Twitter: @AndreasMaisch, Xing: <\/span><span class=\" url\"><a href=\"https:\/\/www.xing.com\/profile\/Andreas_Maisch5\/)\">https:\/\/www.xing.com\/profile\/Andreas_Maisch5\/)<\/a><\/span><\/div>\n<div id=\"magicdomid76\" class=\"\"><span class=\"\">Link zum Download der Pr\u00e4sentation als PDF-Datei bei WeTransfer:\u00a0<\/span><\/div>\n<div id=\"magicdomid77\" class=\"\"><span class=\" url\"><a href=\"https:\/\/we.tl\/t-iWBS45aYsh\">https:\/\/we.tl\/t-iWBS45aYsh<\/a><\/span><\/div>\n<div id=\"magicdomid78\" class=\"\"><\/div>\n<div id=\"magicdomid79\" class=\"\"><\/div>\n<div id=\"magicdomid80\" class=\"\"><span class=\"b\"><b>Recherchieren wie die Ermittler \/ Oliver Klein ; Marcus Lindemann<\/b><\/span><\/div>\n<div id=\"magicdomid81\" class=\"\"><span class=\" url\">http:\/\/recherche-info.de\/blog\/wp-content\/src\/Recherchieren-wie-die-Ermittler-nr19-Oliver-Klein-Marcus-Lindemann.pdf<\/span><\/div>\n<div id=\"magicdomid82\" class=\"\"><span class=\"\">(PDF-Datei, 68 S., 7.796 KB)<\/span><\/div>\n<div id=\"magicdomid83\" class=\"\"><\/div>\n<div id=\"magicdomid84\" class=\"\"><span class=\"\">Dazu auch:<\/span><\/div>\n<div id=\"magicdomid85\" class=\"\"><span class=\"\">Geheime Nummern frei im Netz FFH findet Daten zahlreicher Politiker<\/span><\/div>\n<div id=\"magicdomid86\" class=\"\"><span class=\"\">Von Oliver Klein. &#8211; 06.02.2019<\/span><\/div>\n<div id=\"magicdomid87\" class=\"\"><span class=\" url\"><a href=\"https:\/\/www.ffh.de\/nachrichten\/top-meldungen\/detail\/183879-geheime-nummern-ffh-findet-daten-vieler-politiker.html\">https:\/\/www.ffh.de\/nachrichten\/top-meldungen\/detail\/toController\/Topic\/toAction\/show\/toId\/183879\/toTopic\/gehei<\/a><\/span><span class=\"author-a-xcwc83wz88zf63z70z8z83z1i url\"><a href=\"https:\/\/www.ffh.de\/nachrichten\/top-meldungen\/detail\/183879-geheime-nummern-ffh-findet-daten-vieler-politiker.html\">HRB<\/a><\/span><span class=\"author-a-xcwc83wz88zf63z70z8z83z1i\"> 139138<\/span><span class=\"\">me-nummern-ffh-findet-daten-vieler-politiker.html<\/span><\/div>\n<div id=\"magicdomid88\" class=\"\"><\/div>\n<div id=\"magicdomid89\" class=\"\"><\/div>\n<div id=\"magicdomid90\" class=\"\"><span class=\"b\"><b>Mitschnitte<\/b><\/span><span class=\"\"> aus den R\u00e4umen K1 und R3 auf dem Youtube-Kanalvon Netzwerk Recherche: nrch.de\/nr19aufzeichnung (wird noch erg\u00e4nzt)<\/span><\/div>\n<div id=\"magicdomid91\" class=\"\"><\/div>\n<div id=\"magicdomid92\" class=\"\"><span class=\"\">Folien zu den Workshops \u201eDigitaler Werkzeugkasten 1 und 2\u201c bitte per Mail anfragen unter steinhau@hest.de<\/span><\/div>\n","protected":false},"excerpt":{"rendered":"<p>Im Pad haben Referent:innen und Teilnehmer:innen Geschichten, Links, Tipps, Tricks und Empfehlungen notieren und mit anderen &nbsp; Handout zum Panel \u201eDoxing\u00a0 von Journalist*innen: Wie Angreifer vorgehen, was ihre Ziele sind \u2013 und\u00a0 wie wir uns sch\u00fctzen sollten&#8221; mit\u00a0 Daniel Mo\u00dfbrucker und Albrecht Ude : https:\/\/netzwerkrecherche.org\/nr-termine-archive\/wp-content\/uploads\/sites\/19\/2019\/06\/20190614_Handout_Doxing_Mossbrucker_Ude-nr.pdf Phising-Quizzes: https:\/\/phishingquiz.withgoogle.com\/ , https:\/\/www.opendns.com\/phishing-quiz\/ , https:\/\/www.sonicwall.com\/phishing-iq-test-landing\/ . Erg\u00e4nzend dazu ein [&hellip;]<\/p>\n","protected":false},"author":1,"featured_media":0,"parent":17375,"menu_order":0,"comment_status":"closed","ping_status":"closed","template":"","meta":{"_acf_changed":false,"footnotes":""},"class_list":["post-21412","page","type-page","status-publish","hentry"],"acf":[],"_links":{"self":[{"href":"https:\/\/netzwerkrecherche.org\/nr-termine-archive\/wp-json\/wp\/v2\/pages\/21412","targetHints":{"allow":["GET"]}}],"collection":[{"href":"https:\/\/netzwerkrecherche.org\/nr-termine-archive\/wp-json\/wp\/v2\/pages"}],"about":[{"href":"https:\/\/netzwerkrecherche.org\/nr-termine-archive\/wp-json\/wp\/v2\/types\/page"}],"author":[{"embeddable":true,"href":"https:\/\/netzwerkrecherche.org\/nr-termine-archive\/wp-json\/wp\/v2\/users\/1"}],"replies":[{"embeddable":true,"href":"https:\/\/netzwerkrecherche.org\/nr-termine-archive\/wp-json\/wp\/v2\/comments?post=21412"}],"version-history":[{"count":8,"href":"https:\/\/netzwerkrecherche.org\/nr-termine-archive\/wp-json\/wp\/v2\/pages\/21412\/revisions"}],"predecessor-version":[{"id":31736,"href":"https:\/\/netzwerkrecherche.org\/nr-termine-archive\/wp-json\/wp\/v2\/pages\/21412\/revisions\/31736"}],"up":[{"embeddable":true,"href":"https:\/\/netzwerkrecherche.org\/nr-termine-archive\/wp-json\/wp\/v2\/pages\/17375"}],"wp:attachment":[{"href":"https:\/\/netzwerkrecherche.org\/nr-termine-archive\/wp-json\/wp\/v2\/media?parent=21412"}],"curies":[{"name":"wp","href":"https:\/\/api.w.org\/{rel}","templated":true}]}}