{"id":21765,"date":"2020-10-06T14:59:30","date_gmt":"2020-10-06T12:59:30","guid":{"rendered":"https:\/\/netzwerkrecherche.org\/nr-termine-archive\/?page_id=21765"},"modified":"2025-07-15T12:06:15","modified_gmt":"2025-07-15T10:06:15","slug":"september-webinar-pad","status":"publish","type":"page","link":"https:\/\/netzwerkrecherche.org\/nr-termine-archive\/termine\/konferenzen\/jahreskonferenzen\/nr-jahreskonferenz-2020\/september-webinar-pad\/","title":{"rendered":"September-Webinar Pad"},"content":{"rendered":"<p><em>Links und Tipps von der nr20plus-Webinarreihe am 26. September 2020:<\/em><\/p>\n<p><strong>11:05 &#8211; 12:00<br \/>\nWirecard-Recherchen \u2013 Das sp\u00e4te Erwachen vieler deutscher Medien<\/strong><\/p>\n<ul>\n<li>der <strong>Blog der Financial Times<\/strong>: \u00a0<a href=\"https:\/\/ftalphaville.ft.com\/\" data-cke-saved-href=\"https:\/\/ftalphaville.ft.com\/\">https:\/\/ftalphaville.ft.com\/<\/a><\/li>\n<li>\u201eAllein gegen Wirecard\u201c \u2013 so die aktuelle Titelgeschichte im \u201e<strong>Wirtschafsjournalist<\/strong>\u201c. Chefredakteur Wolfgang Messner 9beschreibt darin detailliert, wie Dan McCrum seit 2015 in der Financial Times kritische Artikel \u00fcber Wirecard schrieb:\u00a0<a href=\"https:\/\/shop.oberauer.com\/medien\/wirtschaftsjournalist\/357\/wirtschaftsjournalist-2020-04\" data-cke-saved-href=\"https:\/\/shop.oberauer.com\/medien\/wirtschaftsjournalist\/357\/wirtschaftsjournalist-2020-04\">https:\/\/shop.oberauer.com\/medien\/wirtschaftsjournalist\/357\/wirtschaftsjournalist-2020-04\u00a0 \/\/\u00a0<\/a><a href=\"https:\/\/kress.de\/news\/detail\/beitrag\/145722-fuer-diese-art-des-journalismus-muss-man-kein-experte-sein-wirecard-enttarner-dan-mccrum-im-exklusiv-interview.html\" data-cke-saved-href=\"https:\/\/kress.de\/news\/detail\/beitrag\/145722-fuer-diese-art-des-journalismus-muss-man-kein-experte-sein-wirecard-enttarner-dan-mccrum-im-exklusiv-interview.html\">https:\/\/kress.de\/news\/detail\/beitrag\/145722-fuer-diese-art-des-journalismus-muss-man-kein-experte-sein-wirecard-enttarner-dan-mccrum-im-exklusiv-interview.html<\/a><\/li>\n<li>Die Beitr\u00e4ge von Melanie Bergermann zu Wirecard in der Wirtschaftswoche (zum Teil hinter der Paywall): <a href=\"https:\/\/www.wiwo.de\/melanie-bergermann\/6828194.html\" data-cke-saved-href=\"https:\/\/www.wiwo.de\/melanie-bergermann\/6828194.html\">https:\/\/www.wiwo.de\/melanie-bergermann\/6828194.html<\/a><\/li>\n<li>In unserem aktuellen und vorletzten Newsletter haben wir Wirecard thematisiert und viele Texte gesammelt:<br \/>\n<strong>Newsletter Netzwerk Recherche, Nr. 189 vom 24.09.2020<\/strong><br \/>\nAbschnitt Drei, Nachrichten:\u00a0 \u201e13 Wirecard-Texte\u201c\u00a0 <a href=\"http:\/\/nrch.de\/nnr189\" data-cke-saved-href=\"http:\/\/nrch.de\/nnr189\">http:\/\/nrch.de\/nnr189<\/a><strong>Newsletter Netzwerk Recherche, Nr. 187, 27.07.2020<\/strong><br \/>\nEditorial von Kuno Haberbusch <a href=\"http:\/\/nrch.de\/nnr187\" data-cke-saved-href=\"http:\/\/nrch.de\/nnr187\">http:\/\/nrch.de\/nnr187<\/a><\/li>\n<li>BaFin: \u201eWir sehen uns die aktuellen Vorg\u00e4nge um Wirecard routinem\u00e4\u00dfig im Hinblick auf eine m\u00f6gliche Marktmanipulation durch unrichtige oder irref\u00fchrende Angaben an\u201c hier nachlesen: <a href=\"https:\/\/www.wiwo.de\/finanzen\/boerse\/bafin-finanzaufsicht-prueft-marktmanipulation-bei-wirecard\/13011996.html\" target=\"_blank\" rel=\"noopener noreferrer\" data-cke-saved-href=\"https:\/\/www.wiwo.de\/finanzen\/boerse\/bafin-finanzaufsicht-prueft-marktmanipulation-bei-wirecard\/13011996.html\">https:\/\/www.wiwo.de\/finanzen\/boerse\/bafin-finanzaufsicht-prueft-marktmanipulation-bei-wirecard\/13011996.html<\/a><\/li>\n<li>Ufa-Chef Nico Hofmann will Wirecard-Skandal verfilmen. Berichte dazu u.a. in <a href=\"https:\/\/www.stern.de\/kultur\/film\/wirecard-skandal-soll-ins-kino--ufa-sucht-darsteller-von-braun-und-marsalek-9429700.html?utm_campaign=alle&amp;utm_medium=rss-feed&amp;utm_source=standard\" data-cke-saved-href=\"https:\/\/www.stern.de\/kultur\/film\/wirecard-skandal-soll-ins-kino--ufa-sucht-darsteller-von-braun-und-marsalek-9429700.html?utm_campaign=alle&amp;utm_medium=rss-feed&amp;utm_source=standard\">Stern<\/a> und <a href=\"https:\/\/www.faz.net\/aktuell\/wirtschaft\/unternehmen\/nico-hofmann-verfilmt-das-bilanz-drama-von-wirecard-16891921.html\" data-cke-saved-href=\"https:\/\/www.faz.net\/aktuell\/wirtschaft\/unternehmen\/nico-hofmann-verfilmt-das-bilanz-drama-von-wirecard-16891921.html\">FAZ<\/a><\/li>\n<\/ul>\n<p>&nbsp;<\/p>\n<p><strong>12:00 &#8211; 13:00<br \/>\nHackern auf die Schliche kommen \u2013 Datenspuren im Netz<\/strong><\/p>\n<p>Erw\u00e4hnungen von Hakan Tanriverdi:<\/p>\n<ul>\n<li>VirusTotal is a free virus, malware and URL online scanning service (von Google aufgekauft): <a href=\"http:\/\/www.virustotal.com\" data-cke-saved-href=\"http:\/\/www.virustotal.com\">www.virustotal.com<\/a><\/li>\n<li><a href=\"https:\/\/github.com\/x0rz\/phishing_catcher\" target=\"_blank\" rel=\"noopener noreferrer\" data-cke-saved-href=\"Https:\/\/github.com\/x0rz\/phishing_catcher\">https:\/\/github.com\/x0rz\/phishing_catcher<\/a><\/li>\n<li>Geschichte \u201eAngriff auf das Herz der deutschen Industrie\u201c \u00fcber die Hackergruppe\u00a0Winnti.Von Hakan Tanriverdi, Svea Eckert, Jan Strozyk, Maximilian Zierer und Rebecca Ciesielski: <a href=\"https:\/\/web.br.de\/interaktiv\/winnti\/\" data-cke-saved-href=\"https:\/\/web.br.de\/interaktiv\/winnti\/\">https:\/\/web.br.de\/interaktiv\/winnti\/<\/a><\/li>\n<li>Weiterbildung in Coding und Datenanalyse an der Columbia\u2019s Graduate School of Journalism and Department of Computer Science: <a href=\"http:\/\/ledeprogram.com\/\" data-cke-saved-href=\"http:\/\/ledeprogram.com\/\">http:\/\/ledeprogram.com\/<\/a><\/li>\n<li><a href=\"https:\/\/community.riskiq.com\" target=\"_blank\" rel=\"noopener noreferrer\" data-cke-saved-href=\"Https:\/\/community.riskiq.com\">https:\/\/community.riskiq.com<\/a>\/<br \/>\n<a href=\"http:\/\/Domaintools.com\" target=\"_blank\" rel=\"noopener noreferrer\" data-cke-saved-href=\"http:\/\/Domaintools.com\">domaintools.com<\/a><br \/>\n<a href=\"https:\/\/www.hybrid-analysis.com\" target=\"_blank\" rel=\"noopener noreferrer\" data-cke-saved-href=\"Https:\/\/www.hybrid-analysis.com\">https:\/\/www.hybrid-analysis.com<\/a>\/<br \/>\nhttps:\/\/app.any.run\/<\/li>\n<li><a href=\"http:\/\/Shodan.io\" target=\"_blank\" rel=\"noopener noreferrer\" data-cke-saved-href=\"http:\/\/Shodan.io\">shodan.io<\/a><\/li>\n<\/ul>\n<p>Erw\u00e4hnungen von Max Hoppenstedt:<\/p>\n<ul>\n<li>Geschichte \u201eBachelor of Waffenexport: Der Student, der zum globalen Waffen-Dealer wurde\u201c von Daniel M\u00fctzel und Max Hoppenstedt: <a href=\"https:\/\/www.vice.com\/de\/article\/8q8wj4\/bachelor-of-waffenexport-der-student-der-zum-globalen-waffen-dealer-wurde\" data-cke-saved-href=\"https:\/\/www.vice.com\/de\/article\/8q8wj4\/bachelor-of-waffenexport-der-student-der-zum-globalen-waffen-dealer-wurde\">https:\/\/www.vice.com\/de\/article\/8q8wj4\/bachelor-of-waffenexport-der-student-der-zum-globalen-waffen-dealer-wurde<\/a><\/li>\n<li>Geschichte \u201eMarsalek bahnte offenbar Kauf von Spionagesoftware an\u201c von Max Hoppenstedt, Marcel Rosenbach, Nicola Naber und Roman H\u00f6fner: <a href=\"https:\/\/www.spiegel.de\/netzwelt\/netzpolitik\/wirecard-jan-marsalek-bahnte-offenbar-kauf-von-spionagesoftware-an-a-9ee27215-c572-42e7-9436-7e4325975c3b\" data-cke-saved-href=\"https:\/\/www.spiegel.de\/netzwelt\/netzpolitik\/wirecard-jan-marsalek-bahnte-offenbar-kauf-von-spionagesoftware-an-a-9ee27215-c572-42e7-9436-7e4325975c3b\">https:\/\/www.spiegel.de\/netzwelt\/netzpolitik\/wirecard-jan-marsalek-bahnte-offenbar-kauf-von-spionagesoftware-an-a-9ee27215-c572-42e7-9436-7e4325975c3b<\/a><\/li>\n<li>\u201eDer Trick mit der Telefonnummer &#8211; Konten leerger\u00e4umt\u201c von Max Hoppenstedt: <a href=\"https:\/\/www.sueddeutsche.de\/digital\/telefonnummer-hack-konto-sim-swapping-1.4588006\" data-cke-saved-href=\"https:\/\/www.sueddeutsche.de\/digital\/telefonnummer-hack-konto-sim-swapping-1.4588006\">https:\/\/www.sueddeutsche.de\/digital\/telefonnummer-hack-konto-sim-swapping-1.4588006<\/a><\/li>\n<\/ul>\n<p>Tipps: Nutzt verschl\u00fcsselte Kommunikation &amp; sichere Passw\u00f6rter.<\/p>\n<p>&nbsp;<\/p>\n<p><strong>13:00 &#8211; 14:00<br \/>\nPioniere in schwierigen Zeiten: Die Ideen der Grow-Gewinner 2020<\/strong><\/p>\n<p>Infos zu unseren Grow-Wettbewerb und den pr\u00e4mierten Projekten: <a href=\"https:\/\/netzwerkrecherche.org\/nr-termine-archive\/ziele\/gemeinnuetziger-journalismus\/grow-stipendien\/die-grow-gewinner-2020\/\" data-cke-saved-href=\"https:\/\/netzwerkrecherche.org\/nr-termine-archive\/ziele\/gemeinnuetziger-journalismus\/grow-stipendien\/die-grow-gewinner-2020\/\">https:\/\/netzwerkrecherche.org\/nr-termine-archive\/ziele\/gemeinnuetziger-journalismus\/grow-stipendien\/die-grow-gewinner-2020\/<\/a><\/p>\n<ul>\n<li>Reflekt (Christian Zeier): <a href=\"https:\/\/reflekt.ch\" target=\"_blank\" rel=\"noopener noreferrer\" data-cke-saved-href=\"https:\/\/reflekt.ch\">https:\/\/reflekt.ch<\/a>\/<\/li>\n<li>Lokalblog N\u00fcrnberg (Alexandra Haderlein): <a href=\"https:\/\/lokalblog-nuernberg.de\" target=\"_blank\" rel=\"noopener noreferrer\" data-cke-saved-href=\"https:\/\/lokalblog-nuernberg.de\">https:\/\/lokalblog-nuernberg.de<\/a>\/<\/li>\n<li>Karakaya Talk (drittes Grow-Gewinnerprojekt, heute leider nicht dabei): <a href=\"https:\/\/www.youtube.com\/channel\/UCfN7JOiJhYpMHuRgLV1JicA\" target=\"_blank\" rel=\"noopener noreferrer\" data-cke-saved-href=\"https:\/\/www.youtube.com\/channel\/UCfN7JOiJhYpMHuRgLV1JicA\">https:\/\/www.youtube.com\/channel\/ucfn7joijhypmhurglv1jica<\/a><\/li>\n<\/ul>\n<p>&nbsp;<\/p>\n<p><strong>14:00 &#8211; 15:00<br \/>\nDer deutsche Journalismus braucht mehr nichtwei\u00dfe Recherchen!<\/strong><\/p>\n<p>Beitr\u00e4ge von Mohamed Amjahid zur Thematik \u201eClan-Kriminalit\u00e4t\u201c, zur Silvesternacht in K\u00f6ln<\/p>\n<ul>\n<li>ZEIT: \u201eDiskriminierung: So schnell wird man zum Clan-Kriminellen\u201c <a href=\"https:\/\/www.zeit.de\/gesellschaft\/2020-05\/diskriminierung-clan-kriminalitaet-razzien-polizei-rassismus\" data-cke-saved-href=\"https:\/\/www.zeit.de\/gesellschaft\/2020-05\/diskriminierung-clan-kriminalitaet-razzien-polizei-rassismus\">https:\/\/www.zeit.de\/gesellschaft\/2020-05\/diskriminierung-clan-kriminalitaet-razzien-polizei-rassismus<\/a><\/li>\n<li>taz: \u201eSogenannte Clan-Kriminalit\u00e4t: 213 Tatverd\u00e4chtige in Berlin\u201c <a href=\"https:\/\/taz.de\/Sogenannte-Clan-Kriminalitaet\/!5710348\/\" data-cke-saved-href=\"https:\/\/taz.de\/Sogenannte-Clan-Kriminalitaet\/!5710348\/\">https:\/\/taz.de\/Sogenannte-Clan-Kriminalitaet\/!5710348\/<\/a><\/li>\n<li>ZEITmagazin: \u201eWas geschah wirklich?\u201c Beitrag von Mohamed Amjahid, Christian Fuchs, Vanessa Guinan-Bank, Anne Kunze, Stephan Lebert, Sebastian Mondial, Daniel M\u00fcller, Yassin Musharbash, Martin Nejezchleba und Samuel Rieth: <a href=\"http:\/\/ZEITmagazin: \u201eWas geschah wirklich?\u201c Beitrag von Mohamed Amjahid, Christian Fuchs, Vanessa Guinan-Bank, Anne Kunze, Stephan Lebert, Sebastian Mondial, Daniel M\u00fcller, Yassin Musharbash, Martin Nejezchleba und Samuel Rieth: https:\/\/www.zeit.de\/zeit-magazin\/2016\/27\/silvesternacht-koeln-fluechtlingsdebatte-aufklaerung\" data-cke-saved-href=\"http:\/\/ZEITmagazin: \u201eWas geschah wirklich?\u201c Beitrag von Mohamed Amjahid, Christian Fuchs, Vanessa Guinan-Bank, Anne Kunze, Stephan Lebert, Sebastian Mondial, Daniel M\u00fcller, Yassin Musharbash, Martin Nejezchleba und Samuel Rieth: https:\/\/www.zeit.de\/zeit-magazin\/2016\/27\/silvesternacht-koeln-fluechtlingsdebatte-aufklaerung\">https:\/\/www.zeit.de\/zeit-magazin\/2016\/27\/silvesternacht-koeln-fluechtlingsdebatte-aufklaerung<\/a><\/li>\n<\/ul>\n<p>Weitere Erw\u00e4hnungen und Empfehlungen:<\/p>\n<ul>\n<li>frontal-Beitrag von Asli \u00d6zarslan mit Mohamed Amjahid: \u201eClan-Kriminalit\u00e4t: Trickst die Polizei?\u201c <a href=\"https:\/\/www.youtube.com\/watch?v=5mtXRexOTS0&amp;feature=emb_title\" data-cke-saved-href=\"https:\/\/www.youtube.com\/watch?v=5mtXRexOTS0&amp;feature=emb_title\">https:\/\/www.youtube.com\/watch?v=5mtXRexOTS0&amp;feature=emb_title<\/a><\/li>\n<li>Neue Deutsche Medienmacher*innen \u2013 Mentoringprogramm: <a href=\"https:\/\/www.neuemedienmacher.de\/projekte\/mentoring\/\" data-cke-saved-href=\"https:\/\/www.neuemedienmacher.de\/projekte\/mentoring\/\">https:\/\/www.neuemedienmacher.de\/projekte\/mentoring\/<\/a>\u00a0 und Medientrainings:\u00a0<a href=\"https:\/\/www.neuemedienmacher.de\/projekte\/medientrainings\/\" data-cke-saved-href=\"https:\/\/www.neuemedienmacher.de\/projekte\/medientrainings\/\">https:\/\/www.neuemedienmacher.de\/projekte\/medientrainings\/<\/a><\/li>\n<li>Heinrich-B\u00f6ll-Stiftung <strong>Studienstipendienprogramm<\/strong> \u201eMedienvielfalt, anders! Junge Migrantinnen und Migranten in den Journalismus: <a href=\"https:\/\/www.boell.de\/index.php\/de\/stiftung\/journalismus\" data-cke-saved-href=\"https:\/\/www.boell.de\/index.php\/de\/stiftung\/journalismus\">https:\/\/www.boell.de\/index.php\/de\/stiftung\/journalismus<\/a><\/li>\n<\/ul>\n<p>&nbsp;<\/p>\n<p><strong>15:00 &#8211; 15:30<br \/>\nRUMS in M\u00fcnster: neuer Lokaljournalismus, neue Finanzierung?<\/strong><\/p>\n<p>Das Projekt RUMS verspricht \u201edigitalen, unabh\u00e4ngigen und konstruktiven Journalismus f\u00fcr M\u00fcnster\u201c. Nach f\u00fcnf Kostenlos-Monaten ist die Nutzung seit September kostenpflichtig; der Newsletter erscheint zweimal in der Woche: <a href=\"https:\/\/www.rums.ms\/\" data-cke-saved-href=\"https:\/\/www.rums.ms\/\">www.rums.ms<\/a><\/p>\n<p>Pressevielfalt in m\u00fcnsteraner Lokaljournalismus vorgegaukelt <a href=\"https:\/\/uebermedien.de\/46106\/wie-man-eine-zombie-zeitung-fuellt\/\" target=\"_blank\" rel=\"noopener noreferrer\" data-cke-saved-href=\"Https:\/\/uebermedien.de\/46106\/wie-man-eine-zombie-zeitung-fuellt\/\">https:\/\/uebermedien.de\/46106\/wie-man-eine-zombie-zeitung-fuellt\/<\/a><\/p>\n<p>angesprochene Newsletter: Social Media Watchblog: <a href=\"https:\/\/socialmediawatchblog.de\/\" data-cke-saved-href=\"https:\/\/socialmediawatchblog.de\/\">https:\/\/socialmediawatchblog.de\/<\/a> und<br \/>\ndialogger \u2013 dem Newsletter f\u00fcr dialogischen Journalismus, treffen Sie Menschen, die dialogischen Journalismus\u00a0praktisch ausprobieren (noch kostenlos): <a href=\"https:\/\/tactile.news\/dialogger\/\" data-cke-saved-href=\"https:\/\/tactile.news\/dialogger\/\">https:\/\/tactile.news\/dialogger\/<\/a><\/p>\n<p><strong>15:30 &#8211; 16:00<br \/>\n\u00dcbermedien \u2013 Recherchen zur Lage des Journalismus<\/strong><\/p>\n<p>Stefan Niggemeier \u00fcber Gabor Steingarts Buch \u201eDie unbequeme Wahrheit\u201c: <a href=\"https:\/\/uebermedien.de\/52520\/gabor-steingart-hauptsache-es-brennt-mein-freund\/\" data-cke-saved-href=\"https:\/\/uebermedien.de\/52520\/gabor-steingart-hauptsache-es-brennt-mein-freund\/\">https:\/\/uebermedien.de\/52520\/gabor-steingart-hauptsache-es-rbrennt-mein-freund\/<\/a><\/p>\n<p>Beitrag \u201eSpiegel TV\u201c schm\u00fcckt sich mit fremden Mord\u00addrohungen \u2013 und l\u00e4sst den Bedrohten im Stich <a href=\"https:\/\/uebermedien.de\/52265\/spiegel-tv-schmueckt-sich-mit-fremden-morddrohungen-und-laesst-den-bedrohten-im-stich\/\" data-cke-saved-href=\"https:\/\/uebermedien.de\/52265\/spiegel-tv-schmueckt-sich-mit-fremden-morddrohungen-und-laesst-den-bedrohten-im-stich\/\">https:\/\/uebermedien.de\/52265\/spiegel-tv-schmueckt-sich-mit-fremden-morddrohungen-und-laesst-den-bedrohten-im-stich\/<\/a><\/p>\n<p>&nbsp;<\/p>\n<p><strong>16:00 &#8211; 17:00<br \/>\nMit Rechten reden? \u2014 Berichten \u00fcber Neonazis<\/strong><\/p>\n<p><a href=\"https:\/\/mediendienst-integration.de\/artikel\/wie-ueber-rechtsextremismus-berichten.html\" target=\"_blank\" rel=\"nofollow me noopener noreferrer\" data-cke-saved-href=\"https:\/\/mediendienst-integration.de\/artikel\/wie-ueber-rechtsextremismus-berichten.html\">https:\/\/mediendienst-integration.de\/artikel\/wie-ueber-rechtsextremismus-berichten.html<\/a><br \/>\n<a href=\"https:\/\/www.bpb.de\/politik\/extremismus\/rechtsextremismus\/41325\/wie-sollten-journalisten-ueber-rechtsextremismus-berichten\" target=\"_blank\" rel=\"nofollow me noopener noreferrer\" data-cke-saved-href=\"https:\/\/www.bpb.de\/politik\/extremismus\/rechtsextremismus\/41325\/wie-sollten-journalisten-ueber-rechtsextremismus-berichten\">https:\/\/www.bpb.de\/politik\/extremismus\/rechtsextremismus\/41325\/wie-sollten-journalisten-ueber-rechtsextremismus-berichten<\/a><br \/>\n<a href=\"https:\/\/www.bpb.de\/politik\/extremismus\/rechtsextremismus\/41312\/was-ist-rechtsextrem\" target=\"_blank\" rel=\"nofollow me noopener noreferrer\" data-cke-saved-href=\"https:\/\/www.bpb.de\/politik\/extremismus\/rechtsextremismus\/41312\/was-ist-rechtsextrem\">https:\/\/www.bpb.de\/politik\/extremismus\/rechtsextremismus\/41312\/was-ist-rechtsextrem<\/a><br \/>\n<a href=\"https:\/\/www.bpb.de\/politik\/extremismus\/rechtsextremismus\/41323\/wie-umgehen-mit-neonazis-auf-veranstaltungen\" target=\"_blank\" rel=\"nofollow me noopener noreferrer\" data-cke-saved-href=\"https:\/\/www.bpb.de\/politik\/extremismus\/rechtsextremismus\/41323\/wie-umgehen-mit-neonazis-auf-veranstaltungen\">https:\/\/www.bpb.de\/politik\/extremismus\/rechtsextremismus\/41323\/wie-umgehen-mit-neonazis-auf-veranstaltungen<\/a><br \/>\n<a href=\"https:\/\/www.belltower.news\/neonazis-und-journalistinnen-die-wissen-ueber-welche-stoeckchen-wir-springen-35196\/\" target=\"_blank\" rel=\"nofollow me noopener noreferrer\" data-cke-saved-href=\"https:\/\/www.belltower.news\/neonazis-und-journalistinnen-die-wissen-ueber-welche-stoeckchen-wir-springen-35196\/\">https:\/\/www.belltower.news\/neonazis-und-journalistinnen-die-wissen-ueber-welche-stoeckchen-wir-springen-35196\/<\/a><br \/>\n<a href=\"https:\/\/de.in-mind.org\/article\/vom-rechten-rand-auf-seite-1-wie-die-medien-unsere-meinung-ueber-rechtsextremismus-und\" target=\"_blank\" rel=\"nofollow me noopener noreferrer\" data-cke-saved-href=\"https:\/\/de.in-mind.org\/article\/vom-rechten-rand-auf-seite-1-wie-die-medien-unsere-meinung-ueber-rechtsextremismus-und\">https:\/\/de.in-mind.org\/article\/vom-rechten-rand-auf-seite-1-wie-die-medien-unsere-meinung-ueber-rechtsextremismus-und<\/a><br \/>\n<a href=\"https:\/\/www.der-rechte-rand.de\/archive\/2544\/kubitschek-homestory\/\" target=\"_blank\" rel=\"nofollow me noopener noreferrer\" data-cke-saved-href=\"https:\/\/www.der-rechte-rand.de\/archive\/2544\/kubitschek-homestory\/\">https:\/\/www.der-rechte-rand.de\/archive\/2544\/kubitschek-homestory\/<\/a><\/p>\n<p>&nbsp;<\/p>\n<p><strong>17:00 &#8211; 18:00<br \/>\nEinstieg ins Coden \u2013 was es f\u00fcr Journalist:innen bringt und wie es klappt<\/strong><\/p>\n<p>Ein guter \u00dcberblick zum Datenjournalismus mit vielen (nach Registrierung kostenlosen) Videokursen (auf Englisch):\u00a0<a class=\"c-link\" href=\"https:\/\/datajournalism.com\/watch\" target=\"_blank\" rel=\"noopener noreferrer\" data-cke-saved-href=\"https:\/\/datajournalism.com\/watch\">https:\/\/datajournalism.com\/watch<\/a><\/p>\n<p>Zwei Anlaufstellen zum Programmierenlernen (auch wieder Englisch, darum kommt man nicht herum):<\/p>\n<ul>\n<li>R for Journalists:\u00a0<a class=\"c-link\" href=\"https:\/\/learn.r-journalism.com\/en\/\" target=\"_blank\" rel=\"noopener noreferrer\" data-cke-saved-href=\"https:\/\/learn.r-journalism.com\/en\/\">https:\/\/learn.r-journalism.com\/en\/<\/a>\u00a0(ist aus einem MOOC entstanden, jetzt als digitales Buch)<\/li>\n<li>Coding for Journalists f\u00fcr Python:\u00a0<a class=\"c-link\" href=\"https:\/\/coding-for-journalists.readthedocs.io\/en\/latest\/\" target=\"_blank\" rel=\"noopener noreferrer\" data-cke-saved-href=\"https:\/\/coding-for-journalists.readthedocs.io\/en\/latest\/\">https:\/\/coding-for-journalists.readthedocs.io\/en\/latest\/<\/a><\/li>\n<\/ul>\n<p>Eine unfassende \u00dcbersicht \u00fcber Datenjournalismus mit der Sprache R sammelt Timo Grossenbacher hier:\u00a0<a class=\"c-link\" href=\"https:\/\/rddj.info\/\" target=\"_blank\" rel=\"noopener noreferrer\" data-cke-saved-href=\"https:\/\/rddj.info\/\">https:\/\/rddj.info\/<\/a><\/p>\n<p>R\/Python\/SQL:<\/p>\n<ul>\n<li>Netzwerk Recherche<\/li>\n<li>Dataharvest<\/li>\n<li>GIJC<\/li>\n<\/ul>\n<p>Tiefergehend:<\/p>\n<ul>\n<li>Lede Programm in NY (<a href=\"http:\/\/ledeprogram.com\/\" data-cke-saved-href=\"http:\/\/ledeprogram.com\/\">http:\/\/ledeprogram.com\/)<\/a><\/li>\n<li>Bootcamp Datenjournalismus am ifp<\/li>\n<\/ul>\n<p>Studieng\u00e4nge:<\/p>\n<ul>\n<li>Dortmund<\/li>\n<li>Leipzig<\/li>\n<li>Cardiff University (Computational and Data Journalism)<\/li>\n<\/ul>\n<p>Sonstige Kurse\/Schulungen:<\/p>\n<ul>\n<li>Kurse von Claus Hesseling (macht auch was zu Scraping mit Python, glaube ich)<\/li>\n<li>ARD ZDF Medienakademie:\u00a0<a href=\"https:\/\/www.ard-zdf-medienakademie.de\/mak\/suche?query=datenjournalismus\" data-cke-saved-href=\"https:\/\/www.ard-zdf-medienakademie.de\/mak\/suche?query=datenjournalismus\">https:\/\/www.ard-zdf-medienakademie.de\/mak\/suche?query=datenjournalismus<\/a><\/li>\n<li><a class=\"c-link\" href=\"https:\/\/journocode.com\/de\/workshops\/\" target=\"_blank\" rel=\"noopener noreferrer\">https:\/\/journocode.com\/de\/workshops\/<\/a><\/li>\n<\/ul>\n<p>Newsletter:<\/p>\n<p>RWeekly.org (\u00fcber Blogtrottr als Newsletter abonnierbar)<\/p>\n<p><a href=\"https:\/\/www.thecrosstab.com\/newsletter-signup\/\" data-cke-saved-href=\"https:\/\/www.thecrosstab.com\/newsletter-signup\/\">https:\/\/www.thecrosstab.com\/newsletter-signup\/<\/a>\u00a0\u00fcber Daten in Politik (vor allem US)<\/p>\n<p><a href=\"https:\/\/web.archive.org\/web\/20230112070827\/http:\/\/www.getrevue.co\/profile\/FairWarning\">https:\/\/www.getrevue.co\/profile\/FairWarning<\/a>\u00a0(Datenjournalistische Links einer britischen Datenjournalistin)<\/p>\n<p>B\u00fccher:<\/p>\n<ul>\n<li>R for Data Science (<a href=\"https:\/\/r4ds.had.co.nz\/\" data-cke-saved-href=\"https:\/\/r4ds.had.co.nz\/\">https:\/\/r4ds.had.co.nz\/<\/a>)<\/li>\n<\/ul>\n","protected":false},"excerpt":{"rendered":"<p>Links und Tipps von der nr20plus-Webinarreihe am 26. September 2020: 11:05 &#8211; 12:00 Wirecard-Recherchen \u2013 Das sp\u00e4te Erwachen vieler deutscher Medien der Blog der Financial Times: \u00a0https:\/\/ftalphaville.ft.com\/ \u201eAllein gegen Wirecard\u201c \u2013 so die aktuelle Titelgeschichte im \u201eWirtschafsjournalist\u201c. Chefredakteur Wolfgang Messner 9beschreibt darin detailliert, wie Dan McCrum seit 2015 in der Financial Times kritische Artikel \u00fcber [&hellip;]<\/p>\n","protected":false},"author":5,"featured_media":21380,"parent":18163,"menu_order":0,"comment_status":"closed","ping_status":"closed","template":"","meta":{"_acf_changed":false,"footnotes":""},"class_list":["post-21765","page","type-page","status-publish","has-post-thumbnail","hentry"],"acf":[],"_links":{"self":[{"href":"https:\/\/netzwerkrecherche.org\/nr-termine-archive\/wp-json\/wp\/v2\/pages\/21765","targetHints":{"allow":["GET"]}}],"collection":[{"href":"https:\/\/netzwerkrecherche.org\/nr-termine-archive\/wp-json\/wp\/v2\/pages"}],"about":[{"href":"https:\/\/netzwerkrecherche.org\/nr-termine-archive\/wp-json\/wp\/v2\/types\/page"}],"author":[{"embeddable":true,"href":"https:\/\/netzwerkrecherche.org\/nr-termine-archive\/wp-json\/wp\/v2\/users\/5"}],"replies":[{"embeddable":true,"href":"https:\/\/netzwerkrecherche.org\/nr-termine-archive\/wp-json\/wp\/v2\/comments?post=21765"}],"version-history":[{"count":4,"href":"https:\/\/netzwerkrecherche.org\/nr-termine-archive\/wp-json\/wp\/v2\/pages\/21765\/revisions"}],"predecessor-version":[{"id":37154,"href":"https:\/\/netzwerkrecherche.org\/nr-termine-archive\/wp-json\/wp\/v2\/pages\/21765\/revisions\/37154"}],"up":[{"embeddable":true,"href":"https:\/\/netzwerkrecherche.org\/nr-termine-archive\/wp-json\/wp\/v2\/pages\/18163"}],"wp:featuredmedia":[{"embeddable":true,"href":"https:\/\/netzwerkrecherche.org\/nr-termine-archive\/wp-json\/wp\/v2\/media\/21380"}],"wp:attachment":[{"href":"https:\/\/netzwerkrecherche.org\/nr-termine-archive\/wp-json\/wp\/v2\/media?parent=21765"}],"curies":[{"name":"wp","href":"https:\/\/api.w.org\/{rel}","templated":true}]}}