{"id":21924,"date":"2014-07-03T16:55:20","date_gmt":"2014-07-03T14:55:20","guid":{"rendered":"https:\/\/netzwerkrecherche.org\/nr-termine-archive\/?page_id=21924"},"modified":"2024-10-02T12:07:28","modified_gmt":"2024-10-02T10:07:28","slug":"blog-nr14","status":"publish","type":"page","link":"https:\/\/netzwerkrecherche.org\/nr-termine-archive\/termine\/konferenzen\/jahreskonferenzen\/nr14\/blog-nr14\/","title":{"rendered":"Blog nr14"},"content":{"rendered":"<div id=\"attachment_22270\" style=\"width: 310px\" class=\"wp-caption alignleft\"><a href=\"https:\/\/netzwerkrecherche.org\/nr-termine-archive\/wp-content\/uploads\/sites\/19\/2020\/10\/Gruppenfoto_WR_263_550.jpg\"><img loading=\"lazy\" decoding=\"async\" aria-describedby=\"caption-attachment-22270\" class=\"wp-image-22270\" src=\"https:\/\/netzwerkrecherche.org\/nr-termine-archive\/wp-content\/uploads\/sites\/19\/2020\/10\/Gruppenfoto_WR_263_550-200x300.jpg\" alt=\"\" width=\"300\" height=\"451\" srcset=\"https:\/\/netzwerkrecherche.org\/nr-termine-archive\/wp-content\/uploads\/sites\/19\/2020\/10\/Gruppenfoto_WR_263_550-200x300.jpg 200w, https:\/\/netzwerkrecherche.org\/nr-termine-archive\/wp-content\/uploads\/sites\/19\/2020\/10\/Gruppenfoto_WR_263_550.jpg 555w\" sizes=\"auto, (max-width: 300px) 100vw, 300px\" \/><\/a><p id=\"caption-attachment-22270\" class=\"wp-caption-text\">Redaktionsteam zur #nr14 \u2013 hintere Reihe (immer v.l.n.r.): Jasper Ruppert, Quentin Lichtblau, vorletzte Reihe: Philipp Daum, Jannik Pentz, Stephanie Beutel, Tobias Krone, Hanna Maier, Mitte: Regina W\u00fcnsche, Johanna Popp, Felicitas Wilke, Anna Dreher. Vordergrund: Peter Bieg, Philipp von Nathusius, Theresa Moebus, Kevin Schrein, J\u00f6rg Sadrozinski<\/p><\/div>\n<p>Die Dokumentation der Jahreskonferenz 2014 von Netzwerk Recherche erscheint in diesem Jahr in Form eines Blogs. Aktuelle Berichte, Fotos, Videos und Podcasts werden w\u00e4hrend der Konferenz zusammengetragen und eingestellt.<\/p>\n<p>Dabei werden wir in diesem Jahr thematische Schwerpunkte setzen und nicht jede Veranstaltung abdecken. Vertiefende, weiterf\u00fchrende und zusammenfassende Texte sollen den Informations- und Nutzwert der Seite \u2013 und damit der ganzen Veranstaltung \u2013 \u00fcber den aktuellen Termin hinaus sicherstellen.<\/p>\n<p>Erstellt wird die Dokumentation von Studentinnen und Studenten der Deutschen Journalistenschule in M\u00fcnchen, einer Seminargruppe zum Thema Wissenschafts-\/Datenjournalismus der TU Dortmund, Stipendiatinnen der Journalisten-Akademie der Konrad-Adenauer-Stiftung (JONA) sowie einzelnen Teilnehmern des Studienstipendienprogramms \u201eMedienvielfalt, anders\u201c der Heinrich-B\u00f6ll-Stiftung, Journalistik-Student\/innen der Katholischen Universit\u00e4t Eichst\u00e4tt und Studenten des Studiengangs Journalistik und Kommunikationswissenschaft an der Uni Hamburg.<\/p>\n<div id=\"attachment_21947\" style=\"width: 310px\" class=\"wp-caption alignright\"><a href=\"https:\/\/netzwerkrecherche.org\/nr-termine-archive\/wp-content\/uploads\/sites\/19\/2020\/10\/52A-nr14.jpg\"><img loading=\"lazy\" decoding=\"async\" aria-describedby=\"caption-attachment-21947\" class=\"wp-image-21947 size-medium\" src=\"https:\/\/netzwerkrecherche.org\/nr-termine-archive\/wp-content\/uploads\/sites\/19\/2020\/10\/52A-nr14-300x200.jpg\" alt=\"\" width=\"300\" height=\"200\" srcset=\"https:\/\/netzwerkrecherche.org\/nr-termine-archive\/wp-content\/uploads\/sites\/19\/2020\/10\/52A-nr14-300x200.jpg 300w, https:\/\/netzwerkrecherche.org\/nr-termine-archive\/wp-content\/uploads\/sites\/19\/2020\/10\/52A-nr14-272x182.jpg 272w, https:\/\/netzwerkrecherche.org\/nr-termine-archive\/wp-content\/uploads\/sites\/19\/2020\/10\/52A-nr14.jpg 710w\" sizes=\"auto, (max-width: 300px) 100vw, 300px\" \/><\/a><p id=\"caption-attachment-21947\" class=\"wp-caption-text\">Redaktionsteam der Klasse 52a der M\u00fcnchner Deutschen Journalistenschule mit DJS-Leiter J\u00f6rg Sadrozinski (beide Fotos: Wulf Rohwedder)<\/p><\/div>\n<p>Als Fotografen sind in diesem Jahr Raphael H\u00fcnerfauth, Benjamin Richter, Sebastian Stahlke und Wulf Rohwedder im Einsatz.<\/p>\n<p>Unterst\u00fctzt wurde die Konferenzorganisation auch von Volont\u00e4rinnen und Volont\u00e4ren des NDR. Wir bedanken uns f\u00fcr die Zusammenarbeit und die guten Arbeitsm\u00f6glichkeiten.<\/p>\n","protected":false},"excerpt":{"rendered":"<p>Die Dokumentation der Jahreskonferenz 2014 von Netzwerk Recherche erscheint in diesem Jahr in Form eines Blogs. Aktuelle Berichte, Fotos, Videos und Podcasts werden w\u00e4hrend der Konferenz zusammengetragen und eingestellt. Dabei werden wir in diesem Jahr thematische Schwerpunkte setzen und nicht jede Veranstaltung abdecken. Vertiefende, weiterf\u00fchrende und zusammenfassende Texte sollen den Informations- und Nutzwert der Seite [&hellip;]<\/p>\n","protected":false},"author":1,"featured_media":0,"parent":21089,"menu_order":0,"comment_status":"closed","ping_status":"closed","template":"","meta":{"_acf_changed":false,"footnotes":""},"class_list":["post-21924","page","type-page","status-publish","hentry"],"acf":[],"_links":{"self":[{"href":"https:\/\/netzwerkrecherche.org\/nr-termine-archive\/wp-json\/wp\/v2\/pages\/21924","targetHints":{"allow":["GET"]}}],"collection":[{"href":"https:\/\/netzwerkrecherche.org\/nr-termine-archive\/wp-json\/wp\/v2\/pages"}],"about":[{"href":"https:\/\/netzwerkrecherche.org\/nr-termine-archive\/wp-json\/wp\/v2\/types\/page"}],"author":[{"embeddable":true,"href":"https:\/\/netzwerkrecherche.org\/nr-termine-archive\/wp-json\/wp\/v2\/users\/1"}],"replies":[{"embeddable":true,"href":"https:\/\/netzwerkrecherche.org\/nr-termine-archive\/wp-json\/wp\/v2\/comments?post=21924"}],"version-history":[{"count":13,"href":"https:\/\/netzwerkrecherche.org\/nr-termine-archive\/wp-json\/wp\/v2\/pages\/21924\/revisions"}],"predecessor-version":[{"id":23489,"href":"https:\/\/netzwerkrecherche.org\/nr-termine-archive\/wp-json\/wp\/v2\/pages\/21924\/revisions\/23489"}],"up":[{"embeddable":true,"href":"https:\/\/netzwerkrecherche.org\/nr-termine-archive\/wp-json\/wp\/v2\/pages\/21089"}],"wp:attachment":[{"href":"https:\/\/netzwerkrecherche.org\/nr-termine-archive\/wp-json\/wp\/v2\/media?parent=21924"}],"curies":[{"name":"wp","href":"https:\/\/api.w.org\/{rel}","templated":true}]}}