{"id":23527,"date":"2020-10-27T16:59:08","date_gmt":"2020-10-27T15:59:08","guid":{"rendered":"https:\/\/netzwerkrecherche.org\/nr-termine-archive\/?page_id=23527"},"modified":"2024-10-02T12:07:27","modified_gmt":"2024-10-02T10:07:27","slug":"programm-rrr14","status":"publish","type":"page","link":"https:\/\/netzwerkrecherche.org\/nr-termine-archive\/termine\/konferenzen\/fachkonferenzen\/fachkonferenz-islamhasser-und-neonazis-recherche-am-rechten-rand\/programm-rrr14\/","title":{"rendered":"Programm \u201eIslamhasser und Neonazis \u2013 Recherche am rechten Rand\u201c"},"content":{"rendered":"<div id=\"pl-23527\"  class=\"panel-layout\" ><div id=\"pg-23527-0\"  class=\"panel-grid panel-no-style\" ><div id=\"pgc-23527-0-0\"  class=\"panel-grid-cell\" ><div id=\"panel-23527-0-0-0\" class=\"so-panel widget_sow-editor panel-first-child panel-last-child\" data-index=\"0\" ><div\n\t\t\t\n\t\t\tclass=\"so-widget-sow-editor so-widget-sow-editor-base\"\n\t\t\t\n\t\t><h3 class=\"widget-title\">Das Programm der Fachkonferenz \u201eIslamhasser und Neonazis \u2013 Recherche am rechten Rand\u201c<\/h3>\n<div class=\"siteorigin-widget-tinymce textwidget\">\n\t<p>K\u00f6nnen Sie die Sched-\u00dcbersichten nicht laden? Dann finden Sie hier die <strong><a href=\"https:\/\/netzwerkrecherche.org\/nr-termine-archive\/wp-content\/uploads\/sites\/19\/2022\/11\/Islamhasser-und-Neonazis-2014-detailed.pdf\">Programm\u00fcbersicht (PDF)<\/a><\/strong>.<\/p>\n<\/div>\n<\/div><\/div><\/div><\/div><div id=\"pg-23527-1\"  class=\"panel-grid panel-no-style\" ><div id=\"pgc-23527-1-0\"  class=\"panel-grid-cell\" ><div id=\"panel-23527-1-0-0\" class=\"so-panel widget_sow-button panel-first-child panel-last-child\" data-index=\"1\" ><div\n\t\t\t\n\t\t\tclass=\"so-widget-sow-button so-widget-sow-button-wire-fab937c0dead-23527\"\n\t\t\t\n\t\t><div class=\"ow-button-base ow-button-align-justify\"\n style=\"display: block;\">\n\t\t\t<a\n\t\t\t\t\thref=\"https:\/\/rrr14.sched.com\"\n\t\t\t\t\tclass=\"sowb-button ow-icon-placement-left ow-button-hover\" \t>\n\t\t<span>\n\t\t\t<span class=\"sow-icon-fontawesome sow-fas\" data-sow-icon=\"&#xf00b;\"\n\t\tstyle=\"\" \n\t\taria-hidden=\"true\"><\/span>\n\t\t\tOnline-Programm\t\t<\/span>\n\t\t\t<\/a>\n\t<\/div>\n<\/div><\/div><\/div><div id=\"pgc-23527-1-1\"  class=\"panel-grid-cell\" ><div id=\"panel-23527-1-1-0\" class=\"so-panel widget_sow-button panel-first-child panel-last-child\" data-index=\"2\" ><div\n\t\t\t\n\t\t\tclass=\"so-widget-sow-button so-widget-sow-button-wire-fab937c0dead-23527\"\n\t\t\t\n\t\t><div class=\"ow-button-base ow-button-align-justify\"\n style=\"display: block;\">\n\t\t\t<a\n\t\t\t\t\thref=\"https:\/\/rrr14.sched.com\/list\/descriptions\/\"\n\t\t\t\t\tclass=\"sowb-button ow-icon-placement-left ow-button-hover\" \t>\n\t\t<span>\n\t\t\t<span class=\"sow-icon-fontawesome sow-fas\" data-sow-icon=\"&#xf0ce;\"\n\t\tstyle=\"\" \n\t\taria-hidden=\"true\"><\/span>\n\t\t\tProgramm (Details)\t\t<\/span>\n\t\t\t<\/a>\n\t<\/div>\n<\/div><\/div><\/div><div id=\"pgc-23527-1-2\"  class=\"panel-grid-cell panel-grid-cell-mobile-last\" ><div id=\"panel-23527-1-2-0\" class=\"so-panel widget_sow-button panel-first-child panel-last-child\" data-index=\"3\" ><div\n\t\t\t\n\t\t\tclass=\"so-widget-sow-button so-widget-sow-button-wire-fab937c0dead-23527\"\n\t\t\t\n\t\t><div class=\"ow-button-base ow-button-align-justify\"\n style=\"display: block;\">\n\t\t\t<a\n\t\t\t\t\thref=\"https:\/\/rrr14.sched.com\/directory\/speakers\"\n\t\t\t\t\tclass=\"sowb-button ow-icon-placement-left ow-button-hover\" \t>\n\t\t<span>\n\t\t\t<span class=\"sow-icon-fontawesome sow-fas\" data-sow-icon=\"&#xf1ae;\"\n\t\tstyle=\"\" \n\t\taria-hidden=\"true\"><\/span>\n\t\t\tReferent*innen\t\t<\/span>\n\t\t\t<\/a>\n\t<\/div>\n<\/div><\/div><\/div><div id=\"pgc-23527-1-3\"  class=\"panel-grid-cell panel-grid-cell-empty\" ><\/div><\/div><div id=\"pg-23527-2\"  class=\"panel-grid panel-no-style\" ><div id=\"pgc-23527-2-0\"  class=\"panel-grid-cell\" ><div id=\"panel-23527-2-0-0\" class=\"so-panel widget_text panel-first-child panel-last-child\" data-index=\"4\" >\t\t\t<div class=\"textwidget\"><a id=\"sched-embed\" href=\"https:\/\/rrr14.sched.com\/\/\">Hier klicken, um zum rrr14-Programm zu gelangen.<\/a>\n<\/div>\n\t\t<\/div><\/div><\/div><\/div>","protected":false},"excerpt":{"rendered":"<p>K\u00f6nnen Sie die Sched-\u00dcbersichten nicht laden? Dann finden Sie hier die Programm\u00fcbersicht (PDF).<\/p>\n","protected":false},"author":1,"featured_media":0,"parent":23502,"menu_order":0,"comment_status":"open","ping_status":"open","template":"","meta":{"_acf_changed":false,"footnotes":""},"class_list":["post-23527","page","type-page","status-publish","hentry"],"acf":[],"_links":{"self":[{"href":"https:\/\/netzwerkrecherche.org\/nr-termine-archive\/wp-json\/wp\/v2\/pages\/23527","targetHints":{"allow":["GET"]}}],"collection":[{"href":"https:\/\/netzwerkrecherche.org\/nr-termine-archive\/wp-json\/wp\/v2\/pages"}],"about":[{"href":"https:\/\/netzwerkrecherche.org\/nr-termine-archive\/wp-json\/wp\/v2\/types\/page"}],"author":[{"embeddable":true,"href":"https:\/\/netzwerkrecherche.org\/nr-termine-archive\/wp-json\/wp\/v2\/users\/1"}],"replies":[{"embeddable":true,"href":"https:\/\/netzwerkrecherche.org\/nr-termine-archive\/wp-json\/wp\/v2\/comments?post=23527"}],"version-history":[{"count":15,"href":"https:\/\/netzwerkrecherche.org\/nr-termine-archive\/wp-json\/wp\/v2\/pages\/23527\/revisions"}],"predecessor-version":[{"id":31501,"href":"https:\/\/netzwerkrecherche.org\/nr-termine-archive\/wp-json\/wp\/v2\/pages\/23527\/revisions\/31501"}],"up":[{"embeddable":true,"href":"https:\/\/netzwerkrecherche.org\/nr-termine-archive\/wp-json\/wp\/v2\/pages\/23502"}],"wp:attachment":[{"href":"https:\/\/netzwerkrecherche.org\/nr-termine-archive\/wp-json\/wp\/v2\/media?parent=23527"}],"curies":[{"name":"wp","href":"https:\/\/api.w.org\/{rel}","templated":true}]}}