{"id":24165,"date":"2021-04-27T10:59:57","date_gmt":"2021-04-27T08:59:57","guid":{"rendered":"https:\/\/netzwerkrecherche.org\/nr-termine-archive\/?page_id=24165"},"modified":"2024-10-02T12:07:28","modified_gmt":"2024-10-02T10:07:28","slug":"scicar-archiv-2022","status":"publish","type":"page","link":"https:\/\/netzwerkrecherche.org\/nr-termine-archive\/termine\/konferenzen\/fachkonferenzen\/scicar\/scicar-archiv\/scicar-archiv-2022\/","title":{"rendered":"SciCAR Archiv 2022"},"content":{"rendered":"<div id=\"pl-24165\"  class=\"panel-layout\" ><div id=\"pg-24165-0\"  class=\"panel-grid panel-has-style\" ><div class=\"panel-row-style panel-row-style-for-24165-0\" ><div id=\"pgc-24165-0-0\"  class=\"panel-grid-cell\" ><div id=\"panel-24165-0-0-0\" class=\"so-panel widget_sow-image panel-first-child panel-last-child\" data-index=\"0\" ><div\n\t\t\t\n\t\t\tclass=\"so-widget-sow-image so-widget-sow-image-default-8b5b6f678277-24165\"\n\t\t\t\n\t\t>\n<div class=\"sow-image-container\">\n\t\t<img \n\tsrc=\"https:\/\/netzwerkrecherche.org\/nr-termine-archive\/wp-content\/uploads\/sites\/19\/2021\/09\/SciCAR-Logo_rgb_ClaimR_L_Farbe-e1630933817321.png\" width=\"1000\" height=\"422\" srcset=\"https:\/\/netzwerkrecherche.org\/nr-termine-archive\/wp-content\/uploads\/sites\/19\/2021\/09\/SciCAR-Logo_rgb_ClaimR_L_Farbe-e1630933817321.png 1000w, https:\/\/netzwerkrecherche.org\/nr-termine-archive\/wp-content\/uploads\/sites\/19\/2021\/09\/SciCAR-Logo_rgb_ClaimR_L_Farbe-e1630933817321-300x127.png 300w, https:\/\/netzwerkrecherche.org\/nr-termine-archive\/wp-content\/uploads\/sites\/19\/2021\/09\/SciCAR-Logo_rgb_ClaimR_L_Farbe-e1630933817321-768x324.png 768w\" sizes=\"(max-width: 1000px) 100vw, 1000px\" title=\"SciCAR Logo_rgb_ClaimR_L_Farbe\" alt=\"\" \t\tclass=\"so-widget-image\"\/>\n\t<\/div>\n\n<\/div><\/div><\/div><div id=\"pgc-24165-0-1\"  class=\"panel-grid-cell\" ><div id=\"panel-24165-0-1-0\" class=\"so-panel widget_sow-editor panel-first-child panel-last-child\" data-index=\"1\" ><div class=\"panel-widget-style panel-widget-style-for-24165-0-1-0\" ><div\n\t\t\t\n\t\t\tclass=\"so-widget-sow-editor so-widget-sow-editor-base\"\n\t\t\t\n\t\t>\n<div class=\"siteorigin-widget-tinymce textwidget\">\n\t<p><strong>Dortmund, 26.\/27. August 2022<\/strong><\/p>\n<\/div>\n<\/div><\/div><\/div><\/div><\/div><\/div><div id=\"pg-24165-1\"  class=\"panel-grid panel-no-style\" ><div id=\"pgc-24165-1-0\"  class=\"panel-grid-cell\" ><div id=\"panel-24165-1-0-0\" class=\"so-panel widget_sow-editor panel-first-child\" data-index=\"2\" ><div\n\t\t\t\n\t\t\tclass=\"so-widget-sow-editor so-widget-sow-editor-base\"\n\t\t\t\n\t\t>\n<div class=\"siteorigin-widget-tinymce textwidget\">\n\t<p>Die 6. SciCAR-Konferenz am 26.\/27. August 2022 hat Daten, Journalist:innen und Wissenschaftler:innen zusammengebracht, um Kooperationen im Bereich Computer-Assisted Reporting (CAR) zu initiieren und den interdisziplin\u00e4ren Austausch von Ideen, Methoden und Projekten zu f\u00f6rdern.<\/p>\n<p><a href=\"https:\/\/www.wissenschaftsjournalismus.org\/datenjournalismus\/konferenzen-und-ressourcen\/konferenzen\/fachkonferenz-scicar-2022\/\">UPDATE: Eindr\u00fccke und Materialien zur Konferenz sind auf der Website des Instituts f\u00fcr Journalistik ver\u00f6ffentlicht<\/a> und werden dort fortlaufend erg\u00e4nzt.<\/p>\n<\/div>\n<\/div><\/div><div id=\"panel-24165-1-0-1\" class=\"so-panel widget_sow-editor panel-last-child\" data-index=\"3\" ><div\n\t\t\t\n\t\t\tclass=\"so-widget-sow-editor so-widget-sow-editor-base\"\n\t\t\t\n\t\t>\n<div class=\"siteorigin-widget-tinymce textwidget\">\n\t<p><strong>Auf Podien und in Workshops hat sich die Konferenz unter anderem mit diesen Fragen besch\u00e4ftigt:<\/strong><\/p>\n<ul>\n<li>Klimakrise: Inwieweit helfen Daten bei der Analyse und Kommunikation?<\/li>\n<li>Innovationen: Was bringen experimentelle Datenquellen und neue Methoden in den empirischen Wissenschaften?<\/li>\n<li>Covid-Pandemie: Auf welche Metriken kommt es im Herbst an? Wie lassen sich Modelle pr\u00fcfen?<\/li>\n<li>Kooperation: Wie k\u00f6nnen wir die Zusammenarbeit zwischen Forschung, Beh\u00f6rden und Journalist:innen verbessern?<\/li>\n<\/ul>\n<p><strong>Keynote-Speaker:innen:<\/strong><\/p>\n<\/div>\n<\/div><\/div><\/div><\/div><div id=\"pg-24165-2\"  class=\"panel-grid panel-no-style\" ><div id=\"pgc-24165-2-0\"  class=\"panel-grid-cell\" ><div id=\"panel-24165-2-0-0\" class=\"so-panel widget_sow-image panel-first-child panel-last-child\" data-index=\"4\" ><div\n\t\t\t\n\t\t\tclass=\"so-widget-sow-image so-widget-sow-image-default-4e6925654b7a-24165\"\n\t\t\t\n\t\t>\n<div class=\"sow-image-container\">\n\t\t<img \n\tsrc=\"https:\/\/netzwerkrecherche.org\/nr-termine-archive\/wp-content\/uploads\/sites\/19\/2022\/07\/headshot-2-150x150.jpg\" width=\"150\" height=\"150\" srcset=\"https:\/\/netzwerkrecherche.org\/nr-termine-archive\/wp-content\/uploads\/sites\/19\/2022\/07\/headshot-2-150x150.jpg 150w, https:\/\/netzwerkrecherche.org\/nr-termine-archive\/wp-content\/uploads\/sites\/19\/2022\/07\/headshot-2-50x50.jpg 50w, https:\/\/netzwerkrecherche.org\/nr-termine-archive\/wp-content\/uploads\/sites\/19\/2022\/07\/headshot-2-500x500.jpg 500w\" sizes=\"(max-width: 150px) 100vw, 150px\" title=\"headshot 2\" alt=\"Jonathan Soma\" \t\tclass=\"so-widget-image\"\/>\n\t<\/div>\n\n<\/div><\/div><\/div><div id=\"pgc-24165-2-1\"  class=\"panel-grid-cell\" ><div id=\"panel-24165-2-1-0\" class=\"so-panel widget_sow-editor panel-first-child panel-last-child\" data-index=\"5\" ><div\n\t\t\t\n\t\t\tclass=\"so-widget-sow-editor so-widget-sow-editor-base\"\n\t\t\t\n\t\t>\n<div class=\"siteorigin-widget-tinymce textwidget\">\n\t<ul>\n<li><strong>\u00a0<\/strong>Jonathan Soma (Columbia University Graduate School of Journalism):<br \/>\n<b data-stringify-type=\"bold\">Automation and AI-assisted reporting: Embracing risk when machines do the work <\/b>(Freitag)<\/li>\n<\/ul>\n<\/div>\n<\/div><\/div><\/div><\/div><div id=\"pg-24165-3\"  class=\"panel-grid panel-no-style\" ><div id=\"pgc-24165-3-0\"  class=\"panel-grid-cell\" ><div id=\"panel-24165-3-0-0\" class=\"so-panel widget_sow-image panel-first-child panel-last-child\" data-index=\"6\" ><div\n\t\t\t\n\t\t\tclass=\"so-widget-sow-image so-widget-sow-image-default-4e6925654b7a-24165\"\n\t\t\t\n\t\t>\n<div class=\"sow-image-container\">\n\t\t<img \n\tsrc=\"https:\/\/netzwerkrecherche.org\/nr-termine-archive\/wp-content\/uploads\/sites\/19\/2022\/07\/Priesemann_Fotograf_HorstZiegenfusz-Copy-150x150.jpg\" width=\"150\" height=\"150\" srcset=\"https:\/\/netzwerkrecherche.org\/nr-termine-archive\/wp-content\/uploads\/sites\/19\/2022\/07\/Priesemann_Fotograf_HorstZiegenfusz-Copy-150x150.jpg 150w, https:\/\/netzwerkrecherche.org\/nr-termine-archive\/wp-content\/uploads\/sites\/19\/2022\/07\/Priesemann_Fotograf_HorstZiegenfusz-Copy-50x50.jpg 50w, https:\/\/netzwerkrecherche.org\/nr-termine-archive\/wp-content\/uploads\/sites\/19\/2022\/07\/Priesemann_Fotograf_HorstZiegenfusz-Copy-500x500.jpg 500w\" sizes=\"(max-width: 150px) 100vw, 150px\" title=\"Priesemann \/ Foto: Horst Ziegenfusz\" alt=\"Viola Priesemann (Foto: Horst Ziegenfusz)\" \t\tclass=\"so-widget-image\"\/>\n\t<\/div>\n\n<\/div><\/div><\/div><div id=\"pgc-24165-3-1\"  class=\"panel-grid-cell\" ><div id=\"panel-24165-3-1-0\" class=\"so-panel widget_sow-editor panel-first-child panel-last-child\" data-index=\"7\" ><div\n\t\t\t\n\t\t\tclass=\"so-widget-sow-editor so-widget-sow-editor-base\"\n\t\t\t\n\t\t>\n<div class=\"siteorigin-widget-tinymce textwidget\">\n\t<ul>\n<li>Dr. Viola Priesemann (Physikerin und Neurowissenschaftlerin):<br \/>\n<strong>Science communication in times of polarization and crisis: Communicating COVID-19 modeling <\/strong>(Samstag)<strong><br \/>\n<\/strong><\/li>\n<\/ul>\n<\/div>\n<\/div><\/div><\/div><\/div><div id=\"pg-24165-4\"  class=\"panel-grid panel-no-style\" ><div id=\"pgc-24165-4-0\"  class=\"panel-grid-cell\" ><div id=\"panel-24165-4-0-0\" class=\"so-panel widget_sow-editor panel-first-child panel-last-child\" data-index=\"8\" ><div\n\t\t\t\n\t\t\tclass=\"so-widget-sow-editor so-widget-sow-editor-base\"\n\t\t\t\n\t\t>\n<div class=\"siteorigin-widget-tinymce textwidget\">\n\t<p><strong>Konferenzort<\/strong> der SciCAR ist die DASA \u2013 Arbeitswelt Ausstellung in Dortmund.<\/p>\n<ul>\n<li>Die Konferenz beginnt am Freitag, den 26. August um 10 Uhr und endet am Samstag um 17:15 Uhr.<\/li>\n<li data-stringify-indent=\"0\" data-stringify-border=\"0\">Am Donnerstagabend findet ein kleines Get Together im Rahmen einer BARsession (veranstaltet von der Business Academy Ruhr in Zusammenarbeit mit der Wirtschaftsf\u00f6rderung Dortmund) statt. Ort und Uhrzeit geben wir noch bekannt - ebenso den Start der Anmeldung (erforderlich). F\u00fcr die Teilnahme ist es notwendig bis sp\u00e4testens 19 Uhr vor Ort zu sein.<\/li>\n<\/ul>\n<\/div>\n<\/div><\/div><\/div><\/div><div id=\"pg-24165-5\"  class=\"panel-grid panel-no-style\" ><div id=\"pgc-24165-5-0\"  class=\"panel-grid-cell\" ><div id=\"panel-24165-5-0-0\" class=\"so-panel widget_sow-editor panel-first-child panel-last-child\" data-index=\"9\" ><div\n\t\t\t\n\t\t\tclass=\"so-widget-sow-editor so-widget-sow-editor-base\"\n\t\t\t\n\t\t>\n<div class=\"siteorigin-widget-tinymce textwidget\">\n\t<h4>Veranstalter:<\/h4>\n<\/div>\n<\/div><\/div><\/div><\/div><div id=\"pg-24165-6\"  class=\"panel-grid panel-no-style\" ><div id=\"pgc-24165-6-0\"  class=\"panel-grid-cell\" ><div id=\"panel-24165-6-0-0\" class=\"so-panel widget_sow-image panel-first-child panel-last-child\" data-index=\"10\" ><div\n\t\t\t\n\t\t\tclass=\"so-widget-sow-image so-widget-sow-image-default-8b5b6f678277-24165\"\n\t\t\t\n\t\t>\n<div class=\"sow-image-container\">\n\t\t\t<a href=\"https:\/\/journalistik.tu-dortmund.de\/\"\n\t\t\t\t\t>\n\t\t\t<img \n\tsrc=\"https:\/\/netzwerkrecherche.org\/nr-termine-archive\/wp-content\/uploads\/sites\/19\/2021\/09\/nr-logo-flach.png\" width=\"700\" height=\"147\" srcset=\"https:\/\/netzwerkrecherche.org\/nr-termine-archive\/wp-content\/uploads\/sites\/19\/2021\/09\/nr-logo-flach.png 700w, https:\/\/netzwerkrecherche.org\/nr-termine-archive\/wp-content\/uploads\/sites\/19\/2021\/09\/nr-logo-flach-300x63.png 300w\" sizes=\"(max-width: 700px) 100vw, 700px\" title=\"nr-logo flach\" alt=\"\" \t\tclass=\"so-widget-image\"\/>\n\t\t\t<\/a><\/div>\n\n<\/div><\/div><\/div><div id=\"pgc-24165-6-1\"  class=\"panel-grid-cell\" ><div id=\"panel-24165-6-1-0\" class=\"so-panel widget_sow-image panel-first-child panel-last-child\" data-index=\"11\" ><div\n\t\t\t\n\t\t\tclass=\"so-widget-sow-image so-widget-sow-image-default-8b5b6f678277-24165\"\n\t\t\t\n\t\t>\n<div class=\"sow-image-container\">\n\t\t\t<a href=\"https:\/\/journalistik.tu-dortmund.de\/\"\n\t\t\t\t\t>\n\t\t\t<img \n\tsrc=\"https:\/\/netzwerkrecherche.org\/nr-termine-archive\/wp-content\/uploads\/sites\/19\/2021\/09\/csm_tu-dortmund-logo-social_83cc5afafa.png\" width=\"1200\" height=\"630\" srcset=\"https:\/\/netzwerkrecherche.org\/nr-termine-archive\/wp-content\/uploads\/sites\/19\/2021\/09\/csm_tu-dortmund-logo-social_83cc5afafa.png 1200w, https:\/\/netzwerkrecherche.org\/nr-termine-archive\/wp-content\/uploads\/sites\/19\/2021\/09\/csm_tu-dortmund-logo-social_83cc5afafa-300x158.png 300w, https:\/\/netzwerkrecherche.org\/nr-termine-archive\/wp-content\/uploads\/sites\/19\/2021\/09\/csm_tu-dortmund-logo-social_83cc5afafa-1024x538.png 1024w, https:\/\/netzwerkrecherche.org\/nr-termine-archive\/wp-content\/uploads\/sites\/19\/2021\/09\/csm_tu-dortmund-logo-social_83cc5afafa-768x403.png 768w\" sizes=\"(max-width: 1200px) 100vw, 1200px\" alt=\"\" \t\tclass=\"so-widget-image\"\/>\n\t\t\t<\/a><\/div>\n\n<\/div><\/div><\/div><div id=\"pgc-24165-6-2\"  class=\"panel-grid-cell\" ><div id=\"panel-24165-6-2-0\" class=\"so-panel widget_sow-image panel-first-child panel-last-child\" data-index=\"12\" ><div\n\t\t\t\n\t\t\tclass=\"so-widget-sow-image so-widget-sow-image-default-8b5b6f678277-24165\"\n\t\t\t\n\t\t>\n<div class=\"sow-image-container\">\n\t\t\t<a href=\"https:\/\/www.wpk.org\/\"\n\t\t\t\t\t>\n\t\t\t<img \n\tsrc=\"https:\/\/netzwerkrecherche.org\/nr-termine-archive\/wp-content\/uploads\/sites\/19\/2021\/09\/logo_wpk_2b.png\" width=\"405\" height=\"161\" srcset=\"https:\/\/netzwerkrecherche.org\/nr-termine-archive\/wp-content\/uploads\/sites\/19\/2021\/09\/logo_wpk_2b.png 405w, https:\/\/netzwerkrecherche.org\/nr-termine-archive\/wp-content\/uploads\/sites\/19\/2021\/09\/logo_wpk_2b-300x119.png 300w\" sizes=\"(max-width: 405px) 100vw, 405px\" title=\"Logo Wpk Wissenschaftspressekonferenz\" alt=\"\" \t\tclass=\"so-widget-image\"\/>\n\t\t\t<\/a><\/div>\n\n<\/div><\/div><\/div><div id=\"pgc-24165-6-3\"  class=\"panel-grid-cell panel-grid-cell-mobile-last\" ><div id=\"panel-24165-6-3-0\" class=\"so-panel widget_sow-image panel-first-child panel-last-child\" data-index=\"13\" ><div\n\t\t\t\n\t\t\tclass=\"so-widget-sow-image so-widget-sow-image-default-8b5b6f678277-24165\"\n\t\t\t\n\t\t>\n<div class=\"sow-image-container\">\n\t\t\t<a href=\"https:\/\/www.sciencemediacenter.de\/\"\n\t\t\t\t\t>\n\t\t\t<img \n\tsrc=\"https:\/\/netzwerkrecherche.org\/nr-termine-archive\/wp-content\/uploads\/sites\/19\/2021\/03\/Science-Media-Center-Germany-Logo-SMC-01.png\" width=\"185\" height=\"102\" sizes=\"(max-width: 185px) 100vw, 185px\" title=\"Science Media Center Germany Logo SMC-01\" alt=\"\" \t\tclass=\"so-widget-image\"\/>\n\t\t\t<\/a><\/div>\n\n<\/div><\/div><\/div><div id=\"pgc-24165-6-4\"  class=\"panel-grid-cell panel-grid-cell-empty\" ><\/div><\/div><div id=\"pg-24165-7\"  class=\"panel-grid panel-no-style\" ><div id=\"pgc-24165-7-0\"  class=\"panel-grid-cell\" ><div id=\"panel-24165-7-0-0\" class=\"so-panel widget_sow-editor panel-first-child panel-last-child\" data-index=\"14\" ><div\n\t\t\t\n\t\t\tclass=\"so-widget-sow-editor so-widget-sow-editor-base\"\n\t\t\t\n\t\t>\n<div class=\"siteorigin-widget-tinymce textwidget\">\n\t<h4>Unterst\u00fctzer:<\/h4>\n<\/div>\n<\/div><\/div><\/div><\/div><div id=\"pg-24165-8\"  class=\"panel-grid panel-no-style\" ><div id=\"pgc-24165-8-0\"  class=\"panel-grid-cell\" ><div id=\"panel-24165-8-0-0\" class=\"so-panel widget_sow-image panel-first-child panel-last-child\" data-index=\"15\" ><div\n\t\t\t\n\t\t\tclass=\"so-widget-sow-image so-widget-sow-image-default-8b5b6f678277-24165\"\n\t\t\t\n\t\t>\n<div class=\"sow-image-container\">\n\t\t\t<a href=\"https:\/\/www.volkswagenstiftung.de\/\"\n\t\t\t\t\t>\n\t\t\t<img \n\tsrc=\"https:\/\/netzwerkrecherche.org\/nr-termine-archive\/wp-content\/uploads\/sites\/19\/2017\/03\/VolkswagenStiftung_weblogo_foto.png\" width=\"380\" height=\"228\" srcset=\"https:\/\/netzwerkrecherche.org\/nr-termine-archive\/wp-content\/uploads\/sites\/19\/2017\/03\/VolkswagenStiftung_weblogo_foto.png 380w, https:\/\/netzwerkrecherche.org\/nr-termine-archive\/wp-content\/uploads\/sites\/19\/2017\/03\/VolkswagenStiftung_weblogo_foto-300x180.png 300w\" sizes=\"(max-width: 380px) 100vw, 380px\" alt=\"\" \t\tclass=\"so-widget-image\"\/>\n\t\t\t<\/a><\/div>\n\n<\/div><\/div><\/div><div id=\"pgc-24165-8-1\"  class=\"panel-grid-cell\" ><div id=\"panel-24165-8-1-0\" class=\"so-panel widget_sow-image panel-first-child panel-last-child\" data-index=\"16\" ><div\n\t\t\t\n\t\t\tclass=\"so-widget-sow-image so-widget-sow-image-default-6ec9e3772f75-24165\"\n\t\t\t\n\t\t>\n<div class=\"sow-image-container\">\n\t\t\t<a href=\"https:\/\/www.journalismuslab.de\/\"\n\t\t\t\t\t>\n\t\t\t<img \n\tsrc=\"https:\/\/netzwerkrecherche.org\/nr-termine-archive\/wp-content\/uploads\/sites\/19\/2021\/09\/logo-journalismuslab.png\" width=\"600\" height=\"152\" srcset=\"https:\/\/netzwerkrecherche.org\/nr-termine-archive\/wp-content\/uploads\/sites\/19\/2021\/09\/logo-journalismuslab.png 600w, https:\/\/netzwerkrecherche.org\/nr-termine-archive\/wp-content\/uploads\/sites\/19\/2021\/09\/logo-journalismuslab-300x76.png 300w\" sizes=\"(max-width: 600px) 100vw, 600px\" title=\"logo journalismuslab\" alt=\"\" \t\tclass=\"so-widget-image\"\/>\n\t\t\t<\/a><\/div>\n\n<\/div><\/div><\/div><div id=\"pgc-24165-8-2\"  class=\"panel-grid-cell\" ><div id=\"panel-24165-8-2-0\" class=\"so-panel widget_sow-image panel-first-child panel-last-child\" data-index=\"17\" ><div\n\t\t\t\n\t\t\tclass=\"so-widget-sow-image so-widget-sow-image-default-8b5b6f678277-24165\"\n\t\t\t\n\t\t>\n<div class=\"sow-image-container\">\n\t\t\t<a href=\"https:\/\/www.wirtschaftsfoerderung-dortmund.de\/startseite\"\n\t\t\t\t\t>\n\t\t\t<img \n\tsrc=\"https:\/\/netzwerkrecherche.org\/nr-termine-archive\/wp-content\/uploads\/sites\/19\/2021\/09\/Logo_08_-_Stadt_Dortmund.png\" width=\"1460\" height=\"605\" srcset=\"https:\/\/netzwerkrecherche.org\/nr-termine-archive\/wp-content\/uploads\/sites\/19\/2021\/09\/Logo_08_-_Stadt_Dortmund.png 1460w, https:\/\/netzwerkrecherche.org\/nr-termine-archive\/wp-content\/uploads\/sites\/19\/2021\/09\/Logo_08_-_Stadt_Dortmund-300x124.png 300w, https:\/\/netzwerkrecherche.org\/nr-termine-archive\/wp-content\/uploads\/sites\/19\/2021\/09\/Logo_08_-_Stadt_Dortmund-1024x424.png 1024w, https:\/\/netzwerkrecherche.org\/nr-termine-archive\/wp-content\/uploads\/sites\/19\/2021\/09\/Logo_08_-_Stadt_Dortmund-768x318.png 768w\" sizes=\"(max-width: 1460px) 100vw, 1460px\" alt=\"\" \t\tclass=\"so-widget-image\"\/>\n\t\t\t<\/a><\/div>\n\n<\/div><\/div><\/div><div id=\"pgc-24165-8-3\"  class=\"panel-grid-cell panel-grid-cell-mobile-last\" ><div id=\"panel-24165-8-3-0\" class=\"so-panel widget_sow-image panel-first-child panel-last-child\" data-index=\"18\" ><div\n\t\t\t\n\t\t\tclass=\"so-widget-sow-image so-widget-sow-image-default-8b5b6f678277-24165\"\n\t\t\t\n\t\t>\n<div class=\"sow-image-container\">\n\t\t\t<a href=\"https:\/\/diwodo.de\/\"\n\t\t\t\t\t>\n\t\t\t<img \n\tsrc=\"https:\/\/netzwerkrecherche.org\/nr-termine-archive\/wp-content\/uploads\/sites\/19\/2021\/09\/diwodo-360x163-1.png\" width=\"360\" height=\"163\" srcset=\"https:\/\/netzwerkrecherche.org\/nr-termine-archive\/wp-content\/uploads\/sites\/19\/2021\/09\/diwodo-360x163-1.png 360w, https:\/\/netzwerkrecherche.org\/nr-termine-archive\/wp-content\/uploads\/sites\/19\/2021\/09\/diwodo-360x163-1-300x136.png 300w\" sizes=\"(max-width: 360px) 100vw, 360px\" title=\"diwodo-360&#215;163-1\" alt=\"\" \t\tclass=\"so-widget-image\"\/>\n\t\t\t<\/a><\/div>\n\n<\/div><\/div><\/div><div id=\"pgc-24165-8-4\"  class=\"panel-grid-cell panel-grid-cell-empty\" ><\/div><\/div><\/div>","protected":false},"excerpt":{"rendered":"<p>Dortmund, 26.\/27. August 2022 Die 6. SciCAR-Konferenz am 26.\/27. August 2022 hat Daten, Journalist:innen und Wissenschaftler:innen zusammengebracht, um Kooperationen im Bereich Computer-Assisted Reporting (CAR) zu initiieren und den interdisziplin\u00e4ren Austausch von Ideen, Methoden und Projekten zu f\u00f6rdern. UPDATE: Eindr\u00fccke und Materialien zur Konferenz sind auf der Website des Instituts f\u00fcr Journalistik ver\u00f6ffentlicht und werden dort [&hellip;]<\/p>\n","protected":false},"author":2,"featured_media":24464,"parent":25465,"menu_order":0,"comment_status":"closed","ping_status":"closed","template":"","meta":{"_acf_changed":false,"footnotes":""},"class_list":["post-24165","page","type-page","status-publish","has-post-thumbnail","hentry"],"acf":[],"_links":{"self":[{"href":"https:\/\/netzwerkrecherche.org\/nr-termine-archive\/wp-json\/wp\/v2\/pages\/24165","targetHints":{"allow":["GET"]}}],"collection":[{"href":"https:\/\/netzwerkrecherche.org\/nr-termine-archive\/wp-json\/wp\/v2\/pages"}],"about":[{"href":"https:\/\/netzwerkrecherche.org\/nr-termine-archive\/wp-json\/wp\/v2\/types\/page"}],"author":[{"embeddable":true,"href":"https:\/\/netzwerkrecherche.org\/nr-termine-archive\/wp-json\/wp\/v2\/users\/2"}],"replies":[{"embeddable":true,"href":"https:\/\/netzwerkrecherche.org\/nr-termine-archive\/wp-json\/wp\/v2\/comments?post=24165"}],"version-history":[{"count":65,"href":"https:\/\/netzwerkrecherche.org\/nr-termine-archive\/wp-json\/wp\/v2\/pages\/24165\/revisions"}],"predecessor-version":[{"id":34317,"href":"https:\/\/netzwerkrecherche.org\/nr-termine-archive\/wp-json\/wp\/v2\/pages\/24165\/revisions\/34317"}],"up":[{"embeddable":true,"href":"https:\/\/netzwerkrecherche.org\/nr-termine-archive\/wp-json\/wp\/v2\/pages\/25465"}],"wp:featuredmedia":[{"embeddable":true,"href":"https:\/\/netzwerkrecherche.org\/nr-termine-archive\/wp-json\/wp\/v2\/media\/24464"}],"wp:attachment":[{"href":"https:\/\/netzwerkrecherche.org\/nr-termine-archive\/wp-json\/wp\/v2\/media?parent=24165"}],"curies":[{"name":"wp","href":"https:\/\/api.w.org\/{rel}","templated":true}]}}