{"id":24238,"date":"2021-05-25T13:47:25","date_gmt":"2021-05-25T11:47:25","guid":{"rendered":"https:\/\/netzwerkrecherche.org\/nr-termine-archive\/?page_id=24238"},"modified":"2025-07-15T12:01:08","modified_gmt":"2025-07-15T10:01:08","slug":"nr-jahreskonferenz-2021","status":"publish","type":"page","link":"https:\/\/netzwerkrecherche.org\/nr-termine-archive\/termine\/konferenzen\/jahreskonferenzen\/nr-jahreskonferenz-2021\/","title":{"rendered":"nr-Jahreskonferenz 2021"},"content":{"rendered":"<div id=\"pl-24238\"  class=\"panel-layout\" ><div id=\"pg-24238-0\"  class=\"panel-grid panel-no-style\" ><div id=\"pgc-24238-0-0\"  class=\"panel-grid-cell\" ><div id=\"panel-24238-0-0-0\" class=\"so-panel widget_sow-editor panel-first-child\" data-index=\"0\" ><div\n\t\t\t\n\t\t\tclass=\"so-widget-sow-editor so-widget-sow-editor-base\"\n\t\t\t\n\t\t>\n<div class=\"siteorigin-widget-tinymce textwidget\">\n\t<p>Pandemiebedingt konnte auch 2021 die nr-Jahreskonferenz nicht als Pr\u00e4senzveranstaltung stattfinden. Die Auseinandersetzung mit den dr\u00e4ngendsten Fragen des Recherche-Journalismus erfolgte innerhalb zweier digitaler Konferenzen:<\/p>\n<p><a href=\"https:\/\/netzwerkrecherche.org\/nr-termine-archive\/termine\/konferenzen\/jahreskonferenzen\/nr-jahreskonferenz-2021\/programm-oktober\/\"><strong>\u2192 <\/strong><\/a>am<a href=\"https:\/\/netzwerkrecherche.org\/nr-termine-archive\/termine\/konferenzen\/jahreskonferenzen\/nr-jahreskonferenz-2021\/programm-juni\/\"><strong> 26. Juni (zum Programm)<\/strong><\/a> sowie<\/p>\n<p><a href=\"https:\/\/netzwerkrecherche.org\/nr-termine-archive\/termine\/konferenzen\/jahreskonferenzen\/nr-jahreskonferenz-2021\/programm-oktober\/\"><strong>\u2192 <\/strong><\/a>am <a href=\"https:\/\/netzwerkrecherche.org\/nr-termine-archive\/termine\/konferenzen\/jahreskonferenzen\/nr-jahreskonferenz-2021\/programm-oktober\/\"><strong>1.\/2. Oktober (zum Programm)<\/strong><\/a>.<\/p>\n<p>&nbsp;<\/p>\n<p>Ein H\u00f6hepunkt der Herbst-Tagung war die <strong>Verleihung der \u201eVerschlossenen Auster\u201c<\/strong> an den Informationsblockierer des Jahres: die Hohenzollern. Netzwerk Recherche begru\u0308ndete die Vergabe des Preises an die Adelsfamilie mit dem Umgang von Georg Friedrich Prinz von Preu\u00dfen mit Journalist:innen und Wissenschaftler:innen. Die Laudatio hielt Prof. Dr. Sophie Sch\u00f6nberger. Begru\u0308ndung<br \/>\nund Rede sind unter <a href=\"https:\/\/netzwerkrecherche.org\/blog\/verschlossene-auster-2021\/\">nrch.de\/auster21<\/a> nachzulesen.<\/p>\n<p>Am Samstag, 2. Oktober, um 16 Uhr fand ein kleines Offline-Netzwerktreffen zur <strong>Feier des 20. Bestehens von Netzwerk Recherche<\/strong> im designxport, Hongkongstra\u00dfe 8, in Hamburg statt. Die dortigen Elbarkaden sind im Freien, aber unter Dach. Wir k\u00f6nnen uns also coronakonform im Freien treffen. F\u00fcr Getr\u00e4nke und die traditionelle Jahreskonferenz-Currywurst ist gesorgt!<\/p>\n<\/div>\n<\/div><\/div><div id=\"panel-24238-0-0-1\" class=\"so-panel widget_sow-editor\" data-index=\"1\" ><div\n\t\t\t\n\t\t\tclass=\"so-widget-sow-editor so-widget-sow-editor-base\"\n\t\t\t\n\t\t>\n<div class=\"siteorigin-widget-tinymce textwidget\">\n\t<p><strong>Mit Unterst\u00fctzung von<\/strong><\/p>\n<\/div>\n<\/div><\/div><div id=\"panel-24238-0-0-2\" class=\"so-panel widget_sow-image\" data-index=\"2\" ><div\n\t\t\t\n\t\t\tclass=\"so-widget-sow-image so-widget-sow-image-default-4e6925654b7a-24238\"\n\t\t\t\n\t\t>\n<div class=\"sow-image-container\">\n\t\t<img \n\tsrc=\"https:\/\/netzwerkrecherche.org\/nr-termine-archive\/wp-content\/uploads\/sites\/19\/2020\/06\/Behi\u0302rde_KuM-300x95.png\" width=\"300\" height=\"95\" srcset=\"https:\/\/netzwerkrecherche.org\/nr-termine-archive\/wp-content\/uploads\/sites\/19\/2020\/06\/Behi\u0302rde_KuM-300x95.png 300w, https:\/\/netzwerkrecherche.org\/nr-termine-archive\/wp-content\/uploads\/sites\/19\/2020\/06\/Behi\u0302rde_KuM-1024x325.png 1024w, https:\/\/netzwerkrecherche.org\/nr-termine-archive\/wp-content\/uploads\/sites\/19\/2020\/06\/Behi\u0302rde_KuM-768x244.png 768w, https:\/\/netzwerkrecherche.org\/nr-termine-archive\/wp-content\/uploads\/sites\/19\/2020\/06\/Behi\u0302rde_KuM.png 1285w\" sizes=\"(max-width: 300px) 100vw, 300px\" title=\"Beh\u00f6rde f\u00fcr Kultur und Medien\" alt=\"\" \t\tclass=\"so-widget-image\"\/>\n\t<\/div>\n\n<\/div><\/div><div id=\"panel-24238-0-0-3\" class=\"so-panel widget_sow-image panel-last-child\" data-index=\"3\" ><div\n\t\t\t\n\t\t\tclass=\"so-widget-sow-image so-widget-sow-image-default-4e6925654b7a-24238\"\n\t\t\t\n\t\t>\n<div class=\"sow-image-container\">\n\t\t<img \n\tsrc=\"https:\/\/netzwerkrecherche.org\/nr-termine-archive\/wp-content\/uploads\/sites\/19\/2015\/05\/Logo_zeitstiftung-300x180.png\" width=\"300\" height=\"180\" srcset=\"https:\/\/netzwerkrecherche.org\/nr-termine-archive\/wp-content\/uploads\/sites\/19\/2015\/05\/Logo_zeitstiftung-300x180.png 300w, https:\/\/netzwerkrecherche.org\/nr-termine-archive\/wp-content\/uploads\/sites\/19\/2015\/05\/Logo_zeitstiftung.png 380w\" sizes=\"(max-width: 300px) 100vw, 300px\" alt=\"Logo ZEIT-Stiftung\" \t\tclass=\"so-widget-image\"\/>\n\t<\/div>\n\n<\/div><\/div><\/div><div id=\"pgc-24238-0-1\"  class=\"panel-grid-cell\" ><div id=\"panel-24238-0-1-0\" class=\"so-panel widget_text panel-first-child\" data-index=\"4\" >\t\t\t<div class=\"textwidget\"><p><strong>Referent:innen zur Herbst-Tagung:<\/strong><\/p>\n<\/div>\n\t\t<\/div><div id=\"panel-24238-0-1-1\" class=\"so-panel widget_sow-image panel-last-child\" data-index=\"5\" ><div\n\t\t\t\n\t\t\tclass=\"so-widget-sow-image so-widget-sow-image-default-8b5b6f678277-24238\"\n\t\t\t\n\t\t>\n<div class=\"sow-image-container\">\n\t\t<img \n\tsrc=\"https:\/\/netzwerkrecherche.org\/nr-termine-archive\/wp-content\/uploads\/sites\/19\/2021\/09\/nr21-Directory--scaled.jpg\" width=\"1932\" height=\"2560\" srcset=\"https:\/\/netzwerkrecherche.org\/nr-termine-archive\/wp-content\/uploads\/sites\/19\/2021\/09\/nr21-Directory--scaled.jpg 1932w, https:\/\/netzwerkrecherche.org\/nr-termine-archive\/wp-content\/uploads\/sites\/19\/2021\/09\/nr21-Directory--226x300.jpg 226w, https:\/\/netzwerkrecherche.org\/nr-termine-archive\/wp-content\/uploads\/sites\/19\/2021\/09\/nr21-Directory--773x1024.jpg 773w, https:\/\/netzwerkrecherche.org\/nr-termine-archive\/wp-content\/uploads\/sites\/19\/2021\/09\/nr21-Directory--768x1018.jpg 768w, https:\/\/netzwerkrecherche.org\/nr-termine-archive\/wp-content\/uploads\/sites\/19\/2021\/09\/nr21-Directory--1159x1536.jpg 1159w, https:\/\/netzwerkrecherche.org\/nr-termine-archive\/wp-content\/uploads\/sites\/19\/2021\/09\/nr21-Directory--1545x2048.jpg 1545w\" sizes=\"(max-width: 1932px) 100vw, 1932px\" title=\"Check out the schedule for nr21\" alt=\"\" \t\tclass=\"so-widget-image\"\/>\n\t<\/div>\n\n<\/div><\/div><\/div><\/div><\/div>","protected":false},"excerpt":{"rendered":"<p>Pandemiebedingt konnte auch 2021 die nr-Jahreskonferenz nicht als Pr\u00e4senzveranstaltung stattfinden. Die Auseinandersetzung mit den dr\u00e4ngendsten Fragen des Recherche-Journalismus erfolgte innerhalb zweier digitaler Konferenzen: \u2192 am 26. Juni (zum Programm) sowie \u2192 am 1.\/2. Oktober (zum Programm). &nbsp; Ein H\u00f6hepunkt der Herbst-Tagung war die Verleihung der \u201eVerschlossenen Auster\u201c an den Informationsblockierer des Jahres: die Hohenzollern. Netzwerk [&hellip;]<\/p>\n","protected":false},"author":2,"featured_media":24773,"parent":36,"menu_order":0,"comment_status":"closed","ping_status":"closed","template":"","meta":{"_acf_changed":false,"footnotes":""},"class_list":["post-24238","page","type-page","status-publish","has-post-thumbnail","hentry"],"acf":[],"_links":{"self":[{"href":"https:\/\/netzwerkrecherche.org\/nr-termine-archive\/wp-json\/wp\/v2\/pages\/24238","targetHints":{"allow":["GET"]}}],"collection":[{"href":"https:\/\/netzwerkrecherche.org\/nr-termine-archive\/wp-json\/wp\/v2\/pages"}],"about":[{"href":"https:\/\/netzwerkrecherche.org\/nr-termine-archive\/wp-json\/wp\/v2\/types\/page"}],"author":[{"embeddable":true,"href":"https:\/\/netzwerkrecherche.org\/nr-termine-archive\/wp-json\/wp\/v2\/users\/2"}],"replies":[{"embeddable":true,"href":"https:\/\/netzwerkrecherche.org\/nr-termine-archive\/wp-json\/wp\/v2\/comments?post=24238"}],"version-history":[{"count":50,"href":"https:\/\/netzwerkrecherche.org\/nr-termine-archive\/wp-json\/wp\/v2\/pages\/24238\/revisions"}],"predecessor-version":[{"id":37151,"href":"https:\/\/netzwerkrecherche.org\/nr-termine-archive\/wp-json\/wp\/v2\/pages\/24238\/revisions\/37151"}],"up":[{"embeddable":true,"href":"https:\/\/netzwerkrecherche.org\/nr-termine-archive\/wp-json\/wp\/v2\/pages\/36"}],"wp:featuredmedia":[{"embeddable":true,"href":"https:\/\/netzwerkrecherche.org\/nr-termine-archive\/wp-json\/wp\/v2\/media\/24773"}],"wp:attachment":[{"href":"https:\/\/netzwerkrecherche.org\/nr-termine-archive\/wp-json\/wp\/v2\/media?parent=24238"}],"curies":[{"name":"wp","href":"https:\/\/api.w.org\/{rel}","templated":true}]}}