{"id":25143,"date":"2021-11-12T14:54:12","date_gmt":"2021-11-12T13:54:12","guid":{"rendered":"https:\/\/netzwerkrecherche.org\/nr-termine-archive\/?page_id=25143"},"modified":"2024-10-02T12:07:27","modified_gmt":"2024-10-02T10:07:27","slug":"scicar-steering-committee","status":"publish","type":"page","link":"https:\/\/netzwerkrecherche.org\/nr-termine-archive\/termine\/konferenzen\/fachkonferenzen\/scicar\/scicar-steering-committee\/","title":{"rendered":"SciCAR Steering Committee"},"content":{"rendered":"<div id=\"pl-25143\"  class=\"panel-layout\" ><div id=\"pg-25143-0\"  class=\"panel-grid panel-no-style\" ><div id=\"pgc-25143-0-0\"  class=\"panel-grid-cell panel-grid-cell-empty\" ><\/div><\/div><div id=\"pg-25143-1\"  class=\"panel-grid panel-no-style\" ><div id=\"pgc-25143-1-0\"  class=\"panel-grid-cell\" ><div id=\"panel-25143-1-0-0\" class=\"so-panel widget_sow-image panel-first-child panel-last-child\" data-index=\"0\" ><div\n\t\t\t\n\t\t\tclass=\"so-widget-sow-image so-widget-sow-image-default-e4c2d9f6c920-25143\"\n\t\t\t\n\t\t>\n<div class=\"sow-image-container\">\n\t\t<img \n\tsrc=\"https:\/\/netzwerkrecherche.org\/nr-termine-archive\/wp-content\/uploads\/sites\/19\/2022\/08\/scicar-steering-vw-300x300.jpg\" width=\"200\" height=\"200\" srcset=\"https:\/\/netzwerkrecherche.org\/nr-termine-archive\/wp-content\/uploads\/sites\/19\/2022\/08\/scicar-steering-vw-300x300.jpg 300w, https:\/\/netzwerkrecherche.org\/nr-termine-archive\/wp-content\/uploads\/sites\/19\/2022\/08\/scicar-steering-vw-150x150.jpg 150w, https:\/\/netzwerkrecherche.org\/nr-termine-archive\/wp-content\/uploads\/sites\/19\/2022\/08\/scicar-steering-vw-50x50.jpg 50w, https:\/\/netzwerkrecherche.org\/nr-termine-archive\/wp-content\/uploads\/sites\/19\/2022\/08\/scicar-steering-vw-375x375.jpg 375w, https:\/\/netzwerkrecherche.org\/nr-termine-archive\/wp-content\/uploads\/sites\/19\/2022\/08\/scicar-steering-vw.jpg 400w\" sizes=\"(max-width: 200px) 100vw, 200px\" alt=\"Selahattin Danisman\" \t\tclass=\"so-widget-image\"\/>\n\t<\/div>\n\n<\/div><\/div><\/div><div id=\"pgc-25143-1-1\"  class=\"panel-grid-cell\" ><div id=\"panel-25143-1-1-0\" class=\"so-panel widget_sow-editor panel-first-child panel-last-child\" data-index=\"1\" ><div\n\t\t\t\n\t\t\tclass=\"so-widget-sow-editor so-widget-sow-editor-base\"\n\t\t\t\n\t\t>\n<div class=\"siteorigin-widget-tinymce textwidget\">\n\t<h4>Selahattin Danisman<\/h4>\n<p>...\u00a0promovierte in Molekularbiologie an der Wageningen University (Niederlande). Seit 2018 ist F\u00f6rderreferent in der VolkswagenStiftung, der gr\u00f6\u00dften unabh\u00e4ngigen Wissenschaftsf\u00f6rderin in Deutschland, und begleitet F\u00f6rderprogramme in den Lebens- und Gesundheitswissenschaften, der Personenf\u00f6rderung, sowie der Wissenschaftskommunikation und der Wissenschaftskommunikationsforschung.<\/p>\n<\/div>\n<\/div><\/div><\/div><\/div><div id=\"pg-25143-2\"  class=\"panel-grid panel-no-style\" ><div id=\"pgc-25143-2-0\"  class=\"panel-grid-cell\" ><div id=\"panel-25143-2-0-0\" class=\"so-panel widget_sow-image panel-first-child panel-last-child\" data-index=\"2\" ><div\n\t\t\t\n\t\t\tclass=\"so-widget-sow-image so-widget-sow-image-default-e4c2d9f6c920-25143\"\n\t\t\t\n\t\t>\n<div class=\"sow-image-container\">\n\t\t<img \n\tsrc=\"https:\/\/netzwerkrecherche.org\/nr-termine-archive\/wp-content\/uploads\/sites\/19\/2021\/11\/christina.jpg\" width=\"200\" height=\"200\" srcset=\"https:\/\/netzwerkrecherche.org\/nr-termine-archive\/wp-content\/uploads\/sites\/19\/2021\/11\/christina.jpg 290w, https:\/\/netzwerkrecherche.org\/nr-termine-archive\/wp-content\/uploads\/sites\/19\/2021\/11\/christina-150x150.jpg 150w, https:\/\/netzwerkrecherche.org\/nr-termine-archive\/wp-content\/uploads\/sites\/19\/2021\/11\/christina-50x50.jpg 50w\" sizes=\"(max-width: 200px) 100vw, 200px\" title=\"Christina Elmer\" alt=\"Christina Elmer\" \t\tclass=\"so-widget-image\"\/>\n\t<\/div>\n\n<\/div><\/div><\/div><div id=\"pgc-25143-2-1\"  class=\"panel-grid-cell\" ><div id=\"panel-25143-2-1-0\" class=\"so-panel widget_sow-editor panel-first-child panel-last-child\" data-index=\"3\" ><div\n\t\t\t\n\t\t\tclass=\"so-widget-sow-editor so-widget-sow-editor-base\"\n\t\t\t\n\t\t>\n<div class=\"siteorigin-widget-tinymce textwidget\">\n\t<h4>Christina Elmer<\/h4>\n<p>... ist Professorin f\u00fcr Digitalen Journalismus und Datenjournalismus im Institut f\u00fcr Journalistik der TU Dortmund. Zuvor arbeitete sie in unterschiedlichen Positionen in der Redaktion des SPIEGEL, zuletzt als stellvertretende Entwicklungschefin. Von 2017 bis 2019 geh\u00f6rte sie zur Chefredaktion von SPIEGEL ONLINE. Sie ist zweite Vorsitzende des Vereins Netzwerk Recherche und wurde vom \u201emedium magazin\u201c als \u201eWissenschaftsjournalistin des Jahres 2016\u201c ausgezeichnet. Weitere Stationen als Datenjournalistin im Team Investigative Recherche des Magazins Stern und bei der Deutschen Presse-Agentur sowie als Volont\u00e4rin beim Westdeutschen Rundfunk in K\u00f6ln und M\u00fcnster. Studium der Journalistik und Biologie an der TU Dortmund.<\/p>\n<\/div>\n<\/div><\/div><\/div><\/div><div id=\"pg-25143-3\"  class=\"panel-grid panel-no-style\" ><div id=\"pgc-25143-3-0\"  class=\"panel-grid-cell\" ><div id=\"panel-25143-3-0-0\" class=\"so-panel widget_sow-image panel-first-child panel-last-child\" data-index=\"4\" ><div\n\t\t\t\n\t\t\tclass=\"so-widget-sow-image so-widget-sow-image-default-e4c2d9f6c920-25143\"\n\t\t\t\n\t\t>\n<div class=\"sow-image-container\">\n\t\t<img \n\tsrc=\"https:\/\/netzwerkrecherche.org\/nr-termine-archive\/wp-content\/uploads\/sites\/19\/2021\/11\/endt-300x300.jpg\" width=\"200\" height=\"200\" srcset=\"https:\/\/netzwerkrecherche.org\/nr-termine-archive\/wp-content\/uploads\/sites\/19\/2021\/11\/endt-300x300.jpg 300w, https:\/\/netzwerkrecherche.org\/nr-termine-archive\/wp-content\/uploads\/sites\/19\/2021\/11\/endt-150x150.jpg 150w, https:\/\/netzwerkrecherche.org\/nr-termine-archive\/wp-content\/uploads\/sites\/19\/2021\/11\/endt-50x50.jpg 50w, https:\/\/netzwerkrecherche.org\/nr-termine-archive\/wp-content\/uploads\/sites\/19\/2021\/11\/endt-500x500.jpg 500w, https:\/\/netzwerkrecherche.org\/nr-termine-archive\/wp-content\/uploads\/sites\/19\/2021\/11\/endt.jpg 640w\" sizes=\"(max-width: 200px) 100vw, 200px\" title=\"Christian Endt\" alt=\"Christian Endt\" \t\tclass=\"so-widget-image\"\/>\n\t<\/div>\n\n<\/div><\/div><\/div><div id=\"pgc-25143-3-1\"  class=\"panel-grid-cell\" ><div id=\"panel-25143-3-1-0\" class=\"so-panel widget_sow-editor panel-first-child panel-last-child\" data-index=\"5\" ><div\n\t\t\t\n\t\t\tclass=\"so-widget-sow-editor so-widget-sow-editor-base\"\n\t\t\t\n\t\t>\n<div class=\"siteorigin-widget-tinymce textwidget\">\n\t<h4>Christian Endt<\/h4>\n<p>... arbeitet als Senior Data Journalist bei ZEIT ONLINE in Berlin und schreibt aus einer quantitativen Perspektive vor allem \u00fcber Wahlen, die Corona-Pandemie sowie Klima- und Energiethemen. Zuvor leitete Endt das Datenteam der S\u00fcddeutschen Zeitung in M\u00fcnchen und studierte Mathematik und Physik an der Universit\u00e4t Augsburg.<\/p>\n<\/div>\n<\/div><\/div><\/div><\/div><div id=\"pg-25143-4\"  class=\"panel-grid panel-no-style\" ><div id=\"pgc-25143-4-0\"  class=\"panel-grid-cell\" ><div id=\"panel-25143-4-0-0\" class=\"so-panel widget_sow-image panel-first-child panel-last-child\" data-index=\"6\" ><div\n\t\t\t\n\t\t\tclass=\"so-widget-sow-image so-widget-sow-image-default-e4c2d9f6c920-25143\"\n\t\t\t\n\t\t>\n<div class=\"sow-image-container\">\n\t\t<img \n\tsrc=\"https:\/\/netzwerkrecherche.org\/nr-termine-archive\/wp-content\/uploads\/sites\/19\/2024\/02\/Andreas-Hotho_300x300px.jpg\" width=\"200\" height=\"200\" srcset=\"https:\/\/netzwerkrecherche.org\/nr-termine-archive\/wp-content\/uploads\/sites\/19\/2024\/02\/Andreas-Hotho_300x300px.jpg 155w, https:\/\/netzwerkrecherche.org\/nr-termine-archive\/wp-content\/uploads\/sites\/19\/2024\/02\/Andreas-Hotho_300x300px-150x150.jpg 150w, https:\/\/netzwerkrecherche.org\/nr-termine-archive\/wp-content\/uploads\/sites\/19\/2024\/02\/Andreas-Hotho_300x300px-50x50.jpg 50w\" sizes=\"(max-width: 155px) 100vw, 155px\" title=\"Andreas Hotho_300x300px\" alt=\"\" \t\tclass=\"so-widget-image\"\/>\n\t<\/div>\n\n<\/div><\/div><\/div><div id=\"pgc-25143-4-1\"  class=\"panel-grid-cell\" ><div id=\"panel-25143-4-1-0\" class=\"so-panel widget_sow-editor panel-first-child panel-last-child\" data-index=\"7\" ><div\n\t\t\t\n\t\t\tclass=\"so-widget-sow-editor so-widget-sow-editor-base\"\n\t\t\t\n\t\t>\n<div class=\"siteorigin-widget-tinymce textwidget\">\n\t<h4>Andreas Hotho<\/h4>\n<p>... ist Professor f\u00fcr Informatik, insbesondere Data Mining und Information Retrieval, an der Universit\u00e4t W\u00fcrzburg. Der Inhaber des Lehrstuhls f\u00fcr Informatik X: Data Science ist au\u00dferdem Mitbegr\u00fcnder des Center for Artificial Intelligence and Data Science.<\/p>\n<\/div>\n<\/div><\/div><\/div><\/div><div id=\"pg-25143-5\"  class=\"panel-grid panel-no-style\" ><div id=\"pgc-25143-5-0\"  class=\"panel-grid-cell\" ><div id=\"panel-25143-5-0-0\" class=\"so-panel widget_sow-image panel-first-child panel-last-child\" data-index=\"8\" ><div\n\t\t\t\n\t\t\tclass=\"so-widget-sow-image so-widget-sow-image-default-e4c2d9f6c920-25143\"\n\t\t\t\n\t\t>\n<div class=\"sow-image-container\">\n\t\t<img \n\tsrc=\"https:\/\/netzwerkrecherche.org\/nr-termine-archive\/wp-content\/uploads\/sites\/19\/2021\/11\/csm_rahnenfuehrer2018_4343392a5e.jpg\" width=\"200\" height=\"200\" sizes=\"(max-width: 133px) 100vw, 133px\" title=\"J\u00f6rg Rahnenf\u00fchrer \" alt=\"J\u00f6rg Rahnenf\u00fchrer \" \t\tclass=\"so-widget-image\"\/>\n\t<\/div>\n\n<\/div><\/div><\/div><div id=\"pgc-25143-5-1\"  class=\"panel-grid-cell\" ><div id=\"panel-25143-5-1-0\" class=\"so-panel widget_sow-editor panel-first-child panel-last-child\" data-index=\"9\" ><div\n\t\t\t\n\t\t\tclass=\"so-widget-sow-editor so-widget-sow-editor-base\"\n\t\t\t\n\t\t>\n<div class=\"siteorigin-widget-tinymce textwidget\">\n\t<h4>J\u00f6rg Rahnenf\u00fchrer<\/h4>\n<p>... ist Professor f\u00fcr Statistische Methoden in der Genetik und Chemometrie, Fakult\u00e4t Statistik<br \/>\nDortmund<\/p>\n<\/div>\n<\/div><\/div><\/div><\/div><div id=\"pg-25143-6\"  class=\"panel-grid panel-no-style\" ><div id=\"pgc-25143-6-0\"  class=\"panel-grid-cell\" ><div id=\"panel-25143-6-0-0\" class=\"so-panel widget_sow-image panel-first-child panel-last-child\" data-index=\"10\" ><div\n\t\t\t\n\t\t\tclass=\"so-widget-sow-image so-widget-sow-image-default-e4c2d9f6c920-25143\"\n\t\t\t\n\t\t>\n<div class=\"sow-image-container\">\n\t\t<img \n\tsrc=\"https:\/\/netzwerkrecherche.org\/nr-termine-archive\/wp-content\/uploads\/sites\/19\/2021\/11\/stollorz-375x375.jpg\" width=\"200\" height=\"200\" srcset=\"https:\/\/netzwerkrecherche.org\/nr-termine-archive\/wp-content\/uploads\/sites\/19\/2021\/11\/stollorz-375x375.jpg 375w, https:\/\/netzwerkrecherche.org\/nr-termine-archive\/wp-content\/uploads\/sites\/19\/2021\/11\/stollorz-150x150.jpg 150w, https:\/\/netzwerkrecherche.org\/nr-termine-archive\/wp-content\/uploads\/sites\/19\/2021\/11\/stollorz-50x50.jpg 50w, https:\/\/netzwerkrecherche.org\/nr-termine-archive\/wp-content\/uploads\/sites\/19\/2021\/11\/stollorz-500x500.jpg 500w\" sizes=\"(max-width: 200px) 100vw, 200px\" title=\"Volker Stollorz\" alt=\"Volker Stollorz\" \t\tclass=\"so-widget-image\"\/>\n\t<\/div>\n\n<\/div><\/div><\/div><div id=\"pgc-25143-6-1\"  class=\"panel-grid-cell\" ><div id=\"panel-25143-6-1-0\" class=\"so-panel widget_sow-editor panel-first-child panel-last-child\" data-index=\"11\" ><div\n\t\t\t\n\t\t\tclass=\"so-widget-sow-editor so-widget-sow-editor-base\"\n\t\t\t\n\t\t>\n<div class=\"siteorigin-widget-tinymce textwidget\">\n\t<h4>Volker Stollorz<\/h4>\n<p>... ist Gesch\u00e4ftsf\u00fchrer des SMC. Seit 1991 berichtet der Wissenschaftsjournalist aus Leidenschaft \u00fcber die Reibungszonen zwischen Wissenschaft und Gesellschaft. Nach dem Biologie- und Philosophie-Studium an der Universit\u00e4t zu K\u00f6ln und am Niederl\u00e4ndischen Krebsforschungsinstitut in Amsterdam erlebte der Diplom-Biologe die Gr\u00fcndung dreier Wissenschaftsressorts hautnah mit (ZEIT, Die Woche, Frankfurter Allgemeine Sonntagszeitung). F\u00fcr seine Berichte in Print, Online und Rundfunk wurde das langj\u00e4hrige Mitglied der Wissenschafts-Pressekonferenz (WPK) vielfach ausgezeichnet.<\/p>\n<\/div>\n<\/div><\/div><\/div><\/div><div id=\"pg-25143-7\"  class=\"panel-grid panel-no-style\" ><div id=\"pgc-25143-7-0\"  class=\"panel-grid-cell\" ><div id=\"panel-25143-7-0-0\" class=\"so-panel widget_sow-image panel-first-child panel-last-child\" data-index=\"12\" ><div\n\t\t\t\n\t\t\tclass=\"so-widget-sow-image so-widget-sow-image-default-e4c2d9f6c920-25143\"\n\t\t\t\n\t\t>\n<div class=\"sow-image-container\">\n\t\t<img \n\tsrc=\"https:\/\/netzwerkrecherche.org\/nr-termine-archive\/wp-content\/uploads\/sites\/19\/2024\/02\/csm_Prof._Holger_Wormer_300x300px-300x300.jpg\" width=\"200\" height=\"200\" srcset=\"https:\/\/netzwerkrecherche.org\/nr-termine-archive\/wp-content\/uploads\/sites\/19\/2024\/02\/csm_Prof._Holger_Wormer_300x300px-300x300.jpg 300w, https:\/\/netzwerkrecherche.org\/nr-termine-archive\/wp-content\/uploads\/sites\/19\/2024\/02\/csm_Prof._Holger_Wormer_300x300px-150x150.jpg 150w, https:\/\/netzwerkrecherche.org\/nr-termine-archive\/wp-content\/uploads\/sites\/19\/2024\/02\/csm_Prof._Holger_Wormer_300x300px-768x768.jpg 768w, https:\/\/netzwerkrecherche.org\/nr-termine-archive\/wp-content\/uploads\/sites\/19\/2024\/02\/csm_Prof._Holger_Wormer_300x300px-50x50.jpg 50w, https:\/\/netzwerkrecherche.org\/nr-termine-archive\/wp-content\/uploads\/sites\/19\/2024\/02\/csm_Prof._Holger_Wormer_300x300px-500x500.jpg 500w, https:\/\/netzwerkrecherche.org\/nr-termine-archive\/wp-content\/uploads\/sites\/19\/2024\/02\/csm_Prof._Holger_Wormer_300x300px-375x375.jpg 375w, https:\/\/netzwerkrecherche.org\/nr-termine-archive\/wp-content\/uploads\/sites\/19\/2024\/02\/csm_Prof._Holger_Wormer_300x300px.jpg 933w\" sizes=\"(max-width: 200px) 100vw, 200px\" alt=\"Holger Wormer (Bild: Judith Wiesrecker)\" \t\tclass=\"so-widget-image\"\/>\n\t<\/div>\n\n<\/div><\/div><\/div><div id=\"pgc-25143-7-1\"  class=\"panel-grid-cell\" ><div id=\"panel-25143-7-1-0\" class=\"so-panel widget_sow-editor panel-first-child panel-last-child\" data-index=\"13\" ><div\n\t\t\t\n\t\t\tclass=\"so-widget-sow-editor so-widget-sow-editor-base\"\n\t\t\t\n\t\t>\n<div class=\"siteorigin-widget-tinymce textwidget\">\n\t<h4>Holger Wormer<\/h4>\n<p>...\u00a0 ist Professor f\u00fcr Wissenschaftsjournalismus und war bis Anfang 2022 Gesch\u00e4ftsf\u00fchrender Direktor des Instituts f\u00fcr Journalistik an der TU Dortmund. Dort hat er den ersten konsekutiven Bachelor- und Masterstudiengang f\u00fcr Wissenschaftsjournalismus an einer deutschen Universit\u00e4t aufgebaut und in dessen Rahmen den Schwerpunktstudiengang Datenjournalismus entwickelt. Er forscht vor allem zu Qualit\u00e4t und Ethik in Wissenschaft und Medien. Zuvor war er viele Jahre als Journalist t\u00e4tig, darunter 8 Jahre als Wissenschaftsredakteur bei der S\u00fcddeutschen Zeitung. Seit 20 Jahren ist er auch in der Journalistenweiterbildung aktiv, darunter f\u00fcr den WDR, das ZDF und die Henri-Nannen-Schule. Seit 2012 ist er Mitglied und zum Teil stellvertretender Sprecher in insgesamt drei Expertengruppen verschiedener deutscher Wissenschaftsakademien, die sich mit der Zukunft der Wissenschaftskommunikation befassen.<\/p>\n<\/div>\n<\/div><\/div><\/div><\/div><div id=\"pg-25143-8\"  class=\"panel-grid panel-no-style\" ><div id=\"pgc-25143-8-0\"  class=\"panel-grid-cell\" ><div id=\"panel-25143-8-0-0\" class=\"so-panel widget_sow-image panel-first-child panel-last-child\" data-index=\"14\" ><div\n\t\t\t\n\t\t\tclass=\"so-widget-sow-image so-widget-sow-image-default-e4c2d9f6c920-25143\"\n\t\t\t\n\t\t>\n<div class=\"sow-image-container\">\n\t\t<img \n\tsrc=\"https:\/\/netzwerkrecherche.org\/nr-termine-archive\/wp-content\/uploads\/sites\/19\/2024\/02\/het_2022_TUD_neu-375x375.jpg\" width=\"200\" height=\"200\" srcset=\"https:\/\/netzwerkrecherche.org\/nr-termine-archive\/wp-content\/uploads\/sites\/19\/2024\/02\/het_2022_TUD_neu-375x375.jpg 375w, https:\/\/netzwerkrecherche.org\/nr-termine-archive\/wp-content\/uploads\/sites\/19\/2024\/02\/het_2022_TUD_neu-150x150.jpg 150w, https:\/\/netzwerkrecherche.org\/nr-termine-archive\/wp-content\/uploads\/sites\/19\/2024\/02\/het_2022_TUD_neu-50x50.jpg 50w, https:\/\/netzwerkrecherche.org\/nr-termine-archive\/wp-content\/uploads\/sites\/19\/2024\/02\/het_2022_TUD_neu-500x500.jpg 500w\" sizes=\"(max-width: 200px) 100vw, 200px\" alt=\"Holger Hettwer\" \t\tclass=\"so-widget-image\"\/>\n\t<\/div>\n\n<\/div><\/div><\/div><div id=\"pgc-25143-8-1\"  class=\"panel-grid-cell\" ><div id=\"panel-25143-8-1-0\" class=\"so-panel widget_sow-editor panel-first-child panel-last-child\" data-index=\"15\" ><div\n\t\t\t\n\t\t\tclass=\"so-widget-sow-editor so-widget-sow-editor-base\"\n\t\t\t\n\t\t>\n<div class=\"siteorigin-widget-tinymce textwidget\">\n\t<h4>Holger Hettwer<\/h4>\n<p>\u2026 hat Germanistik, Publizistik &amp; Politik in M\u00fcnster studiert, als Radio-Redakteur und freier TV-Journalist gearbeitet und gemeinsam mit Franco Zotta das <i data-stringify-type=\"italic\">Qualifizierungsprogramm Wissenschaftsjournalismus<\/i> (2002-2007) und die <i data-stringify-type=\"italic\">Initiative Wissenschaftsjournalismus<\/i>\u00a0(2008-2011) an der TU Dortmund geleitet. Seit 2012 ist er f\u00fcr die Programmplanung der WISSENSWERTE verantwortlich, die sich zur wichtigsten wissenschaftsjournalistischen Veranstaltung im deutschsprachigen Raum entwickelt hat (<a class=\"c-link\" href=\"http:\/\/www.wissenswerte-bremen.de\/\" target=\"_blank\" rel=\"noopener noreferrer\" data-stringify-link=\"http:\/\/www.wissenswerte-bremen.de\" data-sk=\"tooltip_parent\">www.wissenswerte-bremen.de<\/a>). Seit Januar 2024 ist er Gesch\u00e4ftsf\u00fchrer des Berufsverbands der Wissenschaftsjournalist:innen, der Wissenschaftspressekonferenz (WPK) in K\u00f6ln.<\/p>\n<\/div>\n<\/div><\/div><\/div><\/div><div id=\"pg-25143-9\"  class=\"panel-grid panel-no-style\" ><div id=\"pgc-25143-9-0\"  class=\"panel-grid-cell\" ><div id=\"panel-25143-9-0-0\" class=\"so-panel widget_text panel-first-child panel-last-child\" data-index=\"16\" ><h3 class=\"widget-title\">Ehemalige Mitglieder<\/h3>\t\t\t<div class=\"textwidget\"><\/div>\n\t\t<\/div><\/div><\/div><div id=\"pg-25143-10\"  class=\"panel-grid panel-no-style\" ><div id=\"pgc-25143-10-0\"  class=\"panel-grid-cell\" ><div id=\"panel-25143-10-0-0\" class=\"so-panel widget_sow-image panel-first-child panel-last-child\" data-index=\"17\" ><div\n\t\t\t\n\t\t\tclass=\"so-widget-sow-image so-widget-sow-image-default-e4c2d9f6c920-25143\"\n\t\t\t\n\t\t>\n<div class=\"sow-image-container\">\n\t\t<img \n\tsrc=\"https:\/\/netzwerkrecherche.org\/nr-termine-archive\/wp-content\/uploads\/sites\/19\/2021\/11\/brigitte1567-kopi-533x800-1-e1636723054389-500x500.jpg\" width=\"200\" height=\"200\" srcset=\"https:\/\/netzwerkrecherche.org\/nr-termine-archive\/wp-content\/uploads\/sites\/19\/2021\/11\/brigitte1567-kopi-533x800-1-e1636723054389-500x500.jpg 500w, https:\/\/netzwerkrecherche.org\/nr-termine-archive\/wp-content\/uploads\/sites\/19\/2021\/11\/brigitte1567-kopi-533x800-1-e1636723054389-150x150.jpg 150w, https:\/\/netzwerkrecherche.org\/nr-termine-archive\/wp-content\/uploads\/sites\/19\/2021\/11\/brigitte1567-kopi-533x800-1-e1636723054389-50x50.jpg 50w\" sizes=\"(max-width: 200px) 100vw, 200px\" title=\"Brigitte Alfter\" alt=\"Brigitte Alfter\" \t\tclass=\"so-widget-image\"\/>\n\t<\/div>\n\n<\/div><\/div><\/div><div id=\"pgc-25143-10-1\"  class=\"panel-grid-cell\" ><div id=\"panel-25143-10-1-0\" class=\"so-panel widget_sow-editor panel-first-child panel-last-child\" data-index=\"18\" ><div\n\t\t\t\n\t\t\tclass=\"so-widget-sow-editor so-widget-sow-editor-base\"\n\t\t\t\n\t\t>\n<div class=\"siteorigin-widget-tinymce textwidget\">\n\t<h4>Brigitte Alfter<\/h4>\n<p>... ist eine deutsch-d\u00e4nische Journalistin, Gesch\u00e4ftsf\u00fchrerin von Arena for Journalism in Europe und Lehrbeauftragte an der\u00a0 Universit\u00e4t von G\u00f6teborg. Da sie Journalismus auf lokaler, nationaler und europ\u00e4ischer Ebene praktiziert hat, erkannte sie die Notwendigkeit grenz\u00fcberschreitender kollaborativer Journalismusstrukturen. Seit 2008 entwickelt sie deshalb europ\u00e4ische F\u00f6rderprogramme f\u00fcr Cross-Border-Journalismus und ber\u00e4t in allen Aspekten des kollaborativen Journalismus.<\/p>\n<\/div>\n<\/div><\/div><\/div><\/div><\/div>","protected":false},"excerpt":{"rendered":"<p>Selahattin Danisman &#8230;\u00a0promovierte in Molekularbiologie an der Wageningen University (Niederlande). Seit 2018 ist F\u00f6rderreferent in der VolkswagenStiftung, der gr\u00f6\u00dften unabh\u00e4ngigen Wissenschaftsf\u00f6rderin in Deutschland, und begleitet F\u00f6rderprogramme in den Lebens- und Gesundheitswissenschaften, der Personenf\u00f6rderung, sowie der Wissenschaftskommunikation und der Wissenschaftskommunikationsforschung.<\/p>\n","protected":false},"author":27,"featured_media":0,"parent":33021,"menu_order":0,"comment_status":"closed","ping_status":"closed","template":"","meta":{"_acf_changed":false,"footnotes":""},"class_list":["post-25143","page","type-page","status-publish","hentry"],"acf":[],"_links":{"self":[{"href":"https:\/\/netzwerkrecherche.org\/nr-termine-archive\/wp-json\/wp\/v2\/pages\/25143","targetHints":{"allow":["GET"]}}],"collection":[{"href":"https:\/\/netzwerkrecherche.org\/nr-termine-archive\/wp-json\/wp\/v2\/pages"}],"about":[{"href":"https:\/\/netzwerkrecherche.org\/nr-termine-archive\/wp-json\/wp\/v2\/types\/page"}],"author":[{"embeddable":true,"href":"https:\/\/netzwerkrecherche.org\/nr-termine-archive\/wp-json\/wp\/v2\/users\/27"}],"replies":[{"embeddable":true,"href":"https:\/\/netzwerkrecherche.org\/nr-termine-archive\/wp-json\/wp\/v2\/comments?post=25143"}],"version-history":[{"count":39,"href":"https:\/\/netzwerkrecherche.org\/nr-termine-archive\/wp-json\/wp\/v2\/pages\/25143\/revisions"}],"predecessor-version":[{"id":35586,"href":"https:\/\/netzwerkrecherche.org\/nr-termine-archive\/wp-json\/wp\/v2\/pages\/25143\/revisions\/35586"}],"up":[{"embeddable":true,"href":"https:\/\/netzwerkrecherche.org\/nr-termine-archive\/wp-json\/wp\/v2\/pages\/33021"}],"wp:attachment":[{"href":"https:\/\/netzwerkrecherche.org\/nr-termine-archive\/wp-json\/wp\/v2\/media?parent=25143"}],"curies":[{"name":"wp","href":"https:\/\/api.w.org\/{rel}","templated":true}]}}