{"id":25446,"date":"2022-01-10T14:26:07","date_gmt":"2022-01-10T13:26:07","guid":{"rendered":"https:\/\/netzwerkrecherche.org\/nr-termine-archive\/?page_id=25446"},"modified":"2024-10-02T12:07:28","modified_gmt":"2024-10-02T10:07:28","slug":"scicar-archiv-2017","status":"publish","type":"page","link":"https:\/\/netzwerkrecherche.org\/nr-termine-archive\/termine\/konferenzen\/fachkonferenzen\/scicar\/scicar-archiv\/scicar-archiv-2017\/","title":{"rendered":"SciCAR-Archiv 2017"},"content":{"rendered":"<div class=\"header\">\n<div class=\"container\"><strong>Hier finden Sie die PDF\u00b4s der<br \/>\n* <a href=\"https:\/\/netzwerkrecherche.org\/nr-termine-archive\/wp-content\/uploads\/sites\/19\/2022\/11\/SciCAR17-simple.pdf\">Programm\u00fcbersicht (einfach)<\/a><br \/>\n* <a href=\"https:\/\/netzwerkrecherche.org\/nr-termine-archive\/wp-content\/uploads\/sites\/19\/2022\/11\/SciCAR17-detailed.pdf\">Programm\u00fcbersicht mit Panelbeschreibung<\/a><br \/>\n<\/strong><\/div>\n<\/div>\n<div class=\"page\">\n<div class=\"container\">\n<div class=\"row\">\n<div class=\"col-md-3 side\"><\/div>\n<\/div>\n<div class=\"row\">\n<div class=\"col-md-3 side\">\n<div class=\"hidden-xs hidden-sm text-right\"><\/div>\n<\/div>\n<div class=\"col-md-9 main\">\n<div class=\"row\">\n<div class=\"col-md-6\"><\/div>\n<div class=\"col-md-6\"><strong>Freunde der Weisheit &#8211; warum Wissenschaftler und Journalisten im Zeitalter von Big Data zusammenfinden sollten<\/strong><br \/>\nProf. Dr. Holger Wormer (TU Dortmund)<a href=\"https:\/\/www.youtube.com\/embed\/4Vu5S_BIUMk\" target=\"_blank\" rel=\"noopener\">Auf Youtube<\/a><\/div>\n<\/div>\n<p>&nbsp;<\/p>\n<p>&nbsp;<\/p>\n<div class=\"row\">\n<div class=\"col-md-6\"><\/div>\n<div class=\"col-md-6\"><strong>Wissenschaft trifft Journalismus: Erfolgreiche Kooperationen im \u00dcberblick<\/strong><br \/>\nBj\u00f6rn Schwentker (freier Datenjournalist und Trainer)<a href=\"https:\/\/www.youtube.com\/embed\/NbqlAr0ghnE\" target=\"_blank\" rel=\"noopener\">Auf Youtube<\/a><\/div>\n<\/div>\n<p>&nbsp;<\/p>\n<p>&nbsp;<\/p>\n<div class=\"row\">\n<div class=\"col-md-6\"><\/div>\n<div class=\"col-md-6\"><strong>Collaborating with scientists: The next logical step for investigative reporting?<\/strong><br \/>\nSam Roe (Chicago Tribune)<a href=\"https:\/\/www.youtube.com\/embed\/kZvpRcrWZ7w\" target=\"_blank\" rel=\"noopener\">Auf Youtube<\/a><\/div>\n<\/div>\n<p>&nbsp;<\/p>\n<p>&nbsp;<\/p>\n<div class=\"row\">\n<div class=\"col-md-6\"><\/div>\n<div class=\"col-md-6\"><strong>Big Data and hidden ways to study drug interactions Speakers<\/strong><br \/>\nSam Roe (Chicago Tribune), Nicholas P. Tatonetti (Columbia University)<a href=\"https:\/\/www.youtube.com\/embed\/KL1df_JLioY\" target=\"_blank\" rel=\"noopener\">Auf Youtube<\/a><\/div>\n<\/div>\n<p>&nbsp;<\/p>\n<p>&nbsp;<\/p>\n<div class=\"row\">\n<div class=\"col-md-6\"><\/div>\n<div class=\"col-md-6\"><strong>Wissenschaftler &amp; Journalisten: Was macht erfolgreiche Teamarbeit aus<\/strong><br \/>\nFritz S\u00f6rgel (Institut f\u00fcr Biomedizinische und Pharmazeutische Forschung in N\u00fcrnberg), Elena Kuch (Reporterin, NDR), Bj\u00f6rn Schwendtker (freier Datenjournalist und Trainer), Sam Roe (Chicago Tribune), Nicholas P. Tatonetti (Columbia University), Robert Sch\u00f6ffel (BR Data)<a href=\"https:\/\/www.youtube.com\/embed\/9XDmk5HG7Es\" target=\"_blank\" rel=\"noopener\">Auf Youtube<\/a><\/div>\n<\/div>\n<p>&nbsp;<\/p>\n<p>&nbsp;<\/p>\n<div class=\"row\">\n<div class=\"col-md-6\"><\/div>\n<div class=\"col-md-6\"><strong>Meyer revisited: The only way out of post-truth is an alliance of datajournalism and academia<\/strong><br \/>\nNicholas Kayser-Bril (Co-Founder and Chief Executive of Journalism ++ )<a href=\"https:\/\/www.youtube.com\/embed\/pUGVuw8WBCA\" target=\"_blank\" rel=\"noopener\">Auf Youtube<\/a><\/div>\n<\/div>\n<p>&nbsp;<\/p>\n<p>&nbsp;<\/p>\n<div class=\"row\">\n<div class=\"col-md-6\"><\/div>\n<div class=\"col-md-6\"><strong>Starting a new cooperation: the epidemic of chronic kidney disease<\/strong><br \/>\nLee Newman (University of Colerado), Sam Roe (Chicago Tribune)<a href=\"https:\/\/www.youtube.com\/embed\/2wSvfE3NaMA\" target=\"_blank\" rel=\"noopener\">Auf Youtube<\/a><\/div>\n<\/div>\n<p>&nbsp;<\/p>\n<p>&nbsp;<\/p>\n<div class=\"row\">\n<div class=\"col-md-6\"><\/div>\n<div class=\"col-md-6\"><strong>Operieren und Kassieren &#8211; ein Klinik-Daten-Krimi<\/strong><br \/>\nVolker Stollorz (Science Media Center Germany), Meike Hemschemeier (Wissenschaftsjournalistin), Christian Kunst (Politikredakteur, Rhein-Zeitung Koblenz), Eckhard Volbracht (Gesundheitsmanager und Projektleiter, Bertelsmann Stiftung)<a href=\"https:\/\/www.youtube.com\/embed\/u4k7Lf5vmdE\" target=\"_blank\" rel=\"noopener\">Auf Youtube<\/a><\/div>\n<\/div>\n<p>&nbsp;<\/p>\n<p>&nbsp;<\/p>\n<div class=\"row\">\n<div class=\"col-md-6\"><\/div>\n<div class=\"col-md-6\"><strong>Big Data and hidden ways to study drug interactions<\/strong><br \/>\nSam Roe &amp; Nicholas P. Tatonetti<a href=\"https:\/\/www.youtube.com\/embed\/KL1df_JLioY\" target=\"_blank\" rel=\"noopener\">Auf Youtube<\/a><\/div>\n<\/div>\n<p>&nbsp;<\/p>\n<p>&nbsp;<\/p>\n<div class=\"row\">\n<div class=\"col-md-6\"><\/div>\n<div class=\"col-md-6\"><strong>Erkenntnisse und Ratschl\u00e4ge: Wie Wissenschaftler und Journalisten besser miteinnander klar kommen<\/strong><br \/>\nDr. Winfried K\u00f6sters<\/div>\n<\/div>\n<p>&nbsp;<\/p>\n<p>&nbsp;<\/p>\n<div class=\"row\">\n<div class=\"col-md-6\"><\/div>\n<div class=\"col-md-6\"><strong>Abschluss Panel: Der Intermedi\u00e4r wird`s (ein)richten? Fantasien, Fragezeichen &amp; F\u00f6rderer-Fishing &#8211; Kooperationsm\u00f6glichkeiten<\/strong><br \/>\nVolker Stollorz, Eva Constantaras, J\u00f6rg Rahnenf\u00fchrer, Adelheid Wessler<\/div>\n<\/div>\n<p>&nbsp;<\/p>\n<p>&nbsp;<\/p>\n<div class=\"row\">\n<div class=\"col-md-6\"><\/div>\n<div class=\"col-md-6\"><strong>Interview Bj\u00f6rn Schwentker<\/strong><br \/>\n(freier Datenjournalist)<\/div>\n<\/div>\n<p>&nbsp;<\/p>\n<p>&nbsp;<\/p>\n<div class=\"row\">\n<div class=\"col-md-6\"><\/div>\n<div class=\"col-md-6\"><strong>Interview Volker Stollorz<\/strong><br \/>\n(Redaktionsleiter Science Media Center, Germany)<\/div>\n<\/div>\n<p>&nbsp;<\/p>\n<p>&nbsp;<\/p>\n<div class=\"row\">\n<div class=\"col-md-6\"><\/div>\n<div class=\"col-md-6\"><strong>Interview Sam Roe<\/strong><br \/>\n(Chicago Tribune)<\/div>\n<\/div>\n<p>&nbsp;<\/p>\n<p>&nbsp;<\/p>\n<div class=\"row\">\n<div class=\"col-md-6\"><\/div>\n<div class=\"col-md-6\"><strong>Interview Lee Newman<\/strong><br \/>\n(University of Colorado)<\/div>\n<\/div>\n<p>&nbsp;<\/p>\n<p>&nbsp;<\/p>\n<div class=\"row\">\n<div class=\"col-md-6\"><\/div>\n<div class=\"col-md-6\"><strong>Interview Franco Zotta<\/strong><br \/>\n(Wissenschafts-Pressekonferenz)<\/div>\n<\/div>\n<p>&nbsp;<\/p>\n<p>&nbsp;<\/p>\n<div class=\"row\">\n<div class=\"col-md-6\"><\/div>\n<div class=\"col-md-6\"><strong>Interview Holger Wormer<\/strong><br \/>\n(TU Dortmund)<\/div>\n<\/div>\n<\/div>\n<\/div>\n<\/div>\n<\/div>\n","protected":false},"excerpt":{"rendered":"<p>Hier finden Sie die PDF\u00b4s der * Programm\u00fcbersicht (einfach) * Programm\u00fcbersicht mit Panelbeschreibung Freunde der Weisheit &#8211; warum Wissenschaftler und Journalisten im Zeitalter von Big Data zusammenfinden sollten Prof. Dr. Holger Wormer (TU Dortmund)Auf Youtube &nbsp; &nbsp; Wissenschaft trifft Journalismus: Erfolgreiche Kooperationen im \u00dcberblick Bj\u00f6rn Schwentker (freier Datenjournalist und Trainer)Auf Youtube &nbsp; &nbsp; Collaborating with [&hellip;]<\/p>\n","protected":false},"author":2,"featured_media":0,"parent":25465,"menu_order":0,"comment_status":"closed","ping_status":"closed","template":"","meta":{"_acf_changed":false,"footnotes":""},"class_list":["post-25446","page","type-page","status-publish","hentry"],"acf":[],"_links":{"self":[{"href":"https:\/\/netzwerkrecherche.org\/nr-termine-archive\/wp-json\/wp\/v2\/pages\/25446","targetHints":{"allow":["GET"]}}],"collection":[{"href":"https:\/\/netzwerkrecherche.org\/nr-termine-archive\/wp-json\/wp\/v2\/pages"}],"about":[{"href":"https:\/\/netzwerkrecherche.org\/nr-termine-archive\/wp-json\/wp\/v2\/types\/page"}],"author":[{"embeddable":true,"href":"https:\/\/netzwerkrecherche.org\/nr-termine-archive\/wp-json\/wp\/v2\/users\/2"}],"replies":[{"embeddable":true,"href":"https:\/\/netzwerkrecherche.org\/nr-termine-archive\/wp-json\/wp\/v2\/comments?post=25446"}],"version-history":[{"count":7,"href":"https:\/\/netzwerkrecherche.org\/nr-termine-archive\/wp-json\/wp\/v2\/pages\/25446\/revisions"}],"predecessor-version":[{"id":31486,"href":"https:\/\/netzwerkrecherche.org\/nr-termine-archive\/wp-json\/wp\/v2\/pages\/25446\/revisions\/31486"}],"up":[{"embeddable":true,"href":"https:\/\/netzwerkrecherche.org\/nr-termine-archive\/wp-json\/wp\/v2\/pages\/25465"}],"wp:attachment":[{"href":"https:\/\/netzwerkrecherche.org\/nr-termine-archive\/wp-json\/wp\/v2\/media?parent=25446"}],"curies":[{"name":"wp","href":"https:\/\/api.w.org\/{rel}","templated":true}]}}