{"id":25449,"date":"2022-01-10T14:27:51","date_gmt":"2022-01-10T13:27:51","guid":{"rendered":"https:\/\/netzwerkrecherche.org\/nr-termine-archive\/?page_id=25449"},"modified":"2024-10-02T12:07:28","modified_gmt":"2024-10-02T10:07:28","slug":"scicar-archiv-2018","status":"publish","type":"page","link":"https:\/\/netzwerkrecherche.org\/nr-termine-archive\/termine\/konferenzen\/fachkonferenzen\/scicar\/scicar-archiv\/scicar-archiv-2018\/","title":{"rendered":"SciCAR-Archiv 2018"},"content":{"rendered":"<div class=\"header\">\n<div class=\"container\">\n<div class=\"row\">\n<div class=\"col-md-9 main\">\n<p><a href=\"https:\/\/netzwerkrecherche.org\/nr-termine-archive\/wp-content\/uploads\/sites\/19\/2022\/01\/scicar2018programm.pdf\"><b>Zum Programm 2018<\/b><\/a><\/p>\n<\/div>\n<\/div>\n<div class=\"row\">\n<div class=\"col-md-9 main\">\n<p>&nbsp;<\/p>\n<div class=\"row\">\n<div class=\"col-md-6\"><\/div>\n<div class=\"col-md-6\"><strong>SciCAR 2018 &#8211; Eine Einf\u00fchrung<\/strong><br \/>\nFranco Zotta (WPK &#8211; Die Wissenschaftsjournalisten)<a href=\"https:\/\/www.youtube.com\/embed\/i_4bp_5OFRU\" target=\"_blank\" rel=\"noopener\">Auf Youtube<\/a><\/div>\n<\/div>\n<p>&nbsp;<\/p>\n<p>&nbsp;<\/p>\n<div class=\"row\">\n<div class=\"col-md-6\"><\/div>\n<div class=\"col-md-6\"><strong>Daten, Demokratie und Journalismus: Der Kurs des Statistischen Bundesamtes<\/strong><br \/>\nGeorg Thiel (Pr\u00e4sident, Statistisches Bundesamt, Wiesbaden)<a href=\"https:\/\/www.youtube.com\/embed\/GSSWS0CjLK4\" target=\"_blank\" rel=\"noopener\">Auf Youtube<\/a><\/div>\n<\/div>\n<p>&nbsp;<\/p>\n<p>&nbsp;<\/p>\n<div class=\"row\">\n<div class=\"col-md-6\"><\/div>\n<div class=\"col-md-6\"><strong>How Newsrooms adapt to Advances in Artificial Intelligence<\/strong><br \/>\nNick Diakopoulos (Northwestern University, Chicago )<a href=\"https:\/\/www.youtube.com\/embed\/NQSVoJKqaqk\" target=\"_blank\" rel=\"noopener\">Auf Youtube<\/a><\/div>\n<\/div>\n<p>&nbsp;<\/p>\n<p>&nbsp;<\/p>\n<div class=\"row\">\n<div class=\"col-md-6\"><\/div>\n<div class=\"col-md-6\"><strong>Current and future uses of AI, automation and robots in journalism<\/strong><br \/>\nMi\u0107o Tatalovi\u0107 (Association of British Science Writers, London)<a href=\"https:\/\/www.youtube.com\/embed\/wlA4QO-zJvs\" target=\"_blank\" rel=\"noopener\">Auf Youtube<\/a><\/div>\n<\/div>\n<p>&nbsp;<\/p>\n<p>&nbsp;<\/p>\n<div class=\"row\">\n<div class=\"col-md-6\"><\/div>\n<div class=\"col-md-6\"><strong>The View from America<\/strong><br \/>\nSinduja Rangarajan (Reveal from the Center for Investigative) | Sam Roe (Chicago Tribune)<a href=\"https:\/\/www.youtube.com\/embed\/zuEnY_uRr6s\" target=\"_blank\" rel=\"noopener\">Auf Youtube<\/a><\/div>\n<\/div>\n<p>&nbsp;<\/p>\n<p>&nbsp;<\/p>\n<div class=\"row\">\n<div class=\"col-md-6\"><\/div>\n<div class=\"col-md-6\"><strong>Amtliche Daten f\u00fcr den \u00f6ffentlichen Diskurs<\/strong><br \/>\nChristian Endt (S\u00fcddeutsche Zeitung, M\u00fcnchen) | Bj\u00f6rn Schwentker (Datenjournalist) | Georg Thiel (Statistisches Bundesamt, Wiesbaden) | Thomas Bauer (RWI &#8211; Leibniz-Institut f\u00fcr Wirtschaftsforschung)<a href=\"https:\/\/www.youtube.com\/embed\/CzgwdJNg_d4\" target=\"_blank\" rel=\"noopener\">Auf Youtube<\/a><\/div>\n<\/div>\n<\/div>\n<\/div>\n<\/div>\n<\/div>\n","protected":false},"excerpt":{"rendered":"<p>Zum Programm 2018 &nbsp; SciCAR 2018 &#8211; Eine Einf\u00fchrung Franco Zotta (WPK &#8211; Die Wissenschaftsjournalisten)Auf Youtube &nbsp; &nbsp; Daten, Demokratie und Journalismus: Der Kurs des Statistischen Bundesamtes Georg Thiel (Pr\u00e4sident, Statistisches Bundesamt, Wiesbaden)Auf Youtube &nbsp; &nbsp; How Newsrooms adapt to Advances in Artificial Intelligence Nick Diakopoulos (Northwestern University, Chicago )Auf Youtube &nbsp; &nbsp; Current and [&hellip;]<\/p>\n","protected":false},"author":2,"featured_media":0,"parent":25465,"menu_order":0,"comment_status":"closed","ping_status":"closed","template":"","meta":{"_acf_changed":false,"footnotes":""},"class_list":["post-25449","page","type-page","status-publish","hentry"],"acf":[],"_links":{"self":[{"href":"https:\/\/netzwerkrecherche.org\/nr-termine-archive\/wp-json\/wp\/v2\/pages\/25449","targetHints":{"allow":["GET"]}}],"collection":[{"href":"https:\/\/netzwerkrecherche.org\/nr-termine-archive\/wp-json\/wp\/v2\/pages"}],"about":[{"href":"https:\/\/netzwerkrecherche.org\/nr-termine-archive\/wp-json\/wp\/v2\/types\/page"}],"author":[{"embeddable":true,"href":"https:\/\/netzwerkrecherche.org\/nr-termine-archive\/wp-json\/wp\/v2\/users\/2"}],"replies":[{"embeddable":true,"href":"https:\/\/netzwerkrecherche.org\/nr-termine-archive\/wp-json\/wp\/v2\/comments?post=25449"}],"version-history":[{"count":4,"href":"https:\/\/netzwerkrecherche.org\/nr-termine-archive\/wp-json\/wp\/v2\/pages\/25449\/revisions"}],"predecessor-version":[{"id":32852,"href":"https:\/\/netzwerkrecherche.org\/nr-termine-archive\/wp-json\/wp\/v2\/pages\/25449\/revisions\/32852"}],"up":[{"embeddable":true,"href":"https:\/\/netzwerkrecherche.org\/nr-termine-archive\/wp-json\/wp\/v2\/pages\/25465"}],"wp:attachment":[{"href":"https:\/\/netzwerkrecherche.org\/nr-termine-archive\/wp-json\/wp\/v2\/media?parent=25449"}],"curies":[{"name":"wp","href":"https:\/\/api.w.org\/{rel}","templated":true}]}}