{"id":25453,"date":"2022-01-10T14:30:22","date_gmt":"2022-01-10T13:30:22","guid":{"rendered":"https:\/\/netzwerkrecherche.org\/nr-termine-archive\/?page_id=25453"},"modified":"2024-10-02T12:07:28","modified_gmt":"2024-10-02T10:07:28","slug":"scicar-archiv-2020","status":"publish","type":"page","link":"https:\/\/netzwerkrecherche.org\/nr-termine-archive\/termine\/konferenzen\/fachkonferenzen\/scicar\/scicar-archiv\/scicar-archiv-2020\/","title":{"rendered":"SciCAR-Archiv 2020"},"content":{"rendered":"<p><a href=\"https:\/\/netzwerkrecherche.org\/nr-termine-archive\/wp-content\/uploads\/sites\/19\/2022\/01\/scicar2020programm.pdf\"><strong>Zum Programm 2020<\/strong><\/a><\/p>\n<p>&nbsp;<\/p>\n<div class=\"row\">\n<div class=\"col-md-6\"><\/div>\n<div class=\"col-md-6\">\n<p><strong>SciCAR 2020 &#8211; Er\u00f6ffnung<\/strong><\/p>\n<p><a href=\"https:\/\/www.youtube.com\/embed\/dgS2U0j14X0\" target=\"_blank\" rel=\"noopener\">Auf Youtube<\/a><\/p>\n<\/div>\n<\/div>\n<p>&nbsp;<\/p>\n<p>&nbsp;<\/p>\n<div class=\"row\">\n<div class=\"col-md-6\"><\/div>\n<div class=\"col-md-6\"><strong>Datenjournalismus als Hub f\u00fcr Interdisziplinarit\u00e4t<\/strong><br \/>\nUli K\u00f6ppen, Bayerischer Rundfunk<a href=\"https:\/\/www.youtube.com\/embed\/zHTbfl1FLS4\" target=\"_blank\" rel=\"noopener\">Auf Youtube<\/a><\/div>\n<\/div>\n<p>&nbsp;<\/p>\n<p>&nbsp;<\/p>\n<div class=\"row\">\n<div class=\"col-md-6\"><\/div>\n<div class=\"col-md-6\">\n<p><strong>Podiumsdiskussion | Datenschutz: Mehr Schutz als Daten?<\/strong><\/p>\n<p><a href=\"https:\/\/www.youtube.com\/embed\/yBtGvjwLeaA\" target=\"_blank\" rel=\"noopener\">Auf Youtube<\/a><\/p>\n<\/div>\n<\/div>\n<p>&nbsp;<\/p>\n<p>&nbsp;<\/p>\n<div class=\"row\">\n<div class=\"col-md-6\"><\/div>\n<div class=\"col-md-6\"><strong>Today, Trump is winning again the presidency: a data free sociophysics model<\/strong><br \/>\nSerge Galam, CEVIPOF &#8211; Center for Political Science, Sciences Po and CNRS<a href=\"https:\/\/www.youtube.com\/embed\/m0WGVxUYRtA\" target=\"_blank\" rel=\"noopener\">Auf Youtube<\/a><\/div>\n<\/div>\n<p>&nbsp;<\/p>\n<p>&nbsp;<\/p>\n<div class=\"row\">\n<div class=\"col-md-6\"><\/div>\n<\/div>\n","protected":false},"excerpt":{"rendered":"<p>Zum Programm 2020 &nbsp; SciCAR 2020 &#8211; Er\u00f6ffnung Auf Youtube &nbsp; &nbsp; Datenjournalismus als Hub f\u00fcr Interdisziplinarit\u00e4t Uli K\u00f6ppen, Bayerischer RundfunkAuf Youtube &nbsp; &nbsp; Podiumsdiskussion | Datenschutz: Mehr Schutz als Daten? Auf Youtube &nbsp; &nbsp; Today, Trump is winning again the presidency: a data free sociophysics model Serge Galam, CEVIPOF &#8211; Center for Political Science, [&hellip;]<\/p>\n","protected":false},"author":2,"featured_media":0,"parent":25465,"menu_order":0,"comment_status":"closed","ping_status":"closed","template":"","meta":{"_acf_changed":false,"footnotes":""},"class_list":["post-25453","page","type-page","status-publish","hentry"],"acf":[],"_links":{"self":[{"href":"https:\/\/netzwerkrecherche.org\/nr-termine-archive\/wp-json\/wp\/v2\/pages\/25453","targetHints":{"allow":["GET"]}}],"collection":[{"href":"https:\/\/netzwerkrecherche.org\/nr-termine-archive\/wp-json\/wp\/v2\/pages"}],"about":[{"href":"https:\/\/netzwerkrecherche.org\/nr-termine-archive\/wp-json\/wp\/v2\/types\/page"}],"author":[{"embeddable":true,"href":"https:\/\/netzwerkrecherche.org\/nr-termine-archive\/wp-json\/wp\/v2\/users\/2"}],"replies":[{"embeddable":true,"href":"https:\/\/netzwerkrecherche.org\/nr-termine-archive\/wp-json\/wp\/v2\/comments?post=25453"}],"version-history":[{"count":5,"href":"https:\/\/netzwerkrecherche.org\/nr-termine-archive\/wp-json\/wp\/v2\/pages\/25453\/revisions"}],"predecessor-version":[{"id":32850,"href":"https:\/\/netzwerkrecherche.org\/nr-termine-archive\/wp-json\/wp\/v2\/pages\/25453\/revisions\/32850"}],"up":[{"embeddable":true,"href":"https:\/\/netzwerkrecherche.org\/nr-termine-archive\/wp-json\/wp\/v2\/pages\/25465"}],"wp:attachment":[{"href":"https:\/\/netzwerkrecherche.org\/nr-termine-archive\/wp-json\/wp\/v2\/media?parent=25453"}],"curies":[{"name":"wp","href":"https:\/\/api.w.org\/{rel}","templated":true}]}}