{"id":25799,"date":"2022-02-22T18:45:33","date_gmt":"2022-02-22T17:45:33","guid":{"rendered":"https:\/\/netzwerkrecherche.org\/nr-termine-archive\/?page_id=25799"},"modified":"2024-10-02T12:07:27","modified_gmt":"2024-10-02T10:07:27","slug":"journalismus-macht-schule-2022","status":"publish","type":"page","link":"https:\/\/netzwerkrecherche.org\/nr-termine-archive\/termine\/konferenzen\/fachkonferenzen\/journalismus-macht-schule-2022\/","title":{"rendered":"&#8220;Journalismus macht Schule&#8221;-Konferenz 2022"},"content":{"rendered":"<div id=\"pl-25799\"  class=\"panel-layout\" ><div id=\"pg-25799-0\"  class=\"panel-grid panel-has-style\" ><div class=\"panel-row-style panel-row-style-for-25799-0\" ><div id=\"pgc-25799-0-0\"  class=\"panel-grid-cell\" ><div id=\"panel-25799-0-0-0\" class=\"so-panel widget_sow-editor panel-first-child panel-last-child\" data-index=\"0\" ><div class=\"panel-widget-style panel-widget-style-for-25799-0-0-0\" ><div\n\t\t\t\n\t\t\tclass=\"so-widget-sow-editor so-widget-sow-editor-base\"\n\t\t\t\n\t\t><h3 class=\"widget-title\">\u201eJournalismus macht Schule\u201c-Konferenz am 1.\/2. April 2022 in Berlin<\/h3>\n<div class=\"siteorigin-widget-tinymce textwidget\">\n\t<p style=\"text-align: center;\" data-testid=\"BSeD8qG01Y_\"><a href=\"https:\/\/netzwerkrecherche.org\/nr-termine-archive\/wp-content\/uploads\/sites\/19\/2021\/11\/jms_logo_1200x500.png\"><img loading=\"lazy\" decoding=\"async\" class=\"size-medium wp-image-25171 aligncenter\" src=\"https:\/\/netzwerkrecherche.org\/nr-termine-archive\/wp-content\/uploads\/sites\/19\/2021\/11\/jms_logo_1200x500-300x125.png\" alt=\"\" width=\"300\" height=\"125\" srcset=\"https:\/\/netzwerkrecherche.org\/nr-termine-archive\/wp-content\/uploads\/sites\/19\/2021\/11\/jms_logo_1200x500-300x125.png 300w, https:\/\/netzwerkrecherche.org\/nr-termine-archive\/wp-content\/uploads\/sites\/19\/2021\/11\/jms_logo_1200x500-1024x427.png 1024w, https:\/\/netzwerkrecherche.org\/nr-termine-archive\/wp-content\/uploads\/sites\/19\/2021\/11\/jms_logo_1200x500-768x320.png 768w, https:\/\/netzwerkrecherche.org\/nr-termine-archive\/wp-content\/uploads\/sites\/19\/2021\/11\/jms_logo_1200x500.png 1200w\" sizes=\"auto, (max-width: 300px) 100vw, 300px\" \/><\/a> <strong>+++ Aktuelle Informationen +++<\/strong><\/p>\n<p data-testid=\"BSeD8qG01Y_\"><strong>Corona:<\/strong> Auf der Veranstaltung gilt 2G! Teilnehmende m\u00fcssen vollst\u00e4ndig geimpft oder k\u00fcrzlich genesen sein. Entsprechende Nachweise werden am Eingang kontrolliert. Bitte halten Sie die entsprechenden Nachweise sowie ein Ausweisdokument bereit.<br \/>\nDes weiteren gilt auf der gesamten Veranstaltung FFP2-Maskenpflicht (auch am Platz). Ausgenommen davon sind Referent:innen f\u00fcr die Dauer ihres Auftritts auf der B\u00fchne. Zum Essen und Trinken darf die Maske ebenfalls vor\u00fcbergehend abgenommen werden.<br \/>\nUm uns alle bestm\u00f6glich zu sch\u00fctzen, m\u00f6chten wir Sie bitten, sich vor Besuch der Konferenz zu testen.<\/p>\n<p><strong>Einlass:<\/strong> Aufgrund der Corona-Kontrollen kann es beim Einlass zu Verz\u00f6gerungen kommen. Bitte kommen Sie rechtzeitig und planen Sie ein bisschen mehr Zeit f\u00fcr den Einlass ein. Der Einlass beginnt am Freitag und Samstag jeweils eine Stunde vor Konferenzbeginn. An beiden Konferenz-Tagen wird es Corona-Kontrollen beim Einlass geben.<\/p>\n<p>Das Hygiene-Konzept f\u00fcr die Veranstaltung finden Sie <a href=\"https:\/\/netzwerkrecherche.org\/nr-termine-archive\/wp-content\/uploads\/sites\/19\/2022\/03\/2204-JmS-Hygienekonzept.pdf\">hier<\/a>.<\/p>\n<p style=\"text-align: center;\" data-testid=\"BSeD8qG01Y_\"><strong>+++ Aktuelle Informationen +++<\/strong><\/p>\n<p class=\"text-build-content\" data-testid=\"BSeD8qG01Y_\">Herzlich Willkommen bei \"Journalismus macht Schule\"! Ziel der Konferenz, die von der Journalistenvereinigung Netzwerk Recherche und ihrem Kooperationspartner Deutsche Telekom Stiftung ausgerichtet wird, ist die St\u00e4rkung der <strong>Nachrichten- und Informationskompetenz von Sch\u00fcler:innen<\/strong>.<\/p>\n<p class=\"text-build-content\" data-testid=\"BSeD8qG01Y_\">Daf\u00fcr bringen wir Lehrkr\u00e4fte (Teilnahmebescheinigung f\u00fcr Fortbildung erh\u00e4ltlich) sowie andere Akteure aus dem Bildungsbereich, Fachpolitiker:innen und Journalist:innen zusammen, um Erfahrungen und Argumente auszutauschen, bereits bestehende Angebote kennenzulernen und gemeinsam zu \u00fcberlegen, wie Sch\u00fcler:innen zu kritischen Nachrichtenkonsument:innen heranwachsen k\u00f6nnen.<\/p>\n<p data-testid=\"BSeD8qG01Y_\"><a href=\"https:\/\/jms2022.sched.com\" target=\"_blank\" rel=\"noopener\"><strong>Hier k\u00f6nnen Sie sich kostenlos anmelden<\/strong><\/a><strong>.<\/strong><\/p>\n<div>\n<p class=\"text-build-content\" data-testid=\"y9JUt_OEw\">Prominente Unterst\u00fctzer:innen dieses Vorhabens, wie der ehemalige Bundesminister <b>Dr. Thomas de Maizi\u00e8re<\/b>, jetzt Vorstand der Deutschen Telekom Stiftung, die ARD-Vorsitzende <b>Patricia Schlesinger<\/b> und die brandenburgische Bildungsministerin <b>Britta Ernst<\/b>, haben ihre Teilnahme bereits zugesagt.<\/p>\n<p class=\"text-build-content\" data-testid=\"y9JUt_OEw\">Die Konferenz ist zugleich der Startschuss f\u00fcr die Aktivit\u00e4ten des neu gegr\u00fcndeten Vereins \u201eJournalismus macht Schule\u201c. Der Zusammenschluss von Journalist:innen der S\u00fcddeutschen Zeitung, der Zeit, von ARD und ZDF, von Correctiv, der Reporterfabrik, den Lie Detectors, von Journalistenschulen und Universit\u00e4ten mit Akteuren der Lehrerfortbildung und Medienp\u00e4dagogen, Medienanstalten und Institutionen der politischen Bildung hat das Ziel, Erfahrungen und Unterrichtsmaterialien zu b\u00fcndeln und Unterrichtsbesuche von Journalistinnen und Journalisten zu vermitteln.<\/p>\n<p class=\"text-build-content\" data-testid=\"y9JUt_OEw\">Seien Sie am 1. und 2. April dabei und diskutieren Sie mit, wie sich Nachrichtenkompetenz in den Lehrpl\u00e4nen verankern l\u00e4sst. Denn neben klassischen Unterrichtsf\u00e4chern sollte Schule auch Wissen \u00fcber die Entstehung von Nachrichten, die demokratische Funktion des Journalismus und die Gefahren von \u201eFake News\u201c f\u00fcr die Gesellschaft vermitteln. So werden Sch\u00fclerinnen und Sch\u00fcler dazu bef\u00e4higt, besser zwischen Information und Desinformation zu unterscheiden und \u201eFake News\u201c in sozialen Netzwerken zu enttarnen, statt sie unkritisch zu teilen.<\/p>\n<\/div>\n<p class=\"text-build-content\" data-testid=\"_re_mliZt\">Das <a class=\"link-build-content\" href=\"https:\/\/jms2022.sched.com\" target=\"_blank\" rel=\"noopener\"><u><strong>Programm<\/strong><\/u><\/a> der Tagung wird fortlaufend erg\u00e4nzt.<\/p>\n<p class=\"text-build-content\" data-testid=\"_re_mliZt\">Am Veranstaltungsort, der Hauptstadtrepr\u00e4sentanz der Deutschen Telekom (Franz\u00f6sische Stra\u00dfe 33a-c, 10117 Berlin), gilt aktuell eine 2GPlus-Regelung. \u00dcber m\u00f6gliche \u00c4nderungen halten wir Sie nat\u00fcrlich auf dem Laufenden.<\/p>\n<p class=\"text-build-content\" data-testid=\"_re_mliZt\">Um auf der Veranstaltung ausreichend Abstand einhalten zu k\u00f6nnen, ist die Zahl der Teilnehmenden begrenzt.<\/p>\n<p class=\"text-build-content\" data-testid=\"_re_mliZt\">Die Konferenz wird unterst\u00fctzt durch die Bundeszentrale f\u00fcr politische Bildung, die Gemeinn\u00fctzige Hertie-Stiftung und die Stiftung Presse-Haus NRZ.<\/p>\n<p>Weitere Informationen zum neuen Verein \"Journalismus macht Schule\" finden Sie <a href=\"https:\/\/journalismus-macht-schule.org\/\">hier<\/a>.<\/p>\n<h3>\u00dcberblick<\/h3>\n<p class=\"text-build-content\" data-testid=\"_re_mliZt\"><strong>Was?<\/strong> \u201eJournalismus macht Schule\u201c-Konferenz zur F\u00f6rderung der Nachrichtenkompetenz bei Sch\u00fcler:innen<\/p>\n<p class=\"text-build-content\" data-testid=\"_re_mliZt\"><b>Wann?<\/b> 1. und 2. April 2022<\/p>\n<p class=\"text-build-content\" data-testid=\"_re_mliZt\"><b>Wo?<\/b> Hauptstadtrepr\u00e4sentanz der Deutschen Telekom, Franz\u00f6sische Stra\u00dfe 33a-c, 10117 Berlin<\/p>\n<p class=\"text-build-content\" data-testid=\"_re_mliZt\"><b>Wer? <\/b>Netzwerk Recherche in Kooperation mit der Deutschen Telekom Stiftung<\/p>\n<p class=\"text-build-content\" data-testid=\"_re_mliZt\"><b>Anmeldung:<\/b> <a class=\"link-build-content\" href=\"https:\/\/jms2022.sched.com\" target=\"_blank\" rel=\"noopener\"><u>https:\/\/jms2022.sched.com<\/u><\/a><\/p>\n<p class=\"text-build-content\" data-testid=\"_re_mliZt\"><b>Fragen?<\/b> Schreiben Sie uns an <a class=\"link-build-content\" href=\"mailto:info@journalismusmachtschule.org\"><u>info@journalismusmachtschule.org\u00a0<\/u><\/a><u><\/u><\/p>\n<section><\/section>\n<\/div>\n<\/div><\/div><\/div><\/div><div id=\"pgc-25799-0-1\"  class=\"panel-grid-cell\" ><div id=\"panel-25799-0-1-0\" class=\"so-panel widget_text panel-first-child\" data-index=\"1\" >\t\t\t<div class=\"textwidget\"><p>Die Konferenz wird veranstaltet in Kooperation mit:<\/p>\n<\/div>\n\t\t<\/div><div id=\"panel-25799-0-1-1\" class=\"so-panel widget_media_image\" data-index=\"2\" ><a href=\"https:\/\/netzwerkrecherche.org\/nr-termine-archive\/wp-content\/uploads\/sites\/19\/2020\/03\/DTS_Label_3C_n_DE.jpg\"><img loading=\"lazy\" decoding=\"async\" width=\"300\" height=\"300\" src=\"https:\/\/netzwerkrecherche.org\/nr-termine-archive\/wp-content\/uploads\/sites\/19\/2020\/03\/DTS_Label_3C_n_DE-300x300.jpg\" class=\"image wp-image-19648  attachment-medium size-medium\" alt=\"\" style=\"max-width: 100%; height: auto;\" srcset=\"https:\/\/netzwerkrecherche.org\/nr-termine-archive\/wp-content\/uploads\/sites\/19\/2020\/03\/DTS_Label_3C_n_DE-300x300.jpg 300w, https:\/\/netzwerkrecherche.org\/nr-termine-archive\/wp-content\/uploads\/sites\/19\/2020\/03\/DTS_Label_3C_n_DE-1024x1024.jpg 1024w, https:\/\/netzwerkrecherche.org\/nr-termine-archive\/wp-content\/uploads\/sites\/19\/2020\/03\/DTS_Label_3C_n_DE-150x150.jpg 150w, https:\/\/netzwerkrecherche.org\/nr-termine-archive\/wp-content\/uploads\/sites\/19\/2020\/03\/DTS_Label_3C_n_DE-768x768.jpg 768w, https:\/\/netzwerkrecherche.org\/nr-termine-archive\/wp-content\/uploads\/sites\/19\/2020\/03\/DTS_Label_3C_n_DE-50x50.jpg 50w, https:\/\/netzwerkrecherche.org\/nr-termine-archive\/wp-content\/uploads\/sites\/19\/2020\/03\/DTS_Label_3C_n_DE-500x500.jpg 500w, https:\/\/netzwerkrecherche.org\/nr-termine-archive\/wp-content\/uploads\/sites\/19\/2020\/03\/DTS_Label_3C_n_DE.jpg 1181w\" sizes=\"auto, (max-width: 300px) 100vw, 300px\" \/><\/a><\/div><div id=\"panel-25799-0-1-2\" class=\"so-panel widget_text\" data-index=\"3\" >\t\t\t<div class=\"textwidget\"><p>Die Konferenz wird gef\u00f6rdert von:<\/p>\n<\/div>\n\t\t<\/div><div id=\"panel-25799-0-1-3\" class=\"so-panel widget_media_image\" data-index=\"4\" ><img loading=\"lazy\" decoding=\"async\" width=\"1518\" height=\"806\" src=\"https:\/\/netzwerkrecherche.org\/nr-termine-archive\/wp-content\/uploads\/sites\/19\/2020\/03\/WBM2ZG_A_RGB_gefoerdert.jpg\" class=\"image wp-image-19652  attachment-full size-full\" alt=\"\" style=\"max-width: 100%; height: auto;\" srcset=\"https:\/\/netzwerkrecherche.org\/nr-termine-archive\/wp-content\/uploads\/sites\/19\/2020\/03\/WBM2ZG_A_RGB_gefoerdert.jpg 1518w, https:\/\/netzwerkrecherche.org\/nr-termine-archive\/wp-content\/uploads\/sites\/19\/2020\/03\/WBM2ZG_A_RGB_gefoerdert-300x159.jpg 300w, https:\/\/netzwerkrecherche.org\/nr-termine-archive\/wp-content\/uploads\/sites\/19\/2020\/03\/WBM2ZG_A_RGB_gefoerdert-1024x544.jpg 1024w, https:\/\/netzwerkrecherche.org\/nr-termine-archive\/wp-content\/uploads\/sites\/19\/2020\/03\/WBM2ZG_A_RGB_gefoerdert-768x408.jpg 768w\" sizes=\"auto, (max-width: 1518px) 100vw, 1518px\" \/><\/div><div id=\"panel-25799-0-1-4\" class=\"so-panel widget_media_image\" data-index=\"5\" ><img loading=\"lazy\" decoding=\"async\" width=\"490\" height=\"320\" src=\"https:\/\/netzwerkrecherche.org\/nr-termine-archive\/wp-content\/uploads\/sites\/19\/2020\/03\/HES_LOGO_V2_VKL_GEF_RGB_OSZ.jpg\" class=\"image wp-image-19656  attachment-490x320 size-490x320\" alt=\"\" style=\"max-width: 100%; height: auto;\" srcset=\"https:\/\/netzwerkrecherche.org\/nr-termine-archive\/wp-content\/uploads\/sites\/19\/2020\/03\/HES_LOGO_V2_VKL_GEF_RGB_OSZ.jpg 590w, https:\/\/netzwerkrecherche.org\/nr-termine-archive\/wp-content\/uploads\/sites\/19\/2020\/03\/HES_LOGO_V2_VKL_GEF_RGB_OSZ-300x196.jpg 300w\" sizes=\"auto, (max-width: 490px) 100vw, 490px\" \/><\/div><div id=\"panel-25799-0-1-5\" class=\"so-panel widget_media_image panel-last-child\" data-index=\"6\" ><img loading=\"lazy\" decoding=\"async\" width=\"2560\" height=\"1075\" src=\"https:\/\/netzwerkrecherche.org\/nr-termine-archive\/wp-content\/uploads\/sites\/19\/2020\/03\/Logo-Stiftung-Stiftung-Presse-Haus-NRZ-scaled.jpg\" class=\"image wp-image-19649  attachment-full size-full\" alt=\"\" style=\"max-width: 100%; height: auto;\" srcset=\"https:\/\/netzwerkrecherche.org\/nr-termine-archive\/wp-content\/uploads\/sites\/19\/2020\/03\/Logo-Stiftung-Stiftung-Presse-Haus-NRZ-scaled.jpg 2560w, https:\/\/netzwerkrecherche.org\/nr-termine-archive\/wp-content\/uploads\/sites\/19\/2020\/03\/Logo-Stiftung-Stiftung-Presse-Haus-NRZ-300x126.jpg 300w, https:\/\/netzwerkrecherche.org\/nr-termine-archive\/wp-content\/uploads\/sites\/19\/2020\/03\/Logo-Stiftung-Stiftung-Presse-Haus-NRZ-1024x430.jpg 1024w, https:\/\/netzwerkrecherche.org\/nr-termine-archive\/wp-content\/uploads\/sites\/19\/2020\/03\/Logo-Stiftung-Stiftung-Presse-Haus-NRZ-768x323.jpg 768w, https:\/\/netzwerkrecherche.org\/nr-termine-archive\/wp-content\/uploads\/sites\/19\/2020\/03\/Logo-Stiftung-Stiftung-Presse-Haus-NRZ-1536x645.jpg 1536w, https:\/\/netzwerkrecherche.org\/nr-termine-archive\/wp-content\/uploads\/sites\/19\/2020\/03\/Logo-Stiftung-Stiftung-Presse-Haus-NRZ-2048x860.jpg 2048w\" sizes=\"auto, (max-width: 2560px) 100vw, 2560px\" \/><\/div><\/div><\/div><\/div><\/div>","protected":false},"excerpt":{"rendered":"<p>+++ Aktuelle Informationen +++ Corona: Auf der Veranstaltung gilt 2G! Teilnehmende m\u00fcssen vollst\u00e4ndig geimpft oder k\u00fcrzlich genesen sein. Entsprechende Nachweise werden am Eingang kontrolliert. Bitte halten Sie die entsprechenden Nachweise sowie ein Ausweisdokument bereit. Des weiteren gilt auf der gesamten Veranstaltung FFP2-Maskenpflicht (auch am Platz). Ausgenommen davon sind Referent:innen f\u00fcr die Dauer ihres Auftritts auf [&hellip;]<\/p>\n","protected":false},"author":27,"featured_media":25171,"parent":38,"menu_order":0,"comment_status":"closed","ping_status":"closed","template":"","meta":{"_acf_changed":false,"footnotes":""},"class_list":["post-25799","page","type-page","status-publish","has-post-thumbnail","hentry"],"acf":[],"_links":{"self":[{"href":"https:\/\/netzwerkrecherche.org\/nr-termine-archive\/wp-json\/wp\/v2\/pages\/25799","targetHints":{"allow":["GET"]}}],"collection":[{"href":"https:\/\/netzwerkrecherche.org\/nr-termine-archive\/wp-json\/wp\/v2\/pages"}],"about":[{"href":"https:\/\/netzwerkrecherche.org\/nr-termine-archive\/wp-json\/wp\/v2\/types\/page"}],"author":[{"embeddable":true,"href":"https:\/\/netzwerkrecherche.org\/nr-termine-archive\/wp-json\/wp\/v2\/users\/27"}],"replies":[{"embeddable":true,"href":"https:\/\/netzwerkrecherche.org\/nr-termine-archive\/wp-json\/wp\/v2\/comments?post=25799"}],"version-history":[{"count":28,"href":"https:\/\/netzwerkrecherche.org\/nr-termine-archive\/wp-json\/wp\/v2\/pages\/25799\/revisions"}],"predecessor-version":[{"id":26504,"href":"https:\/\/netzwerkrecherche.org\/nr-termine-archive\/wp-json\/wp\/v2\/pages\/25799\/revisions\/26504"}],"up":[{"embeddable":true,"href":"https:\/\/netzwerkrecherche.org\/nr-termine-archive\/wp-json\/wp\/v2\/pages\/38"}],"wp:featuredmedia":[{"embeddable":true,"href":"https:\/\/netzwerkrecherche.org\/nr-termine-archive\/wp-json\/wp\/v2\/media\/25171"}],"wp:attachment":[{"href":"https:\/\/netzwerkrecherche.org\/nr-termine-archive\/wp-json\/wp\/v2\/media?parent=25799"}],"curies":[{"name":"wp","href":"https:\/\/api.w.org\/{rel}","templated":true}]}}