{"id":26676,"date":"2022-04-22T10:21:10","date_gmt":"2022-04-22T08:21:10","guid":{"rendered":"https:\/\/netzwerkrecherche.org\/nr-termine-archive\/?page_id=26676"},"modified":"2024-10-02T12:07:29","modified_gmt":"2024-10-02T10:07:29","slug":"faq-4","status":"publish","type":"page","link":"https:\/\/netzwerkrecherche.org\/nr-termine-archive\/termine\/konferenzen\/jahreskonferenzen\/nr24\/faq-4\/","title":{"rendered":"FAQ"},"content":{"rendered":"<div class=\"easy-faqs-wrapper easy-faqs-theme-default_style\"><div class=\"easy-faq\" id=\"easy-faq-3992\"><h3 class=\"easy-faq-title\" style=\"font-size: 16px;\"><span class=\"easy-faqs-title-before\"><\/span><span class=\"easy-faqs-title-text\">Nur noch ein paar Tage bis zur Konferenz \u2013 kann ich mich noch anmelden?<\/span><span class=\"easy-faqs-title-after\"><\/span><\/h3> <div class=\"easy-faq-body\" style=\"\"><p>Ja, solange Tickets verf\u00fcgbar sind, k\u00f6nnt Ihr Euch anmelden. Sollten alle Tickets ausverkauft sein, gibt es eine Warteliste.<\/p>\n <\/div><\/div><div class=\"easy-faq\" id=\"easy-faq-3993\"><h3 class=\"easy-faq-title\" style=\"font-size: 16px;\"><span class=\"easy-faqs-title-before\"><\/span><span class=\"easy-faqs-title-text\">Ich kann mir den Ticketpreis nicht leisten. Was kann ich tun?<\/span><span class=\"easy-faqs-title-after\"><\/span><\/h3> <div class=\"easy-faq-body\" style=\"\"><p>Netzwerk Recherche legt Wert darauf, dass jede*r an den Tagungen des Vereins teilnehmen kann \u2013 unabh\u00e4ngig von den individuellen finanziellen M\u00f6glichkeiten. <\/p>\n<p>Wer sich den vollen Ticketpreis nicht leisten kann, kann sich bei uns melden: <a href=\"mailto:info@netzwerkrecherche.de\">per E-Mail<\/a>\u00a0\u2013 wir bem\u00fchen\u00a0uns dann um eine L\u00f6sung.<\/p>\n <\/div><\/div><div class=\"easy-faq\" id=\"easy-faq-3994\"><h3 class=\"easy-faq-title\" style=\"font-size: 16px;\"><span class=\"easy-faqs-title-before\"><\/span><span class=\"easy-faqs-title-text\">Wie viel kosten die Tickets?<\/span><span class=\"easy-faqs-title-after\"><\/span><\/h3> <div class=\"easy-faq-body\" style=\"\"><p>Informationen zum Teilnehmerbeitrag findet Ihr auf der Ticketseite. Der Ticketverkauf startet im Januar 2024. Abonniere <a href=\"https:\/\/netzwerkrecherche.org\/nr-termine-archive\/newsletter-bestellen\/\">unseren Newsletter<\/a>, um den Verkaufsstart nicht zu verpassen.<\/p>\n <\/div><\/div><div class=\"easy-faq\" id=\"easy-faq-3995\"><h3 class=\"easy-faq-title\" style=\"font-size: 16px;\"><span class=\"easy-faqs-title-before\"><\/span><span class=\"easy-faqs-title-text\">Ich habe mich angemeldet, kann nun aber doch nicht kommen. Was tun?<\/span><span class=\"easy-faqs-title-after\"><\/span><\/h3> <div class=\"easy-faq-body\" style=\"\"><p>Wurde der Ticketpreis noch nicht gezahlt, gen\u00fcgt <a href=\"mailto:info@netzwerkrecherche.de\">eine kurze Mail an uns<\/a>.<\/p>\n<p>Das Ticket wurde schon bezahlt? Dann gibt es zwei M\u00f6glichkeiten:<\/p>\n<ul>\n<li>Du l\u00e4sst den Beitrag auf eine andere Person umschreiben. Bitte teile uns ggf. <a href=\"mailto:info@netzwerkrecherche.de\">per E-Mail mit<\/a>,\u00a0wer an Deiner Stelle teilnehmen soll (inkl. Mail-Adresse und Namensschild-Bezeichnung).<\/li>\n<li>Wir k\u00f6nnen den Ticketpreis auch erstatten. Bitte schick uns dazu <a href=\"mailto:info@netzwerkrecherche.de\">eine kurze E-Mail<\/a>. Die R\u00fcckerstattung erfolgt dann zeitnah, m\u00f6glicherweise jedoch erst nach der Konferenz.<\/li>\n<\/ul>\n <\/div><\/div><div class=\"easy-faq\" id=\"easy-faq-3996\"><h3 class=\"easy-faq-title\" style=\"font-size: 16px;\"><span class=\"easy-faqs-title-before\"><\/span><span class=\"easy-faqs-title-text\">Ich studiere zwar, aber nicht Journalismus. Kann ich das erm\u00e4\u00dfigte Ticket w\u00e4hlen?<\/span><span class=\"easy-faqs-title-after\"><\/span><\/h3> <div class=\"easy-faq-body\" style=\"\"><p>Ja, das erm\u00e4\u00dfigte Ticket k\u00f6nnen alle Studierenden erwerben, die sich eine journalistische Laufbahn vorstellen k\u00f6nnen.<\/p>\n <\/div><\/div><div class=\"easy-faq\" id=\"easy-faq-3997\"><h3 class=\"easy-faq-title\" style=\"font-size: 16px;\"><span class=\"easy-faqs-title-before\"><\/span><span class=\"easy-faqs-title-text\">Wie funktioniert der Nachweis f\u00fcr das erm\u00e4\u00dfigte Ticket?<\/span><span class=\"easy-faqs-title-after\"><\/span><\/h3> <div class=\"easy-faq-body\" style=\"\"><p>Ein Nachweis\u00a0wird nicht verlangt. Wir vertrauen\u00a0auf faires Verhalten.<\/p>\n <\/div><\/div><div class=\"easy-faq\" id=\"easy-faq-3998\"><h3 class=\"easy-faq-title\" style=\"font-size: 16px;\"><span class=\"easy-faqs-title-before\"><\/span><span class=\"easy-faqs-title-text\">Wieso steigt der Ticketpreis?<\/span><span class=\"easy-faqs-title-after\"><\/span><\/h3> <div class=\"easy-faq-body\" style=\"\"><p>Mit den Ticketverk\u00e4ufen k\u00f6nnen wir nicht alle Kosten der Konferenz decken \u2013 wir bem\u00fchen uns um F\u00f6rderer und Sponsoren, um die Ticketpreise m\u00f6glichst gering zu halten.<\/p>\n<p>Aufgrund steigender Kosten m\u00fcssen wir leider auch die Ticketpreise anheben. Im Vergleich zu anderen Konferenzen dieser Gr\u00f6\u00dfenordnung sind die Preise nach wie vor auf niedrigem Niveau.<\/p>\n<p>Netzwerk Recherche legt Wert darauf, dass jede*r an den Tagungen des Vereins teilnehmen kann \u2013 unabh\u00e4ngig von den individuellen finanziellen M\u00f6glichkeiten.\u00a0Wenn Ihr Euch den Beitrag nicht leisten k\u00f6nnt, <a href=\"mailto:info@netzwerkrecherche.de\">nehmt bitte Kontakt mit uns auf<\/a>.<\/p>\n <\/div><\/div><div class=\"easy-faq\" id=\"easy-faq-4004\"><h3 class=\"easy-faq-title\" style=\"font-size: 16px;\"><span class=\"easy-faqs-title-before\"><\/span><span class=\"easy-faqs-title-text\">Ich m\u00f6chte gern kommen \u2013 wei\u00df aber noch nicht genau, ob ich Zeit habe.<\/span><span class=\"easy-faqs-title-after\"><\/span><\/h3> <div class=\"easy-faq-body\" style=\"\"><p>Eine fr\u00fchzeitige Anmeldung ist auf jeden Fall empfehlenswert\u00a0\u2013 m\u00f6glicherweise sind zu einem sp\u00e4teren Zeitpunkt alle Pl\u00e4tze belegt. Falls du nicht kommen kannst, kannst du dein Ticket an eine andere Person weitergeben.<\/p>\n<p>Wenn du deine Teilnahme stornieren\u00a0musst, <a href=\"mailto:info@netzwerkrecherche.de\">sende uns eine E-Mail<\/a>. Das sollte rechtzeitig passieren, damit wir deinen Platz ggf. an Personen auf der Warteliste weitergeben k\u00f6nnen.<\/p>\n <\/div><\/div><div class=\"easy-faq\" id=\"easy-faq-4005\"><h3 class=\"easy-faq-title\" style=\"font-size: 16px;\"><span class=\"easy-faqs-title-before\"><\/span><span class=\"easy-faqs-title-text\">Ist im Ticketpreis die Verpflegung enthalten?<\/span><span class=\"easy-faqs-title-after\"><\/span><\/h3> <div class=\"easy-faq-body\" style=\"\"><p>Ja, in Zusammenarbeit mit der Studiok\u00fcche des NDR bieten wir euch kostenloses Mittagessen, Kaffee und Wasser. Und kostenlose Currywurst und Pommes gibt es nat\u00fcrlich auch!<\/p>\n<p>Dar\u00fcber hinaus gibt es noch Verpflegungsangebote, f\u00fcr die jedoch gezahlt werden muss.<\/p>\n <\/div><\/div><div class=\"easy-faq\" id=\"easy-faq-4006\"><h3 class=\"easy-faq-title\" style=\"font-size: 16px;\"><span class=\"easy-faqs-title-before\"><\/span><span class=\"easy-faqs-title-text\">Gibt es am Konferenzort einen Zugang zum Internet?<\/span><span class=\"easy-faqs-title-after\"><\/span><\/h3> <div class=\"easy-faq-body\" style=\"\"><p>In den Konferenzr\u00e4umen ist ein kabelloser Internet-Zugang (WLAN) vorhanden. Informationen zur Anmeldung erhalten alle Teilnehmenden vor Ort und in einer E-Mail vor dem Start der Konferenz.<\/p>\n <\/div><\/div><div class=\"easy-faq\" id=\"easy-faq-4008\"><h3 class=\"easy-faq-title\" style=\"font-size: 16px;\"><span class=\"easy-faqs-title-before\"><\/span><span class=\"easy-faqs-title-text\">Ben\u00f6tige ich ein eigenes Notebook, um an den Veranstaltungen teilnehmen zu k\u00f6nnen?<\/span><span class=\"easy-faqs-title-after\"><\/span><\/h3> <div class=\"easy-faq-body\" style=\"\"><p>F\u00fcr einige Veranstaltungen zum Thema Online- und Datenjournalismus ist\u00a0ein eigenes Notebook sinnvoll\u00a0(n\u00e4here Informationen in der jeweiligen Veranstaltungsbeschreibung).<\/p>\n <\/div><\/div><div class=\"easy-faq\" id=\"easy-faq-27557\"><h3 class=\"easy-faq-title\" style=\"font-size: 16px;\"><span class=\"easy-faqs-title-before\"><\/span><span class=\"easy-faqs-title-text\">Was mache ich mit meinen Kindern w\u00e4hrend der Konferenz?<\/span><span class=\"easy-faqs-title-after\"><\/span><\/h3> <div class=\"easy-faq-body\" style=\"\"><p>Ihr k\u00f6nnt Eure Kinder mitbringen. Wir bieten wieder an beiden (Haupt-)Konferenztagen eine kostenlose Kinderbetreuung durch zwei erfahrene Betreuer:innen auf dem NDR-Gel\u00e4nde an.<\/p>\n<p>Wir fragen bereits beim Ticketkauf ab, ob eine Kinderbetreuung gew\u00fcnscht ist. Eine Anmeldung f\u00fcr die Kinderbetreuung ist auch <a href=\"mailto:info@netzwerkrecherche.de\">per E-Mail<\/a> m\u00f6glich.<\/p>\n <\/div><\/div><div class=\"easy-faq\" id=\"easy-faq-35147\"><h3 class=\"easy-faq-title\" style=\"font-size: 16px;\"><span class=\"easy-faqs-title-before\"><\/span><span class=\"easy-faqs-title-text\">Was erhalten Referierende und Moderationen f\u00fcr ihre Teilnahme an der Jahreskonferenz?<\/span><span class=\"easy-faqs-title-after\"><\/span><\/h3> <div class=\"easy-faq-body\" style=\"\"><p><span style=\"font-weight: 400;\">F\u00fcr Referierende und die Moderation in angenommenen Sessions werden die Reisekosten (2.-Klasse-Bahnfahrt innerhalb Deutschlands) \u00fcbernommen. Zudem werden \u00dcbernachtungen in Hamburg \u00fcbernommen. Diese werden von der Netzwerk Recherche Gesch\u00e4ftsstelle gebucht. Au\u00dferdem haben sie kostenlosen Zutritt zu allen Vortr\u00e4gen auf der Konferenz und werden zu einem exklusiven Get-together eingeladen.<\/span><\/p>\n<p><span style=\"font-weight: 400;\">Eine Verg\u00fctung k\u00f6nnen wir leider nicht anbieten.<\/span><\/p>\n <\/div><\/div><div class=\"easy-faq\" id=\"easy-faq-35148\"><h3 class=\"easy-faq-title\" style=\"font-size: 16px;\"><span class=\"easy-faqs-title-before\"><\/span><span class=\"easy-faqs-title-text\">Was bedeutet es, eine Veranstaltung selbst zu organisieren?<\/span><span class=\"easy-faqs-title-after\"><\/span><\/h3> <div class=\"easy-faq-body\" style=\"\"><p><span style=\"font-weight: 400;\">Einreichende, die eine Veranstaltung selbst organisieren wollen, erkl\u00e4ren sich u.a. dazu bereit, Referierende und Personen f\u00fcr die Moderation der Veranstaltung zu gewinnen, terminliche und inhaltliche Absprachen vorzunehmen, Hintergrundmaterialien und Beschreibungen zu recherchieren und bereitzustellen.<\/span><\/p>\n <\/div><\/div><div class=\"easy-faq\" id=\"easy-faq-35153\"><h3 class=\"easy-faq-title\" style=\"font-size: 16px;\"><span class=\"easy-faqs-title-before\"><\/span><span class=\"easy-faqs-title-text\">Warum findet die Jahreskonferenz im Juli statt \u2013 und nicht wie gewohnt im Juni?<\/span><span class=\"easy-faqs-title-after\"><\/span><\/h3> <div class=\"easy-faq-body\" style=\"\"><p>Wir mussten einen sp\u00e4teren Termin w\u00e4hlen, weil wegen der Fu\u00dfball-EM und anderer Veranstaltungen die Hotelkapazit\u00e4ten im Juni ausgesch\u00f6pft waren.<\/p>\n <\/div><\/div><div class=\"easy-faq\" id=\"easy-faq-36231\"><h3 class=\"easy-faq-title\" style=\"font-size: 16px;\"><span class=\"easy-faqs-title-before\"><\/span><span class=\"easy-faqs-title-text\">Wie kann ich mich in der Konferenz-App Sched anmelden?<\/span><span class=\"easy-faqs-title-after\"><\/span><\/h3> <div class=\"easy-faq-body\" style=\"\"><p>Registrierte Teilnehmende k\u00f6nnen rund zwei Wochen vor dem Start der Jahreskonferenz auf das Programm in Sched, unserer Konferenz-App, zugreifen. Sie werden eine Einladung von\u00a0<a class=\"c-link\" href=\"mailto:notifications@sched.com\" target=\"_blank\" rel=\"noopener noreferrer\" data-stringify-link=\"mailto:notifications@sched.com\" data-sk=\"tooltip_parent\" aria-haspopup=\"menu\">notifications@sched.com<\/a>\u00a0erhalten, um sich \u00fcber die E-Mail, die Sie beim Ticketkauf angegeben haben, in Sched einzuloggen. Sie k\u00f6nnen dann Ihren eigenen Zeitplan erstellen, Kolleg:innen finden und sich \u00fcber den Chat in der App vernetzen.<\/p>\n <\/div><\/div><div class=\"easy-faq\" id=\"easy-faq-36232\"><h3 class=\"easy-faq-title\" style=\"font-size: 16px;\"><span class=\"easy-faqs-title-before\"><\/span><span class=\"easy-faqs-title-text\">Welche der Vortr\u00e4ge und Panels von der NR24 werden im Stream zu sehen sein?<\/span><span class=\"easy-faqs-title-after\"><\/span><\/h3> <div class=\"easy-faq-body\" style=\"\"><p>In Zusammenarbeit mit TIDE, dem Hamburgischen B\u00fcrger- und Ausbildungskanal, zeichnen wir einzelne Sessions der NR24 auf. Die meisten Veranstaltungen in den R\u00e4umen K1 und K10 werden live gestreamt und sind anschlie\u00dfend abrufbar. Wir werden im Vorfeld der Konferenz alle Streams auf unserer Website und im Konferenz-Programm mit Link einbinden.<\/p>\n <\/div><\/div><\/div>\n","protected":false},"excerpt":{"rendered":"<p>In Zusammenarbeit mit TIDE, dem Hamburgischen B\u00fcrger- und Ausbildungskanal, zeichnen wir einzelne Sessions der NR24 auf. Die meisten Veranstaltungen in den R\u00e4umen K1 und K10 werden live gestreamt und sind anschlie\u00dfend abrufbar. Wir werden im Vorfeld der Konferenz alle Streams auf unserer Website und im Konferenz-Programm mit Link einbinden.<\/p>\n","protected":false},"author":2,"featured_media":0,"parent":34986,"menu_order":0,"comment_status":"open","ping_status":"open","template":"","meta":{"_acf_changed":false,"footnotes":""},"class_list":["post-26676","page","type-page","status-publish","hentry"],"acf":[],"_links":{"self":[{"href":"https:\/\/netzwerkrecherche.org\/nr-termine-archive\/wp-json\/wp\/v2\/pages\/26676","targetHints":{"allow":["GET"]}}],"collection":[{"href":"https:\/\/netzwerkrecherche.org\/nr-termine-archive\/wp-json\/wp\/v2\/pages"}],"about":[{"href":"https:\/\/netzwerkrecherche.org\/nr-termine-archive\/wp-json\/wp\/v2\/types\/page"}],"author":[{"embeddable":true,"href":"https:\/\/netzwerkrecherche.org\/nr-termine-archive\/wp-json\/wp\/v2\/users\/2"}],"replies":[{"embeddable":true,"href":"https:\/\/netzwerkrecherche.org\/nr-termine-archive\/wp-json\/wp\/v2\/comments?post=26676"}],"version-history":[{"count":12,"href":"https:\/\/netzwerkrecherche.org\/nr-termine-archive\/wp-json\/wp\/v2\/pages\/26676\/revisions"}],"predecessor-version":[{"id":35151,"href":"https:\/\/netzwerkrecherche.org\/nr-termine-archive\/wp-json\/wp\/v2\/pages\/26676\/revisions\/35151"}],"up":[{"embeddable":true,"href":"https:\/\/netzwerkrecherche.org\/nr-termine-archive\/wp-json\/wp\/v2\/pages\/34986"}],"wp:attachment":[{"href":"https:\/\/netzwerkrecherche.org\/nr-termine-archive\/wp-json\/wp\/v2\/media?parent=26676"}],"curies":[{"name":"wp","href":"https:\/\/api.w.org\/{rel}","templated":true}]}}