{"id":28328,"date":"2022-08-22T15:52:04","date_gmt":"2022-08-22T13:52:04","guid":{"rendered":"https:\/\/netzwerkrecherche.org\/nr-termine-archive\/?page_id=28328"},"modified":"2024-10-02T12:07:27","modified_gmt":"2024-10-02T10:07:27","slug":"faq-3","status":"publish","type":"page","link":"https:\/\/netzwerkrecherche.org\/nr-termine-archive\/termine\/konferenzen\/fachkonferenzen\/scicar\/faq-3\/","title":{"rendered":"FAQ"},"content":{"rendered":"<div class=\"easy-faqs-wrapper easy-faqs-theme-default_style\"><div class=\"easy-faq\" id=\"easy-faq-37039\"><h3 class=\"easy-faq-title\" style=\"font-size: 16px;\"><span class=\"easy-faqs-title-before\"><\/span><span class=\"easy-faqs-title-text\">Wo findet die SciCAR 2024 statt und wie komme ich da hin?<\/span><span class=\"easy-faqs-title-after\"><\/span><\/h3> <div class=\"easy-faq-body\" style=\"\"><p>Der diesj\u00e4hrige Veranstaltungsort der SciCAR ist die <a href=\"https:\/\/maps.app.goo.gl\/zAWAo1uhB3yp4oby6\">Sparkassenakademie Nordrhein-Westfalen, H\u00f6rder Burgplatz 1, 44263 Dortmund<\/a>.<\/p>\n<p><strong>Anfahrt mit der Bahn<\/strong><\/p>\n<p>Der <em>Zielbahnhof ist Dortmund-H\u00f6rde<\/em>: Bei Anreise \u00fcber DO-Hauptbahnhof mit U-Bahn 41 Richtung DO-H\u00f6rde (Abfahrt alle 10 Min., Fahrtzeit 11 Min.). Vom Bahnhof ca. 5 Minuten Fu\u00dfweg zur Akademie.<\/p>\n<p>Weitere Hinweise zur Anreise mit privaten Verkehrsmitteln findest du auf der <a href=\"https:\/\/www.sparkassenakademie-nrw.de\/kontakt-und-anfahrt\/\">Homepage der Sparkassenakademie<\/a>.<\/p>\n <\/div><\/div><div class=\"easy-faq\" id=\"easy-faq-4004\"><h3 class=\"easy-faq-title\" style=\"font-size: 16px;\"><span class=\"easy-faqs-title-before\"><\/span><span class=\"easy-faqs-title-text\">Ich m\u00f6chte gern kommen \u2013 wei\u00df aber noch nicht genau, ob ich Zeit habe.<\/span><span class=\"easy-faqs-title-after\"><\/span><\/h3> <div class=\"easy-faq-body\" style=\"\"><p>Eine fr\u00fchzeitige Anmeldung ist auf jeden Fall empfehlenswert\u00a0\u2013 m\u00f6glicherweise sind zu einem sp\u00e4teren Zeitpunkt alle Pl\u00e4tze belegt. Falls du nicht kommen kannst, kannst du dein Ticket an eine andere Person weitergeben.<\/p>\n<p>Wenn du deine Teilnahme stornieren\u00a0musst, <a href=\"mailto:info@netzwerkrecherche.de\">sende uns eine E-Mail<\/a>. Das sollte rechtzeitig passieren, damit wir deinen Platz ggf. an Personen auf der Warteliste weitergeben k\u00f6nnen.<\/p>\n <\/div><\/div><div class=\"easy-faq\" id=\"easy-faq-3997\"><h3 class=\"easy-faq-title\" style=\"font-size: 16px;\"><span class=\"easy-faqs-title-before\"><\/span><span class=\"easy-faqs-title-text\">Wie funktioniert der Nachweis f\u00fcr das erm\u00e4\u00dfigte Ticket?<\/span><span class=\"easy-faqs-title-after\"><\/span><\/h3> <div class=\"easy-faq-body\" style=\"\"><p>Ein Nachweis\u00a0wird nicht verlangt. Wir vertrauen\u00a0auf faires Verhalten.<\/p>\n <\/div><\/div><div class=\"easy-faq\" id=\"easy-faq-3996\"><h3 class=\"easy-faq-title\" style=\"font-size: 16px;\"><span class=\"easy-faqs-title-before\"><\/span><span class=\"easy-faqs-title-text\">Ich studiere zwar, aber nicht Journalismus. Kann ich das erm\u00e4\u00dfigte Ticket w\u00e4hlen?<\/span><span class=\"easy-faqs-title-after\"><\/span><\/h3> <div class=\"easy-faq-body\" style=\"\"><p>Ja, das erm\u00e4\u00dfigte Ticket k\u00f6nnen alle Studierenden erwerben, die sich eine journalistische Laufbahn vorstellen k\u00f6nnen.<\/p>\n <\/div><\/div><div class=\"easy-faq\" id=\"easy-faq-3995\"><h3 class=\"easy-faq-title\" style=\"font-size: 16px;\"><span class=\"easy-faqs-title-before\"><\/span><span class=\"easy-faqs-title-text\">Ich habe mich angemeldet, kann nun aber doch nicht kommen. Was tun?<\/span><span class=\"easy-faqs-title-after\"><\/span><\/h3> <div class=\"easy-faq-body\" style=\"\"><p>Wurde der Ticketpreis noch nicht gezahlt, gen\u00fcgt <a href=\"mailto:info@netzwerkrecherche.de\">eine kurze Mail an uns<\/a>.<\/p>\n<p>Das Ticket wurde schon bezahlt? Dann gibt es zwei M\u00f6glichkeiten:<\/p>\n<ul>\n<li>Du l\u00e4sst den Beitrag auf eine andere Person umschreiben. Bitte teile uns ggf. <a href=\"mailto:info@netzwerkrecherche.de\">per E-Mail mit<\/a>,\u00a0wer an Deiner Stelle teilnehmen soll (inkl. Mail-Adresse und Namensschild-Bezeichnung).<\/li>\n<li>Wir k\u00f6nnen den Ticketpreis auch erstatten. Bitte schick uns dazu <a href=\"mailto:info@netzwerkrecherche.de\">eine kurze E-Mail<\/a>. Die R\u00fcckerstattung erfolgt dann zeitnah, m\u00f6glicherweise jedoch erst nach der Konferenz.<\/li>\n<\/ul>\n <\/div><\/div><div class=\"easy-faq\" id=\"easy-faq-3993\"><h3 class=\"easy-faq-title\" style=\"font-size: 16px;\"><span class=\"easy-faqs-title-before\"><\/span><span class=\"easy-faqs-title-text\">Ich kann mir den Ticketpreis nicht leisten. Was kann ich tun?<\/span><span class=\"easy-faqs-title-after\"><\/span><\/h3> <div class=\"easy-faq-body\" style=\"\"><p>Netzwerk Recherche legt Wert darauf, dass jede*r an den Tagungen des Vereins teilnehmen kann \u2013 unabh\u00e4ngig von den individuellen finanziellen M\u00f6glichkeiten. <\/p>\n<p>Wer sich den vollen Ticketpreis nicht leisten kann, kann sich bei uns melden: <a href=\"mailto:info@netzwerkrecherche.de\">per E-Mail<\/a>\u00a0\u2013 wir bem\u00fchen\u00a0uns dann um eine L\u00f6sung.<\/p>\n <\/div><\/div><div class=\"easy-faq\" id=\"easy-faq-3992\"><h3 class=\"easy-faq-title\" style=\"font-size: 16px;\"><span class=\"easy-faqs-title-before\"><\/span><span class=\"easy-faqs-title-text\">Nur noch ein paar Tage bis zur Konferenz \u2013 kann ich mich noch anmelden?<\/span><span class=\"easy-faqs-title-after\"><\/span><\/h3> <div class=\"easy-faq-body\" style=\"\"><p>Ja, solange Tickets verf\u00fcgbar sind, k\u00f6nnt Ihr Euch anmelden. Sollten alle Tickets ausverkauft sein, gibt es eine Warteliste.<\/p>\n <\/div><\/div><\/div>\n","protected":false},"excerpt":{"rendered":"<p>Ja, solange Tickets verf\u00fcgbar sind, k\u00f6nnt Ihr Euch anmelden. Sollten alle Tickets ausverkauft sein, gibt es eine Warteliste.<\/p>\n","protected":false},"author":38,"featured_media":0,"parent":33021,"menu_order":0,"comment_status":"closed","ping_status":"closed","template":"","meta":{"_acf_changed":false,"footnotes":""},"class_list":["post-28328","page","type-page","status-publish","hentry"],"acf":[],"_links":{"self":[{"href":"https:\/\/netzwerkrecherche.org\/nr-termine-archive\/wp-json\/wp\/v2\/pages\/28328","targetHints":{"allow":["GET"]}}],"collection":[{"href":"https:\/\/netzwerkrecherche.org\/nr-termine-archive\/wp-json\/wp\/v2\/pages"}],"about":[{"href":"https:\/\/netzwerkrecherche.org\/nr-termine-archive\/wp-json\/wp\/v2\/types\/page"}],"author":[{"embeddable":true,"href":"https:\/\/netzwerkrecherche.org\/nr-termine-archive\/wp-json\/wp\/v2\/users\/38"}],"replies":[{"embeddable":true,"href":"https:\/\/netzwerkrecherche.org\/nr-termine-archive\/wp-json\/wp\/v2\/comments?post=28328"}],"version-history":[{"count":4,"href":"https:\/\/netzwerkrecherche.org\/nr-termine-archive\/wp-json\/wp\/v2\/pages\/28328\/revisions"}],"predecessor-version":[{"id":28332,"href":"https:\/\/netzwerkrecherche.org\/nr-termine-archive\/wp-json\/wp\/v2\/pages\/28328\/revisions\/28332"}],"up":[{"embeddable":true,"href":"https:\/\/netzwerkrecherche.org\/nr-termine-archive\/wp-json\/wp\/v2\/pages\/33021"}],"wp:attachment":[{"href":"https:\/\/netzwerkrecherche.org\/nr-termine-archive\/wp-json\/wp\/v2\/media?parent=28328"}],"curies":[{"name":"wp","href":"https:\/\/api.w.org\/{rel}","templated":true}]}}