{"id":33999,"date":"2023-07-10T13:30:21","date_gmt":"2023-07-10T11:30:21","guid":{"rendered":"https:\/\/netzwerkrecherche.org\/nr-termine-archive\/?page_id=33999"},"modified":"2024-10-02T12:07:29","modified_gmt":"2024-10-02T10:07:29","slug":"nr23-pad","status":"publish","type":"page","link":"https:\/\/netzwerkrecherche.org\/nr-termine-archive\/termine\/konferenzen\/jahreskonferenzen\/nr-jahreskonferenz-2023\/nr23-pad\/","title":{"rendered":"NR23-Pad und Pr\u00e4sentationen"},"content":{"rendered":"<p><em>Im NR23-Pad haben Referent*innen und Teilnehmer*innen Links, Tipps und Empfehlungen notiert sowie Pr\u00e4sentationsfolien zur Verf\u00fcgung gestellt, um sie mit den anderen Konferenzteilnehmer*innen zu teilen.<br \/>\n<\/em><\/p>\n<p>&nbsp;<\/p>\n<h3><strong>Leuchtturm 2023 geht an Niloufar Hamedi und Elahe Mohammadi<\/strong><\/h3>\n<p>Deutsch: <a href=\"https:\/\/nrch.de\/leuchtturm23\"><u>https:\/\/nrch.de\/leuchtturm23<\/u><\/a><br \/>\nEnglisch: <a href=\"https:\/\/nrch.de\/leuchtturm23en\"><u>https:\/\/nrch.de\/leuchtturm23en<\/u><\/a><\/p>\n<p>&nbsp;<\/p>\n<h3>Einstiegsh\u00fcrden weg und Belastung runter<\/h3>\n<p><a href=\"https:\/\/hinterdenzeilen.de\/2023\/06\/34-einstiegshuerden-weg-und-belastung-runter\/\">\u201eHinter den Zeilen\u201c Podcast mit \u201eBonjourno\u201c \u2013 Mitschnitt von der NR Jahreskonferenz<\/a> (mit Werbung)<\/p>\n<p>&nbsp;<\/p>\n<h3><strong>Faktencheck Support: <\/strong><strong>Verifikation unter Zeitdruck<\/strong><\/h3>\n<p>Digitale Lernplattform der dpa: <a href=\"http:\/\/www.dpa-factify.com\"><u>www.dpa<\/u><u>-factify.com<\/u><\/a><\/p>\n<p>Handbuch \u201eDigitale Verifikation leicht gemacht\u201c: <a href=\"https:\/\/www.medienanstalt-nrw.de\/fileadmin\/user_upload\/NeueWebsite_0120\/Presse\/Pressemitteilung\/230303-HandbuchVerifikation_final\"><u>https:\/\/www.medienanstalt-nrw.de\/fileadmin\/user_upload\/NeueWebsite_0120\/Presse\/Pressemitteilung\/230303-HandbuchVerifikation_final<\/u><\/a><\/p>\n<p>Faktencheck-Challenge: <a href=\"https:\/\/dpa-factify.com\/learning-topic\/9ae76378-691f-471f-9b7c-d013a46a5e3b\"><u>https:\/\/dpa-factify.com\/learning-topic\/9ae76378-691f-471f-9b7c-d013a46a5e3b<\/u><\/a><\/p>\n<p>Sonnenverlaufs-Tool (am Beispiel von Neuschwanstein): <a href=\"https:\/\/www.sonnenverlauf.de\/#\/47.555,10.7492,19\/2023.06.15\/16:30\/1.80\/0\"><u>https:\/\/www.sonnenverlauf.de\/#\/47.555,10.7492,19\/2023.06.15\/16:30\/1.80\/0<\/u><\/a><\/p>\n<p>WhatsApp-Faktencheck-Service der dpa (Inhaltspr\u00fcfung, Newsletter, etc.): 0160\/3476409<\/p>\n<p>dpa-Faktenchecks (f\u00fcr dpa-Kunden kostenlos f\u00fcr eigene Produkte nutzbar): <a href=\"https:\/\/dpa-factchecking.com\/germany\/\"><u>https:\/\/dpa-factchecking.com\/germany\/<\/u><\/a><\/p>\n<p>&nbsp;<\/p>\n<h3><strong>Und t\u00e4glich gr\u00fc\u00dfen die Archive \u2013 <\/strong><strong>Wie Wayback Machine &amp; Co. uns die Arbeit sehr viel leichter machen<\/strong><\/h3>\n<p>Handbuch \u201eDigitale Verifikation leicht gemacht\u201c: <a href=\"https:\/\/www.medienanstalt-nrw.de\/fileadmin\/user_upload\/NeueWebsite_0120\/Presse\/Pressemitteilung\/230303-HandbuchVerifikation_final\"><u>https:\/\/www.medienanstalt-nrw.de\/fileadmin\/user_upload\/NeueWebsite_0120\/Presse\/Pressemitteilung\/230303-HandbuchVerifikation_final<\/u><\/a><\/p>\n<p>Archiv \/ Wayback Machine: <a href=\"http:\/\/www.archive.org\"><u>www.archive.org<\/u><\/a><\/p>\n<p>Archiv \/ Perma: <a href=\"http:\/\/www.perma.cc\"><u>www.perma.cc<\/u><\/a><\/p>\n<p>Archiv \/ Ghostarchive: <a href=\"https:\/\/ghostarchive.org\/\"><u>https:\/\/ghostarchive.org\/<\/u><\/a><\/p>\n<p>Archiv \/ Arquivo: <a href=\"https:\/\/arquivo.pt\/\"><u>https:\/\/arquivo.pt\/<\/u><\/a><\/p>\n<p>Archiv \/ archive.today: <a href=\"https:\/\/archive.today\/\"><u>https:\/\/archive.today\/<\/u><\/a><\/p>\n<p>&nbsp;<\/p>\n<h3><strong>Vom Yps-Gimmick bis zur Oper: Die Top 10 der innovativen Formate im Journalismus<\/strong><\/h3>\n<p><a href=\"https:\/\/netzwerkrecherche.org\/nr-termine-archive\/wp-content\/uploads\/sites\/19\/2023\/07\/Die-Top-10der-innovativen-Formate-im-Journalismus.pdf\"><u>Linkliste<\/u><\/a> zur Session<\/p>\n<p>&nbsp;<\/p>\n<h3><strong>Jobhacking: Tipps f\u00fcr deinen Einstieg in den Journalismus<\/strong><\/h3>\n<p>Folien: <a href=\"https:\/\/vit.li\/nr23\"><u>https:\/\/vit.li\/nr23<\/u><\/a><\/p>\n<p>&nbsp;<\/p>\n<h3><strong>Empowerment durch Community-Podcasts am Beispiel vom Podcast \u201ecurry on!\u201c<\/strong><\/h3>\n<p><a href=\"http:\/\/kohero-magazin.de\/curryon\"><u>Der Podcast<\/u><\/a><\/p>\n<p><a href=\"https:\/\/open.spotify.com\/show\/6ObsYR8MQArb42eulqnw4t?si=fLM8V-BPRb-uP3SfvtMMSw\"><u>Spotify<\/u><\/a><\/p>\n<h3><strong>\u00a0<\/strong><\/h3>\n<h3><strong>Gute Quellen f\u00fcr Datensch\u00e4tze<\/strong><\/h3>\n<p>Naber &amp; Maisch, Panel-Beschreibung: <a href=\"https:\/\/nr23.netzwerkrecherche.org\/nr23\/talk\/MATQKX\/\"><u>https:\/\/nr23.netzwerkrecherche.org\/nr23\/talk\/MATQKX\/<\/u><u>)<\/u><\/a><\/p>\n<p>Aufzeichnung: <a href=\"https:\/\/www.youtube.com\/live\/2KvQ7d4GJVM\"><u>https:\/\/www.youtube.com\/live\/2KvQ7d4GJVM<\/u><\/a><\/p>\n<p>Pr\u00e4sentation (PDF-Download): <a href=\"https:\/\/we.tl\/t-kDU2vgwW3d\"><u>https:\/\/we.tl\/t-kDU2vgwW3d<\/u><\/a><\/p>\n<p>&nbsp;<\/p>\n<h3><strong>OSINT: Ein \u00dcberblick f\u00fcr Einsteiger<\/strong><strong>:innen<\/strong><\/h3>\n<p>Pr\u00e4si:\u00a0 <a href=\"https:\/\/bit.ly\/43Yddxx\"><u>https:\/\/bit.ly\/43Yddxx<\/u><\/a><\/p>\n<p>&nbsp;<\/p>\n<h3><strong>Lernende Algorithmen in der Redaktion: Wo KI sinnvoll ist und wo Unsinn<\/strong><\/h3>\n<p><a href=\"https:\/\/netzwerkrecherche.org\/nr-termine-archive\/wp-content\/uploads\/sites\/19\/2023\/07\/KI-nr23.pdf\">Folien von Jan Eggers, Claus Hesseling, Steffen K\u00fchne und Sebastian Mondial<\/a><\/p>\n<p>&nbsp;<\/p>\n<h3><strong>Tools<\/strong><strong> f\u00fcr<\/strong><strong> Journalist:innen<\/strong><strong>\u00a0<\/strong><\/h3>\n<p>Newsletter: <a href=\"https:\/\/tooltime.substack.com\/\"><u>https:\/\/tooltime.substack.com\/<\/u><\/a><\/p>\n<p>&nbsp;<\/p>\n<h3>SOS: Wie k\u00f6nnen wir zerm\u00fcrbende Strukturen im Journalismus \u00fcberwinden?<\/h3>\n<p>Pr\u00e4sentation Anna von Garmissen und Corinna Lauerer:\u00a0 <a href=\"https:\/\/netzwerkrecherche.org\/nr-termine-archive\/wp-content\/uploads\/sites\/19\/2023\/07\/NR23_WJS_160623.pdf\">Worlds of Journalism Study (WJS)<\/a><\/p>\n<p><a href=\"https:\/\/netzwerkrecherche.org\/nr-termine-archive\/wp-content\/uploads\/sites\/19\/2023\/07\/NR23-Praesi_zermuerbende-Stukturen.pdf\">Folien zur Umfrage<\/a> von Corinna Cerruti und Tamara Keller<\/p>\n<p>&nbsp;<\/p>\n<h3><strong>Berufseinsteiger:innen vernetzt euch!<\/strong><\/h3>\n<p><a href=\"https:\/\/netzwerkrecherche.org\/nr-termine-archive\/wp-content\/uploads\/sites\/19\/2023\/07\/NR23_Praesi-Berufseinsteiger-innen-vernetzen.pdf\">Folien \u201eJournalismus, wie komme ich da nur rein?\u201c<\/a> von Corinna Cerruti und Tamara Keller<\/p>\n<p>&nbsp;<\/p>\n<h3><strong>Journalismus im Klassenzimmer<\/strong><\/h3>\n<p>Tipps und Tricks f\u00fcr Journalist:innen, um erfolgreich interessante Gespr\u00e4che mit Sch\u00fcler:innen im Unterricht durchzuf\u00fchren, sich \u00fcber die journalistische Arbeit, notwendige Skills und Herausforderungen auszutauschen und das Thema Medienbildung zu unterst\u00fctzen.<\/p>\n<p>Infos, Materialien und Videos \u00fcber die Journalist:innenbesuche gibt\u2019s hier:<br \/>\n<a href=\"https:\/\/journalismus-macht-schule.org\/journalistinnenbesuche\/\"><u>https:\/\/journalismus-macht-schule.org\/journalistinnenbesuche\/<\/u><\/a><\/p>\n<p><strong>Pr\u00e4sentation zur Vorbereitung f\u00fcr Sch\u00fcler:innengespr\u00e4che: <\/strong><a href=\"https:\/\/journalismus-macht-schule.org\/wp-content\/uploads\/sites\/19\/2023\/05\/230316_JmS_Vorbereitung_Journalist_innen-final.pdf\">https:\/\/journalismus-macht-schule.org\/wp-content\/uploads\/sites\/19\/2023\/05\/230316_JmS_Vorbereitung_Journalist_innen-final.pdf<\/a><strong><br \/>\n<\/strong><\/p>\n<p><strong>Handout mit Hinweisen: <\/strong><a href=\"https:\/\/journalismus-macht-schule.org\/wp-content\/uploads\/sites\/19\/2023\/05\/JMS_Handout-fuer-Journalist_innen.pdf\">https:\/\/journalismus-macht-schule.org\/wp-content\/uploads\/sites\/19\/2023\/05\/JMS_Handout-fuer-Journalist_innen.pdf<\/a><\/p>\n<p>&nbsp;<\/p>\n<h3><strong>Datawrapper Hacks f\u00fcr Datenprofis (und alle die es werden wollen)<\/strong><\/h3>\n<p>Slides: <a href=\"https:\/\/sjockers.github.io\/datawrapper-hacks\"><u>https:\/\/sjockers.github.io\/datawrapper-hacks<\/u><\/a><\/p>\n<p>Pad mit Beispielen von Teilnehmer:innen: <a href=\"https:\/\/notes.datawrapper.de\/p\/hacks\"><u>https:\/\/notes.datawrapper.de\/p\/hacks<\/u><\/a><\/p>\n<p>&nbsp;<\/p>\n<h3><strong>Workshop: Recherche in einer Datenbank mit 16 Mio. Empf\u00e4nger:innen von EU-Agrarsubventionen <\/strong><\/h3>\n<p><a href=\"https:\/\/farmsubsidy.org\"><u>https:\/\/farmsubsidy.org<\/u><\/a><\/p>\n<p><strong>Zugang zu allen Daten <\/strong>(nicht nur letzte 2): <a href=\"http:\/\/farmsubsidy@okfn.de\"><u>farmsubsidy@okfn.de<\/u><\/a><\/p>\n<p><strong>Quell-Daten auf nationalen Plattformen:<\/strong>\u00a0<a href=\"https:\/\/agriculture.ec.europa.eu\/common-agricultural-policy\/financing-cap\/beneficiaries_en\"><u>https:\/\/agriculture.ec.europa.eu\/common-agricultural-policy\/financing-cap\/beneficiaries_en<\/u><\/a><\/p>\n<p><strong>Datens\u00e4tze zum cross-matchen:<\/strong><\/p>\n<ul>\n<li><a href=\"https:\/\/www.gleif.org\"><u>https:\/\/www.gleif.org<\/u><\/a><\/li>\n<li><a href=\"https:\/\/register.openownership.org\/\"><u>https:\/\/register.openownership.org\/<\/u><\/a><\/li>\n<li><a href=\"https:\/\/offshoreleaks.icij.org\/\"><u>https:\/\/offshoreleaks.icij.org\/<\/u><\/a><\/li>\n<li><a href=\"https:\/\/environment.ec.europa.eu\/topics\/industrial-emissions-and-safety\/european-pollutant-release-and-transfer-register-e-prtr_en\"><u>https:\/\/environment.ec.europa.eu\/topics\/industrial-emissions-and-safety\/european-pollutant-release-and-transfer-register-e-prtr_en<\/u><\/a><\/li>\n<li><a href=\"https:\/\/ec.europa.eu\/budget\/financial-transparency-system\/\"><u>https:\/\/ec.europa.eu\/budget\/financial-transparency-system\/<\/u><\/a><\/li>\n<li><a href=\"https:\/\/www.opensanctions.org\/datasets\/peps\/\"><u>https:\/\/www.opensanctions.org\/datasets\/peps\/<\/u><\/a><\/li>\n<li><a href=\"https:\/\/www.opensanctions.org\/kyb\/\"><u>https:\/\/www.opensanctions.org\/kyb\/<\/u><\/a><\/li>\n<li><a href=\"https:\/\/landmatrix.org\/\"><u>https:\/\/landmatrix.org\/<\/u><\/a><\/li>\n<\/ul>\n<p><strong>Technologie:<\/strong><\/p>\n<ul>\n<li>Farmsubsidy scrapers: <a href=\"https:\/\/github.com\/openspending\/farmsubsidy-scrapers\"><u>https:\/\/github.com\/openspending\/farmsubsidy-scrapers<\/u><\/a><\/li>\n<li>Farmsubsidy data warehousing: <a href=\"https:\/\/github.com\/okfde\/farmsubsidy-store\"><u>https:\/\/github.com\/okfde\/farmsubsidy-store<\/u><\/a><\/li>\n<li>Aleph: <a href=\"https:\/\/docs.aleph.occrp.org\/\"><u>https:\/\/docs.aleph.occrp.org\/<\/u><\/a><\/li>\n<li>Nomenklatura: <a href=\"https:\/\/github.com\/opensanctions\/nomenklatura\"><u>https:\/\/github.com\/opensanctions\/nomenklatura<\/u><\/a><\/li>\n<li>Column store: <a href=\"https:\/\/github.com\/simonwoerpel\/ftm-columnstore\"><u>https:\/\/github.com\/simonwoerpel\/ftm-columnstore<\/u><\/a><\/li>\n<li>Batch geocoding: <a href=\"https:\/\/github.com\/simonwoerpel\/ftm-geocode\"><u>https:\/\/github.com\/simonwoerpel\/ftm-geocode<\/u><\/a><\/li>\n<li>Ftm Q: <a href=\"https:\/\/github.com\/investigativedata\/ftmq\"><u>https:\/\/github.com\/investigativedata\/ftmq<\/u><\/a><\/li>\n<li>Clickhouse (column store DB): <a href=\"https:\/\/clickhouse.com\/\"><u>https:\/\/clickhouse.com\/<\/u><\/a><\/li>\n<li>Fasttext: <a href=\"https:\/\/fasttext.cc\/\"><u>https:\/\/fasttext.cc\/<\/u><\/a><\/li>\n<\/ul>\n<p>&nbsp;<\/p>\n<h3><strong>Wikipedia richtig nutzen<\/strong><\/h3>\n<p><a href=\"https:\/\/www.ude.de\/nr-seminar\/Wikipedia-richtig-nutzen.pdf\"><u>https:\/\/www.ude.de\/nr-seminar\/Wikipedia-richtig-nutzen.pdf<\/u><\/a><\/p>\n<p>&nbsp;<\/p>\n<h3><strong>Die Maschine Amazon: Wie investigative Recherche gemeinsam st\u00e4rker wird<\/strong><\/h3>\n<p>Podcast \u201eKlick Klick Boom: Die Maschine Amazon\u201c:<\/p>\n<ul>\n<li>Spotify: <a href=\"https:\/\/open.spotify.com\/show\/3yULPENUri18Jdvo3TWemN?si=b363465fda504abe\"><u>https:\/\/open.spotify.com\/show\/3yULPENUri18Jdvo3TWemN?si=b363465fda504abe<\/u><\/a><\/li>\n<li>Apple: <a href=\"https:\/\/podcasts.apple.com\/de\/podcast\/klick-klick-boom-die-maschine-amazon\/id1679791399\"><u>https:\/\/podcasts.apple.com\/de\/podcast\/klick-klick-boom-die-maschine-amazon\/id1679791399<\/u><\/a><\/li>\n<li>NN.de: <a href=\"https:\/\/www.nn.de\/podcasts\/klick-klick-boom-die-maschine-amazon-1.12991601\"><u>https:\/\/www.nn.de\/podcasts\/klick-klick-boom-die-maschine-amazon-1.12991601<\/u><\/a><\/li>\n<\/ul>\n<p>CORRECTIV: <a href=\"https:\/\/correctiv.org\/aktuelles\/ungerechte-arbeit\/2022\/11\/23\/amazon-kurierfahrer-lkw-logistikzentrum-paket\/\"><u>https:\/\/correctiv.org\/aktuelles\/ungerechte-arbeit\/2022\/11\/23\/amazon-kurierfahrer-lkw-logistikzentrum-paket\/<\/u><\/a><\/p>\n<p>&nbsp;<\/p>\n<h3>Lobbyismus mit Auskunftsrechten entlarven<\/h3>\n<p><a href=\"https:\/\/netzwerkrecherche.org\/nr-termine-archive\/wp-content\/uploads\/sites\/19\/2023\/07\/Lobbyismus-mit-Auskunftsrechten-entarven.pdf\">Pr\u00e4sentation von Tania R\u00f6ttger, abgeordnetenwatch.de\u00a0<\/a><\/p>\n<p>&nbsp;<\/p>\n<h3>Mein Browser &#8211; wie bringe ich die Plaudertasche zum Schweigen<\/h3>\n<p>Pr\u00e4sentation: <a href=\"https:\/\/netzwerkrecherche.org\/nr-termine-archive\/wp-content\/uploads\/sites\/19\/2023\/07\/nr23_Praesentation.pdf\">Mein Browser &#8211; wie bringe ich die Plaudertasche zum Schweigen? Zum Schutz Ihrer Grundrechte<\/a><br \/>\nSkript: <a href=\"https:\/\/netzwerkrecherche.org\/nr-termine-archive\/wp-content\/uploads\/sites\/19\/2023\/07\/Skript.pdf\">Mein Browser &#8211; wie bringe ich die Plaudertasche zum Schweigen? Zum Schutz Ihrer Grundrechte<\/a><\/p>\n<p>&nbsp;<\/p>\n<h3>Investigative Klima-Recherche im Lokalen<\/h3>\n<p>Pr\u00e4sentation von Heike Zahn: <a href=\"https:\/\/netzwerkrecherche.org\/nr-termine-archive\/wp-content\/uploads\/sites\/19\/2023\/07\/Klima-Netzwerk-und-Recherche-NR-Pra\u0308sentation.pdf\">Das KlimaKompetenzNetzwerk des SWR in Rheinland-Pfalz<\/a><\/p>\n<p>&nbsp;<\/p>\n<h3>Recherchieren in internationalen Teams \u2013 In 7 Schritten von der Idee zur Publikation<\/h3>\n<p><a href=\"https:\/\/netzwerkrecherche.org\/nr-termine-archive\/wp-content\/uploads\/sites\/19\/2023\/07\/Praesentation-NR.pdf\">Pr\u00e4sentation von Nico Schmidt (Reporter f\u00fcr Investigate Europe in Deutschland)<\/a><\/p>\n<p>&nbsp;<\/p>\n<h3>Licht in der Dunkelkammer &#8211; Fallbeispiele zum Auskunftsrecht vom EU-Coronafonds bis zur Kostenexplosion bei Bahnprojekten<\/h3>\n<p><a href=\"https:\/\/netzwerkrecherche.org\/nr-termine-archive\/wp-content\/uploads\/sites\/19\/2023\/07\/IFG-und-FragDenStaat-nr-2023.pdf\">Pr\u00e4sentation von Arne Semsrott zu IFG und FragDenStaat<\/a><br \/>\n<a href=\"https:\/\/netzwerkrecherche.org\/nr-termine-archive\/wp-content\/uploads\/sites\/19\/2023\/07\/Auskunftsrecht-auf-EU-Ebene-NR-2023.pdf\">Pr\u00e4sentation von Hans-Martin Tillack zu Auskunftsrechten auf EU-Ebene (EU-Verordnung 1049\/2001)<\/a><\/p>\n<p>&nbsp;<\/p>\n<h3>Schatzsuche in \u00f6ffentlichen Registern \u2013 eine Praxisanleitung<\/h3>\n<p><a href=\"https:\/\/netzwerkrecherche.org\/nr-termine-archive\/wp-content\/uploads\/sites\/19\/2023\/07\/Schatzsuche-in-o\u0308ffentlichen-Registern.pdf\">Pr\u00e4sentation von Justus von Daniels und Gabriela Keller, Correctiv <\/a><\/p>\n<p>&nbsp;<\/p>\n<h3>Akteneinsichts- und Auskunftsanspru\u0308che effektiv nutzen<\/h3>\n<p><a href=\"https:\/\/netzwerkrecherche.org\/nr-termine-archive\/wp-content\/uploads\/sites\/19\/2023\/07\/Akteneinsichtsrechte-effektiv-nutzen-Kube-Werdermann-nr-2023.pdf\">Pr\u00e4sentation von David Werdermann und Vivian Kube, Rechtsanw\u00e4lt:innen<\/a><\/p>\n","protected":false},"excerpt":{"rendered":"<p>Im NR23-Pad haben Referent*innen und Teilnehmer*innen Links, Tipps und Empfehlungen notiert sowie Pr\u00e4sentationsfolien zur Verf\u00fcgung gestellt, um sie mit den anderen Konferenzteilnehmer*innen zu teilen. &nbsp; Leuchtturm 2023 geht an Niloufar Hamedi und Elahe Mohammadi Deutsch: https:\/\/nrch.de\/leuchtturm23 Englisch: https:\/\/nrch.de\/leuchtturm23en &nbsp; Einstiegsh\u00fcrden weg und Belastung runter \u201eHinter den Zeilen\u201c Podcast mit \u201eBonjourno\u201c \u2013 Mitschnitt von der NR [&hellip;]<\/p>\n","protected":false},"author":5,"featured_media":0,"parent":31971,"menu_order":0,"comment_status":"closed","ping_status":"closed","template":"","meta":{"_acf_changed":false,"footnotes":""},"class_list":["post-33999","page","type-page","status-publish","hentry"],"acf":[],"_links":{"self":[{"href":"https:\/\/netzwerkrecherche.org\/nr-termine-archive\/wp-json\/wp\/v2\/pages\/33999","targetHints":{"allow":["GET"]}}],"collection":[{"href":"https:\/\/netzwerkrecherche.org\/nr-termine-archive\/wp-json\/wp\/v2\/pages"}],"about":[{"href":"https:\/\/netzwerkrecherche.org\/nr-termine-archive\/wp-json\/wp\/v2\/types\/page"}],"author":[{"embeddable":true,"href":"https:\/\/netzwerkrecherche.org\/nr-termine-archive\/wp-json\/wp\/v2\/users\/5"}],"replies":[{"embeddable":true,"href":"https:\/\/netzwerkrecherche.org\/nr-termine-archive\/wp-json\/wp\/v2\/comments?post=33999"}],"version-history":[{"count":26,"href":"https:\/\/netzwerkrecherche.org\/nr-termine-archive\/wp-json\/wp\/v2\/pages\/33999\/revisions"}],"predecessor-version":[{"id":34135,"href":"https:\/\/netzwerkrecherche.org\/nr-termine-archive\/wp-json\/wp\/v2\/pages\/33999\/revisions\/34135"}],"up":[{"embeddable":true,"href":"https:\/\/netzwerkrecherche.org\/nr-termine-archive\/wp-json\/wp\/v2\/pages\/31971"}],"wp:attachment":[{"href":"https:\/\/netzwerkrecherche.org\/nr-termine-archive\/wp-json\/wp\/v2\/media?parent=33999"}],"curies":[{"name":"wp","href":"https:\/\/api.w.org\/{rel}","templated":true}]}}