{"id":3470,"date":"2014-12-18T15:17:33","date_gmt":"2014-12-18T14:17:33","guid":{"rendered":"https:\/\/netzwerkrecherche.org\/nr-termine-archive\/?page_id=3470"},"modified":"2024-10-02T12:07:28","modified_gmt":"2024-10-02T10:07:28","slug":"vorgericht","status":"publish","type":"page","link":"https:\/\/netzwerkrecherche.org\/nr-termine-archive\/termine\/konferenzen\/fachkonferenzen\/vorgericht\/","title":{"rendered":"Vor Gericht und auf hoher See\u2026"},"content":{"rendered":"<div id=\"pl-3470\"  class=\"panel-layout\" ><div id=\"pg-3470-0\"  class=\"panel-grid panel-has-style\" ><div class=\"panel-row-style panel-row-style-for-3470-0\" ><div id=\"pgc-3470-0-0\"  class=\"panel-grid-cell\" ><div id=\"panel-3470-0-0-0\" class=\"so-panel widget_sow-image panel-first-child panel-last-child\" data-index=\"0\" ><div\n\t\t\t\n\t\t\tclass=\"so-widget-sow-image so-widget-sow-image-default-8b5b6f678277-3470\"\n\t\t\t\n\t\t>\n<div class=\"sow-image-container\">\n\t\t<img \n\tsrc=\"https:\/\/netzwerkrecherche.org\/nr-termine-archive\/wp-content\/uploads\/sites\/19\/2014\/12\/vorgericht-illu.png\" width=\"304\" height=\"292\" srcset=\"https:\/\/netzwerkrecherche.org\/nr-termine-archive\/wp-content\/uploads\/sites\/19\/2014\/12\/vorgericht-illu.png 304w, https:\/\/netzwerkrecherche.org\/nr-termine-archive\/wp-content\/uploads\/sites\/19\/2014\/12\/vorgericht-illu-300x288.png 300w\" sizes=\"(max-width: 304px) 100vw, 304px\" alt=\"\" \t\tclass=\"so-widget-image\"\/>\n\t<\/div>\n\n<\/div><\/div><\/div><div id=\"pgc-3470-0-1\"  class=\"panel-grid-cell\" ><div id=\"panel-3470-0-1-0\" class=\"so-panel widget_text panel-first-child panel-last-child\" data-index=\"1\" ><div class=\"panel-widget-style panel-widget-style-for-3470-0-1-0\" ><h3 class=\"widget-title\">Presserecht f\u00fcr die journalistische Praxis<\/h3>\t\t\t<div class=\"textwidget\"><p>nr-Fachkonferenz in Kooperation<br \/>\nmit der Medienstiftung der Sparkasse Leipzig<\/p>\n<p>20.\/21. M\u00e4rz 2015, Mediencampus Villa Ida, Leipzig<\/p>\n<\/div>\n\t\t<\/div><\/div><\/div><\/div><\/div><div id=\"pg-3470-1\"  class=\"panel-grid panel-no-style\" ><div id=\"pgc-3470-1-0\"  class=\"panel-grid-cell\" ><div id=\"panel-3470-1-0-0\" class=\"so-panel widget_text panel-first-child panel-last-child\" data-index=\"2\" >\t\t\t<div class=\"textwidget\"><div id=\"metaslider-id-4430\" style=\"width: 100%;\" class=\"ml-slider-3-107-0 ml-slider-pro-2-7-1 metaslider metaslider-flex metaslider-4430 ml-slider ms-theme-default nav-hidden\" role=\"region\" aria-label=\"presserecht15\" data-width=\"556\">\n    <div id=\"metaslider_container_4430\">\n        <div id=\"metaslider_4430\">\n            <ul class='slides'>\n                <li style=\"display: block; width: 100%;\" class=\"slide-4433 ms-image \" aria-roledescription=\"slide\" data-date=\"2015-03-21 15:59:55\" data-filename=\"Presserecht_1.jpg\" data-slide-type=\"image\"><img loading=\"lazy\" decoding=\"async\" width=\"1380\" height=\"920\" src=\"https:\/\/netzwerkrecherche.org\/nr-termine-archive\/wp-content\/uploads\/sites\/19\/2015\/03\/Presserecht_1.jpg\" class=\"slider-4430 slide-4433 msDefaultImage\" alt=\"\" rel=\"\" title=\"\" srcset=\"https:\/\/netzwerkrecherche.org\/nr-termine-archive\/wp-content\/uploads\/sites\/19\/2015\/03\/Presserecht_1.jpg 1380w, https:\/\/netzwerkrecherche.org\/nr-termine-archive\/wp-content\/uploads\/sites\/19\/2015\/03\/Presserecht_1-300x200.jpg 300w, https:\/\/netzwerkrecherche.org\/nr-termine-archive\/wp-content\/uploads\/sites\/19\/2015\/03\/Presserecht_1-1024x683.jpg 1024w, https:\/\/netzwerkrecherche.org\/nr-termine-archive\/wp-content\/uploads\/sites\/19\/2015\/03\/Presserecht_1-272x182.jpg 272w\" sizes=\"auto, (max-width: 1380px) 100vw, 1380px\" \/><div class=\"caption-wrap\"><div class=\"caption\">Willkommen auf dem Mediencampus Villa Ida. Foto: Franziska Senkel<\/div><\/div><\/li>\n                <li style=\"display: none; width: 100%;\" class=\"slide-4432 ms-image \" aria-roledescription=\"slide\" data-date=\"2015-03-21 15:59:52\" data-filename=\"Presserecht_2.jpg\" data-slide-type=\"image\"><img loading=\"lazy\" decoding=\"async\" width=\"1380\" height=\"920\" src=\"https:\/\/netzwerkrecherche.org\/nr-termine-archive\/wp-content\/uploads\/sites\/19\/2015\/03\/Presserecht_2.jpg\" class=\"slider-4430 slide-4432 msDefaultImage\" alt=\"\" rel=\"\" title=\"\" srcset=\"https:\/\/netzwerkrecherche.org\/nr-termine-archive\/wp-content\/uploads\/sites\/19\/2015\/03\/Presserecht_2.jpg 1380w, https:\/\/netzwerkrecherche.org\/nr-termine-archive\/wp-content\/uploads\/sites\/19\/2015\/03\/Presserecht_2-300x200.jpg 300w, https:\/\/netzwerkrecherche.org\/nr-termine-archive\/wp-content\/uploads\/sites\/19\/2015\/03\/Presserecht_2-1024x683.jpg 1024w, https:\/\/netzwerkrecherche.org\/nr-termine-archive\/wp-content\/uploads\/sites\/19\/2015\/03\/Presserecht_2-272x182.jpg 272w\" sizes=\"auto, (max-width: 1380px) 100vw, 1380px\" \/><div class=\"caption-wrap\"><div class=\"caption\">nr's 2. Vorsitzende Julia Stein er\u00f6ffnet die Konferenz. Foto: Franziska Senkel<\/div><\/div><\/li>\n                <li style=\"display: none; width: 100%;\" class=\"slide-4435 ms-image \" aria-roledescription=\"slide\" data-date=\"2015-03-21 16:18:13\" data-filename=\"Lutz_Muekke.jpg\" data-slide-type=\"image\"><img loading=\"lazy\" decoding=\"async\" width=\"1380\" height=\"920\" src=\"https:\/\/netzwerkrecherche.org\/nr-termine-archive\/wp-content\/uploads\/sites\/19\/2015\/03\/Lutz_Muekke.jpg\" class=\"slider-4430 slide-4435 msDefaultImage\" alt=\"\" rel=\"\" title=\"\" srcset=\"https:\/\/netzwerkrecherche.org\/nr-termine-archive\/wp-content\/uploads\/sites\/19\/2015\/03\/Lutz_Muekke.jpg 1380w, https:\/\/netzwerkrecherche.org\/nr-termine-archive\/wp-content\/uploads\/sites\/19\/2015\/03\/Lutz_Muekke-300x200.jpg 300w, https:\/\/netzwerkrecherche.org\/nr-termine-archive\/wp-content\/uploads\/sites\/19\/2015\/03\/Lutz_Muekke-1024x683.jpg 1024w, https:\/\/netzwerkrecherche.org\/nr-termine-archive\/wp-content\/uploads\/sites\/19\/2015\/03\/Lutz_Muekke-272x182.jpg 272w\" sizes=\"auto, (max-width: 1380px) 100vw, 1380px\" \/><div class=\"caption-wrap\"><div class=\"caption\">Lutz M\u00fckke begr\u00fc\u00dft im Namen des Kooperationspartners, der Medienstiftung der Sparkasse Leipzig. Foto: Franziska Senkel<\/div><\/div><\/li>\n                <li style=\"display: none; width: 100%;\" class=\"slide-4425 ms-image \" aria-roledescription=\"slide\" data-date=\"2015-03-21 15:23:36\" data-filename=\"was_darf_satire.jpg\" data-slide-type=\"image\"><img loading=\"lazy\" decoding=\"async\" width=\"1380\" height=\"920\" src=\"https:\/\/netzwerkrecherche.org\/nr-termine-archive\/wp-content\/uploads\/sites\/19\/2015\/03\/was_darf_satire.jpg\" class=\"slider-4430 slide-4425 msDefaultImage\" alt=\"\" rel=\"\" title=\"\" srcset=\"https:\/\/netzwerkrecherche.org\/nr-termine-archive\/wp-content\/uploads\/sites\/19\/2015\/03\/was_darf_satire.jpg 1380w, https:\/\/netzwerkrecherche.org\/nr-termine-archive\/wp-content\/uploads\/sites\/19\/2015\/03\/was_darf_satire-300x200.jpg 300w, https:\/\/netzwerkrecherche.org\/nr-termine-archive\/wp-content\/uploads\/sites\/19\/2015\/03\/was_darf_satire-1024x683.jpg 1024w, https:\/\/netzwerkrecherche.org\/nr-termine-archive\/wp-content\/uploads\/sites\/19\/2015\/03\/was_darf_satire-272x182.jpg 272w\" sizes=\"auto, (max-width: 1380px) 100vw, 1380px\" \/><div class=\"caption-wrap\"><div class=\"caption\">Was darf Satire? Rechtsanwalt Ansgar Koreng, Titanic-Onlinechef Torsten Gaitzsch und Moderator Steffen Grimberg (Grimme-Institut). Foto: Franziska Senkel<\/div><\/div><\/li>\n                <li style=\"display: none; width: 100%;\" class=\"slide-4436 ms-image \" aria-roledescription=\"slide\" data-date=\"2015-03-21 16:18:39\" data-filename=\"Atmo_MG_4124.jpg\" data-slide-type=\"image\"><img loading=\"lazy\" decoding=\"async\" width=\"1380\" height=\"920\" src=\"https:\/\/netzwerkrecherche.org\/nr-termine-archive\/wp-content\/uploads\/sites\/19\/2015\/03\/Atmo_MG_4124.jpg\" class=\"slider-4430 slide-4436 msDefaultImage\" alt=\"\" rel=\"\" title=\"\" srcset=\"https:\/\/netzwerkrecherche.org\/nr-termine-archive\/wp-content\/uploads\/sites\/19\/2015\/03\/Atmo_MG_4124.jpg 1380w, https:\/\/netzwerkrecherche.org\/nr-termine-archive\/wp-content\/uploads\/sites\/19\/2015\/03\/Atmo_MG_4124-300x200.jpg 300w, https:\/\/netzwerkrecherche.org\/nr-termine-archive\/wp-content\/uploads\/sites\/19\/2015\/03\/Atmo_MG_4124-1024x683.jpg 1024w, https:\/\/netzwerkrecherche.org\/nr-termine-archive\/wp-content\/uploads\/sites\/19\/2015\/03\/Atmo_MG_4124-272x182.jpg 272w\" sizes=\"auto, (max-width: 1380px) 100vw, 1380px\" \/><div class=\"caption-wrap\"><div class=\"caption\">Was darf Verdachtsberichterstattung? Die Diskussion geht auch in der Pause weiter...  Foto: Franziska Senkel<\/div><\/div><\/li>\n                <li style=\"display: none; width: 100%;\" class=\"slide-4427 ms-image \" aria-roledescription=\"slide\" data-date=\"2015-03-21 15:23:42\" data-filename=\"Schweigen_der_Aemter.jpg\" data-slide-type=\"image\"><img loading=\"lazy\" decoding=\"async\" width=\"1380\" height=\"920\" src=\"https:\/\/netzwerkrecherche.org\/nr-termine-archive\/wp-content\/uploads\/sites\/19\/2015\/03\/Schweigen_der_Aemter.jpg\" class=\"slider-4430 slide-4427 msDefaultImage\" alt=\"\" rel=\"\" title=\"\" srcset=\"https:\/\/netzwerkrecherche.org\/nr-termine-archive\/wp-content\/uploads\/sites\/19\/2015\/03\/Schweigen_der_Aemter.jpg 1380w, https:\/\/netzwerkrecherche.org\/nr-termine-archive\/wp-content\/uploads\/sites\/19\/2015\/03\/Schweigen_der_Aemter-300x200.jpg 300w, https:\/\/netzwerkrecherche.org\/nr-termine-archive\/wp-content\/uploads\/sites\/19\/2015\/03\/Schweigen_der_Aemter-1024x683.jpg 1024w, https:\/\/netzwerkrecherche.org\/nr-termine-archive\/wp-content\/uploads\/sites\/19\/2015\/03\/Schweigen_der_Aemter-272x182.jpg 272w\" sizes=\"auto, (max-width: 1380px) 100vw, 1380px\" \/><div class=\"caption-wrap\"><div class=\"caption\">Geschw\u00e4rzt. Wilhelm Mecklenburg, Manfred Redelfs, Hans-Wilhelm Saure und Stefan Wehrmeyer geben Tipps zur Durchsetzung von Auskunftsanspr\u00fcchen. Foto: Franziska Senkel<\/div><\/div><\/li>\n                <li style=\"display: none; width: 100%;\" class=\"slide-4426 ms-image \" aria-roledescription=\"slide\" data-date=\"2015-03-21 15:23:39\" data-filename=\"Schweigen_der_Aemter_2.jpg\" data-slide-type=\"image\"><img loading=\"lazy\" decoding=\"async\" width=\"1380\" height=\"920\" src=\"https:\/\/netzwerkrecherche.org\/nr-termine-archive\/wp-content\/uploads\/sites\/19\/2015\/03\/Schweigen_der_Aemter_2.jpg\" class=\"slider-4430 slide-4426 msDefaultImage\" alt=\"\" rel=\"\" title=\"\" srcset=\"https:\/\/netzwerkrecherche.org\/nr-termine-archive\/wp-content\/uploads\/sites\/19\/2015\/03\/Schweigen_der_Aemter_2.jpg 1380w, https:\/\/netzwerkrecherche.org\/nr-termine-archive\/wp-content\/uploads\/sites\/19\/2015\/03\/Schweigen_der_Aemter_2-300x200.jpg 300w, https:\/\/netzwerkrecherche.org\/nr-termine-archive\/wp-content\/uploads\/sites\/19\/2015\/03\/Schweigen_der_Aemter_2-1024x683.jpg 1024w, https:\/\/netzwerkrecherche.org\/nr-termine-archive\/wp-content\/uploads\/sites\/19\/2015\/03\/Schweigen_der_Aemter_2-272x182.jpg 272w\" sizes=\"auto, (max-width: 1380px) 100vw, 1380px\" \/><div class=\"caption-wrap\"><div class=\"caption\">Wie setzt man Auskunftsanspr\u00fcche gegen den Innenminister durch? Wilhelm Mecklenburg und Manfred Redelfs. Foto: Franziska Senkel<\/div><\/div><\/li>\n                <li style=\"display: none; width: 100%;\" class=\"slide-4424 ms-image \" aria-roledescription=\"slide\" data-date=\"2015-03-21 15:23:34\" data-filename=\"Auster.jpg\" data-slide-type=\"image\"><img loading=\"lazy\" decoding=\"async\" width=\"1380\" height=\"920\" src=\"https:\/\/netzwerkrecherche.org\/nr-termine-archive\/wp-content\/uploads\/sites\/19\/2015\/03\/Auster.jpg\" class=\"slider-4430 slide-4424 msDefaultImage\" alt=\"\" rel=\"\" title=\"\" srcset=\"https:\/\/netzwerkrecherche.org\/nr-termine-archive\/wp-content\/uploads\/sites\/19\/2015\/03\/Auster.jpg 1380w, https:\/\/netzwerkrecherche.org\/nr-termine-archive\/wp-content\/uploads\/sites\/19\/2015\/03\/Auster-300x200.jpg 300w, https:\/\/netzwerkrecherche.org\/nr-termine-archive\/wp-content\/uploads\/sites\/19\/2015\/03\/Auster-1024x683.jpg 1024w, https:\/\/netzwerkrecherche.org\/nr-termine-archive\/wp-content\/uploads\/sites\/19\/2015\/03\/Auster-272x182.jpg 272w\" sizes=\"auto, (max-width: 1380px) 100vw, 1380px\" \/><div class=\"caption-wrap\"><div class=\"caption\">Die \"Verschlossene Auster\" von Netzwerk Recherche in der Ausstellung \"Unter Druck - Medien und Politik\" im Zeitgeschichtlichen Forum Leipzig. Foto: Franziska Senkel<\/div><\/div><\/li>\n                <li style=\"display: none; width: 100%;\" class=\"slide-4428 ms-image \" aria-roledescription=\"slide\" data-date=\"2015-03-21 15:23:45\" data-filename=\"Fliegender_Gerichtsstand.jpg\" data-slide-type=\"image\"><img loading=\"lazy\" decoding=\"async\" width=\"1380\" height=\"920\" src=\"https:\/\/netzwerkrecherche.org\/nr-termine-archive\/wp-content\/uploads\/sites\/19\/2015\/03\/Fliegender_Gerichtsstand.jpg\" class=\"slider-4430 slide-4428 msDefaultImage\" alt=\"\" rel=\"\" title=\"\" srcset=\"https:\/\/netzwerkrecherche.org\/nr-termine-archive\/wp-content\/uploads\/sites\/19\/2015\/03\/Fliegender_Gerichtsstand.jpg 1380w, https:\/\/netzwerkrecherche.org\/nr-termine-archive\/wp-content\/uploads\/sites\/19\/2015\/03\/Fliegender_Gerichtsstand-300x200.jpg 300w, https:\/\/netzwerkrecherche.org\/nr-termine-archive\/wp-content\/uploads\/sites\/19\/2015\/03\/Fliegender_Gerichtsstand-1024x683.jpg 1024w, https:\/\/netzwerkrecherche.org\/nr-termine-archive\/wp-content\/uploads\/sites\/19\/2015\/03\/Fliegender_Gerichtsstand-272x182.jpg 272w\" sizes=\"auto, (max-width: 1380px) 100vw, 1380px\" \/><div class=\"caption-wrap\"><div class=\"caption\">Fliegender Gerichtsstand: Was ist vom Gerichte-Hopping zu halten? Diskutieren Markus Kompa, Markus Grill, Eva Frauenschuh und Kirsten von Hutten. Foto: Franziska Senkel<\/div><\/div><\/li>\n                <li style=\"display: none; width: 100%;\" class=\"slide-4431 ms-image \" aria-roledescription=\"slide\" data-date=\"2015-03-21 15:59:49\" data-filename=\"Presserecht_3.jpg\" data-slide-type=\"image\"><img loading=\"lazy\" decoding=\"async\" width=\"1380\" height=\"920\" src=\"https:\/\/netzwerkrecherche.org\/nr-termine-archive\/wp-content\/uploads\/sites\/19\/2015\/03\/Presserecht_3.jpg\" class=\"slider-4430 slide-4431 msDefaultImage\" alt=\"\" rel=\"\" title=\"\" srcset=\"https:\/\/netzwerkrecherche.org\/nr-termine-archive\/wp-content\/uploads\/sites\/19\/2015\/03\/Presserecht_3.jpg 1380w, https:\/\/netzwerkrecherche.org\/nr-termine-archive\/wp-content\/uploads\/sites\/19\/2015\/03\/Presserecht_3-300x200.jpg 300w, https:\/\/netzwerkrecherche.org\/nr-termine-archive\/wp-content\/uploads\/sites\/19\/2015\/03\/Presserecht_3-1024x683.jpg 1024w, https:\/\/netzwerkrecherche.org\/nr-termine-archive\/wp-content\/uploads\/sites\/19\/2015\/03\/Presserecht_3-272x182.jpg 272w\" sizes=\"auto, (max-width: 1380px) 100vw, 1380px\" \/><div class=\"caption-wrap\"><div class=\"caption\">Versteckte Kamera: Was ist erlaubt? Klaus Siekmann (NDR-Justiziariat). Foto: Franziska Senkel<\/div><\/div><\/li>\n            <\/ul>\n        <\/div>\n                <div id=\"metaslider_4430_filmstrip\" class=\"filmstrip\">\n            <ul class='slides'>\n                <li class=\"ms-thumb slide-4433\" style=\"display: none;\"><img decoding=\"async\" src=\"https:\/\/netzwerkrecherche.org\/nr-termine-archive\/wp-content\/uploads\/sites\/19\/2015\/03\/Presserecht_1-150x100.jpg\" \/><\/li>\n                <li class=\"ms-thumb slide-4432\" style=\"display: none;\"><img decoding=\"async\" src=\"https:\/\/netzwerkrecherche.org\/nr-termine-archive\/wp-content\/uploads\/sites\/19\/2015\/03\/Presserecht_2-150x100.jpg\" \/><\/li>\n                <li class=\"ms-thumb slide-4435\" style=\"display: none;\"><img decoding=\"async\" src=\"https:\/\/netzwerkrecherche.org\/nr-termine-archive\/wp-content\/uploads\/sites\/19\/2015\/03\/Lutz_Muekke-150x100.jpg\" \/><\/li>\n                <li class=\"ms-thumb slide-4425\" style=\"display: none;\"><img decoding=\"async\" src=\"https:\/\/netzwerkrecherche.org\/nr-termine-archive\/wp-content\/uploads\/sites\/19\/2015\/03\/was_darf_satire-150x100.jpg\" \/><\/li>\n                <li class=\"ms-thumb slide-4436\" style=\"display: none;\"><img decoding=\"async\" src=\"https:\/\/netzwerkrecherche.org\/nr-termine-archive\/wp-content\/uploads\/sites\/19\/2015\/03\/Atmo_MG_4124-150x100.jpg\" \/><\/li>\n                <li class=\"ms-thumb slide-4427\" style=\"display: none;\"><img decoding=\"async\" src=\"https:\/\/netzwerkrecherche.org\/nr-termine-archive\/wp-content\/uploads\/sites\/19\/2015\/03\/Schweigen_der_Aemter-150x100.jpg\" \/><\/li>\n                <li class=\"ms-thumb slide-4426\" style=\"display: none;\"><img decoding=\"async\" src=\"https:\/\/netzwerkrecherche.org\/nr-termine-archive\/wp-content\/uploads\/sites\/19\/2015\/03\/Schweigen_der_Aemter_2-150x100.jpg\" \/><\/li>\n                <li class=\"ms-thumb slide-4424\" style=\"display: none;\"><img decoding=\"async\" src=\"https:\/\/netzwerkrecherche.org\/nr-termine-archive\/wp-content\/uploads\/sites\/19\/2015\/03\/Auster-150x100.jpg\" \/><\/li>\n                <li class=\"ms-thumb slide-4428\" style=\"display: none;\"><img decoding=\"async\" src=\"https:\/\/netzwerkrecherche.org\/nr-termine-archive\/wp-content\/uploads\/sites\/19\/2015\/03\/Fliegender_Gerichtsstand-150x100.jpg\" \/><\/li>\n                <li class=\"ms-thumb slide-4431\" style=\"display: none;\"><img decoding=\"async\" src=\"https:\/\/netzwerkrecherche.org\/nr-termine-archive\/wp-content\/uploads\/sites\/19\/2015\/03\/Presserecht_3-150x100.jpg\" \/><\/li>\n            <\/ul>\n        <\/div>\n    <\/div>\n<\/div><\/div>\n\t\t<\/div><\/div><\/div><div id=\"pg-3470-2\"  class=\"panel-grid panel-no-style\" ><div id=\"pgc-3470-2-0\"  class=\"panel-grid-cell\" ><div id=\"panel-3470-2-0-0\" class=\"so-panel widget_sow-button panel-first-child panel-last-child\" data-index=\"3\" ><div\n\t\t\t\n\t\t\tclass=\"so-widget-sow-button so-widget-sow-button-wire-af1f65931e20-3470\"\n\t\t\t\n\t\t><div class=\"ow-button-base ow-button-align-justify\"\n style=\"display: block;\">\n\t\t\t<a\n\t\t\t\t\thref=\"https:\/\/netzwerkrecherche.org\/nr-termine-archive\/termine\/konferenzen\/fachkonferenzen\/vorgericht\/programm\/\"\n\t\t\t\t\tclass=\"sowb-button ow-icon-placement-left ow-button-hover\" \t>\n\t\t<span>\n\t\t\t<span class=\"sow-icon-fontawesome sow-fas\" data-sow-icon=\"&#xf00a;\"\n\t\tstyle=\"\" \n\t\taria-hidden=\"true\"><\/span>\n\t\t\tProgramm\t\t<\/span>\n\t\t\t<\/a>\n\t<\/div>\n<\/div><\/div><\/div><\/div><div id=\"pg-3470-3\"  class=\"panel-grid panel-no-style\" ><div id=\"pgc-3470-3-0\"  class=\"panel-grid-cell\" ><div id=\"panel-3470-3-0-0\" class=\"so-panel widget_text panel-first-child panel-last-child\" data-index=\"4\" >\t\t\t<div class=\"textwidget\"><p>Wie komme ich an Informationen, wenn Beh\u00f6rden mauern? Wie kann ich mich als Journalist gegen juristische Angriffe wappnen? Und wenn doch mal etwas schief geht: Wer haftet dann: ich oder das Medium, in dem mein Beitrag erschienen ist? \u2013 Juristische Auseinandersetzungen geh\u00f6ren mittlerweile zum Alltag vieler Journalisten. Die nr-Fachkonferenz \u201eVor Gericht und auf hoher See\u2026 Presserecht f\u00fcr die journalistische Praxis\u201c am 20.\/21. M\u00e4rz in Leipzig soll dazu beitragen, dass Journalisten f\u00fcr den Fall der F\u00e4lle ger\u00fcstet sind.<\/p>\n<p>Wo liegen die Grenzen der Verdachtsberichterstattung? Wie formuliere ich juristisch wasserdicht? Welche Auskunftsanspr\u00fcche habe ich \u2013 und wie setze ich sie durch? Wie sch\u00fctze ich meine Informanten? Wie weit darf ich in die Privatsph\u00e4re eines Menschen eindringen, wenn dies im \u00f6ffentlichen Interesse ist? Diesen und weiteren Fragen widmen sich die Workshops der Tagung, die auf dem Mediencampus Villa Ida der Medienstiftung der Sparkasse Leipzig stattfindet.<\/p>\n<p>Kontrovers diskutiert wurde in den vergangenen Monaten der Prozess um die Tonb\u00e4nder mit Interviews, die der Ghostwriter der Kohl-Memoiren, Heribert Schwan, mit Helmut Kohl gef\u00fchrt hat. Ist Autor Schwan ein \u201eVerr\u00e4ter\u201c (O-Ton Kohl-Anwalt), weil er in seinem Buch aus vertraulichen Gespr\u00e4chen zitiert? Oder handelte er im \u00f6ffentlichen Interesse? Dar\u00fcber wird SZ-Journalist Hans Leyendecker in einem Streitgespr\u00e4ch mit Heribert Schwan in einem Streitgespr\u00e4ch debattieren.<\/p>\n<p>In Podiumsrunden wollen wir \u00fcber die Informationsfreiheit diskutieren: Warum gibt es in einigen Bundesl\u00e4ndern, darunter Sachsen, noch immer kein Informationsfreiheitsgesetz, das Beh\u00f6rdenakten f\u00fcr die \u00d6ffentlichkeit zug\u00e4nglich macht? Wie und warum wehren sich Minister, Beh\u00f6rden und Geheimdienste gegen Auskunftsersuchen, zum Beispiel beim Thema NSU? Was sind die Lehren aus Prozessen wie denen zum \u201eSachsensumpf\u201c, die die Autoren letztlich zwar gewonnen, dabei aber viel verloren haben? Diese und weitere Fragen wollen wir diskutieren. \u2013 Das vollst\u00e4ndige Programm erscheint Mitte Januar.<\/p>\n<p>Als Referenten bereits zugesagt haben Dokumentarfilmer Stephan Lamby, die Justiziare Klaus Siekmann (NDR) und Stephan Michelfelder (ehem. WDR), Mario Heckel (juristische Direktion MDR), Ine Dippmann (MDR Info \/ Vorsitzende DJV Sachsen), Kirsten von Hutten (Justiziarin Gruner + Jahr), der s\u00e4chsische Verfassungsschutz-Chef Gordian Meyer-Plath, Dagmar Hovest\u00e4dt (Sprecherin der Stasi-Unterlagen-Beh\u00f6rde), Thomas Walter (Mehr Demokratie e.V. Sachsen), die Rechtsanw\u00e4lte Christoph Partsch, Carsten Brennecke, Eva Frauenschuh, Ansgar Koreng, Markus Kompa, Spyros Aroukatos, Christian Schertz, Christian Mensching, Oliver Pragal, Thorsten Feldmann, Wilhelm Mecklenburg und Raymund Brehmenkamp , der Greenpeace-Rechercheur und Auskunftsrechtsexperte Manfred Redelfs, Stefan Wehrmeyer (Frag den Staat), Markus Frenzel (Fakt\/MDR), Holger Schmidt (SWR), Rainer Stadler (SZ-Magazin), Moritz Tschermak (Topfvollgold.de), H\u00f6rfunk- und Buchautor Marc Th\u00f6rner, die Sachsensumpf-Rechercheure Arndt Ginzel und Thomas Datt u.v.a.<\/p>\n<p>Am 20.\/21. M\u00e4rz in Leipzig auf dem Mediencampus Villa Ida der Medienstiftung der Sparkasse Leipzig, Poetenweg 28. Die Konferenz beginnt am Freitag, 20. M\u00e4rz, um 10:20 Uhr (Anmeldung ab 9:30 Uhr) und endet am Samstag, 21. M\u00e4rz, gegen 16:30 Uhr.<\/p>\n<p>Verantwortlich: Gert Monheim, Lutz M\u00fckke, Kuno Haberbusch, G\u00fcnter Bartsch<\/p>\n<\/div>\n\t\t<\/div><\/div><\/div><\/div>","protected":false},"excerpt":{"rendered":"<p>nr-Fachkonferenz in Kooperation mit der Medienstiftung der Sparkasse Leipzig 20.\/21. M\u00e4rz 2015, Mediencampus Villa Ida, Leipzig<\/p>\n","protected":false},"author":2,"featured_media":0,"parent":38,"menu_order":0,"comment_status":"open","ping_status":"open","template":"","meta":{"_acf_changed":false,"footnotes":""},"class_list":["post-3470","page","type-page","status-publish","hentry"],"acf":[],"_links":{"self":[{"href":"https:\/\/netzwerkrecherche.org\/nr-termine-archive\/wp-json\/wp\/v2\/pages\/3470","targetHints":{"allow":["GET"]}}],"collection":[{"href":"https:\/\/netzwerkrecherche.org\/nr-termine-archive\/wp-json\/wp\/v2\/pages"}],"about":[{"href":"https:\/\/netzwerkrecherche.org\/nr-termine-archive\/wp-json\/wp\/v2\/types\/page"}],"author":[{"embeddable":true,"href":"https:\/\/netzwerkrecherche.org\/nr-termine-archive\/wp-json\/wp\/v2\/users\/2"}],"replies":[{"embeddable":true,"href":"https:\/\/netzwerkrecherche.org\/nr-termine-archive\/wp-json\/wp\/v2\/comments?post=3470"}],"version-history":[{"count":51,"href":"https:\/\/netzwerkrecherche.org\/nr-termine-archive\/wp-json\/wp\/v2\/pages\/3470\/revisions"}],"predecessor-version":[{"id":31438,"href":"https:\/\/netzwerkrecherche.org\/nr-termine-archive\/wp-json\/wp\/v2\/pages\/3470\/revisions\/31438"}],"up":[{"embeddable":true,"href":"https:\/\/netzwerkrecherche.org\/nr-termine-archive\/wp-json\/wp\/v2\/pages\/38"}],"wp:attachment":[{"href":"https:\/\/netzwerkrecherche.org\/nr-termine-archive\/wp-json\/wp\/v2\/media?parent=3470"}],"curies":[{"name":"wp","href":"https:\/\/api.w.org\/{rel}","templated":true}]}}