{"id":35099,"date":"2023-11-21T14:30:40","date_gmt":"2023-11-21T13:30:40","guid":{"rendered":"https:\/\/netzwerkrecherche.org\/nr-termine-archive\/?page_id=35099"},"modified":"2024-10-02T12:07:29","modified_gmt":"2024-10-02T10:07:29","slug":"nr24-call-for-participation","status":"publish","type":"page","link":"https:\/\/netzwerkrecherche.org\/nr-termine-archive\/termine\/konferenzen\/jahreskonferenzen\/nr24\/nr24-call-for-participation\/","title":{"rendered":"NR24 Call for Participation"},"content":{"rendered":"<h3>Call for Participation ist beendet!<\/h3>\n<p>&nbsp;<\/p>\n<p>Die <b>NR-Jahreskonferenz 2024<\/b> findet am <b>Freitag\/Samstag, 19.\/20. Juli<\/b>, beim NDR Fernsehen in Hamburg statt. Das Programm f\u00fcr die Tagung gestalten wir nicht allein, sondern auch mit euren Ideen. Deshalb freuen wir uns ab sofort \u00fcber deine Vorschl\u00e4ge f\u00fcr Veranstaltungen!<\/p>\n<p>Einreichungen werden bis zum <b>14. Januar 2024<\/b> \u00fcber das unten eingebundene Formular angenommen. F\u00fcge alle gew\u00fcnschten Informationen hinzu, wie Titel, Beschreibung, Track, Sprache, Referierende und eine Moderation. Unterst\u00fctzendes Zusatzmaterial (verlinkt als URL) ist ebenfalls willkommen.<\/p>\n<p>Die Benachrichtigung \u00fcber die Auswahl wird voraussichtlich im <strong>M\u00e4rz 2024<\/strong> erfolgen.<\/p>\n<h3>Highlights 2024<\/h3>\n<p>2024 wird ein Jahr der Wahlen. Die Landtage in Sachsen, Th\u00fcringen und Brandenburg werden neu gew\u00e4hlt, in etlichen L\u00e4ndern stehen zudem Kommunalwahlen an. Es wird ein Jahr, in dem Recherchen vor Ort besonders wichtig sind. Bei der kommenden Jahreskonferenz wollen wir uns daher noch st\u00e4rker in Panels und Workshops mit dem\u00a0<strong>Lokal- und Regionaljournalismus<\/strong>\u00a0besch\u00e4ftigen.<\/p>\n<p>2024 wird auch ein sportliches Jahr, mit der Fu\u00dfball-Europameisterschaft der Herren in Deutschland und Olympia im Nachbarland Frankreich. Das wollen wir auch bei unserer Jahreskonferenz thematisieren und begr\u00fc\u00dfen Einreichungen zur Recherche im\u00a0<strong>Sportjournalismus<\/strong>.<\/p>\n<h3><span style=\"font-weight: 600;\">Was macht eine gute NR24-Einreichung aus?<\/span><\/h3>\n<p>Wir haben da f\u00fcnf Tips f\u00fcr dich:<\/p>\n<ol>\n<li>W\u00e4hle einen\u00a0<b>anschaulichen Titel<\/b>\u00a0f\u00fcr deine Einreichung. Je direkter und erkl\u00e4render dein Titel ist, desto besser.<\/li>\n<li>Denke an die Recherche-<b>Methodik<\/b>, nicht nur an den Inhalt: Berichte uns, WIE du etwas gemacht hast, anstatt WAS du gemacht hast.<\/li>\n<li>Die\u00a0<b>Relevanz<\/b>\u00a0der Einreichung sollte \u00fcberzeugend dargelegt werden: Erw\u00fcnscht sind neue Erkenntnisse, aktuelle F\u00e4lle, Praxistipps, Best und Worst Cases.<\/li>\n<li>Bilde<b>\u00a0verschiedene Sichtweisen und Vielfalt<\/b>\u00a0ab: Wir m\u00f6chten im Gesamtprogramm die Perspektiven verschiedener Gruppen einbeziehen und freuen uns insbesondere \u00fcber Einreichungen mit divers besetzten Panels.<\/li>\n<li>Bitte reiche deinen Vorschlag\u00a0<b>so detailliert wie m\u00f6glich ein<\/b>. Anschlie\u00dfend k\u00f6nnen wir gemeinsam deine anf\u00e4ngliche Idee weiter ausarbeiten.<\/li>\n<\/ol>\n<h3>Dein Themenvorschlag<\/h3>\n<p>Sende uns deine Ideen \u00fcber das unten eingebettete Formular.<\/p>\n<p>Noch ein Hinweis vorab: Wir bekommen erfahrungsgem\u00e4\u00df sehr viele Vorschl\u00e4ge und haben dann die Qual der Wahl. Wir entwickeln aus den Einreichungen und unseren eigenen Ideen ein hoffentlich gelungenes Gesamtprogramm. Sei uns deshalb nicht b\u00f6se, wenn es mit deiner Einreichung nicht klappen sollte.<\/p>\n<h3>Call for Participation ist beendet!<\/h3>\n","protected":false},"excerpt":{"rendered":"<p>Call for Participation ist beendet! &nbsp; Die NR-Jahreskonferenz 2024 findet am Freitag\/Samstag, 19.\/20. Juli, beim NDR Fernsehen in Hamburg statt. Das Programm f\u00fcr die Tagung gestalten wir nicht allein, sondern auch mit euren Ideen. Deshalb freuen wir uns ab sofort \u00fcber deine Vorschl\u00e4ge f\u00fcr Veranstaltungen! Einreichungen werden bis zum 14. Januar 2024 \u00fcber das unten [&hellip;]<\/p>\n","protected":false},"author":2,"featured_media":35229,"parent":34986,"menu_order":0,"comment_status":"closed","ping_status":"closed","template":"","meta":{"_acf_changed":false,"footnotes":""},"class_list":["post-35099","page","type-page","status-publish","has-post-thumbnail","hentry"],"acf":[],"_links":{"self":[{"href":"https:\/\/netzwerkrecherche.org\/nr-termine-archive\/wp-json\/wp\/v2\/pages\/35099","targetHints":{"allow":["GET"]}}],"collection":[{"href":"https:\/\/netzwerkrecherche.org\/nr-termine-archive\/wp-json\/wp\/v2\/pages"}],"about":[{"href":"https:\/\/netzwerkrecherche.org\/nr-termine-archive\/wp-json\/wp\/v2\/types\/page"}],"author":[{"embeddable":true,"href":"https:\/\/netzwerkrecherche.org\/nr-termine-archive\/wp-json\/wp\/v2\/users\/2"}],"replies":[{"embeddable":true,"href":"https:\/\/netzwerkrecherche.org\/nr-termine-archive\/wp-json\/wp\/v2\/comments?post=35099"}],"version-history":[{"count":40,"href":"https:\/\/netzwerkrecherche.org\/nr-termine-archive\/wp-json\/wp\/v2\/pages\/35099\/revisions"}],"predecessor-version":[{"id":35774,"href":"https:\/\/netzwerkrecherche.org\/nr-termine-archive\/wp-json\/wp\/v2\/pages\/35099\/revisions\/35774"}],"up":[{"embeddable":true,"href":"https:\/\/netzwerkrecherche.org\/nr-termine-archive\/wp-json\/wp\/v2\/pages\/34986"}],"wp:featuredmedia":[{"embeddable":true,"href":"https:\/\/netzwerkrecherche.org\/nr-termine-archive\/wp-json\/wp\/v2\/media\/35229"}],"wp:attachment":[{"href":"https:\/\/netzwerkrecherche.org\/nr-termine-archive\/wp-json\/wp\/v2\/media?parent=35099"}],"curies":[{"name":"wp","href":"https:\/\/api.w.org\/{rel}","templated":true}]}}