{"id":36564,"date":"2024-07-16T22:10:50","date_gmt":"2024-07-16T20:10:50","guid":{"rendered":"https:\/\/netzwerkrecherche.org\/nr-termine-archive\/?page_id=36564"},"modified":"2024-10-02T12:07:29","modified_gmt":"2024-10-02T10:07:29","slug":"refs","status":"publish","type":"page","link":"https:\/\/netzwerkrecherche.org\/nr-termine-archive\/termine\/konferenzen\/jahreskonferenzen\/nr24\/refs\/","title":{"rendered":"Portraits ausgew\u00e4hlter Referent*innen"},"content":{"rendered":"<div id=\"pl-36564\"  class=\"panel-layout\" ><div id=\"pg-36564-0\"  class=\"panel-grid panel-no-style\" ><div id=\"pgc-36564-0-0\"  class=\"panel-grid-cell\" ><div id=\"panel-36564-0-0-0\" class=\"so-panel widget_sow-editor panel-first-child\" data-index=\"0\" ><div\n\t\t\t\n\t\t\tclass=\"so-widget-sow-editor so-widget-sow-editor-base\"\n\t\t\t\n\t\t>\n<div class=\"siteorigin-widget-tinymce textwidget\">\n\t<p>In Zusammenarbeit mit Studierenden der TU Dortmund stellen wir an dieser Stelle ausgew\u00e4hlte Referent:innen der NR24 vor.<br \/>\nAktuelle Beitr\u00e4ge und Fotos von der Konferenz posten wir auf <a href=\"https:\/\/www.instagram.com\/netzwerkrecherche\/\">Instagram<\/a>.<\/p>\n<\/div>\n<\/div><\/div><div id=\"panel-36564-0-0-1\" class=\"so-panel widget_sow-blog panel-last-child\" data-index=\"1\" ><div\n\t\t\t\n\t\t\tclass=\"so-widget-sow-blog so-widget-sow-blog-grid-f5c3b2083b2b-36564\"\n\t\t\t\n\t\t>\t\t<div\n\t\tclass=\"sow-blog sow-blog-layout-grid\"\n\t\tdata-template=\"grid\"\n\t\tdata-settings=\"{&quot;columns&quot;:2,&quot;featured_image&quot;:true,&quot;featured_image_empty&quot;:true,&quot;featured_image_size&quot;:&quot;sow-blog-grid&quot;,&quot;featured_image_size_width&quot;:&quot;&quot;,&quot;featured_image_size_height&quot;:&quot;&quot;,&quot;tag&quot;:&quot;h2&quot;,&quot;content&quot;:&quot;excerpt&quot;,&quot;read_more&quot;:true,&quot;excerpt_length&quot;:25,&quot;date&quot;:true,&quot;filter_categories&quot;:false,&quot;so_field_container_state&quot;:&quot;open&quot;,&quot;author&quot;:&quot;&quot;,&quot;categories&quot;:&quot;&quot;,&quot;tags&quot;:&quot;&quot;,&quot;comment_count&quot;:&quot;&quot;,&quot;trim_manual_excerpt&quot;:&quot;&quot;,&quot;template&quot;:&quot;grid&quot;}\"\n\t\tdata-paged=\"1\"\n\t\tdata-paging-id=\"f5c3b2083b2b\"\n\t\tdata-total-pages=\"1\"\n\t\tdata-hash=\"117e09e0\"\n\t>\n\t\t\n\t\t\t\t\t\t\t<div class=\"sow-blog-posts\">\n\t\t\t\t<article id=\"post-36562\" class=\"post-36562 post type-post status-publish format-standard has-post-thumbnail hentry category-nr-jahreskonferenz-2024 category-nr24\" style=\"margin: 0 0 30px;\">\n\t\t\t\t\t<div class=\"sow-entry-thumbnail\">\n\t\t\t\t\t\t\t\t\t\t<a href=\"https:\/\/netzwerkrecherche.org\/nr-termine-archive\/blog\/steeger\/\">\n\t\t\t\t\t\t<img loading=\"lazy\" decoding=\"async\" width=\"640\" height=\"427\" src=\"https:\/\/netzwerkrecherche.org\/nr-termine-archive\/wp-content\/uploads\/sites\/19\/2024\/07\/gesa_steeger.jpeg\" class=\"attachment-sow-blog-grid size-sow-blog-grid wp-post-image\" alt=\"Foto-Credit: Ivo Mayr\" srcset=\"https:\/\/netzwerkrecherche.org\/nr-termine-archive\/wp-content\/uploads\/sites\/19\/2024\/07\/gesa_steeger.jpeg 640w, https:\/\/netzwerkrecherche.org\/nr-termine-archive\/wp-content\/uploads\/sites\/19\/2024\/07\/gesa_steeger-300x200.jpeg 300w, https:\/\/netzwerkrecherche.org\/nr-termine-archive\/wp-content\/uploads\/sites\/19\/2024\/07\/gesa_steeger-272x182.jpeg 272w\" sizes=\"auto, (max-width: 640px) 100vw, 640px\" \/>\t\t\t\t\t<\/a>\n\t\t\t\t<\/div>\n\t\t\t\t\t\t\t<div class=\"sow-blog-content-wrapper\"\n\t\t style=\"padding: 25px 30px 33px;\">\n\t\t\t\t<header class=\"sow-entry-header\">\n\t\t\t<h2 class=\"sow-entry-title\" style=\"margin: 0 0 5px;\"><a href=\"https:\/\/netzwerkrecherche.org\/nr-termine-archive\/blog\/steeger\/\" rel=\"bookmark\">Die Klima-Netzwerkerin<\/a><\/h2>\t\t\t<div class=\"sow-entry-meta\">\n\t\t\t\t\t\t\t<span class=\"sow-entry-date\">\n\t\t\t\t<a href=\"https:\/\/netzwerkrecherche.org\/nr-termine-archive\/blog\/steeger\/\" rel=\"bookmark\">\n\t\t\t\t\t<time class=\"published\" datetime=\"2024-07-10T22:50:24+02:00\">\n\t\t\t\t\t\t10. Juli 2024\t\t\t\t\t<\/time>\n\t\t\t\t\t<time class=\"updated\" datetime=\"2024-07-17T15:36:14+02:00\">\n\t\t\t\t\t\t17. Juli 2024\t\t\t\t\t<\/time>\n\t\t\t\t<\/a>\n\t\t\t<\/span>\n\t\t\n\t\t\n\t\t\n\t\t\t\t\t<\/div>\n\t\t<\/header>\n\n\t\t\t\t\t<div\n\t\t\t\tclass=\"sow-entry-content\"\n\t\t\t\tstyle=\"margin-top: 20px;\"\n\t\t\t>\n\t\t\t\t<p>Journalistik-Studierende der TU Dortmund stellen ausgew\u00e4hlte Referent:innen der NR24 vor: Gesa Steeger Erst vor einigen Monaten sorgte ihre j\u00fcngste gro\u00dfe Recherche f\u00fcr Aufsehen: \u00dcber die&#8230;<a class=\"sow-more-link more-link excerpt\" href=\"https:\/\/netzwerkrecherche.org\/nr-termine-archive\/blog\/steeger\/\">Continue reading<span class=\"sow-more-link-arrow\">&rarr;<\/span><\/a><\/p>\t\t\t<\/div>\n\t\t\t\t<\/div>\n<\/article>\n<article id=\"post-36558\" class=\"post-36558 post type-post status-publish format-standard has-post-thumbnail hentry category-nr24\" style=\"margin: 0 0 30px;\">\n\t\t\t\t\t<div class=\"sow-entry-thumbnail\">\n\t\t\t\t\t\t\t\t\t\t<a href=\"https:\/\/netzwerkrecherche.org\/nr-termine-archive\/blog\/joeres\/\">\n\t\t\t\t\t\t<img loading=\"lazy\" decoding=\"async\" width=\"720\" height=\"480\" src=\"https:\/\/netzwerkrecherche.org\/nr-termine-archive\/wp-content\/uploads\/sites\/19\/2024\/07\/Annika_Joeres_6-720x480.png\" class=\"attachment-sow-blog-grid size-sow-blog-grid wp-post-image\" alt=\"\" srcset=\"https:\/\/netzwerkrecherche.org\/nr-termine-archive\/wp-content\/uploads\/sites\/19\/2024\/07\/Annika_Joeres_6-720x480.png 720w, https:\/\/netzwerkrecherche.org\/nr-termine-archive\/wp-content\/uploads\/sites\/19\/2024\/07\/Annika_Joeres_6-300x200.png 300w, https:\/\/netzwerkrecherche.org\/nr-termine-archive\/wp-content\/uploads\/sites\/19\/2024\/07\/Annika_Joeres_6-1024x683.png 1024w, https:\/\/netzwerkrecherche.org\/nr-termine-archive\/wp-content\/uploads\/sites\/19\/2024\/07\/Annika_Joeres_6-768x512.png 768w, https:\/\/netzwerkrecherche.org\/nr-termine-archive\/wp-content\/uploads\/sites\/19\/2024\/07\/Annika_Joeres_6-1536x1024.png 1536w, https:\/\/netzwerkrecherche.org\/nr-termine-archive\/wp-content\/uploads\/sites\/19\/2024\/07\/Annika_Joeres_6-1380x920.png 1380w, https:\/\/netzwerkrecherche.org\/nr-termine-archive\/wp-content\/uploads\/sites\/19\/2024\/07\/Annika_Joeres_6-272x182.png 272w, https:\/\/netzwerkrecherche.org\/nr-termine-archive\/wp-content\/uploads\/sites\/19\/2024\/07\/Annika_Joeres_6.png 2016w\" sizes=\"auto, (max-width: 720px) 100vw, 720px\" \/>\t\t\t\t\t<\/a>\n\t\t\t\t<\/div>\n\t\t\t\t\t\t\t<div class=\"sow-blog-content-wrapper\"\n\t\t style=\"padding: 25px 30px 33px;\">\n\t\t\t\t<header class=\"sow-entry-header\">\n\t\t\t<h2 class=\"sow-entry-title\" style=\"margin: 0 0 5px;\"><a href=\"https:\/\/netzwerkrecherche.org\/nr-termine-archive\/blog\/joeres\/\" rel=\"bookmark\">Die Perspektivenwechslerin<\/a><\/h2>\t\t\t<div class=\"sow-entry-meta\">\n\t\t\t\t\t\t\t<span class=\"sow-entry-date\">\n\t\t\t\t<a href=\"https:\/\/netzwerkrecherche.org\/nr-termine-archive\/blog\/joeres\/\" rel=\"bookmark\">\n\t\t\t\t\t<time class=\"published\" datetime=\"2024-07-10T21:27:30+02:00\">\n\t\t\t\t\t\t10. Juli 2024\t\t\t\t\t<\/time>\n\t\t\t\t\t<time class=\"updated\" datetime=\"2024-07-17T15:35:38+02:00\">\n\t\t\t\t\t\t17. Juli 2024\t\t\t\t\t<\/time>\n\t\t\t\t<\/a>\n\t\t\t<\/span>\n\t\t\n\t\t\n\t\t\n\t\t\t\t\t<\/div>\n\t\t<\/header>\n\n\t\t\t\t\t<div\n\t\t\t\tclass=\"sow-entry-content\"\n\t\t\t\tstyle=\"margin-top: 20px;\"\n\t\t\t>\n\t\t\t\t<p>Journalistik-Studierende der TU Dortmund stellen ausgew\u00e4hlte Referent:innen der NR24 vor: Annika Joeres Annika Joeres unterteilt in ein fr\u00fcheres und jetziges Leben. Aufgewachsen im Ruhrgebiet, einem...<a class=\"sow-more-link more-link excerpt\" href=\"https:\/\/netzwerkrecherche.org\/nr-termine-archive\/blog\/joeres\/\">Continue reading<span class=\"sow-more-link-arrow\">&rarr;<\/span><\/a><\/p>\t\t\t<\/div>\n\t\t\t\t<\/div>\n<\/article>\n<article id=\"post-36593\" class=\"post-36593 post type-post status-publish format-standard has-post-thumbnail hentry category-nr-jahreskonferenz-2024 category-nr24\" style=\"margin: 0 0 30px;\">\n\t\t\t\t\t<div class=\"sow-entry-thumbnail\">\n\t\t\t\t\t\t\t\t\t\t<a href=\"https:\/\/netzwerkrecherche.org\/nr-termine-archive\/blog\/doeschner\/\">\n\t\t\t\t\t\t<img loading=\"lazy\" decoding=\"async\" width=\"720\" height=\"480\" src=\"https:\/\/netzwerkrecherche.org\/nr-termine-archive\/wp-content\/uploads\/sites\/19\/2024\/07\/Ju\u2560ergen_Doeschner-720x480.jpeg\" class=\"attachment-sow-blog-grid size-sow-blog-grid wp-post-image\" alt=\"Juergen_Doeschner\" srcset=\"https:\/\/netzwerkrecherche.org\/nr-termine-archive\/wp-content\/uploads\/sites\/19\/2024\/07\/Ju\u2560ergen_Doeschner-720x480.jpeg 720w, https:\/\/netzwerkrecherche.org\/nr-termine-archive\/wp-content\/uploads\/sites\/19\/2024\/07\/Ju\u2560ergen_Doeschner-1380x920.jpeg 1380w, https:\/\/netzwerkrecherche.org\/nr-termine-archive\/wp-content\/uploads\/sites\/19\/2024\/07\/Ju\u2560ergen_Doeschner-272x182.jpeg 272w\" sizes=\"auto, (max-width: 720px) 100vw, 720px\" \/>\t\t\t\t\t<\/a>\n\t\t\t\t<\/div>\n\t\t\t\t\t\t\t<div class=\"sow-blog-content-wrapper\"\n\t\t style=\"padding: 25px 30px 33px;\">\n\t\t\t\t<header class=\"sow-entry-header\">\n\t\t\t<h2 class=\"sow-entry-title\" style=\"margin: 0 0 5px;\"><a href=\"https:\/\/netzwerkrecherche.org\/nr-termine-archive\/blog\/doeschner\/\" rel=\"bookmark\">Der Unerm\u00fcdliche<\/a><\/h2>\t\t\t<div class=\"sow-entry-meta\">\n\t\t\t\t\t\t\t<span class=\"sow-entry-date\">\n\t\t\t\t<a href=\"https:\/\/netzwerkrecherche.org\/nr-termine-archive\/blog\/doeschner\/\" rel=\"bookmark\">\n\t\t\t\t\t<time class=\"published\" datetime=\"2024-07-10T15:39:46+02:00\">\n\t\t\t\t\t\t10. Juli 2024\t\t\t\t\t<\/time>\n\t\t\t\t\t<time class=\"updated\" datetime=\"2024-07-22T17:00:50+02:00\">\n\t\t\t\t\t\t22. Juli 2024\t\t\t\t\t<\/time>\n\t\t\t\t<\/a>\n\t\t\t<\/span>\n\t\t\n\t\t\n\t\t\n\t\t\t\t\t<\/div>\n\t\t<\/header>\n\n\t\t\t\t\t<div\n\t\t\t\tclass=\"sow-entry-content\"\n\t\t\t\tstyle=\"margin-top: 20px;\"\n\t\t\t>\n\t\t\t\t<p>Journalistik-Studierende der TU Dortmund stellen ausgew\u00e4hlte Referent:innen der NR24 vor: J\u00fcrgen D\u00f6schner Dass er Journalist werden will, wusste er schon w\u00e4hrend seiner Schulzeit, als er...<a class=\"sow-more-link more-link excerpt\" href=\"https:\/\/netzwerkrecherche.org\/nr-termine-archive\/blog\/doeschner\/\">Continue reading<span class=\"sow-more-link-arrow\">&rarr;<\/span><\/a><\/p>\t\t\t<\/div>\n\t\t\t\t<\/div>\n<\/article>\n<article id=\"post-36610\" class=\"post-36610 post type-post status-publish format-standard has-post-thumbnail hentry category-nr-jahreskonferenz-2024 category-nr24\" style=\"margin: 0 0 30px;\">\n\t\t\t\t\t<div class=\"sow-entry-thumbnail\">\n\t\t\t\t\t\t\t\t\t\t<a href=\"https:\/\/netzwerkrecherche.org\/nr-termine-archive\/blog\/schneider\/\">\n\t\t\t\t\t\t<img loading=\"lazy\" decoding=\"async\" width=\"720\" height=\"480\" src=\"https:\/\/netzwerkrecherche.org\/nr-termine-archive\/wp-content\/uploads\/sites\/19\/2024\/07\/Louisa_Schneider_Pascal-Buenning-720x480.jpg\" class=\"attachment-sow-blog-grid size-sow-blog-grid wp-post-image\" alt=\"Pascal Buenning\" srcset=\"https:\/\/netzwerkrecherche.org\/nr-termine-archive\/wp-content\/uploads\/sites\/19\/2024\/07\/Louisa_Schneider_Pascal-Buenning-720x480.jpg 720w, https:\/\/netzwerkrecherche.org\/nr-termine-archive\/wp-content\/uploads\/sites\/19\/2024\/07\/Louisa_Schneider_Pascal-Buenning-1380x920.jpg 1380w, https:\/\/netzwerkrecherche.org\/nr-termine-archive\/wp-content\/uploads\/sites\/19\/2024\/07\/Louisa_Schneider_Pascal-Buenning-272x182.jpg 272w\" sizes=\"auto, (max-width: 720px) 100vw, 720px\" \/>\t\t\t\t\t<\/a>\n\t\t\t\t<\/div>\n\t\t\t\t\t\t\t<div class=\"sow-blog-content-wrapper\"\n\t\t style=\"padding: 25px 30px 33px;\">\n\t\t\t\t<header class=\"sow-entry-header\">\n\t\t\t<h2 class=\"sow-entry-title\" style=\"margin: 0 0 5px;\"><a href=\"https:\/\/netzwerkrecherche.org\/nr-termine-archive\/blog\/schneider\/\" rel=\"bookmark\">Die Brandl\u00f6scherin<\/a><\/h2>\t\t\t<div class=\"sow-entry-meta\">\n\t\t\t\t\t\t\t<span class=\"sow-entry-date\">\n\t\t\t\t<a href=\"https:\/\/netzwerkrecherche.org\/nr-termine-archive\/blog\/schneider\/\" rel=\"bookmark\">\n\t\t\t\t\t<time class=\"published\" datetime=\"2024-07-10T12:20:40+02:00\">\n\t\t\t\t\t\t10. Juli 2024\t\t\t\t\t<\/time>\n\t\t\t\t\t<time class=\"updated\" datetime=\"2024-07-19T10:02:01+02:00\">\n\t\t\t\t\t\t19. Juli 2024\t\t\t\t\t<\/time>\n\t\t\t\t<\/a>\n\t\t\t<\/span>\n\t\t\n\t\t\n\t\t\n\t\t\t\t\t<\/div>\n\t\t<\/header>\n\n\t\t\t\t\t<div\n\t\t\t\tclass=\"sow-entry-content\"\n\t\t\t\tstyle=\"margin-top: 20px;\"\n\t\t\t>\n\t\t\t\t<p>Journalistik-Studierende der TU Dortmund stellen ausgew\u00e4hlte Referent:innen der NR24 vor: Louisa Schneider \u201eWas bei mir wie ein Kipppunkt gewesen ist, war die Ahrtal-Flut 2021. Das...<a class=\"sow-more-link more-link excerpt\" href=\"https:\/\/netzwerkrecherche.org\/nr-termine-archive\/blog\/schneider\/\">Continue reading<span class=\"sow-more-link-arrow\">&rarr;<\/span><\/a><\/p>\t\t\t<\/div>\n\t\t\t\t<\/div>\n<\/article>\n<article id=\"post-36605\" class=\"post-36605 post type-post status-publish format-standard has-post-thumbnail hentry category-nr-jahreskonferenz-2024 category-nr24\" style=\"margin: 0 0 30px;\">\n\t\t\t\t\t<div class=\"sow-entry-thumbnail\">\n\t\t\t\t\t\t\t\t\t\t<a href=\"https:\/\/netzwerkrecherche.org\/nr-termine-archive\/blog\/friedrichs\/\">\n\t\t\t\t\t\t<img loading=\"lazy\" decoding=\"async\" width=\"720\" height=\"480\" src=\"https:\/\/netzwerkrecherche.org\/nr-termine-archive\/wp-content\/uploads\/sites\/19\/2024\/07\/Julia-Friedrichs_c_Andreas-Hornoff-720x480.jpg\" class=\"attachment-sow-blog-grid size-sow-blog-grid wp-post-image\" alt=\"Credit: Andreas Hornoff\" srcset=\"https:\/\/netzwerkrecherche.org\/nr-termine-archive\/wp-content\/uploads\/sites\/19\/2024\/07\/Julia-Friedrichs_c_Andreas-Hornoff-720x480.jpg 720w, https:\/\/netzwerkrecherche.org\/nr-termine-archive\/wp-content\/uploads\/sites\/19\/2024\/07\/Julia-Friedrichs_c_Andreas-Hornoff-1380x920.jpg 1380w, https:\/\/netzwerkrecherche.org\/nr-termine-archive\/wp-content\/uploads\/sites\/19\/2024\/07\/Julia-Friedrichs_c_Andreas-Hornoff-272x182.jpg 272w\" sizes=\"auto, (max-width: 720px) 100vw, 720px\" \/>\t\t\t\t\t<\/a>\n\t\t\t\t<\/div>\n\t\t\t\t\t\t\t<div class=\"sow-blog-content-wrapper\"\n\t\t style=\"padding: 25px 30px 33px;\">\n\t\t\t\t<header class=\"sow-entry-header\">\n\t\t\t<h2 class=\"sow-entry-title\" style=\"margin: 0 0 5px;\"><a href=\"https:\/\/netzwerkrecherche.org\/nr-termine-archive\/blog\/friedrichs\/\" rel=\"bookmark\">Die Eliten-Expertin<\/a><\/h2>\t\t\t<div class=\"sow-entry-meta\">\n\t\t\t\t\t\t\t<span class=\"sow-entry-date\">\n\t\t\t\t<a href=\"https:\/\/netzwerkrecherche.org\/nr-termine-archive\/blog\/friedrichs\/\" rel=\"bookmark\">\n\t\t\t\t\t<time class=\"published\" datetime=\"2024-07-10T11:58:20+02:00\">\n\t\t\t\t\t\t10. Juli 2024\t\t\t\t\t<\/time>\n\t\t\t\t\t<time class=\"updated\" datetime=\"2024-07-19T10:01:33+02:00\">\n\t\t\t\t\t\t19. Juli 2024\t\t\t\t\t<\/time>\n\t\t\t\t<\/a>\n\t\t\t<\/span>\n\t\t\n\t\t\n\t\t\n\t\t\t\t\t<\/div>\n\t\t<\/header>\n\n\t\t\t\t\t<div\n\t\t\t\tclass=\"sow-entry-content\"\n\t\t\t\tstyle=\"margin-top: 20px;\"\n\t\t\t>\n\t\t\t\t<p>Journalistik-Studierende der TU Dortmund stellen ausgew\u00e4hlte Referent:innen der NR24 vor: Julia Friedrichs Begonnen hat alles 2005. Julia Friedrichs war damals 25 Jahre alt und arbeitete...<a class=\"sow-more-link more-link excerpt\" href=\"https:\/\/netzwerkrecherche.org\/nr-termine-archive\/blog\/friedrichs\/\">Continue reading<span class=\"sow-more-link-arrow\">&rarr;<\/span><\/a><\/p>\t\t\t<\/div>\n\t\t\t\t<\/div>\n<\/article>\n<article id=\"post-36616\" class=\"post-36616 post type-post status-publish format-standard has-post-thumbnail hentry category-nr-jahreskonferenz-2024 category-nr24\" style=\"margin: 0 0 30px;\">\n\t\t\t\t\t<div class=\"sow-entry-thumbnail\">\n\t\t\t\t\t\t\t\t\t\t<a href=\"https:\/\/netzwerkrecherche.org\/nr-termine-archive\/blog\/hattab\/\">\n\t\t\t\t\t\t<img loading=\"lazy\" decoding=\"async\" width=\"720\" height=\"480\" src=\"https:\/\/netzwerkrecherche.org\/nr-termine-archive\/wp-content\/uploads\/sites\/19\/2024\/07\/Samira-El-Hattab-von-Annika-Fu\u251c\u0192winkel_WDR-720x480.jpg\" class=\"attachment-sow-blog-grid size-sow-blog-grid wp-post-image\" alt=\"Samira El Hattab von Annika Fu\u00dfwinkel_WDR\" srcset=\"https:\/\/netzwerkrecherche.org\/nr-termine-archive\/wp-content\/uploads\/sites\/19\/2024\/07\/Samira-El-Hattab-von-Annika-Fu\u251c\u0192winkel_WDR-720x480.jpg 720w, https:\/\/netzwerkrecherche.org\/nr-termine-archive\/wp-content\/uploads\/sites\/19\/2024\/07\/Samira-El-Hattab-von-Annika-Fu\u251c\u0192winkel_WDR-300x200.jpg 300w, https:\/\/netzwerkrecherche.org\/nr-termine-archive\/wp-content\/uploads\/sites\/19\/2024\/07\/Samira-El-Hattab-von-Annika-Fu\u251c\u0192winkel_WDR-1024x682.jpg 1024w, https:\/\/netzwerkrecherche.org\/nr-termine-archive\/wp-content\/uploads\/sites\/19\/2024\/07\/Samira-El-Hattab-von-Annika-Fu\u251c\u0192winkel_WDR-768x512.jpg 768w, https:\/\/netzwerkrecherche.org\/nr-termine-archive\/wp-content\/uploads\/sites\/19\/2024\/07\/Samira-El-Hattab-von-Annika-Fu\u251c\u0192winkel_WDR-1536x1023.jpg 1536w, https:\/\/netzwerkrecherche.org\/nr-termine-archive\/wp-content\/uploads\/sites\/19\/2024\/07\/Samira-El-Hattab-von-Annika-Fu\u251c\u0192winkel_WDR-1380x920.jpg 1380w, https:\/\/netzwerkrecherche.org\/nr-termine-archive\/wp-content\/uploads\/sites\/19\/2024\/07\/Samira-El-Hattab-von-Annika-Fu\u251c\u0192winkel_WDR-272x182.jpg 272w, https:\/\/netzwerkrecherche.org\/nr-termine-archive\/wp-content\/uploads\/sites\/19\/2024\/07\/Samira-El-Hattab-von-Annika-Fu\u251c\u0192winkel_WDR.jpg 1600w\" sizes=\"auto, (max-width: 720px) 100vw, 720px\" \/>\t\t\t\t\t<\/a>\n\t\t\t\t<\/div>\n\t\t\t\t\t\t\t<div class=\"sow-blog-content-wrapper\"\n\t\t style=\"padding: 25px 30px 33px;\">\n\t\t\t\t<header class=\"sow-entry-header\">\n\t\t\t<h2 class=\"sow-entry-title\" style=\"margin: 0 0 5px;\"><a href=\"https:\/\/netzwerkrecherche.org\/nr-termine-archive\/blog\/hattab\/\" rel=\"bookmark\">Die Klima-\u00dcbersetzerin<\/a><\/h2>\t\t\t<div class=\"sow-entry-meta\">\n\t\t\t\t\t\t\t<span class=\"sow-entry-date\">\n\t\t\t\t<a href=\"https:\/\/netzwerkrecherche.org\/nr-termine-archive\/blog\/hattab\/\" rel=\"bookmark\">\n\t\t\t\t\t<time class=\"published\" datetime=\"2024-07-10T10:02:54+02:00\">\n\t\t\t\t\t\t10. Juli 2024\t\t\t\t\t<\/time>\n\t\t\t\t\t<time class=\"updated\" datetime=\"2024-07-19T10:08:19+02:00\">\n\t\t\t\t\t\t19. Juli 2024\t\t\t\t\t<\/time>\n\t\t\t\t<\/a>\n\t\t\t<\/span>\n\t\t\n\t\t\n\t\t\n\t\t\t\t\t<\/div>\n\t\t<\/header>\n\n\t\t\t\t\t<div\n\t\t\t\tclass=\"sow-entry-content\"\n\t\t\t\tstyle=\"margin-top: 20px;\"\n\t\t\t>\n\t\t\t\t<p>Journalistik-Studierende der TU Dortmund stellen ausgew\u00e4hlte Referent:innen der NR24 vor: Samira El Hattab Samira El Hattab erinnert sich immer wieder an einen Moment in ihrem...<a class=\"sow-more-link more-link excerpt\" href=\"https:\/\/netzwerkrecherche.org\/nr-termine-archive\/blog\/hattab\/\">Continue reading<span class=\"sow-more-link-arrow\">&rarr;<\/span><\/a><\/p>\t\t\t<\/div>\n\t\t\t\t<\/div>\n<\/article>\n\t\t\t<\/div>\n\t\t\t\t\t\t\t\t<\/div>\n\t<\/div><\/div><\/div><\/div><\/div>","protected":false},"excerpt":{"rendered":"<p>In Zusammenarbeit mit Studierenden der TU Dortmund stellen wir an dieser Stelle ausgew\u00e4hlte Referent:innen der NR24 vor. Aktuelle Beitr\u00e4ge und Fotos von der Konferenz posten&#8230;<\/p>\n","protected":false},"author":27,"featured_media":0,"parent":34986,"menu_order":0,"comment_status":"open","ping_status":"open","template":"","meta":{"_acf_changed":false,"footnotes":""},"class_list":["post-36564","page","type-page","status-publish","hentry"],"acf":[],"_links":{"self":[{"href":"https:\/\/netzwerkrecherche.org\/nr-termine-archive\/wp-json\/wp\/v2\/pages\/36564","targetHints":{"allow":["GET"]}}],"collection":[{"href":"https:\/\/netzwerkrecherche.org\/nr-termine-archive\/wp-json\/wp\/v2\/pages"}],"about":[{"href":"https:\/\/netzwerkrecherche.org\/nr-termine-archive\/wp-json\/wp\/v2\/types\/page"}],"author":[{"embeddable":true,"href":"https:\/\/netzwerkrecherche.org\/nr-termine-archive\/wp-json\/wp\/v2\/users\/27"}],"replies":[{"embeddable":true,"href":"https:\/\/netzwerkrecherche.org\/nr-termine-archive\/wp-json\/wp\/v2\/comments?post=36564"}],"version-history":[{"count":10,"href":"https:\/\/netzwerkrecherche.org\/nr-termine-archive\/wp-json\/wp\/v2\/pages\/36564\/revisions"}],"predecessor-version":[{"id":36604,"href":"https:\/\/netzwerkrecherche.org\/nr-termine-archive\/wp-json\/wp\/v2\/pages\/36564\/revisions\/36604"}],"up":[{"embeddable":true,"href":"https:\/\/netzwerkrecherche.org\/nr-termine-archive\/wp-json\/wp\/v2\/pages\/34986"}],"wp:attachment":[{"href":"https:\/\/netzwerkrecherche.org\/nr-termine-archive\/wp-json\/wp\/v2\/media?parent=36564"}],"curies":[{"name":"wp","href":"https:\/\/api.w.org\/{rel}","templated":true}]}}