{"id":52,"date":"2014-06-21T20:32:58","date_gmt":"2014-06-21T18:32:58","guid":{"rendered":"https:\/\/netzwerkrecherche.org\/nr-termine-archive\/?page_id=52"},"modified":"2024-10-02T12:07:27","modified_gmt":"2024-10-02T10:07:27","slug":"global-investigative-journalism-conference","status":"publish","type":"page","link":"https:\/\/netzwerkrecherche.org\/nr-termine-archive\/termine\/international\/global-investigative-journalism-conference\/","title":{"rendered":"Global Investigative Journalism Conference"},"content":{"rendered":"<h2>Global Investigative Journalism Conference<\/h2>\n<p>Die Global Investigative Journalism Conference (GIJC) hat sich zum Ziel gesetzt, in Zeiten der Globalisierung das Wissen um die Methoden investigativer Recherchearbeit im Journalismus weltweit zu f\u00f6rdern. Wenn M\u00e4rkte und Regierungen international Entscheidungen treffen, m\u00fcssen Reporter weltweit aufkl\u00e4ren.<\/p>\n<p>Die GIJC will zu diesem Zweck pers\u00f6nliche Netzwerke recherchierender Journalisten weltweit f\u00f6rdern und gleichzeitig den internationalen Austausch \u00fcber Recherchemethoden erleichtern. Dazu unterst\u00fctzt die GIJC neben Schulungen f\u00fcr computer-assisted reporting, auch regionale und internationale Workshops, um am Beispiel von Best-Practises-F\u00e4llen Methoden investigativer Recherchen weiterzugeben.<\/p>\n<p>Hinter der GIJC stehen unabh\u00e4ngige Journalisten, die sich im <a href=\"http:\/\/gijn.org\">Global Investigative Journalism Network<\/a> zusammengetan haben. In diesem Netzwerk sind auch verschiedene Organisationen Mitglied, die von investigativen Reportern getragen werden, darunter\u00a0das Netzwerk Recherche. Nur gemeinn\u00fctzige Organisationen d\u00fcrfen Mitglieder des Netzwerkes werden.<\/p>\n<p>Die GIJC findet seit 2001 alle zwei Jahre statt.<\/p>\n","protected":false},"excerpt":{"rendered":"<p>Global Investigative Journalism Conference Die Global Investigative Journalism Conference (GIJC) hat sich zum Ziel gesetzt, in Zeiten der Globalisierung das Wissen um die Methoden investigativer Recherchearbeit im Journalismus weltweit zu f\u00f6rdern. Wenn M\u00e4rkte und Regierungen international Entscheidungen treffen, m\u00fcssen Reporter weltweit aufkl\u00e4ren. Die GIJC will zu diesem Zweck pers\u00f6nliche Netzwerke recherchierender Journalisten weltweit f\u00f6rdern und [&hellip;]<\/p>\n","protected":false},"author":1,"featured_media":248,"parent":34,"menu_order":0,"comment_status":"open","ping_status":"open","template":"","meta":{"_acf_changed":false,"footnotes":""},"class_list":["post-52","page","type-page","status-publish","has-post-thumbnail","hentry"],"acf":[],"_links":{"self":[{"href":"https:\/\/netzwerkrecherche.org\/nr-termine-archive\/wp-json\/wp\/v2\/pages\/52","targetHints":{"allow":["GET"]}}],"collection":[{"href":"https:\/\/netzwerkrecherche.org\/nr-termine-archive\/wp-json\/wp\/v2\/pages"}],"about":[{"href":"https:\/\/netzwerkrecherche.org\/nr-termine-archive\/wp-json\/wp\/v2\/types\/page"}],"author":[{"embeddable":true,"href":"https:\/\/netzwerkrecherche.org\/nr-termine-archive\/wp-json\/wp\/v2\/users\/1"}],"replies":[{"embeddable":true,"href":"https:\/\/netzwerkrecherche.org\/nr-termine-archive\/wp-json\/wp\/v2\/comments?post=52"}],"version-history":[{"count":11,"href":"https:\/\/netzwerkrecherche.org\/nr-termine-archive\/wp-json\/wp\/v2\/pages\/52\/revisions"}],"predecessor-version":[{"id":1743,"href":"https:\/\/netzwerkrecherche.org\/nr-termine-archive\/wp-json\/wp\/v2\/pages\/52\/revisions\/1743"}],"up":[{"embeddable":true,"href":"https:\/\/netzwerkrecherche.org\/nr-termine-archive\/wp-json\/wp\/v2\/pages\/34"}],"wp:featuredmedia":[{"embeddable":true,"href":"https:\/\/netzwerkrecherche.org\/nr-termine-archive\/wp-json\/wp\/v2\/media\/248"}],"wp:attachment":[{"href":"https:\/\/netzwerkrecherche.org\/nr-termine-archive\/wp-json\/wp\/v2\/media?parent=52"}],"curies":[{"name":"wp","href":"https:\/\/api.w.org\/{rel}","templated":true}]}}