{"id":5405,"date":"2015-10-02T13:59:21","date_gmt":"2015-10-02T11:59:21","guid":{"rendered":"https:\/\/netzwerkrecherche.org\/nr-termine-archive\/?page_id=5405"},"modified":"2024-10-02T12:07:27","modified_gmt":"2024-10-02T10:07:27","slug":"hinfinden-9","status":"publish","type":"page","link":"https:\/\/netzwerkrecherche.org\/nr-termine-archive\/termine\/konferenzen\/fachkonferenzen\/im-visier-der-meute\/hinfinden-9\/","title":{"rendered":"Hinfinden"},"content":{"rendered":"<p><strong>Tagungsort:<\/strong><\/p>\n<p>Akademie f\u00fcr Politische Bildung Tutzing<br \/>\nBuchensee 1<br \/>\n82327 Tutzing<\/p>\n<p>(F\u00fcr Navigationsger\u00e4te: Die Akademie ist das deutlich sichtbare Nachbarhaus von Hauptstra\u00dfe 106, die Adresse Buchensee 1 wird \u00fcber Navigationsger\u00e4te in der Regel nicht gefunden.)<\/p>\n<p><strong>Lageplan:<\/strong><\/p>\n<p><iframe loading=\"lazy\" style=\"border: 0;\" src=\"https:\/\/www.google.com\/maps\/embed?pb=!1m10!1m8!1m3!1d2673.9476696515308!2d11.28701!3d47.91805!3m2!1i1024!2i768!4f13.1!5e0!3m2!1sde!2sde!4v1443786971986\" width=\"600\" height=\"450\" frameborder=\"0\" allowfullscreen=\"allowfullscreen\"><\/iframe><\/p>\n<p>&nbsp;<\/p>\n<p><strong>Anreise:<\/strong><\/p>\n<p>Tutzing liegt zirka 40 Kilometer vom M\u00fcnchner Stadtzentrum entfernt am Westufer des Starnberger Sees.<\/p>\n<p>&nbsp;<\/p>\n<p><strong>Anreise mit dem Auto<\/strong><\/p>\n<p>Von M\u00fcnchen auf die Autobahn A 95 in Richtung Garmisch bis zur Abzweigung Starnberg, von dort auf der B 2 bis Traubing und dann die Abzweigung links nach Tutzing. Sie finden die Akademie f\u00fcr Politische Bildung kurz nach dem Ortseingang auf der linken Seite.<\/p>\n<p>Von S\u00fcden kommend: Autobahn A 95 Garmisch-M\u00fcnchen, Abzweigung Seeshaupt, von dort \u00fcber Seeshaupt, Bernried, Unterzeismering nach Tutzing. Sie finden die Akademie f\u00fcr Politische Bildung vor dem n\u00f6rdlichen Ortsausgang auf der rechten Seite.<\/p>\n<p>Von Westen kommend: Autobahn Lindau-M\u00fcnchen, Abfahrt Inning am Ammersee, \u00fcber Herrsching, Andechs nach Traubing und dann die Abzweigung links nach Tutzing. Sie finden die Akademie f\u00fcr Politische Bildung kurz nach dem Ortseingang auf der linken Seite.<\/p>\n<p>F\u00fcr Navigationsger\u00e4te: Die Akademie ist das deutlich sichtbare Nachbarhaus von Hauptstra\u00dfe 106, die Adresse Buchensee 1 wird \u00fcber Navigationsger\u00e4te in der Regel nicht gefunden.<\/p>\n<p>&nbsp;<\/p>\n<p><strong>Anreise mit der Bahn<\/strong><\/p>\n<p>Ab M\u00fcnchen Hauptbahnhof mit der S-Bahn (S6) bis Tutzing (Fahrtdauer 46 Minuten) oder mit der Regionalbahn (Fahrtdauer 28 Minuten) in Richtung Garmisch (Z\u00fcge Richtung Kochel, Murnau\/Eschenlohe). Der Fu\u00dfweg zur Akademie dauert zirka 30 Minuten. Taxen stehen am Bahnhof zur Verf\u00fcgung.<\/p>\n<p><a href=\"http:\/\/www.mvv-muenchen.de\/\">Zur Homepage des M\u00fcnchner Verkehrs-Verbundes<\/a><\/p>\n<p>&nbsp;<\/p>\n<p><strong>Bus in Tutzing<\/strong><\/p>\n<p>Die Buslinie 958 verkehrt st\u00fcndlich vom Bahnhof Tutzing (immer um :07) in Richtung Akademie. Ausstieg nach vier Minuten an der Haltestelle M\u00fchlfeldstra\u00dfe, von dort aus noch ein paar Minuten an der Hauptstra\u00dfe weiter bis zur Akademie. Der Bus von der Haltestelle M\u00fchlfeldstra\u00dfe zum Bahnhof f\u00e4hrt um :47 ab. An den Wochenenden ist der Bus alle zwei Stunden unterwegs.<\/p>\n<p>&nbsp;<\/p>\n<p><strong>Anreise mit dem Flugzeug<\/strong><\/p>\n<p>Vom Flughafen mit der S-Bahn (Linie S8\/S1) bis zum Hauptbahnhof und von dort mit der Linie S6 nach Tutzing (Fahrtdauer insgesamt zirka 90 Minuten). Vom Bahnhof Tutzing zur Akademie sind es gut zwei Kilometer, also 30 Minuten Fu\u00dfweg. Taxen stehen am Bahnhof Tutzing zur Verf\u00fcgung.<\/p>\n","protected":false},"excerpt":{"rendered":"<p>Tagungsort: Akademie f\u00fcr Politische Bildung Tutzing Buchensee 1 82327 Tutzing (F\u00fcr Navigationsger\u00e4te: Die Akademie ist das deutlich sichtbare Nachbarhaus von Hauptstra\u00dfe 106, die Adresse Buchensee 1 wird \u00fcber Navigationsger\u00e4te in der Regel nicht gefunden.) Lageplan: &nbsp; Anreise: Tutzing liegt zirka 40 Kilometer vom M\u00fcnchner Stadtzentrum entfernt am Westufer des Starnberger Sees. &nbsp; Anreise mit dem [&hellip;]<\/p>\n","protected":false},"author":5,"featured_media":0,"parent":6527,"menu_order":0,"comment_status":"open","ping_status":"open","template":"","meta":{"_acf_changed":false,"footnotes":""},"class_list":["post-5405","page","type-page","status-publish","hentry"],"acf":[],"_links":{"self":[{"href":"https:\/\/netzwerkrecherche.org\/nr-termine-archive\/wp-json\/wp\/v2\/pages\/5405","targetHints":{"allow":["GET"]}}],"collection":[{"href":"https:\/\/netzwerkrecherche.org\/nr-termine-archive\/wp-json\/wp\/v2\/pages"}],"about":[{"href":"https:\/\/netzwerkrecherche.org\/nr-termine-archive\/wp-json\/wp\/v2\/types\/page"}],"author":[{"embeddable":true,"href":"https:\/\/netzwerkrecherche.org\/nr-termine-archive\/wp-json\/wp\/v2\/users\/5"}],"replies":[{"embeddable":true,"href":"https:\/\/netzwerkrecherche.org\/nr-termine-archive\/wp-json\/wp\/v2\/comments?post=5405"}],"version-history":[{"count":2,"href":"https:\/\/netzwerkrecherche.org\/nr-termine-archive\/wp-json\/wp\/v2\/pages\/5405\/revisions"}],"predecessor-version":[{"id":5408,"href":"https:\/\/netzwerkrecherche.org\/nr-termine-archive\/wp-json\/wp\/v2\/pages\/5405\/revisions\/5408"}],"up":[{"embeddable":true,"href":"https:\/\/netzwerkrecherche.org\/nr-termine-archive\/wp-json\/wp\/v2\/pages\/6527"}],"wp:attachment":[{"href":"https:\/\/netzwerkrecherche.org\/nr-termine-archive\/wp-json\/wp\/v2\/media?parent=5405"}],"curies":[{"name":"wp","href":"https:\/\/api.w.org\/{rel}","templated":true}]}}