{"id":6527,"date":"2016-03-10T16:38:48","date_gmt":"2016-03-10T15:38:48","guid":{"rendered":"https:\/\/netzwerkrecherche.org\/nr-termine-archive\/?page_id=6527"},"modified":"2024-10-02T12:07:27","modified_gmt":"2024-10-02T10:07:27","slug":"im-visier-der-meute","status":"publish","type":"page","link":"https:\/\/netzwerkrecherche.org\/nr-termine-archive\/termine\/konferenzen\/fachkonferenzen\/im-visier-der-meute\/","title":{"rendered":"Im Visier der Meute"},"content":{"rendered":"<div id=\"pl-6527\"  class=\"panel-layout\" ><div id=\"pg-6527-0\"  class=\"panel-grid panel-no-style\" ><div id=\"pgc-6527-0-0\"  class=\"panel-grid-cell\" ><div id=\"panel-6527-0-0-0\" class=\"so-panel widget_text panel-first-child\" data-index=\"0\" ><h3 class=\"widget-title\">Journalistische Recherche zwischen Fairness und Exzess<\/h3>\t\t\t<div class=\"textwidget\"><p>Die nr-Fachkonferenz vom 11. bis 13. M\u00e4rz 2016 in Tutzing am Starnberger See fand in Zusammenarbeit mit der Akademie f\u00fcr Politische Bildung Tutzing und der Bundeszentrale f\u00fcr politische Bildung statt.<\/p>\n<p>Nach einhelliger Meinung vieler Teilnehmer war es beeindruckend, teilweise aber auch bedr\u00fcckend. Das lag daran, dass unterschiedliche Betroffene, die im \u201eVisier der Meute\u201c gewesen waren, \u00fcber ihre Erfahrungen berichtet haben: Anwesend waren Susanne Gaschke und Peer Steinbrueck, Sabine Kehm (die Managerin von Michael Schumacher), Gernot Lehr ( der Anwalt von Christian Wulff) sowie Augenzeugen aus Winnenden und Bad Aibling.<\/p>\n<\/div>\n\t\t<\/div><div id=\"panel-6527-0-0-1\" class=\"so-panel widget_text\" data-index=\"1\" ><h3 class=\"widget-title\">Dokumentation<\/h3>\t\t\t<div class=\"textwidget\"><p>alle Twitterbeitr\u00e4ge mit dem Hashtag #meute16: <a href=\"https:\/\/twitter.com\/hashtag\/meute16?src=hash\">#meute16<\/a><\/p>\n<p>Mitschnitt des Panels <a href=\"https:\/\/youtu.be\/Mm15g1FcYvA\">\u201eUnter Beobachtung. Peer Steinbr\u00fcck im Gespr\u00e4ch mit Nico Fried\u201c<\/a><\/p>\n<p>Kurzinterviews mit Referenten auf: <a href=\"https:\/\/www.youtube.com\/playlist?list=PLr8RTcS5UinhAw11G_5v50977fFqQEnLg\">nr-youtube Kanal \u201eIm Visier der Meute\u201c<\/a><\/p>\n<\/div>\n\t\t<\/div><div id=\"panel-6527-0-0-2\" class=\"so-panel widget_text\" data-index=\"2\" ><h3 class=\"widget-title\">Zum Live-Blog<\/h3>\t\t\t<div class=\"textwidget\"><p>Die Tagung dokumentierte die Gesch\u00e4ftsstelle von Netzwerk Recherche mit Fotos, Videos und ausgew\u00e4hlten Twitterbeitr\u00e4gen im Liveblog: <a href=\"https:\/\/netzwerkrecherche.org\/nr-termine-archive\/termine\/konferenzen\/fachkonferenzen\/im-visier-der-meute\/\">Liveblog meute16<\/a><\/p>\n<\/div>\n\t\t<\/div><div id=\"panel-6527-0-0-3\" class=\"so-panel widget_text panel-last-child\" data-index=\"3\" >\t\t\t<div class=\"textwidget\"><div id=\"LB24_LIVE_CONTENT\" data-eid=\"1415182220947743935\"><\/div>\n<p><script src=\"https:\/\/v.24liveblog.com\/24.js\"><\/script><\/p>\n<\/div>\n\t\t<\/div><\/div><div id=\"pgc-6527-0-1\"  class=\"panel-grid-cell\" ><div id=\"panel-6527-0-1-0\" class=\"so-panel widget_sow-image panel-first-child\" data-index=\"4\" ><div\n\t\t\t\n\t\t\tclass=\"so-widget-sow-image so-widget-sow-image-default-8b5b6f678277-6527\"\n\t\t\t\n\t\t>\n<div class=\"sow-image-container\">\n\t\t<img \n\tsrc=\"https:\/\/netzwerkrecherche.org\/nr-termine-archive\/wp-content\/uploads\/sites\/19\/2015\/12\/Beitragsbild_Meute.jpg\" width=\"1667\" height=\"875\" srcset=\"https:\/\/netzwerkrecherche.org\/nr-termine-archive\/wp-content\/uploads\/sites\/19\/2015\/12\/Beitragsbild_Meute.jpg 1667w, https:\/\/netzwerkrecherche.org\/nr-termine-archive\/wp-content\/uploads\/sites\/19\/2015\/12\/Beitragsbild_Meute-300x157.jpg 300w, https:\/\/netzwerkrecherche.org\/nr-termine-archive\/wp-content\/uploads\/sites\/19\/2015\/12\/Beitragsbild_Meute-1024x537.jpg 1024w\" sizes=\"(max-width: 1667px) 100vw, 1667px\" alt=\"\" \t\tclass=\"so-widget-image\"\/>\n\t<\/div>\n\n<\/div><\/div><div id=\"panel-6527-0-1-1\" class=\"so-panel widget_text panel-last-child\" data-index=\"5\" >\t\t\t<div class=\"textwidget\"><p> <a class=\"twitter-timeline\"  href=\"https:\/\/twitter.com\/hashtag\/meute16\" data-widget-id=\"707597408797114369\">#meute16-Tweets<\/a><script>!function(d,s,id){var js,fjs=d.getElementsByTagName(s)[0],p=\/^http:\/.test(d.location)?'http':'https';if(!d.getElementById(id)){js=d.createElement(s);js.id=id;js.src=p+\":\/\/platform.twitter.com\/widgets.js\";fjs.parentNode.insertBefore(js,fjs);}}(document,\"script\",\"twitter-wjs\");<\/script><\/p>\n<\/div>\n\t\t<\/div><\/div><\/div><div id=\"pg-6527-1\"  class=\"panel-grid panel-has-style\" ><div class=\"siteorigin-panels-stretch panel-row-style panel-row-style-for-6527-1\" data-stretch-type=\"full-stretched\" ><div id=\"pgc-6527-1-0\"  class=\"panel-grid-cell\" ><div id=\"panel-6527-1-0-0\" class=\"so-panel widget_text panel-first-child panel-last-child\" data-index=\"6\" ><div class=\"panel-widget-style panel-widget-style-for-6527-1-0-0\" >\t\t\t<div class=\"textwidget\">In Kooperation mit<\/div>\n\t\t<\/div><\/div><\/div><\/div><\/div><div id=\"pg-6527-2\"  class=\"panel-grid panel-no-style\" ><div id=\"pgc-6527-2-0\"  class=\"panel-grid-cell panel-grid-cell-empty\" ><\/div><div id=\"pgc-6527-2-1\"  class=\"panel-grid-cell\" ><div id=\"panel-6527-2-1-0\" class=\"so-panel widget_sow-image panel-first-child panel-last-child\" data-index=\"7\" ><div\n\t\t\t\n\t\t\tclass=\"so-widget-sow-image so-widget-sow-image-default-8b5b6f678277-6527\"\n\t\t\t\n\t\t>\n<div class=\"sow-image-container\">\n\t\t\t<a href=\"http:\/\/www.apb-tutzing.de\/\"\n\t\t\ttarget=\"_blank\" rel=\"noopener noreferrer\" \t\t>\n\t\t\t<img \n\tsrc=\"https:\/\/netzwerkrecherche.org\/nr-termine-archive\/wp-content\/uploads\/sites\/19\/2015\/10\/akademie_weblogo.png\" width=\"380\" height=\"228\" srcset=\"https:\/\/netzwerkrecherche.org\/nr-termine-archive\/wp-content\/uploads\/sites\/19\/2015\/10\/akademie_weblogo.png 380w, https:\/\/netzwerkrecherche.org\/nr-termine-archive\/wp-content\/uploads\/sites\/19\/2015\/10\/akademie_weblogo-300x180.png 300w\" sizes=\"(max-width: 380px) 100vw, 380px\" title=\"Akademie f\u00fcr Politische Bildung Tutzing\" alt=\"Akademie f\u00fcr Politische Bildung Tutzing\" \t\tclass=\"so-widget-image\"\/>\n\t\t\t<\/a><\/div>\n\n<\/div><\/div><\/div><div id=\"pgc-6527-2-2\"  class=\"panel-grid-cell panel-grid-cell-mobile-last\" ><div id=\"panel-6527-2-2-0\" class=\"so-panel widget_sow-image panel-first-child panel-last-child\" data-index=\"8\" ><div\n\t\t\t\n\t\t\tclass=\"so-widget-sow-image so-widget-sow-image-default-8b5b6f678277-6527\"\n\t\t\t\n\t\t>\n<div class=\"sow-image-container\">\n\t\t\t<a href=\"https:\/\/www.bpb.de\/\"\n\t\t\ttarget=\"_blank\" rel=\"noopener noreferrer\" \t\t>\n\t\t\t<img \n\tsrc=\"https:\/\/netzwerkrecherche.org\/nr-termine-archive\/wp-content\/uploads\/sites\/19\/2015\/10\/BpB-Logo-klein.jpg\" width=\"380\" height=\"228\" srcset=\"https:\/\/netzwerkrecherche.org\/nr-termine-archive\/wp-content\/uploads\/sites\/19\/2015\/10\/BpB-Logo-klein.jpg 380w, https:\/\/netzwerkrecherche.org\/nr-termine-archive\/wp-content\/uploads\/sites\/19\/2015\/10\/BpB-Logo-klein-300x180.jpg 300w\" sizes=\"(max-width: 380px) 100vw, 380px\" title=\"Bundeszentrale f\u00fcr politische Bildung\" alt=\"Bundeszentrale f\u00fcr politische Bildung\" \t\tclass=\"so-widget-image\"\/>\n\t\t\t<\/a><\/div>\n\n<\/div><\/div><\/div><div id=\"pgc-6527-2-3\"  class=\"panel-grid-cell panel-grid-cell-empty\" ><\/div><\/div><\/div>","protected":false},"excerpt":{"rendered":"<p>Die nr-Fachkonferenz vom 11. bis 13. M\u00e4rz 2016 in Tutzing am Starnberger See fand in Zusammenarbeit mit der Akademie f\u00fcr Politische Bildung Tutzing und der Bundeszentrale f\u00fcr politische Bildung statt. Nach einhelliger Meinung vieler Teilnehmer war es beeindruckend, teilweise aber auch bedr\u00fcckend. Das lag daran, dass unterschiedliche Betroffene, die im \u201eVisier der Meute\u201c gewesen waren, [&hellip;]<\/p>\n","protected":false},"author":5,"featured_media":5868,"parent":38,"menu_order":0,"comment_status":"open","ping_status":"open","template":"","meta":{"_acf_changed":false,"footnotes":""},"class_list":["post-6527","page","type-page","status-publish","has-post-thumbnail","hentry"],"acf":[],"_links":{"self":[{"href":"https:\/\/netzwerkrecherche.org\/nr-termine-archive\/wp-json\/wp\/v2\/pages\/6527","targetHints":{"allow":["GET"]}}],"collection":[{"href":"https:\/\/netzwerkrecherche.org\/nr-termine-archive\/wp-json\/wp\/v2\/pages"}],"about":[{"href":"https:\/\/netzwerkrecherche.org\/nr-termine-archive\/wp-json\/wp\/v2\/types\/page"}],"author":[{"embeddable":true,"href":"https:\/\/netzwerkrecherche.org\/nr-termine-archive\/wp-json\/wp\/v2\/users\/5"}],"replies":[{"embeddable":true,"href":"https:\/\/netzwerkrecherche.org\/nr-termine-archive\/wp-json\/wp\/v2\/comments?post=6527"}],"version-history":[{"count":27,"href":"https:\/\/netzwerkrecherche.org\/nr-termine-archive\/wp-json\/wp\/v2\/pages\/6527\/revisions"}],"predecessor-version":[{"id":14374,"href":"https:\/\/netzwerkrecherche.org\/nr-termine-archive\/wp-json\/wp\/v2\/pages\/6527\/revisions\/14374"}],"up":[{"embeddable":true,"href":"https:\/\/netzwerkrecherche.org\/nr-termine-archive\/wp-json\/wp\/v2\/pages\/38"}],"wp:featuredmedia":[{"embeddable":true,"href":"https:\/\/netzwerkrecherche.org\/nr-termine-archive\/wp-json\/wp\/v2\/media\/5868"}],"wp:attachment":[{"href":"https:\/\/netzwerkrecherche.org\/nr-termine-archive\/wp-json\/wp\/v2\/media?parent=6527"}],"curies":[{"name":"wp","href":"https:\/\/api.w.org\/{rel}","templated":true}]}}