{"id":6974,"date":"2016-07-18T16:27:11","date_gmt":"2016-07-18T14:27:11","guid":{"rendered":"https:\/\/netzwerkrecherche.org\/nr-termine-archive\/?page_id=6974"},"modified":"2025-07-15T12:11:58","modified_gmt":"2025-07-15T10:11:58","slug":"pressespiegel","status":"publish","type":"page","link":"https:\/\/netzwerkrecherche.org\/nr-termine-archive\/termine\/konferenzen\/jahreskonferenzen\/nr16\/pressespiegel\/","title":{"rendered":"Pressespiegel"},"content":{"rendered":"<p><strong>Pressespiegel zur nr-Jahreskonferenz 2016:<\/strong><\/p>\n<p>&nbsp;<\/p>\n<p><strong>Zur Konferenz:<\/strong><\/p>\n<p>\u201eJournalismus heute. An der Grenze\u201c \u2013 die Jahreskonferenz von \u201eNetzwerk Recherche\u201c<br \/>\nrbb24, 10.07.2016<br \/>\nhttp:\/\/www.inforadio.de\/programm\/schema\/sendungen\/medienmagazin\/201607\/39123.html (offline)<\/p>\n<p>\u201eJunge Freiheit&#8221; bei Netzwerk Recherche: \u201eGenderwahn\u201c und \u201eHomolobby\u201c<br \/>\nChefredakteur Stein beklagt die mediale Ausgrenzung der \u201eJungen Freiheit\u201c. Diese &#8220;Opferhaltung&#8221; sei klassisch rechts, finden seine Mitdiskutanten.<br \/>\nVon Anne Fromm. \u2013 Die Tageszeitung, 10.07.2016<br \/>\n<a href=\"https:\/\/www.taz.de\/!5317331\/\">https:\/\/www.taz.de\/!5317331\/<\/a><\/p>\n<p>Streit um Standards: D\u00fcrfen Journalisten PR?<br \/>\nVon Daniel Bouhs. &#8211; NDR Zapp, 09.07.2016<br \/>\n<a href=\"https:\/\/www.ndr.de\/fernsehen\/sendungen\/zapp\/Streit-um-Standards-Duerfen-Journalisten-PR,medienkodex100.html\">https:\/\/www.ndr.de\/fernsehen\/sendungen\/zapp\/Streit-um-Standards-Duerfen-Journalisten-PR,medienkodex100.html<\/a><\/p>\n<p>\u201eJournalisten machen keine PR\u201c \u2013 Streit um Medienkodex<br \/>\nVon Daniel Bouhs. \u2013 B5 aktuell, 15.07.2016<br \/>\n<a href=\"http:\/\/www.br.de\/radio\/b5-aktuell\/sendungen\/medienmagazin\/medien-journalisten-und-pr-100.html\">http:\/\/www.br.de\/radio\/b5-aktuell\/sendungen\/medienmagazin\/medien-journalisten-und-pr-100.html<\/a><\/p>\n<p>Populisten und Medien: Populismus nicht wegl\u00e4cheln<br \/>\nVon Sabine B\u00fcrger aus Hamburg. \u2013 Der Standard.08.07.2016<br \/>\n<a href=\"http:\/\/derstandard.at\/2000040714426\/Populisten-und-Medien-Populismus-nicht-weglaecheln\">derstandard.at\/2000040714426\/Populisten-und-Medien-Populismus-nicht-weglaecheln<\/a><\/p>\n<p>Netzwerk Recherche diskutiert Umgang mit AfD und Populisten: \u201eDa hilft nur vorbereiten, vorbereiten, vorbereiten\u201c<br \/>\nVon Alexander Becker. &#8211; Meedia, 08.07.2016<br \/>\n<a href=\"http:\/\/meedia.de\/2016\/07\/08\/netzwerk-recherche-diskutiert-umgang-mit-afd-und-populisten-da-hilft-nur-vorbereiten-vorbereiten-vorbereiten\/\">http:\/\/meedia.de\/2016\/07\/08\/netzwerk-recherche-diskutiert-umgang-mit-afd-und-populisten-da-hilft-nur-vorbereiten-vorbereiten-vorbereiten\/<\/a><\/p>\n<p>Julia Stein: \u201eWir brauchen Whistleblower\u201c<br \/>\nInterview von Ulrich K\u00fchn. &#8211; NDR, 08.07.2016<br \/>\n<a href=\"https:\/\/www.ndr.de\/kultur\/Julia-Stein-Wir-brauchen-Whistleblower,journal436.html\">https:\/\/www.ndr.de\/kultur\/Julia-Stein-Wir-brauchen-Whistleblower,journal436.html<\/a><\/p>\n<p>Rutschunfall bei \u201eNetzwerk Recherche\u201c-Recherche<br \/>\nStefan Niggemeier. &#8211; \u00dcbermedien, 14. Juli 2016<br \/>\n<a href=\"http:\/\/uebermedien.de\/6659\/rutschunfall-bei-netzwerk-recherche-recherche\">http:\/\/uebermedien.de\/6659\/rutschunfall-bei-netzwerk-recherche-recherche<\/a><\/p>\n<p>Radiomagazin von der Jahreskonferenz (Verschlossene Auster 2016, Julia Stein, Leuchtturm-Preis, Armin Wolf &#8211; Patricia Schlesinger, Hajo Seppelt &#8211; Silke Burmester, Podiumsdiskussion: \u201eBelehren und bekaempfen &#8211; oder nur berichten? Die Populisten und die Medien\u201d)<br \/>\nJ\u00f6rg Wagner \/ Radio 1 Medienmagazin #r1MM \u2013 09.07.2016<br \/>\n<audio class=\"wp-audio-shortcode\" id=\"audio-6974-1\" preload=\"none\" style=\"width: 100%;\" controls=\"controls\"><source type=\"audio\/mpeg\" src=\"http:\/\/media-stream-pmd.rbb-online.de\/content\/ce30449c-6f1f-4ab5-b35d-285f059b20de_0f46cb5b-241f-4071-a8f9-8e7560562a12.mp3?_=1\" \/><a href=\"http:\/\/media-stream-pmd.rbb-online.de\/content\/ce30449c-6f1f-4ab5-b35d-285f059b20de_0f46cb5b-241f-4071-a8f9-8e7560562a12.mp3\">http:\/\/media-stream-pmd.rbb-online.de\/content\/ce30449c-6f1f-4ab5-b35d-285f059b20de_0f46cb5b-241f-4071-a8f9-8e7560562a12.mp3<\/a><\/audio><\/p>\n<p>Netzwerk Recherche: Polens Staatsumbau und die Medien<br \/>\nZum Panel \u201eJournalisten unter Druck \u2014 Der Staatsumbau in Polen und die Medien\u201c<br \/>\nVon Monique Hofmann. \u2013 Menschen Machen Medien online, 14. Juli 2016<br \/>\n<a href=\"https:\/\/mmm.verdi.de\/internationales\/netzwerk-recherche-polens-staatsumbau-und-die-medien-32717\">https:\/\/mmm.verdi.de\/internationales\/netzwerk-recherche-polens-staatsumbau-und-die-medien-32717<\/a><\/p>\n<p>Netzwerk Recherche: Wie transparent sollen Medien sein?<br \/>\nZum Panel \u201eWenn Fehler passieren . Wie transparent sollen Medien sein?\u201c<br \/>\nVon Monique Hofmann. \u2013 Menschen Machen Medien online, 19.07.2016<br \/>\n<a href=\"https:\/\/mmm.verdi.de\/beruf\/netzwerk-recherche-wie-transparent-sollen-medien-sein-32827\">https:\/\/mmm.verdi.de\/beruf\/netzwerk-recherche-wie-transparent-sollen-medien-sein-32827<\/a><\/p>\n<p>&nbsp;<\/p>\n<p><strong>Speziell zur Leuchtturmverleihung 2016 an Can D\u00fcndar:<\/strong><\/p>\n<p>D\u00fcndar: \u201eWichtige Botschaft der Solidarit\u00e4t\u201c<br \/>\nDer regierungskritische t\u00fcrkische Journalist Can D\u00fcndar erkl\u00e4rt im DW-Interview, wieso er von der europ\u00e4ischen Politik entt\u00e4uscht ist &#8211; und wie er mit Falschmeldungen umgeht.<br \/>\nInterview von Seda Serdar. &#8211; Deutsche Welle, 11.07.2016<br \/>\n<a href=\"http:\/\/dw.com\/p\/1JMru\">http:\/\/dw.com\/p\/1JMru <\/a><\/p>\n<p>Wie frei ist die Presse noch in der T\u00fcrkei?<br \/>\nVon Cigdem Akyol und Daniel Wirsching \u2013 Augsburger Algemeine (Land West), 22.07.2016<\/p>\n<p>Zwischen Haft und Auszeichnung<br \/>\nWDR 5 T\u00f6ne, Texte, Bilderm 09.07.2016 | 04:35 Min.<br \/>\n http:\/\/www1.wdr.de\/mediathek\/audio\/wdr5\/wdr5-toene-texte-bilder-beitraege\/audio-zwischen-haft-und-auszeichnung-100.html<\/p>\n<p>Kampf f\u00fcr Pressefreiheit<br \/>\nPortr\u00e4t des t\u00fcrkischen Journalisten Can D\u00fcndar<br \/>\nVon Thomas Bormann. &#8211; BR 5, 08.07.2016<br \/>\n https:\/\/www.br.de\/radio\/b5-aktuell\/sendungen\/medienmagazin\/can-duendar-kaempfer-fuer-pressefreiheit-in-der-tuerkei-100.html<\/p>\n<p>Hamburg: Can D\u00fcndar erh\u00e4lt \u201eLeuchtturm f\u00fcr besondere publizistische Leistungen\u201c<br \/>\nVon Deutsch-T\u00fcrkisches Journal Online, 08.07.2016<br \/>\n<a href=\"https:\/\/web.archive.org\/web\/20161014205456\/http:\/\/dtj-online.de:80\/hamburg-can-duendar-erhaelt-journalistenpreis-leuchtturm-fuer-besondere-publizistische-leistungen-77304\">http:\/\/dtj-online.de\/hamburg-can-duendar-erhaelt-journalistenpreis-leuchtturm-fuer-besondere-publizistische-leistungen-77304<\/a><\/p>\n<p>Can D\u00fcndar erh\u00e4lt den Leuchtturm Preis<br \/>\ntagesschau nachtmagazin, 09.07.2016<br \/>\n<a href=\"https:\/\/www.tagesschau.de\/multimedia\/video\/video-197967.html\">https:\/\/www.tagesschau.de\/multimedia\/video\/video-197967.html<\/a><\/p>\n<p>&nbsp;<\/p>\n<p><strong>Speziell zur Austerverleihung 2016 an facebook:<\/strong><\/p>\n<p>Traffic vor Recht: Facebook erh\u00e4lt \u201eVerschlossene Auster\u201c f\u00fcr Intransparenz<br \/>\nSputnik Deutschland, 13.07.2016<br \/>\n<a href=\"https:\/\/web.archive.org\/web\/20160714152546\/http:\/\/de.sputniknews.com\/gesellschaft\/20160713\/311375110\/traffic-vor-recht-facebook-verschlossene-auster-intransparenz.html\">http:\/\/de.sputniknews.com\/gesellschaft\/20160713\/311375110\/traffic-vor-recht-facebook-verschlossene-auster-intransparenz.html<\/a><\/p>\n<p>Hasskommentare: Facebook bekommt &#8220;Verschlossene Auster 2016&#8221;<br \/>\nSpiegel Online, 09.07.2016<br \/>\n<a href=\"http:\/\/www.spiegel.de\/netzwelt\/web\/facebook-bekommt-verschlossene-auster-von-netzwerk-recherche-a-1102224.html\">http:\/\/www.spiegel.de\/netzwelt\/web\/facebook-bekommt-verschlossene-auster-von-netzwerk-recherche-a-1102224.html<\/a><\/p>\n<p>Netzwerk Recherche: Facebook erh\u00e4lt Negativpreis &#8220;Verschlossene Auster&#8221; wegen Umgang mit Hate Speech<br \/>\nVon Stefan Krempl. &#8211; heise online, 09.07.2016<br \/>\n<a href=\"http:\/\/www.heise.de\/newsticker\/meldung\/Netzwerk-Recherche-Facebook-erhaelt-Negativpreis-Verschlossene-Auster-wegen-Umgang-mit-Hate-Speech-3262789.html\">http:\/\/www.heise.de\/newsticker\/meldung\/Netzwerk-Recherche-Facebook-erhaelt-Negativpreis-Verschlossene-Auster-wegen-Umgang-mit-Hate-Speech-3262789.html<\/a><\/p>\n<p>Negativpreis &#8220;Verschlossene Auster&#8221; f\u00fcr Facebook<br \/>\nHamburger Abendblatt, 10.07.2016<br \/>\n<a href=\"http:\/\/www.abendblatt.de\/ratgeber\/multimedia\/article207813679\/Negativpreis-Verschlossene-Auster-fuer-Facebook.html\">http:\/\/www.abendblatt.de\/ratgeber\/multimedia\/article207813679\/Negativpreis-Verschlossene-Auster-fuer-Facebook.html<\/a><\/p>\n<p>Verleihung des Negativpreises: Facebook bekommt &#8220;Verschlossene Auster&#8221;<br \/>\ntagesschau, 9.07.2016<br \/>\n<a href=\"https:\/\/www.tagesschau.de\/inland\/verschlossene-auster-101.html\">https:\/\/www.tagesschau.de\/inland\/verschlossene-auster-101.html<\/a><\/p>\n<p>Negativpreis &#8220;Verschlossene Auster&#8221; fuer Facebook<br \/>\nJournalistenvereinigung kritisiert Intransparenz des US-Konzerns<br \/>\nDeutschlandradio Kultur, 09.07.2016<br \/>\n<a href=\"http:\/\/www.deutschlandradiokultur.de\/negativpreis-verschlossene-auster-fuer-facebook.265.de.html?drn:news_id=633039\">http:\/\/www.deutschlandradiokultur.de\/negativpreis-verschlossene-auster-fuer-facebook.265.de.html?drn:news_id=633039<\/a><\/p>\n","protected":false},"excerpt":{"rendered":"<p>Pressespiegel zur nr-Jahreskonferenz 2016: &nbsp; Zur Konferenz: \u201eJournalismus heute. An der Grenze\u201c \u2013 die Jahreskonferenz von \u201eNetzwerk Recherche\u201c rbb24, 10.07.2016 http:\/\/www.inforadio.de\/programm\/schema\/sendungen\/medienmagazin\/201607\/39123.html (offline) \u201eJunge Freiheit&#8221; bei Netzwerk Recherche: \u201eGenderwahn\u201c und \u201eHomolobby\u201c Chefredakteur Stein beklagt die mediale Ausgrenzung der \u201eJungen Freiheit\u201c. Diese &#8220;Opferhaltung&#8221; sei klassisch rechts, finden seine Mitdiskutanten. Von Anne Fromm. \u2013 Die Tageszeitung, 10.07.2016 https:\/\/www.taz.de\/!5317331\/ [&hellip;]<\/p>\n","protected":false},"author":1,"featured_media":0,"parent":6043,"menu_order":0,"comment_status":"open","ping_status":"closed","template":"","meta":{"_acf_changed":false,"footnotes":""},"class_list":["post-6974","page","type-page","status-publish","hentry"],"acf":[],"_links":{"self":[{"href":"https:\/\/netzwerkrecherche.org\/nr-termine-archive\/wp-json\/wp\/v2\/pages\/6974","targetHints":{"allow":["GET"]}}],"collection":[{"href":"https:\/\/netzwerkrecherche.org\/nr-termine-archive\/wp-json\/wp\/v2\/pages"}],"about":[{"href":"https:\/\/netzwerkrecherche.org\/nr-termine-archive\/wp-json\/wp\/v2\/types\/page"}],"author":[{"embeddable":true,"href":"https:\/\/netzwerkrecherche.org\/nr-termine-archive\/wp-json\/wp\/v2\/users\/1"}],"replies":[{"embeddable":true,"href":"https:\/\/netzwerkrecherche.org\/nr-termine-archive\/wp-json\/wp\/v2\/comments?post=6974"}],"version-history":[{"count":13,"href":"https:\/\/netzwerkrecherche.org\/nr-termine-archive\/wp-json\/wp\/v2\/pages\/6974\/revisions"}],"predecessor-version":[{"id":23895,"href":"https:\/\/netzwerkrecherche.org\/nr-termine-archive\/wp-json\/wp\/v2\/pages\/6974\/revisions\/23895"}],"up":[{"embeddable":true,"href":"https:\/\/netzwerkrecherche.org\/nr-termine-archive\/wp-json\/wp\/v2\/pages\/6043"}],"wp:attachment":[{"href":"https:\/\/netzwerkrecherche.org\/nr-termine-archive\/wp-json\/wp\/v2\/media?parent=6974"}],"curies":[{"name":"wp","href":"https:\/\/api.w.org\/{rel}","templated":true}]}}