{"id":9642,"date":"2017-06-10T17:08:49","date_gmt":"2017-06-10T15:08:49","guid":{"rendered":"https:\/\/netzwerkrecherche.org\/nr-termine-archive\/?page_id=9642"},"modified":"2024-10-02T12:07:28","modified_gmt":"2024-10-02T10:07:28","slug":"nr17-online-redaktion","status":"publish","type":"page","link":"https:\/\/netzwerkrecherche.org\/nr-termine-archive\/termine\/konferenzen\/jahreskonferenzen\/nr-jahreskonferenz-2017\/berichte-von-vor-ort\/nr17-online-redaktion\/","title":{"rendered":"#nr17 Online-Redaktion"},"content":{"rendered":"<p><a href=\"https:\/\/netzwerkrecherche.org\/nr-termine-archive\/wp-content\/uploads\/sites\/19\/2017\/06\/Onlineredaktion_Gruppe_AD_1200_003.jpg\"><img loading=\"lazy\" decoding=\"async\" class=\"wp-image-9674 size-large aligncenter\" src=\"https:\/\/netzwerkrecherche.org\/nr-termine-archive\/wp-content\/uploads\/sites\/19\/2017\/06\/Onlineredaktion_Gruppe_AD_1200_003-565x1024.jpg\" alt=\"Onlineredaktion_Gruppe_AD_1200_003\" width=\"565\" height=\"1024\" srcset=\"https:\/\/netzwerkrecherche.org\/nr-termine-archive\/wp-content\/uploads\/sites\/19\/2017\/06\/Onlineredaktion_Gruppe_AD_1200_003-565x1024.jpg 565w, https:\/\/netzwerkrecherche.org\/nr-termine-archive\/wp-content\/uploads\/sites\/19\/2017\/06\/Onlineredaktion_Gruppe_AD_1200_003-166x300.jpg 166w, https:\/\/netzwerkrecherche.org\/nr-termine-archive\/wp-content\/uploads\/sites\/19\/2017\/06\/Onlineredaktion_Gruppe_AD_1200_003.jpg 662w\" sizes=\"auto, (max-width: 565px) 100vw, 565px\" \/><\/a><\/p>\n<p>&nbsp;<\/p>\n<p><strong>An der Berichterstattung f\u00fcr die nr17-Jahreskonferenz haben mitgearbeitet:<\/strong><\/p>\n<p><strong>Deutsche Journalistenschule (DJS):<\/strong> J\u00f6rg Sadrozinski (Betreuer), Ramona Drosner, Caroline Wiemann, Minh Thu Tran<\/p>\n<p><strong>TU Dortmund:<\/strong> Christina Hahn (Betreuerin), Paul Klammer (Betreuer), Patricia Averesch, Sina B\u00f6ger, Anna Bremer, Friedek, Maik Haubrich, Johanna Mack, Lena Meerk\u00f6tter, Cedrik Pelka, Dominik Rosing, Saskia W\u00f6hler<\/p>\n<p><strong>JONA\/KAS:<\/strong> Marcus Nicolini (Betreuer), Steffi Dodt (Betreuerin), Nils Thieben (Betreuer), Anca Specht (Betreuerin), Mathias Birsens, Ren\u00e9 Bucken, Miguel Helm, Eike Hagen Hoppmann, Britt-Marie Lak\u00e4mper, Jana Luck<\/p>\n<p><strong>ifp:<\/strong> Isolde Fugunt (Betreuerin), Beatrice Steineke, Marco Karp, Felix Ke\u00dfler, Antonia Schlosser, Lena Binz<\/p>\n<p><strong>Online-Redaktion und Social Media: <\/strong>Nea Matzen, Sophia Stritzel, Hannah Schifko, Sven Husung, Ariane Butzke<\/p>\n<p><strong>Fotos: <\/strong>Wulf Rohwedder, Jonas Walzberg, Andreas Domma<\/p>\n","protected":false},"excerpt":{"rendered":"<p>&nbsp; An der Berichterstattung f\u00fcr die nr17-Jahreskonferenz haben mitgearbeitet: Deutsche Journalistenschule (DJS): J\u00f6rg Sadrozinski (Betreuer), Ramona Drosner, Caroline Wiemann, Minh Thu Tran TU Dortmund: Christina Hahn (Betreuerin), Paul Klammer (Betreuer), Patricia Averesch, Sina B\u00f6ger, Anna Bremer, Friedek, Maik Haubrich, Johanna Mack, Lena Meerk\u00f6tter, Cedrik Pelka, Dominik Rosing, Saskia W\u00f6hler JONA\/KAS: Marcus Nicolini (Betreuer), Steffi Dodt [&hellip;]<\/p>\n","protected":false},"author":5,"featured_media":7783,"parent":9331,"menu_order":0,"comment_status":"closed","ping_status":"closed","template":"","meta":{"_acf_changed":false,"footnotes":""},"class_list":["post-9642","page","type-page","status-publish","has-post-thumbnail","hentry"],"acf":[],"_links":{"self":[{"href":"https:\/\/netzwerkrecherche.org\/nr-termine-archive\/wp-json\/wp\/v2\/pages\/9642","targetHints":{"allow":["GET"]}}],"collection":[{"href":"https:\/\/netzwerkrecherche.org\/nr-termine-archive\/wp-json\/wp\/v2\/pages"}],"about":[{"href":"https:\/\/netzwerkrecherche.org\/nr-termine-archive\/wp-json\/wp\/v2\/types\/page"}],"author":[{"embeddable":true,"href":"https:\/\/netzwerkrecherche.org\/nr-termine-archive\/wp-json\/wp\/v2\/users\/5"}],"replies":[{"embeddable":true,"href":"https:\/\/netzwerkrecherche.org\/nr-termine-archive\/wp-json\/wp\/v2\/comments?post=9642"}],"version-history":[{"count":13,"href":"https:\/\/netzwerkrecherche.org\/nr-termine-archive\/wp-json\/wp\/v2\/pages\/9642\/revisions"}],"predecessor-version":[{"id":11592,"href":"https:\/\/netzwerkrecherche.org\/nr-termine-archive\/wp-json\/wp\/v2\/pages\/9642\/revisions\/11592"}],"up":[{"embeddable":true,"href":"https:\/\/netzwerkrecherche.org\/nr-termine-archive\/wp-json\/wp\/v2\/pages\/9331"}],"wp:featuredmedia":[{"embeddable":true,"href":"https:\/\/netzwerkrecherche.org\/nr-termine-archive\/wp-json\/wp\/v2\/media\/7783"}],"wp:attachment":[{"href":"https:\/\/netzwerkrecherche.org\/nr-termine-archive\/wp-json\/wp\/v2\/media?parent=9642"}],"curies":[{"name":"wp","href":"https:\/\/api.w.org\/{rel}","templated":true}]}}