{"id":37729,"date":"2024-12-04T10:32:01","date_gmt":"2024-12-04T09:32:01","guid":{"rendered":"https:\/\/netzwerkrecherche.org\/nr25\/?page_id=37729"},"modified":"2025-07-15T14:38:26","modified_gmt":"2025-07-15T12:38:26","slug":"faq","status":"publish","type":"page","link":"https:\/\/netzwerkrecherche.org\/nr25\/faq\/","title":{"rendered":"FAQ zur NR25"},"content":{"rendered":"\n<h1>\n\t\t\tFAQ zur NR25\t<\/h1>\n\t<p>Hier findest Du Antworten auf h\u00e4ufig gestellte Fragen rund um die Jahreskonferenz. Mit einem Klick auf die jeweilige Frage kannst Du die Antwort sehen.<\/p>\n<p>Deine Frage wurde damit noch nicht beantwortet? Dann schreib uns gerne <a href=\"mailto:info@netzwerkrecherche.de\">eine Nachricht<\/a>.<\/p>\n<h2>\n\t\t\tTickets\t<\/h2>\n\t\t\t\t\t\t\t\t\t\t<a href=\"#\" id=\"fl-accordion--icon-0\"  tabindex=\"0\"><i>Expand<\/i><\/a>\n\t\t\t\t\t<a href=\"#\"  id=\"fl-accordion--label-0\" tabindex=\"0\" aria-controls=\"fl-accordion--panel-0\">Ich m\u00f6chte gern kommen &#8211; wei\u00df aber noch nicht genau, ob ich Zeit habe.<\/a>\n\t\t\t\t\t<p>Eine fr\u00fchzeitige Anmeldung ist auf jeden Fall empfehlenswert &#8211; m\u00f6glicherweise sind zu einem sp\u00e4teren Zeitpunkt alle Pl\u00e4tze belegt.<\/p>\n<p>Wenn Du Deine Teilnahme stornieren musst, <a href=\"mailto:info@netzwerkrecherche.de\">sende uns eine E-Mail<\/a>. Das muss bis 16. Mai 2025 passieren, damit wir Deinen Platz ggfs. an Personen auf der Warteliste weitergeben k\u00f6nnen. Danach fallen Stornierungsgeb\u00fchren von 10\u20ac an.<\/p>\n\t\t\t\t\t\t\t\t\t\t<a href=\"#\" id=\"fl-accordion--icon-1\"  tabindex=\"0\"><i>Expand<\/i><\/a>\n\t\t\t\t\t<a href=\"#\"  id=\"fl-accordion--label-1\" tabindex=\"0\" aria-controls=\"fl-accordion--panel-1\">Wie viel kosten die Tickets?<\/a>\n\t\t\t\t\t<p>Informationen zum Teilnahmebeitrag findest Du auf der <a href=\"https:\/\/netzwerkrecherche.org\/nr25\/tickets\/\">Ticketseite<\/a>. Der Ticketverkauf startet im Januar 2025. Abonniere <a href=\"https:\/\/netzwerkrecherche.org\/newsletter-bestellen\/\">unseren Newsletter<\/a>, um den Verkaufsstart nicht zu verpassen.<\/p>\n\t\t\t\t\t\t\t\t\t\t<a href=\"#\" id=\"fl-accordion--icon-2\"  tabindex=\"0\"><i>Expand<\/i><\/a>\n\t\t\t\t\t<a href=\"#\"  id=\"fl-accordion--label-2\" tabindex=\"0\" aria-controls=\"fl-accordion--panel-2\">Nur noch ein paar Tage bis zur Konferenz &#8211; kann ich mich noch anmelden?<\/a>\n<p>Ja, solange Tickets verf\u00fcgbar sind, kannst Du Dich anmelden. Sollten alle Tickets ausverkauft sein, gibt es eine Warteliste.<\/p>\n\t\t\t\t\t\t\t\t\t\t<a href=\"#\" id=\"fl-accordion--icon-3\"  tabindex=\"0\"><i>Expand<\/i><\/a>\n\t\t\t\t\t<a href=\"#\"  id=\"fl-accordion--label-3\" tabindex=\"0\" aria-controls=\"fl-accordion--panel-3\">Ich habe mich angemeldet, kann nun aber doch nicht kommen. Was tun?<\/a>\n\t\t\t\t\t<p>Wurde der Ticketpreis noch nicht gezahlt, gen\u00fcgt\u00a0<a href=\"mailto:info@netzwerkrecherche.de\">eine kurze Mail an uns<\/a>.<\/p>\n<p>Das Ticket wurde schon bezahlt? Dann gibt es zwei M\u00f6glichkeiten:<\/p>\n<ul>\n<li>Du l\u00e4sst den Beitrag auf eine andere Person umschreiben. Bitte teile uns ggf.\u00a0<a href=\"mailto:info@netzwerkrecherche.de\">per E-Mail mit<\/a>,\u00a0wer an Deiner Stelle teilnehmen soll (inkl. Mail-Adresse und Namensschild-Bezeichnung).<\/li>\n<li>Wir k\u00f6nnen den Ticketpreis auch erstatten. Bitte schick uns dazu\u00a0<a href=\"mailto:info@netzwerkrecherche.de\">eine kurze E-Mail<\/a>. Die R\u00fcckerstattung erfolgt dann zeitnah, m\u00f6glicherweise jedoch erst nach der Konferenz.<\/li>\n<\/ul>\n<p>Eine kostenlose Erstattung ist bis 4 Wochen vor der Konferenz m\u00f6glich (Frist: 16. Mai 2025). Danach werden 10\u20ac Stornierungsgeb\u00fchr f\u00e4llig. Bei der Umschreibung des Tickets auf eine andere Person werden keine Stornierungsgeb\u00fchren f\u00e4llig.<\/p>\n\t\t\t\t\t\t\t\t\t\t<a href=\"#\" id=\"fl-accordion--icon-4\"  tabindex=\"0\"><i>Expand<\/i><\/a>\n\t\t\t\t\t<a href=\"#\"  id=\"fl-accordion--label-4\" tabindex=\"0\" aria-controls=\"fl-accordion--panel-4\">Ich kann mir den Ticketpreis nicht leisten. Was kann ich tun?<\/a>\n\t\t\t\t\t<p>Netzwerk Recherche legt Wert darauf, dass alle an den Tagungen des Vereins teilnehmen k\u00f6nnen &#8211; unabh\u00e4ngig von den individuellen finanziellen M\u00f6glichkeiten.<\/p>\n<p>Daher bieten wir <a href=\"https:\/\/tickets.netzwerkrecherche.org\/nr25\/\">erm\u00e4\u00dfigte Tickets<\/a> an, die u.a. durch Business- und Soli-Tickets erm\u00f6glicht werden.<\/p>\n\t\t\t\t\t\t\t\t\t\t<a href=\"#\" id=\"fl-accordion--icon-5\"  tabindex=\"0\"><i>Expand<\/i><\/a>\n\t\t\t\t\t<a href=\"#\"  id=\"fl-accordion--label-5\" tabindex=\"0\" aria-controls=\"fl-accordion--panel-5\">Ich studiere zwar, aber nicht Journalismus. Kann ich das erm\u00e4\u00dfigte Ticket w\u00e4hlen?<\/a>\n<p>Ja, das erm\u00e4\u00dfigte Ticket k\u00f6nnen alle Studierenden erwerben, die sich eine journalistische Laufbahn vorstellen k\u00f6nnen.<\/p>\n\t\t\t\t\t\t\t\t\t\t<a href=\"#\" id=\"fl-accordion--icon-6\"  tabindex=\"0\"><i>Expand<\/i><\/a>\n\t\t\t\t\t<a href=\"#\"  id=\"fl-accordion--label-6\" tabindex=\"0\" aria-controls=\"fl-accordion--panel-6\">Wie funktioniert der Nachweis f\u00fcr das erm\u00e4\u00dfigte Ticket?<\/a>\n<p>Ein Nachweis wird nicht verlangt. Wir vertrauen auf faires Verhalten.<\/p>\n\t\t\t\t\t\t\t\t\t\t<a href=\"#\" id=\"fl-accordion--icon-7\"  tabindex=\"0\"><i>Expand<\/i><\/a>\n\t\t\t\t\t<a href=\"#\"  id=\"fl-accordion--label-7\" tabindex=\"0\" aria-controls=\"fl-accordion--panel-7\">Ist im Ticketpreis die Verpflegung enthalten?<\/a>\n\t\t\t\t\t<p>Ja, in Zusammenarbeit mit der Studiok\u00fcche des NDR bieten wir kostenloses Mittagessen, Kaffee und Wasser an. Und kostenlose Currywurst und Pommes gibt es nat\u00fcrlich auch!<\/p>\n<p>Dar\u00fcber hinaus gibt es noch Verpflegungsangebote, f\u00fcr die jedoch gezahlt werden muss. Bitte vergiss nicht, Bargeld daf\u00fcr mitzubringen.<\/p>\n\t\t\t\t\t\t\t\t\t\t<a href=\"#\" id=\"fl-accordion--icon-8\"  tabindex=\"0\"><i>Expand<\/i><\/a>\n\t\t\t\t\t<a href=\"#\"  id=\"fl-accordion--label-8\" tabindex=\"0\" aria-controls=\"fl-accordion--panel-8\">Was erhalten Referierende und Moderationen f\u00fcr ihre Teilnahme an der Jahreskonferenz?<\/a>\n\t\t\t\t\t<p>F\u00fcr Referierende und die Moderation in angenommenen Sessions werden die Reisekosten in H\u00f6he des <a href=\"https:\/\/netzwerkrecherche.org\/nr25\/hinfinden\/\">Veranstaltungstickets<\/a> (maximal 164 Euro, 2.-Klasse-Bahnfahrt innerhalb Deutschlands) erstattet. Zudem wird eine \u00dcbernachtung in Hamburg \u00fcbernommen. Diese werden von der Netzwerk Recherche Gesch\u00e4ftsstelle gebucht. Au\u00dferdem haben sie kostenlosen Zutritt zu allen Vortr\u00e4gen auf der Konferenz und werden zu einem exklusiven Get-together eingeladen.<\/p>\n<p>Eine Verg\u00fctung k\u00f6nnen wir leider nicht anbieten.<\/p>\n\t\t\t\t\t\t\t\t\t\t<a href=\"#\" id=\"fl-accordion--icon-9\"  tabindex=\"0\"><i>Expand<\/i><\/a>\n\t\t\t\t\t<a href=\"#\"  id=\"fl-accordion--label-9\" tabindex=\"0\" aria-controls=\"fl-accordion--panel-9\">Wie kann ich mir Tickets f\u00fcr die Pre-Conference kaufen?<\/a>\n\t\t\t\t\t<p>Tickets f\u00fcr die Pre-Conference k\u00f6nnen im Bestellprozess als Zusatztickets hinzugef\u00fcgt werden.<\/p>\n<p>Um nachtr\u00e4glich Zusatztickets f\u00fcr die Pre-Conference zu kaufen, muss die Ticketbestellung ge\u00e4ndert werden. Hierzu haben die Teilnehmenden vor der Konferenz eine E-Mail erhalten.<\/p>\n<h2>\n\t\t\tProgramm\t<\/h2>\n\t\t\t\t\t\t\t\t\t\t<a href=\"#\" id=\"fl-accordion--icon-0\"  tabindex=\"0\"><i>Expand<\/i><\/a>\n\t\t\t\t\t<a href=\"#\"  id=\"fl-accordion--label-0\" tabindex=\"0\" aria-controls=\"fl-accordion--panel-0\">Was bedeutet es, eine Veranstaltung selbst zu organisieren?<\/a>\n<p>Einreichende, die eine Veranstaltung selbst organisieren wollen, erkl\u00e4ren sich u.a. dazu bereit, Referierende und Personen f\u00fcr die Moderation der Veranstaltung zu gewinnen, terminliche und inhaltliche Absprachen vorzunehmen, Hintergrundmaterialien und Beschreibungen zu recherchieren und bereitzustellen.<\/p>\n\t\t\t\t\t\t\t\t\t\t<a href=\"#\" id=\"fl-accordion--icon-1\"  tabindex=\"0\"><i>Expand<\/i><\/a>\n\t\t\t\t\t<a href=\"#\"  id=\"fl-accordion--label-1\" tabindex=\"0\" aria-controls=\"fl-accordion--panel-1\">Wie kann ich mich in der Konferenz-App Sched anmelden?<\/a>\n\t\t\t\t\t<p>Registrierte Teilnehmende k\u00f6nnen rund zwei Wochen vor dem Start der Jahreskonferenz auf das Programm in Sched, unserer Konferenz-App, zugreifen. Du wirst eine Einladung von <a href=\"mailto:notifications@sched.com\" target=\"_blank\" rel=\"noopener noreferrer\" data-stringify-link=\"mailto:notifications@sched.com\" data-sk=\"tooltip_parent\" aria-haspopup=\"menu\">notifications@sched.com<\/a> erhalten, um Dich \u00fcber die E-Mail, die Du beim Ticketkauf angegeben hast, in Sched einzuloggen. Du kannst dann Deinen eigenen Zeitplan erstellen, Kolleg:innen finden und Dich \u00fcber den Chat in der App vernetzen.<\/p>\n\t\t\t\t\t\t\t\t\t\t<a href=\"#\" id=\"fl-accordion--icon-2\"  tabindex=\"0\"><i>Expand<\/i><\/a>\n\t\t\t\t\t<a href=\"#\"  id=\"fl-accordion--label-2\" tabindex=\"0\" aria-controls=\"fl-accordion--panel-2\">Welche der Vortr\u00e4ge und Panels von der NR25 werden im Stream zu sehen sein?<\/a>\n\t\t\t\t\t<section>\n<p>In Zusammenarbeit mit TIDE, dem Hamburgischen B\u00fcrger- und Ausbildungskanal, zeichnen wir einzelne Sessions der NR25 auf. Die meisten Veranstaltungen in den R\u00e4umen K1 und K10 werden live gestreamt und sind anschlie\u00dfend abrufbar. Wir werden im Vorfeld der Konferenz alle Streams auf unserer Website und im Konferenz-Programm mit Link einbinden.<\/p>\n<p>Die Vortr\u00e4ge aus den vergangenen Jahren sind <a href=\"https:\/\/www.youtube.com\/@nrecherche\">hier<\/a> abrufbar.<\/p>\n<\/section>\n<h2>\n\t\t\tVor Ort\t<\/h2>\n\t\t\t\t\t\t\t\t\t\t<a href=\"#\" id=\"fl-accordion--icon-0\"  tabindex=\"0\"><i>Expand<\/i><\/a>\n\t\t\t\t\t<a href=\"#\"  id=\"fl-accordion--label-0\" tabindex=\"0\" aria-controls=\"fl-accordion--panel-0\">Gibt es am Konferenzort einen Zugang zum Internet?<\/a>\n<p>In den Konferenzr\u00e4umen ist ein kabelloser Internet-Zugang (WLAN) vorhanden. Informationen zur Anmeldung erhalten alle Teilnehmenden vor Ort und in einer E-Mail vor dem Start der Konferenz.<\/p>\n\t\t\t\t\t\t\t\t\t\t<a href=\"#\" id=\"fl-accordion--icon-1\"  tabindex=\"0\"><i>Expand<\/i><\/a>\n\t\t\t\t\t<a href=\"#\"  id=\"fl-accordion--label-1\" tabindex=\"0\" aria-controls=\"fl-accordion--panel-1\">Ben\u00f6tige ich ein eigenes Notebook, um an den Veranstaltungen teilnehmen zu k\u00f6nnen?<\/a>\n<p>F\u00fcr einige Veranstaltungen zum Thema Online- und Datenjournalismus ist ein eigenes Notebook sinnvoll (n\u00e4here Informationen in der jeweiligen Veranstaltungsbeschreibung).<\/p>\n\t\t\t\t\t\t\t\t\t\t<a href=\"#\" id=\"fl-accordion--icon-2\"  tabindex=\"0\"><i>Expand<\/i><\/a>\n\t\t\t\t\t<a href=\"#\"  id=\"fl-accordion--label-2\" tabindex=\"0\" aria-controls=\"fl-accordion--panel-2\">Was mache ich mit meinen Kindern w\u00e4hrend der Konferenz?<\/a>\n\t\t\t\t\t<p>Du kannst Deine Kinder mitbringen. Wir bieten wieder an beiden (Haupt-)Konferenztagen eine kostenlose Kinderbetreuung durch zwei erfahrene Betreuer:innen auf dem NDR-Gel\u00e4nde an.<\/p>\n<p>Wir fragen bereits beim Ticketkauf ab, ob eine Kinderbetreuung gew\u00fcnscht ist. Eine Anmeldung f\u00fcr die Kinderbetreuung ist nachtr\u00e4glich auch <a href=\"mailto:info@netzwerkrecherche.de\">per E-Mail<\/a>\u00a0m\u00f6glich.<\/p>\n\t\t\t\t\t\t\t\t\t\t<a href=\"#\" id=\"fl-accordion--icon-3\"  tabindex=\"0\"><i>Expand<\/i><\/a>\n\t\t\t\t\t<a href=\"#\"  id=\"fl-accordion--label-3\" tabindex=\"0\" aria-controls=\"fl-accordion--panel-3\">Was sollte ich mitbringen?<\/a>\n\t\t\t\t\t<p>Folgende Dinge empfehlen wir dir einzupacken:<\/p>\n<ul>\n<li><strong>Ticket<\/strong>: Das Vorzeigen des QR-Codes auf einem Display reicht.<\/li>\n<li><strong>Wasserflasche<\/strong>: Auf dem NDR-Gel\u00e4nde gibt es Wasserspender f\u00fcr Dich.<\/li>\n<li><strong>Powerbank<\/strong>: Eine geladene Powerbank ist immer eine gute Idee!<\/li>\n<li><strong>Sonnen- oder Regenschutz<\/strong>, je nach aktueller Witterung.<\/li>\n<li><strong>Bargeld<\/strong> f\u00fcr Kaffeestand, Snacks am Stand im Foyer und f\u00fcr den Bierstand am Abend<\/li>\n<\/ul>\n\n","protected":false},"excerpt":{"rendered":"<p>FAQ zur NR25 Hier findest Du Antworten auf h\u00e4ufig gestellte Fragen rund um die Jahreskonferenz. Mit einem Klick auf die jeweilige Frage kannst Du die Antwort sehen. Deine Frage wurde damit noch nicht beantwortet? Dann schreib uns gerne eine Nachricht. Tickets Expand Ich m\u00f6chte gern kommen &#8211; wei\u00df aber noch nicht genau, ob ich Zeit [&hellip;]<\/p>\n","protected":false},"author":43,"featured_media":0,"parent":0,"menu_order":0,"comment_status":"closed","ping_status":"closed","template":"","meta":{"footnotes":""},"class_list":["post-37729","page","type-page","status-publish","hentry"],"yoast_head":"<!-- This site is optimized with the Yoast SEO plugin v27.5 - https:\/\/yoast.com\/product\/yoast-seo-wordpress\/ -->\n<title>FAQ zur NR25 - NR25<\/title>\n<meta name=\"description\" content=\"In unserem FAQ findest Du Antworten auf h\u00e4ufig gestellte Fragen rund um die Jahreskonferenz von Netzwerk Recherche.\" \/>\n<meta name=\"robots\" content=\"index, follow, max-snippet:-1, max-image-preview:large, max-video-preview:-1\" \/>\n<link rel=\"canonical\" href=\"https:\/\/netzwerkrecherche.org\/nr25\/faq\/\" \/>\n<meta property=\"og:locale\" content=\"de_DE\" \/>\n<meta property=\"og:type\" content=\"article\" \/>\n<meta property=\"og:title\" content=\"FAQ zur NR25 - NR25\" \/>\n<meta property=\"og:description\" content=\"In unserem FAQ findest Du Antworten auf h\u00e4ufig gestellte Fragen rund um die Jahreskonferenz von Netzwerk Recherche.\" \/>\n<meta property=\"og:url\" content=\"https:\/\/netzwerkrecherche.org\/nr25\/faq\/\" \/>\n<meta property=\"og:site_name\" content=\"NR25\" \/>\n<meta property=\"article:modified_time\" content=\"2025-07-15T12:38:26+00:00\" \/>\n<meta property=\"og:image\" content=\"https:\/\/netzwerkrecherche.org\/nr25\/wp-content\/uploads\/sites\/23\/2024\/12\/NR25.png\" \/>\n\t<meta property=\"og:image:width\" content=\"8000\" \/>\n\t<meta property=\"og:image:height\" content=\"4500\" \/>\n\t<meta property=\"og:image:type\" content=\"image\/png\" \/>\n<meta name=\"twitter:card\" content=\"summary_large_image\" \/>\n<meta name=\"twitter:label1\" content=\"Gesch\u00e4tzte Lesezeit\" \/>\n\t<meta name=\"twitter:data1\" content=\"6\u00a0Minuten\" \/>\n<script type=\"application\/ld+json\" class=\"yoast-schema-graph\">{\"@context\":\"https:\\\/\\\/schema.org\",\"@graph\":[{\"@type\":\"WebPage\",\"@id\":\"https:\\\/\\\/netzwerkrecherche.org\\\/nr25\\\/faq\\\/\",\"url\":\"https:\\\/\\\/netzwerkrecherche.org\\\/nr25\\\/faq\\\/\",\"name\":\"FAQ zur NR25 - NR25\",\"isPartOf\":{\"@id\":\"https:\\\/\\\/netzwerkrecherche.org\\\/nr25\\\/#website\"},\"datePublished\":\"2024-12-04T09:32:01+00:00\",\"dateModified\":\"2025-07-15T12:38:26+00:00\",\"description\":\"In unserem FAQ findest Du Antworten auf h\u00e4ufig gestellte Fragen rund um die Jahreskonferenz von Netzwerk Recherche.\",\"breadcrumb\":{\"@id\":\"https:\\\/\\\/netzwerkrecherche.org\\\/nr25\\\/faq\\\/#breadcrumb\"},\"inLanguage\":\"de\",\"potentialAction\":[{\"@type\":\"ReadAction\",\"target\":[\"https:\\\/\\\/netzwerkrecherche.org\\\/nr25\\\/faq\\\/\"]}]},{\"@type\":\"BreadcrumbList\",\"@id\":\"https:\\\/\\\/netzwerkrecherche.org\\\/nr25\\\/faq\\\/#breadcrumb\",\"itemListElement\":[{\"@type\":\"ListItem\",\"position\":1,\"name\":\"Startseite\",\"item\":\"https:\\\/\\\/netzwerkrecherche.org\\\/nr25\\\/\"},{\"@type\":\"ListItem\",\"position\":2,\"name\":\"FAQ zur NR25\"}]},{\"@type\":\"WebSite\",\"@id\":\"https:\\\/\\\/netzwerkrecherche.org\\\/nr25\\\/#website\",\"url\":\"https:\\\/\\\/netzwerkrecherche.org\\\/nr25\\\/\",\"name\":\"NR25\",\"description\":\"Netzwerk Recherche Jahreskonferenz 2025\",\"publisher\":{\"@id\":\"https:\\\/\\\/netzwerkrecherche.org\\\/nr25\\\/#organization\"},\"potentialAction\":[{\"@type\":\"SearchAction\",\"target\":{\"@type\":\"EntryPoint\",\"urlTemplate\":\"https:\\\/\\\/netzwerkrecherche.org\\\/nr25\\\/?s={search_term_string}\"},\"query-input\":{\"@type\":\"PropertyValueSpecification\",\"valueRequired\":true,\"valueName\":\"search_term_string\"}}],\"inLanguage\":\"de\"},{\"@type\":\"Organization\",\"@id\":\"https:\\\/\\\/netzwerkrecherche.org\\\/nr25\\\/#organization\",\"name\":\"Netzwerk Recherche\",\"url\":\"https:\\\/\\\/netzwerkrecherche.org\\\/nr25\\\/\",\"logo\":{\"@type\":\"ImageObject\",\"inLanguage\":\"de\",\"@id\":\"https:\\\/\\\/netzwerkrecherche.org\\\/nr25\\\/#\\\/schema\\\/logo\\\/image\\\/\",\"url\":\"https:\\\/\\\/netzwerkrecherche.org\\\/nr25\\\/wp-content\\\/uploads\\\/sites\\\/19\\\/2024\\\/12\\\/NR-Logo.png\",\"contentUrl\":\"https:\\\/\\\/netzwerkrecherche.org\\\/nr25\\\/wp-content\\\/uploads\\\/sites\\\/19\\\/2024\\\/12\\\/NR-Logo.png\",\"width\":2084,\"height\":926,\"caption\":\"Netzwerk Recherche\"},\"image\":{\"@id\":\"https:\\\/\\\/netzwerkrecherche.org\\\/nr25\\\/#\\\/schema\\\/logo\\\/image\\\/\"}}]}<\/script>\n<!-- \/ Yoast SEO plugin. -->","yoast_head_json":{"title":"FAQ zur NR25 - NR25","description":"In unserem FAQ findest Du Antworten auf h\u00e4ufig gestellte Fragen rund um die Jahreskonferenz von Netzwerk Recherche.","robots":{"index":"index","follow":"follow","max-snippet":"max-snippet:-1","max-image-preview":"max-image-preview:large","max-video-preview":"max-video-preview:-1"},"canonical":"https:\/\/netzwerkrecherche.org\/nr25\/faq\/","og_locale":"de_DE","og_type":"article","og_title":"FAQ zur NR25 - NR25","og_description":"In unserem FAQ findest Du Antworten auf h\u00e4ufig gestellte Fragen rund um die Jahreskonferenz von Netzwerk Recherche.","og_url":"https:\/\/netzwerkrecherche.org\/nr25\/faq\/","og_site_name":"NR25","article_modified_time":"2025-07-15T12:38:26+00:00","og_image":[{"width":8000,"height":4500,"url":"https:\/\/netzwerkrecherche.org\/nr25\/wp-content\/uploads\/sites\/23\/2024\/12\/NR25.png","type":"image\/png"}],"twitter_card":"summary_large_image","twitter_misc":{"Gesch\u00e4tzte Lesezeit":"6\u00a0Minuten"},"schema":{"@context":"https:\/\/schema.org","@graph":[{"@type":"WebPage","@id":"https:\/\/netzwerkrecherche.org\/nr25\/faq\/","url":"https:\/\/netzwerkrecherche.org\/nr25\/faq\/","name":"FAQ zur NR25 - NR25","isPartOf":{"@id":"https:\/\/netzwerkrecherche.org\/nr25\/#website"},"datePublished":"2024-12-04T09:32:01+00:00","dateModified":"2025-07-15T12:38:26+00:00","description":"In unserem FAQ findest Du Antworten auf h\u00e4ufig gestellte Fragen rund um die Jahreskonferenz von Netzwerk Recherche.","breadcrumb":{"@id":"https:\/\/netzwerkrecherche.org\/nr25\/faq\/#breadcrumb"},"inLanguage":"de","potentialAction":[{"@type":"ReadAction","target":["https:\/\/netzwerkrecherche.org\/nr25\/faq\/"]}]},{"@type":"BreadcrumbList","@id":"https:\/\/netzwerkrecherche.org\/nr25\/faq\/#breadcrumb","itemListElement":[{"@type":"ListItem","position":1,"name":"Startseite","item":"https:\/\/netzwerkrecherche.org\/nr25\/"},{"@type":"ListItem","position":2,"name":"FAQ zur NR25"}]},{"@type":"WebSite","@id":"https:\/\/netzwerkrecherche.org\/nr25\/#website","url":"https:\/\/netzwerkrecherche.org\/nr25\/","name":"NR25","description":"Netzwerk Recherche Jahreskonferenz 2025","publisher":{"@id":"https:\/\/netzwerkrecherche.org\/nr25\/#organization"},"potentialAction":[{"@type":"SearchAction","target":{"@type":"EntryPoint","urlTemplate":"https:\/\/netzwerkrecherche.org\/nr25\/?s={search_term_string}"},"query-input":{"@type":"PropertyValueSpecification","valueRequired":true,"valueName":"search_term_string"}}],"inLanguage":"de"},{"@type":"Organization","@id":"https:\/\/netzwerkrecherche.org\/nr25\/#organization","name":"Netzwerk Recherche","url":"https:\/\/netzwerkrecherche.org\/nr25\/","logo":{"@type":"ImageObject","inLanguage":"de","@id":"https:\/\/netzwerkrecherche.org\/nr25\/#\/schema\/logo\/image\/","url":"https:\/\/netzwerkrecherche.org\/nr25\/wp-content\/uploads\/sites\/19\/2024\/12\/NR-Logo.png","contentUrl":"https:\/\/netzwerkrecherche.org\/nr25\/wp-content\/uploads\/sites\/19\/2024\/12\/NR-Logo.png","width":2084,"height":926,"caption":"Netzwerk Recherche"},"image":{"@id":"https:\/\/netzwerkrecherche.org\/nr25\/#\/schema\/logo\/image\/"}}]}},"_links":{"self":[{"href":"https:\/\/netzwerkrecherche.org\/nr25\/wp-json\/wp\/v2\/pages\/37729","targetHints":{"allow":["GET"]}}],"collection":[{"href":"https:\/\/netzwerkrecherche.org\/nr25\/wp-json\/wp\/v2\/pages"}],"about":[{"href":"https:\/\/netzwerkrecherche.org\/nr25\/wp-json\/wp\/v2\/types\/page"}],"author":[{"embeddable":true,"href":"https:\/\/netzwerkrecherche.org\/nr25\/wp-json\/wp\/v2\/users\/43"}],"replies":[{"embeddable":true,"href":"https:\/\/netzwerkrecherche.org\/nr25\/wp-json\/wp\/v2\/comments?post=37729"}],"version-history":[{"count":19,"href":"https:\/\/netzwerkrecherche.org\/nr25\/wp-json\/wp\/v2\/pages\/37729\/revisions"}],"predecessor-version":[{"id":38011,"href":"https:\/\/netzwerkrecherche.org\/nr25\/wp-json\/wp\/v2\/pages\/37729\/revisions\/38011"}],"wp:attachment":[{"href":"https:\/\/netzwerkrecherche.org\/nr25\/wp-json\/wp\/v2\/media?parent=37729"}],"curies":[{"name":"wp","href":"https:\/\/api.w.org\/{rel}","templated":true}]}}