{"id":37763,"date":"2024-12-10T14:06:21","date_gmt":"2024-12-10T13:06:21","guid":{"rendered":"https:\/\/netzwerkrecherche.org\/nr25\/?page_id=37763"},"modified":"2025-04-01T11:19:06","modified_gmt":"2025-04-01T09:19:06","slug":"verschlossene-auster","status":"publish","type":"page","link":"https:\/\/netzwerkrecherche.org\/nr25\/verschlossene-auster\/","title":{"rendered":"Verschlossene Auster"},"content":{"rendered":"\n<p>Vielen Dank f\u00fcr alle Vorschl\u00e4ge! Die Preisverleihung findet am Samstag, den 14. Juni beim NDR in Hamburg statt.<\/p>\n\n\n\n<p>Die Verschlossene Auster ist der <strong>Negativpreis des Netzwerk Recherche<\/strong> (der&nbsp;<a href=\"https:\/\/netzwerkrecherche.org\/nr25\/leuchtturm\/\" data-type=\"page\" data-id=\"37766\">Leuchtturm f\u00fcr besondere publizistische Leistungen<\/a>&nbsp;ist der Positivpreis). Die \u201eAuster\u201c wird seit 2002 j\u00e4hrlich im Rahmen der Jahreskonferenzen des Netzwerks Recherche an den:die Informationsblockierer:in des Jahres vergeben. Alle bisherigen Preistr\u00e4ger:innen,  Laudationes und Dankes- bzw. Gegenreden k\u00f6nnen <a href=\"https:\/\/netzwerkrecherche.org\/stipendien-preise\/verschlossene-auster\/\">hier<\/a> eingesehen werden.<\/p>\n\n\n\n<p>\u00dcber die Vergabe des Preises entscheidet eine Jury bestehend aus Mitgliedern des <a href=\"https:\/\/netzwerkrecherche.org\/ueber-uns\/Vorstand\/\">Vorstands von Netzwerk Recherche<\/a>.<\/p>\n","protected":false},"excerpt":{"rendered":"<p>Vielen Dank f\u00fcr alle Vorschl\u00e4ge! Die Preisverleihung findet am Samstag, den 14. Juni beim NDR in Hamburg statt. Die Verschlossene Auster ist der Negativpreis des Netzwerk Recherche (der&nbsp;Leuchtturm f\u00fcr besondere publizistische Leistungen&nbsp;ist der Positivpreis). Die \u201eAuster\u201c wird seit 2002 j\u00e4hrlich im Rahmen der Jahreskonferenzen des Netzwerks Recherche an den:die Informationsblockierer:in des Jahres vergeben. Alle bisherigen [&hellip;]<\/p>\n","protected":false},"author":38,"featured_media":0,"parent":0,"menu_order":0,"comment_status":"closed","ping_status":"closed","template":"","meta":{"footnotes":""},"class_list":["post-37763","page","type-page","status-publish","hentry"],"yoast_head":"<!-- This site is optimized with the Yoast SEO plugin v27.4 - https:\/\/yoast.com\/product\/yoast-seo-wordpress\/ -->\n<title>Verschlossene Auster - NR25<\/title>\n<meta name=\"description\" content=\"Netzwerk Recherche sammelt Vorschl\u00e4ge f\u00fcr die Verschlossene Auster 2025. Einreichungen sind bis zum 31. M\u00e4rz 2025 m\u00f6glich.\" \/>\n<meta name=\"robots\" content=\"index, follow, max-snippet:-1, max-image-preview:large, max-video-preview:-1\" \/>\n<link rel=\"canonical\" href=\"https:\/\/netzwerkrecherche.org\/nr25\/verschlossene-auster\/\" \/>\n<meta property=\"og:locale\" content=\"de_DE\" \/>\n<meta property=\"og:type\" content=\"article\" \/>\n<meta property=\"og:title\" content=\"Verschlossene Auster - NR25\" \/>\n<meta property=\"og:description\" content=\"Netzwerk Recherche sammelt Vorschl\u00e4ge f\u00fcr die Verschlossene Auster 2025. Einreichungen sind bis zum 31. M\u00e4rz 2025 m\u00f6glich.\" \/>\n<meta property=\"og:url\" content=\"https:\/\/netzwerkrecherche.org\/nr25\/verschlossene-auster\/\" \/>\n<meta property=\"og:site_name\" content=\"NR25\" \/>\n<meta property=\"article:modified_time\" content=\"2025-04-01T09:19:06+00:00\" \/>\n<meta property=\"og:image\" content=\"https:\/\/netzwerkrecherche.org\/nr25\/wp-content\/uploads\/sites\/23\/2024\/12\/NR25.png\" \/>\n\t<meta property=\"og:image:width\" content=\"8000\" \/>\n\t<meta property=\"og:image:height\" content=\"4500\" \/>\n\t<meta property=\"og:image:type\" content=\"image\/png\" \/>\n<meta name=\"twitter:card\" content=\"summary_large_image\" \/>\n<meta name=\"twitter:label1\" content=\"Gesch\u00e4tzte Lesezeit\" \/>\n\t<meta name=\"twitter:data1\" content=\"1\u00a0Minute\" \/>\n<script type=\"application\/ld+json\" class=\"yoast-schema-graph\">{\"@context\":\"https:\\\/\\\/schema.org\",\"@graph\":[{\"@type\":\"WebPage\",\"@id\":\"https:\\\/\\\/netzwerkrecherche.org\\\/nr25\\\/verschlossene-auster\\\/\",\"url\":\"https:\\\/\\\/netzwerkrecherche.org\\\/nr25\\\/verschlossene-auster\\\/\",\"name\":\"Verschlossene Auster - NR25\",\"isPartOf\":{\"@id\":\"https:\\\/\\\/netzwerkrecherche.org\\\/nr25\\\/#website\"},\"datePublished\":\"2024-12-10T13:06:21+00:00\",\"dateModified\":\"2025-04-01T09:19:06+00:00\",\"description\":\"Netzwerk Recherche sammelt Vorschl\u00e4ge f\u00fcr die Verschlossene Auster 2025. Einreichungen sind bis zum 31. M\u00e4rz 2025 m\u00f6glich.\",\"breadcrumb\":{\"@id\":\"https:\\\/\\\/netzwerkrecherche.org\\\/nr25\\\/verschlossene-auster\\\/#breadcrumb\"},\"inLanguage\":\"de\",\"potentialAction\":[{\"@type\":\"ReadAction\",\"target\":[\"https:\\\/\\\/netzwerkrecherche.org\\\/nr25\\\/verschlossene-auster\\\/\"]}]},{\"@type\":\"BreadcrumbList\",\"@id\":\"https:\\\/\\\/netzwerkrecherche.org\\\/nr25\\\/verschlossene-auster\\\/#breadcrumb\",\"itemListElement\":[{\"@type\":\"ListItem\",\"position\":1,\"name\":\"Startseite\",\"item\":\"https:\\\/\\\/netzwerkrecherche.org\\\/nr25\\\/\"},{\"@type\":\"ListItem\",\"position\":2,\"name\":\"Verschlossene Auster\"}]},{\"@type\":\"WebSite\",\"@id\":\"https:\\\/\\\/netzwerkrecherche.org\\\/nr25\\\/#website\",\"url\":\"https:\\\/\\\/netzwerkrecherche.org\\\/nr25\\\/\",\"name\":\"NR25\",\"description\":\"Netzwerk Recherche Jahreskonferenz 2025\",\"publisher\":{\"@id\":\"https:\\\/\\\/netzwerkrecherche.org\\\/nr25\\\/#organization\"},\"potentialAction\":[{\"@type\":\"SearchAction\",\"target\":{\"@type\":\"EntryPoint\",\"urlTemplate\":\"https:\\\/\\\/netzwerkrecherche.org\\\/nr25\\\/?s={search_term_string}\"},\"query-input\":{\"@type\":\"PropertyValueSpecification\",\"valueRequired\":true,\"valueName\":\"search_term_string\"}}],\"inLanguage\":\"de\"},{\"@type\":\"Organization\",\"@id\":\"https:\\\/\\\/netzwerkrecherche.org\\\/nr25\\\/#organization\",\"name\":\"Netzwerk Recherche\",\"url\":\"https:\\\/\\\/netzwerkrecherche.org\\\/nr25\\\/\",\"logo\":{\"@type\":\"ImageObject\",\"inLanguage\":\"de\",\"@id\":\"https:\\\/\\\/netzwerkrecherche.org\\\/nr25\\\/#\\\/schema\\\/logo\\\/image\\\/\",\"url\":\"https:\\\/\\\/netzwerkrecherche.org\\\/nr25\\\/wp-content\\\/uploads\\\/sites\\\/19\\\/2024\\\/12\\\/NR-Logo.png\",\"contentUrl\":\"https:\\\/\\\/netzwerkrecherche.org\\\/nr25\\\/wp-content\\\/uploads\\\/sites\\\/19\\\/2024\\\/12\\\/NR-Logo.png\",\"width\":2084,\"height\":926,\"caption\":\"Netzwerk Recherche\"},\"image\":{\"@id\":\"https:\\\/\\\/netzwerkrecherche.org\\\/nr25\\\/#\\\/schema\\\/logo\\\/image\\\/\"}}]}<\/script>\n<!-- \/ Yoast SEO plugin. -->","yoast_head_json":{"title":"Verschlossene Auster - NR25","description":"Netzwerk Recherche sammelt Vorschl\u00e4ge f\u00fcr die Verschlossene Auster 2025. Einreichungen sind bis zum 31. M\u00e4rz 2025 m\u00f6glich.","robots":{"index":"index","follow":"follow","max-snippet":"max-snippet:-1","max-image-preview":"max-image-preview:large","max-video-preview":"max-video-preview:-1"},"canonical":"https:\/\/netzwerkrecherche.org\/nr25\/verschlossene-auster\/","og_locale":"de_DE","og_type":"article","og_title":"Verschlossene Auster - NR25","og_description":"Netzwerk Recherche sammelt Vorschl\u00e4ge f\u00fcr die Verschlossene Auster 2025. Einreichungen sind bis zum 31. M\u00e4rz 2025 m\u00f6glich.","og_url":"https:\/\/netzwerkrecherche.org\/nr25\/verschlossene-auster\/","og_site_name":"NR25","article_modified_time":"2025-04-01T09:19:06+00:00","og_image":[{"width":8000,"height":4500,"url":"https:\/\/netzwerkrecherche.org\/nr25\/wp-content\/uploads\/sites\/23\/2024\/12\/NR25.png","type":"image\/png"}],"twitter_card":"summary_large_image","twitter_misc":{"Gesch\u00e4tzte Lesezeit":"1\u00a0Minute"},"schema":{"@context":"https:\/\/schema.org","@graph":[{"@type":"WebPage","@id":"https:\/\/netzwerkrecherche.org\/nr25\/verschlossene-auster\/","url":"https:\/\/netzwerkrecherche.org\/nr25\/verschlossene-auster\/","name":"Verschlossene Auster - NR25","isPartOf":{"@id":"https:\/\/netzwerkrecherche.org\/nr25\/#website"},"datePublished":"2024-12-10T13:06:21+00:00","dateModified":"2025-04-01T09:19:06+00:00","description":"Netzwerk Recherche sammelt Vorschl\u00e4ge f\u00fcr die Verschlossene Auster 2025. Einreichungen sind bis zum 31. M\u00e4rz 2025 m\u00f6glich.","breadcrumb":{"@id":"https:\/\/netzwerkrecherche.org\/nr25\/verschlossene-auster\/#breadcrumb"},"inLanguage":"de","potentialAction":[{"@type":"ReadAction","target":["https:\/\/netzwerkrecherche.org\/nr25\/verschlossene-auster\/"]}]},{"@type":"BreadcrumbList","@id":"https:\/\/netzwerkrecherche.org\/nr25\/verschlossene-auster\/#breadcrumb","itemListElement":[{"@type":"ListItem","position":1,"name":"Startseite","item":"https:\/\/netzwerkrecherche.org\/nr25\/"},{"@type":"ListItem","position":2,"name":"Verschlossene Auster"}]},{"@type":"WebSite","@id":"https:\/\/netzwerkrecherche.org\/nr25\/#website","url":"https:\/\/netzwerkrecherche.org\/nr25\/","name":"NR25","description":"Netzwerk Recherche Jahreskonferenz 2025","publisher":{"@id":"https:\/\/netzwerkrecherche.org\/nr25\/#organization"},"potentialAction":[{"@type":"SearchAction","target":{"@type":"EntryPoint","urlTemplate":"https:\/\/netzwerkrecherche.org\/nr25\/?s={search_term_string}"},"query-input":{"@type":"PropertyValueSpecification","valueRequired":true,"valueName":"search_term_string"}}],"inLanguage":"de"},{"@type":"Organization","@id":"https:\/\/netzwerkrecherche.org\/nr25\/#organization","name":"Netzwerk Recherche","url":"https:\/\/netzwerkrecherche.org\/nr25\/","logo":{"@type":"ImageObject","inLanguage":"de","@id":"https:\/\/netzwerkrecherche.org\/nr25\/#\/schema\/logo\/image\/","url":"https:\/\/netzwerkrecherche.org\/nr25\/wp-content\/uploads\/sites\/19\/2024\/12\/NR-Logo.png","contentUrl":"https:\/\/netzwerkrecherche.org\/nr25\/wp-content\/uploads\/sites\/19\/2024\/12\/NR-Logo.png","width":2084,"height":926,"caption":"Netzwerk Recherche"},"image":{"@id":"https:\/\/netzwerkrecherche.org\/nr25\/#\/schema\/logo\/image\/"}}]}},"_links":{"self":[{"href":"https:\/\/netzwerkrecherche.org\/nr25\/wp-json\/wp\/v2\/pages\/37763","targetHints":{"allow":["GET"]}}],"collection":[{"href":"https:\/\/netzwerkrecherche.org\/nr25\/wp-json\/wp\/v2\/pages"}],"about":[{"href":"https:\/\/netzwerkrecherche.org\/nr25\/wp-json\/wp\/v2\/types\/page"}],"author":[{"embeddable":true,"href":"https:\/\/netzwerkrecherche.org\/nr25\/wp-json\/wp\/v2\/users\/38"}],"replies":[{"embeddable":true,"href":"https:\/\/netzwerkrecherche.org\/nr25\/wp-json\/wp\/v2\/comments?post=37763"}],"version-history":[{"count":10,"href":"https:\/\/netzwerkrecherche.org\/nr25\/wp-json\/wp\/v2\/pages\/37763\/revisions"}],"predecessor-version":[{"id":38303,"href":"https:\/\/netzwerkrecherche.org\/nr25\/wp-json\/wp\/v2\/pages\/37763\/revisions\/38303"}],"wp:attachment":[{"href":"https:\/\/netzwerkrecherche.org\/nr25\/wp-json\/wp\/v2\/media?parent=37763"}],"curies":[{"name":"wp","href":"https:\/\/api.w.org\/{rel}","templated":true}]}}