{"id":37929,"date":"2025-05-21T15:00:21","date_gmt":"2025-05-21T13:00:21","guid":{"rendered":"https:\/\/netzwerkrecherche.org\/nr25\/?page_id=37929"},"modified":"2025-12-09T17:07:13","modified_gmt":"2025-12-09T16:07:13","slug":"programm","status":"publish","type":"page","link":"https:\/\/netzwerkrecherche.org\/nr25\/programm\/","title":{"rendered":"Programm"},"content":{"rendered":"\n\n\t\t\t\t<img decoding=\"async\" src=\"https:\/\/netzwerkrecherche.org\/nr25\/wp-content\/uploads\/sites\/23\/2025\/05\/NR25_sched_mit-Motiv_mobile-header.png\" alt=\"NR25 Motiv\" itemprop=\"image\" height=\"500\" width=\"2400\" title=\"NR25_sched_mit Motiv_mobile-header\" onerror=\"this.style.display='none'\" loading='lazy' \/>\n<h1>\n\t\t\tProgramm\t<\/h1>\n\t<p>Das vorliegende Programm wird laufend aktualisiert und erg\u00e4nzt. \u00c4nderungen im Ablauf sind bis zum Veranstaltungsbeginn und auch w\u00e4hrend der Konferenz m\u00f6glich. Vor Ort erhalten alle Teilnehmer ein Faltblatt mit dem aktuellen Programmstand.<\/p>\n\t\t<a href=\"https:\/\/netzwerkrecherche.org\/wp-content\/uploads\/2025\/06\/Programm-Faltblatt-NR25-Freitag.pdf\"  target=\"_blank\">Programm Freitag (PDF)<\/a>\n\t\t<a href=\"https:\/\/netzwerkrecherche.org\/wp-content\/uploads\/2025\/06\/Programm-Faltblatt-NR25-Samstag.pdf\">Programm Samstag (PDF)<\/a>\n\t\t<a href=\"https:\/\/nr25.sched.com\/\">Online-Programm<\/a>\n\t\n<p><a id=\"sched-embed\" href=\"\/\/nr25.sched.com\/list\/simple\"><\/a><\/p>\n\t<a id=\"sched-embed\" href=\"\/\/nr25.sched.com\/list\/simple\"><\/a>\n\n","protected":false},"excerpt":{"rendered":"<p>Programm Das vorliegende Programm wird laufend aktualisiert und erg\u00e4nzt. \u00c4nderungen im Ablauf sind bis zum Veranstaltungsbeginn und auch w\u00e4hrend der Konferenz m\u00f6glich. Vor Ort erhalten alle Teilnehmer ein Faltblatt mit dem aktuellen Programmstand. Programm Freitag (PDF) Programm Samstag (PDF) Online-Programm<\/p>\n","protected":false},"author":38,"featured_media":37831,"parent":0,"menu_order":0,"comment_status":"closed","ping_status":"closed","template":"","meta":{"footnotes":""},"class_list":["post-37929","page","type-page","status-publish","has-post-thumbnail","hentry"],"yoast_head":"<!-- This site is optimized with the Yoast SEO plugin v27.3 - https:\/\/yoast.com\/product\/yoast-seo-wordpress\/ -->\n<title>Programm - NR25<\/title>\n<meta name=\"description\" content=\"Die NR25 findet am 13. und 14. Juni beim NDR Fernsehen in Hamburg statt. Hier findest du das aktuelle Programm der Jahreskonferenz.\" \/>\n<meta name=\"robots\" content=\"index, follow, max-snippet:-1, max-image-preview:large, max-video-preview:-1\" \/>\n<link rel=\"canonical\" href=\"https:\/\/netzwerkrecherche.org\/nr25\/programm\/\" \/>\n<meta property=\"og:locale\" content=\"de_DE\" \/>\n<meta property=\"og:type\" content=\"article\" \/>\n<meta property=\"og:title\" content=\"Programm - NR25\" \/>\n<meta property=\"og:description\" content=\"Die NR25 findet am 13. und 14. Juni beim NDR Fernsehen in Hamburg statt. Hier findest du das aktuelle Programm der Jahreskonferenz.\" \/>\n<meta property=\"og:url\" content=\"https:\/\/netzwerkrecherche.org\/nr25\/programm\/\" \/>\n<meta property=\"og:site_name\" content=\"NR25\" \/>\n<meta property=\"article:modified_time\" content=\"2025-12-09T16:07:13+00:00\" \/>\n<meta property=\"og:image\" content=\"https:\/\/netzwerkrecherche.org\/nr25\/wp-content\/uploads\/sites\/23\/2024\/12\/NR25.png\" \/>\n\t<meta property=\"og:image:width\" content=\"8000\" \/>\n\t<meta property=\"og:image:height\" content=\"4500\" \/>\n\t<meta property=\"og:image:type\" content=\"image\/png\" \/>\n<meta name=\"twitter:card\" content=\"summary_large_image\" \/>\n<meta name=\"twitter:label1\" content=\"Gesch\u00e4tzte Lesezeit\" \/>\n\t<meta name=\"twitter:data1\" content=\"1\u00a0Minute\" \/>\n<script type=\"application\/ld+json\" class=\"yoast-schema-graph\">{\"@context\":\"https:\\\/\\\/schema.org\",\"@graph\":[{\"@type\":\"WebPage\",\"@id\":\"https:\\\/\\\/netzwerkrecherche.org\\\/nr25\\\/programm\\\/\",\"url\":\"https:\\\/\\\/netzwerkrecherche.org\\\/nr25\\\/programm\\\/\",\"name\":\"Programm - NR25\",\"isPartOf\":{\"@id\":\"https:\\\/\\\/netzwerkrecherche.org\\\/nr25\\\/#website\"},\"primaryImageOfPage\":{\"@id\":\"https:\\\/\\\/netzwerkrecherche.org\\\/nr25\\\/programm\\\/#primaryimage\"},\"image\":{\"@id\":\"https:\\\/\\\/netzwerkrecherche.org\\\/nr25\\\/programm\\\/#primaryimage\"},\"thumbnailUrl\":\"https:\\\/\\\/netzwerkrecherche.org\\\/nr25\\\/wp-content\\\/uploads\\\/sites\\\/23\\\/2024\\\/12\\\/NR25.png\",\"datePublished\":\"2025-05-21T13:00:21+00:00\",\"dateModified\":\"2025-12-09T16:07:13+00:00\",\"description\":\"Die NR25 findet am 13. und 14. Juni beim NDR Fernsehen in Hamburg statt. Hier findest du das aktuelle Programm der Jahreskonferenz.\",\"breadcrumb\":{\"@id\":\"https:\\\/\\\/netzwerkrecherche.org\\\/nr25\\\/programm\\\/#breadcrumb\"},\"inLanguage\":\"de\",\"potentialAction\":[{\"@type\":\"ReadAction\",\"target\":[\"https:\\\/\\\/netzwerkrecherche.org\\\/nr25\\\/programm\\\/\"]}]},{\"@type\":\"ImageObject\",\"inLanguage\":\"de\",\"@id\":\"https:\\\/\\\/netzwerkrecherche.org\\\/nr25\\\/programm\\\/#primaryimage\",\"url\":\"https:\\\/\\\/netzwerkrecherche.org\\\/nr25\\\/wp-content\\\/uploads\\\/sites\\\/23\\\/2024\\\/12\\\/NR25.png\",\"contentUrl\":\"https:\\\/\\\/netzwerkrecherche.org\\\/nr25\\\/wp-content\\\/uploads\\\/sites\\\/23\\\/2024\\\/12\\\/NR25.png\",\"width\":8000,\"height\":4500,\"caption\":\"Netzwerk Recherche Jahreskonferenz am 13. und 14. Juni 2025\"},{\"@type\":\"BreadcrumbList\",\"@id\":\"https:\\\/\\\/netzwerkrecherche.org\\\/nr25\\\/programm\\\/#breadcrumb\",\"itemListElement\":[{\"@type\":\"ListItem\",\"position\":1,\"name\":\"Startseite\",\"item\":\"https:\\\/\\\/netzwerkrecherche.org\\\/nr25\\\/\"},{\"@type\":\"ListItem\",\"position\":2,\"name\":\"Programm\"}]},{\"@type\":\"WebSite\",\"@id\":\"https:\\\/\\\/netzwerkrecherche.org\\\/nr25\\\/#website\",\"url\":\"https:\\\/\\\/netzwerkrecherche.org\\\/nr25\\\/\",\"name\":\"NR25\",\"description\":\"Netzwerk Recherche Jahreskonferenz 2025\",\"publisher\":{\"@id\":\"https:\\\/\\\/netzwerkrecherche.org\\\/nr25\\\/#organization\"},\"potentialAction\":[{\"@type\":\"SearchAction\",\"target\":{\"@type\":\"EntryPoint\",\"urlTemplate\":\"https:\\\/\\\/netzwerkrecherche.org\\\/nr25\\\/?s={search_term_string}\"},\"query-input\":{\"@type\":\"PropertyValueSpecification\",\"valueRequired\":true,\"valueName\":\"search_term_string\"}}],\"inLanguage\":\"de\"},{\"@type\":\"Organization\",\"@id\":\"https:\\\/\\\/netzwerkrecherche.org\\\/nr25\\\/#organization\",\"name\":\"Netzwerk Recherche\",\"url\":\"https:\\\/\\\/netzwerkrecherche.org\\\/nr25\\\/\",\"logo\":{\"@type\":\"ImageObject\",\"inLanguage\":\"de\",\"@id\":\"https:\\\/\\\/netzwerkrecherche.org\\\/nr25\\\/#\\\/schema\\\/logo\\\/image\\\/\",\"url\":\"https:\\\/\\\/netzwerkrecherche.org\\\/nr25\\\/wp-content\\\/uploads\\\/sites\\\/19\\\/2024\\\/12\\\/NR-Logo.png\",\"contentUrl\":\"https:\\\/\\\/netzwerkrecherche.org\\\/nr25\\\/wp-content\\\/uploads\\\/sites\\\/19\\\/2024\\\/12\\\/NR-Logo.png\",\"width\":2084,\"height\":926,\"caption\":\"Netzwerk Recherche\"},\"image\":{\"@id\":\"https:\\\/\\\/netzwerkrecherche.org\\\/nr25\\\/#\\\/schema\\\/logo\\\/image\\\/\"}}]}<\/script>\n<!-- \/ Yoast SEO plugin. -->","yoast_head_json":{"title":"Programm - NR25","description":"Die NR25 findet am 13. und 14. Juni beim NDR Fernsehen in Hamburg statt. Hier findest du das aktuelle Programm der Jahreskonferenz.","robots":{"index":"index","follow":"follow","max-snippet":"max-snippet:-1","max-image-preview":"max-image-preview:large","max-video-preview":"max-video-preview:-1"},"canonical":"https:\/\/netzwerkrecherche.org\/nr25\/programm\/","og_locale":"de_DE","og_type":"article","og_title":"Programm - NR25","og_description":"Die NR25 findet am 13. und 14. Juni beim NDR Fernsehen in Hamburg statt. Hier findest du das aktuelle Programm der Jahreskonferenz.","og_url":"https:\/\/netzwerkrecherche.org\/nr25\/programm\/","og_site_name":"NR25","article_modified_time":"2025-12-09T16:07:13+00:00","og_image":[{"width":8000,"height":4500,"url":"https:\/\/netzwerkrecherche.org\/nr25\/wp-content\/uploads\/sites\/23\/2024\/12\/NR25.png","type":"image\/png"}],"twitter_card":"summary_large_image","twitter_misc":{"Gesch\u00e4tzte Lesezeit":"1\u00a0Minute"},"schema":{"@context":"https:\/\/schema.org","@graph":[{"@type":"WebPage","@id":"https:\/\/netzwerkrecherche.org\/nr25\/programm\/","url":"https:\/\/netzwerkrecherche.org\/nr25\/programm\/","name":"Programm - NR25","isPartOf":{"@id":"https:\/\/netzwerkrecherche.org\/nr25\/#website"},"primaryImageOfPage":{"@id":"https:\/\/netzwerkrecherche.org\/nr25\/programm\/#primaryimage"},"image":{"@id":"https:\/\/netzwerkrecherche.org\/nr25\/programm\/#primaryimage"},"thumbnailUrl":"https:\/\/netzwerkrecherche.org\/nr25\/wp-content\/uploads\/sites\/23\/2024\/12\/NR25.png","datePublished":"2025-05-21T13:00:21+00:00","dateModified":"2025-12-09T16:07:13+00:00","description":"Die NR25 findet am 13. und 14. Juni beim NDR Fernsehen in Hamburg statt. Hier findest du das aktuelle Programm der Jahreskonferenz.","breadcrumb":{"@id":"https:\/\/netzwerkrecherche.org\/nr25\/programm\/#breadcrumb"},"inLanguage":"de","potentialAction":[{"@type":"ReadAction","target":["https:\/\/netzwerkrecherche.org\/nr25\/programm\/"]}]},{"@type":"ImageObject","inLanguage":"de","@id":"https:\/\/netzwerkrecherche.org\/nr25\/programm\/#primaryimage","url":"https:\/\/netzwerkrecherche.org\/nr25\/wp-content\/uploads\/sites\/23\/2024\/12\/NR25.png","contentUrl":"https:\/\/netzwerkrecherche.org\/nr25\/wp-content\/uploads\/sites\/23\/2024\/12\/NR25.png","width":8000,"height":4500,"caption":"Netzwerk Recherche Jahreskonferenz am 13. und 14. Juni 2025"},{"@type":"BreadcrumbList","@id":"https:\/\/netzwerkrecherche.org\/nr25\/programm\/#breadcrumb","itemListElement":[{"@type":"ListItem","position":1,"name":"Startseite","item":"https:\/\/netzwerkrecherche.org\/nr25\/"},{"@type":"ListItem","position":2,"name":"Programm"}]},{"@type":"WebSite","@id":"https:\/\/netzwerkrecherche.org\/nr25\/#website","url":"https:\/\/netzwerkrecherche.org\/nr25\/","name":"NR25","description":"Netzwerk Recherche Jahreskonferenz 2025","publisher":{"@id":"https:\/\/netzwerkrecherche.org\/nr25\/#organization"},"potentialAction":[{"@type":"SearchAction","target":{"@type":"EntryPoint","urlTemplate":"https:\/\/netzwerkrecherche.org\/nr25\/?s={search_term_string}"},"query-input":{"@type":"PropertyValueSpecification","valueRequired":true,"valueName":"search_term_string"}}],"inLanguage":"de"},{"@type":"Organization","@id":"https:\/\/netzwerkrecherche.org\/nr25\/#organization","name":"Netzwerk Recherche","url":"https:\/\/netzwerkrecherche.org\/nr25\/","logo":{"@type":"ImageObject","inLanguage":"de","@id":"https:\/\/netzwerkrecherche.org\/nr25\/#\/schema\/logo\/image\/","url":"https:\/\/netzwerkrecherche.org\/nr25\/wp-content\/uploads\/sites\/19\/2024\/12\/NR-Logo.png","contentUrl":"https:\/\/netzwerkrecherche.org\/nr25\/wp-content\/uploads\/sites\/19\/2024\/12\/NR-Logo.png","width":2084,"height":926,"caption":"Netzwerk Recherche"},"image":{"@id":"https:\/\/netzwerkrecherche.org\/nr25\/#\/schema\/logo\/image\/"}}]}},"_links":{"self":[{"href":"https:\/\/netzwerkrecherche.org\/nr25\/wp-json\/wp\/v2\/pages\/37929","targetHints":{"allow":["GET"]}}],"collection":[{"href":"https:\/\/netzwerkrecherche.org\/nr25\/wp-json\/wp\/v2\/pages"}],"about":[{"href":"https:\/\/netzwerkrecherche.org\/nr25\/wp-json\/wp\/v2\/types\/page"}],"author":[{"embeddable":true,"href":"https:\/\/netzwerkrecherche.org\/nr25\/wp-json\/wp\/v2\/users\/38"}],"replies":[{"embeddable":true,"href":"https:\/\/netzwerkrecherche.org\/nr25\/wp-json\/wp\/v2\/comments?post=37929"}],"version-history":[{"count":15,"href":"https:\/\/netzwerkrecherche.org\/nr25\/wp-json\/wp\/v2\/pages\/37929\/revisions"}],"predecessor-version":[{"id":38017,"href":"https:\/\/netzwerkrecherche.org\/nr25\/wp-json\/wp\/v2\/pages\/37929\/revisions\/38017"}],"wp:featuredmedia":[{"embeddable":true,"href":"https:\/\/netzwerkrecherche.org\/nr25\/wp-json\/wp\/v2\/media\/37831"}],"wp:attachment":[{"href":"https:\/\/netzwerkrecherche.org\/nr25\/wp-json\/wp\/v2\/media?parent=37929"}],"curies":[{"name":"wp","href":"https:\/\/api.w.org\/{rel}","templated":true}]}}