{"id":37964,"date":"2025-05-23T14:36:52","date_gmt":"2025-05-23T12:36:52","guid":{"rendered":"https:\/\/netzwerkrecherche.org\/nr25\/?page_id=37964"},"modified":"2026-02-11T15:07:48","modified_gmt":"2026-02-11T14:07:48","slug":"foerderer-und-partner","status":"publish","type":"page","link":"https:\/\/netzwerkrecherche.org\/nr25\/foerderer-und-partner\/","title":{"rendered":"F\u00f6rderer und Partner"},"content":{"rendered":"\n<h1>\n\t\t\tF\u00f6rderer und Partner der NR-Jahreskonferenz\t<\/h1>\n\t\t\t<a href=\"https:\/\/www.hamburg.de\/politik-und-verwaltung\/behoerden\/behoerde-fuer-kultur-und-medien\">\t\t<img decoding=\"async\" loading=\"lazy\" src=\"https:\/\/netzwerkrecherche.org\/nr25\/wp-content\/uploads\/sites\/23\/2025\/05\/1.svg\" alt=\"\" title=\"<? echo $image_subtitle; ?\/>&#8220; srcset=&#8220;&#8220; width=&#8220;0&#8243; height=&#8220;0&#8243;\/>\n\t\t<\/a>\t\t\t\n\t\t\t<a href=\"https:\/\/www.spiegel.de\/\">\t\t<img decoding=\"async\" loading=\"lazy\" src=\"https:\/\/netzwerkrecherche.org\/nr25\/wp-content\/uploads\/sites\/23\/2025\/05\/2.svg\" alt=\"\" title=\"<? echo $image_subtitle; ?\/>&#8220; srcset=&#8220;&#8220; width=&#8220;0&#8243; height=&#8220;0&#8243;\/>\n\t\t<\/a>\t\t\t\n\t\t\t<a href=\"https:\/\/www.ndr.de\/\">\t\t<img decoding=\"async\" loading=\"lazy\" src=\"https:\/\/netzwerkrecherche.org\/nr25\/wp-content\/uploads\/sites\/23\/2025\/05\/3.svg\" alt=\"\" title=\"<? echo $image_subtitle; ?\/>&#8220; srcset=&#8220;&#8220; width=&#8220;0&#8243; height=&#8220;0&#8243;\/>\n\t\t<\/a>\t\t\t\n\t\t\t<a href=\"https:\/\/www.reporter-ohne-grenzen.de\/\">\t\t<img decoding=\"async\" loading=\"lazy\" src=\"https:\/\/netzwerkrecherche.org\/nr25\/wp-content\/uploads\/sites\/23\/2025\/05\/4.svg\" alt=\"\" title=\"<? echo $image_subtitle; ?\/>&#8220; srcset=&#8220;&#8220; width=&#8220;0&#8243; height=&#8220;0&#8243;\/>\n\t\t<\/a>\t\t\t\n\t\t\t<a href=\"https:\/\/rudolf-augstein-stiftung.de\/\">\t\t<img decoding=\"async\" loading=\"lazy\" src=\"https:\/\/netzwerkrecherche.org\/nr25\/wp-content\/uploads\/sites\/23\/2025\/05\/5.svg\" alt=\"\" title=\"<? echo $image_subtitle; ?\/>&#8220; srcset=&#8220;&#8220; width=&#8220;0&#8243; height=&#8220;0&#8243;\/>\n\t\t<\/a>\t\t\t\n\t\t\t<a href=\"https:\/\/www.arte.tv\/de\/\">\t\t<img decoding=\"async\" loading=\"lazy\" src=\"https:\/\/netzwerkrecherche.org\/nr25\/wp-content\/uploads\/sites\/23\/2025\/05\/6.svg\" alt=\"\" title=\"<? echo $image_subtitle; ?\/>&#8220; srcset=&#8220;&#8220; width=&#8220;0&#8243; height=&#8220;0&#8243;\/>\n\t\t<\/a>\t\t\t\n\t\t\t<a href=\"https:\/\/www.experimentelle-biomedizin.ch\/de\/\">\t\t<img decoding=\"async\" loading=\"lazy\" src=\"https:\/\/netzwerkrecherche.org\/nr25\/wp-content\/uploads\/sites\/23\/2025\/05\/7.svg\" alt=\"\" title=\"<? echo $image_subtitle; ?\/>&#8220; srcset=&#8220;&#8220; width=&#8220;0&#8243; height=&#8220;0&#8243;\/>\n\t\t<\/a>\t\t\t\n\t\t\t<a href=\"https:\/\/www.tidenet.de\/\">\t\t<img decoding=\"async\" loading=\"lazy\" src=\"https:\/\/netzwerkrecherche.org\/nr25\/wp-content\/uploads\/sites\/23\/2025\/05\/8.svg\" alt=\"\" title=\"<? echo $image_subtitle; ?\/>&#8220; srcset=&#8220;&#8220; width=&#8220;0&#8243; height=&#8220;0&#8243;\/>\n\t\t<\/a>\t\t\t\n\t\t\t<a href=\"https:\/\/klimajournalismus.de\/de\">\t\t<img decoding=\"async\" loading=\"lazy\" src=\"https:\/\/netzwerkrecherche.org\/nr25\/wp-content\/uploads\/sites\/23\/2025\/05\/9.svg\" alt=\"\" title=\"<? echo $image_subtitle; ?\/>&#8220; srcset=&#8220;&#8220; width=&#8220;0&#8243; height=&#8220;0&#8243;\/>\n\t\t<\/a>\t\t\t\n\t\t\t\t\t<img decoding=\"async\" loading=\"lazy\" src=\"https:\/\/netzwerkrecherche.org\/nr25\/wp-content\/uploads\/sites\/23\/2025\/06\/Stiftung-Mercator.svg\" alt=\"\" title=\"<? echo $image_subtitle; ?\/>&#8220; srcset=&#8220;&#8220; width=&#8220;0&#8243; height=&#8220;0&#8243;\/>\n\t\t\t<a href=\"https:\/\/gijn.org\/\">\t\t<img decoding=\"async\" loading=\"lazy\" src=\"https:\/\/netzwerkrecherche.org\/nr25\/wp-content\/uploads\/sites\/23\/2025\/05\/11.svg\" alt=\"\" title=\"<? echo $image_subtitle; ?\/>&#8220; srcset=&#8220;&#8220; width=&#8220;0&#8243; height=&#8220;0&#8243;\/>\n\t\t<\/a>\t\t\t\n\t\t\t<a href=\"https:\/\/www.fes.de\/\">\t\t<img decoding=\"async\" loading=\"lazy\" src=\"https:\/\/netzwerkrecherche.org\/nr25\/wp-content\/uploads\/sites\/23\/2025\/05\/12.svg\" alt=\"\" title=\"<? echo $image_subtitle; ?\/>&#8220; srcset=&#8220;&#8220; width=&#8220;0&#8243; height=&#8220;0&#8243;\/>\n\t\t<\/a>\t\t\t\n\t\t\t<a href=\"https:\/\/www.hamburgmediaschool.com\/?_gl=1*qyho96*_up*MQ..*_gs*MQ..&amp;gclid=Cj0KCQjwucDBBhDxARIsANqFdr2jrj8L8Y5EiVqc7Kclm_ad0n2SeApGr_pQZJpYtiztdgcqs1SdH1IaAjyuEALw_wcB&amp;gbraid=0AAAAAD9Xg26mWrjT0-9ohNFRWlWezFux1\">\t\t<img decoding=\"async\" loading=\"lazy\" src=\"https:\/\/netzwerkrecherche.org\/nr25\/wp-content\/uploads\/sites\/23\/2025\/05\/13.svg\" alt=\"\" title=\"<? echo $image_subtitle; ?\/>&#8220; srcset=&#8220;&#8220; width=&#8220;0&#8243; height=&#8220;0&#8243;\/>\n\t\t<\/a>\t\t\t\n\t\t\t<a href=\"https:\/\/neuemedienmacher.de\/\">\t\t<img decoding=\"async\" loading=\"lazy\" src=\"https:\/\/netzwerkrecherche.org\/nr25\/wp-content\/uploads\/sites\/23\/2025\/05\/14.svg\" alt=\"\" title=\"<? echo $image_subtitle; ?\/>&#8220; srcset=&#8220;&#8220; width=&#8220;0&#8243; height=&#8220;0&#8243;\/>\n\t\t<\/a>\t\t\t\n\t\t\t<a href=\"https:\/\/www.djv.de\/\">\t\t<img decoding=\"async\" loading=\"lazy\" src=\"https:\/\/netzwerkrecherche.org\/nr25\/wp-content\/uploads\/sites\/23\/2025\/05\/15.svg\" alt=\"\" title=\"<? echo $image_subtitle; ?\/>&#8220; srcset=&#8220;&#8220; width=&#8220;0&#8243; height=&#8220;0&#8243;\/>\n\t\t<\/a>\t\t\t\n\t\t\t<a href=\"https:\/\/www.presse-versorgung.de\/?_gl=1*1y6p89l*_up*MQ..*_gs*MQ..&amp;gclid=Cj0KCQjwucDBBhDxARIsANqFdr2lkBo8VNHro_778iQdlgKhKYu7anakaFGaX-NYOXKIKRQwyaeMek0aAmEmEALw_wcB&amp;gbraid=0AAAAAoTMC992ywONZp70d0EmWSAlzhuGA\">\t\t<img decoding=\"async\" loading=\"lazy\" src=\"https:\/\/netzwerkrecherche.org\/nr25\/wp-content\/uploads\/sites\/23\/2025\/05\/16.svg\" alt=\"\" title=\"<? echo $image_subtitle; ?\/>&#8220; srcset=&#8220;&#8220; width=&#8220;0&#8243; height=&#8220;0&#8243;\/>\n\t\t<\/a>\t\t\t\n\t\t\t<a href=\"https:\/\/www.aok.de\/pk\/rh\/\">\t\t<img decoding=\"async\" loading=\"lazy\" src=\"https:\/\/netzwerkrecherche.org\/nr25\/wp-content\/uploads\/sites\/23\/2025\/05\/17.svg\" alt=\"\" title=\"<? echo $image_subtitle; ?\/>&#8220; srcset=&#8220;&#8220; width=&#8220;0&#8243; height=&#8220;0&#8243;\/>\n\t\t<\/a>\t\t\t\n\t\t\t<a href=\"https:\/\/zukunftswerkstatt-lokstedt.de\/tag\/lokstedter-lastenrad\/\">\t\t<img decoding=\"async\" loading=\"lazy\" src=\"https:\/\/netzwerkrecherche.org\/nr25\/wp-content\/uploads\/sites\/23\/2025\/05\/18.svg\" alt=\"\" title=\"<? echo $image_subtitle; ?\/>&#8220; srcset=&#8220;&#8220; width=&#8220;0&#8243; height=&#8220;0&#8243;\/>\n\t\t<\/a>\t\t\t\n\t<h2>\n\t\t\tMitglieder des NR-F\u00f6rderkuratoriums\t<\/h2>\n\t\t\t<a href=\"https:\/\/www.ecosia.org\/\">\t\t<img decoding=\"async\" loading=\"lazy\" src=\"https:\/\/netzwerkrecherche.org\/nr25\/wp-content\/uploads\/sites\/23\/2025\/05\/1-1.svg\" alt=\"\" title=\"<? echo $image_subtitle; ?\/>&#8220; srcset=&#8220;&#8220; width=&#8220;0&#8243; height=&#8220;0&#8243;\/>\n\t\t<\/a>\t\t\t\n\t\t\t<a href=\"https:\/\/klaus-tschira-stiftung.de\/\">\t\t<img decoding=\"async\" loading=\"lazy\" src=\"https:\/\/netzwerkrecherche.org\/nr25\/wp-content\/uploads\/sites\/23\/2025\/05\/2-1.svg\" alt=\"\" title=\"<? echo $image_subtitle; ?\/>&#8220; srcset=&#8220;&#8220; width=&#8220;0&#8243; height=&#8220;0&#8243;\/>\n\t\t<\/a>\t\t\t\n\t\t\t<a href=\"https:\/\/klaus-tschira-stiftung.de\/\">\t\t<img decoding=\"async\" loading=\"lazy\" src=\"https:\/\/netzwerkrecherche.org\/nr25\/wp-content\/uploads\/sites\/23\/2025\/05\/3-1.svg\" alt=\"\" title=\"<? echo $image_subtitle; ?\/>&#8220; srcset=&#8220;&#8220; width=&#8220;0&#8243; height=&#8220;0&#8243;\/>\n\t\t<\/a>\t\t\t\n\t\t\t<a href=\"https:\/\/www.sciencemediacenter.de\/\">\t\t<img decoding=\"async\" loading=\"lazy\" src=\"https:\/\/netzwerkrecherche.org\/nr25\/wp-content\/uploads\/sites\/23\/2025\/05\/4-1.svg\" alt=\"\" title=\"<? echo $image_subtitle; ?\/>&#8220; srcset=&#8220;&#8220; width=&#8220;0&#8243; height=&#8220;0&#8243;\/>\n\t\t<\/a>\t\t\t\n\t\t\t<a href=\"https:\/\/correctiv.org\/\">\t\t<img decoding=\"async\" loading=\"lazy\" src=\"https:\/\/netzwerkrecherche.org\/nr25\/wp-content\/uploads\/sites\/23\/2025\/05\/5-1.svg\" alt=\"\" title=\"<? echo $image_subtitle; ?\/>&#8220; srcset=&#8220;&#8220; width=&#8220;0&#8243; height=&#8220;0&#8243;\/>\n\t\t<\/a>\t\t\t\n\t\t\t<a href=\"https:\/\/www.opensanctions.org\/\">\t\t<img decoding=\"async\" loading=\"lazy\" src=\"https:\/\/netzwerkrecherche.org\/nr25\/wp-content\/uploads\/sites\/23\/2025\/05\/6-1.svg\" alt=\"\" title=\"<? echo $image_subtitle; ?\/>&#8220; srcset=&#8220;&#8220; width=&#8220;0&#8243; height=&#8220;0&#8243;\/>\n\t\t<\/a>\t\t\t\n\t\t\t<a href=\"https:\/\/www.greenpeace.de\/\">\t\t<img decoding=\"async\" loading=\"lazy\" src=\"https:\/\/netzwerkrecherche.org\/nr25\/wp-content\/uploads\/sites\/23\/2025\/05\/7-1.svg\" alt=\"\" title=\"<? echo $image_subtitle; ?\/>&#8220; srcset=&#8220;&#8220; width=&#8220;0&#8243; height=&#8220;0&#8243;\/>\n\t\t<\/a>\t\t\t\n\t\t\t<a href=\"https:\/\/www.munzinger.de\/corporate\/\">\t\t<img decoding=\"async\" loading=\"lazy\" src=\"https:\/\/netzwerkrecherche.org\/nr25\/wp-content\/uploads\/sites\/23\/2025\/05\/8-1.svg\" alt=\"\" title=\"<? echo $image_subtitle; ?\/>&#8220; srcset=&#8220;&#8220; width=&#8220;0&#8243; height=&#8220;0&#8243;\/>\n\t\t<\/a>\t\t\t\n\t\t\t<a href=\"https:\/\/www.ard-zdf-medienakademie.de\/\">\t\t<img decoding=\"async\" loading=\"lazy\" src=\"https:\/\/netzwerkrecherche.org\/nr25\/wp-content\/uploads\/sites\/23\/2025\/05\/9-1.svg\" alt=\"\" title=\"<? echo $image_subtitle; ?\/>&#8220; srcset=&#8220;&#8220; width=&#8220;0&#8243; height=&#8220;0&#8243;\/>\n\t\t<\/a>\t\t\t\n\t\t\t<a href=\"https:\/\/www.otto-brenner-stiftung.de\/\">\t\t<img decoding=\"async\" loading=\"lazy\" src=\"https:\/\/netzwerkrecherche.org\/nr25\/wp-content\/uploads\/sites\/23\/2025\/05\/10-1.svg\" alt=\"\" title=\"<? echo $image_subtitle; ?\/>&#8220; srcset=&#8220;&#8220; width=&#8220;0&#8243; height=&#8220;0&#8243;\/>\n\t\t<\/a>\t\t\t\n\t\t\t<a href=\"https:\/\/www.freiheit.org\/de\">\t\t<img decoding=\"async\" loading=\"lazy\" src=\"https:\/\/netzwerkrecherche.org\/nr25\/wp-content\/uploads\/sites\/23\/2025\/05\/11-1.svg\" alt=\"\" title=\"<? echo $image_subtitle; ?\/>&#8220; srcset=&#8220;&#8220; width=&#8220;0&#8243; height=&#8220;0&#8243;\/>\n\t\t<\/a>\t\t\t\n\t\t\t<a href=\"https:\/\/www.boell.de\/de\">\t\t<img decoding=\"async\" loading=\"lazy\" src=\"https:\/\/netzwerkrecherche.org\/nr25\/wp-content\/uploads\/sites\/23\/2025\/05\/12-1.svg\" alt=\"\" title=\"<? echo $image_subtitle; ?\/>&#8220; srcset=&#8220;&#8220; width=&#8220;0&#8243; height=&#8220;0&#8243;\/>\n\t\t<\/a>\t\t\t\n\t\t\t<a href=\"https:\/\/www.swr.de\/\">\t\t<img decoding=\"async\" loading=\"lazy\" src=\"https:\/\/netzwerkrecherche.org\/nr25\/wp-content\/uploads\/sites\/23\/2025\/05\/13-1.svg\" alt=\"\" title=\"<? echo $image_subtitle; ?\/>&#8220; srcset=&#8220;&#8220; width=&#8220;0&#8243; height=&#8220;0&#8243;\/>\n\t\t<\/a>\t\t\t\n\t\t\t<a href=\"https:\/\/www.northdata.de\/\">\t\t<img decoding=\"async\" loading=\"lazy\" src=\"https:\/\/netzwerkrecherche.org\/nr25\/wp-content\/uploads\/sites\/23\/2025\/05\/14-1.svg\" alt=\"\" title=\"<? echo $image_subtitle; ?\/>&#8220; srcset=&#8220;&#8220; width=&#8220;0&#8243; height=&#8220;0&#8243;\/>\n\t\t<\/a>\t\t\t\n\t\t\t<a href=\"https:\/\/ecomediatv.de\/\">\t\t<img decoding=\"async\" loading=\"lazy\" src=\"https:\/\/netzwerkrecherche.org\/nr25\/wp-content\/uploads\/sites\/23\/2025\/05\/15-1.svg\" alt=\"\" title=\"<? echo $image_subtitle; ?\/>&#8220; srcset=&#8220;&#8220; width=&#8220;0&#8243; height=&#8220;0&#8243;\/>\n\t\t<\/a>\t\t\t\n\t\t\t<a href=\"https:\/\/www.berliner-journalisten-schule.de\/\">\t\t<img decoding=\"async\" loading=\"lazy\" src=\"https:\/\/netzwerkrecherche.org\/nr25\/wp-content\/uploads\/sites\/23\/2025\/05\/16-1.svg\" alt=\"\" title=\"<? echo $image_subtitle; ?\/>&#8220; srcset=&#8220;&#8220; width=&#8220;0&#8243; height=&#8220;0&#8243;\/>\n\t\t<\/a>\t\t\t\n\t<p>Susanne K\u00f6hler<\/p>\n\t<p>Matthias Schrade<\/p>\n\t<p>Dr. Manuel Schiffler<\/p>\n\n","protected":false},"excerpt":{"rendered":"<p>F\u00f6rderer und Partner der NR-Jahreskonferenz<\/p>\n","protected":false},"author":52,"featured_media":0,"parent":0,"menu_order":0,"comment_status":"closed","ping_status":"closed","template":"","meta":{"footnotes":""},"class_list":["post-37964","page","type-page","status-publish","hentry"],"yoast_head":"<!-- This site is optimized with the Yoast SEO plugin v27.4 - https:\/\/yoast.com\/product\/yoast-seo-wordpress\/ -->\n<title>F\u00f6rderer und Partner - NR25<\/title>\n<meta name=\"description\" content=\"Alle F\u00f6rderer und Partner der NR25 Jahreskonferenz im \u00dcberblick \u2013 Organisationen und Unternehmen, die die Konferenz unterst\u00fctzen.\" \/>\n<meta name=\"robots\" content=\"index, follow, max-snippet:-1, max-image-preview:large, max-video-preview:-1\" \/>\n<link rel=\"canonical\" href=\"https:\/\/netzwerkrecherche.org\/nr25\/foerderer-und-partner\/\" \/>\n<meta property=\"og:locale\" content=\"de_DE\" \/>\n<meta property=\"og:type\" content=\"article\" \/>\n<meta property=\"og:title\" content=\"F\u00f6rderer und Partner - NR25\" \/>\n<meta property=\"og:description\" content=\"Alle F\u00f6rderer und Partner der NR25 Jahreskonferenz im \u00dcberblick \u2013 Organisationen und Unternehmen, die die Konferenz unterst\u00fctzen.\" \/>\n<meta property=\"og:url\" content=\"https:\/\/netzwerkrecherche.org\/nr25\/foerderer-und-partner\/\" \/>\n<meta property=\"og:site_name\" content=\"NR25\" \/>\n<meta property=\"article:modified_time\" content=\"2026-02-11T14:07:48+00:00\" \/>\n<meta property=\"og:image\" content=\"https:\/\/netzwerkrecherche.org\/nr25\/wp-content\/uploads\/sites\/23\/2025\/05\/1.svg\" \/>\n<meta name=\"twitter:card\" content=\"summary_large_image\" \/>\n<meta name=\"twitter:label1\" content=\"Gesch\u00e4tzte Lesezeit\" \/>\n\t<meta name=\"twitter:data1\" content=\"8\u00a0Minuten\" \/>\n<script type=\"application\/ld+json\" class=\"yoast-schema-graph\">{\"@context\":\"https:\\\/\\\/schema.org\",\"@graph\":[{\"@type\":\"WebPage\",\"@id\":\"https:\\\/\\\/netzwerkrecherche.org\\\/nr25\\\/foerderer-und-partner\\\/\",\"url\":\"https:\\\/\\\/netzwerkrecherche.org\\\/nr25\\\/foerderer-und-partner\\\/\",\"name\":\"F\u00f6rderer und Partner - NR25\",\"isPartOf\":{\"@id\":\"https:\\\/\\\/netzwerkrecherche.org\\\/nr25\\\/#website\"},\"primaryImageOfPage\":{\"@id\":\"https:\\\/\\\/netzwerkrecherche.org\\\/nr25\\\/foerderer-und-partner\\\/#primaryimage\"},\"image\":{\"@id\":\"https:\\\/\\\/netzwerkrecherche.org\\\/nr25\\\/foerderer-und-partner\\\/#primaryimage\"},\"thumbnailUrl\":\"https:\\\/\\\/netzwerkrecherche.org\\\/nr25\\\/wp-content\\\/uploads\\\/sites\\\/23\\\/2025\\\/05\\\/1.svg\",\"datePublished\":\"2025-05-23T12:36:52+00:00\",\"dateModified\":\"2026-02-11T14:07:48+00:00\",\"description\":\"Alle F\u00f6rderer und Partner der NR25 Jahreskonferenz im \u00dcberblick \u2013 Organisationen und Unternehmen, die die Konferenz unterst\u00fctzen.\",\"breadcrumb\":{\"@id\":\"https:\\\/\\\/netzwerkrecherche.org\\\/nr25\\\/foerderer-und-partner\\\/#breadcrumb\"},\"inLanguage\":\"de\",\"potentialAction\":[{\"@type\":\"ReadAction\",\"target\":[\"https:\\\/\\\/netzwerkrecherche.org\\\/nr25\\\/foerderer-und-partner\\\/\"]}]},{\"@type\":\"ImageObject\",\"inLanguage\":\"de\",\"@id\":\"https:\\\/\\\/netzwerkrecherche.org\\\/nr25\\\/foerderer-und-partner\\\/#primaryimage\",\"url\":\"https:\\\/\\\/netzwerkrecherche.org\\\/nr25\\\/wp-content\\\/uploads\\\/sites\\\/23\\\/2025\\\/05\\\/1.svg\",\"contentUrl\":\"https:\\\/\\\/netzwerkrecherche.org\\\/nr25\\\/wp-content\\\/uploads\\\/sites\\\/23\\\/2025\\\/05\\\/1.svg\"},{\"@type\":\"BreadcrumbList\",\"@id\":\"https:\\\/\\\/netzwerkrecherche.org\\\/nr25\\\/foerderer-und-partner\\\/#breadcrumb\",\"itemListElement\":[{\"@type\":\"ListItem\",\"position\":1,\"name\":\"Startseite\",\"item\":\"https:\\\/\\\/netzwerkrecherche.org\\\/nr25\\\/\"},{\"@type\":\"ListItem\",\"position\":2,\"name\":\"F\u00f6rderer und Partner\"}]},{\"@type\":\"WebSite\",\"@id\":\"https:\\\/\\\/netzwerkrecherche.org\\\/nr25\\\/#website\",\"url\":\"https:\\\/\\\/netzwerkrecherche.org\\\/nr25\\\/\",\"name\":\"NR25\",\"description\":\"Netzwerk Recherche Jahreskonferenz 2025\",\"publisher\":{\"@id\":\"https:\\\/\\\/netzwerkrecherche.org\\\/nr25\\\/#organization\"},\"potentialAction\":[{\"@type\":\"SearchAction\",\"target\":{\"@type\":\"EntryPoint\",\"urlTemplate\":\"https:\\\/\\\/netzwerkrecherche.org\\\/nr25\\\/?s={search_term_string}\"},\"query-input\":{\"@type\":\"PropertyValueSpecification\",\"valueRequired\":true,\"valueName\":\"search_term_string\"}}],\"inLanguage\":\"de\"},{\"@type\":\"Organization\",\"@id\":\"https:\\\/\\\/netzwerkrecherche.org\\\/nr25\\\/#organization\",\"name\":\"Netzwerk Recherche\",\"url\":\"https:\\\/\\\/netzwerkrecherche.org\\\/nr25\\\/\",\"logo\":{\"@type\":\"ImageObject\",\"inLanguage\":\"de\",\"@id\":\"https:\\\/\\\/netzwerkrecherche.org\\\/nr25\\\/#\\\/schema\\\/logo\\\/image\\\/\",\"url\":\"https:\\\/\\\/netzwerkrecherche.org\\\/nr25\\\/wp-content\\\/uploads\\\/sites\\\/19\\\/2024\\\/12\\\/NR-Logo.png\",\"contentUrl\":\"https:\\\/\\\/netzwerkrecherche.org\\\/nr25\\\/wp-content\\\/uploads\\\/sites\\\/19\\\/2024\\\/12\\\/NR-Logo.png\",\"width\":2084,\"height\":926,\"caption\":\"Netzwerk Recherche\"},\"image\":{\"@id\":\"https:\\\/\\\/netzwerkrecherche.org\\\/nr25\\\/#\\\/schema\\\/logo\\\/image\\\/\"}}]}<\/script>\n<!-- \/ Yoast SEO plugin. -->","yoast_head_json":{"title":"F\u00f6rderer und Partner - NR25","description":"Alle F\u00f6rderer und Partner der NR25 Jahreskonferenz im \u00dcberblick \u2013 Organisationen und Unternehmen, die die Konferenz unterst\u00fctzen.","robots":{"index":"index","follow":"follow","max-snippet":"max-snippet:-1","max-image-preview":"max-image-preview:large","max-video-preview":"max-video-preview:-1"},"canonical":"https:\/\/netzwerkrecherche.org\/nr25\/foerderer-und-partner\/","og_locale":"de_DE","og_type":"article","og_title":"F\u00f6rderer und Partner - NR25","og_description":"Alle F\u00f6rderer und Partner der NR25 Jahreskonferenz im \u00dcberblick \u2013 Organisationen und Unternehmen, die die Konferenz unterst\u00fctzen.","og_url":"https:\/\/netzwerkrecherche.org\/nr25\/foerderer-und-partner\/","og_site_name":"NR25","article_modified_time":"2026-02-11T14:07:48+00:00","og_image":[{"url":"https:\/\/netzwerkrecherche.org\/nr25\/wp-content\/uploads\/sites\/23\/2025\/05\/1.svg","type":"","width":"","height":""}],"twitter_card":"summary_large_image","twitter_misc":{"Gesch\u00e4tzte Lesezeit":"8\u00a0Minuten"},"schema":{"@context":"https:\/\/schema.org","@graph":[{"@type":"WebPage","@id":"https:\/\/netzwerkrecherche.org\/nr25\/foerderer-und-partner\/","url":"https:\/\/netzwerkrecherche.org\/nr25\/foerderer-und-partner\/","name":"F\u00f6rderer und Partner - NR25","isPartOf":{"@id":"https:\/\/netzwerkrecherche.org\/nr25\/#website"},"primaryImageOfPage":{"@id":"https:\/\/netzwerkrecherche.org\/nr25\/foerderer-und-partner\/#primaryimage"},"image":{"@id":"https:\/\/netzwerkrecherche.org\/nr25\/foerderer-und-partner\/#primaryimage"},"thumbnailUrl":"https:\/\/netzwerkrecherche.org\/nr25\/wp-content\/uploads\/sites\/23\/2025\/05\/1.svg","datePublished":"2025-05-23T12:36:52+00:00","dateModified":"2026-02-11T14:07:48+00:00","description":"Alle F\u00f6rderer und Partner der NR25 Jahreskonferenz im \u00dcberblick \u2013 Organisationen und Unternehmen, die die Konferenz unterst\u00fctzen.","breadcrumb":{"@id":"https:\/\/netzwerkrecherche.org\/nr25\/foerderer-und-partner\/#breadcrumb"},"inLanguage":"de","potentialAction":[{"@type":"ReadAction","target":["https:\/\/netzwerkrecherche.org\/nr25\/foerderer-und-partner\/"]}]},{"@type":"ImageObject","inLanguage":"de","@id":"https:\/\/netzwerkrecherche.org\/nr25\/foerderer-und-partner\/#primaryimage","url":"https:\/\/netzwerkrecherche.org\/nr25\/wp-content\/uploads\/sites\/23\/2025\/05\/1.svg","contentUrl":"https:\/\/netzwerkrecherche.org\/nr25\/wp-content\/uploads\/sites\/23\/2025\/05\/1.svg"},{"@type":"BreadcrumbList","@id":"https:\/\/netzwerkrecherche.org\/nr25\/foerderer-und-partner\/#breadcrumb","itemListElement":[{"@type":"ListItem","position":1,"name":"Startseite","item":"https:\/\/netzwerkrecherche.org\/nr25\/"},{"@type":"ListItem","position":2,"name":"F\u00f6rderer und Partner"}]},{"@type":"WebSite","@id":"https:\/\/netzwerkrecherche.org\/nr25\/#website","url":"https:\/\/netzwerkrecherche.org\/nr25\/","name":"NR25","description":"Netzwerk Recherche Jahreskonferenz 2025","publisher":{"@id":"https:\/\/netzwerkrecherche.org\/nr25\/#organization"},"potentialAction":[{"@type":"SearchAction","target":{"@type":"EntryPoint","urlTemplate":"https:\/\/netzwerkrecherche.org\/nr25\/?s={search_term_string}"},"query-input":{"@type":"PropertyValueSpecification","valueRequired":true,"valueName":"search_term_string"}}],"inLanguage":"de"},{"@type":"Organization","@id":"https:\/\/netzwerkrecherche.org\/nr25\/#organization","name":"Netzwerk Recherche","url":"https:\/\/netzwerkrecherche.org\/nr25\/","logo":{"@type":"ImageObject","inLanguage":"de","@id":"https:\/\/netzwerkrecherche.org\/nr25\/#\/schema\/logo\/image\/","url":"https:\/\/netzwerkrecherche.org\/nr25\/wp-content\/uploads\/sites\/19\/2024\/12\/NR-Logo.png","contentUrl":"https:\/\/netzwerkrecherche.org\/nr25\/wp-content\/uploads\/sites\/19\/2024\/12\/NR-Logo.png","width":2084,"height":926,"caption":"Netzwerk Recherche"},"image":{"@id":"https:\/\/netzwerkrecherche.org\/nr25\/#\/schema\/logo\/image\/"}}]}},"_links":{"self":[{"href":"https:\/\/netzwerkrecherche.org\/nr25\/wp-json\/wp\/v2\/pages\/37964","targetHints":{"allow":["GET"]}}],"collection":[{"href":"https:\/\/netzwerkrecherche.org\/nr25\/wp-json\/wp\/v2\/pages"}],"about":[{"href":"https:\/\/netzwerkrecherche.org\/nr25\/wp-json\/wp\/v2\/types\/page"}],"author":[{"embeddable":true,"href":"https:\/\/netzwerkrecherche.org\/nr25\/wp-json\/wp\/v2\/users\/52"}],"replies":[{"embeddable":true,"href":"https:\/\/netzwerkrecherche.org\/nr25\/wp-json\/wp\/v2\/comments?post=37964"}],"version-history":[{"count":5,"href":"https:\/\/netzwerkrecherche.org\/nr25\/wp-json\/wp\/v2\/pages\/37964\/revisions"}],"predecessor-version":[{"id":38021,"href":"https:\/\/netzwerkrecherche.org\/nr25\/wp-json\/wp\/v2\/pages\/37964\/revisions\/38021"}],"wp:attachment":[{"href":"https:\/\/netzwerkrecherche.org\/nr25\/wp-json\/wp\/v2\/media?parent=37964"}],"curies":[{"name":"wp","href":"https:\/\/api.w.org\/{rel}","templated":true}]}}