{"id":17,"date":"2025-07-15T14:15:25","date_gmt":"2025-07-15T12:15:25","guid":{"rendered":"https:\/\/netzwerkrecherche.org\/nr26\/?page_id=17"},"modified":"2026-02-11T15:49:13","modified_gmt":"2026-02-11T14:49:13","slug":"cfp","status":"publish","type":"page","link":"https:\/\/netzwerkrecherche.org\/nr26\/cfp\/","title":{"rendered":"Call for Participation"},"content":{"rendered":"\n<h1>\n\t\t\tCall for Participation (beendet)\t<\/h1>\n\t<p>Die NR-\u200bJah\u00adres\u00adkon\u00adfe\u00adrenz 2026 findet <strong>vom 12. bis 13. Juni<\/strong> beim NDR Fern\u00adsehen in Ham\u00adburg statt. Das Pro\u00adgramm f\u00fcr die Tagung gestalten wir nicht allein, son\u00addern auch mit Euren Ideen. Des\u00adhalb freuen wir uns \u00fcber Deine Vor\u00adschl\u00e4ge f\u00fcr Ver\u00adan\u00adstal\u00adtungen!<\/p>\n<p>Ein\u00adrei\u00adchungen werden vom <strong>12. Dezember 2025 bis einschlie\u00dflich 7. Januar 2026<\/strong> ange\u00adnommen. Das For\u00admular schalten wir am 12. Dezember frei. F\u00fcge dort alle gew\u00fcnschten Infor\u00adma\u00adtionen hinzu, wie Titel, Beschrei\u00adbung, Track, Sprache, maximal drei Refe\u00adrie\u00adrende und eine Mode\u00adra\u00adtion. Unter\u00adst\u00fct\u00adzendes Zusatz\u00adma\u00adte\u00adrial (ver\u00adlinkt als URL) ist eben\u00adfalls will\u00adkommen.<\/p>\n<p>Die Benach\u00adrich\u00adti\u00adgung \u00fcber die Aus\u00adwahl wird vor\u00adaus\u00adsicht\u00adlich <strong>im M\u00e4rz 2026<\/strong>\u00a0erfolgen.<\/p>\n<h2>\n\t\t\tWas macht eine gute Einreichung aus? &#8211; 5 Tipps\t<\/h2>\n\t<ol>\n<li>\u00a0W\u00e4hle einen anschaulichen Titel f\u00fcr Deine Einreichung. Je direkter und erkl\u00e4render Dein Titel ist, desto besser.<\/li>\n<li>Denke an die Recherche-Methodik, nicht nur an den Inhalt: Berichte uns, wie Du etwas gemacht hast, anstatt was Du gemacht hast.<\/li>\n<li>Die Relevanz der Einreichung sollte \u00fcberzeugend dargelegt werden: Erw\u00fcnscht sind neue Erkenntnisse, aktuelle F\u00e4lle, Praxistipps, Best und Worst Cases.<\/li>\n<li>Bilde verschiedene Sichtweisen und Vielfalt ab: Wir m\u00f6chten im Gesamtprogramm die Perspektiven verschiedener Gruppen einbeziehen und freuen uns insbesondere \u00fcber Einreichungen mit divers besetzten Panels.<\/li>\n<li>Bitte reiche Deinen Vorschlag so detailliert wie m\u00f6glich ein. Anschlie\u00dfend k\u00f6nnen wir gemeinsam Deine anf\u00e4ngliche Idee weiter ausarbeiten.<\/li>\n<\/ol>\n<h2>\n\t\t\tDein Themenvorschlag\t<\/h2>\n\t<p>Der Call for Participation ist beendet.<\/p>\n\n","protected":false},"excerpt":{"rendered":"<p>Call for Participation (beendet) Die NR-\u200bJah\u00adres\u00adkon\u00adfe\u00adrenz 2026 findet vom 12. bis 13. Juni beim NDR Fern\u00adsehen in Ham\u00adburg statt. Das Pro\u00adgramm f\u00fcr die Tagung gestalten wir nicht allein, son\u00addern auch mit Euren Ideen. Des\u00adhalb freuen wir uns \u00fcber Deine Vor\u00adschl\u00e4ge f\u00fcr Ver\u00adan\u00adstal\u00adtungen! Ein\u00adrei\u00adchungen werden vom 12. Dezember 2025 bis einschlie\u00dflich 7. Januar 2026 ange\u00adnommen. Das [&hellip;]<\/p>\n","protected":false},"author":43,"featured_media":38682,"parent":0,"menu_order":0,"comment_status":"closed","ping_status":"closed","template":"","meta":{"footnotes":""},"class_list":["post-17","page","type-page","status-publish","has-post-thumbnail","hentry"],"yoast_head":"<!-- This site is optimized with the Yoast SEO plugin v27.4 - https:\/\/yoast.com\/product\/yoast-seo-wordpress\/ -->\n<title>Call for Participation - NR26<\/title>\n<meta name=\"description\" content=\"Ein\u00adrei\u00adchungen f\u00fcr die NR-Jahreskonferenz 2026 sind \u00fcber unseren Call for Participation (CfP) vom 12. Dezember 2025 bis zum 7. Januar 2026 m\u00f6glich.\" \/>\n<meta name=\"robots\" content=\"index, follow, max-snippet:-1, max-image-preview:large, max-video-preview:-1\" \/>\n<link rel=\"canonical\" href=\"https:\/\/netzwerkrecherche.org\/nr26\/cfp\/\" \/>\n<meta property=\"og:locale\" content=\"de_DE\" \/>\n<meta property=\"og:type\" content=\"article\" \/>\n<meta property=\"og:title\" content=\"Call for Participation - NR26\" \/>\n<meta property=\"og:description\" content=\"Ein\u00adrei\u00adchungen f\u00fcr die NR-Jahreskonferenz 2026 sind \u00fcber unseren Call for Participation (CfP) vom 12. Dezember 2025 bis zum 7. Januar 2026 m\u00f6glich.\" \/>\n<meta property=\"og:url\" content=\"https:\/\/netzwerkrecherche.org\/nr26\/cfp\/\" \/>\n<meta property=\"og:site_name\" content=\"NR26\" \/>\n<meta property=\"article:modified_time\" content=\"2026-02-11T14:49:13+00:00\" \/>\n<meta property=\"og:image\" content=\"https:\/\/netzwerkrecherche.org\/nr26\/wp-content\/uploads\/sites\/25\/2025\/12\/NR26_1200x675.png\" \/>\n\t<meta property=\"og:image:width\" content=\"1200\" \/>\n\t<meta property=\"og:image:height\" content=\"675\" \/>\n\t<meta property=\"og:image:type\" content=\"image\/png\" \/>\n<meta name=\"twitter:card\" content=\"summary_large_image\" \/>\n<meta name=\"twitter:label1\" content=\"Gesch\u00e4tzte Lesezeit\" \/>\n\t<meta name=\"twitter:data1\" content=\"2\u00a0Minuten\" \/>\n<script type=\"application\/ld+json\" class=\"yoast-schema-graph\">{\"@context\":\"https:\\\/\\\/schema.org\",\"@graph\":[{\"@type\":\"WebPage\",\"@id\":\"https:\\\/\\\/netzwerkrecherche.org\\\/nr26\\\/cfp\\\/\",\"url\":\"https:\\\/\\\/netzwerkrecherche.org\\\/nr26\\\/cfp\\\/\",\"name\":\"Call for Participation - NR26\",\"isPartOf\":{\"@id\":\"https:\\\/\\\/netzwerkrecherche.org\\\/nr26\\\/#website\"},\"primaryImageOfPage\":{\"@id\":\"https:\\\/\\\/netzwerkrecherche.org\\\/nr26\\\/cfp\\\/#primaryimage\"},\"image\":{\"@id\":\"https:\\\/\\\/netzwerkrecherche.org\\\/nr26\\\/cfp\\\/#primaryimage\"},\"thumbnailUrl\":\"https:\\\/\\\/netzwerkrecherche.org\\\/nr26\\\/wp-content\\\/uploads\\\/sites\\\/25\\\/2025\\\/12\\\/NR26_1200x675.png\",\"datePublished\":\"2025-07-15T12:15:25+00:00\",\"dateModified\":\"2026-02-11T14:49:13+00:00\",\"description\":\"Ein\u00adrei\u00adchungen f\u00fcr die NR-Jahreskonferenz 2026 sind \u00fcber unseren Call for Participation (CfP) vom 12. Dezember 2025 bis zum 7. Januar 2026 m\u00f6glich.\",\"breadcrumb\":{\"@id\":\"https:\\\/\\\/netzwerkrecherche.org\\\/nr26\\\/cfp\\\/#breadcrumb\"},\"inLanguage\":\"de\",\"potentialAction\":[{\"@type\":\"ReadAction\",\"target\":[\"https:\\\/\\\/netzwerkrecherche.org\\\/nr26\\\/cfp\\\/\"]}]},{\"@type\":\"ImageObject\",\"inLanguage\":\"de\",\"@id\":\"https:\\\/\\\/netzwerkrecherche.org\\\/nr26\\\/cfp\\\/#primaryimage\",\"url\":\"https:\\\/\\\/netzwerkrecherche.org\\\/nr26\\\/wp-content\\\/uploads\\\/sites\\\/25\\\/2025\\\/12\\\/NR26_1200x675.png\",\"contentUrl\":\"https:\\\/\\\/netzwerkrecherche.org\\\/nr26\\\/wp-content\\\/uploads\\\/sites\\\/25\\\/2025\\\/12\\\/NR26_1200x675.png\",\"width\":1200,\"height\":675},{\"@type\":\"BreadcrumbList\",\"@id\":\"https:\\\/\\\/netzwerkrecherche.org\\\/nr26\\\/cfp\\\/#breadcrumb\",\"itemListElement\":[{\"@type\":\"ListItem\",\"position\":1,\"name\":\"Startseite\",\"item\":\"https:\\\/\\\/netzwerkrecherche.org\\\/nr26\\\/\"},{\"@type\":\"ListItem\",\"position\":2,\"name\":\"Call for Participation\"}]},{\"@type\":\"WebSite\",\"@id\":\"https:\\\/\\\/netzwerkrecherche.org\\\/nr26\\\/#website\",\"url\":\"https:\\\/\\\/netzwerkrecherche.org\\\/nr26\\\/\",\"name\":\"NR26\",\"description\":\"Netzwerk Recherche Jahreskonferenz 2026\",\"publisher\":{\"@id\":\"https:\\\/\\\/netzwerkrecherche.org\\\/nr26\\\/#organization\"},\"potentialAction\":[{\"@type\":\"SearchAction\",\"target\":{\"@type\":\"EntryPoint\",\"urlTemplate\":\"https:\\\/\\\/netzwerkrecherche.org\\\/nr26\\\/?s={search_term_string}\"},\"query-input\":{\"@type\":\"PropertyValueSpecification\",\"valueRequired\":true,\"valueName\":\"search_term_string\"}}],\"inLanguage\":\"de\"},{\"@type\":\"Organization\",\"@id\":\"https:\\\/\\\/netzwerkrecherche.org\\\/nr26\\\/#organization\",\"name\":\"Netzwerk Recherche\",\"url\":\"https:\\\/\\\/netzwerkrecherche.org\\\/nr26\\\/\",\"logo\":{\"@type\":\"ImageObject\",\"inLanguage\":\"de\",\"@id\":\"https:\\\/\\\/netzwerkrecherche.org\\\/nr26\\\/#\\\/schema\\\/logo\\\/image\\\/\",\"url\":\"https:\\\/\\\/netzwerkrecherche.org\\\/nr26\\\/wp-content\\\/uploads\\\/sites\\\/25\\\/2025\\\/08\\\/NR-Logo.png\",\"contentUrl\":\"https:\\\/\\\/netzwerkrecherche.org\\\/nr26\\\/wp-content\\\/uploads\\\/sites\\\/25\\\/2025\\\/08\\\/NR-Logo.png\",\"width\":2084,\"height\":926,\"caption\":\"Netzwerk Recherche\"},\"image\":{\"@id\":\"https:\\\/\\\/netzwerkrecherche.org\\\/nr26\\\/#\\\/schema\\\/logo\\\/image\\\/\"}}]}<\/script>\n<!-- \/ Yoast SEO plugin. -->","yoast_head_json":{"title":"Call for Participation - NR26","description":"Ein\u00adrei\u00adchungen f\u00fcr die NR-Jahreskonferenz 2026 sind \u00fcber unseren Call for Participation (CfP) vom 12. Dezember 2025 bis zum 7. Januar 2026 m\u00f6glich.","robots":{"index":"index","follow":"follow","max-snippet":"max-snippet:-1","max-image-preview":"max-image-preview:large","max-video-preview":"max-video-preview:-1"},"canonical":"https:\/\/netzwerkrecherche.org\/nr26\/cfp\/","og_locale":"de_DE","og_type":"article","og_title":"Call for Participation - NR26","og_description":"Ein\u00adrei\u00adchungen f\u00fcr die NR-Jahreskonferenz 2026 sind \u00fcber unseren Call for Participation (CfP) vom 12. Dezember 2025 bis zum 7. Januar 2026 m\u00f6glich.","og_url":"https:\/\/netzwerkrecherche.org\/nr26\/cfp\/","og_site_name":"NR26","article_modified_time":"2026-02-11T14:49:13+00:00","og_image":[{"width":1200,"height":675,"url":"https:\/\/netzwerkrecherche.org\/nr26\/wp-content\/uploads\/sites\/25\/2025\/12\/NR26_1200x675.png","type":"image\/png"}],"twitter_card":"summary_large_image","twitter_misc":{"Gesch\u00e4tzte Lesezeit":"2\u00a0Minuten"},"schema":{"@context":"https:\/\/schema.org","@graph":[{"@type":"WebPage","@id":"https:\/\/netzwerkrecherche.org\/nr26\/cfp\/","url":"https:\/\/netzwerkrecherche.org\/nr26\/cfp\/","name":"Call for Participation - NR26","isPartOf":{"@id":"https:\/\/netzwerkrecherche.org\/nr26\/#website"},"primaryImageOfPage":{"@id":"https:\/\/netzwerkrecherche.org\/nr26\/cfp\/#primaryimage"},"image":{"@id":"https:\/\/netzwerkrecherche.org\/nr26\/cfp\/#primaryimage"},"thumbnailUrl":"https:\/\/netzwerkrecherche.org\/nr26\/wp-content\/uploads\/sites\/25\/2025\/12\/NR26_1200x675.png","datePublished":"2025-07-15T12:15:25+00:00","dateModified":"2026-02-11T14:49:13+00:00","description":"Ein\u00adrei\u00adchungen f\u00fcr die NR-Jahreskonferenz 2026 sind \u00fcber unseren Call for Participation (CfP) vom 12. Dezember 2025 bis zum 7. Januar 2026 m\u00f6glich.","breadcrumb":{"@id":"https:\/\/netzwerkrecherche.org\/nr26\/cfp\/#breadcrumb"},"inLanguage":"de","potentialAction":[{"@type":"ReadAction","target":["https:\/\/netzwerkrecherche.org\/nr26\/cfp\/"]}]},{"@type":"ImageObject","inLanguage":"de","@id":"https:\/\/netzwerkrecherche.org\/nr26\/cfp\/#primaryimage","url":"https:\/\/netzwerkrecherche.org\/nr26\/wp-content\/uploads\/sites\/25\/2025\/12\/NR26_1200x675.png","contentUrl":"https:\/\/netzwerkrecherche.org\/nr26\/wp-content\/uploads\/sites\/25\/2025\/12\/NR26_1200x675.png","width":1200,"height":675},{"@type":"BreadcrumbList","@id":"https:\/\/netzwerkrecherche.org\/nr26\/cfp\/#breadcrumb","itemListElement":[{"@type":"ListItem","position":1,"name":"Startseite","item":"https:\/\/netzwerkrecherche.org\/nr26\/"},{"@type":"ListItem","position":2,"name":"Call for Participation"}]},{"@type":"WebSite","@id":"https:\/\/netzwerkrecherche.org\/nr26\/#website","url":"https:\/\/netzwerkrecherche.org\/nr26\/","name":"NR26","description":"Netzwerk Recherche Jahreskonferenz 2026","publisher":{"@id":"https:\/\/netzwerkrecherche.org\/nr26\/#organization"},"potentialAction":[{"@type":"SearchAction","target":{"@type":"EntryPoint","urlTemplate":"https:\/\/netzwerkrecherche.org\/nr26\/?s={search_term_string}"},"query-input":{"@type":"PropertyValueSpecification","valueRequired":true,"valueName":"search_term_string"}}],"inLanguage":"de"},{"@type":"Organization","@id":"https:\/\/netzwerkrecherche.org\/nr26\/#organization","name":"Netzwerk Recherche","url":"https:\/\/netzwerkrecherche.org\/nr26\/","logo":{"@type":"ImageObject","inLanguage":"de","@id":"https:\/\/netzwerkrecherche.org\/nr26\/#\/schema\/logo\/image\/","url":"https:\/\/netzwerkrecherche.org\/nr26\/wp-content\/uploads\/sites\/25\/2025\/08\/NR-Logo.png","contentUrl":"https:\/\/netzwerkrecherche.org\/nr26\/wp-content\/uploads\/sites\/25\/2025\/08\/NR-Logo.png","width":2084,"height":926,"caption":"Netzwerk Recherche"},"image":{"@id":"https:\/\/netzwerkrecherche.org\/nr26\/#\/schema\/logo\/image\/"}}]}},"_links":{"self":[{"href":"https:\/\/netzwerkrecherche.org\/nr26\/wp-json\/wp\/v2\/pages\/17","targetHints":{"allow":["GET"]}}],"collection":[{"href":"https:\/\/netzwerkrecherche.org\/nr26\/wp-json\/wp\/v2\/pages"}],"about":[{"href":"https:\/\/netzwerkrecherche.org\/nr26\/wp-json\/wp\/v2\/types\/page"}],"author":[{"embeddable":true,"href":"https:\/\/netzwerkrecherche.org\/nr26\/wp-json\/wp\/v2\/users\/43"}],"replies":[{"embeddable":true,"href":"https:\/\/netzwerkrecherche.org\/nr26\/wp-json\/wp\/v2\/comments?post=17"}],"version-history":[{"count":11,"href":"https:\/\/netzwerkrecherche.org\/nr26\/wp-json\/wp\/v2\/pages\/17\/revisions"}],"predecessor-version":[{"id":38832,"href":"https:\/\/netzwerkrecherche.org\/nr26\/wp-json\/wp\/v2\/pages\/17\/revisions\/38832"}],"wp:featuredmedia":[{"embeddable":true,"href":"https:\/\/netzwerkrecherche.org\/nr26\/wp-json\/wp\/v2\/media\/38682"}],"wp:attachment":[{"href":"https:\/\/netzwerkrecherche.org\/nr26\/wp-json\/wp\/v2\/media?parent=17"}],"curies":[{"name":"wp","href":"https:\/\/api.w.org\/{rel}","templated":true}]}}