{"id":23,"date":"2025-07-15T14:24:42","date_gmt":"2025-07-15T12:24:42","guid":{"rendered":"https:\/\/netzwerkrecherche.org\/nr26\/?page_id=23"},"modified":"2025-12-09T17:07:53","modified_gmt":"2025-12-09T16:07:53","slug":"impressum","status":"publish","type":"page","link":"https:\/\/netzwerkrecherche.org\/nr26\/impressum\/","title":{"rendered":"Impressum"},"content":{"rendered":"\n<p><strong>Netzwerk Recherche e.V.<\/strong><br>c\/o Publix<br>Hermannstr. 90<br>12051 Berlin<\/p>\n\n\n\n<p>Telefon: 030 49854012<br>E-\u200bMail:&nbsp;<a href=\"mailto:info@netzwerkrecherche.de\">info@netzwerkrecherche.de<\/a><\/p>\n\n\n\n<p>Vertretungsberechtigte Vorstandsmitglieder:<br>Daniel Drepper, Annelie Naumann, Christian Esser <\/p>\n\n\n\n<p>Eingetragen im Vereinsregister des Amtsgericht Charlottenburg,<br>Vereinsnummer VR 32296 B.<\/p>\n\n\n\n<p><em>Haftungsausschluss: Trotz sorgf\u00e4ltiger inhaltlicher Kontrolle \u00fcbernehmen wir keine Haftung f\u00fcr die Inhalte externer Links. F\u00fcr den Inhalt der verlinkten Seiten sind ausschlie\u00dflich deren Betreiber verantwortlich.<\/em><\/p>\n\n\n\n<div style=\"height:31px\" aria-hidden=\"true\" class=\"wp-block-spacer\"><\/div>\n\n\n\n<h2 class=\"wp-block-heading\">Gestaltung &amp; technische Umsetzung der Webseite<\/h2>\n\n\n\n<p>FORMLOS Berlin \u2013 Kommunikation durch strategisches Design<\/p>\n\n\n\n<p><a href=\"https:\/\/www.formlos-berlin.de\/\" target=\"_blank\" rel=\"noreferrer noopener\">www.formlos-\u200bberlin.de<\/a><\/p>\n","protected":false},"excerpt":{"rendered":"<p>Netzwerk Recherche e.V.c\/o PublixHermannstr. 9012051 Berlin Telefon: 030 49854012E-\u200bMail:&nbsp;info@netzwerkrecherche.de Vertretungsberechtigte Vorstandsmitglieder:Daniel Drepper, Annelie Naumann, Christian Esser Eingetragen im Vereinsregister des Amtsgericht Charlottenburg,Vereinsnummer VR 32296 B. Haftungsausschluss: Trotz sorgf\u00e4ltiger inhaltlicher Kontrolle \u00fcbernehmen wir keine Haftung f\u00fcr die Inhalte externer Links. F\u00fcr den Inhalt der verlinkten Seiten sind ausschlie\u00dflich deren Betreiber verantwortlich. Gestaltung &amp; technische Umsetzung der [&hellip;]<\/p>\n","protected":false},"author":43,"featured_media":0,"parent":0,"menu_order":0,"comment_status":"closed","ping_status":"closed","template":"","meta":{"footnotes":""},"class_list":["post-23","page","type-page","status-publish","hentry"],"yoast_head":"<!-- This site is optimized with the Yoast SEO plugin v27.3 - https:\/\/yoast.com\/product\/yoast-seo-wordpress\/ -->\n<title>Impressum - NR26<\/title>\n<meta name=\"description\" content=\"Impressum von Netzwerk Recherche mit Angaben gem\u00e4\u00df \u00a7 5 TMG, Kontaktinformationen und rechtlichen Hinweisen.\" \/>\n<meta name=\"robots\" content=\"index, follow, max-snippet:-1, max-image-preview:large, max-video-preview:-1\" \/>\n<link rel=\"canonical\" href=\"https:\/\/netzwerkrecherche.org\/nr26\/impressum\/\" \/>\n<meta property=\"og:locale\" content=\"de_DE\" \/>\n<meta property=\"og:type\" content=\"article\" \/>\n<meta property=\"og:title\" content=\"Impressum - NR26\" \/>\n<meta property=\"og:description\" content=\"Impressum von Netzwerk Recherche mit Angaben gem\u00e4\u00df \u00a7 5 TMG, Kontaktinformationen und rechtlichen Hinweisen.\" \/>\n<meta property=\"og:url\" content=\"https:\/\/netzwerkrecherche.org\/nr26\/impressum\/\" \/>\n<meta property=\"og:site_name\" content=\"NR26\" \/>\n<meta property=\"article:modified_time\" content=\"2025-12-09T16:07:53+00:00\" \/>\n<meta name=\"twitter:card\" content=\"summary_large_image\" \/>\n<meta name=\"twitter:label1\" content=\"Gesch\u00e4tzte Lesezeit\" \/>\n\t<meta name=\"twitter:data1\" content=\"1\u00a0Minute\" \/>\n<script type=\"application\/ld+json\" class=\"yoast-schema-graph\">{\"@context\":\"https:\\\/\\\/schema.org\",\"@graph\":[{\"@type\":\"WebPage\",\"@id\":\"https:\\\/\\\/netzwerkrecherche.org\\\/nr26\\\/impressum\\\/\",\"url\":\"https:\\\/\\\/netzwerkrecherche.org\\\/nr26\\\/impressum\\\/\",\"name\":\"Impressum - NR26\",\"isPartOf\":{\"@id\":\"https:\\\/\\\/netzwerkrecherche.org\\\/nr26\\\/#website\"},\"datePublished\":\"2025-07-15T12:24:42+00:00\",\"dateModified\":\"2025-12-09T16:07:53+00:00\",\"description\":\"Impressum von Netzwerk Recherche mit Angaben gem\u00e4\u00df \u00a7 5 TMG, Kontaktinformationen und rechtlichen Hinweisen.\",\"breadcrumb\":{\"@id\":\"https:\\\/\\\/netzwerkrecherche.org\\\/nr26\\\/impressum\\\/#breadcrumb\"},\"inLanguage\":\"de\",\"potentialAction\":[{\"@type\":\"ReadAction\",\"target\":[\"https:\\\/\\\/netzwerkrecherche.org\\\/nr26\\\/impressum\\\/\"]}]},{\"@type\":\"BreadcrumbList\",\"@id\":\"https:\\\/\\\/netzwerkrecherche.org\\\/nr26\\\/impressum\\\/#breadcrumb\",\"itemListElement\":[{\"@type\":\"ListItem\",\"position\":1,\"name\":\"Startseite\",\"item\":\"https:\\\/\\\/netzwerkrecherche.org\\\/nr26\\\/\"},{\"@type\":\"ListItem\",\"position\":2,\"name\":\"Impressum\"}]},{\"@type\":\"WebSite\",\"@id\":\"https:\\\/\\\/netzwerkrecherche.org\\\/nr26\\\/#website\",\"url\":\"https:\\\/\\\/netzwerkrecherche.org\\\/nr26\\\/\",\"name\":\"NR26\",\"description\":\"Netzwerk Recherche Jahreskonferenz 2026\",\"publisher\":{\"@id\":\"https:\\\/\\\/netzwerkrecherche.org\\\/nr26\\\/#organization\"},\"potentialAction\":[{\"@type\":\"SearchAction\",\"target\":{\"@type\":\"EntryPoint\",\"urlTemplate\":\"https:\\\/\\\/netzwerkrecherche.org\\\/nr26\\\/?s={search_term_string}\"},\"query-input\":{\"@type\":\"PropertyValueSpecification\",\"valueRequired\":true,\"valueName\":\"search_term_string\"}}],\"inLanguage\":\"de\"},{\"@type\":\"Organization\",\"@id\":\"https:\\\/\\\/netzwerkrecherche.org\\\/nr26\\\/#organization\",\"name\":\"Netzwerk Recherche\",\"url\":\"https:\\\/\\\/netzwerkrecherche.org\\\/nr26\\\/\",\"logo\":{\"@type\":\"ImageObject\",\"inLanguage\":\"de\",\"@id\":\"https:\\\/\\\/netzwerkrecherche.org\\\/nr26\\\/#\\\/schema\\\/logo\\\/image\\\/\",\"url\":\"https:\\\/\\\/netzwerkrecherche.org\\\/nr26\\\/wp-content\\\/uploads\\\/sites\\\/25\\\/2025\\\/08\\\/NR-Logo.png\",\"contentUrl\":\"https:\\\/\\\/netzwerkrecherche.org\\\/nr26\\\/wp-content\\\/uploads\\\/sites\\\/25\\\/2025\\\/08\\\/NR-Logo.png\",\"width\":2084,\"height\":926,\"caption\":\"Netzwerk Recherche\"},\"image\":{\"@id\":\"https:\\\/\\\/netzwerkrecherche.org\\\/nr26\\\/#\\\/schema\\\/logo\\\/image\\\/\"}}]}<\/script>\n<!-- \/ Yoast SEO plugin. -->","yoast_head_json":{"title":"Impressum - NR26","description":"Impressum von Netzwerk Recherche mit Angaben gem\u00e4\u00df \u00a7 5 TMG, Kontaktinformationen und rechtlichen Hinweisen.","robots":{"index":"index","follow":"follow","max-snippet":"max-snippet:-1","max-image-preview":"max-image-preview:large","max-video-preview":"max-video-preview:-1"},"canonical":"https:\/\/netzwerkrecherche.org\/nr26\/impressum\/","og_locale":"de_DE","og_type":"article","og_title":"Impressum - NR26","og_description":"Impressum von Netzwerk Recherche mit Angaben gem\u00e4\u00df \u00a7 5 TMG, Kontaktinformationen und rechtlichen Hinweisen.","og_url":"https:\/\/netzwerkrecherche.org\/nr26\/impressum\/","og_site_name":"NR26","article_modified_time":"2025-12-09T16:07:53+00:00","twitter_card":"summary_large_image","twitter_misc":{"Gesch\u00e4tzte Lesezeit":"1\u00a0Minute"},"schema":{"@context":"https:\/\/schema.org","@graph":[{"@type":"WebPage","@id":"https:\/\/netzwerkrecherche.org\/nr26\/impressum\/","url":"https:\/\/netzwerkrecherche.org\/nr26\/impressum\/","name":"Impressum - NR26","isPartOf":{"@id":"https:\/\/netzwerkrecherche.org\/nr26\/#website"},"datePublished":"2025-07-15T12:24:42+00:00","dateModified":"2025-12-09T16:07:53+00:00","description":"Impressum von Netzwerk Recherche mit Angaben gem\u00e4\u00df \u00a7 5 TMG, Kontaktinformationen und rechtlichen Hinweisen.","breadcrumb":{"@id":"https:\/\/netzwerkrecherche.org\/nr26\/impressum\/#breadcrumb"},"inLanguage":"de","potentialAction":[{"@type":"ReadAction","target":["https:\/\/netzwerkrecherche.org\/nr26\/impressum\/"]}]},{"@type":"BreadcrumbList","@id":"https:\/\/netzwerkrecherche.org\/nr26\/impressum\/#breadcrumb","itemListElement":[{"@type":"ListItem","position":1,"name":"Startseite","item":"https:\/\/netzwerkrecherche.org\/nr26\/"},{"@type":"ListItem","position":2,"name":"Impressum"}]},{"@type":"WebSite","@id":"https:\/\/netzwerkrecherche.org\/nr26\/#website","url":"https:\/\/netzwerkrecherche.org\/nr26\/","name":"NR26","description":"Netzwerk Recherche Jahreskonferenz 2026","publisher":{"@id":"https:\/\/netzwerkrecherche.org\/nr26\/#organization"},"potentialAction":[{"@type":"SearchAction","target":{"@type":"EntryPoint","urlTemplate":"https:\/\/netzwerkrecherche.org\/nr26\/?s={search_term_string}"},"query-input":{"@type":"PropertyValueSpecification","valueRequired":true,"valueName":"search_term_string"}}],"inLanguage":"de"},{"@type":"Organization","@id":"https:\/\/netzwerkrecherche.org\/nr26\/#organization","name":"Netzwerk Recherche","url":"https:\/\/netzwerkrecherche.org\/nr26\/","logo":{"@type":"ImageObject","inLanguage":"de","@id":"https:\/\/netzwerkrecherche.org\/nr26\/#\/schema\/logo\/image\/","url":"https:\/\/netzwerkrecherche.org\/nr26\/wp-content\/uploads\/sites\/25\/2025\/08\/NR-Logo.png","contentUrl":"https:\/\/netzwerkrecherche.org\/nr26\/wp-content\/uploads\/sites\/25\/2025\/08\/NR-Logo.png","width":2084,"height":926,"caption":"Netzwerk Recherche"},"image":{"@id":"https:\/\/netzwerkrecherche.org\/nr26\/#\/schema\/logo\/image\/"}}]}},"_links":{"self":[{"href":"https:\/\/netzwerkrecherche.org\/nr26\/wp-json\/wp\/v2\/pages\/23","targetHints":{"allow":["GET"]}}],"collection":[{"href":"https:\/\/netzwerkrecherche.org\/nr26\/wp-json\/wp\/v2\/pages"}],"about":[{"href":"https:\/\/netzwerkrecherche.org\/nr26\/wp-json\/wp\/v2\/types\/page"}],"author":[{"embeddable":true,"href":"https:\/\/netzwerkrecherche.org\/nr26\/wp-json\/wp\/v2\/users\/43"}],"replies":[{"embeddable":true,"href":"https:\/\/netzwerkrecherche.org\/nr26\/wp-json\/wp\/v2\/comments?post=23"}],"version-history":[{"count":3,"href":"https:\/\/netzwerkrecherche.org\/nr26\/wp-json\/wp\/v2\/pages\/23\/revisions"}],"predecessor-version":[{"id":38686,"href":"https:\/\/netzwerkrecherche.org\/nr26\/wp-json\/wp\/v2\/pages\/23\/revisions\/38686"}],"wp:attachment":[{"href":"https:\/\/netzwerkrecherche.org\/nr26\/wp-json\/wp\/v2\/media?parent=23"}],"curies":[{"name":"wp","href":"https:\/\/api.w.org\/{rel}","templated":true}]}}