{"id":24,"date":"2025-07-15T14:24:42","date_gmt":"2025-07-15T12:24:42","guid":{"rendered":"https:\/\/netzwerkrecherche.org\/nr26\/?page_id=24"},"modified":"2026-02-03T17:32:27","modified_gmt":"2026-02-03T16:32:27","slug":"faq","status":"publish","type":"page","link":"https:\/\/netzwerkrecherche.org\/nr26\/faq\/","title":{"rendered":"FAQ zur NR26"},"content":{"rendered":"\n<h1>\n\t\t\tFAQ zur NR26\t<\/h1>\n\t<p>Hier findest Du Antworten auf h\u00e4ufig gestellte Fragen rund um die Jahreskonferenz. Mit einem Klick auf die jeweilige Frage kannst Du die Antwort sehen.<\/p>\n<p>Deine Frage wurde damit noch nicht beantwortet? Dann schreib uns gerne <a href=\"mailto:info@netzwerkrecherche.de\">eine Nachricht<\/a>.<\/p>\n<h2>\n\t\t\tTickets\t<\/h2>\n\t\t\t\t\t<a role=\"heading\" aria-level=\"2\" tabindex=\"-1\"  id=\"fl-accordion--label-0\">Ich m\u00f6chte gern kommen &#8211; wei\u00df aber noch nicht genau, ob ich Zeit habe.<\/a>\n\t\t\t\t\t\t\t\t\t\t\t<button type=\"button\" id=\"fl-accordion--icon-0\" aria-expanded=\"false\" aria-controls=\"fl-accordion--panel-0\"><i>Expand<\/i><\/button>\n\t\t\t\t\t<p>Eine fr\u00fchzeitige Anmeldung ist auf jeden Fall empfehlenswert &#8211; m\u00f6glicherweise sind zu einem sp\u00e4teren Zeitpunkt alle Pl\u00e4tze belegt.<\/p>\n<p>Wenn Du Deine Teilnahme stornieren musst, <a href=\"mailto:info@netzwerkrecherche.de\">sende uns eine E-Mail<\/a>. Das muss bis 16. Mai 2026 passieren, damit wir Deinen Platz ggfs. an Personen auf der Warteliste weitergeben k\u00f6nnen. Danach fallen Stornierungsgeb\u00fchren von 10\u20ac an.<\/p>\n\t\t\t\t\t<a role=\"heading\" aria-level=\"2\" tabindex=\"-1\"  id=\"fl-accordion--label-1\">Wie viel kosten die Tickets?<\/a>\n\t\t\t\t\t\t\t\t\t\t\t<button type=\"button\" id=\"fl-accordion--icon-1\" aria-expanded=\"false\" aria-controls=\"fl-accordion--panel-1\"><i>Expand<\/i><\/button>\n\t\t\t\t\t<p>Informationen zum Teilnahmebeitrag findest Du auf der Ticketseite, die im Laufe des Februars freigeschaltet wird. Abonniere <a href=\"https:\/\/netzwerkrecherche.org\/newsletter-bestellen\/\">unseren Newsletter<\/a>, um den Verkaufsstart nicht zu verpassen.<\/p>\n\t\t\t\t\t<a role=\"heading\" aria-level=\"2\" tabindex=\"-1\"  id=\"fl-accordion--label-2\">Nur noch ein paar Tage bis zur Konferenz &#8211; kann ich mich noch anmelden?<\/a>\n\t\t\t\t\t\t\t\t\t\t\t<button type=\"button\" id=\"fl-accordion--icon-2\" aria-expanded=\"false\" aria-controls=\"fl-accordion--panel-2\"><i>Expand<\/i><\/button>\n<p>Solange Tickets verf\u00fcgbar sind, kannst Du Dich anmelden. In der Regel sind wir schnell ausverkauft. Anschlie\u00dfend gibt es eine Warteliste.<\/p>\n\t\t\t\t\t<a role=\"heading\" aria-level=\"2\" tabindex=\"-1\"  id=\"fl-accordion--label-3\">Ich habe mich angemeldet, kann nun aber doch nicht kommen. Was tun?<\/a>\n\t\t\t\t\t\t\t\t\t\t\t<button type=\"button\" id=\"fl-accordion--icon-3\" aria-expanded=\"false\" aria-controls=\"fl-accordion--panel-3\"><i>Expand<\/i><\/button>\n\t\t\t\t\t<p>Wurde der Ticketpreis noch nicht gezahlt, gen\u00fcgt\u00a0<a href=\"mailto:info@netzwerkrecherche.de\">eine kurze Mail an uns<\/a>.<\/p>\n<p>Das Ticket wurde schon bezahlt? Dann gibt es zwei M\u00f6glichkeiten:<\/p>\n<ul>\n<li>Du l\u00e4sst den Beitrag auf eine andere Person umschreiben. Bitte teile uns ggf.\u00a0<a href=\"mailto:info@netzwerkrecherche.de\">per E-Mail mit<\/a>,\u00a0wer an Deiner Stelle teilnehmen soll (inkl. Mail-Adresse und Namensschild-Bezeichnung).<\/li>\n<li>Wir k\u00f6nnen den Ticketpreis auch erstatten. Bitte schick uns dazu\u00a0<a href=\"mailto:info@netzwerkrecherche.de\">eine kurze E-Mail<\/a>. Die R\u00fcckerstattung erfolgt dann zeitnah, m\u00f6glicherweise jedoch erst nach der Konferenz.<\/li>\n<\/ul>\n<p>Eine kostenlose Erstattung ist bis 4 Wochen vor der Konferenz m\u00f6glich (Frist: 16. Mai 2026). Danach werden 10\u20ac Stornierungsgeb\u00fchr f\u00e4llig. Bei der Umschreibung des Tickets auf eine andere Person werden keine Stornierungsgeb\u00fchren f\u00e4llig.<\/p>\n\t\t\t\t\t<a role=\"heading\" aria-level=\"2\" tabindex=\"-1\"  id=\"fl-accordion--label-4\">Ich kann mir den Ticketpreis nicht leisten. Was kann ich tun?<\/a>\n\t\t\t\t\t\t\t\t\t\t\t<button type=\"button\" id=\"fl-accordion--icon-4\" aria-expanded=\"false\" aria-controls=\"fl-accordion--panel-4\"><i>Expand<\/i><\/button>\n\t\t\t\t\t<p>Netzwerk Recherche legt Wert darauf, dass alle an den Tagungen des Vereins teilnehmen k\u00f6nnen &#8211; unabh\u00e4ngig von den individuellen finanziellen M\u00f6glichkeiten.<\/p>\n<p>Daher bieten wir <a href=\"https:\/\/tickets.netzwerkrecherche.org\/nr26\/\">erm\u00e4\u00dfigte Tickets<\/a> an, die u.a. durch Business- und Soli-Tickets erm\u00f6glicht werden. Diese sind erfahrungsgem\u00e4\u00df schnell ausverkauft.<\/p>\n\t\t\t\t\t<a role=\"heading\" aria-level=\"2\" tabindex=\"-1\"  id=\"fl-accordion--label-5\">Ich studiere zwar, aber nicht Journalismus. Kann ich das erm\u00e4\u00dfigte Ticket w\u00e4hlen?<\/a>\n\t\t\t\t\t\t\t\t\t\t\t<button type=\"button\" id=\"fl-accordion--icon-5\" aria-expanded=\"false\" aria-controls=\"fl-accordion--panel-5\"><i>Expand<\/i><\/button>\n<p>Ja, das erm\u00e4\u00dfigte Ticket k\u00f6nnen alle Studierenden erwerben, die sich eine journalistische Laufbahn vorstellen k\u00f6nnen.<\/p>\n\t\t\t\t\t<a role=\"heading\" aria-level=\"2\" tabindex=\"-1\"  id=\"fl-accordion--label-6\">Wie funktioniert der Nachweis f\u00fcr das erm\u00e4\u00dfigte Ticket?<\/a>\n\t\t\t\t\t\t\t\t\t\t\t<button type=\"button\" id=\"fl-accordion--icon-6\" aria-expanded=\"false\" aria-controls=\"fl-accordion--panel-6\"><i>Expand<\/i><\/button>\n<p>Ein Nachweis wird nicht verlangt. Wir vertrauen auf faires Verhalten.<\/p>\n\t\t\t\t\t<a role=\"heading\" aria-level=\"2\" tabindex=\"-1\"  id=\"fl-accordion--label-7\">Ist im Ticketpreis die Verpflegung enthalten?<\/a>\n\t\t\t\t\t\t\t\t\t\t\t<button type=\"button\" id=\"fl-accordion--icon-7\" aria-expanded=\"false\" aria-controls=\"fl-accordion--panel-7\"><i>Expand<\/i><\/button>\n\t\t\t\t\t<p>Ja, in Zusammenarbeit mit der Studiok\u00fcche des NDR bieten wir kostenloses Mittagessen, Kaffee und Wasser an. Und kostenlose Currywurst und Pommes gibt es nat\u00fcrlich auch!<\/p>\n<p>Dar\u00fcber hinaus gibt es noch Verpflegungsangebote, f\u00fcr die jedoch gezahlt werden muss. Bitte vergiss nicht, Bargeld daf\u00fcr mitzubringen.<\/p>\n\t\t\t\t\t<a role=\"heading\" aria-level=\"2\" tabindex=\"-1\"  id=\"fl-accordion--label-8\">Was erhalten Referierende und Moderationen f\u00fcr ihre Teilnahme an der Jahreskonferenz?<\/a>\n\t\t\t\t\t\t\t\t\t\t\t<button type=\"button\" id=\"fl-accordion--icon-8\" aria-expanded=\"false\" aria-controls=\"fl-accordion--panel-8\"><i>Expand<\/i><\/button>\n\t\t\t\t\t<p>F\u00fcr Referierende und die Moderation in angenommenen Sessions werden die Reisekosten in H\u00f6he des Veranstaltungstickets (maximal 150 Euro, 2.-Klasse-Bahnfahrt innerhalb Deutschlands) erstattet. Zudem wird eine \u00dcbernachtung in Hamburg \u00fcbernommen. Diese werden von der Netzwerk Recherche Gesch\u00e4ftsstelle gebucht. Au\u00dferdem haben sie kostenlosen Zutritt zu allen Vortr\u00e4gen auf der Konferenz und werden zu einem exklusiven Get-together eingeladen.<\/p>\n<p>Eine Verg\u00fctung k\u00f6nnen wir leider nicht anbieten.<\/p>\n<h2>\n\t\t\tProgramm\t<\/h2>\n\t\t\t\t\t<a role=\"heading\" aria-level=\"2\" tabindex=\"-1\"  id=\"fl-accordion--label-0\">Was bedeutet es, eine Veranstaltung selbst zu organisieren?<\/a>\n\t\t\t\t\t\t\t\t\t\t\t<button type=\"button\" id=\"fl-accordion--icon-0\" aria-expanded=\"false\" aria-controls=\"fl-accordion--panel-0\"><i>Expand<\/i><\/button>\n<p>Einreichende, die eine Veranstaltung selbst organisieren wollen, erkl\u00e4ren sich u.a. dazu bereit, Referierende und Personen f\u00fcr die Moderation der Veranstaltung zu gewinnen, terminliche und inhaltliche Absprachen vorzunehmen, Hintergrundmaterialien und Beschreibungen zu recherchieren und bereitzustellen.<\/p>\n\t\t\t\t\t<a role=\"heading\" aria-level=\"2\" tabindex=\"-1\"  id=\"fl-accordion--label-1\">Wie kann ich mich in der Konferenz-App Sched anmelden?<\/a>\n\t\t\t\t\t\t\t\t\t\t\t<button type=\"button\" id=\"fl-accordion--icon-1\" aria-expanded=\"false\" aria-controls=\"fl-accordion--panel-1\"><i>Expand<\/i><\/button>\n\t\t\t\t\t<p>Registrierte Teilnehmende k\u00f6nnen rund zwei Wochen vor dem Start der Jahreskonferenz auf das Programm in Sched, unserer Konferenz-App, zugreifen. Du wirst eine Einladung von <a href=\"mailto:notifications@sched.com\" target=\"_blank\" rel=\"noopener noreferrer\" data-stringify-link=\"mailto:notifications@sched.com\" data-sk=\"tooltip_parent\" aria-haspopup=\"menu\">notifications@sched.com<\/a> erhalten, um Dich \u00fcber die E-Mail, die Du beim Ticketkauf angegeben hast, in Sched einzuloggen. Du kannst dann Deinen eigenen Zeitplan erstellen, Kolleg:innen finden und Dich \u00fcber den Chat in der App vernetzen.<\/p>\n\t\t\t\t\t<a role=\"heading\" aria-level=\"2\" tabindex=\"-1\"  id=\"fl-accordion--label-2\">Welche der Vortr\u00e4ge und Panels von der NR26 werden im Stream zu sehen sein?<\/a>\n\t\t\t\t\t\t\t\t\t\t\t<button type=\"button\" id=\"fl-accordion--icon-2\" aria-expanded=\"false\" aria-controls=\"fl-accordion--panel-2\"><i>Expand<\/i><\/button>\n\t\t\t\t\t<section>\n<p>In Zusammenarbeit mit TIDE, dem Hamburgischen B\u00fcrger- und Ausbildungskanal, zeichnen wir einzelne Sessions der NR26 auf. Die meisten Veranstaltungen in den R\u00e4umen K1 und K10 werden live gestreamt und sind anschlie\u00dfend abrufbar. Wir werden im Vorfeld der Konferenz alle Streams auf unserer Website und im Konferenz-Programm mit Link einbinden.<\/p>\n<p>Die Vortr\u00e4ge aus den vergangenen Jahren sind <a href=\"https:\/\/www.youtube.com\/@nrecherche\">hier<\/a> als Playlists abrufbar.<\/p>\n<\/section>\n<h2>\n\t\t\tVor Ort\t<\/h2>\n\t\t\t\t\t<a role=\"heading\" aria-level=\"2\" tabindex=\"-1\"  id=\"fl-accordion--label-0\">Gibt es am Konferenzort einen Zugang zum Internet?<\/a>\n\t\t\t\t\t\t\t\t\t\t\t<button type=\"button\" id=\"fl-accordion--icon-0\" aria-expanded=\"false\" aria-controls=\"fl-accordion--panel-0\"><i>Expand<\/i><\/button>\n<p>In den Konferenzr\u00e4umen ist ein kabelloser Internet-Zugang (WLAN) vorhanden. Informationen zur Anmeldung erhalten alle Teilnehmenden vor Ort und in einer E-Mail vor dem Start der Konferenz.<\/p>\n\t\t\t\t\t<a role=\"heading\" aria-level=\"2\" tabindex=\"-1\"  id=\"fl-accordion--label-1\">Ben\u00f6tige ich ein eigenes Notebook, um an den Veranstaltungen teilnehmen zu k\u00f6nnen?<\/a>\n\t\t\t\t\t\t\t\t\t\t\t<button type=\"button\" id=\"fl-accordion--icon-1\" aria-expanded=\"false\" aria-controls=\"fl-accordion--panel-1\"><i>Expand<\/i><\/button>\n<p>F\u00fcr einige Veranstaltungen zum Thema Online- und Datenjournalismus ist ein eigenes Notebook sinnvoll (n\u00e4here Informationen in der jeweiligen Veranstaltungsbeschreibung).<\/p>\n\t\t\t\t\t<a role=\"heading\" aria-level=\"2\" tabindex=\"-1\"  id=\"fl-accordion--label-2\">Was mache ich mit meinen Kindern w\u00e4hrend der Konferenz?<\/a>\n\t\t\t\t\t\t\t\t\t\t\t<button type=\"button\" id=\"fl-accordion--icon-2\" aria-expanded=\"false\" aria-controls=\"fl-accordion--panel-2\"><i>Expand<\/i><\/button>\n\t\t\t\t\t<p>Du kannst Deine Kinder mitbringen. Wir bieten wieder an beiden (Haupt-)Konferenztagen eine kostenlose Kinderbetreuung durch zwei erfahrene Betreuer:innen auf dem NDR-Gel\u00e4nde an.<\/p>\n<p>Wir fragen bereits beim Ticketkauf ab, ob eine Kinderbetreuung gew\u00fcnscht ist. Eine Anmeldung f\u00fcr die Kinderbetreuung ist nachtr\u00e4glich auch <a href=\"mailto:info@netzwerkrecherche.de\">per E-Mail<\/a>\u00a0m\u00f6glich.<\/p>\n\t\t\t\t\t<a role=\"heading\" aria-level=\"2\" tabindex=\"-1\"  id=\"fl-accordion--label-3\">Was sollte ich mitbringen?<\/a>\n\t\t\t\t\t\t\t\t\t\t\t<button type=\"button\" id=\"fl-accordion--icon-3\" aria-expanded=\"false\" aria-controls=\"fl-accordion--panel-3\"><i>Expand<\/i><\/button>\n\t\t\t\t\t<p>Folgende Dinge empfehlen wir dir einzupacken:<\/p>\n<ul>\n<li><strong>Ticket<\/strong>: Das Vorzeigen des QR-Codes auf einem Display reicht.<\/li>\n<li><strong>Wasserflasche<\/strong>: Auf dem NDR-Gel\u00e4nde gibt es Wasserspender f\u00fcr Dich.<\/li>\n<li><strong>Powerbank<\/strong>: Eine geladene Powerbank ist immer eine gute Idee!<\/li>\n<li><strong>Sonnen- oder Regenschutz<\/strong>, je nach aktueller Witterung.<\/li>\n<li><strong>Bargeld<\/strong> f\u00fcr Kaffeestand, Snacks am Stand im Foyer und f\u00fcr den Bierstand am Abend<\/li>\n<\/ul>\n\n","protected":false},"excerpt":{"rendered":"<p>FAQ zur NR26 Hier findest Du Antworten auf h\u00e4ufig gestellte Fragen rund um die Jahreskonferenz. Mit einem Klick auf die jeweilige Frage kannst Du die Antwort sehen. Deine Frage wurde damit noch nicht beantwortet? Dann schreib uns gerne eine Nachricht. Tickets Ich m\u00f6chte gern kommen &#8211; wei\u00df aber noch nicht genau, ob ich Zeit habe. [&hellip;]<\/p>\n","protected":false},"author":43,"featured_media":38682,"parent":0,"menu_order":0,"comment_status":"closed","ping_status":"closed","template":"","meta":{"footnotes":""},"class_list":["post-24","page","type-page","status-publish","has-post-thumbnail","hentry"],"yoast_head":"<!-- This site is optimized with the Yoast SEO plugin v27.3 - https:\/\/yoast.com\/product\/yoast-seo-wordpress\/ -->\n<title>FAQ zur NR26 - NR26<\/title>\n<meta name=\"description\" content=\"In unserem FAQ findest Du Antworten auf h\u00e4ufig gestellte Fragen rund um die Jahreskonferenz von Netzwerk Recherche.\" \/>\n<meta name=\"robots\" content=\"index, follow, max-snippet:-1, max-image-preview:large, max-video-preview:-1\" \/>\n<link rel=\"canonical\" href=\"https:\/\/netzwerkrecherche.org\/nr26\/faq\/\" \/>\n<meta property=\"og:locale\" content=\"de_DE\" \/>\n<meta property=\"og:type\" content=\"article\" \/>\n<meta property=\"og:title\" content=\"FAQ zur NR26 - NR26\" \/>\n<meta property=\"og:description\" content=\"In unserem FAQ findest Du Antworten auf h\u00e4ufig gestellte Fragen rund um die Jahreskonferenz von Netzwerk Recherche.\" \/>\n<meta property=\"og:url\" content=\"https:\/\/netzwerkrecherche.org\/nr26\/faq\/\" \/>\n<meta property=\"og:site_name\" content=\"NR26\" \/>\n<meta property=\"article:modified_time\" content=\"2026-02-03T16:32:27+00:00\" \/>\n<meta property=\"og:image\" content=\"https:\/\/netzwerkrecherche.org\/nr26\/wp-content\/uploads\/sites\/25\/2025\/12\/NR26_1200x675.png\" \/>\n\t<meta property=\"og:image:width\" content=\"1200\" \/>\n\t<meta property=\"og:image:height\" content=\"675\" \/>\n\t<meta property=\"og:image:type\" content=\"image\/png\" \/>\n<meta name=\"twitter:card\" content=\"summary_large_image\" \/>\n<meta name=\"twitter:label1\" content=\"Gesch\u00e4tzte Lesezeit\" \/>\n\t<meta name=\"twitter:data1\" content=\"5\u00a0Minuten\" \/>\n<script type=\"application\/ld+json\" class=\"yoast-schema-graph\">{\"@context\":\"https:\\\/\\\/schema.org\",\"@graph\":[{\"@type\":\"WebPage\",\"@id\":\"https:\\\/\\\/netzwerkrecherche.org\\\/nr26\\\/faq\\\/\",\"url\":\"https:\\\/\\\/netzwerkrecherche.org\\\/nr26\\\/faq\\\/\",\"name\":\"FAQ zur NR26 - NR26\",\"isPartOf\":{\"@id\":\"https:\\\/\\\/netzwerkrecherche.org\\\/nr26\\\/#website\"},\"primaryImageOfPage\":{\"@id\":\"https:\\\/\\\/netzwerkrecherche.org\\\/nr26\\\/faq\\\/#primaryimage\"},\"image\":{\"@id\":\"https:\\\/\\\/netzwerkrecherche.org\\\/nr26\\\/faq\\\/#primaryimage\"},\"thumbnailUrl\":\"https:\\\/\\\/netzwerkrecherche.org\\\/nr26\\\/wp-content\\\/uploads\\\/sites\\\/25\\\/2025\\\/12\\\/NR26_1200x675.png\",\"datePublished\":\"2025-07-15T12:24:42+00:00\",\"dateModified\":\"2026-02-03T16:32:27+00:00\",\"description\":\"In unserem FAQ findest Du Antworten auf h\u00e4ufig gestellte Fragen rund um die Jahreskonferenz von Netzwerk Recherche.\",\"breadcrumb\":{\"@id\":\"https:\\\/\\\/netzwerkrecherche.org\\\/nr26\\\/faq\\\/#breadcrumb\"},\"inLanguage\":\"de\",\"potentialAction\":[{\"@type\":\"ReadAction\",\"target\":[\"https:\\\/\\\/netzwerkrecherche.org\\\/nr26\\\/faq\\\/\"]}]},{\"@type\":\"ImageObject\",\"inLanguage\":\"de\",\"@id\":\"https:\\\/\\\/netzwerkrecherche.org\\\/nr26\\\/faq\\\/#primaryimage\",\"url\":\"https:\\\/\\\/netzwerkrecherche.org\\\/nr26\\\/wp-content\\\/uploads\\\/sites\\\/25\\\/2025\\\/12\\\/NR26_1200x675.png\",\"contentUrl\":\"https:\\\/\\\/netzwerkrecherche.org\\\/nr26\\\/wp-content\\\/uploads\\\/sites\\\/25\\\/2025\\\/12\\\/NR26_1200x675.png\",\"width\":1200,\"height\":675},{\"@type\":\"BreadcrumbList\",\"@id\":\"https:\\\/\\\/netzwerkrecherche.org\\\/nr26\\\/faq\\\/#breadcrumb\",\"itemListElement\":[{\"@type\":\"ListItem\",\"position\":1,\"name\":\"Startseite\",\"item\":\"https:\\\/\\\/netzwerkrecherche.org\\\/nr26\\\/\"},{\"@type\":\"ListItem\",\"position\":2,\"name\":\"FAQ zur NR26\"}]},{\"@type\":\"WebSite\",\"@id\":\"https:\\\/\\\/netzwerkrecherche.org\\\/nr26\\\/#website\",\"url\":\"https:\\\/\\\/netzwerkrecherche.org\\\/nr26\\\/\",\"name\":\"NR26\",\"description\":\"Netzwerk Recherche Jahreskonferenz 2026\",\"publisher\":{\"@id\":\"https:\\\/\\\/netzwerkrecherche.org\\\/nr26\\\/#organization\"},\"potentialAction\":[{\"@type\":\"SearchAction\",\"target\":{\"@type\":\"EntryPoint\",\"urlTemplate\":\"https:\\\/\\\/netzwerkrecherche.org\\\/nr26\\\/?s={search_term_string}\"},\"query-input\":{\"@type\":\"PropertyValueSpecification\",\"valueRequired\":true,\"valueName\":\"search_term_string\"}}],\"inLanguage\":\"de\"},{\"@type\":\"Organization\",\"@id\":\"https:\\\/\\\/netzwerkrecherche.org\\\/nr26\\\/#organization\",\"name\":\"Netzwerk Recherche\",\"url\":\"https:\\\/\\\/netzwerkrecherche.org\\\/nr26\\\/\",\"logo\":{\"@type\":\"ImageObject\",\"inLanguage\":\"de\",\"@id\":\"https:\\\/\\\/netzwerkrecherche.org\\\/nr26\\\/#\\\/schema\\\/logo\\\/image\\\/\",\"url\":\"https:\\\/\\\/netzwerkrecherche.org\\\/nr26\\\/wp-content\\\/uploads\\\/sites\\\/25\\\/2025\\\/08\\\/NR-Logo.png\",\"contentUrl\":\"https:\\\/\\\/netzwerkrecherche.org\\\/nr26\\\/wp-content\\\/uploads\\\/sites\\\/25\\\/2025\\\/08\\\/NR-Logo.png\",\"width\":2084,\"height\":926,\"caption\":\"Netzwerk Recherche\"},\"image\":{\"@id\":\"https:\\\/\\\/netzwerkrecherche.org\\\/nr26\\\/#\\\/schema\\\/logo\\\/image\\\/\"}}]}<\/script>\n<!-- \/ Yoast SEO plugin. -->","yoast_head_json":{"title":"FAQ zur NR26 - NR26","description":"In unserem FAQ findest Du Antworten auf h\u00e4ufig gestellte Fragen rund um die Jahreskonferenz von Netzwerk Recherche.","robots":{"index":"index","follow":"follow","max-snippet":"max-snippet:-1","max-image-preview":"max-image-preview:large","max-video-preview":"max-video-preview:-1"},"canonical":"https:\/\/netzwerkrecherche.org\/nr26\/faq\/","og_locale":"de_DE","og_type":"article","og_title":"FAQ zur NR26 - NR26","og_description":"In unserem FAQ findest Du Antworten auf h\u00e4ufig gestellte Fragen rund um die Jahreskonferenz von Netzwerk Recherche.","og_url":"https:\/\/netzwerkrecherche.org\/nr26\/faq\/","og_site_name":"NR26","article_modified_time":"2026-02-03T16:32:27+00:00","og_image":[{"width":1200,"height":675,"url":"https:\/\/netzwerkrecherche.org\/nr26\/wp-content\/uploads\/sites\/25\/2025\/12\/NR26_1200x675.png","type":"image\/png"}],"twitter_card":"summary_large_image","twitter_misc":{"Gesch\u00e4tzte Lesezeit":"5\u00a0Minuten"},"schema":{"@context":"https:\/\/schema.org","@graph":[{"@type":"WebPage","@id":"https:\/\/netzwerkrecherche.org\/nr26\/faq\/","url":"https:\/\/netzwerkrecherche.org\/nr26\/faq\/","name":"FAQ zur NR26 - NR26","isPartOf":{"@id":"https:\/\/netzwerkrecherche.org\/nr26\/#website"},"primaryImageOfPage":{"@id":"https:\/\/netzwerkrecherche.org\/nr26\/faq\/#primaryimage"},"image":{"@id":"https:\/\/netzwerkrecherche.org\/nr26\/faq\/#primaryimage"},"thumbnailUrl":"https:\/\/netzwerkrecherche.org\/nr26\/wp-content\/uploads\/sites\/25\/2025\/12\/NR26_1200x675.png","datePublished":"2025-07-15T12:24:42+00:00","dateModified":"2026-02-03T16:32:27+00:00","description":"In unserem FAQ findest Du Antworten auf h\u00e4ufig gestellte Fragen rund um die Jahreskonferenz von Netzwerk Recherche.","breadcrumb":{"@id":"https:\/\/netzwerkrecherche.org\/nr26\/faq\/#breadcrumb"},"inLanguage":"de","potentialAction":[{"@type":"ReadAction","target":["https:\/\/netzwerkrecherche.org\/nr26\/faq\/"]}]},{"@type":"ImageObject","inLanguage":"de","@id":"https:\/\/netzwerkrecherche.org\/nr26\/faq\/#primaryimage","url":"https:\/\/netzwerkrecherche.org\/nr26\/wp-content\/uploads\/sites\/25\/2025\/12\/NR26_1200x675.png","contentUrl":"https:\/\/netzwerkrecherche.org\/nr26\/wp-content\/uploads\/sites\/25\/2025\/12\/NR26_1200x675.png","width":1200,"height":675},{"@type":"BreadcrumbList","@id":"https:\/\/netzwerkrecherche.org\/nr26\/faq\/#breadcrumb","itemListElement":[{"@type":"ListItem","position":1,"name":"Startseite","item":"https:\/\/netzwerkrecherche.org\/nr26\/"},{"@type":"ListItem","position":2,"name":"FAQ zur NR26"}]},{"@type":"WebSite","@id":"https:\/\/netzwerkrecherche.org\/nr26\/#website","url":"https:\/\/netzwerkrecherche.org\/nr26\/","name":"NR26","description":"Netzwerk Recherche Jahreskonferenz 2026","publisher":{"@id":"https:\/\/netzwerkrecherche.org\/nr26\/#organization"},"potentialAction":[{"@type":"SearchAction","target":{"@type":"EntryPoint","urlTemplate":"https:\/\/netzwerkrecherche.org\/nr26\/?s={search_term_string}"},"query-input":{"@type":"PropertyValueSpecification","valueRequired":true,"valueName":"search_term_string"}}],"inLanguage":"de"},{"@type":"Organization","@id":"https:\/\/netzwerkrecherche.org\/nr26\/#organization","name":"Netzwerk Recherche","url":"https:\/\/netzwerkrecherche.org\/nr26\/","logo":{"@type":"ImageObject","inLanguage":"de","@id":"https:\/\/netzwerkrecherche.org\/nr26\/#\/schema\/logo\/image\/","url":"https:\/\/netzwerkrecherche.org\/nr26\/wp-content\/uploads\/sites\/25\/2025\/08\/NR-Logo.png","contentUrl":"https:\/\/netzwerkrecherche.org\/nr26\/wp-content\/uploads\/sites\/25\/2025\/08\/NR-Logo.png","width":2084,"height":926,"caption":"Netzwerk Recherche"},"image":{"@id":"https:\/\/netzwerkrecherche.org\/nr26\/#\/schema\/logo\/image\/"}}]}},"_links":{"self":[{"href":"https:\/\/netzwerkrecherche.org\/nr26\/wp-json\/wp\/v2\/pages\/24","targetHints":{"allow":["GET"]}}],"collection":[{"href":"https:\/\/netzwerkrecherche.org\/nr26\/wp-json\/wp\/v2\/pages"}],"about":[{"href":"https:\/\/netzwerkrecherche.org\/nr26\/wp-json\/wp\/v2\/types\/page"}],"author":[{"embeddable":true,"href":"https:\/\/netzwerkrecherche.org\/nr26\/wp-json\/wp\/v2\/users\/43"}],"replies":[{"embeddable":true,"href":"https:\/\/netzwerkrecherche.org\/nr26\/wp-json\/wp\/v2\/comments?post=24"}],"version-history":[{"count":9,"href":"https:\/\/netzwerkrecherche.org\/nr26\/wp-json\/wp\/v2\/pages\/24\/revisions"}],"predecessor-version":[{"id":38764,"href":"https:\/\/netzwerkrecherche.org\/nr26\/wp-json\/wp\/v2\/pages\/24\/revisions\/38764"}],"wp:featuredmedia":[{"embeddable":true,"href":"https:\/\/netzwerkrecherche.org\/nr26\/wp-json\/wp\/v2\/media\/38682"}],"wp:attachment":[{"href":"https:\/\/netzwerkrecherche.org\/nr26\/wp-json\/wp\/v2\/media?parent=24"}],"curies":[{"name":"wp","href":"https:\/\/api.w.org\/{rel}","templated":true}]}}