{"id":38689,"date":"2025-12-10T13:12:51","date_gmt":"2025-12-10T12:12:51","guid":{"rendered":"https:\/\/netzwerkrecherche.org\/nr26\/?page_id=38689"},"modified":"2026-02-13T11:23:23","modified_gmt":"2026-02-13T10:23:23","slug":"leuchtturm-2026","status":"publish","type":"page","link":"https:\/\/netzwerkrecherche.org\/nr26\/leuchtturm-2026\/","title":{"rendered":"Leuchtturm f\u00fcr besondere publizistische Leistungen"},"content":{"rendered":"\n<p>Einmal pro Jahr vergibt das Netzwerk Recherche den Leuchtturm f\u00fcr besondere publizistische Leistungen. Er zeichnet au\u00dfergew\u00f6hnliche Recherchen aus, die f\u00fcr den \u00f6ffentlichen Diskurs von gro\u00dfer Bedeutung sind. Ausgezeichnet werden besonders Beitr\u00e4ge, die sich mit bislang unbeachteten Themen befassen.<\/p>\n\n\n\n<p><strong>Ab sofort nehmen wir bis 31.03.2026 Vorschl\u00e4ge f\u00fcr den Leuchtturm 2026 entgegen! Bitte benutze f\u00fcr Deinen Vorschlag das Formular unten<\/strong> <strong>oder folge diesem Direktlink:<\/strong> <a href=\"https:\/\/airtable.com\/appsXFhk4Qx9ANjDZ\/shrMi2gWgOQIq7J7o\"><strong>Zum Formular auf Airtable<\/strong><\/a><\/p>\n\n\n\n<p><a href=\"https:\/\/netzwerkrecherche.org\/wp-content\/uploads\/2014\/06\/nr-leuchtturm-kriterien.pdf\">Hier findest Du Kurzbeschreibung und die Kriterien als pdf<\/a> (82 KB).<\/p>\n\n\n\n<p>Alle bisherigen Preistr\u00e4ger:innen und Laudationes kannst Du <a href=\"https:\/\/netzwerkrecherche.org\/stipendien-preise\/leuchtturm\/\">hier<\/a> abrufen.<\/p>\n\n\n\n<p>\u00dcber die Vergabe des Preises entscheidet eine Jury, bestehend aus Mitgliedern des <a href=\"https:\/\/netzwerkrecherche.org\/ueber-uns\/Vorstand\/\">Vorstands von Netzwerk Recherche.<\/a><\/p>\n\n\n\n<iframe loading=\"lazy\" class=\"airtable-embed\" src=\"https:\/\/airtable.com\/embed\/appsXFhk4Qx9ANjDZ\/shrMi2gWgOQIq7J7o\" frameborder=\"0\" onmousewheel=\"\" width=\"100%\" height=\"1500\" style=\"background: transparent; border: 1px solid #ccc;\"><\/iframe>\n\n\n\n<p><\/p>\n","protected":false},"excerpt":{"rendered":"<p>Einmal pro Jahr vergibt das Netzwerk Recherche den Leuchtturm f\u00fcr besondere publizistische Leistungen. Er zeichnet au\u00dfergew\u00f6hnliche Recherchen aus, die f\u00fcr den \u00f6ffentlichen Diskurs von gro\u00dfer Bedeutung sind. Ausgezeichnet werden besonders Beitr\u00e4ge, die sich mit bislang unbeachteten Themen befassen. Ab sofort nehmen wir bis 31.03.2026 Vorschl\u00e4ge f\u00fcr den Leuchtturm 2026 entgegen! Bitte benutze f\u00fcr Deinen Vorschlag [&hellip;]<\/p>\n","protected":false},"author":52,"featured_media":0,"parent":0,"menu_order":0,"comment_status":"closed","ping_status":"closed","template":"","meta":{"footnotes":""},"class_list":["post-38689","page","type-page","status-publish","hentry"],"yoast_head":"<!-- This site is optimized with the Yoast SEO plugin v27.3 - https:\/\/yoast.com\/product\/yoast-seo-wordpress\/ -->\n<title>Leuchtturm f\u00fcr besondere publizistische Leistungen - NR26<\/title>\n<meta name=\"description\" content=\"Netzwerk Recherche e.V. vergibt jedes Jahr auf der Jahreskonferenz den Leuchtturm-Preis. Vorschl\u00e4ge f\u00fcr 2026 sind ab sofort willkommen!\" \/>\n<meta name=\"robots\" content=\"index, follow, max-snippet:-1, max-image-preview:large, max-video-preview:-1\" \/>\n<link rel=\"canonical\" href=\"https:\/\/netzwerkrecherche.org\/nr26\/leuchtturm-2026\/\" \/>\n<meta property=\"og:locale\" content=\"de_DE\" \/>\n<meta property=\"og:type\" content=\"article\" \/>\n<meta property=\"og:title\" content=\"Leuchtturm f\u00fcr besondere publizistische Leistungen - NR26\" \/>\n<meta property=\"og:description\" content=\"Netzwerk Recherche e.V. vergibt jedes Jahr auf der Jahreskonferenz den Leuchtturm-Preis. Vorschl\u00e4ge f\u00fcr 2026 sind ab sofort willkommen!\" \/>\n<meta property=\"og:url\" content=\"https:\/\/netzwerkrecherche.org\/nr26\/leuchtturm-2026\/\" \/>\n<meta property=\"og:site_name\" content=\"NR26\" \/>\n<meta property=\"article:modified_time\" content=\"2026-02-13T10:23:23+00:00\" \/>\n<meta name=\"twitter:card\" content=\"summary_large_image\" \/>\n<meta name=\"twitter:label1\" content=\"Gesch\u00e4tzte Lesezeit\" \/>\n\t<meta name=\"twitter:data1\" content=\"1\u00a0Minute\" \/>\n<script type=\"application\/ld+json\" class=\"yoast-schema-graph\">{\"@context\":\"https:\\\/\\\/schema.org\",\"@graph\":[{\"@type\":\"WebPage\",\"@id\":\"https:\\\/\\\/netzwerkrecherche.org\\\/nr26\\\/leuchtturm-2026\\\/\",\"url\":\"https:\\\/\\\/netzwerkrecherche.org\\\/nr26\\\/leuchtturm-2026\\\/\",\"name\":\"Leuchtturm f\u00fcr besondere publizistische Leistungen - NR26\",\"isPartOf\":{\"@id\":\"https:\\\/\\\/netzwerkrecherche.org\\\/nr26\\\/#website\"},\"datePublished\":\"2025-12-10T12:12:51+00:00\",\"dateModified\":\"2026-02-13T10:23:23+00:00\",\"description\":\"Netzwerk Recherche e.V. vergibt jedes Jahr auf der Jahreskonferenz den Leuchtturm-Preis. Vorschl\u00e4ge f\u00fcr 2026 sind ab sofort willkommen!\",\"breadcrumb\":{\"@id\":\"https:\\\/\\\/netzwerkrecherche.org\\\/nr26\\\/leuchtturm-2026\\\/#breadcrumb\"},\"inLanguage\":\"de\",\"potentialAction\":[{\"@type\":\"ReadAction\",\"target\":[\"https:\\\/\\\/netzwerkrecherche.org\\\/nr26\\\/leuchtturm-2026\\\/\"]}]},{\"@type\":\"BreadcrumbList\",\"@id\":\"https:\\\/\\\/netzwerkrecherche.org\\\/nr26\\\/leuchtturm-2026\\\/#breadcrumb\",\"itemListElement\":[{\"@type\":\"ListItem\",\"position\":1,\"name\":\"Startseite\",\"item\":\"https:\\\/\\\/netzwerkrecherche.org\\\/nr26\\\/\"},{\"@type\":\"ListItem\",\"position\":2,\"name\":\"Leuchtturm f\u00fcr besondere publizistische Leistungen\"}]},{\"@type\":\"WebSite\",\"@id\":\"https:\\\/\\\/netzwerkrecherche.org\\\/nr26\\\/#website\",\"url\":\"https:\\\/\\\/netzwerkrecherche.org\\\/nr26\\\/\",\"name\":\"NR26\",\"description\":\"Netzwerk Recherche Jahreskonferenz 2026\",\"publisher\":{\"@id\":\"https:\\\/\\\/netzwerkrecherche.org\\\/nr26\\\/#organization\"},\"potentialAction\":[{\"@type\":\"SearchAction\",\"target\":{\"@type\":\"EntryPoint\",\"urlTemplate\":\"https:\\\/\\\/netzwerkrecherche.org\\\/nr26\\\/?s={search_term_string}\"},\"query-input\":{\"@type\":\"PropertyValueSpecification\",\"valueRequired\":true,\"valueName\":\"search_term_string\"}}],\"inLanguage\":\"de\"},{\"@type\":\"Organization\",\"@id\":\"https:\\\/\\\/netzwerkrecherche.org\\\/nr26\\\/#organization\",\"name\":\"Netzwerk Recherche\",\"url\":\"https:\\\/\\\/netzwerkrecherche.org\\\/nr26\\\/\",\"logo\":{\"@type\":\"ImageObject\",\"inLanguage\":\"de\",\"@id\":\"https:\\\/\\\/netzwerkrecherche.org\\\/nr26\\\/#\\\/schema\\\/logo\\\/image\\\/\",\"url\":\"https:\\\/\\\/netzwerkrecherche.org\\\/nr26\\\/wp-content\\\/uploads\\\/sites\\\/25\\\/2025\\\/08\\\/NR-Logo.png\",\"contentUrl\":\"https:\\\/\\\/netzwerkrecherche.org\\\/nr26\\\/wp-content\\\/uploads\\\/sites\\\/25\\\/2025\\\/08\\\/NR-Logo.png\",\"width\":2084,\"height\":926,\"caption\":\"Netzwerk Recherche\"},\"image\":{\"@id\":\"https:\\\/\\\/netzwerkrecherche.org\\\/nr26\\\/#\\\/schema\\\/logo\\\/image\\\/\"}}]}<\/script>\n<!-- \/ Yoast SEO plugin. -->","yoast_head_json":{"title":"Leuchtturm f\u00fcr besondere publizistische Leistungen - NR26","description":"Netzwerk Recherche e.V. vergibt jedes Jahr auf der Jahreskonferenz den Leuchtturm-Preis. Vorschl\u00e4ge f\u00fcr 2026 sind ab sofort willkommen!","robots":{"index":"index","follow":"follow","max-snippet":"max-snippet:-1","max-image-preview":"max-image-preview:large","max-video-preview":"max-video-preview:-1"},"canonical":"https:\/\/netzwerkrecherche.org\/nr26\/leuchtturm-2026\/","og_locale":"de_DE","og_type":"article","og_title":"Leuchtturm f\u00fcr besondere publizistische Leistungen - NR26","og_description":"Netzwerk Recherche e.V. vergibt jedes Jahr auf der Jahreskonferenz den Leuchtturm-Preis. Vorschl\u00e4ge f\u00fcr 2026 sind ab sofort willkommen!","og_url":"https:\/\/netzwerkrecherche.org\/nr26\/leuchtturm-2026\/","og_site_name":"NR26","article_modified_time":"2026-02-13T10:23:23+00:00","twitter_card":"summary_large_image","twitter_misc":{"Gesch\u00e4tzte Lesezeit":"1\u00a0Minute"},"schema":{"@context":"https:\/\/schema.org","@graph":[{"@type":"WebPage","@id":"https:\/\/netzwerkrecherche.org\/nr26\/leuchtturm-2026\/","url":"https:\/\/netzwerkrecherche.org\/nr26\/leuchtturm-2026\/","name":"Leuchtturm f\u00fcr besondere publizistische Leistungen - NR26","isPartOf":{"@id":"https:\/\/netzwerkrecherche.org\/nr26\/#website"},"datePublished":"2025-12-10T12:12:51+00:00","dateModified":"2026-02-13T10:23:23+00:00","description":"Netzwerk Recherche e.V. vergibt jedes Jahr auf der Jahreskonferenz den Leuchtturm-Preis. Vorschl\u00e4ge f\u00fcr 2026 sind ab sofort willkommen!","breadcrumb":{"@id":"https:\/\/netzwerkrecherche.org\/nr26\/leuchtturm-2026\/#breadcrumb"},"inLanguage":"de","potentialAction":[{"@type":"ReadAction","target":["https:\/\/netzwerkrecherche.org\/nr26\/leuchtturm-2026\/"]}]},{"@type":"BreadcrumbList","@id":"https:\/\/netzwerkrecherche.org\/nr26\/leuchtturm-2026\/#breadcrumb","itemListElement":[{"@type":"ListItem","position":1,"name":"Startseite","item":"https:\/\/netzwerkrecherche.org\/nr26\/"},{"@type":"ListItem","position":2,"name":"Leuchtturm f\u00fcr besondere publizistische Leistungen"}]},{"@type":"WebSite","@id":"https:\/\/netzwerkrecherche.org\/nr26\/#website","url":"https:\/\/netzwerkrecherche.org\/nr26\/","name":"NR26","description":"Netzwerk Recherche Jahreskonferenz 2026","publisher":{"@id":"https:\/\/netzwerkrecherche.org\/nr26\/#organization"},"potentialAction":[{"@type":"SearchAction","target":{"@type":"EntryPoint","urlTemplate":"https:\/\/netzwerkrecherche.org\/nr26\/?s={search_term_string}"},"query-input":{"@type":"PropertyValueSpecification","valueRequired":true,"valueName":"search_term_string"}}],"inLanguage":"de"},{"@type":"Organization","@id":"https:\/\/netzwerkrecherche.org\/nr26\/#organization","name":"Netzwerk Recherche","url":"https:\/\/netzwerkrecherche.org\/nr26\/","logo":{"@type":"ImageObject","inLanguage":"de","@id":"https:\/\/netzwerkrecherche.org\/nr26\/#\/schema\/logo\/image\/","url":"https:\/\/netzwerkrecherche.org\/nr26\/wp-content\/uploads\/sites\/25\/2025\/08\/NR-Logo.png","contentUrl":"https:\/\/netzwerkrecherche.org\/nr26\/wp-content\/uploads\/sites\/25\/2025\/08\/NR-Logo.png","width":2084,"height":926,"caption":"Netzwerk Recherche"},"image":{"@id":"https:\/\/netzwerkrecherche.org\/nr26\/#\/schema\/logo\/image\/"}}]}},"_links":{"self":[{"href":"https:\/\/netzwerkrecherche.org\/nr26\/wp-json\/wp\/v2\/pages\/38689","targetHints":{"allow":["GET"]}}],"collection":[{"href":"https:\/\/netzwerkrecherche.org\/nr26\/wp-json\/wp\/v2\/pages"}],"about":[{"href":"https:\/\/netzwerkrecherche.org\/nr26\/wp-json\/wp\/v2\/types\/page"}],"author":[{"embeddable":true,"href":"https:\/\/netzwerkrecherche.org\/nr26\/wp-json\/wp\/v2\/users\/52"}],"replies":[{"embeddable":true,"href":"https:\/\/netzwerkrecherche.org\/nr26\/wp-json\/wp\/v2\/comments?post=38689"}],"version-history":[{"count":21,"href":"https:\/\/netzwerkrecherche.org\/nr26\/wp-json\/wp\/v2\/pages\/38689\/revisions"}],"predecessor-version":[{"id":38883,"href":"https:\/\/netzwerkrecherche.org\/nr26\/wp-json\/wp\/v2\/pages\/38689\/revisions\/38883"}],"wp:attachment":[{"href":"https:\/\/netzwerkrecherche.org\/nr26\/wp-json\/wp\/v2\/media?parent=38689"}],"curies":[{"name":"wp","href":"https:\/\/api.w.org\/{rel}","templated":true}]}}