{"id":38700,"date":"2025-12-10T13:12:41","date_gmt":"2025-12-10T12:12:41","guid":{"rendered":"https:\/\/netzwerkrecherche.org\/nr26\/?page_id=38700"},"modified":"2026-04-15T15:54:37","modified_gmt":"2026-04-15T13:54:37","slug":"auster-2026","status":"publish","type":"page","link":"https:\/\/netzwerkrecherche.org\/nr26\/auster-2026\/","title":{"rendered":"Die Verschlossene Auster"},"content":{"rendered":"\n<p>Die Verschlossene Auster ist der Negativpreis des Netzwerk Recherche (der Leuchtturm f\u00fcr besondere publizistische Leistungen ist der Positivpreis). Die \u201eAuster\u201c wird seit 2002 j\u00e4hrlich im Rahmen der Jahreskonferenzen des Netzwerk Recherche an den:die Informationsblockierer:in des Jahres vergeben. Alle bisherigen Preistr\u00e4ger:innen, Laudationes und Dankes- bzw. Gegenreden k\u00f6nnen <a href=\"https:\/\/netzwerkrecherche.org\/stipendien-preise\/verschlossene-auster\/\">hier<\/a> eingesehen werden.<\/p>\n\n\n\n<p><strong>Wir danken allen, die Vorschl\u00e4ge f\u00fcr die Auster 2026 eingereicht haben! Der Call ist beendet.<\/strong><\/p>\n\n\n\n<p>\u00dcber die Vergabe des Preises entscheidet eine Jury, bestehend aus Mitgliedern des <a href=\"https:\/\/netzwerkrecherche.org\/ueber-uns\/Vorstand\/\">Vorstands von Netzwerk Recherche<\/a>. Die Bekanntgabe des oder der Preistr\u00e4ger erfolgt auf der Jahreskonferenz von Netzwerk Recherche am 12.\/13. Juni 2026.<\/p>\n\n\n\n<p>Alle bisherigen Preistr\u00e4ger:innen und Laudationes sind <a href=\"https:\/\/netzwerkrecherche.org\/wir-zeichnen-aus\/verschlossene-auster\/\">hier<\/a> abrufbar.<\/p>\n","protected":false},"excerpt":{"rendered":"<p>Die Verschlossene Auster ist der Negativpreis des Netzwerk Recherche (der Leuchtturm f\u00fcr besondere publizistische Leistungen ist der Positivpreis). Die \u201eAuster\u201c wird seit 2002 j\u00e4hrlich im Rahmen der Jahreskonferenzen des Netzwerk Recherche an den:die Informationsblockierer:in des Jahres vergeben. Alle bisherigen Preistr\u00e4ger:innen, Laudationes und Dankes- bzw. Gegenreden k\u00f6nnen hier eingesehen werden. Wir danken allen, die Vorschl\u00e4ge f\u00fcr [&hellip;]<\/p>\n","protected":false},"author":52,"featured_media":0,"parent":0,"menu_order":0,"comment_status":"closed","ping_status":"closed","template":"","meta":{"footnotes":""},"class_list":["post-38700","page","type-page","status-publish","hentry"],"yoast_head":"<!-- This site is optimized with the Yoast SEO plugin v27.5 - https:\/\/yoast.com\/product\/yoast-seo-wordpress\/ -->\n<title>Die Verschlossene Auster - NR26<\/title>\n<meta name=\"description\" content=\"Netzwerk Recherche vergibt jedes Jahr die \u201eAuster\u201c als Negativpreis. Ab sofort nehmen wir Vorschl\u00e4ge f\u00fcr die Verschlossene Auster 2026 an!\" \/>\n<meta name=\"robots\" content=\"index, follow, max-snippet:-1, max-image-preview:large, max-video-preview:-1\" \/>\n<link rel=\"canonical\" href=\"https:\/\/netzwerkrecherche.org\/nr26\/auster-2026\/\" \/>\n<meta property=\"og:locale\" content=\"de_DE\" \/>\n<meta property=\"og:type\" content=\"article\" \/>\n<meta property=\"og:title\" content=\"Die Verschlossene Auster - NR26\" \/>\n<meta property=\"og:description\" content=\"Netzwerk Recherche vergibt jedes Jahr die \u201eAuster\u201c als Negativpreis. Ab sofort nehmen wir Vorschl\u00e4ge f\u00fcr die Verschlossene Auster 2026 an!\" \/>\n<meta property=\"og:url\" content=\"https:\/\/netzwerkrecherche.org\/nr26\/auster-2026\/\" \/>\n<meta property=\"og:site_name\" content=\"NR26\" \/>\n<meta property=\"article:modified_time\" content=\"2026-04-15T13:54:37+00:00\" \/>\n<meta name=\"twitter:card\" content=\"summary_large_image\" \/>\n<meta name=\"twitter:label1\" content=\"Gesch\u00e4tzte Lesezeit\" \/>\n\t<meta name=\"twitter:data1\" content=\"1\u00a0Minute\" \/>\n<script type=\"application\/ld+json\" class=\"yoast-schema-graph\">{\"@context\":\"https:\\\/\\\/schema.org\",\"@graph\":[{\"@type\":\"WebPage\",\"@id\":\"https:\\\/\\\/netzwerkrecherche.org\\\/nr26\\\/auster-2026\\\/\",\"url\":\"https:\\\/\\\/netzwerkrecherche.org\\\/nr26\\\/auster-2026\\\/\",\"name\":\"Die Verschlossene Auster - NR26\",\"isPartOf\":{\"@id\":\"https:\\\/\\\/netzwerkrecherche.org\\\/nr26\\\/#website\"},\"datePublished\":\"2025-12-10T12:12:41+00:00\",\"dateModified\":\"2026-04-15T13:54:37+00:00\",\"description\":\"Netzwerk Recherche vergibt jedes Jahr die \u201eAuster\u201c als Negativpreis. Ab sofort nehmen wir Vorschl\u00e4ge f\u00fcr die Verschlossene Auster 2026 an!\",\"breadcrumb\":{\"@id\":\"https:\\\/\\\/netzwerkrecherche.org\\\/nr26\\\/auster-2026\\\/#breadcrumb\"},\"inLanguage\":\"de\",\"potentialAction\":[{\"@type\":\"ReadAction\",\"target\":[\"https:\\\/\\\/netzwerkrecherche.org\\\/nr26\\\/auster-2026\\\/\"]}]},{\"@type\":\"BreadcrumbList\",\"@id\":\"https:\\\/\\\/netzwerkrecherche.org\\\/nr26\\\/auster-2026\\\/#breadcrumb\",\"itemListElement\":[{\"@type\":\"ListItem\",\"position\":1,\"name\":\"Startseite\",\"item\":\"https:\\\/\\\/netzwerkrecherche.org\\\/nr26\\\/\"},{\"@type\":\"ListItem\",\"position\":2,\"name\":\"Die Verschlossene Auster\"}]},{\"@type\":\"WebSite\",\"@id\":\"https:\\\/\\\/netzwerkrecherche.org\\\/nr26\\\/#website\",\"url\":\"https:\\\/\\\/netzwerkrecherche.org\\\/nr26\\\/\",\"name\":\"NR26\",\"description\":\"Netzwerk Recherche Jahreskonferenz 2026\",\"publisher\":{\"@id\":\"https:\\\/\\\/netzwerkrecherche.org\\\/nr26\\\/#organization\"},\"potentialAction\":[{\"@type\":\"SearchAction\",\"target\":{\"@type\":\"EntryPoint\",\"urlTemplate\":\"https:\\\/\\\/netzwerkrecherche.org\\\/nr26\\\/?s={search_term_string}\"},\"query-input\":{\"@type\":\"PropertyValueSpecification\",\"valueRequired\":true,\"valueName\":\"search_term_string\"}}],\"inLanguage\":\"de\"},{\"@type\":\"Organization\",\"@id\":\"https:\\\/\\\/netzwerkrecherche.org\\\/nr26\\\/#organization\",\"name\":\"Netzwerk Recherche\",\"url\":\"https:\\\/\\\/netzwerkrecherche.org\\\/nr26\\\/\",\"logo\":{\"@type\":\"ImageObject\",\"inLanguage\":\"de\",\"@id\":\"https:\\\/\\\/netzwerkrecherche.org\\\/nr26\\\/#\\\/schema\\\/logo\\\/image\\\/\",\"url\":\"https:\\\/\\\/netzwerkrecherche.org\\\/nr26\\\/wp-content\\\/uploads\\\/sites\\\/25\\\/2025\\\/08\\\/NR-Logo.png\",\"contentUrl\":\"https:\\\/\\\/netzwerkrecherche.org\\\/nr26\\\/wp-content\\\/uploads\\\/sites\\\/25\\\/2025\\\/08\\\/NR-Logo.png\",\"width\":2084,\"height\":926,\"caption\":\"Netzwerk Recherche\"},\"image\":{\"@id\":\"https:\\\/\\\/netzwerkrecherche.org\\\/nr26\\\/#\\\/schema\\\/logo\\\/image\\\/\"}}]}<\/script>\n<!-- \/ Yoast SEO plugin. -->","yoast_head_json":{"title":"Die Verschlossene Auster - NR26","description":"Netzwerk Recherche vergibt jedes Jahr die \u201eAuster\u201c als Negativpreis. Ab sofort nehmen wir Vorschl\u00e4ge f\u00fcr die Verschlossene Auster 2026 an!","robots":{"index":"index","follow":"follow","max-snippet":"max-snippet:-1","max-image-preview":"max-image-preview:large","max-video-preview":"max-video-preview:-1"},"canonical":"https:\/\/netzwerkrecherche.org\/nr26\/auster-2026\/","og_locale":"de_DE","og_type":"article","og_title":"Die Verschlossene Auster - NR26","og_description":"Netzwerk Recherche vergibt jedes Jahr die \u201eAuster\u201c als Negativpreis. Ab sofort nehmen wir Vorschl\u00e4ge f\u00fcr die Verschlossene Auster 2026 an!","og_url":"https:\/\/netzwerkrecherche.org\/nr26\/auster-2026\/","og_site_name":"NR26","article_modified_time":"2026-04-15T13:54:37+00:00","twitter_card":"summary_large_image","twitter_misc":{"Gesch\u00e4tzte Lesezeit":"1\u00a0Minute"},"schema":{"@context":"https:\/\/schema.org","@graph":[{"@type":"WebPage","@id":"https:\/\/netzwerkrecherche.org\/nr26\/auster-2026\/","url":"https:\/\/netzwerkrecherche.org\/nr26\/auster-2026\/","name":"Die Verschlossene Auster - NR26","isPartOf":{"@id":"https:\/\/netzwerkrecherche.org\/nr26\/#website"},"datePublished":"2025-12-10T12:12:41+00:00","dateModified":"2026-04-15T13:54:37+00:00","description":"Netzwerk Recherche vergibt jedes Jahr die \u201eAuster\u201c als Negativpreis. Ab sofort nehmen wir Vorschl\u00e4ge f\u00fcr die Verschlossene Auster 2026 an!","breadcrumb":{"@id":"https:\/\/netzwerkrecherche.org\/nr26\/auster-2026\/#breadcrumb"},"inLanguage":"de","potentialAction":[{"@type":"ReadAction","target":["https:\/\/netzwerkrecherche.org\/nr26\/auster-2026\/"]}]},{"@type":"BreadcrumbList","@id":"https:\/\/netzwerkrecherche.org\/nr26\/auster-2026\/#breadcrumb","itemListElement":[{"@type":"ListItem","position":1,"name":"Startseite","item":"https:\/\/netzwerkrecherche.org\/nr26\/"},{"@type":"ListItem","position":2,"name":"Die Verschlossene Auster"}]},{"@type":"WebSite","@id":"https:\/\/netzwerkrecherche.org\/nr26\/#website","url":"https:\/\/netzwerkrecherche.org\/nr26\/","name":"NR26","description":"Netzwerk Recherche Jahreskonferenz 2026","publisher":{"@id":"https:\/\/netzwerkrecherche.org\/nr26\/#organization"},"potentialAction":[{"@type":"SearchAction","target":{"@type":"EntryPoint","urlTemplate":"https:\/\/netzwerkrecherche.org\/nr26\/?s={search_term_string}"},"query-input":{"@type":"PropertyValueSpecification","valueRequired":true,"valueName":"search_term_string"}}],"inLanguage":"de"},{"@type":"Organization","@id":"https:\/\/netzwerkrecherche.org\/nr26\/#organization","name":"Netzwerk Recherche","url":"https:\/\/netzwerkrecherche.org\/nr26\/","logo":{"@type":"ImageObject","inLanguage":"de","@id":"https:\/\/netzwerkrecherche.org\/nr26\/#\/schema\/logo\/image\/","url":"https:\/\/netzwerkrecherche.org\/nr26\/wp-content\/uploads\/sites\/25\/2025\/08\/NR-Logo.png","contentUrl":"https:\/\/netzwerkrecherche.org\/nr26\/wp-content\/uploads\/sites\/25\/2025\/08\/NR-Logo.png","width":2084,"height":926,"caption":"Netzwerk Recherche"},"image":{"@id":"https:\/\/netzwerkrecherche.org\/nr26\/#\/schema\/logo\/image\/"}}]}},"_links":{"self":[{"href":"https:\/\/netzwerkrecherche.org\/nr26\/wp-json\/wp\/v2\/pages\/38700","targetHints":{"allow":["GET"]}}],"collection":[{"href":"https:\/\/netzwerkrecherche.org\/nr26\/wp-json\/wp\/v2\/pages"}],"about":[{"href":"https:\/\/netzwerkrecherche.org\/nr26\/wp-json\/wp\/v2\/types\/page"}],"author":[{"embeddable":true,"href":"https:\/\/netzwerkrecherche.org\/nr26\/wp-json\/wp\/v2\/users\/52"}],"replies":[{"embeddable":true,"href":"https:\/\/netzwerkrecherche.org\/nr26\/wp-json\/wp\/v2\/comments?post=38700"}],"version-history":[{"count":22,"href":"https:\/\/netzwerkrecherche.org\/nr26\/wp-json\/wp\/v2\/pages\/38700\/revisions"}],"predecessor-version":[{"id":38925,"href":"https:\/\/netzwerkrecherche.org\/nr26\/wp-json\/wp\/v2\/pages\/38700\/revisions\/38925"}],"wp:attachment":[{"href":"https:\/\/netzwerkrecherche.org\/nr26\/wp-json\/wp\/v2\/media?parent=38700"}],"curies":[{"name":"wp","href":"https:\/\/api.w.org\/{rel}","templated":true}]}}