{"id":38744,"date":"2026-01-16T15:30:03","date_gmt":"2026-01-16T14:30:03","guid":{"rendered":"https:\/\/netzwerkrecherche.org\/nr26\/?page_id=38744"},"modified":"2026-02-12T13:55:47","modified_gmt":"2026-02-12T12:55:47","slug":"mediadaten","status":"publish","type":"page","link":"https:\/\/netzwerkrecherche.org\/nr26\/mediadaten\/","title":{"rendered":"Mediadaten"},"content":{"rendered":"\n<p>Unsere Jahreskonferenz ist eine der gr\u00f6\u00dften Veranstaltungen f\u00fcr den deutschen Journalismus. Sie bringt Journalist:innen, Medienmacher:innen und relevante Akteur:innen der Branche zusammen.<\/p>\n\n\n\n<p>Organisationen, Unternehmen und Initiativen haben bei uns die M\u00f6glichkeit, gezielt Sichtbarkeit zu erwerben und ihre Angebote in einem hochwertigen, journalistischen Umfeld zu pr\u00e4sentieren. Macht Eure Organisation auf der Jahreskonferenz sichtbar \u2013 ob gedruckt, online oder direkt vor Ort: Auf der NR26 erreicht Ihr ein fachlich kompetentes und interessiertes Publikum und positioniert Euch sichtbar. <a href=\"https:\/\/netzwerkrecherche.org\/nr26\/wp-content\/uploads\/sites\/25\/2026\/01\/NR26-mediadaten.pdf\">Hier findet Ihr unsere Mediadaten auch zum Download als pdf<\/a>.<\/p>\n\n\n\n<p><\/p>\n\n\n\n<div class=\"wp-block-group\"><div class=\"wp-block-group__inner-container is-layout-constrained wp-block-group-is-layout-constrained\">\n<h2 class=\"wp-block-heading\">NR-26 Sponsoring<\/h2>\n<\/div><\/div>\n\n\n\n<p>Die Sponsoring-Angebote k\u00f6nnen mit Anzeigen in den NR26-Publikationen kombiniert werden. Gern stellen wir f\u00fcr Sie individuelle Pakete zusammen.<\/p>\n\n\n\n<div class=\"wp-block-columns is-layout-flex wp-container-core-columns-is-layout-9d6595d7 wp-block-columns-is-layout-flex\">\n<div class=\"wp-block-column is-layout-flow wp-block-column-is-layout-flow\">\n<h3 class=\"wp-block-heading has-text-align-center\">Konferenz-Sponsor<\/h3>\n\n\n\n<figure class=\"wp-block-image size-full\"><img loading=\"lazy\" decoding=\"async\" width=\"1181\" height=\"787\" src=\"https:\/\/netzwerkrecherche.org\/nr26\/wp-content\/uploads\/sites\/25\/2026\/02\/20230616_091217_K1_Begruessung_nja_066.jpg\" alt=\"\" class=\"wp-image-38780\"\/><figcaption class=\"wp-element-caption\"><br \/><\/figcaption><\/figure>\n\n\n\n<p>Als Konferenzsponsor unterst\u00fctzen Sie die gr\u00f6\u00dfte deutsche Journalist:innenkonferenz. <br \/><br \/><strong>Sie erhalten: <\/strong><br \/>&#8211; Logoplatzierung in unseren Konferenzmedien<br \/>&#8211; 2 Konferenztickets <br \/>&#8211; 2 exklusive Einladungen zum VIP-Treffen<br \/><br \/><strong>Preis:<\/strong><br \/>5.000 Euro<\/p>\n<\/div>\n\n\n\n<div class=\"wp-block-column is-layout-flow wp-block-column-is-layout-flow\">\n<h3 class=\"wp-block-heading has-text-align-center\">Info-Stand<\/h3>\n\n\n\n<figure class=\"wp-block-image size-full\"><img loading=\"lazy\" decoding=\"async\" width=\"1772\" height=\"1181\" src=\"https:\/\/netzwerkrecherche.org\/nr26\/wp-content\/uploads\/sites\/25\/2026\/02\/20180629_Impressionen_NJ_125212_012.jpg\" alt=\"\" class=\"wp-image-38779\"\/><figcaption class=\"wp-element-caption\"><br \/><\/figcaption><\/figure>\n\n\n\n<p>Kommen Sie direkt mit den Teilnehmenden der NR26 ins Gespr\u00e4ch und pr\u00e4sentieren Sie Ihre Online- und Printangebote. <br \/><br \/><strong>Sie erhalten:<\/strong><br \/>&#8211; \u00fcberdachte Standpl\u00e4tze mit Stromversorgung <br \/>&#8211; sind auf dem Hauptplatz der Konferenz<br \/>&#8211; 2 Konferenztickets<br \/><br \/><strong>Preis:<\/strong><br \/>Normaltarif \u2013 3.500 Euro <br \/>Soli-Tarif (f\u00fcr kleine NGOs) \u2013 2.500 Euro<\/p>\n<\/div>\n<\/div>\n\n\n\n<h2 class=\"wp-block-heading\">NR-26 Anzeigen<\/h2>\n\n\n\n<p>Die Anzeigen-Angebote k\u00f6nnen kombiniert werden. Bei der Kombination von mind. 2 Produkten erhalten Sie 10% Rabatt auf den Gesamtpreis. Gern beraten wir Sie und stellen individuelle Pakete zusammen. Alle Preise zzgl. MwSt.<\/p>\n\n\n\n<div class=\"wp-block-columns is-layout-flex wp-container-core-columns-is-layout-9d6595d7 wp-block-columns-is-layout-flex\">\n<div class=\"wp-block-column is-layout-flow wp-block-column-is-layout-flow\">\n<h3 class=\"wp-block-heading has-text-align-center\">Armband<\/h3>\n\n\n\n<figure class=\"wp-block-image size-full is-resized\"><img loading=\"lazy\" decoding=\"async\" width=\"184\" height=\"70\" src=\"https:\/\/netzwerkrecherche.org\/nr26\/wp-content\/uploads\/sites\/25\/2026\/02\/armband.png\" alt=\"\" class=\"wp-image-38782\" style=\"width:259px;height:auto\"\/><figcaption class=\"wp-element-caption\"><br \/><br \/><\/figcaption><\/figure>\n\n\n\n<p><\/p>\n\n\n\n<p>Jede:r Konferenzteilnehmer:in erh\u00e4lt ein Konferenz-Armband, auf dem Ihr Logo platziert werden kann. <br \/><br \/><strong>Auflage: <\/strong>1.000 Exemplare<br \/><br \/><strong>Anzeigenschluss:<\/strong> 17. April 2026<br \/><br \/><strong>Erscheint: <\/strong>zur Konferenz<br \/><br \/><strong>Preis:<\/strong> 2.000 Euro<\/p>\n<\/div>\n\n\n\n<div class=\"wp-block-column is-layout-flow wp-block-column-is-layout-flow\">\n<h3 class=\"wp-block-heading has-text-align-center\">Programmfaltblatt<\/h3>\n\n\n<div class=\"wp-block-image\">\n<figure class=\"aligncenter size-full is-resized\"><img loading=\"lazy\" decoding=\"async\" width=\"1772\" height=\"2201\" src=\"https:\/\/netzwerkrecherche.org\/nr26\/wp-content\/uploads\/sites\/25\/2026\/02\/programmfaltblatt2016.png\" alt=\"\" class=\"wp-image-38789\" style=\"aspect-ratio:0.8051045174438906;width:146px;height:auto\"\/><figcaption class=\"wp-element-caption\"><br \/><\/figcaption><\/figure>\n<\/div>\n\n\n<p>Das Programmfaltblatt erscheint zum ersten Konferenztag und enth\u00e4lt die aktuelle Programm\u00fcbersicht. Es umfasst 8 Seiten in A4 (farbig; 4c) mit Zickzack-Kreuzbruchfalz. Es wird an alle Tagungsteilnehmer:innen verteilt.<br \/><br \/><strong>Auflage: <\/strong>1.000 Exemplare<br \/><br \/><strong>Anzeigenschluss:<\/strong> 8. Mai 2026<br \/><br \/><strong>Erscheint: <\/strong>zur Konferenz<br \/><br \/><strong>Preis:<\/strong> <br \/>ganze Seite \u2013 3.200 Euro<br \/>halbe Seite \u2013 1.900 Euro<\/p>\n<\/div>\n\n\n\n<div class=\"wp-block-column is-layout-flow wp-block-column-is-layout-flow\">\n<h3 class=\"wp-block-heading has-text-align-center\">Webseite<\/h3>\n\n\n\n<figure class=\"wp-block-image size-full\"><img loading=\"lazy\" decoding=\"async\" width=\"1493\" height=\"1293\" src=\"https:\/\/netzwerkrecherche.org\/nr26\/wp-content\/uploads\/sites\/25\/2026\/02\/Bildschirmfoto-2025-12-18-um-21.56.04.png\" alt=\"\" class=\"wp-image-38783\"\/><\/figure>\n\n\n\n<p>Auf der Konferenzwebsite informieren sich interessierte Journalist:innen im Vorfeld \u00fcber das Programm und melden sich zur Konferenz an. Auf der Website werden die Ergebnisse der Tagung dokumentiert.<br \/><br \/><strong>Platzierung:<\/strong> Anzeigen auf der Website werden auf der Konferenzstartseite und in der Seitenleiste der Unterseiten platziert. <br \/><br \/><strong>Gr\u00f6\u00dfe: <\/strong>Die Anzeigen werden in der Gr\u00f6\u00dfe 330px x 330px angezeigt.<br \/><br \/><strong>Erscheint: <\/strong>sofort ab Buchung<br \/><br \/><strong>Preis:<\/strong> 1.300 Euro<\/p>\n<\/div>\n<\/div>\n\n\n\n<h2 class=\"wp-block-heading\">Pr\u00e4sentation unserer Sponsoren und Partner<\/h2>\n\n\n\n<div class=\"wp-block-columns is-layout-flex wp-container-core-columns-is-layout-9d6595d7 wp-block-columns-is-layout-flex\">\n<div class=\"wp-block-column is-layout-flow wp-block-column-is-layout-flow\">\n<h3 class=\"wp-block-heading has-text-align-center\">Aufsteller vor Ort<\/h3>\n\n\n\n<figure class=\"wp-block-image size-full\"><img loading=\"lazy\" decoding=\"async\" width=\"2534\" height=\"2534\" src=\"https:\/\/netzwerkrecherche.org\/nr26\/wp-content\/uploads\/sites\/25\/2026\/02\/NR-Aufsteller_20230616_132636_Athmo-Tag-1_nja_019-scaled-1.jpg\" alt=\"\" class=\"wp-image-38874\"\/><\/figure>\n\n\n\n<p>Auf dem Gel\u00e4nde der Veranstaltung pr\u00e4sentieren zwei Banner die Sponsoren und Partner der NR-Jahreskonferenz. Die \u00fcber 2m hohen Aufsteller sind auf dem Konferenzgel\u00e4nde und auf dem Veranstaltungsplatz vor Haus 14 platziert.<\/p>\n<\/div>\n\n\n\n<div class=\"wp-block-column is-layout-flow wp-block-column-is-layout-flow\">\n<h3 class=\"wp-block-heading has-text-align-center\">Programmfaltblatt<\/h3>\n\n\n\n<figure class=\"wp-block-image size-full\"><img loading=\"lazy\" decoding=\"async\" width=\"2534\" height=\"2534\" src=\"https:\/\/netzwerkrecherche.org\/nr26\/wp-content\/uploads\/sites\/25\/2026\/02\/Programm-Faltblatt-NR25-Partner_Foerderer.png\" alt=\"\" class=\"wp-image-38862\"\/><\/figure>\n\n\n\n<p>Das Programmfaltblatt erscheint in einer Auflage von 1.000 St\u00fcck. Die Logos aller Sponsoren und Partner sind im Programmfaltblatt pr\u00e4sent.<\/p>\n<\/div>\n\n\n\n<div class=\"wp-block-column is-layout-flow wp-block-column-is-layout-flow\">\n<h3 class=\"wp-block-heading has-text-align-center\">Online<\/h3>\n\n\n\n<figure class=\"wp-block-image size-full\"><img loading=\"lazy\" decoding=\"async\" width=\"826\" height=\"826\" src=\"https:\/\/netzwerkrecherche.org\/nr26\/wp-content\/uploads\/sites\/25\/2026\/02\/Partner_Fo\u0308rderer_Homepage-1.png\" alt=\"\" class=\"wp-image-38867\"\/><\/figure>\n\n\n\n<p>Auch online finden sich die Spon\u00adsoren und Partner, welche die Jahreskonferenz unterst\u00fctzen.<br \/>Die Logos der Sponsoren sind \u00fcber den Reiter \u201e<a href=\"https:\/\/netzwerkrecherche.org\/nr26\/foerderer-und-partner\/\" type=\"page\" id=\"38791\">F\u00f6rderer und Partner\u201c<\/a> auf der Konferenzhomepage einsehbar.<\/p>\n<\/div>\n<\/div>\n\n\n\n<p><\/p>\n","protected":false},"excerpt":{"rendered":"<p>Unsere Jahreskonferenz ist eine der gr\u00f6\u00dften Veranstaltungen f\u00fcr den deutschen Journalismus. Sie bringt Journalist:innen, Medienmacher:innen und relevante Akteur:innen der Branche zusammen. Organisationen, Unternehmen und Initiativen haben bei uns die M\u00f6glichkeit, gezielt Sichtbarkeit zu erwerben und ihre Angebote in einem hochwertigen, journalistischen Umfeld zu pr\u00e4sentieren. Macht Eure Organisation auf der Jahreskonferenz sichtbar \u2013 ob gedruckt, online [&hellip;]<\/p>\n","protected":false},"author":52,"featured_media":0,"parent":0,"menu_order":0,"comment_status":"closed","ping_status":"closed","template":"","meta":{"footnotes":""},"class_list":["post-38744","page","type-page","status-publish","hentry"],"yoast_head":"<!-- This site is optimized with the Yoast SEO plugin v27.3 - https:\/\/yoast.com\/product\/yoast-seo-wordpress\/ -->\n<title>Mediadaten - NR26<\/title>\n<meta name=\"description\" content=\"Macht Eure Organisation auf der Jahreskonferenz sichtbar \u2013 ob gedruckt, online oder direkt vor Ort. Unsere Mediadaten zur NR26.\" \/>\n<meta name=\"robots\" content=\"index, follow, max-snippet:-1, max-image-preview:large, max-video-preview:-1\" \/>\n<link rel=\"canonical\" href=\"https:\/\/netzwerkrecherche.org\/nr26\/mediadaten\/\" \/>\n<meta property=\"og:locale\" content=\"de_DE\" \/>\n<meta property=\"og:type\" content=\"article\" \/>\n<meta property=\"og:title\" content=\"Mediadaten - NR26\" \/>\n<meta property=\"og:description\" content=\"Macht Eure Organisation auf der Jahreskonferenz sichtbar \u2013 ob gedruckt, online oder direkt vor Ort. Unsere Mediadaten zur NR26.\" \/>\n<meta property=\"og:url\" content=\"https:\/\/netzwerkrecherche.org\/nr26\/mediadaten\/\" \/>\n<meta property=\"og:site_name\" content=\"NR26\" \/>\n<meta property=\"article:modified_time\" content=\"2026-02-12T12:55:47+00:00\" \/>\n<meta property=\"og:image\" content=\"https:\/\/netzwerkrecherche.org\/nr26\/wp-content\/uploads\/sites\/25\/2026\/02\/20230616_091217_K1_Begruessung_nja_066.jpg\" \/>\n\t<meta property=\"og:image:width\" content=\"1181\" \/>\n\t<meta property=\"og:image:height\" content=\"787\" \/>\n\t<meta property=\"og:image:type\" content=\"image\/jpeg\" \/>\n<meta name=\"twitter:card\" content=\"summary_large_image\" \/>\n<meta name=\"twitter:label1\" content=\"Gesch\u00e4tzte Lesezeit\" \/>\n\t<meta name=\"twitter:data1\" content=\"4\u00a0Minuten\" \/>\n<script type=\"application\/ld+json\" class=\"yoast-schema-graph\">{\"@context\":\"https:\\\/\\\/schema.org\",\"@graph\":[{\"@type\":\"WebPage\",\"@id\":\"https:\\\/\\\/netzwerkrecherche.org\\\/nr26\\\/mediadaten\\\/\",\"url\":\"https:\\\/\\\/netzwerkrecherche.org\\\/nr26\\\/mediadaten\\\/\",\"name\":\"Mediadaten - NR26\",\"isPartOf\":{\"@id\":\"https:\\\/\\\/netzwerkrecherche.org\\\/nr26\\\/#website\"},\"primaryImageOfPage\":{\"@id\":\"https:\\\/\\\/netzwerkrecherche.org\\\/nr26\\\/mediadaten\\\/#primaryimage\"},\"image\":{\"@id\":\"https:\\\/\\\/netzwerkrecherche.org\\\/nr26\\\/mediadaten\\\/#primaryimage\"},\"thumbnailUrl\":\"https:\\\/\\\/netzwerkrecherche.org\\\/nr26\\\/wp-content\\\/uploads\\\/sites\\\/25\\\/2026\\\/02\\\/20230616_091217_K1_Begruessung_nja_066.jpg\",\"datePublished\":\"2026-01-16T14:30:03+00:00\",\"dateModified\":\"2026-02-12T12:55:47+00:00\",\"description\":\"Macht Eure Organisation auf der Jahreskonferenz sichtbar \u2013 ob gedruckt, online oder direkt vor Ort. Unsere Mediadaten zur NR26.\",\"breadcrumb\":{\"@id\":\"https:\\\/\\\/netzwerkrecherche.org\\\/nr26\\\/mediadaten\\\/#breadcrumb\"},\"inLanguage\":\"de\",\"potentialAction\":[{\"@type\":\"ReadAction\",\"target\":[\"https:\\\/\\\/netzwerkrecherche.org\\\/nr26\\\/mediadaten\\\/\"]}]},{\"@type\":\"ImageObject\",\"inLanguage\":\"de\",\"@id\":\"https:\\\/\\\/netzwerkrecherche.org\\\/nr26\\\/mediadaten\\\/#primaryimage\",\"url\":\"https:\\\/\\\/netzwerkrecherche.org\\\/nr26\\\/wp-content\\\/uploads\\\/sites\\\/25\\\/2026\\\/02\\\/20230616_091217_K1_Begruessung_nja_066.jpg\",\"contentUrl\":\"https:\\\/\\\/netzwerkrecherche.org\\\/nr26\\\/wp-content\\\/uploads\\\/sites\\\/25\\\/2026\\\/02\\\/20230616_091217_K1_Begruessung_nja_066.jpg\",\"width\":1181,\"height\":787,\"caption\":\"Im Bild: Copyright: Nick Jaussi [Inhaltsveraendernde Manipulation des Fotos nur nach ausdruecklicher Genehmigung des Fotografen. Vereinbarungen ueber Abtretung von Persoenlichkeitsrechten\\\/Model Release der abgebildeten Person\\\/Personen liegen nicht vor. NO MODEL RELEASE! Nur fuer Redaktionelle Zwecke. Don't publish without copyright Nick Jaussi, Veroeffentlichung nur mit Fotografennennung, sowie gegen Honorar und Beleg.Konto: GLS Bank, IBAN: DE97430609671121253500, BIC: GENODEM1GLS, Kontakt: nick@jaussi.eu]\"},{\"@type\":\"BreadcrumbList\",\"@id\":\"https:\\\/\\\/netzwerkrecherche.org\\\/nr26\\\/mediadaten\\\/#breadcrumb\",\"itemListElement\":[{\"@type\":\"ListItem\",\"position\":1,\"name\":\"Startseite\",\"item\":\"https:\\\/\\\/netzwerkrecherche.org\\\/nr26\\\/\"},{\"@type\":\"ListItem\",\"position\":2,\"name\":\"Mediadaten\"}]},{\"@type\":\"WebSite\",\"@id\":\"https:\\\/\\\/netzwerkrecherche.org\\\/nr26\\\/#website\",\"url\":\"https:\\\/\\\/netzwerkrecherche.org\\\/nr26\\\/\",\"name\":\"NR26\",\"description\":\"Netzwerk Recherche Jahreskonferenz 2026\",\"publisher\":{\"@id\":\"https:\\\/\\\/netzwerkrecherche.org\\\/nr26\\\/#organization\"},\"potentialAction\":[{\"@type\":\"SearchAction\",\"target\":{\"@type\":\"EntryPoint\",\"urlTemplate\":\"https:\\\/\\\/netzwerkrecherche.org\\\/nr26\\\/?s={search_term_string}\"},\"query-input\":{\"@type\":\"PropertyValueSpecification\",\"valueRequired\":true,\"valueName\":\"search_term_string\"}}],\"inLanguage\":\"de\"},{\"@type\":\"Organization\",\"@id\":\"https:\\\/\\\/netzwerkrecherche.org\\\/nr26\\\/#organization\",\"name\":\"Netzwerk Recherche\",\"url\":\"https:\\\/\\\/netzwerkrecherche.org\\\/nr26\\\/\",\"logo\":{\"@type\":\"ImageObject\",\"inLanguage\":\"de\",\"@id\":\"https:\\\/\\\/netzwerkrecherche.org\\\/nr26\\\/#\\\/schema\\\/logo\\\/image\\\/\",\"url\":\"https:\\\/\\\/netzwerkrecherche.org\\\/nr26\\\/wp-content\\\/uploads\\\/sites\\\/25\\\/2025\\\/08\\\/NR-Logo.png\",\"contentUrl\":\"https:\\\/\\\/netzwerkrecherche.org\\\/nr26\\\/wp-content\\\/uploads\\\/sites\\\/25\\\/2025\\\/08\\\/NR-Logo.png\",\"width\":2084,\"height\":926,\"caption\":\"Netzwerk Recherche\"},\"image\":{\"@id\":\"https:\\\/\\\/netzwerkrecherche.org\\\/nr26\\\/#\\\/schema\\\/logo\\\/image\\\/\"}}]}<\/script>\n<!-- \/ Yoast SEO plugin. -->","yoast_head_json":{"title":"Mediadaten - NR26","description":"Macht Eure Organisation auf der Jahreskonferenz sichtbar \u2013 ob gedruckt, online oder direkt vor Ort. Unsere Mediadaten zur NR26.","robots":{"index":"index","follow":"follow","max-snippet":"max-snippet:-1","max-image-preview":"max-image-preview:large","max-video-preview":"max-video-preview:-1"},"canonical":"https:\/\/netzwerkrecherche.org\/nr26\/mediadaten\/","og_locale":"de_DE","og_type":"article","og_title":"Mediadaten - NR26","og_description":"Macht Eure Organisation auf der Jahreskonferenz sichtbar \u2013 ob gedruckt, online oder direkt vor Ort. Unsere Mediadaten zur NR26.","og_url":"https:\/\/netzwerkrecherche.org\/nr26\/mediadaten\/","og_site_name":"NR26","article_modified_time":"2026-02-12T12:55:47+00:00","og_image":[{"width":1181,"height":787,"url":"https:\/\/netzwerkrecherche.org\/nr26\/wp-content\/uploads\/sites\/25\/2026\/02\/20230616_091217_K1_Begruessung_nja_066.jpg","type":"image\/jpeg"}],"twitter_card":"summary_large_image","twitter_misc":{"Gesch\u00e4tzte Lesezeit":"4\u00a0Minuten"},"schema":{"@context":"https:\/\/schema.org","@graph":[{"@type":"WebPage","@id":"https:\/\/netzwerkrecherche.org\/nr26\/mediadaten\/","url":"https:\/\/netzwerkrecherche.org\/nr26\/mediadaten\/","name":"Mediadaten - NR26","isPartOf":{"@id":"https:\/\/netzwerkrecherche.org\/nr26\/#website"},"primaryImageOfPage":{"@id":"https:\/\/netzwerkrecherche.org\/nr26\/mediadaten\/#primaryimage"},"image":{"@id":"https:\/\/netzwerkrecherche.org\/nr26\/mediadaten\/#primaryimage"},"thumbnailUrl":"https:\/\/netzwerkrecherche.org\/nr26\/wp-content\/uploads\/sites\/25\/2026\/02\/20230616_091217_K1_Begruessung_nja_066.jpg","datePublished":"2026-01-16T14:30:03+00:00","dateModified":"2026-02-12T12:55:47+00:00","description":"Macht Eure Organisation auf der Jahreskonferenz sichtbar \u2013 ob gedruckt, online oder direkt vor Ort. Unsere Mediadaten zur NR26.","breadcrumb":{"@id":"https:\/\/netzwerkrecherche.org\/nr26\/mediadaten\/#breadcrumb"},"inLanguage":"de","potentialAction":[{"@type":"ReadAction","target":["https:\/\/netzwerkrecherche.org\/nr26\/mediadaten\/"]}]},{"@type":"ImageObject","inLanguage":"de","@id":"https:\/\/netzwerkrecherche.org\/nr26\/mediadaten\/#primaryimage","url":"https:\/\/netzwerkrecherche.org\/nr26\/wp-content\/uploads\/sites\/25\/2026\/02\/20230616_091217_K1_Begruessung_nja_066.jpg","contentUrl":"https:\/\/netzwerkrecherche.org\/nr26\/wp-content\/uploads\/sites\/25\/2026\/02\/20230616_091217_K1_Begruessung_nja_066.jpg","width":1181,"height":787,"caption":"Im Bild: Copyright: Nick Jaussi [Inhaltsveraendernde Manipulation des Fotos nur nach ausdruecklicher Genehmigung des Fotografen. Vereinbarungen ueber Abtretung von Persoenlichkeitsrechten\/Model Release der abgebildeten Person\/Personen liegen nicht vor. NO MODEL RELEASE! Nur fuer Redaktionelle Zwecke. Don't publish without copyright Nick Jaussi, Veroeffentlichung nur mit Fotografennennung, sowie gegen Honorar und Beleg.Konto: GLS Bank, IBAN: DE97430609671121253500, BIC: GENODEM1GLS, Kontakt: nick@jaussi.eu]"},{"@type":"BreadcrumbList","@id":"https:\/\/netzwerkrecherche.org\/nr26\/mediadaten\/#breadcrumb","itemListElement":[{"@type":"ListItem","position":1,"name":"Startseite","item":"https:\/\/netzwerkrecherche.org\/nr26\/"},{"@type":"ListItem","position":2,"name":"Mediadaten"}]},{"@type":"WebSite","@id":"https:\/\/netzwerkrecherche.org\/nr26\/#website","url":"https:\/\/netzwerkrecherche.org\/nr26\/","name":"NR26","description":"Netzwerk Recherche Jahreskonferenz 2026","publisher":{"@id":"https:\/\/netzwerkrecherche.org\/nr26\/#organization"},"potentialAction":[{"@type":"SearchAction","target":{"@type":"EntryPoint","urlTemplate":"https:\/\/netzwerkrecherche.org\/nr26\/?s={search_term_string}"},"query-input":{"@type":"PropertyValueSpecification","valueRequired":true,"valueName":"search_term_string"}}],"inLanguage":"de"},{"@type":"Organization","@id":"https:\/\/netzwerkrecherche.org\/nr26\/#organization","name":"Netzwerk Recherche","url":"https:\/\/netzwerkrecherche.org\/nr26\/","logo":{"@type":"ImageObject","inLanguage":"de","@id":"https:\/\/netzwerkrecherche.org\/nr26\/#\/schema\/logo\/image\/","url":"https:\/\/netzwerkrecherche.org\/nr26\/wp-content\/uploads\/sites\/25\/2025\/08\/NR-Logo.png","contentUrl":"https:\/\/netzwerkrecherche.org\/nr26\/wp-content\/uploads\/sites\/25\/2025\/08\/NR-Logo.png","width":2084,"height":926,"caption":"Netzwerk Recherche"},"image":{"@id":"https:\/\/netzwerkrecherche.org\/nr26\/#\/schema\/logo\/image\/"}}]}},"_links":{"self":[{"href":"https:\/\/netzwerkrecherche.org\/nr26\/wp-json\/wp\/v2\/pages\/38744","targetHints":{"allow":["GET"]}}],"collection":[{"href":"https:\/\/netzwerkrecherche.org\/nr26\/wp-json\/wp\/v2\/pages"}],"about":[{"href":"https:\/\/netzwerkrecherche.org\/nr26\/wp-json\/wp\/v2\/types\/page"}],"author":[{"embeddable":true,"href":"https:\/\/netzwerkrecherche.org\/nr26\/wp-json\/wp\/v2\/users\/52"}],"replies":[{"embeddable":true,"href":"https:\/\/netzwerkrecherche.org\/nr26\/wp-json\/wp\/v2\/comments?post=38744"}],"version-history":[{"count":22,"href":"https:\/\/netzwerkrecherche.org\/nr26\/wp-json\/wp\/v2\/pages\/38744\/revisions"}],"predecessor-version":[{"id":38875,"href":"https:\/\/netzwerkrecherche.org\/nr26\/wp-json\/wp\/v2\/pages\/38744\/revisions\/38875"}],"wp:attachment":[{"href":"https:\/\/netzwerkrecherche.org\/nr26\/wp-json\/wp\/v2\/media?parent=38744"}],"curies":[{"name":"wp","href":"https:\/\/api.w.org\/{rel}","templated":true}]}}