{"id":38791,"date":"2026-02-11T15:05:27","date_gmt":"2026-02-11T14:05:27","guid":{"rendered":"https:\/\/netzwerkrecherche.org\/nr26\/?page_id=38791"},"modified":"2026-03-27T15:38:03","modified_gmt":"2026-03-27T14:38:03","slug":"foerderer-und-partner","status":"publish","type":"page","link":"https:\/\/netzwerkrecherche.org\/nr26\/foerderer-und-partner\/","title":{"rendered":"F\u00f6rderer und Partner"},"content":{"rendered":"\n<h1>\n\t\t\tF\u00f6rderer und Partner der NR-Jahreskonferenz\t<\/h1>\n<figure itemscope itemtype=\"https:\/\/schema.org\/ImageObject\">\n\t\t\t\t<img decoding=\"async\" src=\"https:\/\/netzwerkrecherche.org\/nr26\/wp-content\/uploads\/sites\/25\/2026\/02\/BKM-Hamburg.svg\" alt=\"BKM Hamburg\" title=\"BKM Hamburg\" onerror=\"this.style.display='none'\" loading=\"lazy\" \/>\n\t<\/figure>\n<figure itemscope itemtype=\"https:\/\/schema.org\/ImageObject\">\n\t\t\t\t<img decoding=\"async\" src=\"https:\/\/netzwerkrecherche.org\/nr26\/wp-content\/uploads\/sites\/25\/2026\/02\/DER-SPIEGEL.svg\" alt=\"DER SPIEGEL\" title=\"DER SPIEGEL\" onerror=\"this.style.display='none'\" loading=\"lazy\" \/>\n\t<\/figure>\n\t\t\t\t\t<img decoding=\"async\" loading=\"lazy\" src=\"https:\/\/netzwerkrecherche.org\/nr26\/wp-content\/uploads\/sites\/25\/2026\/02\/NDR.svg\" alt=\"\" title=\"<? echo $image_subtitle; ?\/>&#8220; srcset=&#8220;&#8220; width=&#8220;0&#8243; height=&#8220;0&#8243;\/>\n\t<figure itemscope itemtype=\"https:\/\/schema.org\/ImageObject\">\n\t\t\t\t<img decoding=\"async\" src=\"https:\/\/netzwerkrecherche.org\/nr26\/wp-content\/uploads\/sites\/25\/2026\/02\/taz-panter.svg\" alt=\"taz panter\" title=\"taz panter\" onerror=\"this.style.display='none'\" loading=\"lazy\" \/>\n\t<\/figure>\n<figure itemscope itemtype=\"https:\/\/schema.org\/ImageObject\">\n\t\t\t\t<img decoding=\"async\" src=\"https:\/\/netzwerkrecherche.org\/nr26\/wp-content\/uploads\/sites\/25\/2026\/03\/Partner-und-Fo\u0308rderer-NR26-GLS-Treuhand.png\" alt=\"Partner und Fo\u0308rderer NR26 GLS Treuhand\" height=\"681\" width=\"1000\" title=\"Partner und Fo\u0308rderer NR26 GLS Treuhand\" onerror=\"this.style.display='none'\" loading=\"lazy\" \/>\n\t<\/figure>\n<figure itemscope itemtype=\"https:\/\/schema.org\/ImageObject\">\n\t\t\t\t<img decoding=\"async\" src=\"https:\/\/netzwerkrecherche.org\/nr26\/wp-content\/uploads\/sites\/25\/2026\/02\/Stiftung-Mercator.svg\" alt=\"Stiftung-Mercator\" title=\"Stiftung-Mercator\" onerror=\"this.style.display='none'\" loading=\"lazy\" \/>\n\t<\/figure>\n\t\t\t\t\t<img decoding=\"async\" loading=\"lazy\" src=\"https:\/\/netzwerkrecherche.org\/nr26\/wp-content\/uploads\/sites\/25\/2026\/02\/Sozialbeho\u0308rde-Hamburg.svg\" alt=\"\" title=\"<? echo $image_subtitle; ?\/>&#8220; srcset=&#8220;&#8220; width=&#8220;0&#8243; height=&#8220;0&#8243;\/>\n\t\t\t\t\t<img decoding=\"async\" loading=\"lazy\" src=\"https:\/\/netzwerkrecherche.org\/nr26\/wp-content\/uploads\/sites\/25\/2026\/02\/Bu\u0308rgerstiftung-Hamburg.svg\" alt=\"\" title=\"<? echo $image_subtitle; ?\/>&#8220; srcset=&#8220;&#8220; width=&#8220;0&#8243; height=&#8220;0&#8243;\/>\n\t\t\t\t\t<img decoding=\"async\" loading=\"lazy\" src=\"https:\/\/netzwerkrecherche.org\/nr26\/wp-content\/uploads\/sites\/25\/2026\/02\/Rudolf-Augstein-Stiftung.svg\" alt=\"\" title=\"<? echo $image_subtitle; ?\/>&#8220; srcset=&#8220;&#8220; width=&#8220;0&#8243; height=&#8220;0&#8243;\/>\n\t\t\t\t\t<img decoding=\"async\" loading=\"lazy\" src=\"https:\/\/netzwerkrecherche.org\/nr26\/wp-content\/uploads\/sites\/25\/2026\/02\/Arte.svg\" alt=\"\" title=\"<? echo $image_subtitle; ?\/>&#8220; srcset=&#8220;&#8220; width=&#8220;0&#8243; height=&#8220;0&#8243;\/>\n\t\t\t\t\t<img decoding=\"async\" loading=\"lazy\" src=\"https:\/\/netzwerkrecherche.org\/nr26\/wp-content\/uploads\/sites\/25\/2026\/02\/TIDE.svg\" alt=\"\" title=\"<? echo $image_subtitle; ?\/>&#8220; srcset=&#8220;&#8220; width=&#8220;0&#8243; height=&#8220;0&#8243;\/>\n\t\t\t\t\t<img decoding=\"async\" loading=\"lazy\" src=\"https:\/\/netzwerkrecherche.org\/nr26\/wp-content\/uploads\/sites\/25\/2026\/02\/RSF.svg\" alt=\"\" title=\"<? echo $image_subtitle; ?\/>&#8220; srcset=&#8220;&#8220; width=&#8220;0&#8243; height=&#8220;0&#8243;\/>\n\t\t\t\t\t<img decoding=\"async\" loading=\"lazy\" src=\"https:\/\/netzwerkrecherche.org\/nr26\/wp-content\/uploads\/sites\/25\/2026\/02\/Stiftung-Experimentelle-Biomedizin.svg\" alt=\"\" title=\"<? echo $image_subtitle; ?\/>&#8220; srcset=&#8220;&#8220; width=&#8220;0&#8243; height=&#8220;0&#8243;\/>\n\t<h2>\n\t\t\tMitglieder des NR-\u200bF\u00f6rderkuratoriums\t<\/h2>\n\t\t\t\t\t<img decoding=\"async\" loading=\"lazy\" src=\"https:\/\/netzwerkrecherche.org\/nr26\/wp-content\/uploads\/sites\/25\/2026\/03\/eco-documentaries_kurz_orange-grau-auf-transparent_ho\u0308herauflo\u0308send.png\" alt=\"\" title=\"<? echo $image_subtitle; ?\/>&#8220; srcset=&#8220;&#8220; width=&#8220;14999&#8243; height=&#8220;4769&#8243;\/>\n\t\t\t\t\t<img decoding=\"async\" loading=\"lazy\" src=\"https:\/\/netzwerkrecherche.org\/nr26\/wp-content\/uploads\/sites\/25\/2026\/02\/ARD-ZDF-Medienakademie.svg\" alt=\"\" title=\"<? echo $image_subtitle; ?\/>&#8220; srcset=&#8220;&#8220; width=&#8220;0&#8243; height=&#8220;0&#8243;\/>\n\t\t\t\t\t<img decoding=\"async\" loading=\"lazy\" src=\"https:\/\/netzwerkrecherche.org\/nr26\/wp-content\/uploads\/sites\/25\/2026\/02\/FNM.svg\" alt=\"\" title=\"<? echo $image_subtitle; ?\/>&#8220; srcset=&#8220;&#8220; width=&#8220;0&#8243; height=&#8220;0&#8243;\/>\n\t\t\t\t\t<img decoding=\"async\" loading=\"lazy\" src=\"https:\/\/netzwerkrecherche.org\/nr26\/wp-content\/uploads\/sites\/25\/2026\/03\/OBS_LOGO_RGB_LANDSCAPE_CLAIM_positive.png\" alt=\"\" title=\"<? echo $image_subtitle; ?\/>&#8220; srcset=&#8220;&#8220; width=&#8220;1067&#8243; height=&#8220;267&#8243;\/>\n\t\t\t\t\t<img decoding=\"async\" loading=\"lazy\" src=\"https:\/\/netzwerkrecherche.org\/nr26\/wp-content\/uploads\/sites\/25\/2026\/02\/HBS.svg\" alt=\"\" title=\"<? echo $image_subtitle; ?\/>&#8220; srcset=&#8220;&#8220; width=&#8220;0&#8243; height=&#8220;0&#8243;\/>\n\t<figure itemscope itemtype=\"https:\/\/schema.org\/ImageObject\">\n\t\t\t\t<img decoding=\"async\" src=\"https:\/\/netzwerkrecherche.org\/nr26\/wp-content\/uploads\/sites\/25\/2026\/02\/Scho\u0308pflin-Stiftung.svg\" alt=\"Scho\u0308pflin Stiftung\" title=\"Scho\u0308pflin Stiftung\" onerror=\"this.style.display='none'\" loading=\"lazy\" \/>\n\t<\/figure>\n\t\t\t\t\t<img decoding=\"async\" loading=\"lazy\" src=\"https:\/\/netzwerkrecherche.org\/nr26\/wp-content\/uploads\/sites\/25\/2026\/02\/Correctiv.svg\" alt=\"\" title=\"<? echo $image_subtitle; ?\/>&#8220; srcset=&#8220;&#8220; width=&#8220;0&#8243; height=&#8220;0&#8243;\/>\n\t\t\t\t\t<img decoding=\"async\" loading=\"lazy\" src=\"https:\/\/netzwerkrecherche.org\/nr26\/wp-content\/uploads\/sites\/25\/2026\/02\/SWR.svg\" alt=\"\" title=\"<? echo $image_subtitle; ?\/>&#8220; srcset=&#8220;&#8220; width=&#8220;0&#8243; height=&#8220;0&#8243;\/>\n\t\t\t\t\t<img decoding=\"async\" loading=\"lazy\" src=\"https:\/\/netzwerkrecherche.org\/nr26\/wp-content\/uploads\/sites\/25\/2026\/02\/North-Data.svg\" alt=\"\" title=\"<? echo $image_subtitle; ?\/>&#8220; srcset=&#8220;&#8220; width=&#8220;0&#8243; height=&#8220;0&#8243;\/>\n\t\t\t\t\t<img decoding=\"async\" loading=\"lazy\" src=\"https:\/\/netzwerkrecherche.org\/nr26\/wp-content\/uploads\/sites\/25\/2026\/02\/Munzinger.svg\" alt=\"\" title=\"<? echo $image_subtitle; ?\/>&#8220; srcset=&#8220;&#8220; width=&#8220;0&#8243; height=&#8220;0&#8243;\/>\n\t\t\t\t\t<img decoding=\"async\" loading=\"lazy\" src=\"https:\/\/netzwerkrecherche.org\/nr26\/wp-content\/uploads\/sites\/25\/2026\/02\/Umweltstiftung-Greenpeace.svg\" alt=\"\" title=\"<? echo $image_subtitle; ?\/>&#8220; srcset=&#8220;&#8220; width=&#8220;0&#8243; height=&#8220;0&#8243;\/>\n\t<figure itemscope itemtype=\"https:\/\/schema.org\/ImageObject\">\n\t\t\t\t<img decoding=\"async\" src=\"https:\/\/netzwerkrecherche.org\/nr26\/wp-content\/uploads\/sites\/25\/2026\/02\/SMC.svg\" alt=\"SMC\" title=\"SMC\" onerror=\"this.style.display='none'\" loading=\"lazy\" \/>\n\t<\/figure>\n<figure itemscope itemtype=\"https:\/\/schema.org\/ImageObject\">\n\t\t\t\t<img decoding=\"async\" src=\"https:\/\/netzwerkrecherche.org\/nr26\/wp-content\/uploads\/sites\/25\/2026\/02\/BJS.svg\" alt=\"BJS\" title=\"BJS\" onerror=\"this.style.display='none'\" loading=\"lazy\" \/>\n\t<\/figure>\n\t\t\t\t\t<img decoding=\"async\" loading=\"lazy\" src=\"https:\/\/netzwerkrecherche.org\/nr26\/wp-content\/uploads\/sites\/25\/2026\/02\/KTS.svg\" alt=\"\" title=\"<? echo $image_subtitle; ?\/>&#8220; srcset=&#8220;&#8220; width=&#8220;0&#8243; height=&#8220;0&#8243;\/>\n\t\t\t\t\t<img decoding=\"async\" loading=\"lazy\" src=\"https:\/\/netzwerkrecherche.org\/nr26\/wp-content\/uploads\/sites\/25\/2026\/02\/Ecosia.svg\" alt=\"\" title=\"<? echo $image_subtitle; ?\/>&#8220; srcset=&#8220;&#8220; width=&#8220;0&#8243; height=&#8220;0&#8243;\/>\n\t\t\t\t\t<img decoding=\"async\" loading=\"lazy\" src=\"https:\/\/netzwerkrecherche.org\/nr26\/wp-content\/uploads\/sites\/25\/2026\/02\/Open-Sanctions.svg\" alt=\"\" title=\"<? echo $image_subtitle; ?\/>&#8220; srcset=&#8220;&#8220; width=&#8220;0&#8243; height=&#8220;0&#8243;\/>\n\t\t\t\t\t<img decoding=\"async\" loading=\"lazy\" src=\"https:\/\/netzwerkrecherche.org\/nr26\/wp-content\/uploads\/sites\/25\/2026\/02\/Genios.svg\" alt=\"\" title=\"<? echo $image_subtitle; ?\/>&#8220; srcset=&#8220;&#8220; width=&#8220;0&#8243; height=&#8220;0&#8243;\/>\n\t<strong>Susanne K\u00f6hler<br \/>\n<\/strong>Grafikerin<br \/>\nVorstand Wahrheitsk\u00e4mpfer e.V.\n\t<p><strong>Dr. Manuel Schiffler<\/strong><\/p>\n\t<strong>Matthias Schrade<br \/>\n<\/strong>CEO DEFAMA AG\n\t<p><strong>Sandra Maischberger<\/strong><\/p>\n\n","protected":false},"excerpt":{"rendered":"<p>F\u00f6rderer und Partner der NR-Jahreskonferenz<\/p>\n","protected":false},"author":38,"featured_media":0,"parent":0,"menu_order":0,"comment_status":"closed","ping_status":"closed","template":"","meta":{"footnotes":""},"class_list":["post-38791","page","type-page","status-publish","hentry"],"yoast_head":"<!-- This site is optimized with the Yoast SEO plugin v27.3 - https:\/\/yoast.com\/product\/yoast-seo-wordpress\/ -->\n<title>F\u00f6rderer und Partner - NR26<\/title>\n<meta name=\"description\" content=\"Alle F\u00f6rderer und Partner der NR26 Jahreskonferenz im \u00dcberblick \u2013 Organisationen und Unternehmen, die die Konferenz unterst\u00fctzen.\" \/>\n<meta name=\"robots\" content=\"index, follow, max-snippet:-1, max-image-preview:large, max-video-preview:-1\" \/>\n<link rel=\"canonical\" href=\"https:\/\/netzwerkrecherche.org\/nr26\/foerderer-und-partner\/\" \/>\n<meta property=\"og:locale\" content=\"de_DE\" \/>\n<meta property=\"og:type\" content=\"article\" \/>\n<meta property=\"og:title\" content=\"F\u00f6rderer und Partner - NR26\" \/>\n<meta property=\"og:description\" content=\"Alle F\u00f6rderer und Partner der NR26 Jahreskonferenz im \u00dcberblick \u2013 Organisationen und Unternehmen, die die Konferenz unterst\u00fctzen.\" \/>\n<meta property=\"og:url\" content=\"https:\/\/netzwerkrecherche.org\/nr26\/foerderer-und-partner\/\" \/>\n<meta property=\"og:site_name\" content=\"NR26\" \/>\n<meta property=\"article:modified_time\" content=\"2026-03-27T14:38:03+00:00\" \/>\n<meta property=\"og:image\" content=\"https:\/\/netzwerkrecherche.org\/nr26\/wp-content\/uploads\/sites\/25\/2026\/02\/BKM-Hamburg.svg\" \/>\n<meta name=\"twitter:card\" content=\"summary_large_image\" \/>\n<meta name=\"twitter:label1\" content=\"Gesch\u00e4tzte Lesezeit\" \/>\n\t<meta name=\"twitter:data1\" content=\"7\u00a0Minuten\" \/>\n<script type=\"application\/ld+json\" class=\"yoast-schema-graph\">{\"@context\":\"https:\\\/\\\/schema.org\",\"@graph\":[{\"@type\":\"WebPage\",\"@id\":\"https:\\\/\\\/netzwerkrecherche.org\\\/nr26\\\/foerderer-und-partner\\\/\",\"url\":\"https:\\\/\\\/netzwerkrecherche.org\\\/nr26\\\/foerderer-und-partner\\\/\",\"name\":\"F\u00f6rderer und Partner - NR26\",\"isPartOf\":{\"@id\":\"https:\\\/\\\/netzwerkrecherche.org\\\/nr26\\\/#website\"},\"primaryImageOfPage\":{\"@id\":\"https:\\\/\\\/netzwerkrecherche.org\\\/nr26\\\/foerderer-und-partner\\\/#primaryimage\"},\"image\":{\"@id\":\"https:\\\/\\\/netzwerkrecherche.org\\\/nr26\\\/foerderer-und-partner\\\/#primaryimage\"},\"thumbnailUrl\":\"https:\\\/\\\/netzwerkrecherche.org\\\/nr26\\\/wp-content\\\/uploads\\\/sites\\\/25\\\/2026\\\/02\\\/BKM-Hamburg.svg\",\"datePublished\":\"2026-02-11T14:05:27+00:00\",\"dateModified\":\"2026-03-27T14:38:03+00:00\",\"description\":\"Alle F\u00f6rderer und Partner der NR26 Jahreskonferenz im \u00dcberblick \u2013 Organisationen und Unternehmen, die die Konferenz unterst\u00fctzen.\",\"breadcrumb\":{\"@id\":\"https:\\\/\\\/netzwerkrecherche.org\\\/nr26\\\/foerderer-und-partner\\\/#breadcrumb\"},\"inLanguage\":\"de\",\"potentialAction\":[{\"@type\":\"ReadAction\",\"target\":[\"https:\\\/\\\/netzwerkrecherche.org\\\/nr26\\\/foerderer-und-partner\\\/\"]}]},{\"@type\":\"ImageObject\",\"inLanguage\":\"de\",\"@id\":\"https:\\\/\\\/netzwerkrecherche.org\\\/nr26\\\/foerderer-und-partner\\\/#primaryimage\",\"url\":\"https:\\\/\\\/netzwerkrecherche.org\\\/nr26\\\/wp-content\\\/uploads\\\/sites\\\/25\\\/2026\\\/02\\\/BKM-Hamburg.svg\",\"contentUrl\":\"https:\\\/\\\/netzwerkrecherche.org\\\/nr26\\\/wp-content\\\/uploads\\\/sites\\\/25\\\/2026\\\/02\\\/BKM-Hamburg.svg\"},{\"@type\":\"BreadcrumbList\",\"@id\":\"https:\\\/\\\/netzwerkrecherche.org\\\/nr26\\\/foerderer-und-partner\\\/#breadcrumb\",\"itemListElement\":[{\"@type\":\"ListItem\",\"position\":1,\"name\":\"Startseite\",\"item\":\"https:\\\/\\\/netzwerkrecherche.org\\\/nr26\\\/\"},{\"@type\":\"ListItem\",\"position\":2,\"name\":\"F\u00f6rderer und Partner\"}]},{\"@type\":\"WebSite\",\"@id\":\"https:\\\/\\\/netzwerkrecherche.org\\\/nr26\\\/#website\",\"url\":\"https:\\\/\\\/netzwerkrecherche.org\\\/nr26\\\/\",\"name\":\"NR26\",\"description\":\"Netzwerk Recherche Jahreskonferenz 2026\",\"publisher\":{\"@id\":\"https:\\\/\\\/netzwerkrecherche.org\\\/nr26\\\/#organization\"},\"potentialAction\":[{\"@type\":\"SearchAction\",\"target\":{\"@type\":\"EntryPoint\",\"urlTemplate\":\"https:\\\/\\\/netzwerkrecherche.org\\\/nr26\\\/?s={search_term_string}\"},\"query-input\":{\"@type\":\"PropertyValueSpecification\",\"valueRequired\":true,\"valueName\":\"search_term_string\"}}],\"inLanguage\":\"de\"},{\"@type\":\"Organization\",\"@id\":\"https:\\\/\\\/netzwerkrecherche.org\\\/nr26\\\/#organization\",\"name\":\"Netzwerk Recherche\",\"url\":\"https:\\\/\\\/netzwerkrecherche.org\\\/nr26\\\/\",\"logo\":{\"@type\":\"ImageObject\",\"inLanguage\":\"de\",\"@id\":\"https:\\\/\\\/netzwerkrecherche.org\\\/nr26\\\/#\\\/schema\\\/logo\\\/image\\\/\",\"url\":\"https:\\\/\\\/netzwerkrecherche.org\\\/nr26\\\/wp-content\\\/uploads\\\/sites\\\/25\\\/2025\\\/08\\\/NR-Logo.png\",\"contentUrl\":\"https:\\\/\\\/netzwerkrecherche.org\\\/nr26\\\/wp-content\\\/uploads\\\/sites\\\/25\\\/2025\\\/08\\\/NR-Logo.png\",\"width\":2084,\"height\":926,\"caption\":\"Netzwerk Recherche\"},\"image\":{\"@id\":\"https:\\\/\\\/netzwerkrecherche.org\\\/nr26\\\/#\\\/schema\\\/logo\\\/image\\\/\"}}]}<\/script>\n<!-- \/ Yoast SEO plugin. -->","yoast_head_json":{"title":"F\u00f6rderer und Partner - NR26","description":"Alle F\u00f6rderer und Partner der NR26 Jahreskonferenz im \u00dcberblick \u2013 Organisationen und Unternehmen, die die Konferenz unterst\u00fctzen.","robots":{"index":"index","follow":"follow","max-snippet":"max-snippet:-1","max-image-preview":"max-image-preview:large","max-video-preview":"max-video-preview:-1"},"canonical":"https:\/\/netzwerkrecherche.org\/nr26\/foerderer-und-partner\/","og_locale":"de_DE","og_type":"article","og_title":"F\u00f6rderer und Partner - NR26","og_description":"Alle F\u00f6rderer und Partner der NR26 Jahreskonferenz im \u00dcberblick \u2013 Organisationen und Unternehmen, die die Konferenz unterst\u00fctzen.","og_url":"https:\/\/netzwerkrecherche.org\/nr26\/foerderer-und-partner\/","og_site_name":"NR26","article_modified_time":"2026-03-27T14:38:03+00:00","og_image":[{"url":"https:\/\/netzwerkrecherche.org\/nr26\/wp-content\/uploads\/sites\/25\/2026\/02\/BKM-Hamburg.svg","type":"","width":"","height":""}],"twitter_card":"summary_large_image","twitter_misc":{"Gesch\u00e4tzte Lesezeit":"7\u00a0Minuten"},"schema":{"@context":"https:\/\/schema.org","@graph":[{"@type":"WebPage","@id":"https:\/\/netzwerkrecherche.org\/nr26\/foerderer-und-partner\/","url":"https:\/\/netzwerkrecherche.org\/nr26\/foerderer-und-partner\/","name":"F\u00f6rderer und Partner - NR26","isPartOf":{"@id":"https:\/\/netzwerkrecherche.org\/nr26\/#website"},"primaryImageOfPage":{"@id":"https:\/\/netzwerkrecherche.org\/nr26\/foerderer-und-partner\/#primaryimage"},"image":{"@id":"https:\/\/netzwerkrecherche.org\/nr26\/foerderer-und-partner\/#primaryimage"},"thumbnailUrl":"https:\/\/netzwerkrecherche.org\/nr26\/wp-content\/uploads\/sites\/25\/2026\/02\/BKM-Hamburg.svg","datePublished":"2026-02-11T14:05:27+00:00","dateModified":"2026-03-27T14:38:03+00:00","description":"Alle F\u00f6rderer und Partner der NR26 Jahreskonferenz im \u00dcberblick \u2013 Organisationen und Unternehmen, die die Konferenz unterst\u00fctzen.","breadcrumb":{"@id":"https:\/\/netzwerkrecherche.org\/nr26\/foerderer-und-partner\/#breadcrumb"},"inLanguage":"de","potentialAction":[{"@type":"ReadAction","target":["https:\/\/netzwerkrecherche.org\/nr26\/foerderer-und-partner\/"]}]},{"@type":"ImageObject","inLanguage":"de","@id":"https:\/\/netzwerkrecherche.org\/nr26\/foerderer-und-partner\/#primaryimage","url":"https:\/\/netzwerkrecherche.org\/nr26\/wp-content\/uploads\/sites\/25\/2026\/02\/BKM-Hamburg.svg","contentUrl":"https:\/\/netzwerkrecherche.org\/nr26\/wp-content\/uploads\/sites\/25\/2026\/02\/BKM-Hamburg.svg"},{"@type":"BreadcrumbList","@id":"https:\/\/netzwerkrecherche.org\/nr26\/foerderer-und-partner\/#breadcrumb","itemListElement":[{"@type":"ListItem","position":1,"name":"Startseite","item":"https:\/\/netzwerkrecherche.org\/nr26\/"},{"@type":"ListItem","position":2,"name":"F\u00f6rderer und Partner"}]},{"@type":"WebSite","@id":"https:\/\/netzwerkrecherche.org\/nr26\/#website","url":"https:\/\/netzwerkrecherche.org\/nr26\/","name":"NR26","description":"Netzwerk Recherche Jahreskonferenz 2026","publisher":{"@id":"https:\/\/netzwerkrecherche.org\/nr26\/#organization"},"potentialAction":[{"@type":"SearchAction","target":{"@type":"EntryPoint","urlTemplate":"https:\/\/netzwerkrecherche.org\/nr26\/?s={search_term_string}"},"query-input":{"@type":"PropertyValueSpecification","valueRequired":true,"valueName":"search_term_string"}}],"inLanguage":"de"},{"@type":"Organization","@id":"https:\/\/netzwerkrecherche.org\/nr26\/#organization","name":"Netzwerk Recherche","url":"https:\/\/netzwerkrecherche.org\/nr26\/","logo":{"@type":"ImageObject","inLanguage":"de","@id":"https:\/\/netzwerkrecherche.org\/nr26\/#\/schema\/logo\/image\/","url":"https:\/\/netzwerkrecherche.org\/nr26\/wp-content\/uploads\/sites\/25\/2025\/08\/NR-Logo.png","contentUrl":"https:\/\/netzwerkrecherche.org\/nr26\/wp-content\/uploads\/sites\/25\/2025\/08\/NR-Logo.png","width":2084,"height":926,"caption":"Netzwerk Recherche"},"image":{"@id":"https:\/\/netzwerkrecherche.org\/nr26\/#\/schema\/logo\/image\/"}}]}},"_links":{"self":[{"href":"https:\/\/netzwerkrecherche.org\/nr26\/wp-json\/wp\/v2\/pages\/38791","targetHints":{"allow":["GET"]}}],"collection":[{"href":"https:\/\/netzwerkrecherche.org\/nr26\/wp-json\/wp\/v2\/pages"}],"about":[{"href":"https:\/\/netzwerkrecherche.org\/nr26\/wp-json\/wp\/v2\/types\/page"}],"author":[{"embeddable":true,"href":"https:\/\/netzwerkrecherche.org\/nr26\/wp-json\/wp\/v2\/users\/38"}],"replies":[{"embeddable":true,"href":"https:\/\/netzwerkrecherche.org\/nr26\/wp-json\/wp\/v2\/comments?post=38791"}],"version-history":[{"count":10,"href":"https:\/\/netzwerkrecherche.org\/nr26\/wp-json\/wp\/v2\/pages\/38791\/revisions"}],"predecessor-version":[{"id":38918,"href":"https:\/\/netzwerkrecherche.org\/nr26\/wp-json\/wp\/v2\/pages\/38791\/revisions\/38918"}],"wp:attachment":[{"href":"https:\/\/netzwerkrecherche.org\/nr26\/wp-json\/wp\/v2\/media?parent=38791"}],"curies":[{"name":"wp","href":"https:\/\/api.w.org\/{rel}","templated":true}]}}