{"id":38827,"date":"2026-02-11T15:18:29","date_gmt":"2026-02-11T14:18:29","guid":{"rendered":"https:\/\/netzwerkrecherche.org\/nr26\/?page_id=38827"},"modified":"2026-03-13T14:41:10","modified_gmt":"2026-03-13T13:41:10","slug":"tickets","status":"publish","type":"page","link":"https:\/\/netzwerkrecherche.org\/nr26\/tickets\/","title":{"rendered":"Tickets"},"content":{"rendered":"\n<p>Hier k\u00f6nnt Ihr Euer Ticket f\u00fcr die NR-Jahreskonferenz und die Geburtstagsparty zu 25 Jahren Netzwerk Recherche (<a href=\"#party\" type=\"internal\" id=\"#party\">weiter unten<\/a>) erwerben.<br \/><br \/>Wenn Ihr die M\u00f6glichkeit habt, sprecht gern mit Eurem Arbeitgeber \u00fcber ein Business-Ticket oder eine Kosten\u00fcbernahme als Weiterbildungsma\u00dfnahme. Damit tragt Ihr dazu bei, dass wir auch k\u00fcnftig m\u00f6glichst vielen Kolleg:innen eine kosteng\u00fcnstige Teilnahme an der Konferenz erm\u00f6glichen k\u00f6nnen. Mehr zur Finanzierung der Jahreskonferenz erkl\u00e4ren wir Euch <a href=\"https:\/\/netzwerkrecherche.org\/nr26\/finanzierung\/\" type=\"page\" id=\"38833\">hier<\/a>.<\/p>\n\n\n\n<h2 class=\"wp-block-heading\">Jahreskonferenz<\/h2>\n\n\n\n<p>Bei Fehlern oder Problemen in der Darstellung besucht gerne <a href=\"https:\/\/tickets.netzwerkrecherche.org\/nr26\/\">unseren Ticketshop<\/a>.<\/p>\n\n\n<noscript>\r\n\t<div class=\"pretix-widget-no-script\">\r\n        JavaScript is disabled in your browser. To access our ticket shop without JavaScript, please click <a target=\"_blank\" rel=\"noopener\" href=\"https:\/\/tickets.netzwerkrecherche.org\/nr26\/\">here<\/a>.\t<\/div>\r\n<\/noscript>\r\n<pretix-widget event=\"https:\/\/tickets.netzwerkrecherche.org\/nr26\/\" disable-vouchers disable-filters class=\"wp-block-pretix-widget\"><\/pretix-widget>\n\n\n<div style=\"height:70px\" aria-hidden=\"true\" class=\"wp-block-spacer\"><\/div>\n\n\n<div class=\"wp-block-image\">\n<figure class=\"aligncenter size-full is-resized\"><img loading=\"lazy\" decoding=\"async\" width=\"1888\" height=\"710\" src=\"https:\/\/netzwerkrecherche.org\/nr26\/wp-content\/uploads\/sites\/25\/2026\/03\/Logo-25-Jahre-NR-rgb_standard.png\" alt=\"\" class=\"wp-image-38902\" style=\"width:300px\"\/><\/figure>\n<\/div>\n\n\n<div style=\"height:70px\" aria-hidden=\"true\" class=\"wp-block-spacer\"><\/div>\n\n\n\n<h2 class=\"wp-block-heading\" id=\"party\">Geburtstagsparty 25 Jahre Netzwerk Recherche<\/h2>\n\n\n\n<p>Auf der Jahreskonferenz NR26 feiert Netzwerk Recherche auch seinen 25. Geburtstag. Hierf\u00fcr laden wir Euch, unsere Mitgliedern, Freund:innen und Weggef\u00e4hrt:innen, zu einer Party zum Abschluss des ersten Konferenztags ein \u2013 ab 20:00 Uhr im <a href=\"https:\/\/www.gruener-jaeger-stpauli.de\/\">Gr\u00fcnen J\u00e4ger<\/a>.<\/p>\n\n\n\n<p>Freut Euch auf einen besonderen Abend mit guter Musik, zwei Tanzfl\u00e4chen, einem Biergarten, leckeren Drinks und vielen Begegnungen. Sichert Euch jetzt Euer Ticket und seid dabei, wenn wir gemeinsam auf 25 Jahre Netzwerk Recherche ansto\u00dfen.<\/p>\n\n\n\n<p>Bei Fehlern oder Problemen in der Darstellung besucht gerne <a href=\"https:\/\/tickets.netzwerkrecherche.org\/25jahre\/\">unseren Ticketshop<\/a>.<\/p>\n\n\n<noscript>\r\n\t<div class=\"pretix-widget-no-script\">\r\n        JavaScript is disabled in your browser. To access our ticket shop without JavaScript, please click <a target=\"_blank\" rel=\"noopener\" href=\"https:\/\/tickets.netzwerkrecherche.org\/25jahre\/\">here<\/a>.\t<\/div>\r\n<\/noscript>\r\n<pretix-widget event=\"https:\/\/tickets.netzwerkrecherche.org\/25jahre\/\" class=\"wp-block-pretix-widget\"><\/pretix-widget>","protected":false},"excerpt":{"rendered":"<p>Hier k\u00f6nnt Ihr Euer Ticket f\u00fcr die NR-Jahreskonferenz und die Geburtstagsparty zu 25 Jahren Netzwerk Recherche (weiter unten) erwerben. Wenn Ihr die M\u00f6glichkeit habt, sprecht gern mit Eurem Arbeitgeber \u00fcber ein Business-Ticket oder eine Kosten\u00fcbernahme als Weiterbildungsma\u00dfnahme. Damit tragt Ihr dazu bei, dass wir auch k\u00fcnftig m\u00f6glichst vielen Kolleg:innen eine kosteng\u00fcnstige Teilnahme an der Konferenz [&hellip;]<\/p>\n","protected":false},"author":38,"featured_media":0,"parent":0,"menu_order":0,"comment_status":"closed","ping_status":"closed","template":"","meta":{"footnotes":""},"class_list":["post-38827","page","type-page","status-publish","hentry"],"yoast_head":"<!-- This site is optimized with the Yoast SEO plugin v27.3 - https:\/\/yoast.com\/product\/yoast-seo-wordpress\/ -->\n<title>Tickets - NR26<\/title>\n<meta name=\"description\" content=\"Holt Euch jetzt Euer Ticket f\u00fcr die Jahreskonferenz NR26 am 12. und 13. Juni 2026 und die NR-Geburtstagsparty am 12. Juni!\" \/>\n<meta name=\"robots\" content=\"index, follow, max-snippet:-1, max-image-preview:large, max-video-preview:-1\" \/>\n<link rel=\"canonical\" href=\"https:\/\/netzwerkrecherche.org\/nr26\/tickets\/\" \/>\n<meta property=\"og:locale\" content=\"de_DE\" \/>\n<meta property=\"og:type\" content=\"article\" \/>\n<meta property=\"og:title\" content=\"Tickets - NR26\" \/>\n<meta property=\"og:description\" content=\"Holt Euch jetzt Euer Ticket f\u00fcr die Jahreskonferenz NR26 am 12. und 13. Juni 2026 und die NR-Geburtstagsparty am 12. Juni!\" \/>\n<meta property=\"og:url\" content=\"https:\/\/netzwerkrecherche.org\/nr26\/tickets\/\" \/>\n<meta property=\"og:site_name\" content=\"NR26\" \/>\n<meta property=\"article:modified_time\" content=\"2026-03-13T13:41:10+00:00\" \/>\n<meta property=\"og:image\" content=\"https:\/\/netzwerkrecherche.org\/nr26\/wp-content\/uploads\/sites\/25\/2026\/03\/Logo-25-Jahre-NR-rgb_standard.png\" \/>\n\t<meta property=\"og:image:width\" content=\"1888\" \/>\n\t<meta property=\"og:image:height\" content=\"710\" \/>\n\t<meta property=\"og:image:type\" content=\"image\/png\" \/>\n<meta name=\"twitter:card\" content=\"summary_large_image\" \/>\n<meta name=\"twitter:label1\" content=\"Gesch\u00e4tzte Lesezeit\" \/>\n\t<meta name=\"twitter:data1\" content=\"2\u00a0Minuten\" \/>\n<script type=\"application\/ld+json\" class=\"yoast-schema-graph\">{\"@context\":\"https:\\\/\\\/schema.org\",\"@graph\":[{\"@type\":\"WebPage\",\"@id\":\"https:\\\/\\\/netzwerkrecherche.org\\\/nr26\\\/tickets\\\/\",\"url\":\"https:\\\/\\\/netzwerkrecherche.org\\\/nr26\\\/tickets\\\/\",\"name\":\"Tickets - NR26\",\"isPartOf\":{\"@id\":\"https:\\\/\\\/netzwerkrecherche.org\\\/nr26\\\/#website\"},\"primaryImageOfPage\":{\"@id\":\"https:\\\/\\\/netzwerkrecherche.org\\\/nr26\\\/tickets\\\/#primaryimage\"},\"image\":{\"@id\":\"https:\\\/\\\/netzwerkrecherche.org\\\/nr26\\\/tickets\\\/#primaryimage\"},\"thumbnailUrl\":\"https:\\\/\\\/netzwerkrecherche.org\\\/nr26\\\/wp-content\\\/uploads\\\/sites\\\/25\\\/2026\\\/03\\\/Logo-25-Jahre-NR-rgb_standard.png\",\"datePublished\":\"2026-02-11T14:18:29+00:00\",\"dateModified\":\"2026-03-13T13:41:10+00:00\",\"description\":\"Holt Euch jetzt Euer Ticket f\u00fcr die Jahreskonferenz NR26 am 12. und 13. Juni 2026 und die NR-Geburtstagsparty am 12. Juni!\",\"breadcrumb\":{\"@id\":\"https:\\\/\\\/netzwerkrecherche.org\\\/nr26\\\/tickets\\\/#breadcrumb\"},\"inLanguage\":\"de\",\"potentialAction\":[{\"@type\":\"ReadAction\",\"target\":[\"https:\\\/\\\/netzwerkrecherche.org\\\/nr26\\\/tickets\\\/\"]}]},{\"@type\":\"ImageObject\",\"inLanguage\":\"de\",\"@id\":\"https:\\\/\\\/netzwerkrecherche.org\\\/nr26\\\/tickets\\\/#primaryimage\",\"url\":\"https:\\\/\\\/netzwerkrecherche.org\\\/nr26\\\/wp-content\\\/uploads\\\/sites\\\/25\\\/2026\\\/03\\\/Logo-25-Jahre-NR-rgb_standard.png\",\"contentUrl\":\"https:\\\/\\\/netzwerkrecherche.org\\\/nr26\\\/wp-content\\\/uploads\\\/sites\\\/25\\\/2026\\\/03\\\/Logo-25-Jahre-NR-rgb_standard.png\",\"width\":1888,\"height\":710},{\"@type\":\"BreadcrumbList\",\"@id\":\"https:\\\/\\\/netzwerkrecherche.org\\\/nr26\\\/tickets\\\/#breadcrumb\",\"itemListElement\":[{\"@type\":\"ListItem\",\"position\":1,\"name\":\"Startseite\",\"item\":\"https:\\\/\\\/netzwerkrecherche.org\\\/nr26\\\/\"},{\"@type\":\"ListItem\",\"position\":2,\"name\":\"Tickets\"}]},{\"@type\":\"WebSite\",\"@id\":\"https:\\\/\\\/netzwerkrecherche.org\\\/nr26\\\/#website\",\"url\":\"https:\\\/\\\/netzwerkrecherche.org\\\/nr26\\\/\",\"name\":\"NR26\",\"description\":\"Netzwerk Recherche Jahreskonferenz 2026\",\"publisher\":{\"@id\":\"https:\\\/\\\/netzwerkrecherche.org\\\/nr26\\\/#organization\"},\"potentialAction\":[{\"@type\":\"SearchAction\",\"target\":{\"@type\":\"EntryPoint\",\"urlTemplate\":\"https:\\\/\\\/netzwerkrecherche.org\\\/nr26\\\/?s={search_term_string}\"},\"query-input\":{\"@type\":\"PropertyValueSpecification\",\"valueRequired\":true,\"valueName\":\"search_term_string\"}}],\"inLanguage\":\"de\"},{\"@type\":\"Organization\",\"@id\":\"https:\\\/\\\/netzwerkrecherche.org\\\/nr26\\\/#organization\",\"name\":\"Netzwerk Recherche\",\"url\":\"https:\\\/\\\/netzwerkrecherche.org\\\/nr26\\\/\",\"logo\":{\"@type\":\"ImageObject\",\"inLanguage\":\"de\",\"@id\":\"https:\\\/\\\/netzwerkrecherche.org\\\/nr26\\\/#\\\/schema\\\/logo\\\/image\\\/\",\"url\":\"https:\\\/\\\/netzwerkrecherche.org\\\/nr26\\\/wp-content\\\/uploads\\\/sites\\\/25\\\/2025\\\/08\\\/NR-Logo.png\",\"contentUrl\":\"https:\\\/\\\/netzwerkrecherche.org\\\/nr26\\\/wp-content\\\/uploads\\\/sites\\\/25\\\/2025\\\/08\\\/NR-Logo.png\",\"width\":2084,\"height\":926,\"caption\":\"Netzwerk Recherche\"},\"image\":{\"@id\":\"https:\\\/\\\/netzwerkrecherche.org\\\/nr26\\\/#\\\/schema\\\/logo\\\/image\\\/\"}}]}<\/script>\n<!-- \/ Yoast SEO plugin. -->","yoast_head_json":{"title":"Tickets - NR26","description":"Holt Euch jetzt Euer Ticket f\u00fcr die Jahreskonferenz NR26 am 12. und 13. Juni 2026 und die NR-Geburtstagsparty am 12. Juni!","robots":{"index":"index","follow":"follow","max-snippet":"max-snippet:-1","max-image-preview":"max-image-preview:large","max-video-preview":"max-video-preview:-1"},"canonical":"https:\/\/netzwerkrecherche.org\/nr26\/tickets\/","og_locale":"de_DE","og_type":"article","og_title":"Tickets - NR26","og_description":"Holt Euch jetzt Euer Ticket f\u00fcr die Jahreskonferenz NR26 am 12. und 13. Juni 2026 und die NR-Geburtstagsparty am 12. Juni!","og_url":"https:\/\/netzwerkrecherche.org\/nr26\/tickets\/","og_site_name":"NR26","article_modified_time":"2026-03-13T13:41:10+00:00","og_image":[{"width":1888,"height":710,"url":"https:\/\/netzwerkrecherche.org\/nr26\/wp-content\/uploads\/sites\/25\/2026\/03\/Logo-25-Jahre-NR-rgb_standard.png","type":"image\/png"}],"twitter_card":"summary_large_image","twitter_misc":{"Gesch\u00e4tzte Lesezeit":"2\u00a0Minuten"},"schema":{"@context":"https:\/\/schema.org","@graph":[{"@type":"WebPage","@id":"https:\/\/netzwerkrecherche.org\/nr26\/tickets\/","url":"https:\/\/netzwerkrecherche.org\/nr26\/tickets\/","name":"Tickets - NR26","isPartOf":{"@id":"https:\/\/netzwerkrecherche.org\/nr26\/#website"},"primaryImageOfPage":{"@id":"https:\/\/netzwerkrecherche.org\/nr26\/tickets\/#primaryimage"},"image":{"@id":"https:\/\/netzwerkrecherche.org\/nr26\/tickets\/#primaryimage"},"thumbnailUrl":"https:\/\/netzwerkrecherche.org\/nr26\/wp-content\/uploads\/sites\/25\/2026\/03\/Logo-25-Jahre-NR-rgb_standard.png","datePublished":"2026-02-11T14:18:29+00:00","dateModified":"2026-03-13T13:41:10+00:00","description":"Holt Euch jetzt Euer Ticket f\u00fcr die Jahreskonferenz NR26 am 12. und 13. Juni 2026 und die NR-Geburtstagsparty am 12. Juni!","breadcrumb":{"@id":"https:\/\/netzwerkrecherche.org\/nr26\/tickets\/#breadcrumb"},"inLanguage":"de","potentialAction":[{"@type":"ReadAction","target":["https:\/\/netzwerkrecherche.org\/nr26\/tickets\/"]}]},{"@type":"ImageObject","inLanguage":"de","@id":"https:\/\/netzwerkrecherche.org\/nr26\/tickets\/#primaryimage","url":"https:\/\/netzwerkrecherche.org\/nr26\/wp-content\/uploads\/sites\/25\/2026\/03\/Logo-25-Jahre-NR-rgb_standard.png","contentUrl":"https:\/\/netzwerkrecherche.org\/nr26\/wp-content\/uploads\/sites\/25\/2026\/03\/Logo-25-Jahre-NR-rgb_standard.png","width":1888,"height":710},{"@type":"BreadcrumbList","@id":"https:\/\/netzwerkrecherche.org\/nr26\/tickets\/#breadcrumb","itemListElement":[{"@type":"ListItem","position":1,"name":"Startseite","item":"https:\/\/netzwerkrecherche.org\/nr26\/"},{"@type":"ListItem","position":2,"name":"Tickets"}]},{"@type":"WebSite","@id":"https:\/\/netzwerkrecherche.org\/nr26\/#website","url":"https:\/\/netzwerkrecherche.org\/nr26\/","name":"NR26","description":"Netzwerk Recherche Jahreskonferenz 2026","publisher":{"@id":"https:\/\/netzwerkrecherche.org\/nr26\/#organization"},"potentialAction":[{"@type":"SearchAction","target":{"@type":"EntryPoint","urlTemplate":"https:\/\/netzwerkrecherche.org\/nr26\/?s={search_term_string}"},"query-input":{"@type":"PropertyValueSpecification","valueRequired":true,"valueName":"search_term_string"}}],"inLanguage":"de"},{"@type":"Organization","@id":"https:\/\/netzwerkrecherche.org\/nr26\/#organization","name":"Netzwerk Recherche","url":"https:\/\/netzwerkrecherche.org\/nr26\/","logo":{"@type":"ImageObject","inLanguage":"de","@id":"https:\/\/netzwerkrecherche.org\/nr26\/#\/schema\/logo\/image\/","url":"https:\/\/netzwerkrecherche.org\/nr26\/wp-content\/uploads\/sites\/25\/2025\/08\/NR-Logo.png","contentUrl":"https:\/\/netzwerkrecherche.org\/nr26\/wp-content\/uploads\/sites\/25\/2025\/08\/NR-Logo.png","width":2084,"height":926,"caption":"Netzwerk Recherche"},"image":{"@id":"https:\/\/netzwerkrecherche.org\/nr26\/#\/schema\/logo\/image\/"}}]}},"_links":{"self":[{"href":"https:\/\/netzwerkrecherche.org\/nr26\/wp-json\/wp\/v2\/pages\/38827","targetHints":{"allow":["GET"]}}],"collection":[{"href":"https:\/\/netzwerkrecherche.org\/nr26\/wp-json\/wp\/v2\/pages"}],"about":[{"href":"https:\/\/netzwerkrecherche.org\/nr26\/wp-json\/wp\/v2\/types\/page"}],"author":[{"embeddable":true,"href":"https:\/\/netzwerkrecherche.org\/nr26\/wp-json\/wp\/v2\/users\/38"}],"replies":[{"embeddable":true,"href":"https:\/\/netzwerkrecherche.org\/nr26\/wp-json\/wp\/v2\/comments?post=38827"}],"version-history":[{"count":7,"href":"https:\/\/netzwerkrecherche.org\/nr26\/wp-json\/wp\/v2\/pages\/38827\/revisions"}],"predecessor-version":[{"id":38906,"href":"https:\/\/netzwerkrecherche.org\/nr26\/wp-json\/wp\/v2\/pages\/38827\/revisions\/38906"}],"wp:attachment":[{"href":"https:\/\/netzwerkrecherche.org\/nr26\/wp-json\/wp\/v2\/media?parent=38827"}],"curies":[{"name":"wp","href":"https:\/\/api.w.org\/{rel}","templated":true}]}}